{"id":194452,"date":"2023-02-21T13:19:12","date_gmt":"2023-02-21T12:19:12","guid":{"rendered":"https:\/\/najnaj.eu\/proizvod\/organizator-za-gozdne-vozicke-lassig-cas-bag-blobs\/"},"modified":"2025-02-06T12:15:02","modified_gmt":"2025-02-06T11:15:02","slug":"organizator-za-gozdne-vozicke-lassig-cas-bag-blobs","status":"publish","type":"product","link":"https:\/\/najnaj.eu\/sl\/izdelek\/organizator-za-gozdne-vozicke-lassig-cas-bag-blobs\/","title":{"rendered":"Organizator za gozdne vozi\u010dke L\u00e4ssig CAS Bag Blobs"},"content":{"rendered":"<p>Moderna, funkcionalna in kompaktna prakti\u010dna torba iz kolekcije L\u00c4SSIG Casual je hkrati torba za \u010dez ramo in torba za vozi\u010dek. Je vsestransko uporaben in se idealno prilagaja vsakodnevnemu \u017eivljenju z dojen\u010dkom in otrokom. Kot organizator za vozi\u010dek, naramnica ali torba za \u010dez telo je popoln pripomo\u010dek za aktivne star\u0161e, ki radi vzamejo in nosijo svojega otroka. Zahvaljujo\u010d nastavljivemu traku z zaponko lahko torbo preprosto preoblikujete glede na prilo\u017enost ali okoli\u0161\u010dine. Hitro in priro\u010dno ga lahko pritrdite na vozi\u010dek s pomo\u010djo prilo\u017eenih kavljev. Torej, ko ste zunaj, lahko preprosto zamenjate njegovo funkcijo med otro\u0161kim vozi\u010dkom in torbo za \u010dez ramo. Velik glavni predal je opremljen s \u0161tevilnimi domiselno oblikovanimi predelki za shranjevanje in ga je mogo\u010de varno zapreti z zadrgo. Na sprednji strani torbe je dodaten predal s sponko, ki omogo\u010da hiter in enostaven dostop do najpomembnej\u0161ih stvari. Skrbno oblikovana notranjost, nastavki za vozi\u010dek in vsestranske mo\u017enosti no\u0161enja naredijo to torbo prakti\u010den in vsestranski izdelek.<\/p>\n","protected":false},"excerpt":{"rendered":"<p>Vsestranska torba iz kolekcije L\u00c4SSIG Casual deluje kot naramna torba, torba za otro\u0161ki vozi\u010dek ali \u010dez telo, zaradi \u010desar je idealna izbira za aktivne star\u0161e, ki radi pograbijo svoje najnujnej\u0161e stvari.<\/p>\n","protected":false},"featured_media":157166,"comment_status":"open","ping_status":"closed","template":"","meta":{"_acf_changed":false,"footnotes":""},"product_brand":[],"product_cat":[1152,1406,1349,1409],"product_tag":[],"class_list":{"0":"post-194452","1":"product","2":"type-product","3":"status-publish","4":"has-post-thumbnail","6":"product_cat-dodaci-za-kolica-sl","7":"product_cat-moda-sl","8":"product_cat-organizatorji","9":"product_cat-torbe-nahrbtniki-za-vozicke","10":"pa_boja-siva-sl","11":"pa_boja-zelena-sl","12":"pa_brand-lassig-sl","14":"first","15":"instock","16":"sale","17":"purchasable","18":"product-type-simple"},"bundled_by":[],"bundle_stock_status":"instock","bundle_stock_quantity":4,"bundle_virtual":false,"bundle_layout":"","bundle_add_to_cart_form_location":"","bundle_editable_in_cart":false,"bundle_sold_individually_context":"","bundle_item_grouping":"","bundle_min_size":"","bundle_max_size":"","bundle_price":[],"bundled_items":[],"bundle_sell_ids":[],"acf":[],"yoast_head":"<!-- This site is optimized with the Yoast SEO Premium plugin v21.5 (Yoast SEO v27.3) - https:\/\/yoast.com\/product\/yoast-seo-premium-wordpress\/ -->\n<title>Organizator za gozdne vozi\u010dke L\u00e4ssig CAS Bag Blobs - NajNaj.eu<\/title>\n<meta name=\"robots\" content=\"index, follow, max-snippet:-1, max-image-preview:large, max-video-preview:-1\" \/>\n<link rel=\"canonical\" href=\"https:\/\/najnaj.eu\/sl\/izdelek\/organizator-za-gozdne-vozicke-lassig-cas-bag-blobs\/\" \/>\n<meta property=\"og:locale\" content=\"sl_SI\" \/>\n<meta property=\"og:type\" content=\"article\" \/>\n<meta property=\"og:title\" content=\"Organizator za gozdne vozi\u010dke L\u00e4ssig CAS Bag Blobs\" \/>\n<meta property=\"og:description\" content=\"Vsestranska torba iz kolekcije L\u00c4SSIG Casual deluje kot naramna torba, torba za otro\u0161ki vozi\u010dek ali \u010dez telo, zaradi \u010desar je idealna izbira za aktivne star\u0161e, ki radi pograbijo svoje najnujnej\u0161e stvari.\" \/>\n<meta property=\"og:url\" content=\"https:\/\/najnaj.eu\/sl\/izdelek\/organizator-za-gozdne-vozicke-lassig-cas-bag-blobs\/\" \/>\n<meta property=\"og:site_name\" content=\"NajNaj.eu\" \/>\n<meta property=\"article:publisher\" content=\"https:\/\/web.facebook.com\/najnaj.eu\/\" \/>\n<meta property=\"article:modified_time\" content=\"2025-02-06T11:15:02+00:00\" \/>\n<meta property=\"og:image\" content=\"https:\/\/najnaj.eu\/wp-content\/uploads\/2023\/08\/1107002578_1U5YkVIydnpcNf_600x600.jpg\" \/>\n\t<meta property=\"og:image:width\" content=\"600\" \/>\n\t<meta property=\"og:image:height\" content=\"600\" \/>\n\t<meta property=\"og:image:type\" content=\"image\/jpeg\" \/>\n<meta name=\"twitter:card\" content=\"summary_large_image\" \/>\n<meta name=\"twitter:label1\" content=\"Price\" \/>\n\t<meta name=\"twitter:data1\" content=\"32,95&nbsp;&euro;\" \/>\n\t<meta name=\"twitter:label2\" content=\"Availability\" \/>\n\t<meta name=\"twitter:data2\" content=\"In stock\" \/>\n<script type=\"application\/ld+json\" class=\"yoast-schema-graph\">{\"@context\":\"https:\\\/\\\/schema.org\",\"@graph\":[{\"@type\":\"WebPage\",\"@id\":\"https:\\\/\\\/najnaj.eu\\\/sl\\\/izdelek\\\/organizator-za-gozdne-vozicke-lassig-cas-bag-blobs\\\/\",\"url\":\"https:\\\/\\\/najnaj.eu\\\/sl\\\/izdelek\\\/organizator-za-gozdne-vozicke-lassig-cas-bag-blobs\\\/\",\"name\":\"Organizator za gozdne vozi\u010dke L\u00e4ssig CAS Bag Blobs - NajNaj.eu\",\"isPartOf\":{\"@id\":\"https:\\\/\\\/najnaj.eu\\\/sl\\\/#website\"},\"primaryImageOfPage\":{\"@id\":\"https:\\\/\\\/najnaj.eu\\\/sl\\\/izdelek\\\/organizator-za-gozdne-vozicke-lassig-cas-bag-blobs\\\/#primaryimage\"},\"image\":{\"@id\":\"https:\\\/\\\/najnaj.eu\\\/sl\\\/izdelek\\\/organizator-za-gozdne-vozicke-lassig-cas-bag-blobs\\\/#primaryimage\"},\"thumbnailUrl\":\"https:\\\/\\\/najnaj.eu\\\/wp-content\\\/uploads\\\/2023\\\/08\\\/1107002578_1U5YkVIydnpcNf_600x600.jpg\",\"datePublished\":\"2023-02-21T12:19:12+00:00\",\"dateModified\":\"2025-02-06T11:15:02+00:00\",\"breadcrumb\":{\"@id\":\"https:\\\/\\\/najnaj.eu\\\/sl\\\/izdelek\\\/organizator-za-gozdne-vozicke-lassig-cas-bag-blobs\\\/#breadcrumb\"},\"inLanguage\":\"sl-SI\",\"potentialAction\":[{\"@type\":\"ReadAction\",\"target\":[\"https:\\\/\\\/najnaj.eu\\\/sl\\\/izdelek\\\/organizator-za-gozdne-vozicke-lassig-cas-bag-blobs\\\/\"]}]},{\"@type\":\"ImageObject\",\"inLanguage\":\"sl-SI\",\"@id\":\"https:\\\/\\\/najnaj.eu\\\/sl\\\/izdelek\\\/organizator-za-gozdne-vozicke-lassig-cas-bag-blobs\\\/#primaryimage\",\"url\":\"https:\\\/\\\/najnaj.eu\\\/wp-content\\\/uploads\\\/2023\\\/08\\\/1107002578_1U5YkVIydnpcNf_600x600.jpg\",\"contentUrl\":\"https:\\\/\\\/najnaj.eu\\\/wp-content\\\/uploads\\\/2023\\\/08\\\/1107002578_1U5YkVIydnpcNf_600x600.jpg\",\"width\":600,\"height\":600},{\"@type\":\"BreadcrumbList\",\"@id\":\"https:\\\/\\\/najnaj.eu\\\/sl\\\/izdelek\\\/organizator-za-gozdne-vozicke-lassig-cas-bag-blobs\\\/#breadcrumb\",\"itemListElement\":[{\"@type\":\"ListItem\",\"position\":1,\"name\":\"Po\u010detna stranica\",\"item\":\"https:\\\/\\\/najnaj.eu\\\/sl\\\/prednja-stran\\\/\"},{\"@type\":\"ListItem\",\"position\":2,\"name\":\"Shop\",\"item\":\"https:\\\/\\\/najnaj.eu\\\/sl\\\/shop\\\/\"},{\"@type\":\"ListItem\",\"position\":3,\"name\":\"Organizator za gozdne vozi\u010dke L\u00e4ssig CAS Bag Blobs\"}]},{\"@type\":\"WebSite\",\"@id\":\"https:\\\/\\\/najnaj.eu\\\/sl\\\/#website\",\"url\":\"https:\\\/\\\/najnaj.eu\\\/sl\\\/\",\"name\":\"NajNaj.eu\",\"description\":\"Za najva\u017enije!\",\"publisher\":{\"@id\":\"https:\\\/\\\/najnaj.eu\\\/sl\\\/#organization\"},\"potentialAction\":[{\"@type\":\"SearchAction\",\"target\":{\"@type\":\"EntryPoint\",\"urlTemplate\":\"https:\\\/\\\/najnaj.eu\\\/sl\\\/?s={search_term_string}\"},\"query-input\":{\"@type\":\"PropertyValueSpecification\",\"valueRequired\":true,\"valueName\":\"search_term_string\"}}],\"inLanguage\":\"sl-SI\"},{\"@type\":\"Organization\",\"@id\":\"https:\\\/\\\/najnaj.eu\\\/sl\\\/#organization\",\"name\":\"NajNaj.eu\",\"url\":\"https:\\\/\\\/najnaj.eu\\\/sl\\\/\",\"logo\":{\"@type\":\"ImageObject\",\"inLanguage\":\"sl-SI\",\"@id\":\"https:\\\/\\\/najnaj.eu\\\/sl\\\/#\\\/schema\\\/logo\\\/image\\\/\",\"url\":\"https:\\\/\\\/najnaj.eu\\\/wp-content\\\/uploads\\\/2023\\\/09\\\/logo_Najnaj_2023.svg\",\"contentUrl\":\"https:\\\/\\\/najnaj.eu\\\/wp-content\\\/uploads\\\/2023\\\/09\\\/logo_Najnaj_2023.svg\",\"width\":501,\"height\":278,\"caption\":\"NajNaj.eu\"},\"image\":{\"@id\":\"https:\\\/\\\/najnaj.eu\\\/sl\\\/#\\\/schema\\\/logo\\\/image\\\/\"},\"sameAs\":[\"https:\\\/\\\/web.facebook.com\\\/najnaj.eu\\\/\",\"https:\\\/\\\/www.instagram.com\\\/najnaj.eu\\\/\",\"https:\\\/\\\/www.tiktok.com\\\/@najnaj.eu\"]}]}<\/script>\n<meta property=\"product:brand\" content=\"L\u00e4ssig\" \/>\n<meta property=\"product:price:amount\" content=\"32.95\" \/>\n<meta property=\"product:price:currency\" content=\"EUR\" \/>\n<meta property=\"og:availability\" content=\"instock\" \/>\n<meta property=\"product:availability\" content=\"instock\" \/>\n<meta property=\"product:retailer_item_id\" content=\"1107002578\" \/>\n<meta property=\"product:condition\" content=\"new\" \/>\n<!-- \/ Yoast SEO Premium plugin. -->","yoast_head_json":{"title":"Organizator za gozdne vozi\u010dke L\u00e4ssig CAS Bag Blobs - NajNaj.eu","robots":{"index":"index","follow":"follow","max-snippet":"max-snippet:-1","max-image-preview":"max-image-preview:large","max-video-preview":"max-video-preview:-1"},"canonical":"https:\/\/najnaj.eu\/sl\/izdelek\/organizator-za-gozdne-vozicke-lassig-cas-bag-blobs\/","og_locale":"sl_SI","og_type":"article","og_title":"Organizator za gozdne vozi\u010dke L\u00e4ssig CAS Bag Blobs","og_description":"Vsestranska torba iz kolekcije L\u00c4SSIG Casual deluje kot naramna torba, torba za otro\u0161ki vozi\u010dek ali \u010dez telo, zaradi \u010desar je idealna izbira za aktivne star\u0161e, ki radi pograbijo svoje najnujnej\u0161e stvari.","og_url":"https:\/\/najnaj.eu\/sl\/izdelek\/organizator-za-gozdne-vozicke-lassig-cas-bag-blobs\/","og_site_name":"NajNaj.eu","article_publisher":"https:\/\/web.facebook.com\/najnaj.eu\/","article_modified_time":"2025-02-06T11:15:02+00:00","og_image":[{"width":600,"height":600,"url":"https:\/\/najnaj.eu\/wp-content\/uploads\/2023\/08\/1107002578_1U5YkVIydnpcNf_600x600.jpg","type":"image\/jpeg"}],"twitter_card":"summary_large_image","twitter_misc":{"Price":"32,95&nbsp;&euro;","Availability":"In stock"},"schema":{"@context":"https:\/\/schema.org","@graph":[{"@type":"WebPage","@id":"https:\/\/najnaj.eu\/sl\/izdelek\/organizator-za-gozdne-vozicke-lassig-cas-bag-blobs\/","url":"https:\/\/najnaj.eu\/sl\/izdelek\/organizator-za-gozdne-vozicke-lassig-cas-bag-blobs\/","name":"Organizator za gozdne vozi\u010dke L\u00e4ssig CAS Bag Blobs - NajNaj.eu","isPartOf":{"@id":"https:\/\/najnaj.eu\/sl\/#website"},"primaryImageOfPage":{"@id":"https:\/\/najnaj.eu\/sl\/izdelek\/organizator-za-gozdne-vozicke-lassig-cas-bag-blobs\/#primaryimage"},"image":{"@id":"https:\/\/najnaj.eu\/sl\/izdelek\/organizator-za-gozdne-vozicke-lassig-cas-bag-blobs\/#primaryimage"},"thumbnailUrl":"https:\/\/najnaj.eu\/wp-content\/uploads\/2023\/08\/1107002578_1U5YkVIydnpcNf_600x600.jpg","datePublished":"2023-02-21T12:19:12+00:00","dateModified":"2025-02-06T11:15:02+00:00","breadcrumb":{"@id":"https:\/\/najnaj.eu\/sl\/izdelek\/organizator-za-gozdne-vozicke-lassig-cas-bag-blobs\/#breadcrumb"},"inLanguage":"sl-SI","potentialAction":[{"@type":"ReadAction","target":["https:\/\/najnaj.eu\/sl\/izdelek\/organizator-za-gozdne-vozicke-lassig-cas-bag-blobs\/"]}]},{"@type":"ImageObject","inLanguage":"sl-SI","@id":"https:\/\/najnaj.eu\/sl\/izdelek\/organizator-za-gozdne-vozicke-lassig-cas-bag-blobs\/#primaryimage","url":"https:\/\/najnaj.eu\/wp-content\/uploads\/2023\/08\/1107002578_1U5YkVIydnpcNf_600x600.jpg","contentUrl":"https:\/\/najnaj.eu\/wp-content\/uploads\/2023\/08\/1107002578_1U5YkVIydnpcNf_600x600.jpg","width":600,"height":600},{"@type":"BreadcrumbList","@id":"https:\/\/najnaj.eu\/sl\/izdelek\/organizator-za-gozdne-vozicke-lassig-cas-bag-blobs\/#breadcrumb","itemListElement":[{"@type":"ListItem","position":1,"name":"Po\u010detna stranica","item":"https:\/\/najnaj.eu\/sl\/prednja-stran\/"},{"@type":"ListItem","position":2,"name":"Shop","item":"https:\/\/najnaj.eu\/sl\/shop\/"},{"@type":"ListItem","position":3,"name":"Organizator za gozdne vozi\u010dke L\u00e4ssig CAS Bag Blobs"}]},{"@type":"WebSite","@id":"https:\/\/najnaj.eu\/sl\/#website","url":"https:\/\/najnaj.eu\/sl\/","name":"NajNaj.eu","description":"Za najva\u017enije!","publisher":{"@id":"https:\/\/najnaj.eu\/sl\/#organization"},"potentialAction":[{"@type":"SearchAction","target":{"@type":"EntryPoint","urlTemplate":"https:\/\/najnaj.eu\/sl\/?s={search_term_string}"},"query-input":{"@type":"PropertyValueSpecification","valueRequired":true,"valueName":"search_term_string"}}],"inLanguage":"sl-SI"},{"@type":"Organization","@id":"https:\/\/najnaj.eu\/sl\/#organization","name":"NajNaj.eu","url":"https:\/\/najnaj.eu\/sl\/","logo":{"@type":"ImageObject","inLanguage":"sl-SI","@id":"https:\/\/najnaj.eu\/sl\/#\/schema\/logo\/image\/","url":"https:\/\/najnaj.eu\/wp-content\/uploads\/2023\/09\/logo_Najnaj_2023.svg","contentUrl":"https:\/\/najnaj.eu\/wp-content\/uploads\/2023\/09\/logo_Najnaj_2023.svg","width":501,"height":278,"caption":"NajNaj.eu"},"image":{"@id":"https:\/\/najnaj.eu\/sl\/#\/schema\/logo\/image\/"},"sameAs":["https:\/\/web.facebook.com\/najnaj.eu\/","https:\/\/www.instagram.com\/najnaj.eu\/","https:\/\/www.tiktok.com\/@najnaj.eu"]}]},"product_brand":"L\u00e4ssig","product_price_amount":"32.95","product_price_currency":"EUR","og_availability":"instock","product_availability":"instock","product_retailer_item_id":"1107002578","product_condition":"new"},"_links":{"self":[{"href":"https:\/\/najnaj.eu\/sl\/wp-json\/wp\/v2\/product\/194452","targetHints":{"allow":["GET"]}}],"collection":[{"href":"https:\/\/najnaj.eu\/sl\/wp-json\/wp\/v2\/product"}],"about":[{"href":"https:\/\/najnaj.eu\/sl\/wp-json\/wp\/v2\/types\/product"}],"replies":[{"embeddable":true,"href":"https:\/\/najnaj.eu\/sl\/wp-json\/wp\/v2\/comments?post=194452"}],"version-history":[{"count":0,"href":"https:\/\/najnaj.eu\/sl\/wp-json\/wp\/v2\/product\/194452\/revisions"}],"wp:featuredmedia":[{"embeddable":true,"href":"https:\/\/najnaj.eu\/sl\/wp-json\/wp\/v2\/media\/157166"}],"wp:attachment":[{"href":"https:\/\/najnaj.eu\/sl\/wp-json\/wp\/v2\/media?parent=194452"}],"wp:term":[{"taxonomy":"product_brand","embeddable":true,"href":"https:\/\/najnaj.eu\/sl\/wp-json\/wp\/v2\/product_brand?post=194452"},{"taxonomy":"product_cat","embeddable":true,"href":"https:\/\/najnaj.eu\/sl\/wp-json\/wp\/v2\/product_cat?post=194452"},{"taxonomy":"product_tag","embeddable":true,"href":"https:\/\/najnaj.eu\/sl\/wp-json\/wp\/v2\/product_tag?post=194452"}],"curies":[{"name":"wp","href":"https:\/\/api.w.org\/{rel}","templated":true}]}}