{"id":194426,"date":"2023-02-02T13:46:45","date_gmt":"2023-02-02T12:46:45","guid":{"rendered":"https:\/\/najnaj.eu\/proizvod\/nahrbtnik-lassig-gre-rolltop-siv\/"},"modified":"2025-02-06T12:15:48","modified_gmt":"2025-02-06T11:15:48","slug":"nahrbtnik-lassig-gre-rolltop-siv","status":"publish","type":"product","link":"https:\/\/najnaj.eu\/sl\/izdelek\/nahrbtnik-lassig-gre-rolltop-siv\/","title":{"rendered":"Nahrbtnik L\u00e4ssig GRE Rolltop, siv"},"content":{"rendered":"<p>Precej prilagodljiv L\u00c4SSIG-ov nahrbtnik Rolltop iz kolekcije Green Label navdu\u0161uje s svojo preprosto silhueto, trajnostjo in dodatnim prostorom.<br \/>\nTrajnostno proizveden veganski nahrbtnik za plenice ponuja prilagodljivost zahvaljujo\u010d odpiranju na zvitke. Ko kon\u010date s pakiranjem in najdete \u0161e nekaj, kar potrebujete, preprosto odprite zgornji del in imeli boste ve\u010d prostora, zlasti za dolge predmete \u2013 torej brez te\u017eav! Prostor nahrbtnika lahko s preprostim zvijanjem pove\u010date s 17,5 na celo 21,8 litra. Ko je zvita, se torba zapre s preprosto magnetno zaponko.<\/p>\n<p>Zahvaljujo\u010d zadrgi vzdol\u017e celotne strani imate hiter dostop do notranjosti. Majhna torbica spredaj, \u017eep z zadrgo zadaj in prakti\u010dni dodatki so idealen dodatek za star\u0161e.<\/p>\n<p>Opremljen z nepremo\u010dljivo previjalno podlogo, izoliranim dr\u017ealom za stekleni\u010dke, odstranljivim dr\u017ealom za kozarce, dodatki za otro\u0161ki vozi\u010dek in majhno torbo za pripomo\u010dke, imate vse, kar potrebujete, ko ste na poti. Veliko razli\u010dnih prakti\u010dnih predelkov, ki so na voljo znotraj in zunaj, vam pomaga organizirati stvari, kot \u017eelite.<\/p>\n<p>Dodatne prednosti: Rolltop nahrbtnik je 100 % recikliran poliester tekstilne znamke Waste2Wear. Za predelavo je bilo potrebnih 38 recikliranih PET plastenk.<\/p>\n<p>Pri izbiri materialov se je L\u00c4SSIG premi\u0161ljeno odlo\u010dil za sodelovanje s tekstilno znamko Waste2Wear. To podjetje se zavzema za proizvodnjo okolju prijaznih materialov iz rabljenih, recikliranih plasti\u010dnih steklenic v popolnoma certificirani in pregledni vrednostni verigi. Poleg tega si prizadevajo uporabiti plasti\u010dne odpadke iz oceana ali jih zbrati, \u0161e preden tam sploh pristanejo.<\/p>\n","protected":false},"excerpt":{"rendered":"<p>L\u00c4SSIG-ov nahrbtnik Rolltop iz kolekcije Green Label zagotavlja popolno prilagodljivost. Zahvaljujo\u010d na\u010dinu odpiranja nahrbtnika Rolltop lahko preprosto pove\u010date prostornino. Ta trajnostno izdelana torba je izdelana iz 100-odstotno reciklirane poliestrske tkanine s prakti\u010dnimi dodatki za previjanje plenic in je idealna za vso dru\u017eino.<\/p>\n","protected":false},"featured_media":156992,"comment_status":"open","ping_status":"closed","template":"","meta":{"_acf_changed":false,"footnotes":""},"product_brand":[],"product_cat":[1152,1406,1409,1401],"product_tag":[],"class_list":{"0":"post-194426","1":"product","2":"type-product","3":"status-publish","4":"has-post-thumbnail","6":"product_cat-dodaci-za-kolica-sl","7":"product_cat-moda-sl","8":"product_cat-torbe-nahrbtniki-za-vozicke","9":"product_cat-za-mamo","10":"pa_boja-siva-sl","11":"pa_brand-lassig-sl","12":"pa_torbe-za-otroski-vozicek","14":"first","15":"instock","16":"sale","17":"purchasable","18":"product-type-simple"},"bundled_by":[],"bundle_stock_status":"instock","bundle_stock_quantity":1,"bundle_virtual":false,"bundle_layout":"","bundle_add_to_cart_form_location":"","bundle_editable_in_cart":false,"bundle_sold_individually_context":"","bundle_item_grouping":"","bundle_min_size":"","bundle_max_size":"","bundle_price":[],"bundled_items":[],"bundle_sell_ids":[],"acf":[],"yoast_head":"<!-- This site is optimized with the Yoast SEO Premium plugin v21.5 (Yoast SEO v27.4) - https:\/\/yoast.com\/product\/yoast-seo-premium-wordpress\/ -->\n<title>Nahrbtnik L\u00e4ssig GRE Rolltop, siv - NajNaj.eu<\/title>\n<meta name=\"robots\" content=\"index, follow, max-snippet:-1, max-image-preview:large, max-video-preview:-1\" \/>\n<link rel=\"canonical\" href=\"https:\/\/najnaj.eu\/sl\/izdelek\/nahrbtnik-lassig-gre-rolltop-siv\/\" \/>\n<meta property=\"og:locale\" content=\"sl_SI\" \/>\n<meta property=\"og:type\" content=\"article\" \/>\n<meta property=\"og:title\" content=\"Nahrbtnik L\u00e4ssig GRE Rolltop, siv\" \/>\n<meta property=\"og:description\" content=\"L\u00c4SSIG-ov nahrbtnik Rolltop iz kolekcije Green Label zagotavlja popolno prilagodljivost. Zahvaljujo\u010d na\u010dinu odpiranja nahrbtnika Rolltop lahko preprosto pove\u010date prostornino. Ta trajnostno izdelana torba je izdelana iz 100-odstotno reciklirane poliestrske tkanine s prakti\u010dnimi dodatki za previjanje plenic in je idealna za vso dru\u017eino.\" \/>\n<meta property=\"og:url\" content=\"https:\/\/najnaj.eu\/sl\/izdelek\/nahrbtnik-lassig-gre-rolltop-siv\/\" \/>\n<meta property=\"og:site_name\" content=\"NajNaj.eu\" \/>\n<meta property=\"article:publisher\" content=\"https:\/\/web.facebook.com\/najnaj.eu\/\" \/>\n<meta property=\"article:modified_time\" content=\"2025-02-06T11:15:48+00:00\" \/>\n<meta property=\"og:image\" content=\"https:\/\/najnaj.eu\/wp-content\/uploads\/2023\/08\/1103025200_19xHHEU5W53i9l_600x600.jpg\" \/>\n\t<meta property=\"og:image:width\" content=\"600\" \/>\n\t<meta property=\"og:image:height\" content=\"600\" \/>\n\t<meta property=\"og:image:type\" content=\"image\/jpeg\" \/>\n<meta name=\"twitter:card\" content=\"summary_large_image\" \/>\n<meta name=\"twitter:label1\" content=\"Price\" \/>\n\t<meta name=\"twitter:data1\" content=\"129,95&nbsp;&euro;\" \/>\n\t<meta name=\"twitter:label2\" content=\"Availability\" \/>\n\t<meta name=\"twitter:data2\" content=\"In stock\" \/>\n<script type=\"application\/ld+json\" class=\"yoast-schema-graph\">{\"@context\":\"https:\\\/\\\/schema.org\",\"@graph\":[{\"@type\":\"WebPage\",\"@id\":\"https:\\\/\\\/najnaj.eu\\\/sl\\\/izdelek\\\/nahrbtnik-lassig-gre-rolltop-siv\\\/\",\"url\":\"https:\\\/\\\/najnaj.eu\\\/sl\\\/izdelek\\\/nahrbtnik-lassig-gre-rolltop-siv\\\/\",\"name\":\"Nahrbtnik L\u00e4ssig GRE Rolltop, siv - NajNaj.eu\",\"isPartOf\":{\"@id\":\"https:\\\/\\\/najnaj.eu\\\/sl\\\/#website\"},\"primaryImageOfPage\":{\"@id\":\"https:\\\/\\\/najnaj.eu\\\/sl\\\/izdelek\\\/nahrbtnik-lassig-gre-rolltop-siv\\\/#primaryimage\"},\"image\":{\"@id\":\"https:\\\/\\\/najnaj.eu\\\/sl\\\/izdelek\\\/nahrbtnik-lassig-gre-rolltop-siv\\\/#primaryimage\"},\"thumbnailUrl\":\"https:\\\/\\\/najnaj.eu\\\/wp-content\\\/uploads\\\/2023\\\/08\\\/1103025200_19xHHEU5W53i9l_600x600.jpg\",\"datePublished\":\"2023-02-02T12:46:45+00:00\",\"dateModified\":\"2025-02-06T11:15:48+00:00\",\"breadcrumb\":{\"@id\":\"https:\\\/\\\/najnaj.eu\\\/sl\\\/izdelek\\\/nahrbtnik-lassig-gre-rolltop-siv\\\/#breadcrumb\"},\"inLanguage\":\"sl-SI\",\"potentialAction\":[{\"@type\":\"ReadAction\",\"target\":[\"https:\\\/\\\/najnaj.eu\\\/sl\\\/izdelek\\\/nahrbtnik-lassig-gre-rolltop-siv\\\/\"]}]},{\"@type\":\"ImageObject\",\"inLanguage\":\"sl-SI\",\"@id\":\"https:\\\/\\\/najnaj.eu\\\/sl\\\/izdelek\\\/nahrbtnik-lassig-gre-rolltop-siv\\\/#primaryimage\",\"url\":\"https:\\\/\\\/najnaj.eu\\\/wp-content\\\/uploads\\\/2023\\\/08\\\/1103025200_19xHHEU5W53i9l_600x600.jpg\",\"contentUrl\":\"https:\\\/\\\/najnaj.eu\\\/wp-content\\\/uploads\\\/2023\\\/08\\\/1103025200_19xHHEU5W53i9l_600x600.jpg\",\"width\":600,\"height\":600},{\"@type\":\"BreadcrumbList\",\"@id\":\"https:\\\/\\\/najnaj.eu\\\/sl\\\/izdelek\\\/nahrbtnik-lassig-gre-rolltop-siv\\\/#breadcrumb\",\"itemListElement\":[{\"@type\":\"ListItem\",\"position\":1,\"name\":\"Po\u010detna stranica\",\"item\":\"https:\\\/\\\/najnaj.eu\\\/sl\\\/prednja-stran\\\/\"},{\"@type\":\"ListItem\",\"position\":2,\"name\":\"Shop\",\"item\":\"https:\\\/\\\/najnaj.eu\\\/sl\\\/shop\\\/\"},{\"@type\":\"ListItem\",\"position\":3,\"name\":\"Nahrbtnik L\u00e4ssig GRE Rolltop, siv\"}]},{\"@type\":\"WebSite\",\"@id\":\"https:\\\/\\\/najnaj.eu\\\/sl\\\/#website\",\"url\":\"https:\\\/\\\/najnaj.eu\\\/sl\\\/\",\"name\":\"NajNaj.eu\",\"description\":\"Za najva\u017enije!\",\"publisher\":{\"@id\":\"https:\\\/\\\/najnaj.eu\\\/sl\\\/#organization\"},\"potentialAction\":[{\"@type\":\"SearchAction\",\"target\":{\"@type\":\"EntryPoint\",\"urlTemplate\":\"https:\\\/\\\/najnaj.eu\\\/sl\\\/?s={search_term_string}\"},\"query-input\":{\"@type\":\"PropertyValueSpecification\",\"valueRequired\":true,\"valueName\":\"search_term_string\"}}],\"inLanguage\":\"sl-SI\"},{\"@type\":\"Organization\",\"@id\":\"https:\\\/\\\/najnaj.eu\\\/sl\\\/#organization\",\"name\":\"NajNaj.eu\",\"url\":\"https:\\\/\\\/najnaj.eu\\\/sl\\\/\",\"logo\":{\"@type\":\"ImageObject\",\"inLanguage\":\"sl-SI\",\"@id\":\"https:\\\/\\\/najnaj.eu\\\/sl\\\/#\\\/schema\\\/logo\\\/image\\\/\",\"url\":\"https:\\\/\\\/najnaj.eu\\\/wp-content\\\/uploads\\\/2023\\\/09\\\/logo_Najnaj_2023.svg\",\"contentUrl\":\"https:\\\/\\\/najnaj.eu\\\/wp-content\\\/uploads\\\/2023\\\/09\\\/logo_Najnaj_2023.svg\",\"width\":501,\"height\":278,\"caption\":\"NajNaj.eu\"},\"image\":{\"@id\":\"https:\\\/\\\/najnaj.eu\\\/sl\\\/#\\\/schema\\\/logo\\\/image\\\/\"},\"sameAs\":[\"https:\\\/\\\/web.facebook.com\\\/najnaj.eu\\\/\",\"https:\\\/\\\/www.instagram.com\\\/najnaj.eu\\\/\",\"https:\\\/\\\/www.tiktok.com\\\/@najnaj.eu\"]}]}<\/script>\n<meta property=\"product:brand\" content=\"L\u00e4ssig\" \/>\n<meta property=\"product:price:amount\" content=\"129.95\" \/>\n<meta property=\"product:price:currency\" content=\"EUR\" \/>\n<meta property=\"og:availability\" content=\"instock\" \/>\n<meta property=\"product:availability\" content=\"instock\" \/>\n<meta property=\"product:retailer_item_id\" content=\"1103025200\" \/>\n<meta property=\"product:condition\" content=\"new\" \/>\n<!-- \/ Yoast SEO Premium plugin. -->","yoast_head_json":{"title":"Nahrbtnik L\u00e4ssig GRE Rolltop, siv - NajNaj.eu","robots":{"index":"index","follow":"follow","max-snippet":"max-snippet:-1","max-image-preview":"max-image-preview:large","max-video-preview":"max-video-preview:-1"},"canonical":"https:\/\/najnaj.eu\/sl\/izdelek\/nahrbtnik-lassig-gre-rolltop-siv\/","og_locale":"sl_SI","og_type":"article","og_title":"Nahrbtnik L\u00e4ssig GRE Rolltop, siv","og_description":"L\u00c4SSIG-ov nahrbtnik Rolltop iz kolekcije Green Label zagotavlja popolno prilagodljivost. Zahvaljujo\u010d na\u010dinu odpiranja nahrbtnika Rolltop lahko preprosto pove\u010date prostornino. Ta trajnostno izdelana torba je izdelana iz 100-odstotno reciklirane poliestrske tkanine s prakti\u010dnimi dodatki za previjanje plenic in je idealna za vso dru\u017eino.","og_url":"https:\/\/najnaj.eu\/sl\/izdelek\/nahrbtnik-lassig-gre-rolltop-siv\/","og_site_name":"NajNaj.eu","article_publisher":"https:\/\/web.facebook.com\/najnaj.eu\/","article_modified_time":"2025-02-06T11:15:48+00:00","og_image":[{"width":600,"height":600,"url":"https:\/\/najnaj.eu\/wp-content\/uploads\/2023\/08\/1103025200_19xHHEU5W53i9l_600x600.jpg","type":"image\/jpeg"}],"twitter_card":"summary_large_image","twitter_misc":{"Price":"129,95&nbsp;&euro;","Availability":"In stock"},"schema":{"@context":"https:\/\/schema.org","@graph":[{"@type":"WebPage","@id":"https:\/\/najnaj.eu\/sl\/izdelek\/nahrbtnik-lassig-gre-rolltop-siv\/","url":"https:\/\/najnaj.eu\/sl\/izdelek\/nahrbtnik-lassig-gre-rolltop-siv\/","name":"Nahrbtnik L\u00e4ssig GRE Rolltop, siv - NajNaj.eu","isPartOf":{"@id":"https:\/\/najnaj.eu\/sl\/#website"},"primaryImageOfPage":{"@id":"https:\/\/najnaj.eu\/sl\/izdelek\/nahrbtnik-lassig-gre-rolltop-siv\/#primaryimage"},"image":{"@id":"https:\/\/najnaj.eu\/sl\/izdelek\/nahrbtnik-lassig-gre-rolltop-siv\/#primaryimage"},"thumbnailUrl":"https:\/\/najnaj.eu\/wp-content\/uploads\/2023\/08\/1103025200_19xHHEU5W53i9l_600x600.jpg","datePublished":"2023-02-02T12:46:45+00:00","dateModified":"2025-02-06T11:15:48+00:00","breadcrumb":{"@id":"https:\/\/najnaj.eu\/sl\/izdelek\/nahrbtnik-lassig-gre-rolltop-siv\/#breadcrumb"},"inLanguage":"sl-SI","potentialAction":[{"@type":"ReadAction","target":["https:\/\/najnaj.eu\/sl\/izdelek\/nahrbtnik-lassig-gre-rolltop-siv\/"]}]},{"@type":"ImageObject","inLanguage":"sl-SI","@id":"https:\/\/najnaj.eu\/sl\/izdelek\/nahrbtnik-lassig-gre-rolltop-siv\/#primaryimage","url":"https:\/\/najnaj.eu\/wp-content\/uploads\/2023\/08\/1103025200_19xHHEU5W53i9l_600x600.jpg","contentUrl":"https:\/\/najnaj.eu\/wp-content\/uploads\/2023\/08\/1103025200_19xHHEU5W53i9l_600x600.jpg","width":600,"height":600},{"@type":"BreadcrumbList","@id":"https:\/\/najnaj.eu\/sl\/izdelek\/nahrbtnik-lassig-gre-rolltop-siv\/#breadcrumb","itemListElement":[{"@type":"ListItem","position":1,"name":"Po\u010detna stranica","item":"https:\/\/najnaj.eu\/sl\/prednja-stran\/"},{"@type":"ListItem","position":2,"name":"Shop","item":"https:\/\/najnaj.eu\/sl\/shop\/"},{"@type":"ListItem","position":3,"name":"Nahrbtnik L\u00e4ssig GRE Rolltop, siv"}]},{"@type":"WebSite","@id":"https:\/\/najnaj.eu\/sl\/#website","url":"https:\/\/najnaj.eu\/sl\/","name":"NajNaj.eu","description":"Za najva\u017enije!","publisher":{"@id":"https:\/\/najnaj.eu\/sl\/#organization"},"potentialAction":[{"@type":"SearchAction","target":{"@type":"EntryPoint","urlTemplate":"https:\/\/najnaj.eu\/sl\/?s={search_term_string}"},"query-input":{"@type":"PropertyValueSpecification","valueRequired":true,"valueName":"search_term_string"}}],"inLanguage":"sl-SI"},{"@type":"Organization","@id":"https:\/\/najnaj.eu\/sl\/#organization","name":"NajNaj.eu","url":"https:\/\/najnaj.eu\/sl\/","logo":{"@type":"ImageObject","inLanguage":"sl-SI","@id":"https:\/\/najnaj.eu\/sl\/#\/schema\/logo\/image\/","url":"https:\/\/najnaj.eu\/wp-content\/uploads\/2023\/09\/logo_Najnaj_2023.svg","contentUrl":"https:\/\/najnaj.eu\/wp-content\/uploads\/2023\/09\/logo_Najnaj_2023.svg","width":501,"height":278,"caption":"NajNaj.eu"},"image":{"@id":"https:\/\/najnaj.eu\/sl\/#\/schema\/logo\/image\/"},"sameAs":["https:\/\/web.facebook.com\/najnaj.eu\/","https:\/\/www.instagram.com\/najnaj.eu\/","https:\/\/www.tiktok.com\/@najnaj.eu"]}]},"product_brand":"L\u00e4ssig","product_price_amount":"129.95","product_price_currency":"EUR","og_availability":"instock","product_availability":"instock","product_retailer_item_id":"1103025200","product_condition":"new"},"_links":{"self":[{"href":"https:\/\/najnaj.eu\/sl\/wp-json\/wp\/v2\/product\/194426","targetHints":{"allow":["GET"]}}],"collection":[{"href":"https:\/\/najnaj.eu\/sl\/wp-json\/wp\/v2\/product"}],"about":[{"href":"https:\/\/najnaj.eu\/sl\/wp-json\/wp\/v2\/types\/product"}],"replies":[{"embeddable":true,"href":"https:\/\/najnaj.eu\/sl\/wp-json\/wp\/v2\/comments?post=194426"}],"version-history":[{"count":0,"href":"https:\/\/najnaj.eu\/sl\/wp-json\/wp\/v2\/product\/194426\/revisions"}],"wp:featuredmedia":[{"embeddable":true,"href":"https:\/\/najnaj.eu\/sl\/wp-json\/wp\/v2\/media\/156992"}],"wp:attachment":[{"href":"https:\/\/najnaj.eu\/sl\/wp-json\/wp\/v2\/media?parent=194426"}],"wp:term":[{"taxonomy":"product_brand","embeddable":true,"href":"https:\/\/najnaj.eu\/sl\/wp-json\/wp\/v2\/product_brand?post=194426"},{"taxonomy":"product_cat","embeddable":true,"href":"https:\/\/najnaj.eu\/sl\/wp-json\/wp\/v2\/product_cat?post=194426"},{"taxonomy":"product_tag","embeddable":true,"href":"https:\/\/najnaj.eu\/sl\/wp-json\/wp\/v2\/product_tag?post=194426"}],"curies":[{"name":"wp","href":"https:\/\/api.w.org\/{rel}","templated":true}]}}