{"id":194421,"date":"2023-02-21T18:12:22","date_gmt":"2023-02-21T17:12:22","guid":{"rendered":"https:\/\/najnaj.eu\/proizvod\/lassig-organizator-za-avto-happy-prints-svetlo-oliven\/"},"modified":"2025-02-06T12:14:33","modified_gmt":"2025-02-06T11:14:33","slug":"lassig-organizator-za-avto-happy-prints-svetlo-oliven","status":"publish","type":"product","link":"https:\/\/najnaj.eu\/sl\/izdelek\/lassig-organizator-za-avto-happy-prints-svetlo-oliven\/","title":{"rendered":"L\u00e4ssig Organizator za avto Happy Prints svetlo oliven"},"content":{"rendered":"<p>Preprost, a prilagodljiv dizajn: L\u00c4SSIG Organizer iz kolekcije Happy Prints navdu\u0161uje s svojim nevsiljivim videzom in pu\u0161\u010da prostor za ustvarjalnost. Ta organizator za naslon avtomobilskega sede\u017ea je idealen sopotnik za brezskrbna potovanja z avtomobilom, saj ponuja dovolj prostora in dodatne \u017eepe za shranjevanje vsega, kar se va\u0161emu otroku zdi nujno za vo\u017enjo z avtomobilom. Organizator je zasnovan tako, da se ga v samo nekaj preprostih korakih hitro pritrdi na naslonjalo katerega koli avtomobila. \u0160tevilni funkcionalni predelki za shranjevanje z zadrgami na zanke imajo dovolj prostora za pli\u0161aste igra\u010de, obi\u010dajne igra\u010de, prigrizke in \u0161e ve\u010d, tako da ima va\u0161 otrok vse svoje najljub\u0161e stvari pri roki na kratkih in dalj\u0161ih potovanjih. Zelo velik predal (26 x 18, 5 cm) ki se prilega tablici, ima prakti\u010dno prozorno plasti\u010dno okence, tako da lahko mlaj\u0161i potniki gledajo svoje najljub\u0161e risanke ali najnovej\u0161i otro\u0161ki film. Slu\u0161alke lahko priro\u010dno obesite na kavelj za pritrditev. In \u010de se med potovanjem zgodi kak\u0161na manj\u0161a nezgoda s pija\u010do ali prigrizki, to ne predstavlja ve\u010dje te\u017eave \u2013 zunanji material organizatorja je vodoodbojen in ga je mogo\u010de zlahka obrisati.<\/p>\n","protected":false},"excerpt":{"rendered":"<p>Avtomobilski organizator iz kolekcije L\u00c4SSIG Happy Prints poskrbi za potovanja z avtomobilom brez stresa. Hitro se pritrdi na naslonjalo sede\u017ea, \u0161tevilni premi\u0161ljeno oblikovani predali pa poskrbijo, da imajo otroci med vo\u017enjo v avtomobilu vse, kar potrebujejo, pri roki.<\/p>\n","protected":false},"featured_media":157185,"comment_status":"open","ping_status":"closed","template":"","meta":{"_acf_changed":false,"footnotes":""},"product_brand":[],"product_cat":[1367,1289,1288],"product_tag":[],"class_list":{"0":"post-194421","1":"product","2":"type-product","3":"status-publish","4":"has-post-thumbnail","6":"product_cat-organizatorji-sl","7":"product_cat-otroska-soba-sl","8":"product_cat-otroska-soba","9":"pa_boja-zelena-sl","10":"pa_brand-lassig-sl","12":"first","13":"instock","14":"purchasable","15":"product-type-simple"},"bundled_by":[],"bundle_stock_status":"instock","bundle_stock_quantity":10,"bundle_virtual":false,"bundle_layout":"","bundle_add_to_cart_form_location":"","bundle_editable_in_cart":false,"bundle_sold_individually_context":"","bundle_item_grouping":"","bundle_min_size":"","bundle_max_size":"","bundle_price":[],"bundled_items":[],"bundle_sell_ids":[],"acf":[],"yoast_head":"<!-- This site is optimized with the Yoast SEO Premium plugin v21.5 (Yoast SEO v27.4) - https:\/\/yoast.com\/product\/yoast-seo-premium-wordpress\/ -->\n<title>L\u00e4ssig Organizator za avto Happy Prints svetlo oliven - NajNaj.eu<\/title>\n<meta name=\"robots\" content=\"index, follow, max-snippet:-1, max-image-preview:large, max-video-preview:-1\" \/>\n<link rel=\"canonical\" href=\"https:\/\/najnaj.eu\/sl\/izdelek\/lassig-organizator-za-avto-happy-prints-svetlo-oliven\/\" \/>\n<meta property=\"og:locale\" content=\"sl_SI\" \/>\n<meta property=\"og:type\" content=\"article\" \/>\n<meta property=\"og:title\" content=\"L\u00e4ssig Organizator za avto Happy Prints svetlo oliven\" \/>\n<meta property=\"og:description\" content=\"Avtomobilski organizator iz kolekcije L\u00c4SSIG Happy Prints poskrbi za potovanja z avtomobilom brez stresa. Hitro se pritrdi na naslonjalo sede\u017ea, \u0161tevilni premi\u0161ljeno oblikovani predali pa poskrbijo, da imajo otroci med vo\u017enjo v avtomobilu vse, kar potrebujejo, pri roki.\" \/>\n<meta property=\"og:url\" content=\"https:\/\/najnaj.eu\/sl\/izdelek\/lassig-organizator-za-avto-happy-prints-svetlo-oliven\/\" \/>\n<meta property=\"og:site_name\" content=\"NajNaj.eu\" \/>\n<meta property=\"article:publisher\" content=\"https:\/\/web.facebook.com\/najnaj.eu\/\" \/>\n<meta property=\"article:modified_time\" content=\"2025-02-06T11:14:33+00:00\" \/>\n<meta property=\"og:image\" content=\"https:\/\/najnaj.eu\/wp-content\/uploads\/2023\/08\/1204004581_1qsrJ5uEppCue6_600x600.jpg\" \/>\n\t<meta property=\"og:image:width\" content=\"600\" \/>\n\t<meta property=\"og:image:height\" content=\"600\" \/>\n\t<meta property=\"og:image:type\" content=\"image\/jpeg\" \/>\n<meta name=\"twitter:card\" content=\"summary_large_image\" \/>\n<meta name=\"twitter:label1\" content=\"Price\" \/>\n\t<meta name=\"twitter:data1\" content=\"49,95&nbsp;&euro;\" \/>\n\t<meta name=\"twitter:label2\" content=\"Availability\" \/>\n\t<meta name=\"twitter:data2\" content=\"In stock\" \/>\n<script type=\"application\/ld+json\" class=\"yoast-schema-graph\">{\"@context\":\"https:\\\/\\\/schema.org\",\"@graph\":[{\"@type\":\"WebPage\",\"@id\":\"https:\\\/\\\/najnaj.eu\\\/sl\\\/izdelek\\\/lassig-organizator-za-avto-happy-prints-svetlo-oliven\\\/\",\"url\":\"https:\\\/\\\/najnaj.eu\\\/sl\\\/izdelek\\\/lassig-organizator-za-avto-happy-prints-svetlo-oliven\\\/\",\"name\":\"L\u00e4ssig Organizator za avto Happy Prints svetlo oliven - NajNaj.eu\",\"isPartOf\":{\"@id\":\"https:\\\/\\\/najnaj.eu\\\/sl\\\/#website\"},\"primaryImageOfPage\":{\"@id\":\"https:\\\/\\\/najnaj.eu\\\/sl\\\/izdelek\\\/lassig-organizator-za-avto-happy-prints-svetlo-oliven\\\/#primaryimage\"},\"image\":{\"@id\":\"https:\\\/\\\/najnaj.eu\\\/sl\\\/izdelek\\\/lassig-organizator-za-avto-happy-prints-svetlo-oliven\\\/#primaryimage\"},\"thumbnailUrl\":\"https:\\\/\\\/najnaj.eu\\\/wp-content\\\/uploads\\\/2023\\\/08\\\/1204004581_1qsrJ5uEppCue6_600x600.jpg\",\"datePublished\":\"2023-02-21T17:12:22+00:00\",\"dateModified\":\"2025-02-06T11:14:33+00:00\",\"breadcrumb\":{\"@id\":\"https:\\\/\\\/najnaj.eu\\\/sl\\\/izdelek\\\/lassig-organizator-za-avto-happy-prints-svetlo-oliven\\\/#breadcrumb\"},\"inLanguage\":\"sl-SI\",\"potentialAction\":[{\"@type\":\"ReadAction\",\"target\":[\"https:\\\/\\\/najnaj.eu\\\/sl\\\/izdelek\\\/lassig-organizator-za-avto-happy-prints-svetlo-oliven\\\/\"]}]},{\"@type\":\"ImageObject\",\"inLanguage\":\"sl-SI\",\"@id\":\"https:\\\/\\\/najnaj.eu\\\/sl\\\/izdelek\\\/lassig-organizator-za-avto-happy-prints-svetlo-oliven\\\/#primaryimage\",\"url\":\"https:\\\/\\\/najnaj.eu\\\/wp-content\\\/uploads\\\/2023\\\/08\\\/1204004581_1qsrJ5uEppCue6_600x600.jpg\",\"contentUrl\":\"https:\\\/\\\/najnaj.eu\\\/wp-content\\\/uploads\\\/2023\\\/08\\\/1204004581_1qsrJ5uEppCue6_600x600.jpg\",\"width\":600,\"height\":600},{\"@type\":\"BreadcrumbList\",\"@id\":\"https:\\\/\\\/najnaj.eu\\\/sl\\\/izdelek\\\/lassig-organizator-za-avto-happy-prints-svetlo-oliven\\\/#breadcrumb\",\"itemListElement\":[{\"@type\":\"ListItem\",\"position\":1,\"name\":\"Po\u010detna stranica\",\"item\":\"https:\\\/\\\/najnaj.eu\\\/sl\\\/prednja-stran\\\/\"},{\"@type\":\"ListItem\",\"position\":2,\"name\":\"Shop\",\"item\":\"https:\\\/\\\/najnaj.eu\\\/sl\\\/shop\\\/\"},{\"@type\":\"ListItem\",\"position\":3,\"name\":\"L\u00e4ssig Organizator za avto Happy Prints svetlo oliven\"}]},{\"@type\":\"WebSite\",\"@id\":\"https:\\\/\\\/najnaj.eu\\\/sl\\\/#website\",\"url\":\"https:\\\/\\\/najnaj.eu\\\/sl\\\/\",\"name\":\"NajNaj.eu\",\"description\":\"Za najva\u017enije!\",\"publisher\":{\"@id\":\"https:\\\/\\\/najnaj.eu\\\/sl\\\/#organization\"},\"potentialAction\":[{\"@type\":\"SearchAction\",\"target\":{\"@type\":\"EntryPoint\",\"urlTemplate\":\"https:\\\/\\\/najnaj.eu\\\/sl\\\/?s={search_term_string}\"},\"query-input\":{\"@type\":\"PropertyValueSpecification\",\"valueRequired\":true,\"valueName\":\"search_term_string\"}}],\"inLanguage\":\"sl-SI\"},{\"@type\":\"Organization\",\"@id\":\"https:\\\/\\\/najnaj.eu\\\/sl\\\/#organization\",\"name\":\"NajNaj.eu\",\"url\":\"https:\\\/\\\/najnaj.eu\\\/sl\\\/\",\"logo\":{\"@type\":\"ImageObject\",\"inLanguage\":\"sl-SI\",\"@id\":\"https:\\\/\\\/najnaj.eu\\\/sl\\\/#\\\/schema\\\/logo\\\/image\\\/\",\"url\":\"https:\\\/\\\/najnaj.eu\\\/wp-content\\\/uploads\\\/2023\\\/09\\\/logo_Najnaj_2023.svg\",\"contentUrl\":\"https:\\\/\\\/najnaj.eu\\\/wp-content\\\/uploads\\\/2023\\\/09\\\/logo_Najnaj_2023.svg\",\"width\":501,\"height\":278,\"caption\":\"NajNaj.eu\"},\"image\":{\"@id\":\"https:\\\/\\\/najnaj.eu\\\/sl\\\/#\\\/schema\\\/logo\\\/image\\\/\"},\"sameAs\":[\"https:\\\/\\\/web.facebook.com\\\/najnaj.eu\\\/\",\"https:\\\/\\\/www.instagram.com\\\/najnaj.eu\\\/\",\"https:\\\/\\\/www.tiktok.com\\\/@najnaj.eu\"]}]}<\/script>\n<meta property=\"product:brand\" content=\"L\u00e4ssig\" \/>\n<meta property=\"product:price:amount\" content=\"49.95\" \/>\n<meta property=\"product:price:currency\" content=\"EUR\" \/>\n<meta property=\"og:availability\" content=\"instock\" \/>\n<meta property=\"product:availability\" content=\"instock\" \/>\n<meta property=\"product:retailer_item_id\" content=\"1204004581\" \/>\n<meta property=\"product:condition\" content=\"new\" \/>\n<!-- \/ Yoast SEO Premium plugin. -->","yoast_head_json":{"title":"L\u00e4ssig Organizator za avto Happy Prints svetlo oliven - NajNaj.eu","robots":{"index":"index","follow":"follow","max-snippet":"max-snippet:-1","max-image-preview":"max-image-preview:large","max-video-preview":"max-video-preview:-1"},"canonical":"https:\/\/najnaj.eu\/sl\/izdelek\/lassig-organizator-za-avto-happy-prints-svetlo-oliven\/","og_locale":"sl_SI","og_type":"article","og_title":"L\u00e4ssig Organizator za avto Happy Prints svetlo oliven","og_description":"Avtomobilski organizator iz kolekcije L\u00c4SSIG Happy Prints poskrbi za potovanja z avtomobilom brez stresa. Hitro se pritrdi na naslonjalo sede\u017ea, \u0161tevilni premi\u0161ljeno oblikovani predali pa poskrbijo, da imajo otroci med vo\u017enjo v avtomobilu vse, kar potrebujejo, pri roki.","og_url":"https:\/\/najnaj.eu\/sl\/izdelek\/lassig-organizator-za-avto-happy-prints-svetlo-oliven\/","og_site_name":"NajNaj.eu","article_publisher":"https:\/\/web.facebook.com\/najnaj.eu\/","article_modified_time":"2025-02-06T11:14:33+00:00","og_image":[{"width":600,"height":600,"url":"https:\/\/najnaj.eu\/wp-content\/uploads\/2023\/08\/1204004581_1qsrJ5uEppCue6_600x600.jpg","type":"image\/jpeg"}],"twitter_card":"summary_large_image","twitter_misc":{"Price":"49,95&nbsp;&euro;","Availability":"In stock"},"schema":{"@context":"https:\/\/schema.org","@graph":[{"@type":"WebPage","@id":"https:\/\/najnaj.eu\/sl\/izdelek\/lassig-organizator-za-avto-happy-prints-svetlo-oliven\/","url":"https:\/\/najnaj.eu\/sl\/izdelek\/lassig-organizator-za-avto-happy-prints-svetlo-oliven\/","name":"L\u00e4ssig Organizator za avto Happy Prints svetlo oliven - NajNaj.eu","isPartOf":{"@id":"https:\/\/najnaj.eu\/sl\/#website"},"primaryImageOfPage":{"@id":"https:\/\/najnaj.eu\/sl\/izdelek\/lassig-organizator-za-avto-happy-prints-svetlo-oliven\/#primaryimage"},"image":{"@id":"https:\/\/najnaj.eu\/sl\/izdelek\/lassig-organizator-za-avto-happy-prints-svetlo-oliven\/#primaryimage"},"thumbnailUrl":"https:\/\/najnaj.eu\/wp-content\/uploads\/2023\/08\/1204004581_1qsrJ5uEppCue6_600x600.jpg","datePublished":"2023-02-21T17:12:22+00:00","dateModified":"2025-02-06T11:14:33+00:00","breadcrumb":{"@id":"https:\/\/najnaj.eu\/sl\/izdelek\/lassig-organizator-za-avto-happy-prints-svetlo-oliven\/#breadcrumb"},"inLanguage":"sl-SI","potentialAction":[{"@type":"ReadAction","target":["https:\/\/najnaj.eu\/sl\/izdelek\/lassig-organizator-za-avto-happy-prints-svetlo-oliven\/"]}]},{"@type":"ImageObject","inLanguage":"sl-SI","@id":"https:\/\/najnaj.eu\/sl\/izdelek\/lassig-organizator-za-avto-happy-prints-svetlo-oliven\/#primaryimage","url":"https:\/\/najnaj.eu\/wp-content\/uploads\/2023\/08\/1204004581_1qsrJ5uEppCue6_600x600.jpg","contentUrl":"https:\/\/najnaj.eu\/wp-content\/uploads\/2023\/08\/1204004581_1qsrJ5uEppCue6_600x600.jpg","width":600,"height":600},{"@type":"BreadcrumbList","@id":"https:\/\/najnaj.eu\/sl\/izdelek\/lassig-organizator-za-avto-happy-prints-svetlo-oliven\/#breadcrumb","itemListElement":[{"@type":"ListItem","position":1,"name":"Po\u010detna stranica","item":"https:\/\/najnaj.eu\/sl\/prednja-stran\/"},{"@type":"ListItem","position":2,"name":"Shop","item":"https:\/\/najnaj.eu\/sl\/shop\/"},{"@type":"ListItem","position":3,"name":"L\u00e4ssig Organizator za avto Happy Prints svetlo oliven"}]},{"@type":"WebSite","@id":"https:\/\/najnaj.eu\/sl\/#website","url":"https:\/\/najnaj.eu\/sl\/","name":"NajNaj.eu","description":"Za najva\u017enije!","publisher":{"@id":"https:\/\/najnaj.eu\/sl\/#organization"},"potentialAction":[{"@type":"SearchAction","target":{"@type":"EntryPoint","urlTemplate":"https:\/\/najnaj.eu\/sl\/?s={search_term_string}"},"query-input":{"@type":"PropertyValueSpecification","valueRequired":true,"valueName":"search_term_string"}}],"inLanguage":"sl-SI"},{"@type":"Organization","@id":"https:\/\/najnaj.eu\/sl\/#organization","name":"NajNaj.eu","url":"https:\/\/najnaj.eu\/sl\/","logo":{"@type":"ImageObject","inLanguage":"sl-SI","@id":"https:\/\/najnaj.eu\/sl\/#\/schema\/logo\/image\/","url":"https:\/\/najnaj.eu\/wp-content\/uploads\/2023\/09\/logo_Najnaj_2023.svg","contentUrl":"https:\/\/najnaj.eu\/wp-content\/uploads\/2023\/09\/logo_Najnaj_2023.svg","width":501,"height":278,"caption":"NajNaj.eu"},"image":{"@id":"https:\/\/najnaj.eu\/sl\/#\/schema\/logo\/image\/"},"sameAs":["https:\/\/web.facebook.com\/najnaj.eu\/","https:\/\/www.instagram.com\/najnaj.eu\/","https:\/\/www.tiktok.com\/@najnaj.eu"]}]},"product_brand":"L\u00e4ssig","product_price_amount":"49.95","product_price_currency":"EUR","og_availability":"instock","product_availability":"instock","product_retailer_item_id":"1204004581","product_condition":"new"},"_links":{"self":[{"href":"https:\/\/najnaj.eu\/sl\/wp-json\/wp\/v2\/product\/194421","targetHints":{"allow":["GET"]}}],"collection":[{"href":"https:\/\/najnaj.eu\/sl\/wp-json\/wp\/v2\/product"}],"about":[{"href":"https:\/\/najnaj.eu\/sl\/wp-json\/wp\/v2\/types\/product"}],"replies":[{"embeddable":true,"href":"https:\/\/najnaj.eu\/sl\/wp-json\/wp\/v2\/comments?post=194421"}],"version-history":[{"count":0,"href":"https:\/\/najnaj.eu\/sl\/wp-json\/wp\/v2\/product\/194421\/revisions"}],"wp:featuredmedia":[{"embeddable":true,"href":"https:\/\/najnaj.eu\/sl\/wp-json\/wp\/v2\/media\/157185"}],"wp:attachment":[{"href":"https:\/\/najnaj.eu\/sl\/wp-json\/wp\/v2\/media?parent=194421"}],"wp:term":[{"taxonomy":"product_brand","embeddable":true,"href":"https:\/\/najnaj.eu\/sl\/wp-json\/wp\/v2\/product_brand?post=194421"},{"taxonomy":"product_cat","embeddable":true,"href":"https:\/\/najnaj.eu\/sl\/wp-json\/wp\/v2\/product_cat?post=194421"},{"taxonomy":"product_tag","embeddable":true,"href":"https:\/\/najnaj.eu\/sl\/wp-json\/wp\/v2\/product_tag?post=194421"}],"curies":[{"name":"wp","href":"https:\/\/api.w.org\/{rel}","templated":true}]}}