{"id":194411,"date":"2023-03-06T12:00:12","date_gmt":"2023-03-06T11:00:12","guid":{"rendered":"https:\/\/najnaj.eu\/proizvod\/lassig-organizator-za-avto-black-edition\/"},"modified":"2025-02-06T12:14:04","modified_gmt":"2025-02-06T11:14:04","slug":"lassig-organizator-za-avto-black-edition","status":"publish","type":"product","link":"https:\/\/najnaj.eu\/sl\/izdelek\/lassig-organizator-za-avto-black-edition\/","title":{"rendered":"L\u00e4ssig Organizator za avto Black Edition"},"content":{"rendered":"<p>Potovalne dogodiv\u0161\u010dine \u2013 popolnoma brez te\u017eav z L\u00c4SSIG-ovim diskretnim organizatorjem za avto v elegantni \u010drni razli\u010dici. Otroci imajo vse, kar potrebujejo, pri roki, pa naj bo to mehka \u017eival, stekleni\u010dka za pitje, igra\u010de ali prigrizki \u2013 vse se prilega v \u0161tevilne in prakti\u010dne \u017eepe za shranjevanje, opremljene z je\u017eki in zadrgami.<\/p>\n<p>Prilo\u017een je tudi izjemno velik predal za tabli\u010dni ra\u010dunalnik (26 x 18,5 cm) s kavljem za pritrditev zraven, tako da so slu\u0161alke pri roki. Na zadnji strani je dodaten velik predal, v katerega lahko shranite knjige ali podobne predmete do velikosti A4. Ni problema, \u010de se kaj razlije, saj je zunanji material vodoodbojen in ga je mogo\u010de enostavno obrisati. Black edition je prava izbira za tiste, ki imajo raje, da so stvari v avtomobilu preproste in diskretne, a ne \u017eelijo ostati brez prakti\u010dnosti in reda.<\/p>\n","protected":false},"excerpt":{"rendered":"<p>Eleganten, diskreten, a prakti\u010den: L\u00c4SSIG-ov organizator za avto v \u010drni barvi ponuja vse, kar va\u0161i otroci potrebujejo med potovanjem. Zaradi preprostega na\u010dina pritrditve na naslon sede\u017ea in \u0161tevilnih \u017eepov za shranjevanje je nepogre\u0161ljiv pripomo\u010dek v avtu.<\/p>\n","protected":false},"featured_media":157239,"comment_status":"open","ping_status":"closed","template":"","meta":{"_acf_changed":false,"footnotes":""},"product_brand":[],"product_cat":[1367,1289,1288],"product_tag":[],"class_list":{"0":"post-194411","1":"product","2":"type-product","3":"status-publish","4":"has-post-thumbnail","6":"product_cat-organizatorji-sl","7":"product_cat-otroska-soba-sl","8":"product_cat-otroska-soba","9":"pa_boja-crna-sl","10":"pa_brand-lassig-sl","12":"first","13":"instock","14":"sale","15":"purchasable","16":"product-type-simple"},"bundled_by":[],"bundle_stock_status":"instock","bundle_stock_quantity":15,"bundle_virtual":false,"bundle_layout":"","bundle_add_to_cart_form_location":"","bundle_editable_in_cart":false,"bundle_sold_individually_context":"","bundle_item_grouping":"","bundle_min_size":"","bundle_max_size":"","bundle_price":[],"bundled_items":[],"bundle_sell_ids":[],"acf":[],"yoast_head":"<!-- This site is optimized with the Yoast SEO Premium plugin v21.5 (Yoast SEO v27.4) - https:\/\/yoast.com\/product\/yoast-seo-premium-wordpress\/ -->\n<title>L\u00e4ssig Organizator za avto Black Edition - NajNaj.eu<\/title>\n<meta name=\"robots\" content=\"index, follow, max-snippet:-1, max-image-preview:large, max-video-preview:-1\" \/>\n<link rel=\"canonical\" href=\"https:\/\/najnaj.eu\/sl\/izdelek\/lassig-organizator-za-avto-black-edition\/\" \/>\n<meta property=\"og:locale\" content=\"sl_SI\" \/>\n<meta property=\"og:type\" content=\"article\" \/>\n<meta property=\"og:title\" content=\"L\u00e4ssig Organizator za avto Black Edition\" \/>\n<meta property=\"og:description\" content=\"Eleganten, diskreten, a prakti\u010den: L\u00c4SSIG-ov organizator za avto v \u010drni barvi ponuja vse, kar va\u0161i otroci potrebujejo med potovanjem. Zaradi preprostega na\u010dina pritrditve na naslon sede\u017ea in \u0161tevilnih \u017eepov za shranjevanje je nepogre\u0161ljiv pripomo\u010dek v avtu.\" \/>\n<meta property=\"og:url\" content=\"https:\/\/najnaj.eu\/sl\/izdelek\/lassig-organizator-za-avto-black-edition\/\" \/>\n<meta property=\"og:site_name\" content=\"NajNaj.eu\" \/>\n<meta property=\"article:publisher\" content=\"https:\/\/web.facebook.com\/najnaj.eu\/\" \/>\n<meta property=\"article:modified_time\" content=\"2025-02-06T11:14:04+00:00\" \/>\n<meta property=\"og:image\" content=\"https:\/\/najnaj.eu\/wp-content\/uploads\/2023\/08\/1204004000_1_600x600.jpg\" \/>\n\t<meta property=\"og:image:width\" content=\"600\" \/>\n\t<meta property=\"og:image:height\" content=\"600\" \/>\n\t<meta property=\"og:image:type\" content=\"image\/jpeg\" \/>\n<meta name=\"twitter:card\" content=\"summary_large_image\" \/>\n<meta name=\"twitter:label1\" content=\"Price\" \/>\n\t<meta name=\"twitter:data1\" content=\"49,95&nbsp;&euro;\" \/>\n\t<meta name=\"twitter:label2\" content=\"Availability\" \/>\n\t<meta name=\"twitter:data2\" content=\"In stock\" \/>\n<script type=\"application\/ld+json\" class=\"yoast-schema-graph\">{\"@context\":\"https:\\\/\\\/schema.org\",\"@graph\":[{\"@type\":\"WebPage\",\"@id\":\"https:\\\/\\\/najnaj.eu\\\/sl\\\/izdelek\\\/lassig-organizator-za-avto-black-edition\\\/\",\"url\":\"https:\\\/\\\/najnaj.eu\\\/sl\\\/izdelek\\\/lassig-organizator-za-avto-black-edition\\\/\",\"name\":\"L\u00e4ssig Organizator za avto Black Edition - NajNaj.eu\",\"isPartOf\":{\"@id\":\"https:\\\/\\\/najnaj.eu\\\/sl\\\/#website\"},\"primaryImageOfPage\":{\"@id\":\"https:\\\/\\\/najnaj.eu\\\/sl\\\/izdelek\\\/lassig-organizator-za-avto-black-edition\\\/#primaryimage\"},\"image\":{\"@id\":\"https:\\\/\\\/najnaj.eu\\\/sl\\\/izdelek\\\/lassig-organizator-za-avto-black-edition\\\/#primaryimage\"},\"thumbnailUrl\":\"https:\\\/\\\/najnaj.eu\\\/wp-content\\\/uploads\\\/2023\\\/08\\\/1204004000_1_600x600.jpg\",\"datePublished\":\"2023-03-06T11:00:12+00:00\",\"dateModified\":\"2025-02-06T11:14:04+00:00\",\"breadcrumb\":{\"@id\":\"https:\\\/\\\/najnaj.eu\\\/sl\\\/izdelek\\\/lassig-organizator-za-avto-black-edition\\\/#breadcrumb\"},\"inLanguage\":\"sl-SI\",\"potentialAction\":[{\"@type\":\"ReadAction\",\"target\":[\"https:\\\/\\\/najnaj.eu\\\/sl\\\/izdelek\\\/lassig-organizator-za-avto-black-edition\\\/\"]}]},{\"@type\":\"ImageObject\",\"inLanguage\":\"sl-SI\",\"@id\":\"https:\\\/\\\/najnaj.eu\\\/sl\\\/izdelek\\\/lassig-organizator-za-avto-black-edition\\\/#primaryimage\",\"url\":\"https:\\\/\\\/najnaj.eu\\\/wp-content\\\/uploads\\\/2023\\\/08\\\/1204004000_1_600x600.jpg\",\"contentUrl\":\"https:\\\/\\\/najnaj.eu\\\/wp-content\\\/uploads\\\/2023\\\/08\\\/1204004000_1_600x600.jpg\",\"width\":600,\"height\":600},{\"@type\":\"BreadcrumbList\",\"@id\":\"https:\\\/\\\/najnaj.eu\\\/sl\\\/izdelek\\\/lassig-organizator-za-avto-black-edition\\\/#breadcrumb\",\"itemListElement\":[{\"@type\":\"ListItem\",\"position\":1,\"name\":\"Po\u010detna stranica\",\"item\":\"https:\\\/\\\/najnaj.eu\\\/sl\\\/prednja-stran\\\/\"},{\"@type\":\"ListItem\",\"position\":2,\"name\":\"Shop\",\"item\":\"https:\\\/\\\/najnaj.eu\\\/sl\\\/shop\\\/\"},{\"@type\":\"ListItem\",\"position\":3,\"name\":\"L\u00e4ssig Organizator za avto Black Edition\"}]},{\"@type\":\"WebSite\",\"@id\":\"https:\\\/\\\/najnaj.eu\\\/sl\\\/#website\",\"url\":\"https:\\\/\\\/najnaj.eu\\\/sl\\\/\",\"name\":\"NajNaj.eu\",\"description\":\"Za najva\u017enije!\",\"publisher\":{\"@id\":\"https:\\\/\\\/najnaj.eu\\\/sl\\\/#organization\"},\"potentialAction\":[{\"@type\":\"SearchAction\",\"target\":{\"@type\":\"EntryPoint\",\"urlTemplate\":\"https:\\\/\\\/najnaj.eu\\\/sl\\\/?s={search_term_string}\"},\"query-input\":{\"@type\":\"PropertyValueSpecification\",\"valueRequired\":true,\"valueName\":\"search_term_string\"}}],\"inLanguage\":\"sl-SI\"},{\"@type\":\"Organization\",\"@id\":\"https:\\\/\\\/najnaj.eu\\\/sl\\\/#organization\",\"name\":\"NajNaj.eu\",\"url\":\"https:\\\/\\\/najnaj.eu\\\/sl\\\/\",\"logo\":{\"@type\":\"ImageObject\",\"inLanguage\":\"sl-SI\",\"@id\":\"https:\\\/\\\/najnaj.eu\\\/sl\\\/#\\\/schema\\\/logo\\\/image\\\/\",\"url\":\"https:\\\/\\\/najnaj.eu\\\/wp-content\\\/uploads\\\/2023\\\/09\\\/logo_Najnaj_2023.svg\",\"contentUrl\":\"https:\\\/\\\/najnaj.eu\\\/wp-content\\\/uploads\\\/2023\\\/09\\\/logo_Najnaj_2023.svg\",\"width\":501,\"height\":278,\"caption\":\"NajNaj.eu\"},\"image\":{\"@id\":\"https:\\\/\\\/najnaj.eu\\\/sl\\\/#\\\/schema\\\/logo\\\/image\\\/\"},\"sameAs\":[\"https:\\\/\\\/web.facebook.com\\\/najnaj.eu\\\/\",\"https:\\\/\\\/www.instagram.com\\\/najnaj.eu\\\/\",\"https:\\\/\\\/www.tiktok.com\\\/@najnaj.eu\"]}]}<\/script>\n<meta property=\"product:brand\" content=\"L\u00e4ssig\" \/>\n<meta property=\"product:price:amount\" content=\"49.95\" \/>\n<meta property=\"product:price:currency\" content=\"EUR\" \/>\n<meta property=\"og:availability\" content=\"instock\" \/>\n<meta property=\"product:availability\" content=\"instock\" \/>\n<meta property=\"product:retailer_item_id\" content=\"1204004000\" \/>\n<meta property=\"product:condition\" content=\"new\" \/>\n<!-- \/ Yoast SEO Premium plugin. -->","yoast_head_json":{"title":"L\u00e4ssig Organizator za avto Black Edition - NajNaj.eu","robots":{"index":"index","follow":"follow","max-snippet":"max-snippet:-1","max-image-preview":"max-image-preview:large","max-video-preview":"max-video-preview:-1"},"canonical":"https:\/\/najnaj.eu\/sl\/izdelek\/lassig-organizator-za-avto-black-edition\/","og_locale":"sl_SI","og_type":"article","og_title":"L\u00e4ssig Organizator za avto Black Edition","og_description":"Eleganten, diskreten, a prakti\u010den: L\u00c4SSIG-ov organizator za avto v \u010drni barvi ponuja vse, kar va\u0161i otroci potrebujejo med potovanjem. Zaradi preprostega na\u010dina pritrditve na naslon sede\u017ea in \u0161tevilnih \u017eepov za shranjevanje je nepogre\u0161ljiv pripomo\u010dek v avtu.","og_url":"https:\/\/najnaj.eu\/sl\/izdelek\/lassig-organizator-za-avto-black-edition\/","og_site_name":"NajNaj.eu","article_publisher":"https:\/\/web.facebook.com\/najnaj.eu\/","article_modified_time":"2025-02-06T11:14:04+00:00","og_image":[{"width":600,"height":600,"url":"https:\/\/najnaj.eu\/wp-content\/uploads\/2023\/08\/1204004000_1_600x600.jpg","type":"image\/jpeg"}],"twitter_card":"summary_large_image","twitter_misc":{"Price":"49,95&nbsp;&euro;","Availability":"In stock"},"schema":{"@context":"https:\/\/schema.org","@graph":[{"@type":"WebPage","@id":"https:\/\/najnaj.eu\/sl\/izdelek\/lassig-organizator-za-avto-black-edition\/","url":"https:\/\/najnaj.eu\/sl\/izdelek\/lassig-organizator-za-avto-black-edition\/","name":"L\u00e4ssig Organizator za avto Black Edition - NajNaj.eu","isPartOf":{"@id":"https:\/\/najnaj.eu\/sl\/#website"},"primaryImageOfPage":{"@id":"https:\/\/najnaj.eu\/sl\/izdelek\/lassig-organizator-za-avto-black-edition\/#primaryimage"},"image":{"@id":"https:\/\/najnaj.eu\/sl\/izdelek\/lassig-organizator-za-avto-black-edition\/#primaryimage"},"thumbnailUrl":"https:\/\/najnaj.eu\/wp-content\/uploads\/2023\/08\/1204004000_1_600x600.jpg","datePublished":"2023-03-06T11:00:12+00:00","dateModified":"2025-02-06T11:14:04+00:00","breadcrumb":{"@id":"https:\/\/najnaj.eu\/sl\/izdelek\/lassig-organizator-za-avto-black-edition\/#breadcrumb"},"inLanguage":"sl-SI","potentialAction":[{"@type":"ReadAction","target":["https:\/\/najnaj.eu\/sl\/izdelek\/lassig-organizator-za-avto-black-edition\/"]}]},{"@type":"ImageObject","inLanguage":"sl-SI","@id":"https:\/\/najnaj.eu\/sl\/izdelek\/lassig-organizator-za-avto-black-edition\/#primaryimage","url":"https:\/\/najnaj.eu\/wp-content\/uploads\/2023\/08\/1204004000_1_600x600.jpg","contentUrl":"https:\/\/najnaj.eu\/wp-content\/uploads\/2023\/08\/1204004000_1_600x600.jpg","width":600,"height":600},{"@type":"BreadcrumbList","@id":"https:\/\/najnaj.eu\/sl\/izdelek\/lassig-organizator-za-avto-black-edition\/#breadcrumb","itemListElement":[{"@type":"ListItem","position":1,"name":"Po\u010detna stranica","item":"https:\/\/najnaj.eu\/sl\/prednja-stran\/"},{"@type":"ListItem","position":2,"name":"Shop","item":"https:\/\/najnaj.eu\/sl\/shop\/"},{"@type":"ListItem","position":3,"name":"L\u00e4ssig Organizator za avto Black Edition"}]},{"@type":"WebSite","@id":"https:\/\/najnaj.eu\/sl\/#website","url":"https:\/\/najnaj.eu\/sl\/","name":"NajNaj.eu","description":"Za najva\u017enije!","publisher":{"@id":"https:\/\/najnaj.eu\/sl\/#organization"},"potentialAction":[{"@type":"SearchAction","target":{"@type":"EntryPoint","urlTemplate":"https:\/\/najnaj.eu\/sl\/?s={search_term_string}"},"query-input":{"@type":"PropertyValueSpecification","valueRequired":true,"valueName":"search_term_string"}}],"inLanguage":"sl-SI"},{"@type":"Organization","@id":"https:\/\/najnaj.eu\/sl\/#organization","name":"NajNaj.eu","url":"https:\/\/najnaj.eu\/sl\/","logo":{"@type":"ImageObject","inLanguage":"sl-SI","@id":"https:\/\/najnaj.eu\/sl\/#\/schema\/logo\/image\/","url":"https:\/\/najnaj.eu\/wp-content\/uploads\/2023\/09\/logo_Najnaj_2023.svg","contentUrl":"https:\/\/najnaj.eu\/wp-content\/uploads\/2023\/09\/logo_Najnaj_2023.svg","width":501,"height":278,"caption":"NajNaj.eu"},"image":{"@id":"https:\/\/najnaj.eu\/sl\/#\/schema\/logo\/image\/"},"sameAs":["https:\/\/web.facebook.com\/najnaj.eu\/","https:\/\/www.instagram.com\/najnaj.eu\/","https:\/\/www.tiktok.com\/@najnaj.eu"]}]},"product_brand":"L\u00e4ssig","product_price_amount":"49.95","product_price_currency":"EUR","og_availability":"instock","product_availability":"instock","product_retailer_item_id":"1204004000","product_condition":"new"},"_links":{"self":[{"href":"https:\/\/najnaj.eu\/sl\/wp-json\/wp\/v2\/product\/194411","targetHints":{"allow":["GET"]}}],"collection":[{"href":"https:\/\/najnaj.eu\/sl\/wp-json\/wp\/v2\/product"}],"about":[{"href":"https:\/\/najnaj.eu\/sl\/wp-json\/wp\/v2\/types\/product"}],"replies":[{"embeddable":true,"href":"https:\/\/najnaj.eu\/sl\/wp-json\/wp\/v2\/comments?post=194411"}],"version-history":[{"count":0,"href":"https:\/\/najnaj.eu\/sl\/wp-json\/wp\/v2\/product\/194411\/revisions"}],"wp:featuredmedia":[{"embeddable":true,"href":"https:\/\/najnaj.eu\/sl\/wp-json\/wp\/v2\/media\/157239"}],"wp:attachment":[{"href":"https:\/\/najnaj.eu\/sl\/wp-json\/wp\/v2\/media?parent=194411"}],"wp:term":[{"taxonomy":"product_brand","embeddable":true,"href":"https:\/\/najnaj.eu\/sl\/wp-json\/wp\/v2\/product_brand?post=194411"},{"taxonomy":"product_cat","embeddable":true,"href":"https:\/\/najnaj.eu\/sl\/wp-json\/wp\/v2\/product_cat?post=194411"},{"taxonomy":"product_tag","embeddable":true,"href":"https:\/\/najnaj.eu\/sl\/wp-json\/wp\/v2\/product_tag?post=194411"}],"curies":[{"name":"wp","href":"https:\/\/api.w.org\/{rel}","templated":true}]}}