{"id":194403,"date":"2023-03-24T08:46:57","date_gmt":"2023-03-24T07:46:57","guid":{"rendered":"https:\/\/najnaj.eu\/proizvod\/aerosleep-zascitni-okvir-za-posteljico-almond-bez\/"},"modified":"2025-02-06T12:11:26","modified_gmt":"2025-02-06T11:11:26","slug":"aerosleep-zascitni-okvir-za-posteljico-almond-bez","status":"publish","type":"product","link":"https:\/\/najnaj.eu\/sl\/izdelek\/aerosleep-zascitni-okvir-za-posteljico-almond-bez\/","title":{"rendered":"AeroSleep Za\u0161\u010ditni okvir za posteljico &#8211; Almond be\u017e"},"content":{"rendered":"<h5><strong>Zra\u010dna alternativa klasi\u010dni za\u0161\u010diti za posteljo<\/strong><\/h5>\n<p><span data-sheets-value=\"{\"1\":2,\"2\":\"Zahvaljuju\u0107i AeroSleep\u00ae 3D tehnologiji ovo je prozra\u010dna alternativa klasi\u010dnim za\u0161titama za krevet. Jedinstvena za\u0161tita za krevet AeroSleep\u00ae sastoji se od 3 sloja i \u0161titi va\u0161e dijete na najsigurniji mogu\u0107i na\u010din. 3D tehnologija osigurava slobodno disanje kroz tkaninu, \u010dak i kada tkanina je vla\u017ena.nnOva prekrasna za\u0161tita za krevet mekana je na dodir i mo\u017ee se prati u perilici rublja na 40\u00b0C. Lako se postavlja i ostaje \u010dvrsto i sigurno pri\u010dvr\u0161\u0107ena za krevete ili kreveti\u0107e s pre\u010dkama du\u017e 4 strane.\"}\" data-sheets-userformat=\"{\"2\":769,\"3\":{\"1\":0},\"11\":4,\"12\":0}\">Zahvaljujo\u010d tehnologiji AeroSleep\u00ae 3D je to zra\u010dna alternativa klasi\u010dnim posteljnim \u0161\u010ditnikom. Edinstvena za\u0161\u010dita za posteljo AeroSleep\u00ae je sestavljena iz 3 plasti in \u0161\u010diti va\u0161ega otroka na najvarnej\u0161i mo\u017eni na\u010din. 3D tehnologija zagotavlja prosto dihanje skozi blago, tudi ko je blago mokro.<br \/>\nTa \u010dudovita posteljna za\u0161\u010dita je mehka na dotik in pralna v pralnem stroju pri 40\u00b0C. Enostaven za namestitev in ostane trdno in varno pritrjen na postelje ali posteljice z letvicami vzdol\u017e 4 strani.<\/span><\/p>\n<h5><strong>Kako deluje tehnologija AeroSleep?<\/strong><\/h5>\n<p><span data-sheets-value=\"{\"1\":2,\"2\":\"AeroSleep\u00ae tehnologija sastoji se od 3 sloja koji va\u0161em djetetu uvijek omogu\u0107uju slobodno disanje, odr\u017eavanje odgovaraju\u0107e temperature i suho\u0107u. Svaki sloj AeroSleep 3D tehnologije ima va\u017enu funkciju kako bi va\u0161e dijete bilo sigurno i dobro tijekom spavanja:\"}\" data-sheets-userformat=\"{\"2\":769,\"3\":{\"1\":0},\"11\":4,\"12\":0}\">Tehnologija AeroSleep\u00ae je sestavljena iz 3 plasti, ki va\u0161emu otroku vedno omogo\u010dajo svobodno dihanje, ohranjanje primerne temperature in ostane suh. Vsaka plast tehnologije AeroSleep 3D ima pomembno funkcijo, da ohranja va\u0161ega otroka varnega in zdravega med spanjem:<\/span><\/p>\n<p><span data-sheets-value=\"{\"1\":2,\"2\":\"1. 3D strukturarnOvaj sloj osigurava propusnost zraka. Zahvaljuju\u0107i \u010dvrstoj strukturi 3D sa\u0107a, va\u0161e dijete le\u017ei na sloju zraka koji osigurava da uvijek mo\u017ee slobodno disati. Taj sloj zraka tako\u0111er preuzima temperaturu va\u0161eg djeteta i odr\u017eava je konstantnom.rnrn2. Upijaju\u0107i slojrnOvaj sloj odr\u017eava va\u0161e dijete suhim i sprje\u010dava iritaciju ko\u017ee. Vlaga prolazi kroz 3D strukturu i zatim je zadr\u017eava upijaju\u0107i sloj.rnrn3. Vodonepropusni slojrnDr\u017ei bakterije i alergene podalje od va\u0161eg djeteta kako bi se osigurala optimalna higijena!\"}\" data-sheets-userformat=\"{\"2\":17153,\"3\":{\"1\":0},\"11\":4,\"12\":0,\"17\":1}\" data-sheets-textstyleruns=\"{\"1\":0}\uee10{\"1\":17,\"2\":{\"5\":0}}\uee10{\"1\":257}\uee10{\"1\":280,\"2\":{\"5\":0}}\uee10{\"1\":413}\uee10{\"1\":439,\"2\":{\"5\":0}}\"><strong>1. 3D struktura<\/strong><br \/>\nTa plast zagotavlja prepustnost zraka. Zahvaljujo\u010d trdni strukturi 3D satja va\u0161 otrok le\u017ei na zra\u010dni plasti, ki zagotavlja, da lahko vedno prosto diha. Ta plast zraka tudi prevzame temperaturo va\u0161ega otroka in jo ohranja konstantno.<\/span><\/p>\n<p><strong>2. Vpojna plast<\/strong><br \/>\nTa plast ohranja va\u0161ega otroka suhega in prepre\u010duje dra\u017eenje ko\u017ee. Vlaga prehaja skozi 3D strukturo in jo nato zadr\u017ei vpojna plast.<\/p>\n<p><strong>3. Vodotesna plast<\/strong><br \/>\nBakterije in alergene zadr\u017euje stran od va\u0161ega otroka, da zagotovi optimalno higieno!<\/p>\n<p><strong>Lastnosti<\/strong><\/p>\n<p><span data-sheets-value=\"{\"1\":2,\"2\":\"Zrakopropusna alternativa klasi\u010dnim za\u0161titama za krevet zahvaljuju\u0107i AeroSleep\u00ae tehnologijirn\u0160titi glavu va\u0161eg djeteta u kreveti\u0107urnPrikladno za dje\u010dje kreveti\u0107e koji se sastoje od pre\u010dki kreveta du\u017e 4 strane\"}\" data-sheets-userformat=\"{\"2\":769,\"3\":{\"1\":0},\"11\":4,\"12\":0}\">Zra\u010dno prepustna alternativa klasi\u010dnim posteljnim \u0161\u010ditnikom zahvaljujo\u010d tehnologiji AeroSleep\u00ae<br \/>\n\u0160\u010diti glavo va\u0161ega otroka v posteljici<br \/>\nPrimerno za otro\u0161ke posteljice, sestavljene iz posteljnih pre\u010dk na 4 straneh<\/span><\/p>\n<p><strong>Certifikat<\/strong><\/p>\n<p><span data-sheets-value=\"{\"1\":2,\"2\":\"Svi na\u0161i proizvodi pro\u0161li su opse\u017ena znanstvena testiranja u neovisnim istra\u017eiva\u010dkim centrima, imaju Oeko-tex i Certipur certifikate i uskla\u0111eni su s EN 16980, op\u0107im europskim sigurnosnim standardom za madrace za bebe.\"}\" data-sheets-userformat=\"{\"2\":769,\"3\":{\"1\":0},\"11\":4,\"12\":0}\">Vsi na\u0161i izdelki so bili podvr\u017eeni obse\u017enemu znanstvenemu testiranju v neodvisnih raziskovalnih centrih, imajo certifikate Oeko-tex in Certipur ter so v skladu z EN 16980, splo\u0161nim evropskim varnostnim standardom za otro\u0161ke vzmetnice.<\/span><\/p>\n<p><strong>Tehni\u010dni podatki<\/strong><\/p>\n<p><span data-sheets-value=\"{\"1\":2,\"2\":\"Detalji o proizvodunPerforirana tkanina od 100% PESn3D struktura s AeroSleep\u00ae tehnologijom: 100% PESnUpijaju\u0107i sloj: 80% pamuk, 20% PESnVodonepropusni sloj: 100% poliuretannZavr\u0161ni sloj: 100% PESnUmetak: hladna pjena\"}\" data-sheets-userformat=\"{\"2\":769,\"3\":{\"1\":0},\"11\":4,\"12\":0}\" data-sheets-textstyleruns=\"{\"1\":0,\"2\":{\"5\":1}}\uee10{\"1\":19}\"><strong>Podrobnosti produkta<\/strong><br \/>\nPerforirana 100% PES tkanina<br \/>\n3D struktura s tehnologijo AeroSleep\u00ae: 100% PES<br \/>\nVpojna plast: 80% bomba\u017e, 20% PES<br \/>\nVodoodporna plast: 100% poliuretan<br \/>\nKon\u010dni sloj: 100% PES<br \/>\nVlo\u017eek: hladna pena<\/span><\/p>\n<p><span data-sheets-value=\"{\"1\":2,\"2\":\"\u0160to je u kutiji?nZa\u0161tita za krevet s kop\u010dama\"}\" data-sheets-userformat=\"{\"2\":513,\"3\":{\"1\":0},\"12\":0}\" data-sheets-textstyleruns=\"{\"1\":0,\"2\":{\"5\":1}}\uee10{\"1\":16}\"><strong>Kaj je v \u0161katli?<\/strong><br \/>\nZa\u0161\u010dita za posteljo s sponkami<\/span><\/p>\n<p><span data-sheets-value=\"{\"1\":2,\"2\":\"Njega i kori\u0161tenjernPerivo u perilici na 40\u00b0C.\"}\" data-sheets-userformat=\"{\"2\":513,\"3\":{\"1\":0},\"12\":0}\" data-sheets-textstyleruns=\"{\"1\":0,\"2\":{\"5\":1}}\uee10{\"1\":18}\"><strong>Nega in uporaba<\/strong><br \/>\nPralno v pralnem stroju pri 40\u00b0C.<\/span><\/p>\n","protected":false},"excerpt":{"rendered":"<ul>\n<li><span style=\"color: #3366ff;\" data-sheets-value=\"{\"1\":2,\"2\":\"Za\u0161tita za krevet sa sigurnom AeroSleep\u00ae 3D tehnologijomnAeroSleep\u00ae odbojnici za krevet dizajnirani su da jam\u010de nesmetano disanje kroz tkaninunZrakopropusna alternativa klasi\u010dnim branicima za krevet zahvaljuju\u0107i AeroSleep\u00ae tehnologijin\u0160titi glavu va\u0161eg djeteta u kreveti\u0107unSiguran od ro\u0111enjanPrikladno za dje\u010dje kreveti\u0107e koji se sastoje od pre\u010dki kreveta du\u017e 4 strane\"}\" data-sheets-userformat=\"{\"2\":769,\"3\":{\"1\":0},\"11\":4,\"12\":0}\">Za\u0161\u010dita postelje z varno tehnologijo AeroSleep\u00ae 3D<\/span><\/li>\n<li><span style=\"color: #3366ff;\" data-sheets-value=\"{\"1\":2,\"2\":\"Za\u0161tita za krevet sa sigurnom AeroSleep\u00ae 3D tehnologijomnAeroSleep\u00ae odbojnici za krevet dizajnirani su da jam\u010de nesmetano disanje kroz tkaninunZrakopropusna alternativa klasi\u010dnim branicima za krevet zahvaljuju\u0107i AeroSleep\u00ae tehnologijin\u0160titi glavu va\u0161eg djeteta u kreveti\u0107unSiguran od ro\u0111enjanPrikladno za dje\u010dje kreveti\u0107e koji se sastoje od pre\u010dki kreveta du\u017e 4 strane\"}\" data-sheets-userformat=\"{\"2\":769,\"3\":{\"1\":0},\"11\":4,\"12\":0}\">Posteljni odbija\u010di AeroSleep\u00ae so zasnovani tako, da zagotavljajo neovirano dihanje skozi tkanino<\/span><\/li>\n<li><span style=\"color: #3366ff;\" data-sheets-value=\"{\"1\":2,\"2\":\"Za\u0161tita za krevet sa sigurnom AeroSleep\u00ae 3D tehnologijomnAeroSleep\u00ae odbojnici za krevet dizajnirani su da jam\u010de nesmetano disanje kroz tkaninunZrakopropusna alternativa klasi\u010dnim branicima za krevet zahvaljuju\u0107i AeroSleep\u00ae tehnologijin\u0160titi glavu va\u0161eg djeteta u kreveti\u0107unSiguran od ro\u0111enjanPrikladno za dje\u010dje kreveti\u0107e koji se sastoje od pre\u010dki kreveta du\u017e 4 strane\"}\" data-sheets-userformat=\"{\"2\":769,\"3\":{\"1\":0},\"11\":4,\"12\":0}\">Zra\u010dno prepustna alternativa klasi\u010dnim posteljnim odbija\u010dem zahvaljujo\u010d tehnologiji AeroSleep\u00ae<\/span><\/li>\n<li><span style=\"color: #3366ff;\" data-sheets-value=\"{\"1\":2,\"2\":\"Za\u0161tita za krevet sa sigurnom AeroSleep\u00ae 3D tehnologijomnAeroSleep\u00ae odbojnici za krevet dizajnirani su da jam\u010de nesmetano disanje kroz tkaninunZrakopropusna alternativa klasi\u010dnim branicima za krevet zahvaljuju\u0107i AeroSleep\u00ae tehnologijin\u0160titi glavu va\u0161eg djeteta u kreveti\u0107unSiguran od ro\u0111enjanPrikladno za dje\u010dje kreveti\u0107e koji se sastoje od pre\u010dki kreveta du\u017e 4 strane\"}\" data-sheets-userformat=\"{\"2\":769,\"3\":{\"1\":0},\"11\":4,\"12\":0}\">\u0160\u010diti glavo va\u0161ega otroka v posteljici<\/span><\/li>\n<li><span style=\"color: #3366ff;\" data-sheets-value=\"{\"1\":2,\"2\":\"Za\u0161tita za krevet sa sigurnom AeroSleep\u00ae 3D tehnologijomnAeroSleep\u00ae odbojnici za krevet dizajnirani su da jam\u010de nesmetano disanje kroz tkaninunZrakopropusna alternativa klasi\u010dnim branicima za krevet zahvaljuju\u0107i AeroSleep\u00ae tehnologijin\u0160titi glavu va\u0161eg djeteta u kreveti\u0107unSiguran od ro\u0111enjanPrikladno za dje\u010dje kreveti\u0107e koji se sastoje od pre\u010dki kreveta du\u017e 4 strane\"}\" data-sheets-userformat=\"{\"2\":769,\"3\":{\"1\":0},\"11\":4,\"12\":0}\">Varen od rojstva<\/span><\/li>\n<li><span style=\"color: #3366ff;\" data-sheets-value=\"{\"1\":2,\"2\":\"Za\u0161tita za krevet sa sigurnom AeroSleep\u00ae 3D tehnologijomnAeroSleep\u00ae odbojnici za krevet dizajnirani su da jam\u010de nesmetano disanje kroz tkaninunZrakopropusna alternativa klasi\u010dnim branicima za krevet zahvaljuju\u0107i AeroSleep\u00ae tehnologijin\u0160titi glavu va\u0161eg djeteta u kreveti\u0107unSiguran od ro\u0111enjanPrikladno za dje\u010dje kreveti\u0107e koji se sastoje od pre\u010dki kreveta du\u017e 4 strane\"}\" data-sheets-userformat=\"{\"2\":769,\"3\":{\"1\":0},\"11\":4,\"12\":0}\">Primerno za otro\u0161ke posteljice, sestavljene iz posteljnih pre\u010dk na 4 straneh<\/span><\/li>\n<\/ul>\n","protected":false},"featured_media":157393,"comment_status":"open","ping_status":"closed","template":"","meta":{"_acf_changed":false,"footnotes":""},"product_brand":[],"product_cat":[1288,1289],"product_tag":[],"class_list":{"0":"post-194403","1":"product","2":"type-product","3":"status-publish","4":"has-post-thumbnail","6":"product_cat-otroska-soba","7":"product_cat-otroska-soba-sl","8":"pa_boja-bez","9":"pa_brand-aerosleep-sl","11":"first","12":"instock","13":"sale","14":"purchasable","15":"product-type-simple"},"bundled_by":[],"bundle_stock_status":"instock","bundle_stock_quantity":1,"bundle_virtual":false,"bundle_layout":"","bundle_add_to_cart_form_location":"","bundle_editable_in_cart":false,"bundle_sold_individually_context":"","bundle_item_grouping":"","bundle_min_size":"","bundle_max_size":"","bundle_price":[],"bundled_items":[],"bundle_sell_ids":[],"acf":[],"yoast_head":"<!-- This site is optimized with the Yoast SEO Premium plugin v21.5 (Yoast SEO v27.3) - https:\/\/yoast.com\/product\/yoast-seo-premium-wordpress\/ -->\n<title>AeroSleep Za\u0161\u010ditni okvir za posteljico - Almond be\u017e - NajNaj.eu<\/title>\n<meta name=\"robots\" content=\"index, follow, max-snippet:-1, max-image-preview:large, max-video-preview:-1\" \/>\n<link rel=\"canonical\" href=\"https:\/\/najnaj.eu\/sl\/izdelek\/aerosleep-zascitni-okvir-za-posteljico-almond-bez\/\" \/>\n<meta property=\"og:locale\" content=\"sl_SI\" \/>\n<meta property=\"og:type\" content=\"article\" \/>\n<meta property=\"og:title\" content=\"AeroSleep Za\u0161\u010ditni okvir za posteljico - Almond be\u017e\" \/>\n<meta property=\"og:description\" content=\"Za\u0161\u010dita postelje z varno tehnologijo AeroSleep\u00ae 3D  Posteljni odbija\u010di AeroSleep\u00ae so zasnovani tako, da zagotavljajo neovirano dihanje skozi tkanino  Zra\u010dno prepustna alternativa klasi\u010dnim posteljnim odbija\u010dem zahvaljujo\u010d tehnologiji AeroSleep\u00ae  \u0160\u010diti glavo va\u0161ega otroka v posteljici  Varen od rojstva  Primerno za otro\u0161ke posteljice, sestavljene iz posteljnih pre\u010dk na 4 straneh\" \/>\n<meta property=\"og:url\" content=\"https:\/\/najnaj.eu\/sl\/izdelek\/aerosleep-zascitni-okvir-za-posteljico-almond-bez\/\" \/>\n<meta property=\"og:site_name\" content=\"NajNaj.eu\" \/>\n<meta property=\"article:publisher\" content=\"https:\/\/web.facebook.com\/najnaj.eu\/\" \/>\n<meta property=\"article:modified_time\" content=\"2025-02-06T11:11:26+00:00\" \/>\n<meta property=\"og:image\" content=\"https:\/\/najnaj.eu\/wp-content\/uploads\/2023\/08\/ABU-120-060-AL-3.jpg\" \/>\n\t<meta property=\"og:image:width\" content=\"1333\" \/>\n\t<meta property=\"og:image:height\" content=\"1333\" \/>\n\t<meta property=\"og:image:type\" content=\"image\/jpeg\" \/>\n<meta name=\"twitter:card\" content=\"summary_large_image\" \/>\n<meta name=\"twitter:label1\" content=\"Price\" \/>\n\t<meta name=\"twitter:data1\" content=\"69,95&nbsp;&euro;\" \/>\n\t<meta name=\"twitter:label2\" content=\"Availability\" \/>\n\t<meta name=\"twitter:data2\" content=\"In stock\" \/>\n<script type=\"application\/ld+json\" class=\"yoast-schema-graph\">{\"@context\":\"https:\\\/\\\/schema.org\",\"@graph\":[{\"@type\":\"WebPage\",\"@id\":\"https:\\\/\\\/najnaj.eu\\\/sl\\\/izdelek\\\/aerosleep-zascitni-okvir-za-posteljico-almond-bez\\\/\",\"url\":\"https:\\\/\\\/najnaj.eu\\\/sl\\\/izdelek\\\/aerosleep-zascitni-okvir-za-posteljico-almond-bez\\\/\",\"name\":\"AeroSleep Za\u0161\u010ditni okvir za posteljico - Almond be\u017e - NajNaj.eu\",\"isPartOf\":{\"@id\":\"https:\\\/\\\/najnaj.eu\\\/sl\\\/#website\"},\"primaryImageOfPage\":{\"@id\":\"https:\\\/\\\/najnaj.eu\\\/sl\\\/izdelek\\\/aerosleep-zascitni-okvir-za-posteljico-almond-bez\\\/#primaryimage\"},\"image\":{\"@id\":\"https:\\\/\\\/najnaj.eu\\\/sl\\\/izdelek\\\/aerosleep-zascitni-okvir-za-posteljico-almond-bez\\\/#primaryimage\"},\"thumbnailUrl\":\"https:\\\/\\\/najnaj.eu\\\/wp-content\\\/uploads\\\/2023\\\/08\\\/ABU-120-060-AL-3.jpg\",\"datePublished\":\"2023-03-24T07:46:57+00:00\",\"dateModified\":\"2025-02-06T11:11:26+00:00\",\"breadcrumb\":{\"@id\":\"https:\\\/\\\/najnaj.eu\\\/sl\\\/izdelek\\\/aerosleep-zascitni-okvir-za-posteljico-almond-bez\\\/#breadcrumb\"},\"inLanguage\":\"sl-SI\",\"potentialAction\":[{\"@type\":\"ReadAction\",\"target\":[\"https:\\\/\\\/najnaj.eu\\\/sl\\\/izdelek\\\/aerosleep-zascitni-okvir-za-posteljico-almond-bez\\\/\"]}]},{\"@type\":\"ImageObject\",\"inLanguage\":\"sl-SI\",\"@id\":\"https:\\\/\\\/najnaj.eu\\\/sl\\\/izdelek\\\/aerosleep-zascitni-okvir-za-posteljico-almond-bez\\\/#primaryimage\",\"url\":\"https:\\\/\\\/najnaj.eu\\\/wp-content\\\/uploads\\\/2023\\\/08\\\/ABU-120-060-AL-3.jpg\",\"contentUrl\":\"https:\\\/\\\/najnaj.eu\\\/wp-content\\\/uploads\\\/2023\\\/08\\\/ABU-120-060-AL-3.jpg\",\"width\":1333,\"height\":1333},{\"@type\":\"BreadcrumbList\",\"@id\":\"https:\\\/\\\/najnaj.eu\\\/sl\\\/izdelek\\\/aerosleep-zascitni-okvir-za-posteljico-almond-bez\\\/#breadcrumb\",\"itemListElement\":[{\"@type\":\"ListItem\",\"position\":1,\"name\":\"Po\u010detna stranica\",\"item\":\"https:\\\/\\\/najnaj.eu\\\/sl\\\/prednja-stran\\\/\"},{\"@type\":\"ListItem\",\"position\":2,\"name\":\"Shop\",\"item\":\"https:\\\/\\\/najnaj.eu\\\/sl\\\/shop\\\/\"},{\"@type\":\"ListItem\",\"position\":3,\"name\":\"AeroSleep Za\u0161\u010ditni okvir za posteljico &#8211; Almond be\u017e\"}]},{\"@type\":\"WebSite\",\"@id\":\"https:\\\/\\\/najnaj.eu\\\/sl\\\/#website\",\"url\":\"https:\\\/\\\/najnaj.eu\\\/sl\\\/\",\"name\":\"NajNaj.eu\",\"description\":\"Za najva\u017enije!\",\"publisher\":{\"@id\":\"https:\\\/\\\/najnaj.eu\\\/sl\\\/#organization\"},\"potentialAction\":[{\"@type\":\"SearchAction\",\"target\":{\"@type\":\"EntryPoint\",\"urlTemplate\":\"https:\\\/\\\/najnaj.eu\\\/sl\\\/?s={search_term_string}\"},\"query-input\":{\"@type\":\"PropertyValueSpecification\",\"valueRequired\":true,\"valueName\":\"search_term_string\"}}],\"inLanguage\":\"sl-SI\"},{\"@type\":\"Organization\",\"@id\":\"https:\\\/\\\/najnaj.eu\\\/sl\\\/#organization\",\"name\":\"NajNaj.eu\",\"url\":\"https:\\\/\\\/najnaj.eu\\\/sl\\\/\",\"logo\":{\"@type\":\"ImageObject\",\"inLanguage\":\"sl-SI\",\"@id\":\"https:\\\/\\\/najnaj.eu\\\/sl\\\/#\\\/schema\\\/logo\\\/image\\\/\",\"url\":\"https:\\\/\\\/najnaj.eu\\\/wp-content\\\/uploads\\\/2023\\\/09\\\/logo_Najnaj_2023.svg\",\"contentUrl\":\"https:\\\/\\\/najnaj.eu\\\/wp-content\\\/uploads\\\/2023\\\/09\\\/logo_Najnaj_2023.svg\",\"width\":501,\"height\":278,\"caption\":\"NajNaj.eu\"},\"image\":{\"@id\":\"https:\\\/\\\/najnaj.eu\\\/sl\\\/#\\\/schema\\\/logo\\\/image\\\/\"},\"sameAs\":[\"https:\\\/\\\/web.facebook.com\\\/najnaj.eu\\\/\",\"https:\\\/\\\/www.instagram.com\\\/najnaj.eu\\\/\",\"https:\\\/\\\/www.tiktok.com\\\/@najnaj.eu\"]}]}<\/script>\n<meta property=\"product:brand\" content=\"AeroSleep\" \/>\n<meta property=\"product:price:amount\" content=\"69.95\" \/>\n<meta property=\"product:price:currency\" content=\"EUR\" \/>\n<meta property=\"og:availability\" content=\"instock\" \/>\n<meta property=\"product:availability\" content=\"instock\" \/>\n<meta property=\"product:retailer_item_id\" content=\"ABU-AL\" \/>\n<meta property=\"product:condition\" content=\"new\" \/>\n<!-- \/ Yoast SEO Premium plugin. -->","yoast_head_json":{"title":"AeroSleep Za\u0161\u010ditni okvir za posteljico - Almond be\u017e - NajNaj.eu","robots":{"index":"index","follow":"follow","max-snippet":"max-snippet:-1","max-image-preview":"max-image-preview:large","max-video-preview":"max-video-preview:-1"},"canonical":"https:\/\/najnaj.eu\/sl\/izdelek\/aerosleep-zascitni-okvir-za-posteljico-almond-bez\/","og_locale":"sl_SI","og_type":"article","og_title":"AeroSleep Za\u0161\u010ditni okvir za posteljico - Almond be\u017e","og_description":"Za\u0161\u010dita postelje z varno tehnologijo AeroSleep\u00ae 3D  Posteljni odbija\u010di AeroSleep\u00ae so zasnovani tako, da zagotavljajo neovirano dihanje skozi tkanino  Zra\u010dno prepustna alternativa klasi\u010dnim posteljnim odbija\u010dem zahvaljujo\u010d tehnologiji AeroSleep\u00ae  \u0160\u010diti glavo va\u0161ega otroka v posteljici  Varen od rojstva  Primerno za otro\u0161ke posteljice, sestavljene iz posteljnih pre\u010dk na 4 straneh","og_url":"https:\/\/najnaj.eu\/sl\/izdelek\/aerosleep-zascitni-okvir-za-posteljico-almond-bez\/","og_site_name":"NajNaj.eu","article_publisher":"https:\/\/web.facebook.com\/najnaj.eu\/","article_modified_time":"2025-02-06T11:11:26+00:00","og_image":[{"width":1333,"height":1333,"url":"https:\/\/najnaj.eu\/wp-content\/uploads\/2023\/08\/ABU-120-060-AL-3.jpg","type":"image\/jpeg"}],"twitter_card":"summary_large_image","twitter_misc":{"Price":"69,95&nbsp;&euro;","Availability":"In stock"},"schema":{"@context":"https:\/\/schema.org","@graph":[{"@type":"WebPage","@id":"https:\/\/najnaj.eu\/sl\/izdelek\/aerosleep-zascitni-okvir-za-posteljico-almond-bez\/","url":"https:\/\/najnaj.eu\/sl\/izdelek\/aerosleep-zascitni-okvir-za-posteljico-almond-bez\/","name":"AeroSleep Za\u0161\u010ditni okvir za posteljico - Almond be\u017e - NajNaj.eu","isPartOf":{"@id":"https:\/\/najnaj.eu\/sl\/#website"},"primaryImageOfPage":{"@id":"https:\/\/najnaj.eu\/sl\/izdelek\/aerosleep-zascitni-okvir-za-posteljico-almond-bez\/#primaryimage"},"image":{"@id":"https:\/\/najnaj.eu\/sl\/izdelek\/aerosleep-zascitni-okvir-za-posteljico-almond-bez\/#primaryimage"},"thumbnailUrl":"https:\/\/najnaj.eu\/wp-content\/uploads\/2023\/08\/ABU-120-060-AL-3.jpg","datePublished":"2023-03-24T07:46:57+00:00","dateModified":"2025-02-06T11:11:26+00:00","breadcrumb":{"@id":"https:\/\/najnaj.eu\/sl\/izdelek\/aerosleep-zascitni-okvir-za-posteljico-almond-bez\/#breadcrumb"},"inLanguage":"sl-SI","potentialAction":[{"@type":"ReadAction","target":["https:\/\/najnaj.eu\/sl\/izdelek\/aerosleep-zascitni-okvir-za-posteljico-almond-bez\/"]}]},{"@type":"ImageObject","inLanguage":"sl-SI","@id":"https:\/\/najnaj.eu\/sl\/izdelek\/aerosleep-zascitni-okvir-za-posteljico-almond-bez\/#primaryimage","url":"https:\/\/najnaj.eu\/wp-content\/uploads\/2023\/08\/ABU-120-060-AL-3.jpg","contentUrl":"https:\/\/najnaj.eu\/wp-content\/uploads\/2023\/08\/ABU-120-060-AL-3.jpg","width":1333,"height":1333},{"@type":"BreadcrumbList","@id":"https:\/\/najnaj.eu\/sl\/izdelek\/aerosleep-zascitni-okvir-za-posteljico-almond-bez\/#breadcrumb","itemListElement":[{"@type":"ListItem","position":1,"name":"Po\u010detna stranica","item":"https:\/\/najnaj.eu\/sl\/prednja-stran\/"},{"@type":"ListItem","position":2,"name":"Shop","item":"https:\/\/najnaj.eu\/sl\/shop\/"},{"@type":"ListItem","position":3,"name":"AeroSleep Za\u0161\u010ditni okvir za posteljico &#8211; Almond be\u017e"}]},{"@type":"WebSite","@id":"https:\/\/najnaj.eu\/sl\/#website","url":"https:\/\/najnaj.eu\/sl\/","name":"NajNaj.eu","description":"Za najva\u017enije!","publisher":{"@id":"https:\/\/najnaj.eu\/sl\/#organization"},"potentialAction":[{"@type":"SearchAction","target":{"@type":"EntryPoint","urlTemplate":"https:\/\/najnaj.eu\/sl\/?s={search_term_string}"},"query-input":{"@type":"PropertyValueSpecification","valueRequired":true,"valueName":"search_term_string"}}],"inLanguage":"sl-SI"},{"@type":"Organization","@id":"https:\/\/najnaj.eu\/sl\/#organization","name":"NajNaj.eu","url":"https:\/\/najnaj.eu\/sl\/","logo":{"@type":"ImageObject","inLanguage":"sl-SI","@id":"https:\/\/najnaj.eu\/sl\/#\/schema\/logo\/image\/","url":"https:\/\/najnaj.eu\/wp-content\/uploads\/2023\/09\/logo_Najnaj_2023.svg","contentUrl":"https:\/\/najnaj.eu\/wp-content\/uploads\/2023\/09\/logo_Najnaj_2023.svg","width":501,"height":278,"caption":"NajNaj.eu"},"image":{"@id":"https:\/\/najnaj.eu\/sl\/#\/schema\/logo\/image\/"},"sameAs":["https:\/\/web.facebook.com\/najnaj.eu\/","https:\/\/www.instagram.com\/najnaj.eu\/","https:\/\/www.tiktok.com\/@najnaj.eu"]}]},"product_brand":"AeroSleep","product_price_amount":"69.95","product_price_currency":"EUR","og_availability":"instock","product_availability":"instock","product_retailer_item_id":"ABU-AL","product_condition":"new"},"_links":{"self":[{"href":"https:\/\/najnaj.eu\/sl\/wp-json\/wp\/v2\/product\/194403","targetHints":{"allow":["GET"]}}],"collection":[{"href":"https:\/\/najnaj.eu\/sl\/wp-json\/wp\/v2\/product"}],"about":[{"href":"https:\/\/najnaj.eu\/sl\/wp-json\/wp\/v2\/types\/product"}],"replies":[{"embeddable":true,"href":"https:\/\/najnaj.eu\/sl\/wp-json\/wp\/v2\/comments?post=194403"}],"version-history":[{"count":0,"href":"https:\/\/najnaj.eu\/sl\/wp-json\/wp\/v2\/product\/194403\/revisions"}],"wp:featuredmedia":[{"embeddable":true,"href":"https:\/\/najnaj.eu\/sl\/wp-json\/wp\/v2\/media\/157393"}],"wp:attachment":[{"href":"https:\/\/najnaj.eu\/sl\/wp-json\/wp\/v2\/media?parent=194403"}],"wp:term":[{"taxonomy":"product_brand","embeddable":true,"href":"https:\/\/najnaj.eu\/sl\/wp-json\/wp\/v2\/product_brand?post=194403"},{"taxonomy":"product_cat","embeddable":true,"href":"https:\/\/najnaj.eu\/sl\/wp-json\/wp\/v2\/product_cat?post=194403"},{"taxonomy":"product_tag","embeddable":true,"href":"https:\/\/najnaj.eu\/sl\/wp-json\/wp\/v2\/product_tag?post=194403"}],"curies":[{"name":"wp","href":"https:\/\/api.w.org\/{rel}","templated":true}]}}