{"id":194362,"date":"2023-05-02T13:55:13","date_gmt":"2023-05-02T11:55:13","guid":{"rendered":"https:\/\/najnaj.eu\/proizvod\/spalna-vreca-lassig-muslin-narava-velikost-86-92\/"},"modified":"2026-03-23T13:15:17","modified_gmt":"2026-03-23T12:15:17","slug":"spalna-vreca-lassig-muslin-narava-velikost-86-92","status":"publish","type":"product","link":"https:\/\/najnaj.eu\/sl\/izdelek\/spalna-vreca-lassig-muslin-narava-velikost-86-92\/","title":{"rendered":"Spalna vre\u010da L\u00e4ssig Muslin, narava, velikost 86\/92"},"content":{"rendered":"<p>Poletna spalna vre\u010da L\u00e4ssig za dojen\u010dke s certifikatom GOTS olaj\u0161a no\u010dno menjavo plenic in ponuja veliko prostora za noge dojen\u010dkov, ki radi brcajo. Ve\u010dplastna muslinska tkanina (iz bomba\u017ea (ekolo\u0161ki)) je ne\u017ena do ko\u017ee, lahka in zra\u010dna ter pomaga ohranjati enakomerno in udobno telesno temperaturo vso no\u010d.<\/p>\n<p>Za la\u017eje obla\u010denje in sla\u010denje je ta spalna vre\u010da brez rokavov opremljena z dolgo zadrgo po celotni dol\u017eini, kar mal\u010dku olaj\u0161a tudi menjavo pleni\u010dk, saj vre\u010de ni treba popolnoma odstraniti. \u0160\u010ditnik za brado in za\u0161\u010ditna prevleka z zadrgo \u0161\u010ditita dojen\u010dkovo ob\u010dutljivo ko\u017eo, ko je zadrga dvignjena in va\u0161 otrok spi.<\/p>\n<p>Otro\u0161ka spalna vre\u010da ima oceno TOG 1, pralna je pri 30 \u00b0C pri ne\u017enem ciklu in je na voljo v ve\u010d barvah in velikostih. Spalna vre\u010da L\u00e4ssig za dojen\u010dke je izdelana in certificirana v skladu s smernicami GOTS (Global Organic Textile Standard).<\/p>\n<p>Dobro je vedeti:<br \/>\nZa razli\u010dne temperature v prostoru se priporo\u010dajo razli\u010dne spalne vre\u010de in spalna obla\u010dila. Izbira je la\u017eja, \u010de upo\u0161tevate vrednost TOG skupaj s sobno temperaturo. TOG je merska enota za toplotno odpornost tekstila in daje informacijo o tem, kako toplo je dojen\u010dku v spalni vre\u010di. Vi\u0161ja kot je vrednost TOG, toplej\u0161a je spalna vre\u010da.<\/p>\n","protected":false},"excerpt":{"rendered":"<table style=\"border-collapse: collapse; width: 625,52pt;\" border=\"0\" width=\"834\" cellspacing=\"0\" cellpadding=\"0\">\n<tbody>\n<tr style=\"height: 15,75pt;\">\n<td class=\"et2\" style=\"height: 15,75pt; width: 625,50pt;\" width=\"834\" height=\"21\">Poletna spalna vre\u010da za dojen\u010dke s certifikatom L\u00e4ssig GOTS je izdelana iz organskega bomba\u017ea in ima TOG oceno 1. Njegova zadrga po celotni dol\u017eini z za\u0161\u010dito za brado olaj\u0161a obla\u010denje in sla\u010denje.<\/td>\n<\/tr>\n<\/tbody>\n<\/table>\n","protected":false},"featured_media":157556,"comment_status":"open","ping_status":"closed","template":"","meta":{"_acf_changed":false,"footnotes":""},"product_brand":[],"product_cat":[1303],"product_tag":[2491],"class_list":{"0":"post-194362","1":"product","2":"type-product","3":"status-publish","4":"has-post-thumbnail","6":"product_cat-poletne-spalne-vrece","7":"product_tag-summer","8":"pa_boja-bez-sl","9":"pa_brand-lassig-sl","11":"first","12":"instock","13":"purchasable","14":"product-type-variable"},"bundled_by":[],"bundle_stock_status":"instock","bundle_stock_quantity":null,"bundle_virtual":false,"bundle_layout":"","bundle_add_to_cart_form_location":"","bundle_editable_in_cart":false,"bundle_sold_individually_context":"","bundle_item_grouping":"","bundle_min_size":"","bundle_max_size":"","bundle_price":[],"bundled_items":[],"bundle_sell_ids":[],"acf":[],"yoast_head":"<!-- This site is optimized with the Yoast SEO Premium plugin v21.5 (Yoast SEO v27.4) - https:\/\/yoast.com\/product\/yoast-seo-premium-wordpress\/ -->\n<title>Spalna vre\u010da L\u00e4ssig Muslin, narava, velikost 86\/92 - NajNaj.eu<\/title>\n<meta name=\"robots\" content=\"index, follow, max-snippet:-1, max-image-preview:large, max-video-preview:-1\" \/>\n<link rel=\"canonical\" href=\"https:\/\/najnaj.eu\/sl\/izdelek\/spalna-vreca-lassig-muslin-narava-velikost-86-92\/\" \/>\n<meta property=\"og:locale\" content=\"sl_SI\" \/>\n<meta property=\"og:type\" content=\"article\" \/>\n<meta property=\"og:title\" content=\"Spalna vre\u010da L\u00e4ssig Muslin, narava, velikost 86\/92\" \/>\n<meta property=\"og:description\" content=\"Poletna spalna vre\u010da za dojen\u010dke s certifikatom L\u00e4ssig GOTS je izdelana iz organskega bomba\u017ea in ima TOG oceno 1. Njegova zadrga po celotni dol\u017eini z za\u0161\u010dito za brado olaj\u0161a obla\u010denje in sla\u010denje.\" \/>\n<meta property=\"og:url\" content=\"https:\/\/najnaj.eu\/sl\/izdelek\/spalna-vreca-lassig-muslin-narava-velikost-86-92\/\" \/>\n<meta property=\"og:site_name\" content=\"NajNaj.eu\" \/>\n<meta property=\"article:publisher\" content=\"https:\/\/web.facebook.com\/najnaj.eu\/\" \/>\n<meta property=\"article:modified_time\" content=\"2026-03-23T12:15:17+00:00\" \/>\n<meta property=\"og:image\" content=\"https:\/\/najnaj.eu\/wp-content\/uploads\/2023\/08\/KID_F21_1542016343_P_1-Small.jpg\" \/>\n\t<meta property=\"og:image:width\" content=\"480\" \/>\n\t<meta property=\"og:image:height\" content=\"480\" \/>\n\t<meta property=\"og:image:type\" content=\"image\/jpeg\" \/>\n<meta name=\"twitter:card\" content=\"summary_large_image\" \/>\n<meta name=\"twitter:label1\" content=\"Availability\" \/>\n\t<meta name=\"twitter:data1\" content=\"In stock\" \/>\n<script type=\"application\/ld+json\" class=\"yoast-schema-graph\">{\"@context\":\"https:\\\/\\\/schema.org\",\"@graph\":[{\"@type\":\"WebPage\",\"@id\":\"https:\\\/\\\/najnaj.eu\\\/sl\\\/izdelek\\\/spalna-vreca-lassig-muslin-narava-velikost-86-92\\\/\",\"url\":\"https:\\\/\\\/najnaj.eu\\\/sl\\\/izdelek\\\/spalna-vreca-lassig-muslin-narava-velikost-86-92\\\/\",\"name\":\"Spalna vre\u010da L\u00e4ssig Muslin, narava, velikost 86\\\/92 - NajNaj.eu\",\"isPartOf\":{\"@id\":\"https:\\\/\\\/najnaj.eu\\\/sl\\\/#website\"},\"primaryImageOfPage\":{\"@id\":\"https:\\\/\\\/najnaj.eu\\\/sl\\\/izdelek\\\/spalna-vreca-lassig-muslin-narava-velikost-86-92\\\/#primaryimage\"},\"image\":{\"@id\":\"https:\\\/\\\/najnaj.eu\\\/sl\\\/izdelek\\\/spalna-vreca-lassig-muslin-narava-velikost-86-92\\\/#primaryimage\"},\"thumbnailUrl\":\"https:\\\/\\\/najnaj.eu\\\/wp-content\\\/uploads\\\/2023\\\/08\\\/KID_F21_1542016343_P_1-Small.jpg\",\"datePublished\":\"2023-05-02T11:55:13+00:00\",\"dateModified\":\"2026-03-23T12:15:17+00:00\",\"breadcrumb\":{\"@id\":\"https:\\\/\\\/najnaj.eu\\\/sl\\\/izdelek\\\/spalna-vreca-lassig-muslin-narava-velikost-86-92\\\/#breadcrumb\"},\"inLanguage\":\"sl-SI\",\"potentialAction\":[{\"@type\":\"ReadAction\",\"target\":[\"https:\\\/\\\/najnaj.eu\\\/sl\\\/izdelek\\\/spalna-vreca-lassig-muslin-narava-velikost-86-92\\\/\"]}]},{\"@type\":\"ImageObject\",\"inLanguage\":\"sl-SI\",\"@id\":\"https:\\\/\\\/najnaj.eu\\\/sl\\\/izdelek\\\/spalna-vreca-lassig-muslin-narava-velikost-86-92\\\/#primaryimage\",\"url\":\"https:\\\/\\\/najnaj.eu\\\/wp-content\\\/uploads\\\/2023\\\/08\\\/KID_F21_1542016343_P_1-Small.jpg\",\"contentUrl\":\"https:\\\/\\\/najnaj.eu\\\/wp-content\\\/uploads\\\/2023\\\/08\\\/KID_F21_1542016343_P_1-Small.jpg\",\"width\":480,\"height\":480},{\"@type\":\"BreadcrumbList\",\"@id\":\"https:\\\/\\\/najnaj.eu\\\/sl\\\/izdelek\\\/spalna-vreca-lassig-muslin-narava-velikost-86-92\\\/#breadcrumb\",\"itemListElement\":[{\"@type\":\"ListItem\",\"position\":1,\"name\":\"Po\u010detna stranica\",\"item\":\"https:\\\/\\\/najnaj.eu\\\/sl\\\/prednja-stran\\\/\"},{\"@type\":\"ListItem\",\"position\":2,\"name\":\"Shop\",\"item\":\"https:\\\/\\\/najnaj.eu\\\/sl\\\/shop\\\/\"},{\"@type\":\"ListItem\",\"position\":3,\"name\":\"Spalna vre\u010da L\u00e4ssig Muslin, narava, velikost 86\\\/92\"}]},{\"@type\":\"WebSite\",\"@id\":\"https:\\\/\\\/najnaj.eu\\\/sl\\\/#website\",\"url\":\"https:\\\/\\\/najnaj.eu\\\/sl\\\/\",\"name\":\"NajNaj.eu\",\"description\":\"Za najva\u017enije!\",\"publisher\":{\"@id\":\"https:\\\/\\\/najnaj.eu\\\/sl\\\/#organization\"},\"potentialAction\":[{\"@type\":\"SearchAction\",\"target\":{\"@type\":\"EntryPoint\",\"urlTemplate\":\"https:\\\/\\\/najnaj.eu\\\/sl\\\/?s={search_term_string}\"},\"query-input\":{\"@type\":\"PropertyValueSpecification\",\"valueRequired\":true,\"valueName\":\"search_term_string\"}}],\"inLanguage\":\"sl-SI\"},{\"@type\":\"Organization\",\"@id\":\"https:\\\/\\\/najnaj.eu\\\/sl\\\/#organization\",\"name\":\"NajNaj.eu\",\"url\":\"https:\\\/\\\/najnaj.eu\\\/sl\\\/\",\"logo\":{\"@type\":\"ImageObject\",\"inLanguage\":\"sl-SI\",\"@id\":\"https:\\\/\\\/najnaj.eu\\\/sl\\\/#\\\/schema\\\/logo\\\/image\\\/\",\"url\":\"https:\\\/\\\/najnaj.eu\\\/wp-content\\\/uploads\\\/2023\\\/09\\\/logo_Najnaj_2023.svg\",\"contentUrl\":\"https:\\\/\\\/najnaj.eu\\\/wp-content\\\/uploads\\\/2023\\\/09\\\/logo_Najnaj_2023.svg\",\"width\":501,\"height\":278,\"caption\":\"NajNaj.eu\"},\"image\":{\"@id\":\"https:\\\/\\\/najnaj.eu\\\/sl\\\/#\\\/schema\\\/logo\\\/image\\\/\"},\"sameAs\":[\"https:\\\/\\\/web.facebook.com\\\/najnaj.eu\\\/\",\"https:\\\/\\\/www.instagram.com\\\/najnaj.eu\\\/\",\"https:\\\/\\\/www.tiktok.com\\\/@najnaj.eu\"]}]}<\/script>\n<meta property=\"product:brand\" content=\"L\u00e4ssig\" \/>\n<meta property=\"og:availability\" content=\"instock\" \/>\n<meta property=\"product:availability\" content=\"instock\" \/>\n<meta property=\"product:retailer_item_id\" content=\"1542016343\" \/>\n<meta property=\"product:condition\" content=\"new\" \/>\n<!-- \/ Yoast SEO Premium plugin. -->","yoast_head_json":{"title":"Spalna vre\u010da L\u00e4ssig Muslin, narava, velikost 86\/92 - NajNaj.eu","robots":{"index":"index","follow":"follow","max-snippet":"max-snippet:-1","max-image-preview":"max-image-preview:large","max-video-preview":"max-video-preview:-1"},"canonical":"https:\/\/najnaj.eu\/sl\/izdelek\/spalna-vreca-lassig-muslin-narava-velikost-86-92\/","og_locale":"sl_SI","og_type":"article","og_title":"Spalna vre\u010da L\u00e4ssig Muslin, narava, velikost 86\/92","og_description":"Poletna spalna vre\u010da za dojen\u010dke s certifikatom L\u00e4ssig GOTS je izdelana iz organskega bomba\u017ea in ima TOG oceno 1. Njegova zadrga po celotni dol\u017eini z za\u0161\u010dito za brado olaj\u0161a obla\u010denje in sla\u010denje.","og_url":"https:\/\/najnaj.eu\/sl\/izdelek\/spalna-vreca-lassig-muslin-narava-velikost-86-92\/","og_site_name":"NajNaj.eu","article_publisher":"https:\/\/web.facebook.com\/najnaj.eu\/","article_modified_time":"2026-03-23T12:15:17+00:00","og_image":[{"width":480,"height":480,"url":"https:\/\/najnaj.eu\/wp-content\/uploads\/2023\/08\/KID_F21_1542016343_P_1-Small.jpg","type":"image\/jpeg"}],"twitter_card":"summary_large_image","twitter_misc":{"Availability":"In stock"},"schema":{"@context":"https:\/\/schema.org","@graph":[{"@type":"WebPage","@id":"https:\/\/najnaj.eu\/sl\/izdelek\/spalna-vreca-lassig-muslin-narava-velikost-86-92\/","url":"https:\/\/najnaj.eu\/sl\/izdelek\/spalna-vreca-lassig-muslin-narava-velikost-86-92\/","name":"Spalna vre\u010da L\u00e4ssig Muslin, narava, velikost 86\/92 - NajNaj.eu","isPartOf":{"@id":"https:\/\/najnaj.eu\/sl\/#website"},"primaryImageOfPage":{"@id":"https:\/\/najnaj.eu\/sl\/izdelek\/spalna-vreca-lassig-muslin-narava-velikost-86-92\/#primaryimage"},"image":{"@id":"https:\/\/najnaj.eu\/sl\/izdelek\/spalna-vreca-lassig-muslin-narava-velikost-86-92\/#primaryimage"},"thumbnailUrl":"https:\/\/najnaj.eu\/wp-content\/uploads\/2023\/08\/KID_F21_1542016343_P_1-Small.jpg","datePublished":"2023-05-02T11:55:13+00:00","dateModified":"2026-03-23T12:15:17+00:00","breadcrumb":{"@id":"https:\/\/najnaj.eu\/sl\/izdelek\/spalna-vreca-lassig-muslin-narava-velikost-86-92\/#breadcrumb"},"inLanguage":"sl-SI","potentialAction":[{"@type":"ReadAction","target":["https:\/\/najnaj.eu\/sl\/izdelek\/spalna-vreca-lassig-muslin-narava-velikost-86-92\/"]}]},{"@type":"ImageObject","inLanguage":"sl-SI","@id":"https:\/\/najnaj.eu\/sl\/izdelek\/spalna-vreca-lassig-muslin-narava-velikost-86-92\/#primaryimage","url":"https:\/\/najnaj.eu\/wp-content\/uploads\/2023\/08\/KID_F21_1542016343_P_1-Small.jpg","contentUrl":"https:\/\/najnaj.eu\/wp-content\/uploads\/2023\/08\/KID_F21_1542016343_P_1-Small.jpg","width":480,"height":480},{"@type":"BreadcrumbList","@id":"https:\/\/najnaj.eu\/sl\/izdelek\/spalna-vreca-lassig-muslin-narava-velikost-86-92\/#breadcrumb","itemListElement":[{"@type":"ListItem","position":1,"name":"Po\u010detna stranica","item":"https:\/\/najnaj.eu\/sl\/prednja-stran\/"},{"@type":"ListItem","position":2,"name":"Shop","item":"https:\/\/najnaj.eu\/sl\/shop\/"},{"@type":"ListItem","position":3,"name":"Spalna vre\u010da L\u00e4ssig Muslin, narava, velikost 86\/92"}]},{"@type":"WebSite","@id":"https:\/\/najnaj.eu\/sl\/#website","url":"https:\/\/najnaj.eu\/sl\/","name":"NajNaj.eu","description":"Za najva\u017enije!","publisher":{"@id":"https:\/\/najnaj.eu\/sl\/#organization"},"potentialAction":[{"@type":"SearchAction","target":{"@type":"EntryPoint","urlTemplate":"https:\/\/najnaj.eu\/sl\/?s={search_term_string}"},"query-input":{"@type":"PropertyValueSpecification","valueRequired":true,"valueName":"search_term_string"}}],"inLanguage":"sl-SI"},{"@type":"Organization","@id":"https:\/\/najnaj.eu\/sl\/#organization","name":"NajNaj.eu","url":"https:\/\/najnaj.eu\/sl\/","logo":{"@type":"ImageObject","inLanguage":"sl-SI","@id":"https:\/\/najnaj.eu\/sl\/#\/schema\/logo\/image\/","url":"https:\/\/najnaj.eu\/wp-content\/uploads\/2023\/09\/logo_Najnaj_2023.svg","contentUrl":"https:\/\/najnaj.eu\/wp-content\/uploads\/2023\/09\/logo_Najnaj_2023.svg","width":501,"height":278,"caption":"NajNaj.eu"},"image":{"@id":"https:\/\/najnaj.eu\/sl\/#\/schema\/logo\/image\/"},"sameAs":["https:\/\/web.facebook.com\/najnaj.eu\/","https:\/\/www.instagram.com\/najnaj.eu\/","https:\/\/www.tiktok.com\/@najnaj.eu"]}]},"product_brand":"L\u00e4ssig","og_availability":"instock","product_availability":"instock","product_retailer_item_id":"1542016343","product_condition":"new"},"_links":{"self":[{"href":"https:\/\/najnaj.eu\/sl\/wp-json\/wp\/v2\/product\/194362","targetHints":{"allow":["GET"]}}],"collection":[{"href":"https:\/\/najnaj.eu\/sl\/wp-json\/wp\/v2\/product"}],"about":[{"href":"https:\/\/najnaj.eu\/sl\/wp-json\/wp\/v2\/types\/product"}],"replies":[{"embeddable":true,"href":"https:\/\/najnaj.eu\/sl\/wp-json\/wp\/v2\/comments?post=194362"}],"version-history":[{"count":0,"href":"https:\/\/najnaj.eu\/sl\/wp-json\/wp\/v2\/product\/194362\/revisions"}],"wp:featuredmedia":[{"embeddable":true,"href":"https:\/\/najnaj.eu\/sl\/wp-json\/wp\/v2\/media\/157556"}],"wp:attachment":[{"href":"https:\/\/najnaj.eu\/sl\/wp-json\/wp\/v2\/media?parent=194362"}],"wp:term":[{"taxonomy":"product_brand","embeddable":true,"href":"https:\/\/najnaj.eu\/sl\/wp-json\/wp\/v2\/product_brand?post=194362"},{"taxonomy":"product_cat","embeddable":true,"href":"https:\/\/najnaj.eu\/sl\/wp-json\/wp\/v2\/product_cat?post=194362"},{"taxonomy":"product_tag","embeddable":true,"href":"https:\/\/najnaj.eu\/sl\/wp-json\/wp\/v2\/product_tag?post=194362"}],"curies":[{"name":"wp","href":"https:\/\/api.w.org\/{rel}","templated":true}]}}