{"id":194357,"date":"2023-04-20T12:13:28","date_gmt":"2023-04-20T10:13:28","guid":{"rendered":"https:\/\/najnaj.eu\/proizvod\/aeromoov-air-pad-za-avtosedez-skupine-2-z-nogami-vanilla\/"},"modified":"2025-06-18T08:54:08","modified_gmt":"2025-06-18T06:54:08","slug":"aeromoov-air-pad-za-avtosedez-skupine-2-z-nogami-vanilla","status":"publish","type":"product","link":"https:\/\/najnaj.eu\/sl\/izdelek\/aeromoov-air-pad-za-avtosedez-skupine-2-z-nogami-vanilla\/","title":{"rendered":"AeroMoov Air Pad za avtosede\u017e skupine 2, z nogami, Vanilla"},"content":{"rendered":"<p>AeroMoov je poskrbel, da so poletni sprehodi in izleti prijetni in brezskrbni.<br \/>\n Zra\u010dna blazina AeroMoov je posebej zasnovana tako, da se otroci v avtosede\u017eih ali vozi\u010dkih manj potijo \u200b\u200bin se ne pregrevajo. Posebna 3D tehnologija poskrbi za kro\u017eenje zraka pod otrokom ter ohranja otroka sve\u017eega in suhega v poletnih mesecih in visokih temperaturah. <\/p>\n<p>\uf0b7 Zagotavlja stalno kro\u017eenje zraka okoli otrokovega hrbta, nog in glave<br \/>\n \uf0b7 Vpija vlago in znoj<br \/>\n \uf0b7 Zmanj\u0161a tveganje pregrevanja<br \/>\n \uf0b7 Mehko, udobno in pralno v pralnem stroju pri 40 \u00b0C<\/p>\n<p>Zna\u010dilnosti<br \/>\n Edinstvena 3D tehnologija<br \/>\n Edinstvena tehnologija 3D zra\u010dnih blazinic odvaja odve\u010dno toploto in dovaja sve\u017e zrak. Ker 3D zra\u010dne plasti ni mogo\u010de stisniti, zagotavlja stalno kro\u017eenje zraka. Tako otrokov hrbet in lasje ostanejo suhi, vo\u017enja v sede\u017eih in vozi\u010dkih pa prijetna in sve\u017ea.  <\/p>\n<p>Mehka, vpojna plast organskega bomba\u017ea<br \/>\n Otrok sedi na mehki plasti organskega bomba\u017ea, ki vpije ves odve\u010dni znoj. Zra\u010dna podloga je izredno udobna, z uporabo podlog pa za\u0161\u010ditimo originalne prevleke avtosede\u017eev in vozi\u010dkov, da bodo le-ti dlje videti novi in \u200b\u200blepi. <\/p>\n","protected":false},"excerpt":{"rendered":"<p>Zra\u010dna blazina Aeromoov je zasnovana za otroke, ki jim je v avtosede\u017eih ali vozi\u010dkih vro\u010de.<br \/>\n &#8211; omogo\u010da optimalno kro\u017eenje zraka<br \/>\n \u2013 udobna in mehka podloga iz organskega bomba\u017ea<br \/>\n \u2013 ustreza razli\u010dnim modelom avtosede\u017eev skupine 2<br \/>\n \u2013 \u0161iroka paleta barv<\/p>\n<p>&nbsp;<\/p>\n<p>&nbsp;<\/p>\n","protected":false},"featured_media":157526,"comment_status":"open","ping_status":"closed","template":"","meta":{"_acf_changed":false,"footnotes":""},"product_brand":[],"product_cat":[1341,1342],"product_tag":[2281],"class_list":{"0":"post-194357","1":"product","2":"type-product","3":"status-publish","4":"has-post-thumbnail","6":"product_cat-dodatki-za-avtosedeze","7":"product_cat-zracne-podloge-sl","8":"product_tag-poletje","9":"pa_boja-bez","10":"pa_boja-zuta-sl","11":"pa_brand-aeromoov-sl","13":"first","14":"instock","15":"purchasable","16":"product-type-simple"},"bundled_by":[],"bundle_stock_status":"instock","bundle_stock_quantity":15,"bundle_virtual":false,"bundle_layout":"","bundle_add_to_cart_form_location":"","bundle_editable_in_cart":false,"bundle_sold_individually_context":"","bundle_item_grouping":"","bundle_min_size":"","bundle_max_size":"","bundle_price":[],"bundled_items":[],"bundle_sell_ids":[],"acf":[],"yoast_head":"<!-- This site is optimized with the Yoast SEO Premium plugin v21.5 (Yoast SEO v27.3) - https:\/\/yoast.com\/product\/yoast-seo-premium-wordpress\/ -->\n<title>AeroMoov Air Pad za avtosede\u017e skupine 2, z nogami, Vanilla - NajNaj.eu<\/title>\n<meta name=\"robots\" content=\"index, follow, max-snippet:-1, max-image-preview:large, max-video-preview:-1\" \/>\n<link rel=\"canonical\" href=\"https:\/\/najnaj.eu\/sl\/izdelek\/aeromoov-air-pad-za-avtosedez-skupine-2-z-nogami-vanilla\/\" \/>\n<meta property=\"og:locale\" content=\"sl_SI\" \/>\n<meta property=\"og:type\" content=\"article\" \/>\n<meta property=\"og:title\" content=\"AeroMoov Air Pad za avtosede\u017e skupine 2, z nogami, Vanilla\" \/>\n<meta property=\"og:description\" content=\"Zra\u010dna blazina Aeromoov je zasnovana za otroke, ki jim je v avtosede\u017eih ali vozi\u010dkih vro\u010de. - omogo\u010da optimalno kro\u017eenje zraka \u2013 udobna in mehka podloga iz organskega bomba\u017ea \u2013 ustreza razli\u010dnim modelom avtosede\u017eev skupine 2 \u2013 \u0161iroka paleta barv &nbsp; &nbsp;\" \/>\n<meta property=\"og:url\" content=\"https:\/\/najnaj.eu\/sl\/izdelek\/aeromoov-air-pad-za-avtosedez-skupine-2-z-nogami-vanilla\/\" \/>\n<meta property=\"og:site_name\" content=\"NajNaj.eu\" \/>\n<meta property=\"article:publisher\" content=\"https:\/\/web.facebook.com\/najnaj.eu\/\" \/>\n<meta property=\"article:modified_time\" content=\"2025-06-18T06:54:08+00:00\" \/>\n<meta property=\"og:image\" content=\"https:\/\/najnaj.eu\/wp-content\/uploads\/2023\/08\/AL-L2-VA-scaled.jpg\" \/>\n\t<meta property=\"og:image:width\" content=\"724\" \/>\n\t<meta property=\"og:image:height\" content=\"2400\" \/>\n\t<meta property=\"og:image:type\" content=\"image\/png\" \/>\n<meta name=\"twitter:card\" content=\"summary_large_image\" \/>\n<meta name=\"twitter:label1\" content=\"Price\" \/>\n\t<meta name=\"twitter:data1\" content=\"36,95&nbsp;&euro;\" \/>\n\t<meta name=\"twitter:label2\" content=\"Availability\" \/>\n\t<meta name=\"twitter:data2\" content=\"In stock\" \/>\n<script type=\"application\/ld+json\" class=\"yoast-schema-graph\">{\"@context\":\"https:\\\/\\\/schema.org\",\"@graph\":[{\"@type\":\"WebPage\",\"@id\":\"https:\\\/\\\/najnaj.eu\\\/sl\\\/izdelek\\\/aeromoov-air-pad-za-avtosedez-skupine-2-z-nogami-vanilla\\\/\",\"url\":\"https:\\\/\\\/najnaj.eu\\\/sl\\\/izdelek\\\/aeromoov-air-pad-za-avtosedez-skupine-2-z-nogami-vanilla\\\/\",\"name\":\"AeroMoov Air Pad za avtosede\u017e skupine 2, z nogami, Vanilla - NajNaj.eu\",\"isPartOf\":{\"@id\":\"https:\\\/\\\/najnaj.eu\\\/sl\\\/#website\"},\"primaryImageOfPage\":{\"@id\":\"https:\\\/\\\/najnaj.eu\\\/sl\\\/izdelek\\\/aeromoov-air-pad-za-avtosedez-skupine-2-z-nogami-vanilla\\\/#primaryimage\"},\"image\":{\"@id\":\"https:\\\/\\\/najnaj.eu\\\/sl\\\/izdelek\\\/aeromoov-air-pad-za-avtosedez-skupine-2-z-nogami-vanilla\\\/#primaryimage\"},\"thumbnailUrl\":\"https:\\\/\\\/najnaj.eu\\\/wp-content\\\/uploads\\\/2023\\\/08\\\/AL-L2-VA-scaled.jpg\",\"datePublished\":\"2023-04-20T10:13:28+00:00\",\"dateModified\":\"2025-06-18T06:54:08+00:00\",\"breadcrumb\":{\"@id\":\"https:\\\/\\\/najnaj.eu\\\/sl\\\/izdelek\\\/aeromoov-air-pad-za-avtosedez-skupine-2-z-nogami-vanilla\\\/#breadcrumb\"},\"inLanguage\":\"sl-SI\",\"potentialAction\":[{\"@type\":\"ReadAction\",\"target\":[\"https:\\\/\\\/najnaj.eu\\\/sl\\\/izdelek\\\/aeromoov-air-pad-za-avtosedez-skupine-2-z-nogami-vanilla\\\/\"]}]},{\"@type\":\"ImageObject\",\"inLanguage\":\"sl-SI\",\"@id\":\"https:\\\/\\\/najnaj.eu\\\/sl\\\/izdelek\\\/aeromoov-air-pad-za-avtosedez-skupine-2-z-nogami-vanilla\\\/#primaryimage\",\"url\":\"https:\\\/\\\/najnaj.eu\\\/wp-content\\\/uploads\\\/2023\\\/08\\\/AL-L2-VA-scaled.jpg\",\"contentUrl\":\"https:\\\/\\\/najnaj.eu\\\/wp-content\\\/uploads\\\/2023\\\/08\\\/AL-L2-VA-scaled.jpg\",\"width\":724,\"height\":2400},{\"@type\":\"BreadcrumbList\",\"@id\":\"https:\\\/\\\/najnaj.eu\\\/sl\\\/izdelek\\\/aeromoov-air-pad-za-avtosedez-skupine-2-z-nogami-vanilla\\\/#breadcrumb\",\"itemListElement\":[{\"@type\":\"ListItem\",\"position\":1,\"name\":\"Po\u010detna stranica\",\"item\":\"https:\\\/\\\/najnaj.eu\\\/sl\\\/prednja-stran\\\/\"},{\"@type\":\"ListItem\",\"position\":2,\"name\":\"Shop\",\"item\":\"https:\\\/\\\/najnaj.eu\\\/sl\\\/shop\\\/\"},{\"@type\":\"ListItem\",\"position\":3,\"name\":\"AeroMoov Air Pad za avtosede\u017e skupine 2, z nogami, Vanilla\"}]},{\"@type\":\"WebSite\",\"@id\":\"https:\\\/\\\/najnaj.eu\\\/sl\\\/#website\",\"url\":\"https:\\\/\\\/najnaj.eu\\\/sl\\\/\",\"name\":\"NajNaj.eu\",\"description\":\"Za najva\u017enije!\",\"publisher\":{\"@id\":\"https:\\\/\\\/najnaj.eu\\\/sl\\\/#organization\"},\"potentialAction\":[{\"@type\":\"SearchAction\",\"target\":{\"@type\":\"EntryPoint\",\"urlTemplate\":\"https:\\\/\\\/najnaj.eu\\\/sl\\\/?s={search_term_string}\"},\"query-input\":{\"@type\":\"PropertyValueSpecification\",\"valueRequired\":true,\"valueName\":\"search_term_string\"}}],\"inLanguage\":\"sl-SI\"},{\"@type\":\"Organization\",\"@id\":\"https:\\\/\\\/najnaj.eu\\\/sl\\\/#organization\",\"name\":\"NajNaj.eu\",\"url\":\"https:\\\/\\\/najnaj.eu\\\/sl\\\/\",\"logo\":{\"@type\":\"ImageObject\",\"inLanguage\":\"sl-SI\",\"@id\":\"https:\\\/\\\/najnaj.eu\\\/sl\\\/#\\\/schema\\\/logo\\\/image\\\/\",\"url\":\"https:\\\/\\\/najnaj.eu\\\/wp-content\\\/uploads\\\/2023\\\/09\\\/logo_Najnaj_2023.svg\",\"contentUrl\":\"https:\\\/\\\/najnaj.eu\\\/wp-content\\\/uploads\\\/2023\\\/09\\\/logo_Najnaj_2023.svg\",\"width\":501,\"height\":278,\"caption\":\"NajNaj.eu\"},\"image\":{\"@id\":\"https:\\\/\\\/najnaj.eu\\\/sl\\\/#\\\/schema\\\/logo\\\/image\\\/\"},\"sameAs\":[\"https:\\\/\\\/web.facebook.com\\\/najnaj.eu\\\/\",\"https:\\\/\\\/www.instagram.com\\\/najnaj.eu\\\/\",\"https:\\\/\\\/www.tiktok.com\\\/@najnaj.eu\"]}]}<\/script>\n<meta property=\"product:brand\" content=\"AeroMoov\" \/>\n<meta property=\"product:price:amount\" content=\"36.95\" \/>\n<meta property=\"product:price:currency\" content=\"EUR\" \/>\n<meta property=\"og:availability\" content=\"instock\" \/>\n<meta property=\"product:availability\" content=\"instock\" \/>\n<meta property=\"product:retailer_item_id\" content=\"AL-L2-VA\" \/>\n<meta property=\"product:condition\" content=\"new\" \/>\n<!-- \/ Yoast SEO Premium plugin. -->","yoast_head_json":{"title":"AeroMoov Air Pad za avtosede\u017e skupine 2, z nogami, Vanilla - NajNaj.eu","robots":{"index":"index","follow":"follow","max-snippet":"max-snippet:-1","max-image-preview":"max-image-preview:large","max-video-preview":"max-video-preview:-1"},"canonical":"https:\/\/najnaj.eu\/sl\/izdelek\/aeromoov-air-pad-za-avtosedez-skupine-2-z-nogami-vanilla\/","og_locale":"sl_SI","og_type":"article","og_title":"AeroMoov Air Pad za avtosede\u017e skupine 2, z nogami, Vanilla","og_description":"Zra\u010dna blazina Aeromoov je zasnovana za otroke, ki jim je v avtosede\u017eih ali vozi\u010dkih vro\u010de. - omogo\u010da optimalno kro\u017eenje zraka \u2013 udobna in mehka podloga iz organskega bomba\u017ea \u2013 ustreza razli\u010dnim modelom avtosede\u017eev skupine 2 \u2013 \u0161iroka paleta barv &nbsp; &nbsp;","og_url":"https:\/\/najnaj.eu\/sl\/izdelek\/aeromoov-air-pad-za-avtosedez-skupine-2-z-nogami-vanilla\/","og_site_name":"NajNaj.eu","article_publisher":"https:\/\/web.facebook.com\/najnaj.eu\/","article_modified_time":"2025-06-18T06:54:08+00:00","og_image":[{"width":724,"height":2400,"url":"https:\/\/najnaj.eu\/wp-content\/uploads\/2023\/08\/AL-L2-VA-scaled.jpg","type":"image\/png"}],"twitter_card":"summary_large_image","twitter_misc":{"Price":"36,95&nbsp;&euro;","Availability":"In stock"},"schema":{"@context":"https:\/\/schema.org","@graph":[{"@type":"WebPage","@id":"https:\/\/najnaj.eu\/sl\/izdelek\/aeromoov-air-pad-za-avtosedez-skupine-2-z-nogami-vanilla\/","url":"https:\/\/najnaj.eu\/sl\/izdelek\/aeromoov-air-pad-za-avtosedez-skupine-2-z-nogami-vanilla\/","name":"AeroMoov Air Pad za avtosede\u017e skupine 2, z nogami, Vanilla - NajNaj.eu","isPartOf":{"@id":"https:\/\/najnaj.eu\/sl\/#website"},"primaryImageOfPage":{"@id":"https:\/\/najnaj.eu\/sl\/izdelek\/aeromoov-air-pad-za-avtosedez-skupine-2-z-nogami-vanilla\/#primaryimage"},"image":{"@id":"https:\/\/najnaj.eu\/sl\/izdelek\/aeromoov-air-pad-za-avtosedez-skupine-2-z-nogami-vanilla\/#primaryimage"},"thumbnailUrl":"https:\/\/najnaj.eu\/wp-content\/uploads\/2023\/08\/AL-L2-VA-scaled.jpg","datePublished":"2023-04-20T10:13:28+00:00","dateModified":"2025-06-18T06:54:08+00:00","breadcrumb":{"@id":"https:\/\/najnaj.eu\/sl\/izdelek\/aeromoov-air-pad-za-avtosedez-skupine-2-z-nogami-vanilla\/#breadcrumb"},"inLanguage":"sl-SI","potentialAction":[{"@type":"ReadAction","target":["https:\/\/najnaj.eu\/sl\/izdelek\/aeromoov-air-pad-za-avtosedez-skupine-2-z-nogami-vanilla\/"]}]},{"@type":"ImageObject","inLanguage":"sl-SI","@id":"https:\/\/najnaj.eu\/sl\/izdelek\/aeromoov-air-pad-za-avtosedez-skupine-2-z-nogami-vanilla\/#primaryimage","url":"https:\/\/najnaj.eu\/wp-content\/uploads\/2023\/08\/AL-L2-VA-scaled.jpg","contentUrl":"https:\/\/najnaj.eu\/wp-content\/uploads\/2023\/08\/AL-L2-VA-scaled.jpg","width":724,"height":2400},{"@type":"BreadcrumbList","@id":"https:\/\/najnaj.eu\/sl\/izdelek\/aeromoov-air-pad-za-avtosedez-skupine-2-z-nogami-vanilla\/#breadcrumb","itemListElement":[{"@type":"ListItem","position":1,"name":"Po\u010detna stranica","item":"https:\/\/najnaj.eu\/sl\/prednja-stran\/"},{"@type":"ListItem","position":2,"name":"Shop","item":"https:\/\/najnaj.eu\/sl\/shop\/"},{"@type":"ListItem","position":3,"name":"AeroMoov Air Pad za avtosede\u017e skupine 2, z nogami, Vanilla"}]},{"@type":"WebSite","@id":"https:\/\/najnaj.eu\/sl\/#website","url":"https:\/\/najnaj.eu\/sl\/","name":"NajNaj.eu","description":"Za najva\u017enije!","publisher":{"@id":"https:\/\/najnaj.eu\/sl\/#organization"},"potentialAction":[{"@type":"SearchAction","target":{"@type":"EntryPoint","urlTemplate":"https:\/\/najnaj.eu\/sl\/?s={search_term_string}"},"query-input":{"@type":"PropertyValueSpecification","valueRequired":true,"valueName":"search_term_string"}}],"inLanguage":"sl-SI"},{"@type":"Organization","@id":"https:\/\/najnaj.eu\/sl\/#organization","name":"NajNaj.eu","url":"https:\/\/najnaj.eu\/sl\/","logo":{"@type":"ImageObject","inLanguage":"sl-SI","@id":"https:\/\/najnaj.eu\/sl\/#\/schema\/logo\/image\/","url":"https:\/\/najnaj.eu\/wp-content\/uploads\/2023\/09\/logo_Najnaj_2023.svg","contentUrl":"https:\/\/najnaj.eu\/wp-content\/uploads\/2023\/09\/logo_Najnaj_2023.svg","width":501,"height":278,"caption":"NajNaj.eu"},"image":{"@id":"https:\/\/najnaj.eu\/sl\/#\/schema\/logo\/image\/"},"sameAs":["https:\/\/web.facebook.com\/najnaj.eu\/","https:\/\/www.instagram.com\/najnaj.eu\/","https:\/\/www.tiktok.com\/@najnaj.eu"]}]},"product_brand":"AeroMoov","product_price_amount":"36.95","product_price_currency":"EUR","og_availability":"instock","product_availability":"instock","product_retailer_item_id":"AL-L2-VA","product_condition":"new"},"_links":{"self":[{"href":"https:\/\/najnaj.eu\/sl\/wp-json\/wp\/v2\/product\/194357","targetHints":{"allow":["GET"]}}],"collection":[{"href":"https:\/\/najnaj.eu\/sl\/wp-json\/wp\/v2\/product"}],"about":[{"href":"https:\/\/najnaj.eu\/sl\/wp-json\/wp\/v2\/types\/product"}],"replies":[{"embeddable":true,"href":"https:\/\/najnaj.eu\/sl\/wp-json\/wp\/v2\/comments?post=194357"}],"version-history":[{"count":0,"href":"https:\/\/najnaj.eu\/sl\/wp-json\/wp\/v2\/product\/194357\/revisions"}],"wp:featuredmedia":[{"embeddable":true,"href":"https:\/\/najnaj.eu\/sl\/wp-json\/wp\/v2\/media\/157526"}],"wp:attachment":[{"href":"https:\/\/najnaj.eu\/sl\/wp-json\/wp\/v2\/media?parent=194357"}],"wp:term":[{"taxonomy":"product_brand","embeddable":true,"href":"https:\/\/najnaj.eu\/sl\/wp-json\/wp\/v2\/product_brand?post=194357"},{"taxonomy":"product_cat","embeddable":true,"href":"https:\/\/najnaj.eu\/sl\/wp-json\/wp\/v2\/product_cat?post=194357"},{"taxonomy":"product_tag","embeddable":true,"href":"https:\/\/najnaj.eu\/sl\/wp-json\/wp\/v2\/product_tag?post=194357"}],"curies":[{"name":"wp","href":"https:\/\/api.w.org\/{rel}","templated":true}]}}