{"id":194313,"date":"2023-05-26T10:01:34","date_gmt":"2023-05-26T08:01:34","guid":{"rendered":"https:\/\/najnaj.eu\/proizvod\/icandy-univerzalni-sencnik-in-mreza-proti-komarjem-2v1\/"},"modified":"2025-02-06T11:58:28","modified_gmt":"2025-02-06T10:58:28","slug":"icandy-univerzalni-sencnik-in-mreza-proti-komarjem-2v1","status":"publish","type":"product","link":"https:\/\/najnaj.eu\/sl\/izdelek\/icandy-univerzalni-sencnik-in-mreza-proti-komarjem-2v1\/","title":{"rendered":"iCandy Univerzalni sen\u010dnik in mre\u017ea proti komarjem 2v1"},"content":{"rendered":"<p>Univerzalni sen\u010dnik iCandy se lahko uporablja v na\u0161i ponudbi otro\u0161kih vozi\u010dkov in \u0161tevilnih drugih znamk otro\u0161kih vozi\u010dkov. Ta izdelek je opremljen z lastno blagovno znamko.<\/p>\n<p>Izdelek je kompatibilen tako s ko\u0161aro kot s \u0161portnim delom vozi\u010dka.<\/p>\n<p>&nbsp;<\/p>\n<p>Opozorilo:<\/p>\n<p>Priporo\u010dljivo je, da otroka tudi med uporabo sen\u010dila iCandy ne izpostavljate neposredni son\u010dni svetlobi, \u0161e posebej sredi dneva, ko je sonce najmo\u010dnej\u0161e (obi\u010dajno od 11. do 15. ure).<\/p>\n<p>Priporo\u010damo, da otroci uporabljajo ustrezno za\u0161\u010dito pred soncem in so primerno oble\u010deni tudi v senci.<\/p>\n","protected":false},"excerpt":{"rendered":"<p><strong><b>Pametna izbira za son\u010dna do\u017eivetja<\/b><\/strong><\/p>\n<p>Sen\u010dnik iCandy je oblikovan s kombinacijo blaga in mre\u017ee. Tkanina ima najvi\u0161ji SPF 50+ in u\u010dinkovito blokira do 99 % \u0161kodljivih UV \u017earkov. Mre\u017easto okno zagotavlja za\u0161\u010dito pred ble\u0161\u010danjem in ustrezno zra\u010denje, da bo va\u0161emu otroku udobno na soncu. Mre\u017ea tudi pomaga prepre\u010diti \u017eu\u017eelke stran od va\u0161ega mal\u010dka!<\/p>\n","protected":false},"featured_media":165245,"comment_status":"open","ping_status":"closed","template":"","meta":{"_acf_changed":false,"footnotes":""},"product_brand":[],"product_cat":[1152],"product_tag":[],"class_list":{"0":"post-194313","1":"product","2":"type-product","3":"status-publish","4":"has-post-thumbnail","6":"product_cat-dodaci-za-kolica-sl","7":"pa_boja-crna-sl","8":"pa_brand-icandy-sl","10":"first","11":"instock","12":"shipping-taxable","13":"purchasable","14":"product-type-simple"},"bundled_by":[],"bundle_stock_status":"instock","bundle_stock_quantity":4,"bundle_virtual":false,"bundle_layout":"","bundle_add_to_cart_form_location":"","bundle_editable_in_cart":false,"bundle_sold_individually_context":"","bundle_item_grouping":"","bundle_min_size":"","bundle_max_size":"","bundle_price":[],"bundled_items":[],"bundle_sell_ids":[],"acf":[],"yoast_head":"<!-- This site is optimized with the Yoast SEO Premium plugin v21.5 (Yoast SEO v27.3) - https:\/\/yoast.com\/product\/yoast-seo-premium-wordpress\/ -->\n<title>iCandy Univerzalni sen\u010dnik in mre\u017ea proti komarjem 2v1 - NajNaj.eu<\/title>\n<meta name=\"robots\" content=\"index, follow, max-snippet:-1, max-image-preview:large, max-video-preview:-1\" \/>\n<link rel=\"canonical\" href=\"https:\/\/najnaj.eu\/sl\/izdelek\/icandy-univerzalni-sencnik-in-mreza-proti-komarjem-2v1\/\" \/>\n<meta property=\"og:locale\" content=\"sl_SI\" \/>\n<meta property=\"og:type\" content=\"article\" \/>\n<meta property=\"og:title\" content=\"iCandy Univerzalni sen\u010dnik in mre\u017ea proti komarjem 2v1\" \/>\n<meta property=\"og:description\" content=\"Pametna izbira za son\u010dna do\u017eivetja Sen\u010dnik iCandy je oblikovan s kombinacijo blaga in mre\u017ee. Tkanina ima najvi\u0161ji SPF 50+ in u\u010dinkovito blokira do 99 % \u0161kodljivih UV \u017earkov. Mre\u017easto okno zagotavlja za\u0161\u010dito pred ble\u0161\u010danjem in ustrezno zra\u010denje, da bo va\u0161emu otroku udobno na soncu. Mre\u017ea tudi pomaga prepre\u010diti \u017eu\u017eelke stran od va\u0161ega mal\u010dka!\" \/>\n<meta property=\"og:url\" content=\"https:\/\/najnaj.eu\/sl\/izdelek\/icandy-univerzalni-sencnik-in-mreza-proti-komarjem-2v1\/\" \/>\n<meta property=\"og:site_name\" content=\"NajNaj.eu\" \/>\n<meta property=\"article:publisher\" content=\"https:\/\/web.facebook.com\/najnaj.eu\/\" \/>\n<meta property=\"article:modified_time\" content=\"2025-02-06T10:58:28+00:00\" \/>\n<meta property=\"og:image\" content=\"https:\/\/najnaj.eu\/wp-content\/uploads\/2023\/09\/the-screen-510x680-1.webp\" \/>\n\t<meta property=\"og:image:width\" content=\"510\" \/>\n\t<meta property=\"og:image:height\" content=\"680\" \/>\n\t<meta property=\"og:image:type\" content=\"image\/webp\" \/>\n<meta name=\"twitter:card\" content=\"summary_large_image\" \/>\n<meta name=\"twitter:label1\" content=\"Price\" \/>\n\t<meta name=\"twitter:data1\" content=\"39,00&nbsp;&euro;\" \/>\n\t<meta name=\"twitter:label2\" content=\"Availability\" \/>\n\t<meta name=\"twitter:data2\" content=\"In stock\" \/>\n<script type=\"application\/ld+json\" class=\"yoast-schema-graph\">{\"@context\":\"https:\\\/\\\/schema.org\",\"@graph\":[{\"@type\":\"WebPage\",\"@id\":\"https:\\\/\\\/najnaj.eu\\\/sl\\\/izdelek\\\/icandy-univerzalni-sencnik-in-mreza-proti-komarjem-2v1\\\/\",\"url\":\"https:\\\/\\\/najnaj.eu\\\/sl\\\/izdelek\\\/icandy-univerzalni-sencnik-in-mreza-proti-komarjem-2v1\\\/\",\"name\":\"iCandy Univerzalni sen\u010dnik in mre\u017ea proti komarjem 2v1 - NajNaj.eu\",\"isPartOf\":{\"@id\":\"https:\\\/\\\/najnaj.eu\\\/sl\\\/#website\"},\"primaryImageOfPage\":{\"@id\":\"https:\\\/\\\/najnaj.eu\\\/sl\\\/izdelek\\\/icandy-univerzalni-sencnik-in-mreza-proti-komarjem-2v1\\\/#primaryimage\"},\"image\":{\"@id\":\"https:\\\/\\\/najnaj.eu\\\/sl\\\/izdelek\\\/icandy-univerzalni-sencnik-in-mreza-proti-komarjem-2v1\\\/#primaryimage\"},\"thumbnailUrl\":\"https:\\\/\\\/najnaj.eu\\\/wp-content\\\/uploads\\\/2023\\\/09\\\/the-screen-510x680-1.webp\",\"datePublished\":\"2023-05-26T08:01:34+00:00\",\"dateModified\":\"2025-02-06T10:58:28+00:00\",\"breadcrumb\":{\"@id\":\"https:\\\/\\\/najnaj.eu\\\/sl\\\/izdelek\\\/icandy-univerzalni-sencnik-in-mreza-proti-komarjem-2v1\\\/#breadcrumb\"},\"inLanguage\":\"sl-SI\",\"potentialAction\":[{\"@type\":\"ReadAction\",\"target\":[\"https:\\\/\\\/najnaj.eu\\\/sl\\\/izdelek\\\/icandy-univerzalni-sencnik-in-mreza-proti-komarjem-2v1\\\/\"]}]},{\"@type\":\"ImageObject\",\"inLanguage\":\"sl-SI\",\"@id\":\"https:\\\/\\\/najnaj.eu\\\/sl\\\/izdelek\\\/icandy-univerzalni-sencnik-in-mreza-proti-komarjem-2v1\\\/#primaryimage\",\"url\":\"https:\\\/\\\/najnaj.eu\\\/wp-content\\\/uploads\\\/2023\\\/09\\\/the-screen-510x680-1.webp\",\"contentUrl\":\"https:\\\/\\\/najnaj.eu\\\/wp-content\\\/uploads\\\/2023\\\/09\\\/the-screen-510x680-1.webp\",\"width\":510,\"height\":680},{\"@type\":\"BreadcrumbList\",\"@id\":\"https:\\\/\\\/najnaj.eu\\\/sl\\\/izdelek\\\/icandy-univerzalni-sencnik-in-mreza-proti-komarjem-2v1\\\/#breadcrumb\",\"itemListElement\":[{\"@type\":\"ListItem\",\"position\":1,\"name\":\"Po\u010detna stranica\",\"item\":\"https:\\\/\\\/najnaj.eu\\\/sl\\\/prednja-stran\\\/\"},{\"@type\":\"ListItem\",\"position\":2,\"name\":\"Shop\",\"item\":\"https:\\\/\\\/najnaj.eu\\\/sl\\\/shop\\\/\"},{\"@type\":\"ListItem\",\"position\":3,\"name\":\"iCandy Univerzalni sen\u010dnik in mre\u017ea proti komarjem 2v1\"}]},{\"@type\":\"WebSite\",\"@id\":\"https:\\\/\\\/najnaj.eu\\\/sl\\\/#website\",\"url\":\"https:\\\/\\\/najnaj.eu\\\/sl\\\/\",\"name\":\"NajNaj.eu\",\"description\":\"Za najva\u017enije!\",\"publisher\":{\"@id\":\"https:\\\/\\\/najnaj.eu\\\/sl\\\/#organization\"},\"potentialAction\":[{\"@type\":\"SearchAction\",\"target\":{\"@type\":\"EntryPoint\",\"urlTemplate\":\"https:\\\/\\\/najnaj.eu\\\/sl\\\/?s={search_term_string}\"},\"query-input\":{\"@type\":\"PropertyValueSpecification\",\"valueRequired\":true,\"valueName\":\"search_term_string\"}}],\"inLanguage\":\"sl-SI\"},{\"@type\":\"Organization\",\"@id\":\"https:\\\/\\\/najnaj.eu\\\/sl\\\/#organization\",\"name\":\"NajNaj.eu\",\"url\":\"https:\\\/\\\/najnaj.eu\\\/sl\\\/\",\"logo\":{\"@type\":\"ImageObject\",\"inLanguage\":\"sl-SI\",\"@id\":\"https:\\\/\\\/najnaj.eu\\\/sl\\\/#\\\/schema\\\/logo\\\/image\\\/\",\"url\":\"https:\\\/\\\/najnaj.eu\\\/wp-content\\\/uploads\\\/2023\\\/09\\\/logo_Najnaj_2023.svg\",\"contentUrl\":\"https:\\\/\\\/najnaj.eu\\\/wp-content\\\/uploads\\\/2023\\\/09\\\/logo_Najnaj_2023.svg\",\"width\":501,\"height\":278,\"caption\":\"NajNaj.eu\"},\"image\":{\"@id\":\"https:\\\/\\\/najnaj.eu\\\/sl\\\/#\\\/schema\\\/logo\\\/image\\\/\"},\"sameAs\":[\"https:\\\/\\\/web.facebook.com\\\/najnaj.eu\\\/\",\"https:\\\/\\\/www.instagram.com\\\/najnaj.eu\\\/\",\"https:\\\/\\\/www.tiktok.com\\\/@najnaj.eu\"]}]}<\/script>\n<meta property=\"product:brand\" content=\"iCandy\" \/>\n<meta property=\"product:price:amount\" content=\"39.00\" \/>\n<meta property=\"product:price:currency\" content=\"EUR\" \/>\n<meta property=\"og:availability\" content=\"instock\" \/>\n<meta property=\"product:availability\" content=\"instock\" \/>\n<meta property=\"product:retailer_item_id\" content=\"IC1510a\" \/>\n<meta property=\"product:condition\" content=\"new\" \/>\n<!-- \/ Yoast SEO Premium plugin. -->","yoast_head_json":{"title":"iCandy Univerzalni sen\u010dnik in mre\u017ea proti komarjem 2v1 - NajNaj.eu","robots":{"index":"index","follow":"follow","max-snippet":"max-snippet:-1","max-image-preview":"max-image-preview:large","max-video-preview":"max-video-preview:-1"},"canonical":"https:\/\/najnaj.eu\/sl\/izdelek\/icandy-univerzalni-sencnik-in-mreza-proti-komarjem-2v1\/","og_locale":"sl_SI","og_type":"article","og_title":"iCandy Univerzalni sen\u010dnik in mre\u017ea proti komarjem 2v1","og_description":"Pametna izbira za son\u010dna do\u017eivetja Sen\u010dnik iCandy je oblikovan s kombinacijo blaga in mre\u017ee. Tkanina ima najvi\u0161ji SPF 50+ in u\u010dinkovito blokira do 99 % \u0161kodljivih UV \u017earkov. Mre\u017easto okno zagotavlja za\u0161\u010dito pred ble\u0161\u010danjem in ustrezno zra\u010denje, da bo va\u0161emu otroku udobno na soncu. Mre\u017ea tudi pomaga prepre\u010diti \u017eu\u017eelke stran od va\u0161ega mal\u010dka!","og_url":"https:\/\/najnaj.eu\/sl\/izdelek\/icandy-univerzalni-sencnik-in-mreza-proti-komarjem-2v1\/","og_site_name":"NajNaj.eu","article_publisher":"https:\/\/web.facebook.com\/najnaj.eu\/","article_modified_time":"2025-02-06T10:58:28+00:00","og_image":[{"width":510,"height":680,"url":"https:\/\/najnaj.eu\/wp-content\/uploads\/2023\/09\/the-screen-510x680-1.webp","type":"image\/webp"}],"twitter_card":"summary_large_image","twitter_misc":{"Price":"39,00&nbsp;&euro;","Availability":"In stock"},"schema":{"@context":"https:\/\/schema.org","@graph":[{"@type":"WebPage","@id":"https:\/\/najnaj.eu\/sl\/izdelek\/icandy-univerzalni-sencnik-in-mreza-proti-komarjem-2v1\/","url":"https:\/\/najnaj.eu\/sl\/izdelek\/icandy-univerzalni-sencnik-in-mreza-proti-komarjem-2v1\/","name":"iCandy Univerzalni sen\u010dnik in mre\u017ea proti komarjem 2v1 - NajNaj.eu","isPartOf":{"@id":"https:\/\/najnaj.eu\/sl\/#website"},"primaryImageOfPage":{"@id":"https:\/\/najnaj.eu\/sl\/izdelek\/icandy-univerzalni-sencnik-in-mreza-proti-komarjem-2v1\/#primaryimage"},"image":{"@id":"https:\/\/najnaj.eu\/sl\/izdelek\/icandy-univerzalni-sencnik-in-mreza-proti-komarjem-2v1\/#primaryimage"},"thumbnailUrl":"https:\/\/najnaj.eu\/wp-content\/uploads\/2023\/09\/the-screen-510x680-1.webp","datePublished":"2023-05-26T08:01:34+00:00","dateModified":"2025-02-06T10:58:28+00:00","breadcrumb":{"@id":"https:\/\/najnaj.eu\/sl\/izdelek\/icandy-univerzalni-sencnik-in-mreza-proti-komarjem-2v1\/#breadcrumb"},"inLanguage":"sl-SI","potentialAction":[{"@type":"ReadAction","target":["https:\/\/najnaj.eu\/sl\/izdelek\/icandy-univerzalni-sencnik-in-mreza-proti-komarjem-2v1\/"]}]},{"@type":"ImageObject","inLanguage":"sl-SI","@id":"https:\/\/najnaj.eu\/sl\/izdelek\/icandy-univerzalni-sencnik-in-mreza-proti-komarjem-2v1\/#primaryimage","url":"https:\/\/najnaj.eu\/wp-content\/uploads\/2023\/09\/the-screen-510x680-1.webp","contentUrl":"https:\/\/najnaj.eu\/wp-content\/uploads\/2023\/09\/the-screen-510x680-1.webp","width":510,"height":680},{"@type":"BreadcrumbList","@id":"https:\/\/najnaj.eu\/sl\/izdelek\/icandy-univerzalni-sencnik-in-mreza-proti-komarjem-2v1\/#breadcrumb","itemListElement":[{"@type":"ListItem","position":1,"name":"Po\u010detna stranica","item":"https:\/\/najnaj.eu\/sl\/prednja-stran\/"},{"@type":"ListItem","position":2,"name":"Shop","item":"https:\/\/najnaj.eu\/sl\/shop\/"},{"@type":"ListItem","position":3,"name":"iCandy Univerzalni sen\u010dnik in mre\u017ea proti komarjem 2v1"}]},{"@type":"WebSite","@id":"https:\/\/najnaj.eu\/sl\/#website","url":"https:\/\/najnaj.eu\/sl\/","name":"NajNaj.eu","description":"Za najva\u017enije!","publisher":{"@id":"https:\/\/najnaj.eu\/sl\/#organization"},"potentialAction":[{"@type":"SearchAction","target":{"@type":"EntryPoint","urlTemplate":"https:\/\/najnaj.eu\/sl\/?s={search_term_string}"},"query-input":{"@type":"PropertyValueSpecification","valueRequired":true,"valueName":"search_term_string"}}],"inLanguage":"sl-SI"},{"@type":"Organization","@id":"https:\/\/najnaj.eu\/sl\/#organization","name":"NajNaj.eu","url":"https:\/\/najnaj.eu\/sl\/","logo":{"@type":"ImageObject","inLanguage":"sl-SI","@id":"https:\/\/najnaj.eu\/sl\/#\/schema\/logo\/image\/","url":"https:\/\/najnaj.eu\/wp-content\/uploads\/2023\/09\/logo_Najnaj_2023.svg","contentUrl":"https:\/\/najnaj.eu\/wp-content\/uploads\/2023\/09\/logo_Najnaj_2023.svg","width":501,"height":278,"caption":"NajNaj.eu"},"image":{"@id":"https:\/\/najnaj.eu\/sl\/#\/schema\/logo\/image\/"},"sameAs":["https:\/\/web.facebook.com\/najnaj.eu\/","https:\/\/www.instagram.com\/najnaj.eu\/","https:\/\/www.tiktok.com\/@najnaj.eu"]}]},"product_brand":"iCandy","product_price_amount":"39.00","product_price_currency":"EUR","og_availability":"instock","product_availability":"instock","product_retailer_item_id":"IC1510a","product_condition":"new"},"_links":{"self":[{"href":"https:\/\/najnaj.eu\/sl\/wp-json\/wp\/v2\/product\/194313","targetHints":{"allow":["GET"]}}],"collection":[{"href":"https:\/\/najnaj.eu\/sl\/wp-json\/wp\/v2\/product"}],"about":[{"href":"https:\/\/najnaj.eu\/sl\/wp-json\/wp\/v2\/types\/product"}],"replies":[{"embeddable":true,"href":"https:\/\/najnaj.eu\/sl\/wp-json\/wp\/v2\/comments?post=194313"}],"version-history":[{"count":0,"href":"https:\/\/najnaj.eu\/sl\/wp-json\/wp\/v2\/product\/194313\/revisions"}],"wp:featuredmedia":[{"embeddable":true,"href":"https:\/\/najnaj.eu\/sl\/wp-json\/wp\/v2\/media\/165245"}],"wp:attachment":[{"href":"https:\/\/najnaj.eu\/sl\/wp-json\/wp\/v2\/media?parent=194313"}],"wp:term":[{"taxonomy":"product_brand","embeddable":true,"href":"https:\/\/najnaj.eu\/sl\/wp-json\/wp\/v2\/product_brand?post=194313"},{"taxonomy":"product_cat","embeddable":true,"href":"https:\/\/najnaj.eu\/sl\/wp-json\/wp\/v2\/product_cat?post=194313"},{"taxonomy":"product_tag","embeddable":true,"href":"https:\/\/najnaj.eu\/sl\/wp-json\/wp\/v2\/product_tag?post=194313"}],"curies":[{"name":"wp","href":"https:\/\/api.w.org\/{rel}","templated":true}]}}