{"id":194269,"date":"2023-05-29T08:30:02","date_gmt":"2023-05-29T06:30:02","guid":{"rendered":"https:\/\/najnaj.eu\/proizvod\/opora-za-noge-kneeguardkids4-besafe-izi-flex-fix-i-size-100-150-cm-crna-kabina\/"},"modified":"2026-04-24T11:37:34","modified_gmt":"2026-04-24T09:37:34","slug":"opora-za-noge-kneeguardkids4-besafe-izi-flex-fix-i-size-100-150-cm-crna-kabina","status":"publish","type":"product","link":"https:\/\/najnaj.eu\/sl\/izdelek\/opora-za-noge-kneeguardkids4-besafe-izi-flex-fix-i-size-100-150-cm-crna-kabina\/","title":{"rendered":"Opora za noge KneeGuardKids4 + BeSafe iZi Flex Fix i-Size (100 &#8211; 150 cm), \u010drna kabina"},"content":{"rendered":"<h4>Varnost in prilagodljivost v enem avtomobilskem sede\u017eu<\/h4>\n<p>BeSafe predstavlja prvi avtosede\u017e za starej\u0161e otroke (booster z naslonom) na trgu, ki v celoti ustreza novim standardom za otro\u0161ke avtosede\u017ee UN R129-02. Novi avtosede\u017e BeSafe iZi Flex FIX i-Size zagotavlja bistveno vi\u0161jo stopnjo prometne varnosti in za\u0161\u010dite otrokovega telesa in glave. Avtosede\u017e je prejel presti\u017eno nagrado &#8220;Kind + Jugend Innovation Award&#8221; v kategoriji &#8220;Otro\u0161ki svet na potovanju&#8221;.<\/p>\n<h4>Vrhunska varnost<\/h4>\n<p>Za zagotovitev maksimalne za\u0161\u010dite za otroka je BeSafe Flex FIX i-Size opremljen z inovativnimi modularnimi sistemi s tremi plastmi za\u0161\u010dite pri bo\u010dnem trku. Dodatno za\u0161\u010dito SIP+ lahko po potrebi odstranite (in brez dodatne za\u0161\u010dite je avtosede\u017e homologiran po zadnjih predpisih), \u0161e posebej, \u010de so v avtu name\u0161\u010deni trije sede\u017ei v eni vrsti. Vzglavnik v obliki \u010drke V zagotavlja udoben polo\u017eaj in oporo za spanje, otrokom pa nudi \u0161irok pogled izven avtomobila. Sede\u017e nima nepotrebnih rogov za vodilo pasu, kar zmanj\u0161uje mo\u017enost napa\u010dne uporabe in pove\u010duje varnost, ima pa povsem novo medno\u017eno zaponko, ki se zgleduje po nose\u010dni\u0161kem pasu BeSafe, ki pomaga ohranjati medeni\u010dni pas v optimalnem polo\u017eaju na otrokovih bokih.<\/p>\n<h4>Edinstvena prilagodljivost prostora<\/h4>\n<p>Vi\u0161ino avtosede\u017ea lahko enostavno nastavite od 100 do 150 cm, kar lahko naredite na obeh straneh sede\u017ea, medtem ko otrok v njem sedi. Mo\u017enost odstranitve dodatne bo\u010dne za\u0161\u010dite (SIP+) omogo\u010da namestitev 3 avtosede\u017eev, ali 3 oseb na zadnjo klop avtomobila.<\/p>\n<h4>Maksimalno udobje za otroka in prakti\u010dnost za star\u0161e<\/h4>\n<p>BeSafe iZi Flex FIX i-Size je zasnovan tako, da zagotavlja maksimalno udobje za otroke z naslonjalom, ki raste z otrokom in ima mo\u017enost nagibanja v polo\u017eaj za spanje. Prakti\u010dnost uporabe za star\u0161e zagotavljajo: enostavno pripenjanje otroka, enostavna namestitev in modularnost sede\u017ea, katerega naslonjalo je prilagojeno razli\u010dnim tipom avtosede\u017eev in prostorom razli\u010dnih velikosti.<\/p>\n<p>Te\u017ea avtosede\u017ea: 7 kg<br \/>\nD x \u0160 x V: 42 x 52 x 64 cm (v najni\u017ejem polo\u017eaju in vklju\u010dno s SIP za\u0161\u010dito)<br \/>\n\u0160irina brez SIP za\u0161\u010dite: 44 cm<br \/>\nVi\u0161ina sede\u017ea v najvi\u0161jem polo\u017eaju: 82 cm<\/p>\n<h4><strong>KneeGuardKids4<\/strong><\/h4>\n<p>Prva popolnoma nastavljiva opora za noge, testirana v trku!<br \/>\nPomaga, da va\u0161 otrok pravilno sedi v katerem koli naprej obrnjenem avtosede\u017eu brez opore za noge, kadar koli potujete z avtomobilom, ne glede na razdaljo.<br \/>\nOpora za noge prepre\u010duje odrevenelost otrokovih nog, saj te ne bodo ve\u010d po\u010divale na robovih avtosede\u017ea in povzro\u010dale pritisk pod koleni.<br \/>\nPomembno je, da KneeGuardKids, ko podpira noge, pomaga, da se otrokov hrbet nasloni na sede\u017e, glava pa ostane znotraj za\u0161\u010ditenega obmo\u010dja.<\/p>\n<p>Enostaven za sestavo in prilagajanje individualnim ali potrebam majhnega potnika.<br \/>\nPrimeren je za otroke tudi do 9-10 let.<br \/>\nPrimerno za avtomobile z in brez ISOFIX.<br \/>\nV obeh primerih je opora za noge pritrjena enako varno.<br \/>\nV primeru nesre\u010de se ne premika po vozilu, zato ne ogro\u017ea potnikov. Priporo\u010dljivo je za otroke, ki udarijo ob sede\u017e s sprednje strani ali imajo bole\u010dine v nogah in hrbtu.<\/p>\n<p>Tehni\u010dne specifikacije<\/p>\n<p>Zdru\u017eljiv z vsemi naprej obrnjenimi avtosede\u017ei, brez nosilne noge.<\/p>\n<p>Za otroke do 10 let (manj kot 30 kg)<br \/>\nDimenzije:<br \/>\nPlo\u0161\u010da za noge 38 \u00d7 20 \u00d7 3,2 cm<br \/>\nTrak za nadzor vi\u0161ine 6,5 \u00d7 8 \u00d7 32,5 cm<br \/>\nPlo\u0161\u010da za noge 31,5 \u00d7 15 \u00d7 2 cm<\/p>\n<p>Obmo\u010dje nastavitve vi\u0161ine (54 cm) in kota (135\u00b0)<\/p>\n<p>Te\u017ea izdelka: 1,5 kg<br \/>\nTe\u017ea izdelka z embala\u017eo: 1,9 kg<br \/>\nMateriali: ABS, PP, PC<br \/>\nBarva: temno siva<br \/>\nOblikovano v Ju\u017eni Koreji<br \/>\nIzdelano na Kitajskem<br \/>\nIzdelek za\u0161\u010diten s patentnim pravom<br \/>\nGarancija &#8211; 24 mesecev<\/p>\n","protected":false},"excerpt":{"rendered":"<div><span style=\"font-size: 1rem;\">BeSafe iZi Flex FIX i-Size je zasnovan tako, da zagotavlja maksimalno udobje za otroke z naslonjalom, ki raste z otrokom in ima mo\u017enost nagibanja v polo\u017eaj za spanje. Prakti\u010dnost uporabe za star\u0161e zagotavljajo: enostavno pripenjanje otroka, enostavna namestitev in modularnost sede\u017ea, katerega naslonjalo je prilagojeno razli\u010dnim tipom avtosede\u017eev in prostorom razli\u010dnih velikosti.<\/span><\/div>\n<div class=\"product-short-description\">\n<p><span style=\"font-size: 1rem;\">Prvi avtosede\u017e za starej\u0161e otroke, skladen z novimi varnostnimi standardi.<\/span><\/p>\n<p>Za varno in udobno vo\u017enjo brez otrplosti nog!<\/p>\n<\/div>\n<p>BeSafe iZi Flex FIX i-Size je avtosede\u017e (booster z naslonom) za otroke z vi\u0161ino 100-150 cm (starost: 4-12 let), ki ima odli\u010dne varnostne lastnosti in prina\u0161a visoke standarde udobja ter prilagodljive re\u0161itve, ki omogo\u010dajo enostavno namestitev in nastavitev sede\u017ea ter vo\u017enjo treh oseb na zadnji klopi avtomobila. BeSafe iZi Flex FIX i-Size je odobren v skladu z najnovej\u0161o uredbo UN R129-02, ki je za\u010dela veljati junija 2017.<\/p>\n<p>Prva opora za noge KneeGuardKids4 je bila preizku\u0161ena pri tr\u010denju in zasnovana za otroke, ki udarijo ob sprednji sede\u017e ali imajo bole\u010dine v nogah in hrbtu. Enostavno ga je namestiti in prilagoditi vi\u0161ini otrok ter pomaga, da otrok pravilno sedi v katerem koli avtosede\u017eu brez oporne noge, obrnjene v smeri vo\u017enje.<\/p>\n<p>*Upo\u0161tevajte, da je navedeni starostni razpon le smernica, ki temelji na povpre\u010dnih vrednostih in ne omejuje ali jam\u010di \u010dasa uporabe<\/p>\n","protected":false},"featured_media":165528,"comment_status":"open","ping_status":"closed","template":"","meta":{"_acf_changed":false,"footnotes":""},"product_brand":[],"product_cat":[1204,1343],"product_tag":[],"class_list":{"0":"post-194269","1":"product","2":"type-product","3":"status-publish","4":"has-post-thumbnail","6":"product_cat-avto-sedezi","7":"product_cat-starejsi-otroci-od-4-let","8":"pa_atest-ece-r129-i-size-sl","9":"pa_boja-anthracite-mesh-sl","10":"pa_boja-black-cab-sl","11":"pa_boja-black-soft-breeze-sl","12":"pa_boja-dark-sand-soft-breeze-sl","13":"pa_boja-meadow-green-soft-breeze-sl","14":"pa_boja-metallic-grey-sl","15":"pa_boja-peak-mesh-sl","16":"pa_boja-sea-green-sl","17":"pa_brand-besafe-sl","18":"pa_brand-kneeguardkids-sl","19":"pa_nacin-postavljanja-automobilski-pojas-sl","20":"pa_nacin-postavljanja-isofix-sl","21":"pa_visina-djeteta-od-100-do-150-cm-sl","23":"first","24":"instock","25":"purchasable","26":"product-type-variable"},"bundled_by":[],"bundle_stock_status":"instock","bundle_stock_quantity":null,"bundle_virtual":false,"bundle_layout":"","bundle_add_to_cart_form_location":"","bundle_editable_in_cart":false,"bundle_sold_individually_context":"","bundle_item_grouping":"","bundle_min_size":"","bundle_max_size":"","bundle_price":[],"bundled_items":[],"bundle_sell_ids":[],"acf":[],"yoast_head":"<!-- This site is optimized with the Yoast SEO Premium plugin v21.5 (Yoast SEO v27.4) - https:\/\/yoast.com\/product\/yoast-seo-premium-wordpress\/ -->\n<title>Opora za noge KneeGuardKids4 + BeSafe iZi Flex Fix i-Size (100 - 150 cm), \u010drna kabina - NajNaj.eu<\/title>\n<meta name=\"robots\" content=\"index, follow, max-snippet:-1, max-image-preview:large, max-video-preview:-1\" \/>\n<link rel=\"canonical\" href=\"https:\/\/najnaj.eu\/sl\/izdelek\/opora-za-noge-kneeguardkids4-besafe-izi-flex-fix-i-size-100-150-cm-crna-kabina\/\" \/>\n<meta property=\"og:locale\" content=\"sl_SI\" \/>\n<meta property=\"og:type\" content=\"article\" \/>\n<meta property=\"og:title\" content=\"Opora za noge KneeGuardKids4 + BeSafe iZi Flex Fix i-Size (100 - 150 cm), \u010drna kabina\" \/>\n<meta property=\"og:description\" content=\"BeSafe iZi Flex FIX i-Size je zasnovan tako, da zagotavlja maksimalno udobje za otroke z naslonjalom, ki raste z otrokom in ima mo\u017enost nagibanja v polo\u017eaj za spanje. Prakti\u010dnost uporabe za star\u0161e zagotavljajo: enostavno pripenjanje otroka, enostavna namestitev in modularnost sede\u017ea, katerega naslonjalo je prilagojeno razli\u010dnim tipom avtosede\u017eev in prostorom razli\u010dnih velikosti.  Prvi avtosede\u017e za starej\u0161e otroke, skladen z novimi varnostnimi standardi. Za varno in udobno vo\u017enjo brez otrplosti nog!  BeSafe iZi Flex FIX i-Size je avtosede\u017e (booster z naslonom) za otroke z vi\u0161ino 100-150 cm (starost: 4-12 let), ki ima odli\u010dne varnostne lastnosti in prina\u0161a visoke standarde udobja ter prilagodljive re\u0161itve, ki omogo\u010dajo enostavno namestitev in nastavitev sede\u017ea ter vo\u017enjo treh oseb na zadnji klopi avtomobila. BeSafe iZi Flex FIX i-Size je odobren v skladu z najnovej\u0161o uredbo UN R129-02, ki je za\u010dela veljati junija 2017. Prva opora za noge KneeGuardKids4 je bila preizku\u0161ena pri tr\u010denju in zasnovana za otroke, ki udarijo ob sprednji sede\u017e ali imajo bole\u010dine v nogah in hrbtu. Enostavno ga je namestiti in prilagoditi vi\u0161ini otrok ter pomaga, da otrok pravilno sedi v katerem koli avtosede\u017eu brez oporne noge, obrnjene v smeri vo\u017enje. *Upo\u0161tevajte, da je navedeni starostni razpon le smernica, ki temelji na povpre\u010dnih vrednostih in ne omejuje ali jam\u010di \u010dasa uporabe\" \/>\n<meta property=\"og:url\" content=\"https:\/\/najnaj.eu\/sl\/izdelek\/opora-za-noge-kneeguardkids4-besafe-izi-flex-fix-i-size-100-150-cm-crna-kabina\/\" \/>\n<meta property=\"og:site_name\" content=\"NajNaj.eu\" \/>\n<meta property=\"article:publisher\" content=\"https:\/\/web.facebook.com\/najnaj.eu\/\" \/>\n<meta property=\"article:modified_time\" content=\"2026-04-24T09:37:34+00:00\" \/>\n<meta property=\"og:image\" content=\"https:\/\/najnaj.eu\/wp-content\/uploads\/2023\/10\/Flex-i-KneeGuard-5.jpg\" \/>\n\t<meta property=\"og:image:width\" content=\"1080\" \/>\n\t<meta property=\"og:image:height\" content=\"1080\" \/>\n\t<meta property=\"og:image:type\" content=\"image\/jpeg\" \/>\n<meta name=\"twitter:card\" content=\"summary_large_image\" \/>\n<meta name=\"twitter:label1\" content=\"Availability\" \/>\n\t<meta name=\"twitter:data1\" content=\"In stock\" \/>\n<script type=\"application\/ld+json\" class=\"yoast-schema-graph\">{\"@context\":\"https:\\\/\\\/schema.org\",\"@graph\":[{\"@type\":\"WebPage\",\"@id\":\"https:\\\/\\\/najnaj.eu\\\/sl\\\/izdelek\\\/opora-za-noge-kneeguardkids4-besafe-izi-flex-fix-i-size-100-150-cm-crna-kabina\\\/\",\"url\":\"https:\\\/\\\/najnaj.eu\\\/sl\\\/izdelek\\\/opora-za-noge-kneeguardkids4-besafe-izi-flex-fix-i-size-100-150-cm-crna-kabina\\\/\",\"name\":\"Opora za noge KneeGuardKids4 + BeSafe iZi Flex Fix i-Size (100 - 150 cm), \u010drna kabina - NajNaj.eu\",\"isPartOf\":{\"@id\":\"https:\\\/\\\/najnaj.eu\\\/sl\\\/#website\"},\"primaryImageOfPage\":{\"@id\":\"https:\\\/\\\/najnaj.eu\\\/sl\\\/izdelek\\\/opora-za-noge-kneeguardkids4-besafe-izi-flex-fix-i-size-100-150-cm-crna-kabina\\\/#primaryimage\"},\"image\":{\"@id\":\"https:\\\/\\\/najnaj.eu\\\/sl\\\/izdelek\\\/opora-za-noge-kneeguardkids4-besafe-izi-flex-fix-i-size-100-150-cm-crna-kabina\\\/#primaryimage\"},\"thumbnailUrl\":\"https:\\\/\\\/najnaj.eu\\\/wp-content\\\/uploads\\\/2023\\\/10\\\/Flex-i-KneeGuard-5.jpg\",\"datePublished\":\"2023-05-29T06:30:02+00:00\",\"dateModified\":\"2026-04-24T09:37:34+00:00\",\"breadcrumb\":{\"@id\":\"https:\\\/\\\/najnaj.eu\\\/sl\\\/izdelek\\\/opora-za-noge-kneeguardkids4-besafe-izi-flex-fix-i-size-100-150-cm-crna-kabina\\\/#breadcrumb\"},\"inLanguage\":\"sl-SI\",\"potentialAction\":[{\"@type\":\"ReadAction\",\"target\":[\"https:\\\/\\\/najnaj.eu\\\/sl\\\/izdelek\\\/opora-za-noge-kneeguardkids4-besafe-izi-flex-fix-i-size-100-150-cm-crna-kabina\\\/\"]}]},{\"@type\":\"ImageObject\",\"inLanguage\":\"sl-SI\",\"@id\":\"https:\\\/\\\/najnaj.eu\\\/sl\\\/izdelek\\\/opora-za-noge-kneeguardkids4-besafe-izi-flex-fix-i-size-100-150-cm-crna-kabina\\\/#primaryimage\",\"url\":\"https:\\\/\\\/najnaj.eu\\\/wp-content\\\/uploads\\\/2023\\\/10\\\/Flex-i-KneeGuard-5.jpg\",\"contentUrl\":\"https:\\\/\\\/najnaj.eu\\\/wp-content\\\/uploads\\\/2023\\\/10\\\/Flex-i-KneeGuard-5.jpg\",\"width\":1080,\"height\":1080},{\"@type\":\"BreadcrumbList\",\"@id\":\"https:\\\/\\\/najnaj.eu\\\/sl\\\/izdelek\\\/opora-za-noge-kneeguardkids4-besafe-izi-flex-fix-i-size-100-150-cm-crna-kabina\\\/#breadcrumb\",\"itemListElement\":[{\"@type\":\"ListItem\",\"position\":1,\"name\":\"Po\u010detna stranica\",\"item\":\"https:\\\/\\\/najnaj.eu\\\/sl\\\/prednja-stran\\\/\"},{\"@type\":\"ListItem\",\"position\":2,\"name\":\"Shop\",\"item\":\"https:\\\/\\\/najnaj.eu\\\/sl\\\/shop\\\/\"},{\"@type\":\"ListItem\",\"position\":3,\"name\":\"Opora za noge KneeGuardKids4 + BeSafe iZi Flex Fix i-Size (100 &#8211; 150 cm), \u010drna kabina\"}]},{\"@type\":\"WebSite\",\"@id\":\"https:\\\/\\\/najnaj.eu\\\/sl\\\/#website\",\"url\":\"https:\\\/\\\/najnaj.eu\\\/sl\\\/\",\"name\":\"NajNaj.eu\",\"description\":\"Za najva\u017enije!\",\"publisher\":{\"@id\":\"https:\\\/\\\/najnaj.eu\\\/sl\\\/#organization\"},\"potentialAction\":[{\"@type\":\"SearchAction\",\"target\":{\"@type\":\"EntryPoint\",\"urlTemplate\":\"https:\\\/\\\/najnaj.eu\\\/sl\\\/?s={search_term_string}\"},\"query-input\":{\"@type\":\"PropertyValueSpecification\",\"valueRequired\":true,\"valueName\":\"search_term_string\"}}],\"inLanguage\":\"sl-SI\"},{\"@type\":\"Organization\",\"@id\":\"https:\\\/\\\/najnaj.eu\\\/sl\\\/#organization\",\"name\":\"NajNaj.eu\",\"url\":\"https:\\\/\\\/najnaj.eu\\\/sl\\\/\",\"logo\":{\"@type\":\"ImageObject\",\"inLanguage\":\"sl-SI\",\"@id\":\"https:\\\/\\\/najnaj.eu\\\/sl\\\/#\\\/schema\\\/logo\\\/image\\\/\",\"url\":\"https:\\\/\\\/najnaj.eu\\\/wp-content\\\/uploads\\\/2023\\\/09\\\/logo_Najnaj_2023.svg\",\"contentUrl\":\"https:\\\/\\\/najnaj.eu\\\/wp-content\\\/uploads\\\/2023\\\/09\\\/logo_Najnaj_2023.svg\",\"width\":501,\"height\":278,\"caption\":\"NajNaj.eu\"},\"image\":{\"@id\":\"https:\\\/\\\/najnaj.eu\\\/sl\\\/#\\\/schema\\\/logo\\\/image\\\/\"},\"sameAs\":[\"https:\\\/\\\/web.facebook.com\\\/najnaj.eu\\\/\",\"https:\\\/\\\/www.instagram.com\\\/najnaj.eu\\\/\",\"https:\\\/\\\/www.tiktok.com\\\/@najnaj.eu\"]}]}<\/script>\n<meta property=\"product:brand\" content=\"BeSafe\" \/>\n<meta property=\"og:availability\" content=\"instock\" \/>\n<meta property=\"product:availability\" content=\"instock\" \/>\n<meta property=\"product:retailer_item_id\" content=\"KG+FlexFix2\" \/>\n<meta property=\"product:condition\" content=\"new\" \/>\n<!-- \/ Yoast SEO Premium plugin. -->","yoast_head_json":{"title":"Opora za noge KneeGuardKids4 + BeSafe iZi Flex Fix i-Size (100 - 150 cm), \u010drna kabina - NajNaj.eu","robots":{"index":"index","follow":"follow","max-snippet":"max-snippet:-1","max-image-preview":"max-image-preview:large","max-video-preview":"max-video-preview:-1"},"canonical":"https:\/\/najnaj.eu\/sl\/izdelek\/opora-za-noge-kneeguardkids4-besafe-izi-flex-fix-i-size-100-150-cm-crna-kabina\/","og_locale":"sl_SI","og_type":"article","og_title":"Opora za noge KneeGuardKids4 + BeSafe iZi Flex Fix i-Size (100 - 150 cm), \u010drna kabina","og_description":"BeSafe iZi Flex FIX i-Size je zasnovan tako, da zagotavlja maksimalno udobje za otroke z naslonjalom, ki raste z otrokom in ima mo\u017enost nagibanja v polo\u017eaj za spanje. Prakti\u010dnost uporabe za star\u0161e zagotavljajo: enostavno pripenjanje otroka, enostavna namestitev in modularnost sede\u017ea, katerega naslonjalo je prilagojeno razli\u010dnim tipom avtosede\u017eev in prostorom razli\u010dnih velikosti.  Prvi avtosede\u017e za starej\u0161e otroke, skladen z novimi varnostnimi standardi. Za varno in udobno vo\u017enjo brez otrplosti nog!  BeSafe iZi Flex FIX i-Size je avtosede\u017e (booster z naslonom) za otroke z vi\u0161ino 100-150 cm (starost: 4-12 let), ki ima odli\u010dne varnostne lastnosti in prina\u0161a visoke standarde udobja ter prilagodljive re\u0161itve, ki omogo\u010dajo enostavno namestitev in nastavitev sede\u017ea ter vo\u017enjo treh oseb na zadnji klopi avtomobila. BeSafe iZi Flex FIX i-Size je odobren v skladu z najnovej\u0161o uredbo UN R129-02, ki je za\u010dela veljati junija 2017. Prva opora za noge KneeGuardKids4 je bila preizku\u0161ena pri tr\u010denju in zasnovana za otroke, ki udarijo ob sprednji sede\u017e ali imajo bole\u010dine v nogah in hrbtu. Enostavno ga je namestiti in prilagoditi vi\u0161ini otrok ter pomaga, da otrok pravilno sedi v katerem koli avtosede\u017eu brez oporne noge, obrnjene v smeri vo\u017enje. *Upo\u0161tevajte, da je navedeni starostni razpon le smernica, ki temelji na povpre\u010dnih vrednostih in ne omejuje ali jam\u010di \u010dasa uporabe","og_url":"https:\/\/najnaj.eu\/sl\/izdelek\/opora-za-noge-kneeguardkids4-besafe-izi-flex-fix-i-size-100-150-cm-crna-kabina\/","og_site_name":"NajNaj.eu","article_publisher":"https:\/\/web.facebook.com\/najnaj.eu\/","article_modified_time":"2026-04-24T09:37:34+00:00","og_image":[{"width":1080,"height":1080,"url":"https:\/\/najnaj.eu\/wp-content\/uploads\/2023\/10\/Flex-i-KneeGuard-5.jpg","type":"image\/jpeg"}],"twitter_card":"summary_large_image","twitter_misc":{"Availability":"In stock"},"schema":{"@context":"https:\/\/schema.org","@graph":[{"@type":"WebPage","@id":"https:\/\/najnaj.eu\/sl\/izdelek\/opora-za-noge-kneeguardkids4-besafe-izi-flex-fix-i-size-100-150-cm-crna-kabina\/","url":"https:\/\/najnaj.eu\/sl\/izdelek\/opora-za-noge-kneeguardkids4-besafe-izi-flex-fix-i-size-100-150-cm-crna-kabina\/","name":"Opora za noge KneeGuardKids4 + BeSafe iZi Flex Fix i-Size (100 - 150 cm), \u010drna kabina - NajNaj.eu","isPartOf":{"@id":"https:\/\/najnaj.eu\/sl\/#website"},"primaryImageOfPage":{"@id":"https:\/\/najnaj.eu\/sl\/izdelek\/opora-za-noge-kneeguardkids4-besafe-izi-flex-fix-i-size-100-150-cm-crna-kabina\/#primaryimage"},"image":{"@id":"https:\/\/najnaj.eu\/sl\/izdelek\/opora-za-noge-kneeguardkids4-besafe-izi-flex-fix-i-size-100-150-cm-crna-kabina\/#primaryimage"},"thumbnailUrl":"https:\/\/najnaj.eu\/wp-content\/uploads\/2023\/10\/Flex-i-KneeGuard-5.jpg","datePublished":"2023-05-29T06:30:02+00:00","dateModified":"2026-04-24T09:37:34+00:00","breadcrumb":{"@id":"https:\/\/najnaj.eu\/sl\/izdelek\/opora-za-noge-kneeguardkids4-besafe-izi-flex-fix-i-size-100-150-cm-crna-kabina\/#breadcrumb"},"inLanguage":"sl-SI","potentialAction":[{"@type":"ReadAction","target":["https:\/\/najnaj.eu\/sl\/izdelek\/opora-za-noge-kneeguardkids4-besafe-izi-flex-fix-i-size-100-150-cm-crna-kabina\/"]}]},{"@type":"ImageObject","inLanguage":"sl-SI","@id":"https:\/\/najnaj.eu\/sl\/izdelek\/opora-za-noge-kneeguardkids4-besafe-izi-flex-fix-i-size-100-150-cm-crna-kabina\/#primaryimage","url":"https:\/\/najnaj.eu\/wp-content\/uploads\/2023\/10\/Flex-i-KneeGuard-5.jpg","contentUrl":"https:\/\/najnaj.eu\/wp-content\/uploads\/2023\/10\/Flex-i-KneeGuard-5.jpg","width":1080,"height":1080},{"@type":"BreadcrumbList","@id":"https:\/\/najnaj.eu\/sl\/izdelek\/opora-za-noge-kneeguardkids4-besafe-izi-flex-fix-i-size-100-150-cm-crna-kabina\/#breadcrumb","itemListElement":[{"@type":"ListItem","position":1,"name":"Po\u010detna stranica","item":"https:\/\/najnaj.eu\/sl\/prednja-stran\/"},{"@type":"ListItem","position":2,"name":"Shop","item":"https:\/\/najnaj.eu\/sl\/shop\/"},{"@type":"ListItem","position":3,"name":"Opora za noge KneeGuardKids4 + BeSafe iZi Flex Fix i-Size (100 &#8211; 150 cm), \u010drna kabina"}]},{"@type":"WebSite","@id":"https:\/\/najnaj.eu\/sl\/#website","url":"https:\/\/najnaj.eu\/sl\/","name":"NajNaj.eu","description":"Za najva\u017enije!","publisher":{"@id":"https:\/\/najnaj.eu\/sl\/#organization"},"potentialAction":[{"@type":"SearchAction","target":{"@type":"EntryPoint","urlTemplate":"https:\/\/najnaj.eu\/sl\/?s={search_term_string}"},"query-input":{"@type":"PropertyValueSpecification","valueRequired":true,"valueName":"search_term_string"}}],"inLanguage":"sl-SI"},{"@type":"Organization","@id":"https:\/\/najnaj.eu\/sl\/#organization","name":"NajNaj.eu","url":"https:\/\/najnaj.eu\/sl\/","logo":{"@type":"ImageObject","inLanguage":"sl-SI","@id":"https:\/\/najnaj.eu\/sl\/#\/schema\/logo\/image\/","url":"https:\/\/najnaj.eu\/wp-content\/uploads\/2023\/09\/logo_Najnaj_2023.svg","contentUrl":"https:\/\/najnaj.eu\/wp-content\/uploads\/2023\/09\/logo_Najnaj_2023.svg","width":501,"height":278,"caption":"NajNaj.eu"},"image":{"@id":"https:\/\/najnaj.eu\/sl\/#\/schema\/logo\/image\/"},"sameAs":["https:\/\/web.facebook.com\/najnaj.eu\/","https:\/\/www.instagram.com\/najnaj.eu\/","https:\/\/www.tiktok.com\/@najnaj.eu"]}]},"product_brand":"BeSafe","og_availability":"instock","product_availability":"instock","product_retailer_item_id":"KG+FlexFix2","product_condition":"new"},"_links":{"self":[{"href":"https:\/\/najnaj.eu\/sl\/wp-json\/wp\/v2\/product\/194269","targetHints":{"allow":["GET"]}}],"collection":[{"href":"https:\/\/najnaj.eu\/sl\/wp-json\/wp\/v2\/product"}],"about":[{"href":"https:\/\/najnaj.eu\/sl\/wp-json\/wp\/v2\/types\/product"}],"replies":[{"embeddable":true,"href":"https:\/\/najnaj.eu\/sl\/wp-json\/wp\/v2\/comments?post=194269"}],"version-history":[{"count":0,"href":"https:\/\/najnaj.eu\/sl\/wp-json\/wp\/v2\/product\/194269\/revisions"}],"wp:featuredmedia":[{"embeddable":true,"href":"https:\/\/najnaj.eu\/sl\/wp-json\/wp\/v2\/media\/165528"}],"wp:attachment":[{"href":"https:\/\/najnaj.eu\/sl\/wp-json\/wp\/v2\/media?parent=194269"}],"wp:term":[{"taxonomy":"product_brand","embeddable":true,"href":"https:\/\/najnaj.eu\/sl\/wp-json\/wp\/v2\/product_brand?post=194269"},{"taxonomy":"product_cat","embeddable":true,"href":"https:\/\/najnaj.eu\/sl\/wp-json\/wp\/v2\/product_cat?post=194269"},{"taxonomy":"product_tag","embeddable":true,"href":"https:\/\/najnaj.eu\/sl\/wp-json\/wp\/v2\/product_tag?post=194269"}],"curies":[{"name":"wp","href":"https:\/\/api.w.org\/{rel}","templated":true}]}}