{"id":194250,"date":"2025-01-05T12:11:57","date_gmt":"2025-01-05T11:11:57","guid":{"rendered":"https:\/\/najnaj.eu\/proizvod\/besafe-izi-turn-m-i-size-antracitna-mreza-temno-siva\/"},"modified":"2025-12-04T08:43:33","modified_gmt":"2025-12-04T07:43:33","slug":"besafe-izi-turn-m-i-size-antracitna-mreza-temno-siva","status":"publish","type":"product","link":"https:\/\/najnaj.eu\/sl\/izdelek\/besafe-izi-turn-m-i-size-antracitna-mreza-temno-siva\/","title":{"rendered":"BeSafe iZi Turn M i-Size, antracitna mre\u017ea, temno siva"},"content":{"rendered":"<h3>Digitalna funkcija, ki vam pomaga za\u0161\u010dititi va\u0161ega otroka<\/h3>\n<p>Prvi popolnoma integriran digitalni varnostni sistem na svetu vas bo obvestil, \u010de je otrok med vo\u017enjo odpet in \u010de ga pomotoma pustite samega v avtu.<\/p>\n<p>BeSafe iZi Turn M i-Size je s telefonom povezan preko aplikacije BeSafe DigitalSafety<br \/>\nBeSafe in Holmbergs sta razvila prvi avtosede\u017e na svetu s popolnoma integriranim digitalnim varnostnim sistemom.<br \/>\nTa inteligentni sistem DigitalSafety\u2122 pomaga star\u0161em za\u0161\u010dititi svoje otroke. Senzor se nahaja v e-zaponki avtomobilskega sede\u017ea, ki je povezana s sredino, integrirano v sede\u017eu. Integrirano sredi\u0161\u010de sede\u017ea komunicira neposredno z aplikacijo za pametni telefon BeSafe. Na ta na\u010din star\u0161i prejmejo obvestilo, ali je eKop\u010da odprta ali \u010de je otrok \u0161e v sede\u017eu, ko star\u0161i zapustijo vozilo.<br \/>\nTo je pametnej\u0161i in bolj povezan na\u010din za za\u0161\u010dito vsake dru\u017eine.<\/p>\n<h3>Dvoslojna varnost<\/h3>\n<p>Integrirana za\u0161\u010dita pred bo\u010dnim trkom (SIP) v lupini sede\u017ea<br \/>\nDodatna bo\u010dna za\u0161\u010dita (SIP+) s prilagojeno obliko<br \/>\nZa\u0161\u010ditna in mehka opora za glavo z inovativnim sistemom Dynamic Force Absorber\u2122<br \/>\nOdobreno v skladu z najnovej\u0161im standardom UN R129<br \/>\nOmogo\u010da 5x varnej\u0161o vo\u017enjo v nasprotni smeri vo\u017enje do pribli\u017eno 4. leta<\/p>\n<h3>Vrhunska funkcionalnost za preprosto vsakodnevno uporabo<\/h3>\n<p>Sistem Holmbergs DigitalSafety\u2122, ki vam pomaga za\u0161\u010dititi va\u0161ega otroka<br \/>\nMagnetic Belt Assistants\u2122 olaj\u0161a vstopanje in izstopanje iz avtomobilskega sede\u017ea<br \/>\nPolno vrtenje za 360 stopinj za prilagodljivo uporabo<br \/>\nNastavljiv polo\u017eaj naslonjala tudi po namestitvi sede\u017ea<br \/>\nOpti\u010dni in zvo\u010dni indikatorji za povratne informacije o namestitvi<br \/>\nNastavitev vzglavnika in pasov z enim potegom<\/p>\n<h3>Individualizirano udobje<\/h3>\n<p>Universal-Level-Technology\u2122 \u2013 sistem za optimalen kot sedenja v vsakem avtomobilu<br \/>\nVisoko kakovostni materiali<br \/>\nTwo-Fit Cushions\u2122 &#8211; mehke podporne blazine za stabilnost in podporo<br \/>\nIzjemno udobje s 4 polo\u017eaji nagiba<br \/>\nNastavljiv vzglavnik v 10 polo\u017eajev, ki sledi rasti otroka<br \/>\nOdli\u010dna zra\u010dnost zahvaljujo\u010d prezra\u010devalnemu sistemu na hrbtni strani<\/p>\n<p>Tehni\u010dne informacije<\/p>\n<p>Certifikat: UN R129 (i-Size)<br \/>\nVi\u0161ina: 61-105 cm (nasprotno od smeri vo\u017enje) 88-105 cm (v smeri vo\u017enje)<br \/>\nMaks. te\u017ea: 18 kg<br \/>\nStarost: pribl. 6 mesecev \u2013 4 leta<br \/>\nSmer: Nasprotno od smeri vo\u017enje ali smeri vo\u017enje<br \/>\nNamestitev: ISOfix<br \/>\nTe\u017ea avtosede\u017ea: 15 kg<br \/>\nDimenzije avtosede\u017ea:<br \/>\n\u0160 x G x V: 44 x 73 x 50 cm (z vzglavnikom v najni\u017ejem polo\u017eaju)<br \/>\nVi\u0161ina sede\u017ea z vzglavnikom v najvi\u0161jem polo\u017eaju: 62 cm<\/p>\n","protected":false},"excerpt":{"rendered":"<p>Digitalna funkcija, ki vam pomaga za\u0161\u010dititi va\u0161ega otroka<br \/>\nPrvi popolnoma integriran digitalni varnostni sistem na svetu vas bo obvestil, \u010de je otrok med vo\u017enjo odpet in \u010de ga pomotoma pustite samega v avtu.<br \/>\nVi\u0161ina: nasprotna smer 61-105 cm, smer vo\u017enje 88-105 cm<br \/>\nmaks. te\u017ea: 18 kg<br \/>\nStarost: pribl. 6 mesecev do 4 leta<br \/>\nCertifikat: UN R129 (i-Size)<br \/>\nNamestitev: ISOfix<br \/>\nSmer: Nasprotno od smeri vo\u017enje ali smeri vo\u017enje<br \/>\nDvoslojna varnost &#8211; podporne blazinice<br \/>\nPrakti\u010dna in enostavna za uporabo<br \/>\nUniversal Level Technology\u2122 &#8211; prilagoditev za maksimalno udobje<br \/>\nDynamic Force Absorber\u2122 \u2013 inovacija pri za\u0161\u010diti pred bo\u010dnim trkom<\/p>\n","protected":false},"featured_media":156284,"comment_status":"open","ping_status":"closed","template":"","meta":{"_acf_changed":false,"footnotes":""},"product_brand":[],"product_cat":[1204,1317],"product_tag":[],"class_list":{"0":"post-194250","1":"product","2":"type-product","3":"status-publish","4":"has-post-thumbnail","6":"product_cat-avto-sedezi","7":"product_cat-majhni-otroci-1-4-let","8":"pa_atest-ece-r129-i-size-sl","9":"pa_boja-siva-sl","10":"pa_brand-besafe-sl","11":"pa_nacin-postavljanja-isofix-sl","12":"pa_visina-djeteta-od-61-do-105-cm-sl","14":"first","15":"instock","16":"purchasable","17":"product-type-simple"},"bundled_by":[],"bundle_stock_status":"instock","bundle_stock_quantity":1,"bundle_virtual":false,"bundle_layout":"","bundle_add_to_cart_form_location":"","bundle_editable_in_cart":false,"bundle_sold_individually_context":"","bundle_item_grouping":"","bundle_min_size":"","bundle_max_size":"","bundle_price":[],"bundled_items":[],"bundle_sell_ids":[],"acf":[],"yoast_head":"<!-- This site is optimized with the Yoast SEO Premium plugin v21.5 (Yoast SEO v27.4) - https:\/\/yoast.com\/product\/yoast-seo-premium-wordpress\/ -->\n<title>BeSafe iZi Turn M i-Size, antracitna mre\u017ea, temno siva - NajNaj.eu<\/title>\n<meta name=\"robots\" content=\"index, follow, max-snippet:-1, max-image-preview:large, max-video-preview:-1\" \/>\n<link rel=\"canonical\" href=\"https:\/\/najnaj.eu\/sl\/izdelek\/besafe-izi-turn-m-i-size-antracitna-mreza-temno-siva\/\" \/>\n<meta property=\"og:locale\" content=\"sl_SI\" \/>\n<meta property=\"og:type\" content=\"article\" \/>\n<meta property=\"og:title\" content=\"BeSafe iZi Turn M i-Size, antracitna mre\u017ea, temno siva\" \/>\n<meta property=\"og:description\" content=\"Digitalna funkcija, ki vam pomaga za\u0161\u010dititi va\u0161ega otroka Prvi popolnoma integriran digitalni varnostni sistem na svetu vas bo obvestil, \u010de je otrok med vo\u017enjo odpet in \u010de ga pomotoma pustite samega v avtu. Vi\u0161ina: nasprotna smer 61-105 cm, smer vo\u017enje 88-105 cm maks. te\u017ea: 18 kg Starost: pribl. 6 mesecev do 4 leta Certifikat: UN R129 (i-Size) Namestitev: ISOfix Smer: Nasprotno od smeri vo\u017enje ali smeri vo\u017enje Dvoslojna varnost - podporne blazinice Prakti\u010dna in enostavna za uporabo Universal Level Technology\u2122 - prilagoditev za maksimalno udobje Dynamic Force Absorber\u2122 \u2013 inovacija pri za\u0161\u010diti pred bo\u010dnim trkom\" \/>\n<meta property=\"og:url\" content=\"https:\/\/najnaj.eu\/sl\/izdelek\/besafe-izi-turn-m-i-size-antracitna-mreza-temno-siva\/\" \/>\n<meta property=\"og:site_name\" content=\"NajNaj.eu\" \/>\n<meta property=\"article:publisher\" content=\"https:\/\/web.facebook.com\/najnaj.eu\/\" \/>\n<meta property=\"article:modified_time\" content=\"2025-12-04T07:43:33+00:00\" \/>\n<meta property=\"og:image\" content=\"https:\/\/najnaj.eu\/wp-content\/uploads\/2023\/08\/11020443_BeSafe_iZi-Turn-M-i-Size_Anthracite-Mesh_Right_USP.jpg\" \/>\n\t<meta property=\"og:image:width\" content=\"1000\" \/>\n\t<meta property=\"og:image:height\" content=\"1000\" \/>\n\t<meta property=\"og:image:type\" content=\"image\/jpeg\" \/>\n<meta name=\"twitter:card\" content=\"summary_large_image\" \/>\n<meta name=\"twitter:label1\" content=\"Price\" \/>\n\t<meta name=\"twitter:data1\" content=\"639,00&nbsp;&euro;\" \/>\n\t<meta name=\"twitter:label2\" content=\"Availability\" \/>\n\t<meta name=\"twitter:data2\" content=\"In stock\" \/>\n<script type=\"application\/ld+json\" class=\"yoast-schema-graph\">{\"@context\":\"https:\\\/\\\/schema.org\",\"@graph\":[{\"@type\":\"WebPage\",\"@id\":\"https:\\\/\\\/najnaj.eu\\\/sl\\\/izdelek\\\/besafe-izi-turn-m-i-size-antracitna-mreza-temno-siva\\\/\",\"url\":\"https:\\\/\\\/najnaj.eu\\\/sl\\\/izdelek\\\/besafe-izi-turn-m-i-size-antracitna-mreza-temno-siva\\\/\",\"name\":\"BeSafe iZi Turn M i-Size, antracitna mre\u017ea, temno siva - NajNaj.eu\",\"isPartOf\":{\"@id\":\"https:\\\/\\\/najnaj.eu\\\/sl\\\/#website\"},\"primaryImageOfPage\":{\"@id\":\"https:\\\/\\\/najnaj.eu\\\/sl\\\/izdelek\\\/besafe-izi-turn-m-i-size-antracitna-mreza-temno-siva\\\/#primaryimage\"},\"image\":{\"@id\":\"https:\\\/\\\/najnaj.eu\\\/sl\\\/izdelek\\\/besafe-izi-turn-m-i-size-antracitna-mreza-temno-siva\\\/#primaryimage\"},\"thumbnailUrl\":\"https:\\\/\\\/najnaj.eu\\\/wp-content\\\/uploads\\\/2023\\\/08\\\/11020443_BeSafe_iZi-Turn-M-i-Size_Anthracite-Mesh_Right_USP.jpg\",\"datePublished\":\"2025-01-05T11:11:57+00:00\",\"dateModified\":\"2025-12-04T07:43:33+00:00\",\"breadcrumb\":{\"@id\":\"https:\\\/\\\/najnaj.eu\\\/sl\\\/izdelek\\\/besafe-izi-turn-m-i-size-antracitna-mreza-temno-siva\\\/#breadcrumb\"},\"inLanguage\":\"sl-SI\",\"potentialAction\":[{\"@type\":\"ReadAction\",\"target\":[\"https:\\\/\\\/najnaj.eu\\\/sl\\\/izdelek\\\/besafe-izi-turn-m-i-size-antracitna-mreza-temno-siva\\\/\"]}]},{\"@type\":\"ImageObject\",\"inLanguage\":\"sl-SI\",\"@id\":\"https:\\\/\\\/najnaj.eu\\\/sl\\\/izdelek\\\/besafe-izi-turn-m-i-size-antracitna-mreza-temno-siva\\\/#primaryimage\",\"url\":\"https:\\\/\\\/najnaj.eu\\\/wp-content\\\/uploads\\\/2023\\\/08\\\/11020443_BeSafe_iZi-Turn-M-i-Size_Anthracite-Mesh_Right_USP.jpg\",\"contentUrl\":\"https:\\\/\\\/najnaj.eu\\\/wp-content\\\/uploads\\\/2023\\\/08\\\/11020443_BeSafe_iZi-Turn-M-i-Size_Anthracite-Mesh_Right_USP.jpg\",\"width\":1000,\"height\":1000,\"caption\":\"Siva rotacijska sjedalica za bebu\"},{\"@type\":\"BreadcrumbList\",\"@id\":\"https:\\\/\\\/najnaj.eu\\\/sl\\\/izdelek\\\/besafe-izi-turn-m-i-size-antracitna-mreza-temno-siva\\\/#breadcrumb\",\"itemListElement\":[{\"@type\":\"ListItem\",\"position\":1,\"name\":\"Po\u010detna stranica\",\"item\":\"https:\\\/\\\/najnaj.eu\\\/sl\\\/prednja-stran\\\/\"},{\"@type\":\"ListItem\",\"position\":2,\"name\":\"Shop\",\"item\":\"https:\\\/\\\/najnaj.eu\\\/sl\\\/shop\\\/\"},{\"@type\":\"ListItem\",\"position\":3,\"name\":\"BeSafe iZi Turn M i-Size, antracitna mre\u017ea, temno siva\"}]},{\"@type\":\"WebSite\",\"@id\":\"https:\\\/\\\/najnaj.eu\\\/sl\\\/#website\",\"url\":\"https:\\\/\\\/najnaj.eu\\\/sl\\\/\",\"name\":\"NajNaj.eu\",\"description\":\"Za najva\u017enije!\",\"publisher\":{\"@id\":\"https:\\\/\\\/najnaj.eu\\\/sl\\\/#organization\"},\"potentialAction\":[{\"@type\":\"SearchAction\",\"target\":{\"@type\":\"EntryPoint\",\"urlTemplate\":\"https:\\\/\\\/najnaj.eu\\\/sl\\\/?s={search_term_string}\"},\"query-input\":{\"@type\":\"PropertyValueSpecification\",\"valueRequired\":true,\"valueName\":\"search_term_string\"}}],\"inLanguage\":\"sl-SI\"},{\"@type\":\"Organization\",\"@id\":\"https:\\\/\\\/najnaj.eu\\\/sl\\\/#organization\",\"name\":\"NajNaj.eu\",\"url\":\"https:\\\/\\\/najnaj.eu\\\/sl\\\/\",\"logo\":{\"@type\":\"ImageObject\",\"inLanguage\":\"sl-SI\",\"@id\":\"https:\\\/\\\/najnaj.eu\\\/sl\\\/#\\\/schema\\\/logo\\\/image\\\/\",\"url\":\"https:\\\/\\\/najnaj.eu\\\/wp-content\\\/uploads\\\/2023\\\/09\\\/logo_Najnaj_2023.svg\",\"contentUrl\":\"https:\\\/\\\/najnaj.eu\\\/wp-content\\\/uploads\\\/2023\\\/09\\\/logo_Najnaj_2023.svg\",\"width\":501,\"height\":278,\"caption\":\"NajNaj.eu\"},\"image\":{\"@id\":\"https:\\\/\\\/najnaj.eu\\\/sl\\\/#\\\/schema\\\/logo\\\/image\\\/\"},\"sameAs\":[\"https:\\\/\\\/web.facebook.com\\\/najnaj.eu\\\/\",\"https:\\\/\\\/www.instagram.com\\\/najnaj.eu\\\/\",\"https:\\\/\\\/www.tiktok.com\\\/@najnaj.eu\"]}]}<\/script>\n<meta property=\"product:brand\" content=\"BeSafe\" \/>\n<meta property=\"product:price:amount\" content=\"639.00\" \/>\n<meta property=\"product:price:currency\" content=\"EUR\" \/>\n<meta property=\"og:availability\" content=\"instock\" \/>\n<meta property=\"product:availability\" content=\"instock\" \/>\n<meta property=\"product:retailer_item_id\" content=\"11024330-AnthraMesh\" \/>\n<meta property=\"product:condition\" content=\"new\" \/>\n<!-- \/ Yoast SEO Premium plugin. -->","yoast_head_json":{"title":"BeSafe iZi Turn M i-Size, antracitna mre\u017ea, temno siva - NajNaj.eu","robots":{"index":"index","follow":"follow","max-snippet":"max-snippet:-1","max-image-preview":"max-image-preview:large","max-video-preview":"max-video-preview:-1"},"canonical":"https:\/\/najnaj.eu\/sl\/izdelek\/besafe-izi-turn-m-i-size-antracitna-mreza-temno-siva\/","og_locale":"sl_SI","og_type":"article","og_title":"BeSafe iZi Turn M i-Size, antracitna mre\u017ea, temno siva","og_description":"Digitalna funkcija, ki vam pomaga za\u0161\u010dititi va\u0161ega otroka Prvi popolnoma integriran digitalni varnostni sistem na svetu vas bo obvestil, \u010de je otrok med vo\u017enjo odpet in \u010de ga pomotoma pustite samega v avtu. Vi\u0161ina: nasprotna smer 61-105 cm, smer vo\u017enje 88-105 cm maks. te\u017ea: 18 kg Starost: pribl. 6 mesecev do 4 leta Certifikat: UN R129 (i-Size) Namestitev: ISOfix Smer: Nasprotno od smeri vo\u017enje ali smeri vo\u017enje Dvoslojna varnost - podporne blazinice Prakti\u010dna in enostavna za uporabo Universal Level Technology\u2122 - prilagoditev za maksimalno udobje Dynamic Force Absorber\u2122 \u2013 inovacija pri za\u0161\u010diti pred bo\u010dnim trkom","og_url":"https:\/\/najnaj.eu\/sl\/izdelek\/besafe-izi-turn-m-i-size-antracitna-mreza-temno-siva\/","og_site_name":"NajNaj.eu","article_publisher":"https:\/\/web.facebook.com\/najnaj.eu\/","article_modified_time":"2025-12-04T07:43:33+00:00","og_image":[{"width":1000,"height":1000,"url":"https:\/\/najnaj.eu\/wp-content\/uploads\/2023\/08\/11020443_BeSafe_iZi-Turn-M-i-Size_Anthracite-Mesh_Right_USP.jpg","type":"image\/jpeg"}],"twitter_card":"summary_large_image","twitter_misc":{"Price":"639,00&nbsp;&euro;","Availability":"In stock"},"schema":{"@context":"https:\/\/schema.org","@graph":[{"@type":"WebPage","@id":"https:\/\/najnaj.eu\/sl\/izdelek\/besafe-izi-turn-m-i-size-antracitna-mreza-temno-siva\/","url":"https:\/\/najnaj.eu\/sl\/izdelek\/besafe-izi-turn-m-i-size-antracitna-mreza-temno-siva\/","name":"BeSafe iZi Turn M i-Size, antracitna mre\u017ea, temno siva - NajNaj.eu","isPartOf":{"@id":"https:\/\/najnaj.eu\/sl\/#website"},"primaryImageOfPage":{"@id":"https:\/\/najnaj.eu\/sl\/izdelek\/besafe-izi-turn-m-i-size-antracitna-mreza-temno-siva\/#primaryimage"},"image":{"@id":"https:\/\/najnaj.eu\/sl\/izdelek\/besafe-izi-turn-m-i-size-antracitna-mreza-temno-siva\/#primaryimage"},"thumbnailUrl":"https:\/\/najnaj.eu\/wp-content\/uploads\/2023\/08\/11020443_BeSafe_iZi-Turn-M-i-Size_Anthracite-Mesh_Right_USP.jpg","datePublished":"2025-01-05T11:11:57+00:00","dateModified":"2025-12-04T07:43:33+00:00","breadcrumb":{"@id":"https:\/\/najnaj.eu\/sl\/izdelek\/besafe-izi-turn-m-i-size-antracitna-mreza-temno-siva\/#breadcrumb"},"inLanguage":"sl-SI","potentialAction":[{"@type":"ReadAction","target":["https:\/\/najnaj.eu\/sl\/izdelek\/besafe-izi-turn-m-i-size-antracitna-mreza-temno-siva\/"]}]},{"@type":"ImageObject","inLanguage":"sl-SI","@id":"https:\/\/najnaj.eu\/sl\/izdelek\/besafe-izi-turn-m-i-size-antracitna-mreza-temno-siva\/#primaryimage","url":"https:\/\/najnaj.eu\/wp-content\/uploads\/2023\/08\/11020443_BeSafe_iZi-Turn-M-i-Size_Anthracite-Mesh_Right_USP.jpg","contentUrl":"https:\/\/najnaj.eu\/wp-content\/uploads\/2023\/08\/11020443_BeSafe_iZi-Turn-M-i-Size_Anthracite-Mesh_Right_USP.jpg","width":1000,"height":1000,"caption":"Siva rotacijska sjedalica za bebu"},{"@type":"BreadcrumbList","@id":"https:\/\/najnaj.eu\/sl\/izdelek\/besafe-izi-turn-m-i-size-antracitna-mreza-temno-siva\/#breadcrumb","itemListElement":[{"@type":"ListItem","position":1,"name":"Po\u010detna stranica","item":"https:\/\/najnaj.eu\/sl\/prednja-stran\/"},{"@type":"ListItem","position":2,"name":"Shop","item":"https:\/\/najnaj.eu\/sl\/shop\/"},{"@type":"ListItem","position":3,"name":"BeSafe iZi Turn M i-Size, antracitna mre\u017ea, temno siva"}]},{"@type":"WebSite","@id":"https:\/\/najnaj.eu\/sl\/#website","url":"https:\/\/najnaj.eu\/sl\/","name":"NajNaj.eu","description":"Za najva\u017enije!","publisher":{"@id":"https:\/\/najnaj.eu\/sl\/#organization"},"potentialAction":[{"@type":"SearchAction","target":{"@type":"EntryPoint","urlTemplate":"https:\/\/najnaj.eu\/sl\/?s={search_term_string}"},"query-input":{"@type":"PropertyValueSpecification","valueRequired":true,"valueName":"search_term_string"}}],"inLanguage":"sl-SI"},{"@type":"Organization","@id":"https:\/\/najnaj.eu\/sl\/#organization","name":"NajNaj.eu","url":"https:\/\/najnaj.eu\/sl\/","logo":{"@type":"ImageObject","inLanguage":"sl-SI","@id":"https:\/\/najnaj.eu\/sl\/#\/schema\/logo\/image\/","url":"https:\/\/najnaj.eu\/wp-content\/uploads\/2023\/09\/logo_Najnaj_2023.svg","contentUrl":"https:\/\/najnaj.eu\/wp-content\/uploads\/2023\/09\/logo_Najnaj_2023.svg","width":501,"height":278,"caption":"NajNaj.eu"},"image":{"@id":"https:\/\/najnaj.eu\/sl\/#\/schema\/logo\/image\/"},"sameAs":["https:\/\/web.facebook.com\/najnaj.eu\/","https:\/\/www.instagram.com\/najnaj.eu\/","https:\/\/www.tiktok.com\/@najnaj.eu"]}]},"product_brand":"BeSafe","product_price_amount":"639.00","product_price_currency":"EUR","og_availability":"instock","product_availability":"instock","product_retailer_item_id":"11024330-AnthraMesh","product_condition":"new"},"_links":{"self":[{"href":"https:\/\/najnaj.eu\/sl\/wp-json\/wp\/v2\/product\/194250","targetHints":{"allow":["GET"]}}],"collection":[{"href":"https:\/\/najnaj.eu\/sl\/wp-json\/wp\/v2\/product"}],"about":[{"href":"https:\/\/najnaj.eu\/sl\/wp-json\/wp\/v2\/types\/product"}],"replies":[{"embeddable":true,"href":"https:\/\/najnaj.eu\/sl\/wp-json\/wp\/v2\/comments?post=194250"}],"version-history":[{"count":0,"href":"https:\/\/najnaj.eu\/sl\/wp-json\/wp\/v2\/product\/194250\/revisions"}],"wp:featuredmedia":[{"embeddable":true,"href":"https:\/\/najnaj.eu\/sl\/wp-json\/wp\/v2\/media\/156284"}],"wp:attachment":[{"href":"https:\/\/najnaj.eu\/sl\/wp-json\/wp\/v2\/media?parent=194250"}],"wp:term":[{"taxonomy":"product_brand","embeddable":true,"href":"https:\/\/najnaj.eu\/sl\/wp-json\/wp\/v2\/product_brand?post=194250"},{"taxonomy":"product_cat","embeddable":true,"href":"https:\/\/najnaj.eu\/sl\/wp-json\/wp\/v2\/product_cat?post=194250"},{"taxonomy":"product_tag","embeddable":true,"href":"https:\/\/najnaj.eu\/sl\/wp-json\/wp\/v2\/product_tag?post=194250"}],"curies":[{"name":"wp","href":"https:\/\/api.w.org\/{rel}","templated":true}]}}