{"id":194245,"date":"2024-05-01T13:43:16","date_gmt":"2024-05-01T11:43:16","guid":{"rendered":"https:\/\/najnaj.eu\/proizvod\/nahrbtnik-lassig-ten-antracit\/"},"modified":"2025-02-06T10:27:46","modified_gmt":"2025-02-06T09:27:46","slug":"nahrbtnik-lassig-ten-antracit","status":"publish","type":"product","link":"https:\/\/najnaj.eu\/sl\/izdelek\/nahrbtnik-lassig-ten-antracit\/","title":{"rendered":"Nahrbtnik L\u00e4ssig TEN Antracit"},"content":{"rendered":"<p>Pleni\u010dni nahrbtnik L\u00c4SSIG Tender v videzu velurja je nepogre\u0161ljiv za star\u0161e, ki imajo raje preproste in diskretne stvari. Sodoben, linearen videz dopolnjuje prakti\u010den sistem zadrge. Strukturno stabilen nahrbtnik je varno pospravljen, dvojna zadrga pa poskrbi za odli\u010dno preglednost notranjosti. \u010ce morate nahrbtnik hitro zapreti, ga enostavno zaprete z magnetno zaponko.<br \/>\nPametno oblikovana notranjost in dodatki dopolnjujejo ta nahrbtnik za plenice. Opremljen z nepremo\u010dljivo previjalno podlogo, izoliranim dr\u017ealom za stekleni\u010dke, odstranljivim dr\u017ealom za kozarce, dodatki za otro\u0161ki vozi\u010dek in majhno torbo za pripomo\u010dke, imate vse, kar potrebujete, ko ste na poti. Vsi razli\u010dni prakti\u010dni predelki, kot je torbica na sprednji strani za mokro perilo ali \u017eep na zadnji strani, vam pomagajo pri la\u017ejem organiziranju stvari. Tudi brez zamenljivih dodatkov ostaja eleganten in funkcionalen spremljevalec. Ta izdelek je veganski.<\/p>\n","protected":false},"excerpt":{"rendered":"<p>Pleni\u010dni nahrbtnik L\u00c4SSIG Tender je videti poseben zaradi svoje moderne linearne oblike. Zaradi visokokakovostnega zunanjega materiala, ki spominja na pravo usnje, veliko dodatkov in velike odprtine na vrhu je prakti\u010den spremljevalec za star\u0161e, ki radi poenostavijo stvari, ko so na poti. Ta izdelek je veganski.<\/p>\n","protected":false},"featured_media":157610,"comment_status":"open","ping_status":"closed","template":"","meta":{"_acf_changed":false,"footnotes":""},"product_brand":[],"product_cat":[1315],"product_tag":[],"class_list":{"0":"post-194245","1":"product","2":"type-product","3":"status-publish","4":"has-post-thumbnail","6":"product_cat-nahrbtniki","7":"pa_boja-siva-sl","8":"pa_brand-lassig-sl","9":"pa_torbe-za-otroski-vozicek","11":"first","12":"outofstock","13":"sale","14":"purchasable","15":"product-type-simple"},"bundled_by":[],"bundle_stock_status":"outofstock","bundle_stock_quantity":0,"bundle_virtual":false,"bundle_layout":"","bundle_add_to_cart_form_location":"","bundle_editable_in_cart":false,"bundle_sold_individually_context":"","bundle_item_grouping":"","bundle_min_size":"","bundle_max_size":"","bundle_price":[],"bundled_items":[],"bundle_sell_ids":[],"acf":[],"yoast_head":"<!-- This site is optimized with the Yoast SEO Premium plugin v21.5 (Yoast SEO v27.4) - https:\/\/yoast.com\/product\/yoast-seo-premium-wordpress\/ -->\n<title>Nahrbtnik L\u00e4ssig TEN Antracit - NajNaj.eu<\/title>\n<meta name=\"robots\" content=\"index, follow, max-snippet:-1, max-image-preview:large, max-video-preview:-1\" \/>\n<link rel=\"canonical\" href=\"https:\/\/najnaj.eu\/sl\/izdelek\/nahrbtnik-lassig-ten-antracit\/\" \/>\n<meta property=\"og:locale\" content=\"sl_SI\" \/>\n<meta property=\"og:type\" content=\"article\" \/>\n<meta property=\"og:title\" content=\"Nahrbtnik L\u00e4ssig TEN Antracit\" \/>\n<meta property=\"og:description\" content=\"Pleni\u010dni nahrbtnik L\u00c4SSIG Tender je videti poseben zaradi svoje moderne linearne oblike. Zaradi visokokakovostnega zunanjega materiala, ki spominja na pravo usnje, veliko dodatkov in velike odprtine na vrhu je prakti\u010den spremljevalec za star\u0161e, ki radi poenostavijo stvari, ko so na poti. Ta izdelek je veganski.\" \/>\n<meta property=\"og:url\" content=\"https:\/\/najnaj.eu\/sl\/izdelek\/nahrbtnik-lassig-ten-antracit\/\" \/>\n<meta property=\"og:site_name\" content=\"NajNaj.eu\" \/>\n<meta property=\"article:publisher\" content=\"https:\/\/web.facebook.com\/najnaj.eu\/\" \/>\n<meta property=\"article:modified_time\" content=\"2025-02-06T09:27:46+00:00\" \/>\n<meta property=\"og:image\" content=\"https:\/\/najnaj.eu\/wp-content\/uploads\/2023\/08\/TEN_F19_1103027236_P_1-Small.jpg\" \/>\n\t<meta property=\"og:image:width\" content=\"480\" \/>\n\t<meta property=\"og:image:height\" content=\"480\" \/>\n\t<meta property=\"og:image:type\" content=\"image\/jpeg\" \/>\n<meta name=\"twitter:card\" content=\"summary_large_image\" \/>\n<meta name=\"twitter:label1\" content=\"Price\" \/>\n\t<meta name=\"twitter:data1\" content=\"109,95&nbsp;&euro;\" \/>\n\t<meta name=\"twitter:label2\" content=\"Availability\" \/>\n\t<meta name=\"twitter:data2\" content=\"Out of stock\" \/>\n<script type=\"application\/ld+json\" class=\"yoast-schema-graph\">{\"@context\":\"https:\\\/\\\/schema.org\",\"@graph\":[{\"@type\":\"WebPage\",\"@id\":\"https:\\\/\\\/najnaj.eu\\\/sl\\\/izdelek\\\/nahrbtnik-lassig-ten-antracit\\\/\",\"url\":\"https:\\\/\\\/najnaj.eu\\\/sl\\\/izdelek\\\/nahrbtnik-lassig-ten-antracit\\\/\",\"name\":\"Nahrbtnik L\u00e4ssig TEN Antracit - NajNaj.eu\",\"isPartOf\":{\"@id\":\"https:\\\/\\\/najnaj.eu\\\/sl\\\/#website\"},\"primaryImageOfPage\":{\"@id\":\"https:\\\/\\\/najnaj.eu\\\/sl\\\/izdelek\\\/nahrbtnik-lassig-ten-antracit\\\/#primaryimage\"},\"image\":{\"@id\":\"https:\\\/\\\/najnaj.eu\\\/sl\\\/izdelek\\\/nahrbtnik-lassig-ten-antracit\\\/#primaryimage\"},\"thumbnailUrl\":\"https:\\\/\\\/najnaj.eu\\\/wp-content\\\/uploads\\\/2023\\\/08\\\/TEN_F19_1103027236_P_1-Small.jpg\",\"datePublished\":\"2024-05-01T11:43:16+00:00\",\"dateModified\":\"2025-02-06T09:27:46+00:00\",\"breadcrumb\":{\"@id\":\"https:\\\/\\\/najnaj.eu\\\/sl\\\/izdelek\\\/nahrbtnik-lassig-ten-antracit\\\/#breadcrumb\"},\"inLanguage\":\"sl-SI\",\"potentialAction\":[{\"@type\":\"ReadAction\",\"target\":[\"https:\\\/\\\/najnaj.eu\\\/sl\\\/izdelek\\\/nahrbtnik-lassig-ten-antracit\\\/\"]}]},{\"@type\":\"ImageObject\",\"inLanguage\":\"sl-SI\",\"@id\":\"https:\\\/\\\/najnaj.eu\\\/sl\\\/izdelek\\\/nahrbtnik-lassig-ten-antracit\\\/#primaryimage\",\"url\":\"https:\\\/\\\/najnaj.eu\\\/wp-content\\\/uploads\\\/2023\\\/08\\\/TEN_F19_1103027236_P_1-Small.jpg\",\"contentUrl\":\"https:\\\/\\\/najnaj.eu\\\/wp-content\\\/uploads\\\/2023\\\/08\\\/TEN_F19_1103027236_P_1-Small.jpg\",\"width\":480,\"height\":480},{\"@type\":\"BreadcrumbList\",\"@id\":\"https:\\\/\\\/najnaj.eu\\\/sl\\\/izdelek\\\/nahrbtnik-lassig-ten-antracit\\\/#breadcrumb\",\"itemListElement\":[{\"@type\":\"ListItem\",\"position\":1,\"name\":\"Po\u010detna stranica\",\"item\":\"https:\\\/\\\/najnaj.eu\\\/sl\\\/prednja-stran\\\/\"},{\"@type\":\"ListItem\",\"position\":2,\"name\":\"Shop\",\"item\":\"https:\\\/\\\/najnaj.eu\\\/sl\\\/shop\\\/\"},{\"@type\":\"ListItem\",\"position\":3,\"name\":\"Nahrbtnik L\u00e4ssig TEN Antracit\"}]},{\"@type\":\"WebSite\",\"@id\":\"https:\\\/\\\/najnaj.eu\\\/sl\\\/#website\",\"url\":\"https:\\\/\\\/najnaj.eu\\\/sl\\\/\",\"name\":\"NajNaj.eu\",\"description\":\"Za najva\u017enije!\",\"publisher\":{\"@id\":\"https:\\\/\\\/najnaj.eu\\\/sl\\\/#organization\"},\"potentialAction\":[{\"@type\":\"SearchAction\",\"target\":{\"@type\":\"EntryPoint\",\"urlTemplate\":\"https:\\\/\\\/najnaj.eu\\\/sl\\\/?s={search_term_string}\"},\"query-input\":{\"@type\":\"PropertyValueSpecification\",\"valueRequired\":true,\"valueName\":\"search_term_string\"}}],\"inLanguage\":\"sl-SI\"},{\"@type\":\"Organization\",\"@id\":\"https:\\\/\\\/najnaj.eu\\\/sl\\\/#organization\",\"name\":\"NajNaj.eu\",\"url\":\"https:\\\/\\\/najnaj.eu\\\/sl\\\/\",\"logo\":{\"@type\":\"ImageObject\",\"inLanguage\":\"sl-SI\",\"@id\":\"https:\\\/\\\/najnaj.eu\\\/sl\\\/#\\\/schema\\\/logo\\\/image\\\/\",\"url\":\"https:\\\/\\\/najnaj.eu\\\/wp-content\\\/uploads\\\/2023\\\/09\\\/logo_Najnaj_2023.svg\",\"contentUrl\":\"https:\\\/\\\/najnaj.eu\\\/wp-content\\\/uploads\\\/2023\\\/09\\\/logo_Najnaj_2023.svg\",\"width\":501,\"height\":278,\"caption\":\"NajNaj.eu\"},\"image\":{\"@id\":\"https:\\\/\\\/najnaj.eu\\\/sl\\\/#\\\/schema\\\/logo\\\/image\\\/\"},\"sameAs\":[\"https:\\\/\\\/web.facebook.com\\\/najnaj.eu\\\/\",\"https:\\\/\\\/www.instagram.com\\\/najnaj.eu\\\/\",\"https:\\\/\\\/www.tiktok.com\\\/@najnaj.eu\"]}]}<\/script>\n<meta property=\"product:brand\" content=\"L\u00e4ssig\" \/>\n<meta property=\"product:price:amount\" content=\"109.95\" \/>\n<meta property=\"product:price:currency\" content=\"EUR\" \/>\n<meta property=\"og:availability\" content=\"out of stock\" \/>\n<meta property=\"product:availability\" content=\"out of stock\" \/>\n<meta property=\"product:retailer_item_id\" content=\"1103027236\" \/>\n<meta property=\"product:condition\" content=\"new\" \/>\n<!-- \/ Yoast SEO Premium plugin. -->","yoast_head_json":{"title":"Nahrbtnik L\u00e4ssig TEN Antracit - NajNaj.eu","robots":{"index":"index","follow":"follow","max-snippet":"max-snippet:-1","max-image-preview":"max-image-preview:large","max-video-preview":"max-video-preview:-1"},"canonical":"https:\/\/najnaj.eu\/sl\/izdelek\/nahrbtnik-lassig-ten-antracit\/","og_locale":"sl_SI","og_type":"article","og_title":"Nahrbtnik L\u00e4ssig TEN Antracit","og_description":"Pleni\u010dni nahrbtnik L\u00c4SSIG Tender je videti poseben zaradi svoje moderne linearne oblike. Zaradi visokokakovostnega zunanjega materiala, ki spominja na pravo usnje, veliko dodatkov in velike odprtine na vrhu je prakti\u010den spremljevalec za star\u0161e, ki radi poenostavijo stvari, ko so na poti. Ta izdelek je veganski.","og_url":"https:\/\/najnaj.eu\/sl\/izdelek\/nahrbtnik-lassig-ten-antracit\/","og_site_name":"NajNaj.eu","article_publisher":"https:\/\/web.facebook.com\/najnaj.eu\/","article_modified_time":"2025-02-06T09:27:46+00:00","og_image":[{"width":480,"height":480,"url":"https:\/\/najnaj.eu\/wp-content\/uploads\/2023\/08\/TEN_F19_1103027236_P_1-Small.jpg","type":"image\/jpeg"}],"twitter_card":"summary_large_image","twitter_misc":{"Price":"109,95&nbsp;&euro;","Availability":"Out of stock"},"schema":{"@context":"https:\/\/schema.org","@graph":[{"@type":"WebPage","@id":"https:\/\/najnaj.eu\/sl\/izdelek\/nahrbtnik-lassig-ten-antracit\/","url":"https:\/\/najnaj.eu\/sl\/izdelek\/nahrbtnik-lassig-ten-antracit\/","name":"Nahrbtnik L\u00e4ssig TEN Antracit - NajNaj.eu","isPartOf":{"@id":"https:\/\/najnaj.eu\/sl\/#website"},"primaryImageOfPage":{"@id":"https:\/\/najnaj.eu\/sl\/izdelek\/nahrbtnik-lassig-ten-antracit\/#primaryimage"},"image":{"@id":"https:\/\/najnaj.eu\/sl\/izdelek\/nahrbtnik-lassig-ten-antracit\/#primaryimage"},"thumbnailUrl":"https:\/\/najnaj.eu\/wp-content\/uploads\/2023\/08\/TEN_F19_1103027236_P_1-Small.jpg","datePublished":"2024-05-01T11:43:16+00:00","dateModified":"2025-02-06T09:27:46+00:00","breadcrumb":{"@id":"https:\/\/najnaj.eu\/sl\/izdelek\/nahrbtnik-lassig-ten-antracit\/#breadcrumb"},"inLanguage":"sl-SI","potentialAction":[{"@type":"ReadAction","target":["https:\/\/najnaj.eu\/sl\/izdelek\/nahrbtnik-lassig-ten-antracit\/"]}]},{"@type":"ImageObject","inLanguage":"sl-SI","@id":"https:\/\/najnaj.eu\/sl\/izdelek\/nahrbtnik-lassig-ten-antracit\/#primaryimage","url":"https:\/\/najnaj.eu\/wp-content\/uploads\/2023\/08\/TEN_F19_1103027236_P_1-Small.jpg","contentUrl":"https:\/\/najnaj.eu\/wp-content\/uploads\/2023\/08\/TEN_F19_1103027236_P_1-Small.jpg","width":480,"height":480},{"@type":"BreadcrumbList","@id":"https:\/\/najnaj.eu\/sl\/izdelek\/nahrbtnik-lassig-ten-antracit\/#breadcrumb","itemListElement":[{"@type":"ListItem","position":1,"name":"Po\u010detna stranica","item":"https:\/\/najnaj.eu\/sl\/prednja-stran\/"},{"@type":"ListItem","position":2,"name":"Shop","item":"https:\/\/najnaj.eu\/sl\/shop\/"},{"@type":"ListItem","position":3,"name":"Nahrbtnik L\u00e4ssig TEN Antracit"}]},{"@type":"WebSite","@id":"https:\/\/najnaj.eu\/sl\/#website","url":"https:\/\/najnaj.eu\/sl\/","name":"NajNaj.eu","description":"Za najva\u017enije!","publisher":{"@id":"https:\/\/najnaj.eu\/sl\/#organization"},"potentialAction":[{"@type":"SearchAction","target":{"@type":"EntryPoint","urlTemplate":"https:\/\/najnaj.eu\/sl\/?s={search_term_string}"},"query-input":{"@type":"PropertyValueSpecification","valueRequired":true,"valueName":"search_term_string"}}],"inLanguage":"sl-SI"},{"@type":"Organization","@id":"https:\/\/najnaj.eu\/sl\/#organization","name":"NajNaj.eu","url":"https:\/\/najnaj.eu\/sl\/","logo":{"@type":"ImageObject","inLanguage":"sl-SI","@id":"https:\/\/najnaj.eu\/sl\/#\/schema\/logo\/image\/","url":"https:\/\/najnaj.eu\/wp-content\/uploads\/2023\/09\/logo_Najnaj_2023.svg","contentUrl":"https:\/\/najnaj.eu\/wp-content\/uploads\/2023\/09\/logo_Najnaj_2023.svg","width":501,"height":278,"caption":"NajNaj.eu"},"image":{"@id":"https:\/\/najnaj.eu\/sl\/#\/schema\/logo\/image\/"},"sameAs":["https:\/\/web.facebook.com\/najnaj.eu\/","https:\/\/www.instagram.com\/najnaj.eu\/","https:\/\/www.tiktok.com\/@najnaj.eu"]}]},"product_brand":"L\u00e4ssig","product_price_amount":"109.95","product_price_currency":"EUR","og_availability":"out of stock","product_availability":"out of stock","product_retailer_item_id":"1103027236","product_condition":"new"},"_links":{"self":[{"href":"https:\/\/najnaj.eu\/sl\/wp-json\/wp\/v2\/product\/194245","targetHints":{"allow":["GET"]}}],"collection":[{"href":"https:\/\/najnaj.eu\/sl\/wp-json\/wp\/v2\/product"}],"about":[{"href":"https:\/\/najnaj.eu\/sl\/wp-json\/wp\/v2\/types\/product"}],"replies":[{"embeddable":true,"href":"https:\/\/najnaj.eu\/sl\/wp-json\/wp\/v2\/comments?post=194245"}],"version-history":[{"count":0,"href":"https:\/\/najnaj.eu\/sl\/wp-json\/wp\/v2\/product\/194245\/revisions"}],"wp:featuredmedia":[{"embeddable":true,"href":"https:\/\/najnaj.eu\/sl\/wp-json\/wp\/v2\/media\/157610"}],"wp:attachment":[{"href":"https:\/\/najnaj.eu\/sl\/wp-json\/wp\/v2\/media?parent=194245"}],"wp:term":[{"taxonomy":"product_brand","embeddable":true,"href":"https:\/\/najnaj.eu\/sl\/wp-json\/wp\/v2\/product_brand?post=194245"},{"taxonomy":"product_cat","embeddable":true,"href":"https:\/\/najnaj.eu\/sl\/wp-json\/wp\/v2\/product_cat?post=194245"},{"taxonomy":"product_tag","embeddable":true,"href":"https:\/\/najnaj.eu\/sl\/wp-json\/wp\/v2\/product_tag?post=194245"}],"curies":[{"name":"wp","href":"https:\/\/api.w.org\/{rel}","templated":true}]}}