{"id":194236,"date":"2024-12-01T12:59:18","date_gmt":"2024-12-01T11:59:18","guid":{"rendered":"https:\/\/najnaj.eu\/proizvod\/komplet-modu-dreamer-deep-blue-sky-blue\/"},"modified":"2025-02-06T10:12:39","modified_gmt":"2025-02-06T09:12:39","slug":"komplet-modu-dreamer-deep-blue-sky-blue","status":"publish","type":"product","link":"https:\/\/najnaj.eu\/sl\/izdelek\/komplet-modu-dreamer-deep-blue-sky-blue\/","title":{"rendered":"Komplet MODU Dreamer, Deep Blue\/Sky Blue"},"content":{"rendered":"<p>Sestavite ve\u010d kot 25 edinstvenih kreacij v naravni velikosti z najve\u010djim za\u010detnim kompletom MODU \u2013 s temi kreacijami se lahko otroci vozijo, gugajo, kotalijo, ska\u010dejo, plezajo in ohranjajo ravnote\u017eje! Komplet Dreamer je kot nala\u0161\u010d za otro\u0161ko skupno igro ali u\u017eivanje v neskon\u010dnih ustvarjalnih mo\u017enostih. Izdelajte hojco za svojega mal\u010dka, medtem ko se va\u0161 najstarej\u0161i otrok vozi, ali pa prebudite in\u017eenirja v sebi tako, da sestavite kompleksne kreacije &#8211; kot je kuhinja ali tobogan. Igra se za\u010dne \u017ee med procesom gradnje kreacij in se nadaljuje skozi leta aktivnega igranja!<\/p>\n<p>V \u0161katli je prilo\u017eeno: 34 elementov (7 x kocke, 18 x konektorji, 4 x vrtljiva kolesa, 4 x penasta kolesa, 1 x knjiga idej)<br \/>\nKreacije: ve\u010d kot 25 mo\u017enosti<br \/>\nZa starost: 0 &#8211; 6 let<br \/>\nmaks. te\u017ea otroka: 50 kg<br \/>\nDimenzije paketa: 70 x 40 x 20 cm<br \/>\nMateriali: 100% reciklirana EPP pena in ABS primeren za stik z \u017eivili<br \/>\nIzdelano v: EU (Francija in Danska)<\/p>\n","protected":false},"excerpt":{"rendered":"<p>* Set za izdelavo ve\u010d kot 25 unikatnih stvaritev<br \/>\n* Odli\u010dno za otroke razli\u010dnih starosti<br \/>\n* Zagotavlja leta aktivne in ustvarjalne igre<\/p>\n","protected":false},"featured_media":232149,"comment_status":"open","ping_status":"closed","template":"","meta":{"_acf_changed":false,"footnotes":""},"product_brand":[],"product_cat":[2228,1392,1395],"product_tag":[],"class_list":{"0":"post-194236","1":"product","2":"type-product","3":"status-publish","4":"has-post-thumbnail","6":"product_cat-darila","7":"product_cat-igrace","8":"product_cat-kocke-za-aktivno-igro","9":"pa_boja-plava-sl","10":"pa_brand-modu-sl","12":"first","13":"instock","14":"purchasable","15":"product-type-simple"},"bundled_by":[],"bundle_stock_status":"instock","bundle_stock_quantity":15,"bundle_virtual":false,"bundle_layout":"","bundle_add_to_cart_form_location":"","bundle_editable_in_cart":false,"bundle_sold_individually_context":"","bundle_item_grouping":"","bundle_min_size":"","bundle_max_size":"","bundle_price":[],"bundled_items":[],"bundle_sell_ids":[],"acf":[],"yoast_head":"<!-- This site is optimized with the Yoast SEO Premium plugin v21.5 (Yoast SEO v27.3) - https:\/\/yoast.com\/product\/yoast-seo-premium-wordpress\/ -->\n<title>Komplet MODU Dreamer, Deep Blue\/Sky Blue - NajNaj.eu<\/title>\n<meta name=\"robots\" content=\"index, follow, max-snippet:-1, max-image-preview:large, max-video-preview:-1\" \/>\n<link rel=\"canonical\" href=\"https:\/\/najnaj.eu\/sl\/izdelek\/komplet-modu-dreamer-deep-blue-sky-blue\/\" \/>\n<meta property=\"og:locale\" content=\"sl_SI\" \/>\n<meta property=\"og:type\" content=\"article\" \/>\n<meta property=\"og:title\" content=\"Komplet MODU Dreamer, Deep Blue\/Sky Blue\" \/>\n<meta property=\"og:description\" content=\"* Set za izdelavo ve\u010d kot 25 unikatnih stvaritev * Odli\u010dno za otroke razli\u010dnih starosti * Zagotavlja leta aktivne in ustvarjalne igre\" \/>\n<meta property=\"og:url\" content=\"https:\/\/najnaj.eu\/sl\/izdelek\/komplet-modu-dreamer-deep-blue-sky-blue\/\" \/>\n<meta property=\"og:site_name\" content=\"NajNaj.eu\" \/>\n<meta property=\"article:publisher\" content=\"https:\/\/web.facebook.com\/najnaj.eu\/\" \/>\n<meta property=\"article:modified_time\" content=\"2025-02-06T09:12:39+00:00\" \/>\n<meta property=\"og:image\" content=\"https:\/\/najnaj.eu\/wp-content\/uploads\/2023\/08\/Dreamer-Set-Deep-Blue_Sky-Blue-slide-2-scaled-2.jpg\" \/>\n\t<meta property=\"og:image:width\" content=\"1920\" \/>\n\t<meta property=\"og:image:height\" content=\"2400\" \/>\n\t<meta property=\"og:image:type\" content=\"image\/jpeg\" \/>\n<meta name=\"twitter:card\" content=\"summary_large_image\" \/>\n<meta name=\"twitter:label1\" content=\"Price\" \/>\n\t<meta name=\"twitter:data1\" content=\"269,00&nbsp;&euro;\" \/>\n\t<meta name=\"twitter:label2\" content=\"Availability\" \/>\n\t<meta name=\"twitter:data2\" content=\"In stock\" \/>\n<script type=\"application\/ld+json\" class=\"yoast-schema-graph\">{\"@context\":\"https:\\\/\\\/schema.org\",\"@graph\":[{\"@type\":\"WebPage\",\"@id\":\"https:\\\/\\\/najnaj.eu\\\/sl\\\/izdelek\\\/komplet-modu-dreamer-deep-blue-sky-blue\\\/\",\"url\":\"https:\\\/\\\/najnaj.eu\\\/sl\\\/izdelek\\\/komplet-modu-dreamer-deep-blue-sky-blue\\\/\",\"name\":\"Komplet MODU Dreamer, Deep Blue\\\/Sky Blue - NajNaj.eu\",\"isPartOf\":{\"@id\":\"https:\\\/\\\/najnaj.eu\\\/sl\\\/#website\"},\"primaryImageOfPage\":{\"@id\":\"https:\\\/\\\/najnaj.eu\\\/sl\\\/izdelek\\\/komplet-modu-dreamer-deep-blue-sky-blue\\\/#primaryimage\"},\"image\":{\"@id\":\"https:\\\/\\\/najnaj.eu\\\/sl\\\/izdelek\\\/komplet-modu-dreamer-deep-blue-sky-blue\\\/#primaryimage\"},\"thumbnailUrl\":\"https:\\\/\\\/najnaj.eu\\\/wp-content\\\/uploads\\\/2023\\\/06\\\/Dreamer-Set-Deep-Blue_Sky-Blue-slide-2_no_shadow.jpg\",\"datePublished\":\"2024-12-01T11:59:18+00:00\",\"dateModified\":\"2025-02-06T09:12:39+00:00\",\"breadcrumb\":{\"@id\":\"https:\\\/\\\/najnaj.eu\\\/sl\\\/izdelek\\\/komplet-modu-dreamer-deep-blue-sky-blue\\\/#breadcrumb\"},\"inLanguage\":\"sl-SI\",\"potentialAction\":[{\"@type\":\"ReadAction\",\"target\":[\"https:\\\/\\\/najnaj.eu\\\/sl\\\/izdelek\\\/komplet-modu-dreamer-deep-blue-sky-blue\\\/\"]}]},{\"@type\":\"ImageObject\",\"inLanguage\":\"sl-SI\",\"@id\":\"https:\\\/\\\/najnaj.eu\\\/sl\\\/izdelek\\\/komplet-modu-dreamer-deep-blue-sky-blue\\\/#primaryimage\",\"url\":\"https:\\\/\\\/najnaj.eu\\\/wp-content\\\/uploads\\\/2023\\\/06\\\/Dreamer-Set-Deep-Blue_Sky-Blue-slide-2_no_shadow.jpg\",\"contentUrl\":\"https:\\\/\\\/najnaj.eu\\\/wp-content\\\/uploads\\\/2023\\\/06\\\/Dreamer-Set-Deep-Blue_Sky-Blue-slide-2_no_shadow.jpg\",\"width\":7559,\"height\":9449},{\"@type\":\"BreadcrumbList\",\"@id\":\"https:\\\/\\\/najnaj.eu\\\/sl\\\/izdelek\\\/komplet-modu-dreamer-deep-blue-sky-blue\\\/#breadcrumb\",\"itemListElement\":[{\"@type\":\"ListItem\",\"position\":1,\"name\":\"Po\u010detna stranica\",\"item\":\"https:\\\/\\\/najnaj.eu\\\/sl\\\/prednja-stran\\\/\"},{\"@type\":\"ListItem\",\"position\":2,\"name\":\"Shop\",\"item\":\"https:\\\/\\\/najnaj.eu\\\/sl\\\/shop\\\/\"},{\"@type\":\"ListItem\",\"position\":3,\"name\":\"Komplet MODU Dreamer, Deep Blue\\\/Sky Blue\"}]},{\"@type\":\"WebSite\",\"@id\":\"https:\\\/\\\/najnaj.eu\\\/sl\\\/#website\",\"url\":\"https:\\\/\\\/najnaj.eu\\\/sl\\\/\",\"name\":\"NajNaj.eu\",\"description\":\"Za najva\u017enije!\",\"publisher\":{\"@id\":\"https:\\\/\\\/najnaj.eu\\\/sl\\\/#organization\"},\"potentialAction\":[{\"@type\":\"SearchAction\",\"target\":{\"@type\":\"EntryPoint\",\"urlTemplate\":\"https:\\\/\\\/najnaj.eu\\\/sl\\\/?s={search_term_string}\"},\"query-input\":{\"@type\":\"PropertyValueSpecification\",\"valueRequired\":true,\"valueName\":\"search_term_string\"}}],\"inLanguage\":\"sl-SI\"},{\"@type\":\"Organization\",\"@id\":\"https:\\\/\\\/najnaj.eu\\\/sl\\\/#organization\",\"name\":\"NajNaj.eu\",\"url\":\"https:\\\/\\\/najnaj.eu\\\/sl\\\/\",\"logo\":{\"@type\":\"ImageObject\",\"inLanguage\":\"sl-SI\",\"@id\":\"https:\\\/\\\/najnaj.eu\\\/sl\\\/#\\\/schema\\\/logo\\\/image\\\/\",\"url\":\"https:\\\/\\\/najnaj.eu\\\/wp-content\\\/uploads\\\/2023\\\/09\\\/logo_Najnaj_2023.svg\",\"contentUrl\":\"https:\\\/\\\/najnaj.eu\\\/wp-content\\\/uploads\\\/2023\\\/09\\\/logo_Najnaj_2023.svg\",\"width\":501,\"height\":278,\"caption\":\"NajNaj.eu\"},\"image\":{\"@id\":\"https:\\\/\\\/najnaj.eu\\\/sl\\\/#\\\/schema\\\/logo\\\/image\\\/\"},\"sameAs\":[\"https:\\\/\\\/web.facebook.com\\\/najnaj.eu\\\/\",\"https:\\\/\\\/www.instagram.com\\\/najnaj.eu\\\/\",\"https:\\\/\\\/www.tiktok.com\\\/@najnaj.eu\"]}]}<\/script>\n<meta property=\"product:brand\" content=\"Modu\" \/>\n<meta property=\"product:price:amount\" content=\"269.00\" \/>\n<meta property=\"product:price:currency\" content=\"EUR\" \/>\n<meta property=\"og:availability\" content=\"instock\" \/>\n<meta property=\"product:availability\" content=\"instock\" \/>\n<meta property=\"product:retailer_item_id\" content=\"MODU-SET-DRE-DB-SB\" \/>\n<meta property=\"product:condition\" content=\"new\" \/>\n<!-- \/ Yoast SEO Premium plugin. -->","yoast_head_json":{"title":"Komplet MODU Dreamer, Deep Blue\/Sky Blue - NajNaj.eu","robots":{"index":"index","follow":"follow","max-snippet":"max-snippet:-1","max-image-preview":"max-image-preview:large","max-video-preview":"max-video-preview:-1"},"canonical":"https:\/\/najnaj.eu\/sl\/izdelek\/komplet-modu-dreamer-deep-blue-sky-blue\/","og_locale":"sl_SI","og_type":"article","og_title":"Komplet MODU Dreamer, Deep Blue\/Sky Blue","og_description":"* Set za izdelavo ve\u010d kot 25 unikatnih stvaritev * Odli\u010dno za otroke razli\u010dnih starosti * Zagotavlja leta aktivne in ustvarjalne igre","og_url":"https:\/\/najnaj.eu\/sl\/izdelek\/komplet-modu-dreamer-deep-blue-sky-blue\/","og_site_name":"NajNaj.eu","article_publisher":"https:\/\/web.facebook.com\/najnaj.eu\/","article_modified_time":"2025-02-06T09:12:39+00:00","og_image":[{"width":1920,"height":2400,"url":"https:\/\/najnaj.eu\/wp-content\/uploads\/2023\/08\/Dreamer-Set-Deep-Blue_Sky-Blue-slide-2-scaled-2.jpg","type":"image\/jpeg"}],"twitter_card":"summary_large_image","twitter_misc":{"Price":"269,00&nbsp;&euro;","Availability":"In stock"},"schema":{"@context":"https:\/\/schema.org","@graph":[{"@type":"WebPage","@id":"https:\/\/najnaj.eu\/sl\/izdelek\/komplet-modu-dreamer-deep-blue-sky-blue\/","url":"https:\/\/najnaj.eu\/sl\/izdelek\/komplet-modu-dreamer-deep-blue-sky-blue\/","name":"Komplet MODU Dreamer, Deep Blue\/Sky Blue - NajNaj.eu","isPartOf":{"@id":"https:\/\/najnaj.eu\/sl\/#website"},"primaryImageOfPage":{"@id":"https:\/\/najnaj.eu\/sl\/izdelek\/komplet-modu-dreamer-deep-blue-sky-blue\/#primaryimage"},"image":{"@id":"https:\/\/najnaj.eu\/sl\/izdelek\/komplet-modu-dreamer-deep-blue-sky-blue\/#primaryimage"},"thumbnailUrl":"https:\/\/najnaj.eu\/wp-content\/uploads\/2023\/06\/Dreamer-Set-Deep-Blue_Sky-Blue-slide-2_no_shadow.jpg","datePublished":"2024-12-01T11:59:18+00:00","dateModified":"2025-02-06T09:12:39+00:00","breadcrumb":{"@id":"https:\/\/najnaj.eu\/sl\/izdelek\/komplet-modu-dreamer-deep-blue-sky-blue\/#breadcrumb"},"inLanguage":"sl-SI","potentialAction":[{"@type":"ReadAction","target":["https:\/\/najnaj.eu\/sl\/izdelek\/komplet-modu-dreamer-deep-blue-sky-blue\/"]}]},{"@type":"ImageObject","inLanguage":"sl-SI","@id":"https:\/\/najnaj.eu\/sl\/izdelek\/komplet-modu-dreamer-deep-blue-sky-blue\/#primaryimage","url":"https:\/\/najnaj.eu\/wp-content\/uploads\/2023\/06\/Dreamer-Set-Deep-Blue_Sky-Blue-slide-2_no_shadow.jpg","contentUrl":"https:\/\/najnaj.eu\/wp-content\/uploads\/2023\/06\/Dreamer-Set-Deep-Blue_Sky-Blue-slide-2_no_shadow.jpg","width":7559,"height":9449},{"@type":"BreadcrumbList","@id":"https:\/\/najnaj.eu\/sl\/izdelek\/komplet-modu-dreamer-deep-blue-sky-blue\/#breadcrumb","itemListElement":[{"@type":"ListItem","position":1,"name":"Po\u010detna stranica","item":"https:\/\/najnaj.eu\/sl\/prednja-stran\/"},{"@type":"ListItem","position":2,"name":"Shop","item":"https:\/\/najnaj.eu\/sl\/shop\/"},{"@type":"ListItem","position":3,"name":"Komplet MODU Dreamer, Deep Blue\/Sky Blue"}]},{"@type":"WebSite","@id":"https:\/\/najnaj.eu\/sl\/#website","url":"https:\/\/najnaj.eu\/sl\/","name":"NajNaj.eu","description":"Za najva\u017enije!","publisher":{"@id":"https:\/\/najnaj.eu\/sl\/#organization"},"potentialAction":[{"@type":"SearchAction","target":{"@type":"EntryPoint","urlTemplate":"https:\/\/najnaj.eu\/sl\/?s={search_term_string}"},"query-input":{"@type":"PropertyValueSpecification","valueRequired":true,"valueName":"search_term_string"}}],"inLanguage":"sl-SI"},{"@type":"Organization","@id":"https:\/\/najnaj.eu\/sl\/#organization","name":"NajNaj.eu","url":"https:\/\/najnaj.eu\/sl\/","logo":{"@type":"ImageObject","inLanguage":"sl-SI","@id":"https:\/\/najnaj.eu\/sl\/#\/schema\/logo\/image\/","url":"https:\/\/najnaj.eu\/wp-content\/uploads\/2023\/09\/logo_Najnaj_2023.svg","contentUrl":"https:\/\/najnaj.eu\/wp-content\/uploads\/2023\/09\/logo_Najnaj_2023.svg","width":501,"height":278,"caption":"NajNaj.eu"},"image":{"@id":"https:\/\/najnaj.eu\/sl\/#\/schema\/logo\/image\/"},"sameAs":["https:\/\/web.facebook.com\/najnaj.eu\/","https:\/\/www.instagram.com\/najnaj.eu\/","https:\/\/www.tiktok.com\/@najnaj.eu"]}]},"product_brand":"Modu","product_price_amount":"269.00","product_price_currency":"EUR","og_availability":"instock","product_availability":"instock","product_retailer_item_id":"MODU-SET-DRE-DB-SB","product_condition":"new"},"_links":{"self":[{"href":"https:\/\/najnaj.eu\/sl\/wp-json\/wp\/v2\/product\/194236","targetHints":{"allow":["GET"]}}],"collection":[{"href":"https:\/\/najnaj.eu\/sl\/wp-json\/wp\/v2\/product"}],"about":[{"href":"https:\/\/najnaj.eu\/sl\/wp-json\/wp\/v2\/types\/product"}],"replies":[{"embeddable":true,"href":"https:\/\/najnaj.eu\/sl\/wp-json\/wp\/v2\/comments?post=194236"}],"version-history":[{"count":0,"href":"https:\/\/najnaj.eu\/sl\/wp-json\/wp\/v2\/product\/194236\/revisions"}],"wp:featuredmedia":[{"embeddable":true,"href":"https:\/\/najnaj.eu\/sl\/wp-json\/wp\/v2\/media\/232149"}],"wp:attachment":[{"href":"https:\/\/najnaj.eu\/sl\/wp-json\/wp\/v2\/media?parent=194236"}],"wp:term":[{"taxonomy":"product_brand","embeddable":true,"href":"https:\/\/najnaj.eu\/sl\/wp-json\/wp\/v2\/product_brand?post=194236"},{"taxonomy":"product_cat","embeddable":true,"href":"https:\/\/najnaj.eu\/sl\/wp-json\/wp\/v2\/product_cat?post=194236"},{"taxonomy":"product_tag","embeddable":true,"href":"https:\/\/najnaj.eu\/sl\/wp-json\/wp\/v2\/product_tag?post=194236"}],"curies":[{"name":"wp","href":"https:\/\/api.w.org\/{rel}","templated":true}]}}