{"id":194230,"date":"2025-01-07T10:39:55","date_gmt":"2025-01-07T09:39:55","guid":{"rendered":"https:\/\/najnaj.eu\/proizvod\/besafe-izi-turn-i-size-crna-kabina\/"},"modified":"2025-12-04T08:42:21","modified_gmt":"2025-12-04T07:42:21","slug":"besafe-izi-turn-i-size-crna-kabina","status":"publish","type":"product","link":"https:\/\/najnaj.eu\/sl\/izdelek\/besafe-izi-turn-i-size-crna-kabina\/","title":{"rendered":"BeSafe iZi Turn i-Size, \u010drna kabina"},"content":{"rendered":"<p>BeSafe iZi Turn i-Size: ta avtosede\u017e za otroke od 1. do 4 ima mo\u017enost popolne rotacije za 360\u00b0 stopinj, kar star\u0161em omogo\u010da, da la\u017eje vzamejo ali odlo\u017eijo otroka v avtosede\u017e, torej, da imajo dostop do njega kadarkoli iz katerega koli kota.<\/p>\n<p>BeSafe toplo priporo\u010da uporabo avtosede\u017ea v nasprotni smeri, kolikor je to mogo\u010de, optimalno, ko otrok zraste do vi\u0161ine 105 cm, torej ko je otrok star pribli\u017eno 4 leta. Vendar ta avtosede\u017e omogo\u010da tudi obrnjenost naprej v smeri vo\u017enje, \u010de je to potrebno.<\/p>\n<p>iZi Turn i-Size utele\u0161a napredno tehnologijo in visoko stopnjo prilagajanja va\u0161emu otroku s sistemom Two-Fit Cushion\u2122, ki zagotavlja dodatno udobje in varnost.<\/p>\n<p>Dvoslojna varnost<br \/>\nIntegrirana za\u0161\u010dita pred bo\u010dnim trkom (SIP) v lupini sede\u017ea<br \/>\nDodatna bo\u010dna za\u0161\u010dita (SIP+) s prilagojeno obliko<br \/>\nZa\u0161\u010ditna in mehka opora za glavo z inovativnim sistemom Dynamic Force Absorber\u2122<br \/>\nKo je name\u0161\u010den v nasprotni smeri vo\u017enje, prestane najte\u017ejo preizku\u0161njo na svetu: Plus Test (ker je v tem primeru enak avtosede\u017eu BeSafe iZi Twist i-Size, ki je prestal Plus test)<br \/>\nOdobreno v skladu z najnovej\u0161im standardom UN R129<br \/>\nOmogo\u010da 5x varnej\u0161o vo\u017enjo v nasprotni smeri vo\u017enje do pribli\u017eno 4. leta<\/p>\n<p>Vrhunska funkcionalnost za preprosto vsakodnevno uporabo<br \/>\nPametni magnetni sistem \u2013 olaj\u0161a namestitev in izstopanje otroka iz sede\u017ea<br \/>\nPolno vrtenje za 360 stopinj za prilagodljivo uporabo<br \/>\nNastavljiv polo\u017eaj naslonjala tudi po namestitvi<br \/>\nOpti\u010dni in zvo\u010dni indikatorji za povratne informacije o namestitvi<br \/>\nEnostavna nastavitev vzglavnika in pasov<\/p>\n<p>Individualizirano udobje<br \/>\nUniversal-Level-Technology\u2122 \u2013 sistem za optimalen kot sedenja v vsakem avtomobilu<br \/>\nVisoko kakovostni materiali<br \/>\nMehka podpora za stabilnost in podporo<br \/>\nIzjemno udobje s 4 polo\u017eaji nagiba<br \/>\nNastavljiv vzglavnik v 6 polo\u017eajev, ki sledi rasti otroka<br \/>\nOdli\u010dna zra\u010dnost zahvaljujo\u010d prezra\u010devalnemu sistemu na hrbtni strani<\/p>\n<p>Tehnologija univerzalne ravni<br \/>\nZasnovan za najslab\u0161e primere, da vedno zagotavlja najve\u010dje udobje<\/p>\n<p>Vsi 3 vrtljivi avtosede\u017ei BeSafe imajo edinstveno konstrukcijo, ki omogo\u010da nastavitev idealnega kota sede\u017ea pri namestitvi avtosede\u017ea v vozilo. BeSafe je zasnoval in izdelal edinstveno tehnologijo Universal Level Technology\u2122, ki bo zagotovila optimalen naklon sede\u017ea ne glede na to, kako je sede\u017e vgrajen v vozilo. Ta vrsta namestitve re\u0161uje pogost izziv za nazaj obrnjene sede\u017ee, ki ga povzro\u010da avtomobilska industrija, to so nagnjeni avtomobilski sede\u017ei ali nerodna vi\u0161ina ISOfix obro\u010dev. Da bi odrasli potniki sedeli v avtomobilih \u010dim bolj udobno, avtomobilska industrija v vozila pogosto vgrajuje globoke sede\u017ee z dvignjenimi robovi (deloma pod potnikovimi koleni). Ko na tak\u0161ne sede\u017ee namestimo otro\u0161ke avtosede\u017ee, obrnjene nazaj, imajo lahko dokaj pokon\u010den kot sedenja za otroka, kar star\u0161e pogosto skrbi. Universal Level Technology\u2122 dvigne celoten sede\u017e nad avtosede\u017e in njegov naklon ni ve\u010d odvisen od kota, pod katerim je avtosede\u017e name\u0161\u010den.<\/p>\n<p>Dynamic Force Absorber\u2122<br \/>\nKot trampolin<\/p>\n<p>BeSafe se \u017ee dolgo osredoto\u010da na inovacije pri za\u0161\u010diti pred stranskimi trki. S sistemom Dynamic Force Absorber\u2122 iZi Turn i-Size ponuja novo in vrhunsko re\u0161itev v vzglavju avtomobilskega sede\u017ea. Konstrukcija je izdelana iz posebnega materiala, ki je sestavljen v razli\u010dne pro\u017ene cone, ki optimalno absorbirajo sile pri bo\u010dnem trku.<\/p>\n<p>Two-Fit Cushions\u2122<br \/>\nPrilagoditev za maksimalno udobje<\/p>\n<p>iZi Turn i-Size vsebuje preizku\u0161ene oporne blazine, ki so postale priljubljene \u017ee pri modelu iZi Modular i-Size, ki omogo\u010dajo udobje in prilagajanje vsakemu otroku posebej. Blazine, izdelane iz mehkih, a tudi podpornih materialov, zagotavljajo dodatno bla\u017eenje in stabilnost manj\u0161im otrokom pri prehodu iz prvega avtosede\u017ea za novorojen\u010dka v ta sede\u017e za starej\u0161e otroke. Narejena sta iz dveh delov, ki ju je mogo\u010de odstraniti lo\u010deno, ko otrok raste, kar star\u0161em omogo\u010da, da optimalno prilagodijo polo\u017eaj sede\u017ea in varnostni pas za svojega otroka v sede\u017eu iZi Turn i-Size. Notranje blazinice je priporo\u010dljivo odstraniti, ko je otrok star pribli\u017eno dve leti, lahko pa jih odstranimo prej ali ostanejo dlje, odvisno od otrokovega razvoja.<\/p>\n<p>Tehni\u010dne informacije:<br \/>\nVi\u0161ina: nasprotna smer 61-105 cm, smer vo\u017enje 88-105 cm<br \/>\nmaks. te\u017ea: 18 kg<br \/>\nStarost: pribl. 6 mesecev do 4 leta<br \/>\nCertifikat: UN R129 (i-Size)<br \/>\nNamestitev: ISOfix<br \/>\nSmer: Nasprotno od smeri vo\u017enje ali smeri vo\u017enje<br \/>\nTe\u017ea avtosede\u017ea: 15 kg<br \/>\nDimenzije: 44 x 73 x 50 cm (z naslonom v najni\u017ejem polo\u017eaju; 62 cm v najvi\u0161jem polo\u017eaju)<\/p>\n","protected":false},"excerpt":{"rendered":"<p>Prilagodljiv vrtljivi avtosede\u017e s tehnologijo Universal Level Technology\u2122<br \/>\nVi\u0161ina: nasprotna smer 61-105 cm, smer vo\u017enje 88-105 cm<br \/>\nmaks. te\u017ea: 18 kg<br \/>\nStarost: pribl. 6 mesecev do 4 leta<br \/>\nCertifikat: UN R129 (i-Size)<br \/>\nNamestitev: ISOfix<br \/>\nSmer: Nasprotno od smeri vo\u017enje ali smeri vo\u017enje<\/p>\n<p>Dvoslojna varnost \u2013 podporne blazinice<br \/>\nPrakti\u010den in enostaven za uporabo<br \/>\nUniversal Level Technology\u2122 \u2013 prilagajanje naklona avtomobilskega sede\u017ea za maksimalno udobje<br \/>\nDynamic Force Absorber\u2122 \u2013 inovacija pri za\u0161\u010diti pred bo\u010dnim trkom<\/p>\n<p>*Upo\u0161tevajte, da je navedeni starostni razpon le smernica, ki temelji na povpre\u010dnih vrednostih in ne omejuje ali jam\u010di \u010dasa uporabe<\/p>\n","protected":false},"featured_media":153998,"comment_status":"open","ping_status":"closed","template":"","meta":{"_acf_changed":false,"footnotes":""},"product_brand":[],"product_cat":[574,831],"product_tag":[],"class_list":{"0":"post-194230","1":"product","2":"type-product","3":"status-publish","4":"has-post-thumbnail","6":"product_cat-autosjedalice","7":"product_cat-mala-djeca-1-4-god","8":"pa_atest-ece-r129-i-size","9":"pa_boja-crna","10":"pa_brand-besafe","11":"pa_nacin-postavljanja-isofix","12":"pa_visina-djeteta-od-61-do-105-cm","14":"first","15":"outofstock","16":"purchasable","17":"product-type-simple"},"bundled_by":[],"bundle_stock_status":"outofstock","bundle_stock_quantity":0,"bundle_virtual":false,"bundle_layout":"","bundle_add_to_cart_form_location":"","bundle_editable_in_cart":false,"bundle_sold_individually_context":"","bundle_item_grouping":"","bundle_min_size":"","bundle_max_size":"","bundle_price":[],"bundled_items":[],"bundle_sell_ids":[],"acf":[],"yoast_head":"<!-- This site is optimized with the Yoast SEO Premium plugin v21.5 (Yoast SEO v27.3) - https:\/\/yoast.com\/product\/yoast-seo-premium-wordpress\/ -->\n<title>BeSafe iZi Turn i-Size, \u010drna kabina - NajNaj.eu<\/title>\n<meta name=\"robots\" content=\"index, follow, max-snippet:-1, max-image-preview:large, max-video-preview:-1\" \/>\n<link rel=\"canonical\" href=\"https:\/\/najnaj.eu\/sl\/izdelek\/besafe-izi-turn-i-size-crna-kabina\/\" \/>\n<meta property=\"og:locale\" content=\"sl_SI\" \/>\n<meta property=\"og:type\" content=\"article\" \/>\n<meta property=\"og:title\" content=\"BeSafe iZi Turn i-Size, \u010drna kabina\" \/>\n<meta property=\"og:description\" content=\"Prilagodljiv vrtljivi avtosede\u017e s tehnologijo Universal Level Technology\u2122 Vi\u0161ina: nasprotna smer 61-105 cm, smer vo\u017enje 88-105 cm maks. te\u017ea: 18 kg Starost: pribl. 6 mesecev do 4 leta Certifikat: UN R129 (i-Size) Namestitev: ISOfix Smer: Nasprotno od smeri vo\u017enje ali smeri vo\u017enje Dvoslojna varnost \u2013 podporne blazinice Prakti\u010den in enostaven za uporabo Universal Level Technology\u2122 \u2013 prilagajanje naklona avtomobilskega sede\u017ea za maksimalno udobje Dynamic Force Absorber\u2122 \u2013 inovacija pri za\u0161\u010diti pred bo\u010dnim trkom *Upo\u0161tevajte, da je navedeni starostni razpon le smernica, ki temelji na povpre\u010dnih vrednostih in ne omejuje ali jam\u010di \u010dasa uporabe\" \/>\n<meta property=\"og:url\" content=\"https:\/\/najnaj.eu\/sl\/izdelek\/besafe-izi-turn-i-size-crna-kabina\/\" \/>\n<meta property=\"og:site_name\" content=\"NajNaj.eu\" \/>\n<meta property=\"article:publisher\" content=\"https:\/\/web.facebook.com\/najnaj.eu\/\" \/>\n<meta property=\"article:modified_time\" content=\"2025-12-04T07:42:21+00:00\" \/>\n<meta property=\"og:image\" content=\"https:\/\/najnaj.eu\/wp-content\/uploads\/2023\/08\/11007222_BeSafe-iZi-Turn-i-Size_Fresh-Black-Cab_Right-2.jpg\" \/>\n\t<meta property=\"og:image:width\" content=\"1080\" \/>\n\t<meta property=\"og:image:height\" content=\"1080\" \/>\n\t<meta property=\"og:image:type\" content=\"image\/png\" \/>\n<meta name=\"twitter:card\" content=\"summary_large_image\" \/>\n<meta name=\"twitter:label1\" content=\"Price\" \/>\n\t<meta name=\"twitter:data1\" content=\"559,00&nbsp;&euro;\" \/>\n\t<meta name=\"twitter:label2\" content=\"Availability\" \/>\n\t<meta name=\"twitter:data2\" content=\"Out of stock\" \/>\n<script type=\"application\/ld+json\" class=\"yoast-schema-graph\">{\"@context\":\"https:\\\/\\\/schema.org\",\"@graph\":[{\"@type\":\"WebPage\",\"@id\":\"https:\\\/\\\/najnaj.eu\\\/sl\\\/izdelek\\\/besafe-izi-turn-i-size-crna-kabina\\\/\",\"url\":\"https:\\\/\\\/najnaj.eu\\\/sl\\\/izdelek\\\/besafe-izi-turn-i-size-crna-kabina\\\/\",\"name\":\"BeSafe iZi Turn i-Size, \u010drna kabina - NajNaj.eu\",\"isPartOf\":{\"@id\":\"https:\\\/\\\/najnaj.eu\\\/sl\\\/#website\"},\"primaryImageOfPage\":{\"@id\":\"https:\\\/\\\/najnaj.eu\\\/sl\\\/izdelek\\\/besafe-izi-turn-i-size-crna-kabina\\\/#primaryimage\"},\"image\":{\"@id\":\"https:\\\/\\\/najnaj.eu\\\/sl\\\/izdelek\\\/besafe-izi-turn-i-size-crna-kabina\\\/#primaryimage\"},\"thumbnailUrl\":\"https:\\\/\\\/najnaj.eu\\\/wp-content\\\/uploads\\\/2023\\\/08\\\/11007222_BeSafe-iZi-Turn-i-Size_Fresh-Black-Cab_Right-2.jpg\",\"datePublished\":\"2025-01-07T09:39:55+00:00\",\"dateModified\":\"2025-12-04T07:42:21+00:00\",\"breadcrumb\":{\"@id\":\"https:\\\/\\\/najnaj.eu\\\/sl\\\/izdelek\\\/besafe-izi-turn-i-size-crna-kabina\\\/#breadcrumb\"},\"inLanguage\":\"sl-SI\",\"potentialAction\":[{\"@type\":\"ReadAction\",\"target\":[\"https:\\\/\\\/najnaj.eu\\\/sl\\\/izdelek\\\/besafe-izi-turn-i-size-crna-kabina\\\/\"]}]},{\"@type\":\"ImageObject\",\"inLanguage\":\"sl-SI\",\"@id\":\"https:\\\/\\\/najnaj.eu\\\/sl\\\/izdelek\\\/besafe-izi-turn-i-size-crna-kabina\\\/#primaryimage\",\"url\":\"https:\\\/\\\/najnaj.eu\\\/wp-content\\\/uploads\\\/2023\\\/08\\\/11007222_BeSafe-iZi-Turn-i-Size_Fresh-Black-Cab_Right-2.jpg\",\"contentUrl\":\"https:\\\/\\\/najnaj.eu\\\/wp-content\\\/uploads\\\/2023\\\/08\\\/11007222_BeSafe-iZi-Turn-i-Size_Fresh-Black-Cab_Right-2.jpg\",\"width\":1080,\"height\":1080,\"caption\":\"Crna rotacijska sjedalica za bebu\"},{\"@type\":\"BreadcrumbList\",\"@id\":\"https:\\\/\\\/najnaj.eu\\\/sl\\\/izdelek\\\/besafe-izi-turn-i-size-crna-kabina\\\/#breadcrumb\",\"itemListElement\":[{\"@type\":\"ListItem\",\"position\":1,\"name\":\"Po\u010detna stranica\",\"item\":\"https:\\\/\\\/najnaj.eu\\\/sl\\\/prednja-stran\\\/\"},{\"@type\":\"ListItem\",\"position\":2,\"name\":\"Shop\",\"item\":\"https:\\\/\\\/najnaj.eu\\\/sl\\\/shop\\\/\"},{\"@type\":\"ListItem\",\"position\":3,\"name\":\"BeSafe iZi Turn i-Size, \u010drna kabina\"}]},{\"@type\":\"WebSite\",\"@id\":\"https:\\\/\\\/najnaj.eu\\\/sl\\\/#website\",\"url\":\"https:\\\/\\\/najnaj.eu\\\/sl\\\/\",\"name\":\"NajNaj.eu\",\"description\":\"Za najva\u017enije!\",\"publisher\":{\"@id\":\"https:\\\/\\\/najnaj.eu\\\/sl\\\/#organization\"},\"potentialAction\":[{\"@type\":\"SearchAction\",\"target\":{\"@type\":\"EntryPoint\",\"urlTemplate\":\"https:\\\/\\\/najnaj.eu\\\/sl\\\/?s={search_term_string}\"},\"query-input\":{\"@type\":\"PropertyValueSpecification\",\"valueRequired\":true,\"valueName\":\"search_term_string\"}}],\"inLanguage\":\"sl-SI\"},{\"@type\":\"Organization\",\"@id\":\"https:\\\/\\\/najnaj.eu\\\/sl\\\/#organization\",\"name\":\"NajNaj.eu\",\"url\":\"https:\\\/\\\/najnaj.eu\\\/sl\\\/\",\"logo\":{\"@type\":\"ImageObject\",\"inLanguage\":\"sl-SI\",\"@id\":\"https:\\\/\\\/najnaj.eu\\\/sl\\\/#\\\/schema\\\/logo\\\/image\\\/\",\"url\":\"https:\\\/\\\/najnaj.eu\\\/wp-content\\\/uploads\\\/2023\\\/09\\\/logo_Najnaj_2023.svg\",\"contentUrl\":\"https:\\\/\\\/najnaj.eu\\\/wp-content\\\/uploads\\\/2023\\\/09\\\/logo_Najnaj_2023.svg\",\"width\":501,\"height\":278,\"caption\":\"NajNaj.eu\"},\"image\":{\"@id\":\"https:\\\/\\\/najnaj.eu\\\/sl\\\/#\\\/schema\\\/logo\\\/image\\\/\"},\"sameAs\":[\"https:\\\/\\\/web.facebook.com\\\/najnaj.eu\\\/\",\"https:\\\/\\\/www.instagram.com\\\/najnaj.eu\\\/\",\"https:\\\/\\\/www.tiktok.com\\\/@najnaj.eu\"]}]}<\/script>\n<meta property=\"product:brand\" content=\"BeSafe\" \/>\n<meta property=\"product:price:amount\" content=\"559.00\" \/>\n<meta property=\"product:price:currency\" content=\"EUR\" \/>\n<meta property=\"og:availability\" content=\"out of stock\" \/>\n<meta property=\"product:availability\" content=\"out of stock\" \/>\n<meta property=\"product:retailer_item_id\" content=\"11007222-BlackCabF\" \/>\n<meta property=\"product:condition\" content=\"new\" \/>\n<!-- \/ Yoast SEO Premium plugin. -->","yoast_head_json":{"title":"BeSafe iZi Turn i-Size, \u010drna kabina - NajNaj.eu","robots":{"index":"index","follow":"follow","max-snippet":"max-snippet:-1","max-image-preview":"max-image-preview:large","max-video-preview":"max-video-preview:-1"},"canonical":"https:\/\/najnaj.eu\/sl\/izdelek\/besafe-izi-turn-i-size-crna-kabina\/","og_locale":"sl_SI","og_type":"article","og_title":"BeSafe iZi Turn i-Size, \u010drna kabina","og_description":"Prilagodljiv vrtljivi avtosede\u017e s tehnologijo Universal Level Technology\u2122 Vi\u0161ina: nasprotna smer 61-105 cm, smer vo\u017enje 88-105 cm maks. te\u017ea: 18 kg Starost: pribl. 6 mesecev do 4 leta Certifikat: UN R129 (i-Size) Namestitev: ISOfix Smer: Nasprotno od smeri vo\u017enje ali smeri vo\u017enje Dvoslojna varnost \u2013 podporne blazinice Prakti\u010den in enostaven za uporabo Universal Level Technology\u2122 \u2013 prilagajanje naklona avtomobilskega sede\u017ea za maksimalno udobje Dynamic Force Absorber\u2122 \u2013 inovacija pri za\u0161\u010diti pred bo\u010dnim trkom *Upo\u0161tevajte, da je navedeni starostni razpon le smernica, ki temelji na povpre\u010dnih vrednostih in ne omejuje ali jam\u010di \u010dasa uporabe","og_url":"https:\/\/najnaj.eu\/sl\/izdelek\/besafe-izi-turn-i-size-crna-kabina\/","og_site_name":"NajNaj.eu","article_publisher":"https:\/\/web.facebook.com\/najnaj.eu\/","article_modified_time":"2025-12-04T07:42:21+00:00","og_image":[{"width":1080,"height":1080,"url":"https:\/\/najnaj.eu\/wp-content\/uploads\/2023\/08\/11007222_BeSafe-iZi-Turn-i-Size_Fresh-Black-Cab_Right-2.jpg","type":"image\/png"}],"twitter_card":"summary_large_image","twitter_misc":{"Price":"559,00&nbsp;&euro;","Availability":"Out of stock"},"schema":{"@context":"https:\/\/schema.org","@graph":[{"@type":"WebPage","@id":"https:\/\/najnaj.eu\/sl\/izdelek\/besafe-izi-turn-i-size-crna-kabina\/","url":"https:\/\/najnaj.eu\/sl\/izdelek\/besafe-izi-turn-i-size-crna-kabina\/","name":"BeSafe iZi Turn i-Size, \u010drna kabina - NajNaj.eu","isPartOf":{"@id":"https:\/\/najnaj.eu\/sl\/#website"},"primaryImageOfPage":{"@id":"https:\/\/najnaj.eu\/sl\/izdelek\/besafe-izi-turn-i-size-crna-kabina\/#primaryimage"},"image":{"@id":"https:\/\/najnaj.eu\/sl\/izdelek\/besafe-izi-turn-i-size-crna-kabina\/#primaryimage"},"thumbnailUrl":"https:\/\/najnaj.eu\/wp-content\/uploads\/2023\/08\/11007222_BeSafe-iZi-Turn-i-Size_Fresh-Black-Cab_Right-2.jpg","datePublished":"2025-01-07T09:39:55+00:00","dateModified":"2025-12-04T07:42:21+00:00","breadcrumb":{"@id":"https:\/\/najnaj.eu\/sl\/izdelek\/besafe-izi-turn-i-size-crna-kabina\/#breadcrumb"},"inLanguage":"sl-SI","potentialAction":[{"@type":"ReadAction","target":["https:\/\/najnaj.eu\/sl\/izdelek\/besafe-izi-turn-i-size-crna-kabina\/"]}]},{"@type":"ImageObject","inLanguage":"sl-SI","@id":"https:\/\/najnaj.eu\/sl\/izdelek\/besafe-izi-turn-i-size-crna-kabina\/#primaryimage","url":"https:\/\/najnaj.eu\/wp-content\/uploads\/2023\/08\/11007222_BeSafe-iZi-Turn-i-Size_Fresh-Black-Cab_Right-2.jpg","contentUrl":"https:\/\/najnaj.eu\/wp-content\/uploads\/2023\/08\/11007222_BeSafe-iZi-Turn-i-Size_Fresh-Black-Cab_Right-2.jpg","width":1080,"height":1080,"caption":"Crna rotacijska sjedalica za bebu"},{"@type":"BreadcrumbList","@id":"https:\/\/najnaj.eu\/sl\/izdelek\/besafe-izi-turn-i-size-crna-kabina\/#breadcrumb","itemListElement":[{"@type":"ListItem","position":1,"name":"Po\u010detna stranica","item":"https:\/\/najnaj.eu\/sl\/prednja-stran\/"},{"@type":"ListItem","position":2,"name":"Shop","item":"https:\/\/najnaj.eu\/sl\/shop\/"},{"@type":"ListItem","position":3,"name":"BeSafe iZi Turn i-Size, \u010drna kabina"}]},{"@type":"WebSite","@id":"https:\/\/najnaj.eu\/sl\/#website","url":"https:\/\/najnaj.eu\/sl\/","name":"NajNaj.eu","description":"Za najva\u017enije!","publisher":{"@id":"https:\/\/najnaj.eu\/sl\/#organization"},"potentialAction":[{"@type":"SearchAction","target":{"@type":"EntryPoint","urlTemplate":"https:\/\/najnaj.eu\/sl\/?s={search_term_string}"},"query-input":{"@type":"PropertyValueSpecification","valueRequired":true,"valueName":"search_term_string"}}],"inLanguage":"sl-SI"},{"@type":"Organization","@id":"https:\/\/najnaj.eu\/sl\/#organization","name":"NajNaj.eu","url":"https:\/\/najnaj.eu\/sl\/","logo":{"@type":"ImageObject","inLanguage":"sl-SI","@id":"https:\/\/najnaj.eu\/sl\/#\/schema\/logo\/image\/","url":"https:\/\/najnaj.eu\/wp-content\/uploads\/2023\/09\/logo_Najnaj_2023.svg","contentUrl":"https:\/\/najnaj.eu\/wp-content\/uploads\/2023\/09\/logo_Najnaj_2023.svg","width":501,"height":278,"caption":"NajNaj.eu"},"image":{"@id":"https:\/\/najnaj.eu\/sl\/#\/schema\/logo\/image\/"},"sameAs":["https:\/\/web.facebook.com\/najnaj.eu\/","https:\/\/www.instagram.com\/najnaj.eu\/","https:\/\/www.tiktok.com\/@najnaj.eu"]}]},"product_brand":"BeSafe","product_price_amount":"559.00","product_price_currency":"EUR","og_availability":"out of stock","product_availability":"out of stock","product_retailer_item_id":"11007222-BlackCabF","product_condition":"new"},"_links":{"self":[{"href":"https:\/\/najnaj.eu\/sl\/wp-json\/wp\/v2\/product\/194230","targetHints":{"allow":["GET"]}}],"collection":[{"href":"https:\/\/najnaj.eu\/sl\/wp-json\/wp\/v2\/product"}],"about":[{"href":"https:\/\/najnaj.eu\/sl\/wp-json\/wp\/v2\/types\/product"}],"replies":[{"embeddable":true,"href":"https:\/\/najnaj.eu\/sl\/wp-json\/wp\/v2\/comments?post=194230"}],"version-history":[{"count":0,"href":"https:\/\/najnaj.eu\/sl\/wp-json\/wp\/v2\/product\/194230\/revisions"}],"wp:featuredmedia":[{"embeddable":true,"href":"https:\/\/najnaj.eu\/sl\/wp-json\/wp\/v2\/media\/153998"}],"wp:attachment":[{"href":"https:\/\/najnaj.eu\/sl\/wp-json\/wp\/v2\/media?parent=194230"}],"wp:term":[{"taxonomy":"product_brand","embeddable":true,"href":"https:\/\/najnaj.eu\/sl\/wp-json\/wp\/v2\/product_brand?post=194230"},{"taxonomy":"product_cat","embeddable":true,"href":"https:\/\/najnaj.eu\/sl\/wp-json\/wp\/v2\/product_cat?post=194230"},{"taxonomy":"product_tag","embeddable":true,"href":"https:\/\/najnaj.eu\/sl\/wp-json\/wp\/v2\/product_tag?post=194230"}],"curies":[{"name":"wp","href":"https:\/\/api.w.org\/{rel}","templated":true}]}}