{"id":194223,"date":"2025-01-06T09:38:15","date_gmt":"2025-01-06T08:38:15","guid":{"rendered":"https:\/\/najnaj.eu\/proizvod\/izi-turn-b-i-size-morsko-zelena\/"},"modified":"2025-12-04T08:43:22","modified_gmt":"2025-12-04T07:43:22","slug":"izi-turn-b-i-size-morsko-zelena","status":"publish","type":"product","link":"https:\/\/najnaj.eu\/sl\/izdelek\/izi-turn-b-i-size-morsko-zelena\/","title":{"rendered":"iZi Turn B i-Size, morsko zelena"},"content":{"rendered":"<p>Ta vrtljivi avtosede\u017e zdru\u017euje avtosede\u017e za novorojen\u010dka in otro\u0161ki avtosede\u017e s pomo\u010djo edinstvenih vstavkov BeSafe Baby Shell\u2122 in Newborn Hugger\u2122. Da bi prepre\u010dili zlorabo vrtljivega mehanizma, ima sede\u017e sistem Baby-Secure Swivel\u2122, ki zagotavlja, da se dojen\u010dki lahko vozijo samo obrnjeni v nasprotno smer vo\u017enje, sede\u017e pa kasneje omogo\u010da popolno 360\u00b0 prilagodljivost za starej\u0161e otroke.<\/p>\n<h3>#1: Baby-Secure Swivel\u2122<\/h3>\n<p>Manj\u0161e tveganje napa\u010dne uporabe pomeni varnej\u0161o vo\u017enjo za otroke vseh starosti<br \/>\nDojen\u010dki se morajo vedno voziti obrnjeni stran od smeri vo\u017enje, zato smo zagotovili, da iZi Turn B i-Size ni mogo\u010de prezgodaj obrniti v smer vo\u017enje. Integrirana osnova ISOfix in lupina Baby Shell sta opremljena z zaklepnim mehanizmom Baby-Secure Swivel\u2122, ki prepre\u010duje obra\u010danje in uporabo sede\u017ea v smeri vo\u017enje, medtem ko je vlo\u017eek za dojen\u010dke Baby Shell\u2122 name\u0161\u010den na sede\u017eu.<\/p>\n<h3>#2: tehnologija univerzalne ravni<\/h3>\n<p>Vedno prijeten kot sedenja &#8211; v vsakem avtomobilu<br \/>\nZakaj bi kupili avtosede\u017e, ki bi lahko bil preve\u010d pokon\u010den v va\u0161em avtu in bi bil otroku neudoben v vo\u017enji, \u010de pa imate namesto tega lahko Universal Level Technology\u2122? Ne glede na to, kako so oblikovani sede\u017ei v va\u0161em avtomobilu, mehanizem Universal Level Technology\u2122 vedno omogo\u010da vodoravno namestitev in udobno vo\u017enjo v smeri, ki je nasprotna smeri vo\u017enje, zahvaljujo\u010d dejstvu, da sede\u017e ni odvisen od kota, pod katerim name\u0161\u010den avtosede\u017e.<\/p>\n<h3>#3: Dynamic Force Absorber\u2122<\/h3>\n<p>Najbolj inovativna za\u0161\u010dita pred bo\u010dnim trkom<br \/>\nBeSafe je \u017ee dolgo v sredi\u0161\u010du inovacij na podro\u010dju za\u0161\u010dite pri stranskih trkih. S sistemom Dynamic Force Absorber\u2122 ponuja iZi Turn B i-Size novo in vrhunsko re\u0161itev za vzglavje avtomobilskega sede\u017ea. Konstrukcija je izdelana iz posebnega materiala, ki je sestavljen v razli\u010dne pro\u017ene cone, ki optimalno absorbirajo sile pri bo\u010dnem trku.<\/p>\n<h3>Troslojna varnost od rojstva<\/h3>\n<ul>\n<li>Poseben vlo\u017eek Baby Shell\u2122 za edinstveno varnost od rojstva<\/li>\n<li>Integrirana za\u0161\u010dita pred bo\u010dnim trkom (SIP) v lupini sede\u017ea<\/li>\n<li>Dodatna bo\u010dna za\u0161\u010dita (SIP+) z obliko po meri<\/li>\n<li>Za\u0161\u010ditna in mehka opora za glavo z inovativnim sistemom Dynamic Force Absorber\u2122<\/li>\n<li>Baby-Secure Swivel\u2122 zmanj\u0161uje tveganje napa\u010dne uporabe, saj omogo\u010da dojen\u010dkom, da potujejo samo v nasprotni smeri vo\u017enje.<\/li>\n<li>Odobreno v skladu z najnovej\u0161im standardom UN R129<\/li>\n<li>Omogo\u010da 5x varnej\u0161o vo\u017enjo v nasprotni smeri vo\u017enje do pribli\u017eno 4. leta&#8221;<\/li>\n<\/ul>\n<h3>Vrhunska funkcionalnost za preprosto vsakodnevno uporabo<\/h3>\n<ul>\n<li>Magnetic Belt Assistants\u2122 \u2013 pametni magnetni sistem, ki olaj\u0161a namestitev otroka v sede\u017e in iz njega<\/li>\n<li>Enostavno dostopen s prakti\u010dno stransko rotacijo od rojstva in popolno 360\u00b0 prilagodljivostjo kasneje za starej\u0161e otroke<\/li>\n<li>Nastavljiv polo\u017eaj naslonjala tudi po namestitvi<\/li>\n<li>Opti\u010dni in zvo\u010dni indikatorji za povratne informacije o namestitvi<\/li>\n<li>Enostavna nastavitev vzglavnika in pasov&#8221;<\/li>\n<\/ul>\n<h3>Individualizirano udobje<\/h3>\n<ul>\n<li>Universal Level Technology\u2122 za najbolj\u0161i kot sedenja v vsakem avtomobilu<\/li>\n<li>Kvalitetni materiali<\/li>\n<li>Mehak vlo\u017eek Newborn Hugger\u2122 za stabilnost in podporo<\/li>\n<li>Izjemno udobje s 4 polo\u017eaji nagiba<\/li>\n<li>Nastavljiv vzglavnik v 10 stopnjah, ki sledi rasti otroka<\/li>\n<li>Odli\u010dna zra\u010dnost zahvaljujo\u010d prezra\u010devalnemu sistemu na hrbtni strani<\/li>\n<li>Odobreno s strani nem\u0161ke organizacije AGR kot izdelek, zdrav za otro\u0161ki hrbet<\/li>\n<\/ul>\n<h3>Tehni\u010dne informacije<\/h3>\n<ul>\n<li>Certifikat: UN R129 (i-Size)<\/li>\n<li>Vi\u0161ina: nasprotna smer 40-105 cm, smer vo\u017enje 88-105 cm<\/li>\n<li>Nazaj obrnjena vi\u0161ina z vstavkom Baby Shell\u2122: 40\u201387 cm<\/li>\n<li>Vi\u0161ina v nasprotni smeri vo\u017enje brez vlo\u017eka Baby Shell\u2122: 61-105 cm<\/li>\n<li>Vi\u0161ina v smeri vo\u017enje (brez vlo\u017eka Baby Shell\u2122): 88-105 cm<\/li>\n<li>Maks. te\u017ea: 18 kg<\/li>\n<li>Starost: od rojstva do pribli\u017eno 4 let*<\/li>\n<li>Smer: Nasprotno od smeri vo\u017enje ali v smeri vo\u017enje<\/li>\n<li>Namestitev: ISOfix<\/li>\n<li>Te\u017ea avtosede\u017ea: 15 kg<\/li>\n<li>Dimenzije: \u016044 x G 73 x V 50 cm (z naslonom v najni\u017ejem polo\u017eaju; 62 cm v najvi\u0161jem polo\u017eaju)<\/li>\n<\/ul>\n","protected":false},"excerpt":{"rendered":"<h2>1 avtosede\u017e za prva 4 leta &#8211; varnej\u0161e vrtenje od rojstva<\/h2>\n<ul>\n<li>Vi\u0161ina: v nasprotni smeri vo\u017enje 40-105 cm, v smeri vo\u017enje 88-105 cm<\/li>\n<li>Maks. te\u017ea: 18 kg<\/li>\n<li>Starost: pribl. 0 &#8211; 4 leta (Izjava o omejitvi odgovornosti)<\/li>\n<li>Mehanizem Baby-Secure Swivel\u2122 za varnej\u0161e vrtenje od rojstva<\/li>\n<li>Universal Level Technology\u2122 za bolj udobna potovanja v katerem koli avtomobilu<\/li>\n<li>Dynamic Force Absorber\u2122 zagotavlja vi\u0161jo raven za\u0161\u010dite pri bo\u010dnem trku<\/li>\n<li>Baby-Shell\u2122 za udobno uporabo od rojstva z za\u0161\u010ditnimi stranskimi stenami in polo\u017eajem, ki je posebej prilagojen otrokovemu hrbtu<\/li>\n<li>Newborn Hugger\u2122 zagotavlja oporo in idealen le\u017ee\u010di kot za novorojen\u010dka<\/li>\n<\/ul>\n","protected":false},"featured_media":156131,"comment_status":"open","ping_status":"closed","template":"","meta":{"_acf_changed":false,"footnotes":""},"product_brand":[],"product_cat":[574,831,830],"product_tag":[],"class_list":{"0":"post-194223","1":"product","2":"type-product","3":"status-publish","4":"has-post-thumbnail","6":"product_cat-autosjedalice","7":"product_cat-mala-djeca-1-4-god","8":"product_cat-novorodence","9":"pa_atest-ece-r129-i-size","10":"pa_boja-zelena","11":"pa_brand-besafe","12":"pa_nacin-postavljanja-isofix","13":"pa_visina-djeteta-od-40-do-105-cm","15":"first","16":"outofstock","17":"purchasable","18":"product-type-simple"},"bundled_by":[],"bundle_stock_status":"outofstock","bundle_stock_quantity":0,"bundle_virtual":false,"bundle_layout":"","bundle_add_to_cart_form_location":"","bundle_editable_in_cart":false,"bundle_sold_individually_context":"","bundle_item_grouping":"","bundle_min_size":"","bundle_max_size":"","bundle_price":[],"bundled_items":[],"bundle_sell_ids":[],"acf":[],"yoast_head":"<!-- This site is optimized with the Yoast SEO Premium plugin v21.5 (Yoast SEO v27.3) - https:\/\/yoast.com\/product\/yoast-seo-premium-wordpress\/ -->\n<title>iZi Turn B i-Size, morsko zelena - NajNaj.eu<\/title>\n<meta name=\"robots\" content=\"index, follow, max-snippet:-1, max-image-preview:large, max-video-preview:-1\" \/>\n<link rel=\"canonical\" href=\"https:\/\/najnaj.eu\/sl\/izdelek\/izi-turn-b-i-size-morsko-zelena\/\" \/>\n<meta property=\"og:locale\" content=\"sl_SI\" \/>\n<meta property=\"og:type\" content=\"article\" \/>\n<meta property=\"og:title\" content=\"iZi Turn B i-Size, morsko zelena\" \/>\n<meta property=\"og:description\" content=\"1 avtosede\u017e za prva 4 leta - varnej\u0161e vrtenje od rojstva  Vi\u0161ina: v nasprotni smeri vo\u017enje 40-105 cm, v smeri vo\u017enje 88-105 cm  Maks. te\u017ea: 18 kg  Starost: pribl. 0 - 4 leta (Izjava o omejitvi odgovornosti)  Mehanizem Baby-Secure Swivel\u2122 za varnej\u0161e vrtenje od rojstva  Universal Level Technology\u2122 za bolj udobna potovanja v katerem koli avtomobilu  Dynamic Force Absorber\u2122 zagotavlja vi\u0161jo raven za\u0161\u010dite pri bo\u010dnem trku  Baby-Shell\u2122 za udobno uporabo od rojstva z za\u0161\u010ditnimi stranskimi stenami in polo\u017eajem, ki je posebej prilagojen otrokovemu hrbtu  Newborn Hugger\u2122 zagotavlja oporo in idealen le\u017ee\u010di kot za novorojen\u010dka\" \/>\n<meta property=\"og:url\" content=\"https:\/\/najnaj.eu\/sl\/izdelek\/izi-turn-b-i-size-morsko-zelena\/\" \/>\n<meta property=\"og:site_name\" content=\"NajNaj.eu\" \/>\n<meta property=\"article:publisher\" content=\"https:\/\/web.facebook.com\/najnaj.eu\/\" \/>\n<meta property=\"article:modified_time\" content=\"2025-12-04T07:43:22+00:00\" \/>\n<meta property=\"og:image\" content=\"https:\/\/najnaj.eu\/wp-content\/uploads\/2023\/08\/11009873_BeSafe_iZi-Turn-B-i-Size_Sea-Green-Melange_Right_Shadow-Large.jpg\" \/>\n\t<meta property=\"og:image:width\" content=\"1000\" \/>\n\t<meta property=\"og:image:height\" content=\"1000\" \/>\n\t<meta property=\"og:image:type\" content=\"image\/png\" \/>\n<meta name=\"twitter:card\" content=\"summary_large_image\" \/>\n<meta name=\"twitter:label1\" content=\"Price\" \/>\n\t<meta name=\"twitter:data1\" content=\"629,00&nbsp;&euro;\" \/>\n\t<meta name=\"twitter:label2\" content=\"Availability\" \/>\n\t<meta name=\"twitter:data2\" content=\"Out of stock\" \/>\n<script type=\"application\/ld+json\" class=\"yoast-schema-graph\">{\"@context\":\"https:\\\/\\\/schema.org\",\"@graph\":[{\"@type\":\"WebPage\",\"@id\":\"https:\\\/\\\/najnaj.eu\\\/sl\\\/izdelek\\\/izi-turn-b-i-size-morsko-zelena\\\/\",\"url\":\"https:\\\/\\\/najnaj.eu\\\/sl\\\/izdelek\\\/izi-turn-b-i-size-morsko-zelena\\\/\",\"name\":\"iZi Turn B i-Size, morsko zelena - NajNaj.eu\",\"isPartOf\":{\"@id\":\"https:\\\/\\\/najnaj.eu\\\/sl\\\/#website\"},\"primaryImageOfPage\":{\"@id\":\"https:\\\/\\\/najnaj.eu\\\/sl\\\/izdelek\\\/izi-turn-b-i-size-morsko-zelena\\\/#primaryimage\"},\"image\":{\"@id\":\"https:\\\/\\\/najnaj.eu\\\/sl\\\/izdelek\\\/izi-turn-b-i-size-morsko-zelena\\\/#primaryimage\"},\"thumbnailUrl\":\"https:\\\/\\\/najnaj.eu\\\/wp-content\\\/uploads\\\/2023\\\/08\\\/11009873_BeSafe_iZi-Turn-B-i-Size_Sea-Green-Melange_Right_Shadow-Large.jpg\",\"datePublished\":\"2025-01-06T08:38:15+00:00\",\"dateModified\":\"2025-12-04T07:43:22+00:00\",\"breadcrumb\":{\"@id\":\"https:\\\/\\\/najnaj.eu\\\/sl\\\/izdelek\\\/izi-turn-b-i-size-morsko-zelena\\\/#breadcrumb\"},\"inLanguage\":\"sl-SI\",\"potentialAction\":[{\"@type\":\"ReadAction\",\"target\":[\"https:\\\/\\\/najnaj.eu\\\/sl\\\/izdelek\\\/izi-turn-b-i-size-morsko-zelena\\\/\"]}]},{\"@type\":\"ImageObject\",\"inLanguage\":\"sl-SI\",\"@id\":\"https:\\\/\\\/najnaj.eu\\\/sl\\\/izdelek\\\/izi-turn-b-i-size-morsko-zelena\\\/#primaryimage\",\"url\":\"https:\\\/\\\/najnaj.eu\\\/wp-content\\\/uploads\\\/2023\\\/08\\\/11009873_BeSafe_iZi-Turn-B-i-Size_Sea-Green-Melange_Right_Shadow-Large.jpg\",\"contentUrl\":\"https:\\\/\\\/najnaj.eu\\\/wp-content\\\/uploads\\\/2023\\\/08\\\/11009873_BeSafe_iZi-Turn-B-i-Size_Sea-Green-Melange_Right_Shadow-Large.jpg\",\"width\":1000,\"height\":1000,\"caption\":\"Zelena rotacijska sjedalica za bebu\"},{\"@type\":\"BreadcrumbList\",\"@id\":\"https:\\\/\\\/najnaj.eu\\\/sl\\\/izdelek\\\/izi-turn-b-i-size-morsko-zelena\\\/#breadcrumb\",\"itemListElement\":[{\"@type\":\"ListItem\",\"position\":1,\"name\":\"Po\u010detna stranica\",\"item\":\"https:\\\/\\\/najnaj.eu\\\/sl\\\/prednja-stran\\\/\"},{\"@type\":\"ListItem\",\"position\":2,\"name\":\"Shop\",\"item\":\"https:\\\/\\\/najnaj.eu\\\/sl\\\/shop\\\/\"},{\"@type\":\"ListItem\",\"position\":3,\"name\":\"iZi Turn B i-Size, morsko zelena\"}]},{\"@type\":\"WebSite\",\"@id\":\"https:\\\/\\\/najnaj.eu\\\/sl\\\/#website\",\"url\":\"https:\\\/\\\/najnaj.eu\\\/sl\\\/\",\"name\":\"NajNaj.eu\",\"description\":\"Za najva\u017enije!\",\"publisher\":{\"@id\":\"https:\\\/\\\/najnaj.eu\\\/sl\\\/#organization\"},\"potentialAction\":[{\"@type\":\"SearchAction\",\"target\":{\"@type\":\"EntryPoint\",\"urlTemplate\":\"https:\\\/\\\/najnaj.eu\\\/sl\\\/?s={search_term_string}\"},\"query-input\":{\"@type\":\"PropertyValueSpecification\",\"valueRequired\":true,\"valueName\":\"search_term_string\"}}],\"inLanguage\":\"sl-SI\"},{\"@type\":\"Organization\",\"@id\":\"https:\\\/\\\/najnaj.eu\\\/sl\\\/#organization\",\"name\":\"NajNaj.eu\",\"url\":\"https:\\\/\\\/najnaj.eu\\\/sl\\\/\",\"logo\":{\"@type\":\"ImageObject\",\"inLanguage\":\"sl-SI\",\"@id\":\"https:\\\/\\\/najnaj.eu\\\/sl\\\/#\\\/schema\\\/logo\\\/image\\\/\",\"url\":\"https:\\\/\\\/najnaj.eu\\\/wp-content\\\/uploads\\\/2023\\\/09\\\/logo_Najnaj_2023.svg\",\"contentUrl\":\"https:\\\/\\\/najnaj.eu\\\/wp-content\\\/uploads\\\/2023\\\/09\\\/logo_Najnaj_2023.svg\",\"width\":501,\"height\":278,\"caption\":\"NajNaj.eu\"},\"image\":{\"@id\":\"https:\\\/\\\/najnaj.eu\\\/sl\\\/#\\\/schema\\\/logo\\\/image\\\/\"},\"sameAs\":[\"https:\\\/\\\/web.facebook.com\\\/najnaj.eu\\\/\",\"https:\\\/\\\/www.instagram.com\\\/najnaj.eu\\\/\",\"https:\\\/\\\/www.tiktok.com\\\/@najnaj.eu\"]}]}<\/script>\n<meta property=\"product:brand\" content=\"BeSafe\" \/>\n<meta property=\"product:price:amount\" content=\"629.00\" \/>\n<meta property=\"product:price:currency\" content=\"EUR\" \/>\n<meta property=\"og:availability\" content=\"out of stock\" \/>\n<meta property=\"product:availability\" content=\"out of stock\" \/>\n<meta property=\"product:retailer_item_id\" content=\"11009873-SeaGreenM\" \/>\n<meta property=\"product:condition\" content=\"new\" \/>\n<!-- \/ Yoast SEO Premium plugin. -->","yoast_head_json":{"title":"iZi Turn B i-Size, morsko zelena - NajNaj.eu","robots":{"index":"index","follow":"follow","max-snippet":"max-snippet:-1","max-image-preview":"max-image-preview:large","max-video-preview":"max-video-preview:-1"},"canonical":"https:\/\/najnaj.eu\/sl\/izdelek\/izi-turn-b-i-size-morsko-zelena\/","og_locale":"sl_SI","og_type":"article","og_title":"iZi Turn B i-Size, morsko zelena","og_description":"1 avtosede\u017e za prva 4 leta - varnej\u0161e vrtenje od rojstva  Vi\u0161ina: v nasprotni smeri vo\u017enje 40-105 cm, v smeri vo\u017enje 88-105 cm  Maks. te\u017ea: 18 kg  Starost: pribl. 0 - 4 leta (Izjava o omejitvi odgovornosti)  Mehanizem Baby-Secure Swivel\u2122 za varnej\u0161e vrtenje od rojstva  Universal Level Technology\u2122 za bolj udobna potovanja v katerem koli avtomobilu  Dynamic Force Absorber\u2122 zagotavlja vi\u0161jo raven za\u0161\u010dite pri bo\u010dnem trku  Baby-Shell\u2122 za udobno uporabo od rojstva z za\u0161\u010ditnimi stranskimi stenami in polo\u017eajem, ki je posebej prilagojen otrokovemu hrbtu  Newborn Hugger\u2122 zagotavlja oporo in idealen le\u017ee\u010di kot za novorojen\u010dka","og_url":"https:\/\/najnaj.eu\/sl\/izdelek\/izi-turn-b-i-size-morsko-zelena\/","og_site_name":"NajNaj.eu","article_publisher":"https:\/\/web.facebook.com\/najnaj.eu\/","article_modified_time":"2025-12-04T07:43:22+00:00","og_image":[{"width":1000,"height":1000,"url":"https:\/\/najnaj.eu\/wp-content\/uploads\/2023\/08\/11009873_BeSafe_iZi-Turn-B-i-Size_Sea-Green-Melange_Right_Shadow-Large.jpg","type":"image\/png"}],"twitter_card":"summary_large_image","twitter_misc":{"Price":"629,00&nbsp;&euro;","Availability":"Out of stock"},"schema":{"@context":"https:\/\/schema.org","@graph":[{"@type":"WebPage","@id":"https:\/\/najnaj.eu\/sl\/izdelek\/izi-turn-b-i-size-morsko-zelena\/","url":"https:\/\/najnaj.eu\/sl\/izdelek\/izi-turn-b-i-size-morsko-zelena\/","name":"iZi Turn B i-Size, morsko zelena - NajNaj.eu","isPartOf":{"@id":"https:\/\/najnaj.eu\/sl\/#website"},"primaryImageOfPage":{"@id":"https:\/\/najnaj.eu\/sl\/izdelek\/izi-turn-b-i-size-morsko-zelena\/#primaryimage"},"image":{"@id":"https:\/\/najnaj.eu\/sl\/izdelek\/izi-turn-b-i-size-morsko-zelena\/#primaryimage"},"thumbnailUrl":"https:\/\/najnaj.eu\/wp-content\/uploads\/2023\/08\/11009873_BeSafe_iZi-Turn-B-i-Size_Sea-Green-Melange_Right_Shadow-Large.jpg","datePublished":"2025-01-06T08:38:15+00:00","dateModified":"2025-12-04T07:43:22+00:00","breadcrumb":{"@id":"https:\/\/najnaj.eu\/sl\/izdelek\/izi-turn-b-i-size-morsko-zelena\/#breadcrumb"},"inLanguage":"sl-SI","potentialAction":[{"@type":"ReadAction","target":["https:\/\/najnaj.eu\/sl\/izdelek\/izi-turn-b-i-size-morsko-zelena\/"]}]},{"@type":"ImageObject","inLanguage":"sl-SI","@id":"https:\/\/najnaj.eu\/sl\/izdelek\/izi-turn-b-i-size-morsko-zelena\/#primaryimage","url":"https:\/\/najnaj.eu\/wp-content\/uploads\/2023\/08\/11009873_BeSafe_iZi-Turn-B-i-Size_Sea-Green-Melange_Right_Shadow-Large.jpg","contentUrl":"https:\/\/najnaj.eu\/wp-content\/uploads\/2023\/08\/11009873_BeSafe_iZi-Turn-B-i-Size_Sea-Green-Melange_Right_Shadow-Large.jpg","width":1000,"height":1000,"caption":"Zelena rotacijska sjedalica za bebu"},{"@type":"BreadcrumbList","@id":"https:\/\/najnaj.eu\/sl\/izdelek\/izi-turn-b-i-size-morsko-zelena\/#breadcrumb","itemListElement":[{"@type":"ListItem","position":1,"name":"Po\u010detna stranica","item":"https:\/\/najnaj.eu\/sl\/prednja-stran\/"},{"@type":"ListItem","position":2,"name":"Shop","item":"https:\/\/najnaj.eu\/sl\/shop\/"},{"@type":"ListItem","position":3,"name":"iZi Turn B i-Size, morsko zelena"}]},{"@type":"WebSite","@id":"https:\/\/najnaj.eu\/sl\/#website","url":"https:\/\/najnaj.eu\/sl\/","name":"NajNaj.eu","description":"Za najva\u017enije!","publisher":{"@id":"https:\/\/najnaj.eu\/sl\/#organization"},"potentialAction":[{"@type":"SearchAction","target":{"@type":"EntryPoint","urlTemplate":"https:\/\/najnaj.eu\/sl\/?s={search_term_string}"},"query-input":{"@type":"PropertyValueSpecification","valueRequired":true,"valueName":"search_term_string"}}],"inLanguage":"sl-SI"},{"@type":"Organization","@id":"https:\/\/najnaj.eu\/sl\/#organization","name":"NajNaj.eu","url":"https:\/\/najnaj.eu\/sl\/","logo":{"@type":"ImageObject","inLanguage":"sl-SI","@id":"https:\/\/najnaj.eu\/sl\/#\/schema\/logo\/image\/","url":"https:\/\/najnaj.eu\/wp-content\/uploads\/2023\/09\/logo_Najnaj_2023.svg","contentUrl":"https:\/\/najnaj.eu\/wp-content\/uploads\/2023\/09\/logo_Najnaj_2023.svg","width":501,"height":278,"caption":"NajNaj.eu"},"image":{"@id":"https:\/\/najnaj.eu\/sl\/#\/schema\/logo\/image\/"},"sameAs":["https:\/\/web.facebook.com\/najnaj.eu\/","https:\/\/www.instagram.com\/najnaj.eu\/","https:\/\/www.tiktok.com\/@najnaj.eu"]}]},"product_brand":"BeSafe","product_price_amount":"629.00","product_price_currency":"EUR","og_availability":"out of stock","product_availability":"out of stock","product_retailer_item_id":"11009873-SeaGreenM","product_condition":"new"},"_links":{"self":[{"href":"https:\/\/najnaj.eu\/sl\/wp-json\/wp\/v2\/product\/194223","targetHints":{"allow":["GET"]}}],"collection":[{"href":"https:\/\/najnaj.eu\/sl\/wp-json\/wp\/v2\/product"}],"about":[{"href":"https:\/\/najnaj.eu\/sl\/wp-json\/wp\/v2\/types\/product"}],"replies":[{"embeddable":true,"href":"https:\/\/najnaj.eu\/sl\/wp-json\/wp\/v2\/comments?post=194223"}],"version-history":[{"count":0,"href":"https:\/\/najnaj.eu\/sl\/wp-json\/wp\/v2\/product\/194223\/revisions"}],"wp:featuredmedia":[{"embeddable":true,"href":"https:\/\/najnaj.eu\/sl\/wp-json\/wp\/v2\/media\/156131"}],"wp:attachment":[{"href":"https:\/\/najnaj.eu\/sl\/wp-json\/wp\/v2\/media?parent=194223"}],"wp:term":[{"taxonomy":"product_brand","embeddable":true,"href":"https:\/\/najnaj.eu\/sl\/wp-json\/wp\/v2\/product_brand?post=194223"},{"taxonomy":"product_cat","embeddable":true,"href":"https:\/\/najnaj.eu\/sl\/wp-json\/wp\/v2\/product_cat?post=194223"},{"taxonomy":"product_tag","embeddable":true,"href":"https:\/\/najnaj.eu\/sl\/wp-json\/wp\/v2\/product_tag?post=194223"}],"curies":[{"name":"wp","href":"https:\/\/api.w.org\/{rel}","templated":true}]}}