{"id":194217,"date":"2025-01-01T08:14:03","date_gmt":"2025-01-01T07:14:03","guid":{"rendered":"https:\/\/najnaj.eu\/proizvod\/besafe-izi-go-modular-x2-i-size-40-75-cm-antracitna-mreza-temno-siva\/"},"modified":"2025-12-04T08:49:04","modified_gmt":"2025-12-04T07:49:04","slug":"besafe-izi-go-modular-x2-i-size-40-75-cm-antracitna-mreza-temno-siva","status":"publish","type":"product","link":"https:\/\/najnaj.eu\/sl\/izdelek\/besafe-izi-go-modular-x2-i-size-40-75-cm-antracitna-mreza-temno-siva\/","title":{"rendered":"BeSafe iZi Go Modular X2 i-Size (40-75 cm), antracitna mre\u017ea, temno siva"},"content":{"rendered":"<p><strong>Najsodobnej\u0161e varnostne funkcije<\/strong><br \/>\n\u00bb Odobreno v skladu z najnovej\u0161im standardom UN R129 (i-Size)<br \/>\n\u00bb 5-to\u010dkovni pas za dodatno stabilnost pri bo\u010dnih trkih<br \/>\n\u00bb Ve\u010djo varnost dose\u017eemo s \u0161irokimi pasovi in \u200b\u200bblazinicami, ki silo udarca porazdelijo na ve\u010djo povr\u0161ino<br \/>\n\u00bb Dodatna bo\u010dna za\u0161\u010dita (SIP+) absorbira energijo in zmanj\u0161a obremenitev za do dodatnih 20 % v primeru bo\u010dnega trka<br \/>\n\u00bb Zahvaljujo\u010d inovativnemu sistemu Dynamic Force Absorber \u2122 je bila dose\u017eena napredna za\u0161\u010dita glave in zgornjega dela telesa<\/p>\n<p><strong>Napredno udobje, prijazno do dojen\u010dka<\/strong><br \/>\n\u00bb Mehka oporna blazina s pametno name\u0161\u010deno oporo zagotavlja stabilnost, podporo in optimizira kot naklona novorojen\u010dka<br \/>\n\u00bb Preoblikovan vzglavnik z ve\u010d prostora za otrokovo glavo<br \/>\n\u00bb Visokokakovostni materiali<br \/>\n\u00bb Notranji pasovi in \u200b\u200bvzglavnik se enostavno nastavijo v enem koraku<br \/>\n\u00bb Fleksibilen sen\u010dnik prepre\u010duje vdor sonca in vsebuje za\u0161\u010dito UPF50 + ter se lahko uporablja neodvisno od nosilnega ro\u010daja<\/p>\n<p><strong>Pametne funkcije za preprosta vsakodnevna potovanja<\/strong><br \/>\n\u00bb Potreben je samo en klik, da ga nastavite na iZi Modular i-Size base<br \/>\n\u00bb Magneti za pameten dostop dr\u017eijo varnostne pasove ob strani in tako olaj\u0161ajo namestitev in izstopanje otroka iz sede\u017ea<br \/>\n\u00bb Eden najla\u017ejih avtosede\u017eev i-Size na trgu<br \/>\n\u00bb Ergonomsko oblikovan ro\u010daj za prenos avtosede\u017ea<br \/>\n\u00bb Preprosto namestitev z enim klikom na ve\u010dino vozi\u010dkov za ustvarjanje potovalnega sistema 3v1<br \/>\n\u00bb Prakti\u010dno odstranjevanje iz vozi\u010dka z uporabo dveh na\u010dinov odpenjanja, ki se prilagajata razli\u010dnim modelom vozi\u010dkov<\/p>\n<p><strong>3D mre\u017easta tkanina (velja samo za avtomobilske sede\u017ee Peak in Anthracite Mesh)<\/strong><br \/>\nTkanina BeSafe Mesh ima 3D strukturo in plasti, ki omogo\u010dajo kro\u017eenje zraka med njimi. Na ta na\u010din, medtem ko zrak te\u010de med plastmi, se toplota in vlaga zmanj\u0161ata, zaradi \u010desar je potovanje prijetnej\u0161e in udobnej\u0161e. S tem sistemom nudi mre\u017easta tkanina BeSafe 3D Mesh do 8-krat ve\u010djo prepustnost zraka na razpolo\u017eljivih avtomobilskih sede\u017eih.*<br \/>\n*3D mre\u017easta tkanina, uporabljena na avtosede\u017eih BeSafe, zagotavlja do 8-krat ve\u010djo prepustnost zraka kot obi\u010dajna tkanina, prevle\u010dena s PU peno.<\/p>\n<p>BeSafe je trenutno edina znamka avtosede\u017eev na trgu, ki jo je nem\u0161ka organizacija AGR potrdila kot &#8220;Back Healthy&#8221; za dojen\u010dke in star\u0161e.<\/p>\n<p>&nbsp;<\/p>\n<p>Te\u017ea avtosede\u017ea: pribl. 4,2 kg<br \/>\n\u0160 x G x V: 66 x 44 x 59 cm (z nosilnim ro\u010dajem v polo\u017eaju za no\u0161enje)<\/p>\n","protected":false},"excerpt":{"rendered":"<p>KLIKNI IN POJDI!<br \/>\nLahek avtosede\u017e za novorojen\u010dka, katerega varnost je ocenil ADAC<br \/>\n&#8220;odli\u010dno&#8221;*. Enostavna namestitev na vozi\u010dek za resni\u010dno prilagodljivost.<\/p>\n<p>Vi\u0161ina: 40-75 cm<br \/>\nStarost: okoli 0 \u2013 12 mesecev<br \/>\nNamestitev: Mo\u017ena namestitev z ISOfix osnovo ali 3-to\u010dkovnim pasom<br \/>\nSmer: Nasprotno od smeri vo\u017enje<br \/>\nCertifikat: UN R129 (i-Size)<\/p>\n","protected":false},"featured_media":157677,"comment_status":"open","ping_status":"closed","template":"","meta":{"_acf_changed":false,"footnotes":""},"product_brand":[],"product_cat":[1786,1788],"product_tag":[],"class_list":{"0":"post-194217","1":"product","2":"type-product","3":"status-publish","4":"has-post-thumbnail","6":"product_cat-car-seats","7":"product_cat-a-newborn","8":"pa_atest-ece-r129-i-size-en","9":"pa_boja-gray","10":"pa_brand-besafe-en","11":"pa_nacin-postavljanja-car-seat-belt","12":"pa_nacin-postavljanja-isofix-en","13":"pa_postavljanje-na-kolica-that","14":"pa_visina-djeteta-from-40-to-75-cm","16":"first","17":"instock","18":"purchasable","19":"product-type-simple"},"bundled_by":[],"bundle_stock_status":"instock","bundle_stock_quantity":15,"bundle_virtual":false,"bundle_layout":"","bundle_add_to_cart_form_location":"","bundle_editable_in_cart":false,"bundle_sold_individually_context":"","bundle_item_grouping":"","bundle_min_size":"","bundle_max_size":"","bundle_price":[],"bundled_items":[],"bundle_sell_ids":[],"acf":[],"yoast_head":"<!-- This site is optimized with the Yoast SEO Premium plugin v21.5 (Yoast SEO v27.3) - https:\/\/yoast.com\/product\/yoast-seo-premium-wordpress\/ -->\n<title>BeSafe iZi Go Modular X2 i-Size (40-75 cm), antracitna mre\u017ea, temno siva - NajNaj.eu<\/title>\n<meta name=\"robots\" content=\"index, follow, max-snippet:-1, max-image-preview:large, max-video-preview:-1\" \/>\n<link rel=\"canonical\" href=\"https:\/\/najnaj.eu\/sl\/izdelek\/besafe-izi-go-modular-x2-i-size-40-75-cm-antracitna-mreza-temno-siva\/\" \/>\n<meta property=\"og:locale\" content=\"sl_SI\" \/>\n<meta property=\"og:type\" content=\"article\" \/>\n<meta property=\"og:title\" content=\"BeSafe iZi Go Modular X2 i-Size (40-75 cm), antracitna mre\u017ea, temno siva\" \/>\n<meta property=\"og:description\" content=\"KLIKNI IN POJDI! Lahek avtosede\u017e za novorojen\u010dka, katerega varnost je ocenil ADAC &quot;odli\u010dno&quot;*. Enostavna namestitev na vozi\u010dek za resni\u010dno prilagodljivost. Vi\u0161ina: 40-75 cm Starost: okoli 0 \u2013 12 mesecev Namestitev: Mo\u017ena namestitev z ISOfix osnovo ali 3-to\u010dkovnim pasom Smer: Nasprotno od smeri vo\u017enje Certifikat: UN R129 (i-Size)\" \/>\n<meta property=\"og:url\" content=\"https:\/\/najnaj.eu\/sl\/izdelek\/besafe-izi-go-modular-x2-i-size-40-75-cm-antracitna-mreza-temno-siva\/\" \/>\n<meta property=\"og:site_name\" content=\"NajNaj.eu\" \/>\n<meta property=\"article:publisher\" content=\"https:\/\/web.facebook.com\/najnaj.eu\/\" \/>\n<meta property=\"article:modified_time\" content=\"2025-12-04T07:49:04+00:00\" \/>\n<meta property=\"og:image\" content=\"https:\/\/najnaj.eu\/wp-content\/uploads\/2023\/08\/11032563_BeSafe_iZi-Go-Modular-X2-i-Size_Anthracite-Mesh_Front-Large.jpg\" \/>\n\t<meta property=\"og:image:width\" content=\"1080\" \/>\n\t<meta property=\"og:image:height\" content=\"1080\" \/>\n\t<meta property=\"og:image:type\" content=\"image\/png\" \/>\n<meta name=\"twitter:card\" content=\"summary_large_image\" \/>\n<meta name=\"twitter:label1\" content=\"Price\" \/>\n\t<meta name=\"twitter:data1\" content=\"239,00&nbsp;&euro;\" \/>\n\t<meta name=\"twitter:label2\" content=\"Availability\" \/>\n\t<meta name=\"twitter:data2\" content=\"In stock\" \/>\n<script type=\"application\/ld+json\" class=\"yoast-schema-graph\">{\"@context\":\"https:\\\/\\\/schema.org\",\"@graph\":[{\"@type\":\"WebPage\",\"@id\":\"https:\\\/\\\/najnaj.eu\\\/sl\\\/izdelek\\\/besafe-izi-go-modular-x2-i-size-40-75-cm-antracitna-mreza-temno-siva\\\/\",\"url\":\"https:\\\/\\\/najnaj.eu\\\/sl\\\/izdelek\\\/besafe-izi-go-modular-x2-i-size-40-75-cm-antracitna-mreza-temno-siva\\\/\",\"name\":\"BeSafe iZi Go Modular X2 i-Size (40-75 cm), antracitna mre\u017ea, temno siva - NajNaj.eu\",\"isPartOf\":{\"@id\":\"https:\\\/\\\/najnaj.eu\\\/sl\\\/#website\"},\"primaryImageOfPage\":{\"@id\":\"https:\\\/\\\/najnaj.eu\\\/sl\\\/izdelek\\\/besafe-izi-go-modular-x2-i-size-40-75-cm-antracitna-mreza-temno-siva\\\/#primaryimage\"},\"image\":{\"@id\":\"https:\\\/\\\/najnaj.eu\\\/sl\\\/izdelek\\\/besafe-izi-go-modular-x2-i-size-40-75-cm-antracitna-mreza-temno-siva\\\/#primaryimage\"},\"thumbnailUrl\":\"https:\\\/\\\/najnaj.eu\\\/wp-content\\\/uploads\\\/2023\\\/08\\\/11032563_BeSafe_iZi-Go-Modular-X2-i-Size_Anthracite-Mesh_Front-Large.jpg\",\"datePublished\":\"2025-01-01T07:14:03+00:00\",\"dateModified\":\"2025-12-04T07:49:04+00:00\",\"breadcrumb\":{\"@id\":\"https:\\\/\\\/najnaj.eu\\\/sl\\\/izdelek\\\/besafe-izi-go-modular-x2-i-size-40-75-cm-antracitna-mreza-temno-siva\\\/#breadcrumb\"},\"inLanguage\":\"sl-SI\",\"potentialAction\":[{\"@type\":\"ReadAction\",\"target\":[\"https:\\\/\\\/najnaj.eu\\\/sl\\\/izdelek\\\/besafe-izi-go-modular-x2-i-size-40-75-cm-antracitna-mreza-temno-siva\\\/\"]}]},{\"@type\":\"ImageObject\",\"inLanguage\":\"sl-SI\",\"@id\":\"https:\\\/\\\/najnaj.eu\\\/sl\\\/izdelek\\\/besafe-izi-go-modular-x2-i-size-40-75-cm-antracitna-mreza-temno-siva\\\/#primaryimage\",\"url\":\"https:\\\/\\\/najnaj.eu\\\/wp-content\\\/uploads\\\/2023\\\/08\\\/11032563_BeSafe_iZi-Go-Modular-X2-i-Size_Anthracite-Mesh_Front-Large.jpg\",\"contentUrl\":\"https:\\\/\\\/najnaj.eu\\\/wp-content\\\/uploads\\\/2023\\\/08\\\/11032563_BeSafe_iZi-Go-Modular-X2-i-Size_Anthracite-Mesh_Front-Large.jpg\",\"width\":1080,\"height\":1080,\"caption\":\"Siva sjedalica za bebu, jaje\"},{\"@type\":\"BreadcrumbList\",\"@id\":\"https:\\\/\\\/najnaj.eu\\\/sl\\\/izdelek\\\/besafe-izi-go-modular-x2-i-size-40-75-cm-antracitna-mreza-temno-siva\\\/#breadcrumb\",\"itemListElement\":[{\"@type\":\"ListItem\",\"position\":1,\"name\":\"Po\u010detna stranica\",\"item\":\"https:\\\/\\\/najnaj.eu\\\/sl\\\/prednja-stran\\\/\"},{\"@type\":\"ListItem\",\"position\":2,\"name\":\"Shop\",\"item\":\"https:\\\/\\\/najnaj.eu\\\/sl\\\/shop\\\/\"},{\"@type\":\"ListItem\",\"position\":3,\"name\":\"BeSafe iZi Go Modular X2 i-Size (40-75 cm), antracitna mre\u017ea, temno siva\"}]},{\"@type\":\"WebSite\",\"@id\":\"https:\\\/\\\/najnaj.eu\\\/sl\\\/#website\",\"url\":\"https:\\\/\\\/najnaj.eu\\\/sl\\\/\",\"name\":\"NajNaj.eu\",\"description\":\"Za najva\u017enije!\",\"publisher\":{\"@id\":\"https:\\\/\\\/najnaj.eu\\\/sl\\\/#organization\"},\"potentialAction\":[{\"@type\":\"SearchAction\",\"target\":{\"@type\":\"EntryPoint\",\"urlTemplate\":\"https:\\\/\\\/najnaj.eu\\\/sl\\\/?s={search_term_string}\"},\"query-input\":{\"@type\":\"PropertyValueSpecification\",\"valueRequired\":true,\"valueName\":\"search_term_string\"}}],\"inLanguage\":\"sl-SI\"},{\"@type\":\"Organization\",\"@id\":\"https:\\\/\\\/najnaj.eu\\\/sl\\\/#organization\",\"name\":\"NajNaj.eu\",\"url\":\"https:\\\/\\\/najnaj.eu\\\/sl\\\/\",\"logo\":{\"@type\":\"ImageObject\",\"inLanguage\":\"sl-SI\",\"@id\":\"https:\\\/\\\/najnaj.eu\\\/sl\\\/#\\\/schema\\\/logo\\\/image\\\/\",\"url\":\"https:\\\/\\\/najnaj.eu\\\/wp-content\\\/uploads\\\/2023\\\/09\\\/logo_Najnaj_2023.svg\",\"contentUrl\":\"https:\\\/\\\/najnaj.eu\\\/wp-content\\\/uploads\\\/2023\\\/09\\\/logo_Najnaj_2023.svg\",\"width\":501,\"height\":278,\"caption\":\"NajNaj.eu\"},\"image\":{\"@id\":\"https:\\\/\\\/najnaj.eu\\\/sl\\\/#\\\/schema\\\/logo\\\/image\\\/\"},\"sameAs\":[\"https:\\\/\\\/web.facebook.com\\\/najnaj.eu\\\/\",\"https:\\\/\\\/www.instagram.com\\\/najnaj.eu\\\/\",\"https:\\\/\\\/www.tiktok.com\\\/@najnaj.eu\"]}]}<\/script>\n<meta property=\"product:brand\" content=\"BeSafe\" \/>\n<meta property=\"product:price:amount\" content=\"239.00\" \/>\n<meta property=\"product:price:currency\" content=\"EUR\" \/>\n<meta property=\"og:availability\" content=\"instock\" \/>\n<meta property=\"product:availability\" content=\"instock\" \/>\n<meta property=\"product:retailer_item_id\" content=\"11032563-AnthraMesh\" \/>\n<meta property=\"product:condition\" content=\"new\" \/>\n<!-- \/ Yoast SEO Premium plugin. -->","yoast_head_json":{"title":"BeSafe iZi Go Modular X2 i-Size (40-75 cm), antracitna mre\u017ea, temno siva - NajNaj.eu","robots":{"index":"index","follow":"follow","max-snippet":"max-snippet:-1","max-image-preview":"max-image-preview:large","max-video-preview":"max-video-preview:-1"},"canonical":"https:\/\/najnaj.eu\/sl\/izdelek\/besafe-izi-go-modular-x2-i-size-40-75-cm-antracitna-mreza-temno-siva\/","og_locale":"sl_SI","og_type":"article","og_title":"BeSafe iZi Go Modular X2 i-Size (40-75 cm), antracitna mre\u017ea, temno siva","og_description":"KLIKNI IN POJDI! Lahek avtosede\u017e za novorojen\u010dka, katerega varnost je ocenil ADAC \"odli\u010dno\"*. Enostavna namestitev na vozi\u010dek za resni\u010dno prilagodljivost. Vi\u0161ina: 40-75 cm Starost: okoli 0 \u2013 12 mesecev Namestitev: Mo\u017ena namestitev z ISOfix osnovo ali 3-to\u010dkovnim pasom Smer: Nasprotno od smeri vo\u017enje Certifikat: UN R129 (i-Size)","og_url":"https:\/\/najnaj.eu\/sl\/izdelek\/besafe-izi-go-modular-x2-i-size-40-75-cm-antracitna-mreza-temno-siva\/","og_site_name":"NajNaj.eu","article_publisher":"https:\/\/web.facebook.com\/najnaj.eu\/","article_modified_time":"2025-12-04T07:49:04+00:00","og_image":[{"width":1080,"height":1080,"url":"https:\/\/najnaj.eu\/wp-content\/uploads\/2023\/08\/11032563_BeSafe_iZi-Go-Modular-X2-i-Size_Anthracite-Mesh_Front-Large.jpg","type":"image\/png"}],"twitter_card":"summary_large_image","twitter_misc":{"Price":"239,00&nbsp;&euro;","Availability":"In stock"},"schema":{"@context":"https:\/\/schema.org","@graph":[{"@type":"WebPage","@id":"https:\/\/najnaj.eu\/sl\/izdelek\/besafe-izi-go-modular-x2-i-size-40-75-cm-antracitna-mreza-temno-siva\/","url":"https:\/\/najnaj.eu\/sl\/izdelek\/besafe-izi-go-modular-x2-i-size-40-75-cm-antracitna-mreza-temno-siva\/","name":"BeSafe iZi Go Modular X2 i-Size (40-75 cm), antracitna mre\u017ea, temno siva - NajNaj.eu","isPartOf":{"@id":"https:\/\/najnaj.eu\/sl\/#website"},"primaryImageOfPage":{"@id":"https:\/\/najnaj.eu\/sl\/izdelek\/besafe-izi-go-modular-x2-i-size-40-75-cm-antracitna-mreza-temno-siva\/#primaryimage"},"image":{"@id":"https:\/\/najnaj.eu\/sl\/izdelek\/besafe-izi-go-modular-x2-i-size-40-75-cm-antracitna-mreza-temno-siva\/#primaryimage"},"thumbnailUrl":"https:\/\/najnaj.eu\/wp-content\/uploads\/2023\/08\/11032563_BeSafe_iZi-Go-Modular-X2-i-Size_Anthracite-Mesh_Front-Large.jpg","datePublished":"2025-01-01T07:14:03+00:00","dateModified":"2025-12-04T07:49:04+00:00","breadcrumb":{"@id":"https:\/\/najnaj.eu\/sl\/izdelek\/besafe-izi-go-modular-x2-i-size-40-75-cm-antracitna-mreza-temno-siva\/#breadcrumb"},"inLanguage":"sl-SI","potentialAction":[{"@type":"ReadAction","target":["https:\/\/najnaj.eu\/sl\/izdelek\/besafe-izi-go-modular-x2-i-size-40-75-cm-antracitna-mreza-temno-siva\/"]}]},{"@type":"ImageObject","inLanguage":"sl-SI","@id":"https:\/\/najnaj.eu\/sl\/izdelek\/besafe-izi-go-modular-x2-i-size-40-75-cm-antracitna-mreza-temno-siva\/#primaryimage","url":"https:\/\/najnaj.eu\/wp-content\/uploads\/2023\/08\/11032563_BeSafe_iZi-Go-Modular-X2-i-Size_Anthracite-Mesh_Front-Large.jpg","contentUrl":"https:\/\/najnaj.eu\/wp-content\/uploads\/2023\/08\/11032563_BeSafe_iZi-Go-Modular-X2-i-Size_Anthracite-Mesh_Front-Large.jpg","width":1080,"height":1080,"caption":"Siva sjedalica za bebu, jaje"},{"@type":"BreadcrumbList","@id":"https:\/\/najnaj.eu\/sl\/izdelek\/besafe-izi-go-modular-x2-i-size-40-75-cm-antracitna-mreza-temno-siva\/#breadcrumb","itemListElement":[{"@type":"ListItem","position":1,"name":"Po\u010detna stranica","item":"https:\/\/najnaj.eu\/sl\/prednja-stran\/"},{"@type":"ListItem","position":2,"name":"Shop","item":"https:\/\/najnaj.eu\/sl\/shop\/"},{"@type":"ListItem","position":3,"name":"BeSafe iZi Go Modular X2 i-Size (40-75 cm), antracitna mre\u017ea, temno siva"}]},{"@type":"WebSite","@id":"https:\/\/najnaj.eu\/sl\/#website","url":"https:\/\/najnaj.eu\/sl\/","name":"NajNaj.eu","description":"Za najva\u017enije!","publisher":{"@id":"https:\/\/najnaj.eu\/sl\/#organization"},"potentialAction":[{"@type":"SearchAction","target":{"@type":"EntryPoint","urlTemplate":"https:\/\/najnaj.eu\/sl\/?s={search_term_string}"},"query-input":{"@type":"PropertyValueSpecification","valueRequired":true,"valueName":"search_term_string"}}],"inLanguage":"sl-SI"},{"@type":"Organization","@id":"https:\/\/najnaj.eu\/sl\/#organization","name":"NajNaj.eu","url":"https:\/\/najnaj.eu\/sl\/","logo":{"@type":"ImageObject","inLanguage":"sl-SI","@id":"https:\/\/najnaj.eu\/sl\/#\/schema\/logo\/image\/","url":"https:\/\/najnaj.eu\/wp-content\/uploads\/2023\/09\/logo_Najnaj_2023.svg","contentUrl":"https:\/\/najnaj.eu\/wp-content\/uploads\/2023\/09\/logo_Najnaj_2023.svg","width":501,"height":278,"caption":"NajNaj.eu"},"image":{"@id":"https:\/\/najnaj.eu\/sl\/#\/schema\/logo\/image\/"},"sameAs":["https:\/\/web.facebook.com\/najnaj.eu\/","https:\/\/www.instagram.com\/najnaj.eu\/","https:\/\/www.tiktok.com\/@najnaj.eu"]}]},"product_brand":"BeSafe","product_price_amount":"239.00","product_price_currency":"EUR","og_availability":"instock","product_availability":"instock","product_retailer_item_id":"11032563-AnthraMesh","product_condition":"new"},"_links":{"self":[{"href":"https:\/\/najnaj.eu\/sl\/wp-json\/wp\/v2\/product\/194217","targetHints":{"allow":["GET"]}}],"collection":[{"href":"https:\/\/najnaj.eu\/sl\/wp-json\/wp\/v2\/product"}],"about":[{"href":"https:\/\/najnaj.eu\/sl\/wp-json\/wp\/v2\/types\/product"}],"replies":[{"embeddable":true,"href":"https:\/\/najnaj.eu\/sl\/wp-json\/wp\/v2\/comments?post=194217"}],"version-history":[{"count":0,"href":"https:\/\/najnaj.eu\/sl\/wp-json\/wp\/v2\/product\/194217\/revisions"}],"wp:featuredmedia":[{"embeddable":true,"href":"https:\/\/najnaj.eu\/sl\/wp-json\/wp\/v2\/media\/157677"}],"wp:attachment":[{"href":"https:\/\/najnaj.eu\/sl\/wp-json\/wp\/v2\/media?parent=194217"}],"wp:term":[{"taxonomy":"product_brand","embeddable":true,"href":"https:\/\/najnaj.eu\/sl\/wp-json\/wp\/v2\/product_brand?post=194217"},{"taxonomy":"product_cat","embeddable":true,"href":"https:\/\/najnaj.eu\/sl\/wp-json\/wp\/v2\/product_cat?post=194217"},{"taxonomy":"product_tag","embeddable":true,"href":"https:\/\/najnaj.eu\/sl\/wp-json\/wp\/v2\/product_tag?post=194217"}],"curies":[{"name":"wp","href":"https:\/\/api.w.org\/{rel}","templated":true}]}}