{"id":194212,"date":"2024-12-03T13:26:44","date_gmt":"2024-12-03T12:26:44","guid":{"rendered":"https:\/\/najnaj.eu\/proizvod\/komplet-modu-curiosity-deep-blue-sky-blue\/"},"modified":"2025-02-06T10:10:37","modified_gmt":"2025-02-06T09:10:37","slug":"komplet-modu-curiosity-deep-blue-sky-blue","status":"publish","type":"product","link":"https:\/\/najnaj.eu\/sl\/izdelek\/komplet-modu-curiosity-deep-blue-sky-blue\/","title":{"rendered":"Komplet MODU Curiosity, Deep Blue\/Sky Blue"},"content":{"rendered":"<p>Komplet Curiosity je idealen uvod v svet MODU in odli\u010den za\u010detek za mal\u010dke. Vsebina tega za\u010detnega kompleta pomaga pri razvoju osnovnih motori\u010dnih sposobnosti va\u0161ega otroka. Z otrokom boste izdelali stvaritve v naravni velikosti, ki bodo va\u0161ega otroka nau\u010dile ravnote\u017eja, guganja, skakanja, jahanja in \u0161e ve\u010d. Ta komplet je tudi ve\u010dnamenska igra\u010da, ki prihrani prostor in se popolnoma prilega vsakemu igralnemu koti\u010dku. Za neskon\u010dno zabavo lahko komplet prilagodite in raz\u0161irite z drugimi kompleti iz kolekcije, ko va\u0161 otrok raste in se u\u010di!<\/p>\n<p>V \u0161katli je prilo\u017eeno: 14 elementov (3 x kocke, 6 x konektorji, 4 x vrtljiva kolesa, 1 x knjiga idej)<br \/>\nKreacije: ve\u010d kot 10 mo\u017enosti<br \/>\nZa starost: 0 &#8211; 6 let<br \/>\nmaks. te\u017ea otroka: 50 kg<br \/>\nDimenzije paketa: 50 x 300 x 20 cm<br \/>\nMateriali: 100% reciklirana EPP pena in ABS primeren za stik z \u017eivili<br \/>\nIzdelano v: EU (Francija in Danska)<\/p>\n","protected":false},"excerpt":{"rendered":"<p>* Set za izdelavo kreacij za ravnote\u017eje, guganje ali vo\u017enjo<br \/>\n* U\u010denje osnovnih motori\u010dnih ve\u0161\u010din<br \/>\n* Idealen uvod v svet MODU<\/p>\n","protected":false},"featured_media":232089,"comment_status":"open","ping_status":"closed","template":"","meta":{"_acf_changed":false,"footnotes":""},"product_brand":[],"product_cat":[1709,742,743],"product_tag":[],"class_list":{"0":"post-194212","1":"product","2":"type-product","3":"status-publish","4":"has-post-thumbnail","6":"product_cat-pokloni","7":"product_cat-igracke","8":"product_cat-kocke-za-aktivnu-igru","9":"pa_boja-plava","10":"pa_brand-modu","12":"first","13":"instock","14":"purchasable","15":"product-type-simple"},"bundled_by":[],"bundle_stock_status":"instock","bundle_stock_quantity":15,"bundle_virtual":false,"bundle_layout":"","bundle_add_to_cart_form_location":"","bundle_editable_in_cart":false,"bundle_sold_individually_context":"","bundle_item_grouping":"","bundle_min_size":"","bundle_max_size":"","bundle_price":[],"bundled_items":[],"bundle_sell_ids":[],"acf":[],"yoast_head":"<!-- This site is optimized with the Yoast SEO Premium plugin v21.5 (Yoast SEO v27.4) - https:\/\/yoast.com\/product\/yoast-seo-premium-wordpress\/ -->\n<title>Komplet MODU Curiosity, Deep Blue\/Sky Blue - NajNaj.eu<\/title>\n<meta name=\"robots\" content=\"index, follow, max-snippet:-1, max-image-preview:large, max-video-preview:-1\" \/>\n<link rel=\"canonical\" href=\"https:\/\/najnaj.eu\/sl\/izdelek\/komplet-modu-curiosity-deep-blue-sky-blue\/\" \/>\n<meta property=\"og:locale\" content=\"sl_SI\" \/>\n<meta property=\"og:type\" content=\"article\" \/>\n<meta property=\"og:title\" content=\"Komplet MODU Curiosity, Deep Blue\/Sky Blue\" \/>\n<meta property=\"og:description\" content=\"* Set za izdelavo kreacij za ravnote\u017eje, guganje ali vo\u017enjo * U\u010denje osnovnih motori\u010dnih ve\u0161\u010din * Idealen uvod v svet MODU\" \/>\n<meta property=\"og:url\" content=\"https:\/\/najnaj.eu\/sl\/izdelek\/komplet-modu-curiosity-deep-blue-sky-blue\/\" \/>\n<meta property=\"og:site_name\" content=\"NajNaj.eu\" \/>\n<meta property=\"article:publisher\" content=\"https:\/\/web.facebook.com\/najnaj.eu\/\" \/>\n<meta property=\"article:modified_time\" content=\"2025-02-06T09:10:37+00:00\" \/>\n<meta property=\"og:image\" content=\"https:\/\/najnaj.eu\/wp-content\/uploads\/2023\/08\/Curiosity-Set-Deep-Blue_Sky-Blue-slide-2-scaled-2.jpg\" \/>\n\t<meta property=\"og:image:width\" content=\"1920\" \/>\n\t<meta property=\"og:image:height\" content=\"2400\" \/>\n\t<meta property=\"og:image:type\" content=\"image\/jpeg\" \/>\n<meta name=\"twitter:card\" content=\"summary_large_image\" \/>\n<meta name=\"twitter:label1\" content=\"Price\" \/>\n\t<meta name=\"twitter:data1\" content=\"139,00&nbsp;&euro;\" \/>\n\t<meta name=\"twitter:label2\" content=\"Availability\" \/>\n\t<meta name=\"twitter:data2\" content=\"In stock\" \/>\n<script type=\"application\/ld+json\" class=\"yoast-schema-graph\">{\"@context\":\"https:\\\/\\\/schema.org\",\"@graph\":[{\"@type\":\"WebPage\",\"@id\":\"https:\\\/\\\/najnaj.eu\\\/sl\\\/izdelek\\\/komplet-modu-curiosity-deep-blue-sky-blue\\\/\",\"url\":\"https:\\\/\\\/najnaj.eu\\\/sl\\\/izdelek\\\/komplet-modu-curiosity-deep-blue-sky-blue\\\/\",\"name\":\"Komplet MODU Curiosity, Deep Blue\\\/Sky Blue - NajNaj.eu\",\"isPartOf\":{\"@id\":\"https:\\\/\\\/najnaj.eu\\\/sl\\\/#website\"},\"primaryImageOfPage\":{\"@id\":\"https:\\\/\\\/najnaj.eu\\\/sl\\\/izdelek\\\/komplet-modu-curiosity-deep-blue-sky-blue\\\/#primaryimage\"},\"image\":{\"@id\":\"https:\\\/\\\/najnaj.eu\\\/sl\\\/izdelek\\\/komplet-modu-curiosity-deep-blue-sky-blue\\\/#primaryimage\"},\"thumbnailUrl\":\"https:\\\/\\\/najnaj.eu\\\/wp-content\\\/uploads\\\/2023\\\/06\\\/Curiosity-Set-Deep-Blue_Sky-Blue-slide-2_no_shadow.jpg\",\"datePublished\":\"2024-12-03T12:26:44+00:00\",\"dateModified\":\"2025-02-06T09:10:37+00:00\",\"breadcrumb\":{\"@id\":\"https:\\\/\\\/najnaj.eu\\\/sl\\\/izdelek\\\/komplet-modu-curiosity-deep-blue-sky-blue\\\/#breadcrumb\"},\"inLanguage\":\"sl-SI\",\"potentialAction\":[{\"@type\":\"ReadAction\",\"target\":[\"https:\\\/\\\/najnaj.eu\\\/sl\\\/izdelek\\\/komplet-modu-curiosity-deep-blue-sky-blue\\\/\"]}]},{\"@type\":\"ImageObject\",\"inLanguage\":\"sl-SI\",\"@id\":\"https:\\\/\\\/najnaj.eu\\\/sl\\\/izdelek\\\/komplet-modu-curiosity-deep-blue-sky-blue\\\/#primaryimage\",\"url\":\"https:\\\/\\\/najnaj.eu\\\/wp-content\\\/uploads\\\/2023\\\/06\\\/Curiosity-Set-Deep-Blue_Sky-Blue-slide-2_no_shadow.jpg\",\"contentUrl\":\"https:\\\/\\\/najnaj.eu\\\/wp-content\\\/uploads\\\/2023\\\/06\\\/Curiosity-Set-Deep-Blue_Sky-Blue-slide-2_no_shadow.jpg\",\"width\":1920,\"height\":2400},{\"@type\":\"BreadcrumbList\",\"@id\":\"https:\\\/\\\/najnaj.eu\\\/sl\\\/izdelek\\\/komplet-modu-curiosity-deep-blue-sky-blue\\\/#breadcrumb\",\"itemListElement\":[{\"@type\":\"ListItem\",\"position\":1,\"name\":\"Po\u010detna stranica\",\"item\":\"https:\\\/\\\/najnaj.eu\\\/sl\\\/prednja-stran\\\/\"},{\"@type\":\"ListItem\",\"position\":2,\"name\":\"Shop\",\"item\":\"https:\\\/\\\/najnaj.eu\\\/sl\\\/shop\\\/\"},{\"@type\":\"ListItem\",\"position\":3,\"name\":\"Komplet MODU Curiosity, Deep Blue\\\/Sky Blue\"}]},{\"@type\":\"WebSite\",\"@id\":\"https:\\\/\\\/najnaj.eu\\\/sl\\\/#website\",\"url\":\"https:\\\/\\\/najnaj.eu\\\/sl\\\/\",\"name\":\"NajNaj.eu\",\"description\":\"Za najva\u017enije!\",\"publisher\":{\"@id\":\"https:\\\/\\\/najnaj.eu\\\/sl\\\/#organization\"},\"potentialAction\":[{\"@type\":\"SearchAction\",\"target\":{\"@type\":\"EntryPoint\",\"urlTemplate\":\"https:\\\/\\\/najnaj.eu\\\/sl\\\/?s={search_term_string}\"},\"query-input\":{\"@type\":\"PropertyValueSpecification\",\"valueRequired\":true,\"valueName\":\"search_term_string\"}}],\"inLanguage\":\"sl-SI\"},{\"@type\":\"Organization\",\"@id\":\"https:\\\/\\\/najnaj.eu\\\/sl\\\/#organization\",\"name\":\"NajNaj.eu\",\"url\":\"https:\\\/\\\/najnaj.eu\\\/sl\\\/\",\"logo\":{\"@type\":\"ImageObject\",\"inLanguage\":\"sl-SI\",\"@id\":\"https:\\\/\\\/najnaj.eu\\\/sl\\\/#\\\/schema\\\/logo\\\/image\\\/\",\"url\":\"https:\\\/\\\/najnaj.eu\\\/wp-content\\\/uploads\\\/2023\\\/09\\\/logo_Najnaj_2023.svg\",\"contentUrl\":\"https:\\\/\\\/najnaj.eu\\\/wp-content\\\/uploads\\\/2023\\\/09\\\/logo_Najnaj_2023.svg\",\"width\":501,\"height\":278,\"caption\":\"NajNaj.eu\"},\"image\":{\"@id\":\"https:\\\/\\\/najnaj.eu\\\/sl\\\/#\\\/schema\\\/logo\\\/image\\\/\"},\"sameAs\":[\"https:\\\/\\\/web.facebook.com\\\/najnaj.eu\\\/\",\"https:\\\/\\\/www.instagram.com\\\/najnaj.eu\\\/\",\"https:\\\/\\\/www.tiktok.com\\\/@najnaj.eu\"]}]}<\/script>\n<meta property=\"product:brand\" content=\"Modu\" \/>\n<meta property=\"product:price:amount\" content=\"139.00\" \/>\n<meta property=\"product:price:currency\" content=\"EUR\" \/>\n<meta property=\"og:availability\" content=\"instock\" \/>\n<meta property=\"product:availability\" content=\"instock\" \/>\n<meta property=\"product:retailer_item_id\" content=\"MODU-SET-CUR-DB-SB\" \/>\n<meta property=\"product:condition\" content=\"new\" \/>\n<!-- \/ Yoast SEO Premium plugin. -->","yoast_head_json":{"title":"Komplet MODU Curiosity, Deep Blue\/Sky Blue - NajNaj.eu","robots":{"index":"index","follow":"follow","max-snippet":"max-snippet:-1","max-image-preview":"max-image-preview:large","max-video-preview":"max-video-preview:-1"},"canonical":"https:\/\/najnaj.eu\/sl\/izdelek\/komplet-modu-curiosity-deep-blue-sky-blue\/","og_locale":"sl_SI","og_type":"article","og_title":"Komplet MODU Curiosity, Deep Blue\/Sky Blue","og_description":"* Set za izdelavo kreacij za ravnote\u017eje, guganje ali vo\u017enjo * U\u010denje osnovnih motori\u010dnih ve\u0161\u010din * Idealen uvod v svet MODU","og_url":"https:\/\/najnaj.eu\/sl\/izdelek\/komplet-modu-curiosity-deep-blue-sky-blue\/","og_site_name":"NajNaj.eu","article_publisher":"https:\/\/web.facebook.com\/najnaj.eu\/","article_modified_time":"2025-02-06T09:10:37+00:00","og_image":[{"width":1920,"height":2400,"url":"https:\/\/najnaj.eu\/wp-content\/uploads\/2023\/08\/Curiosity-Set-Deep-Blue_Sky-Blue-slide-2-scaled-2.jpg","type":"image\/jpeg"}],"twitter_card":"summary_large_image","twitter_misc":{"Price":"139,00&nbsp;&euro;","Availability":"In stock"},"schema":{"@context":"https:\/\/schema.org","@graph":[{"@type":"WebPage","@id":"https:\/\/najnaj.eu\/sl\/izdelek\/komplet-modu-curiosity-deep-blue-sky-blue\/","url":"https:\/\/najnaj.eu\/sl\/izdelek\/komplet-modu-curiosity-deep-blue-sky-blue\/","name":"Komplet MODU Curiosity, Deep Blue\/Sky Blue - NajNaj.eu","isPartOf":{"@id":"https:\/\/najnaj.eu\/sl\/#website"},"primaryImageOfPage":{"@id":"https:\/\/najnaj.eu\/sl\/izdelek\/komplet-modu-curiosity-deep-blue-sky-blue\/#primaryimage"},"image":{"@id":"https:\/\/najnaj.eu\/sl\/izdelek\/komplet-modu-curiosity-deep-blue-sky-blue\/#primaryimage"},"thumbnailUrl":"https:\/\/najnaj.eu\/wp-content\/uploads\/2023\/06\/Curiosity-Set-Deep-Blue_Sky-Blue-slide-2_no_shadow.jpg","datePublished":"2024-12-03T12:26:44+00:00","dateModified":"2025-02-06T09:10:37+00:00","breadcrumb":{"@id":"https:\/\/najnaj.eu\/sl\/izdelek\/komplet-modu-curiosity-deep-blue-sky-blue\/#breadcrumb"},"inLanguage":"sl-SI","potentialAction":[{"@type":"ReadAction","target":["https:\/\/najnaj.eu\/sl\/izdelek\/komplet-modu-curiosity-deep-blue-sky-blue\/"]}]},{"@type":"ImageObject","inLanguage":"sl-SI","@id":"https:\/\/najnaj.eu\/sl\/izdelek\/komplet-modu-curiosity-deep-blue-sky-blue\/#primaryimage","url":"https:\/\/najnaj.eu\/wp-content\/uploads\/2023\/06\/Curiosity-Set-Deep-Blue_Sky-Blue-slide-2_no_shadow.jpg","contentUrl":"https:\/\/najnaj.eu\/wp-content\/uploads\/2023\/06\/Curiosity-Set-Deep-Blue_Sky-Blue-slide-2_no_shadow.jpg","width":1920,"height":2400},{"@type":"BreadcrumbList","@id":"https:\/\/najnaj.eu\/sl\/izdelek\/komplet-modu-curiosity-deep-blue-sky-blue\/#breadcrumb","itemListElement":[{"@type":"ListItem","position":1,"name":"Po\u010detna stranica","item":"https:\/\/najnaj.eu\/sl\/prednja-stran\/"},{"@type":"ListItem","position":2,"name":"Shop","item":"https:\/\/najnaj.eu\/sl\/shop\/"},{"@type":"ListItem","position":3,"name":"Komplet MODU Curiosity, Deep Blue\/Sky Blue"}]},{"@type":"WebSite","@id":"https:\/\/najnaj.eu\/sl\/#website","url":"https:\/\/najnaj.eu\/sl\/","name":"NajNaj.eu","description":"Za najva\u017enije!","publisher":{"@id":"https:\/\/najnaj.eu\/sl\/#organization"},"potentialAction":[{"@type":"SearchAction","target":{"@type":"EntryPoint","urlTemplate":"https:\/\/najnaj.eu\/sl\/?s={search_term_string}"},"query-input":{"@type":"PropertyValueSpecification","valueRequired":true,"valueName":"search_term_string"}}],"inLanguage":"sl-SI"},{"@type":"Organization","@id":"https:\/\/najnaj.eu\/sl\/#organization","name":"NajNaj.eu","url":"https:\/\/najnaj.eu\/sl\/","logo":{"@type":"ImageObject","inLanguage":"sl-SI","@id":"https:\/\/najnaj.eu\/sl\/#\/schema\/logo\/image\/","url":"https:\/\/najnaj.eu\/wp-content\/uploads\/2023\/09\/logo_Najnaj_2023.svg","contentUrl":"https:\/\/najnaj.eu\/wp-content\/uploads\/2023\/09\/logo_Najnaj_2023.svg","width":501,"height":278,"caption":"NajNaj.eu"},"image":{"@id":"https:\/\/najnaj.eu\/sl\/#\/schema\/logo\/image\/"},"sameAs":["https:\/\/web.facebook.com\/najnaj.eu\/","https:\/\/www.instagram.com\/najnaj.eu\/","https:\/\/www.tiktok.com\/@najnaj.eu"]}]},"product_brand":"Modu","product_price_amount":"139.00","product_price_currency":"EUR","og_availability":"instock","product_availability":"instock","product_retailer_item_id":"MODU-SET-CUR-DB-SB","product_condition":"new"},"_links":{"self":[{"href":"https:\/\/najnaj.eu\/sl\/wp-json\/wp\/v2\/product\/194212","targetHints":{"allow":["GET"]}}],"collection":[{"href":"https:\/\/najnaj.eu\/sl\/wp-json\/wp\/v2\/product"}],"about":[{"href":"https:\/\/najnaj.eu\/sl\/wp-json\/wp\/v2\/types\/product"}],"replies":[{"embeddable":true,"href":"https:\/\/najnaj.eu\/sl\/wp-json\/wp\/v2\/comments?post=194212"}],"version-history":[{"count":0,"href":"https:\/\/najnaj.eu\/sl\/wp-json\/wp\/v2\/product\/194212\/revisions"}],"wp:featuredmedia":[{"embeddable":true,"href":"https:\/\/najnaj.eu\/sl\/wp-json\/wp\/v2\/media\/232089"}],"wp:attachment":[{"href":"https:\/\/najnaj.eu\/sl\/wp-json\/wp\/v2\/media?parent=194212"}],"wp:term":[{"taxonomy":"product_brand","embeddable":true,"href":"https:\/\/najnaj.eu\/sl\/wp-json\/wp\/v2\/product_brand?post=194212"},{"taxonomy":"product_cat","embeddable":true,"href":"https:\/\/najnaj.eu\/sl\/wp-json\/wp\/v2\/product_cat?post=194212"},{"taxonomy":"product_tag","embeddable":true,"href":"https:\/\/najnaj.eu\/sl\/wp-json\/wp\/v2\/product_tag?post=194212"}],"curies":[{"name":"wp","href":"https:\/\/api.w.org\/{rel}","templated":true}]}}