{"id":194200,"date":"2023-06-13T08:43:58","date_gmt":"2023-06-13T06:43:58","guid":{"rendered":"https:\/\/najnaj.eu\/proizvod\/carriwell-original-kopalke-za-nosecnice\/"},"modified":"2026-04-27T11:15:11","modified_gmt":"2026-04-27T09:15:11","slug":"carriwell-original-kopalke-za-nosecnice","status":"publish","type":"product","link":"https:\/\/najnaj.eu\/sl\/izdelek\/carriwell-original-kopalke-za-nosecnice\/","title":{"rendered":"Carriwell Original kopalke za nose\u010dnice"},"content":{"rendered":"<p>Zakaj izbrati Carriwell Original kopalke za nose\u010dnice?<\/p>\n<ul>\n<li>iz dvoslojne tkanine, ki podpira rasto\u010di trebu\u0161\u010dek in kri\u017e<\/li>\n<li>odstranljive blazinice, ki dajejo dodatno obliko in podporo ob\u010dutljivim dojkam<\/li>\n<li>sledi rasto\u010di obliki telesa (predvsem v predelu prsnega ko\u0161a in trebuha)<\/li>\n<li>ve\u010dje odprtine za noge za ve\u010dje udobje, ne\u017ene usnjene naramnice za podporo rasto\u010dih prsi<\/li>\n<\/ul>\n<p>Na voljo v \u010drni barvi v \u0161tirih velikostih (S, M, L in XL).<\/p>\n<p>Sestava:<br \/>\n80% poliamid<br \/>\n20% elastina<\/p>\n","protected":false},"excerpt":{"rendered":"<h5>Najbolj udobne Carriwell kopalke vseh \u010dasov!<\/h5>\n<p>&nbsp;<\/p>\n<h6>Nose\u010dni\u0161ke kopalke Carriwell Original so bile razvite za podporo med nose\u010dnostjo. Ne glede na to, ali ste v bazenu ali na pla\u017ei, boste ob\u010dutili udobje in podporo, ki ju nudi.<\/h6>\n","protected":false},"featured_media":299310,"comment_status":"open","ping_status":"closed","template":"","meta":{"_acf_changed":false,"footnotes":""},"product_brand":[],"product_cat":[1745,2007,1725,1726],"product_tag":[2144],"class_list":{"0":"post-194200","1":"product","2":"type-product","3":"status-publish","4":"has-post-thumbnail","6":"product_cat-breast-feeding","7":"product_cat-swimwear-for-breastfeeding","8":"product_cat-for-mom","9":"product_cat-for-pregnant-women","10":"product_tag-mama-ki-bo","11":"pa_boja-black","12":"pa_brand-carriwell-en","14":"first","15":"instock","16":"sale","17":"purchasable","18":"product-type-variable"},"bundled_by":[],"bundle_stock_status":"instock","bundle_stock_quantity":1,"bundle_virtual":false,"bundle_layout":"","bundle_add_to_cart_form_location":"","bundle_editable_in_cart":false,"bundle_sold_individually_context":"","bundle_item_grouping":"","bundle_min_size":"","bundle_max_size":"","bundle_price":[],"bundled_items":[],"bundle_sell_ids":[],"acf":[],"yoast_head":"<!-- This site is optimized with the Yoast SEO Premium plugin v21.5 (Yoast SEO v27.4) - https:\/\/yoast.com\/product\/yoast-seo-premium-wordpress\/ -->\n<title>Carriwell Original kopalke za nose\u010dnice - NajNaj.eu<\/title>\n<meta name=\"robots\" content=\"index, follow, max-snippet:-1, max-image-preview:large, max-video-preview:-1\" \/>\n<link rel=\"canonical\" href=\"https:\/\/najnaj.eu\/sl\/izdelek\/carriwell-original-kopalke-za-nosecnice\/\" \/>\n<meta property=\"og:locale\" content=\"sl_SI\" \/>\n<meta property=\"og:type\" content=\"article\" \/>\n<meta property=\"og:title\" content=\"Carriwell Original kopalke za nose\u010dnice\" \/>\n<meta property=\"og:description\" content=\"Najbolj udobne Carriwell kopalke vseh \u010dasov! &nbsp; Nose\u010dni\u0161ke kopalke Carriwell Original so bile razvite za podporo med nose\u010dnostjo. Ne glede na to, ali ste v bazenu ali na pla\u017ei, boste ob\u010dutili udobje in podporo, ki ju nudi.\" \/>\n<meta property=\"og:url\" content=\"https:\/\/najnaj.eu\/sl\/izdelek\/carriwell-original-kopalke-za-nosecnice\/\" \/>\n<meta property=\"og:site_name\" content=\"NajNaj.eu\" \/>\n<meta property=\"article:publisher\" content=\"https:\/\/web.facebook.com\/najnaj.eu\/\" \/>\n<meta property=\"article:modified_time\" content=\"2026-04-27T09:15:11+00:00\" \/>\n<meta property=\"og:image\" content=\"https:\/\/najnaj.eu\/wp-content\/uploads\/2023\/08\/1-4.jpg\" \/>\n\t<meta property=\"og:image:width\" content=\"1200\" \/>\n\t<meta property=\"og:image:height\" content=\"1200\" \/>\n\t<meta property=\"og:image:type\" content=\"image\/jpeg\" \/>\n<meta name=\"twitter:card\" content=\"summary_large_image\" \/>\n<meta name=\"twitter:label1\" content=\"Availability\" \/>\n\t<meta name=\"twitter:data1\" content=\"In stock\" \/>\n<script type=\"application\/ld+json\" class=\"yoast-schema-graph\">{\"@context\":\"https:\\\/\\\/schema.org\",\"@graph\":[{\"@type\":\"WebPage\",\"@id\":\"https:\\\/\\\/najnaj.eu\\\/sl\\\/izdelek\\\/carriwell-original-kopalke-za-nosecnice\\\/\",\"url\":\"https:\\\/\\\/najnaj.eu\\\/sl\\\/izdelek\\\/carriwell-original-kopalke-za-nosecnice\\\/\",\"name\":\"Carriwell Original kopalke za nose\u010dnice - NajNaj.eu\",\"isPartOf\":{\"@id\":\"https:\\\/\\\/najnaj.eu\\\/sl\\\/#website\"},\"primaryImageOfPage\":{\"@id\":\"https:\\\/\\\/najnaj.eu\\\/sl\\\/izdelek\\\/carriwell-original-kopalke-za-nosecnice\\\/#primaryimage\"},\"image\":{\"@id\":\"https:\\\/\\\/najnaj.eu\\\/sl\\\/izdelek\\\/carriwell-original-kopalke-za-nosecnice\\\/#primaryimage\"},\"thumbnailUrl\":\"https:\\\/\\\/najnaj.eu\\\/wp-content\\\/uploads\\\/2023\\\/06\\\/4800_Original-Maternity-Swimsuit_Web_v01.jpg\",\"datePublished\":\"2023-06-13T06:43:58+00:00\",\"dateModified\":\"2026-04-27T09:15:11+00:00\",\"breadcrumb\":{\"@id\":\"https:\\\/\\\/najnaj.eu\\\/sl\\\/izdelek\\\/carriwell-original-kopalke-za-nosecnice\\\/#breadcrumb\"},\"inLanguage\":\"sl-SI\",\"potentialAction\":[{\"@type\":\"ReadAction\",\"target\":[\"https:\\\/\\\/najnaj.eu\\\/sl\\\/izdelek\\\/carriwell-original-kopalke-za-nosecnice\\\/\"]}]},{\"@type\":\"ImageObject\",\"inLanguage\":\"sl-SI\",\"@id\":\"https:\\\/\\\/najnaj.eu\\\/sl\\\/izdelek\\\/carriwell-original-kopalke-za-nosecnice\\\/#primaryimage\",\"url\":\"https:\\\/\\\/najnaj.eu\\\/wp-content\\\/uploads\\\/2023\\\/06\\\/4800_Original-Maternity-Swimsuit_Web_v01.jpg\",\"contentUrl\":\"https:\\\/\\\/najnaj.eu\\\/wp-content\\\/uploads\\\/2023\\\/06\\\/4800_Original-Maternity-Swimsuit_Web_v01.jpg\",\"width\":1000,\"height\":1250},{\"@type\":\"BreadcrumbList\",\"@id\":\"https:\\\/\\\/najnaj.eu\\\/sl\\\/izdelek\\\/carriwell-original-kopalke-za-nosecnice\\\/#breadcrumb\",\"itemListElement\":[{\"@type\":\"ListItem\",\"position\":1,\"name\":\"Po\u010detna stranica\",\"item\":\"https:\\\/\\\/najnaj.eu\\\/sl\\\/prednja-stran\\\/\"},{\"@type\":\"ListItem\",\"position\":2,\"name\":\"Shop\",\"item\":\"https:\\\/\\\/najnaj.eu\\\/sl\\\/shop\\\/\"},{\"@type\":\"ListItem\",\"position\":3,\"name\":\"Carriwell Original kopalke za nose\u010dnice\"}]},{\"@type\":\"WebSite\",\"@id\":\"https:\\\/\\\/najnaj.eu\\\/sl\\\/#website\",\"url\":\"https:\\\/\\\/najnaj.eu\\\/sl\\\/\",\"name\":\"NajNaj.eu\",\"description\":\"Za najva\u017enije!\",\"publisher\":{\"@id\":\"https:\\\/\\\/najnaj.eu\\\/sl\\\/#organization\"},\"potentialAction\":[{\"@type\":\"SearchAction\",\"target\":{\"@type\":\"EntryPoint\",\"urlTemplate\":\"https:\\\/\\\/najnaj.eu\\\/sl\\\/?s={search_term_string}\"},\"query-input\":{\"@type\":\"PropertyValueSpecification\",\"valueRequired\":true,\"valueName\":\"search_term_string\"}}],\"inLanguage\":\"sl-SI\"},{\"@type\":\"Organization\",\"@id\":\"https:\\\/\\\/najnaj.eu\\\/sl\\\/#organization\",\"name\":\"NajNaj.eu\",\"url\":\"https:\\\/\\\/najnaj.eu\\\/sl\\\/\",\"logo\":{\"@type\":\"ImageObject\",\"inLanguage\":\"sl-SI\",\"@id\":\"https:\\\/\\\/najnaj.eu\\\/sl\\\/#\\\/schema\\\/logo\\\/image\\\/\",\"url\":\"https:\\\/\\\/najnaj.eu\\\/wp-content\\\/uploads\\\/2023\\\/09\\\/logo_Najnaj_2023.svg\",\"contentUrl\":\"https:\\\/\\\/najnaj.eu\\\/wp-content\\\/uploads\\\/2023\\\/09\\\/logo_Najnaj_2023.svg\",\"width\":501,\"height\":278,\"caption\":\"NajNaj.eu\"},\"image\":{\"@id\":\"https:\\\/\\\/najnaj.eu\\\/sl\\\/#\\\/schema\\\/logo\\\/image\\\/\"},\"sameAs\":[\"https:\\\/\\\/web.facebook.com\\\/najnaj.eu\\\/\",\"https:\\\/\\\/www.instagram.com\\\/najnaj.eu\\\/\",\"https:\\\/\\\/www.tiktok.com\\\/@najnaj.eu\"]}]}<\/script>\n<meta property=\"product:brand\" content=\"Carriwell\" \/>\n<meta property=\"og:availability\" content=\"instock\" \/>\n<meta property=\"product:availability\" content=\"instock\" \/>\n<meta property=\"product:retailer_item_id\" content=\"CW4800N\" \/>\n<meta property=\"product:condition\" content=\"new\" \/>\n<!-- \/ Yoast SEO Premium plugin. -->","yoast_head_json":{"title":"Carriwell Original kopalke za nose\u010dnice - NajNaj.eu","robots":{"index":"index","follow":"follow","max-snippet":"max-snippet:-1","max-image-preview":"max-image-preview:large","max-video-preview":"max-video-preview:-1"},"canonical":"https:\/\/najnaj.eu\/sl\/izdelek\/carriwell-original-kopalke-za-nosecnice\/","og_locale":"sl_SI","og_type":"article","og_title":"Carriwell Original kopalke za nose\u010dnice","og_description":"Najbolj udobne Carriwell kopalke vseh \u010dasov! &nbsp; Nose\u010dni\u0161ke kopalke Carriwell Original so bile razvite za podporo med nose\u010dnostjo. Ne glede na to, ali ste v bazenu ali na pla\u017ei, boste ob\u010dutili udobje in podporo, ki ju nudi.","og_url":"https:\/\/najnaj.eu\/sl\/izdelek\/carriwell-original-kopalke-za-nosecnice\/","og_site_name":"NajNaj.eu","article_publisher":"https:\/\/web.facebook.com\/najnaj.eu\/","article_modified_time":"2026-04-27T09:15:11+00:00","og_image":[{"width":1200,"height":1200,"url":"https:\/\/najnaj.eu\/wp-content\/uploads\/2023\/08\/1-4.jpg","type":"image\/jpeg"}],"twitter_card":"summary_large_image","twitter_misc":{"Availability":"In stock"},"schema":{"@context":"https:\/\/schema.org","@graph":[{"@type":"WebPage","@id":"https:\/\/najnaj.eu\/sl\/izdelek\/carriwell-original-kopalke-za-nosecnice\/","url":"https:\/\/najnaj.eu\/sl\/izdelek\/carriwell-original-kopalke-za-nosecnice\/","name":"Carriwell Original kopalke za nose\u010dnice - NajNaj.eu","isPartOf":{"@id":"https:\/\/najnaj.eu\/sl\/#website"},"primaryImageOfPage":{"@id":"https:\/\/najnaj.eu\/sl\/izdelek\/carriwell-original-kopalke-za-nosecnice\/#primaryimage"},"image":{"@id":"https:\/\/najnaj.eu\/sl\/izdelek\/carriwell-original-kopalke-za-nosecnice\/#primaryimage"},"thumbnailUrl":"https:\/\/najnaj.eu\/wp-content\/uploads\/2023\/06\/4800_Original-Maternity-Swimsuit_Web_v01.jpg","datePublished":"2023-06-13T06:43:58+00:00","dateModified":"2026-04-27T09:15:11+00:00","breadcrumb":{"@id":"https:\/\/najnaj.eu\/sl\/izdelek\/carriwell-original-kopalke-za-nosecnice\/#breadcrumb"},"inLanguage":"sl-SI","potentialAction":[{"@type":"ReadAction","target":["https:\/\/najnaj.eu\/sl\/izdelek\/carriwell-original-kopalke-za-nosecnice\/"]}]},{"@type":"ImageObject","inLanguage":"sl-SI","@id":"https:\/\/najnaj.eu\/sl\/izdelek\/carriwell-original-kopalke-za-nosecnice\/#primaryimage","url":"https:\/\/najnaj.eu\/wp-content\/uploads\/2023\/06\/4800_Original-Maternity-Swimsuit_Web_v01.jpg","contentUrl":"https:\/\/najnaj.eu\/wp-content\/uploads\/2023\/06\/4800_Original-Maternity-Swimsuit_Web_v01.jpg","width":1000,"height":1250},{"@type":"BreadcrumbList","@id":"https:\/\/najnaj.eu\/sl\/izdelek\/carriwell-original-kopalke-za-nosecnice\/#breadcrumb","itemListElement":[{"@type":"ListItem","position":1,"name":"Po\u010detna stranica","item":"https:\/\/najnaj.eu\/sl\/prednja-stran\/"},{"@type":"ListItem","position":2,"name":"Shop","item":"https:\/\/najnaj.eu\/sl\/shop\/"},{"@type":"ListItem","position":3,"name":"Carriwell Original kopalke za nose\u010dnice"}]},{"@type":"WebSite","@id":"https:\/\/najnaj.eu\/sl\/#website","url":"https:\/\/najnaj.eu\/sl\/","name":"NajNaj.eu","description":"Za najva\u017enije!","publisher":{"@id":"https:\/\/najnaj.eu\/sl\/#organization"},"potentialAction":[{"@type":"SearchAction","target":{"@type":"EntryPoint","urlTemplate":"https:\/\/najnaj.eu\/sl\/?s={search_term_string}"},"query-input":{"@type":"PropertyValueSpecification","valueRequired":true,"valueName":"search_term_string"}}],"inLanguage":"sl-SI"},{"@type":"Organization","@id":"https:\/\/najnaj.eu\/sl\/#organization","name":"NajNaj.eu","url":"https:\/\/najnaj.eu\/sl\/","logo":{"@type":"ImageObject","inLanguage":"sl-SI","@id":"https:\/\/najnaj.eu\/sl\/#\/schema\/logo\/image\/","url":"https:\/\/najnaj.eu\/wp-content\/uploads\/2023\/09\/logo_Najnaj_2023.svg","contentUrl":"https:\/\/najnaj.eu\/wp-content\/uploads\/2023\/09\/logo_Najnaj_2023.svg","width":501,"height":278,"caption":"NajNaj.eu"},"image":{"@id":"https:\/\/najnaj.eu\/sl\/#\/schema\/logo\/image\/"},"sameAs":["https:\/\/web.facebook.com\/najnaj.eu\/","https:\/\/www.instagram.com\/najnaj.eu\/","https:\/\/www.tiktok.com\/@najnaj.eu"]}]},"product_brand":"Carriwell","og_availability":"instock","product_availability":"instock","product_retailer_item_id":"CW4800N","product_condition":"new"},"_links":{"self":[{"href":"https:\/\/najnaj.eu\/sl\/wp-json\/wp\/v2\/product\/194200","targetHints":{"allow":["GET"]}}],"collection":[{"href":"https:\/\/najnaj.eu\/sl\/wp-json\/wp\/v2\/product"}],"about":[{"href":"https:\/\/najnaj.eu\/sl\/wp-json\/wp\/v2\/types\/product"}],"replies":[{"embeddable":true,"href":"https:\/\/najnaj.eu\/sl\/wp-json\/wp\/v2\/comments?post=194200"}],"version-history":[{"count":0,"href":"https:\/\/najnaj.eu\/sl\/wp-json\/wp\/v2\/product\/194200\/revisions"}],"wp:featuredmedia":[{"embeddable":true,"href":"https:\/\/najnaj.eu\/sl\/wp-json\/wp\/v2\/media\/299310"}],"wp:attachment":[{"href":"https:\/\/najnaj.eu\/sl\/wp-json\/wp\/v2\/media?parent=194200"}],"wp:term":[{"taxonomy":"product_brand","embeddable":true,"href":"https:\/\/najnaj.eu\/sl\/wp-json\/wp\/v2\/product_brand?post=194200"},{"taxonomy":"product_cat","embeddable":true,"href":"https:\/\/najnaj.eu\/sl\/wp-json\/wp\/v2\/product_cat?post=194200"},{"taxonomy":"product_tag","embeddable":true,"href":"https:\/\/najnaj.eu\/sl\/wp-json\/wp\/v2\/product_tag?post=194200"}],"curies":[{"name":"wp","href":"https:\/\/api.w.org\/{rel}","templated":true}]}}