{"id":194155,"date":"2023-08-19T09:37:14","date_gmt":"2023-08-19T07:37:14","guid":{"rendered":"https:\/\/najnaj.eu\/proizvod\/b-box-silikonski-podajalnik-za-sveze-sadje-jagodni-napitek\/"},"modified":"2025-03-04T11:34:04","modified_gmt":"2025-03-04T10:34:04","slug":"b-box-silikonski-podajalnik-za-sveze-sadje-jagodni-napitek","status":"publish","type":"product","link":"https:\/\/najnaj.eu\/sl\/izdelek\/b-box-silikonski-podajalnik-za-sveze-sadje-jagodni-napitek\/","title":{"rendered":"b.box Silikonski podajalnik za sve\u017ee sadje &#8211; jagodni napitek"},"content":{"rendered":"<p>Silikonska krmilnica za sve\u017ee sadje je idealna za uvajanje najmlaj\u0161ih v nove okuse. Je zelo enostaven za vzdr\u017eevanje, primeren za pomivalni stroj in ne\u017een do otrokovih dlesni. Zasnovan je tako, da ga lahko otroci sami dr\u017eijo in odkrivajo nove okuse na zabaven in varen na\u010din. Lubenica, mehko sadje, ohlajena kuhana zelenjava &#8230; mo\u017enosti je veliko. Preprosto odstranite silikonski predal, ga napolnite s hrano, namestite nazaj in u\u017eivanje v hrani se lahko za\u010dne. Prakti\u010den ro\u010daj pomaga najmlaj\u0161im pri trdnem oprijemu pri uporabi, slu\u017ei pa tudi kot nogica, na katero jo lahko namestite, ko ni v uporabi, tako da hranilnica ostane \u010dista in se ne dotika povr\u0161ine, na kateri stoji. postavljeno. Hranilnici je prilo\u017een pokrov za bolj higieni\u010dno shranjevanje hranilnice. To ljubko krmilnico lahko sterilizirate v parnem sterilizatorju.<\/p>\n","protected":false},"excerpt":{"rendered":"<p>&gt;  Idealen pripomo\u010dek za higieni\u010dno in varno uvajanje novih okusov<br \/>\n&gt;  Silikonski \u017eve\u010dilni gumi je zelo prijeten za dojen\u010dkove dlesni<br \/>\n&gt;  Trije ro\u010daji olaj\u0161ajo dr\u017eanje dojen\u010dkov z eno ali dvema rokama, star\u0161em pa pustijo prostor, da prisko\u010dijo na pomo\u010d<br \/>\n&gt;  Odpiranje in zapiranje na zaklepnem obro\u010dku<br \/>\n&gt;  Pokrov\u010dek za silikonski del pomaga vzdr\u017eevati \u010disto\u010do in higieno<br \/>\n&gt;  Vse dele je mogo\u010de razstaviti in oprati<br \/>\n&gt;  Perilo na zgornji polici v pomivalnem stroju<br \/>\n&gt;  Mo\u017ena sterilizacija v parnem sterilizatorju<\/p>\n","protected":false},"featured_media":157303,"comment_status":"open","ping_status":"closed","template":"","meta":{"_acf_changed":false,"footnotes":""},"product_brand":[],"product_cat":[1375,1374,1275],"product_tag":[],"class_list":{"0":"post-194155","1":"product","2":"type-product","3":"status-publish","4":"has-post-thumbnail","6":"product_cat-grickala-sl","7":"product_cat-ostalo-sl-3","8":"product_cat-posoda","9":"pa_boja-oranzna","10":"pa_boja-rdeca","11":"pa_boja-roza-sl","12":"pa_brand-b-box-sl","13":"pa_vrsta-posuda-hranilnik-za-sadje","15":"first","16":"outofstock","17":"purchasable","18":"product-type-simple"},"bundled_by":[],"bundle_stock_status":"outofstock","bundle_stock_quantity":0,"bundle_virtual":false,"bundle_layout":"","bundle_add_to_cart_form_location":"","bundle_editable_in_cart":false,"bundle_sold_individually_context":"","bundle_item_grouping":"","bundle_min_size":"","bundle_max_size":"","bundle_price":[],"bundled_items":[],"bundle_sell_ids":[],"acf":[],"yoast_head":"<!-- This site is optimized with the Yoast SEO Premium plugin v21.5 (Yoast SEO v27.4) - https:\/\/yoast.com\/product\/yoast-seo-premium-wordpress\/ -->\n<title>b.box Silikonski podajalnik za sve\u017ee sadje - jagodni napitek - NajNaj.eu<\/title>\n<meta name=\"robots\" content=\"index, follow, max-snippet:-1, max-image-preview:large, max-video-preview:-1\" \/>\n<link rel=\"canonical\" href=\"https:\/\/najnaj.eu\/sl\/izdelek\/b-box-silikonski-podajalnik-za-sveze-sadje-jagodni-napitek\/\" \/>\n<meta property=\"og:locale\" content=\"sl_SI\" \/>\n<meta property=\"og:type\" content=\"article\" \/>\n<meta property=\"og:title\" content=\"b.box Silikonski podajalnik za sve\u017ee sadje - jagodni napitek\" \/>\n<meta property=\"og:description\" content=\"&gt; Idealen pripomo\u010dek za higieni\u010dno in varno uvajanje novih okusov &gt; Silikonski \u017eve\u010dilni gumi je zelo prijeten za dojen\u010dkove dlesni &gt; Trije ro\u010daji olaj\u0161ajo dr\u017eanje dojen\u010dkov z eno ali dvema rokama, star\u0161em pa pustijo prostor, da prisko\u010dijo na pomo\u010d &gt; Odpiranje in zapiranje na zaklepnem obro\u010dku &gt; Pokrov\u010dek za silikonski del pomaga vzdr\u017eevati \u010disto\u010do in higieno &gt; Vse dele je mogo\u010de razstaviti in oprati &gt; Perilo na zgornji polici v pomivalnem stroju &gt; Mo\u017ena sterilizacija v parnem sterilizatorju\" \/>\n<meta property=\"og:url\" content=\"https:\/\/najnaj.eu\/sl\/izdelek\/b-box-silikonski-podajalnik-za-sveze-sadje-jagodni-napitek\/\" \/>\n<meta property=\"og:site_name\" content=\"NajNaj.eu\" \/>\n<meta property=\"article:publisher\" content=\"https:\/\/web.facebook.com\/najnaj.eu\/\" \/>\n<meta property=\"article:modified_time\" content=\"2025-03-04T10:34:04+00:00\" \/>\n<meta property=\"og:image\" content=\"https:\/\/najnaj.eu\/wp-content\/uploads\/2023\/08\/336_strawberry_shake_silicone_first_feeding_set_01_768x.webp\" \/>\n\t<meta property=\"og:image:width\" content=\"768\" \/>\n\t<meta property=\"og:image:height\" content=\"768\" \/>\n\t<meta property=\"og:image:type\" content=\"image\/webp\" \/>\n<meta name=\"twitter:card\" content=\"summary_large_image\" \/>\n<meta name=\"twitter:label1\" content=\"Price\" \/>\n\t<meta name=\"twitter:data1\" content=\"7,99&nbsp;&euro;\" \/>\n\t<meta name=\"twitter:label2\" content=\"Availability\" \/>\n\t<meta name=\"twitter:data2\" content=\"Out of stock\" \/>\n<script type=\"application\/ld+json\" class=\"yoast-schema-graph\">{\"@context\":\"https:\\\/\\\/schema.org\",\"@graph\":[{\"@type\":\"WebPage\",\"@id\":\"https:\\\/\\\/najnaj.eu\\\/sl\\\/izdelek\\\/b-box-silikonski-podajalnik-za-sveze-sadje-jagodni-napitek\\\/\",\"url\":\"https:\\\/\\\/najnaj.eu\\\/sl\\\/izdelek\\\/b-box-silikonski-podajalnik-za-sveze-sadje-jagodni-napitek\\\/\",\"name\":\"b.box Silikonski podajalnik za sve\u017ee sadje - jagodni napitek - NajNaj.eu\",\"isPartOf\":{\"@id\":\"https:\\\/\\\/najnaj.eu\\\/sl\\\/#website\"},\"primaryImageOfPage\":{\"@id\":\"https:\\\/\\\/najnaj.eu\\\/sl\\\/izdelek\\\/b-box-silikonski-podajalnik-za-sveze-sadje-jagodni-napitek\\\/#primaryimage\"},\"image\":{\"@id\":\"https:\\\/\\\/najnaj.eu\\\/sl\\\/izdelek\\\/b-box-silikonski-podajalnik-za-sveze-sadje-jagodni-napitek\\\/#primaryimage\"},\"thumbnailUrl\":\"https:\\\/\\\/najnaj.eu\\\/wp-content\\\/uploads\\\/2023\\\/08\\\/336_strawberry_shake_silicone_first_feeding_set_01_768x.webp\",\"datePublished\":\"2023-08-19T07:37:14+00:00\",\"dateModified\":\"2025-03-04T10:34:04+00:00\",\"breadcrumb\":{\"@id\":\"https:\\\/\\\/najnaj.eu\\\/sl\\\/izdelek\\\/b-box-silikonski-podajalnik-za-sveze-sadje-jagodni-napitek\\\/#breadcrumb\"},\"inLanguage\":\"sl-SI\",\"potentialAction\":[{\"@type\":\"ReadAction\",\"target\":[\"https:\\\/\\\/najnaj.eu\\\/sl\\\/izdelek\\\/b-box-silikonski-podajalnik-za-sveze-sadje-jagodni-napitek\\\/\"]}]},{\"@type\":\"ImageObject\",\"inLanguage\":\"sl-SI\",\"@id\":\"https:\\\/\\\/najnaj.eu\\\/sl\\\/izdelek\\\/b-box-silikonski-podajalnik-za-sveze-sadje-jagodni-napitek\\\/#primaryimage\",\"url\":\"https:\\\/\\\/najnaj.eu\\\/wp-content\\\/uploads\\\/2023\\\/08\\\/336_strawberry_shake_silicone_first_feeding_set_01_768x.webp\",\"contentUrl\":\"https:\\\/\\\/najnaj.eu\\\/wp-content\\\/uploads\\\/2023\\\/08\\\/336_strawberry_shake_silicone_first_feeding_set_01_768x.webp\",\"width\":768,\"height\":768},{\"@type\":\"BreadcrumbList\",\"@id\":\"https:\\\/\\\/najnaj.eu\\\/sl\\\/izdelek\\\/b-box-silikonski-podajalnik-za-sveze-sadje-jagodni-napitek\\\/#breadcrumb\",\"itemListElement\":[{\"@type\":\"ListItem\",\"position\":1,\"name\":\"Po\u010detna stranica\",\"item\":\"https:\\\/\\\/najnaj.eu\\\/sl\\\/prednja-stran\\\/\"},{\"@type\":\"ListItem\",\"position\":2,\"name\":\"Shop\",\"item\":\"https:\\\/\\\/najnaj.eu\\\/sl\\\/shop\\\/\"},{\"@type\":\"ListItem\",\"position\":3,\"name\":\"b.box Silikonski podajalnik za sve\u017ee sadje &#8211; jagodni napitek\"}]},{\"@type\":\"WebSite\",\"@id\":\"https:\\\/\\\/najnaj.eu\\\/sl\\\/#website\",\"url\":\"https:\\\/\\\/najnaj.eu\\\/sl\\\/\",\"name\":\"NajNaj.eu\",\"description\":\"Za najva\u017enije!\",\"publisher\":{\"@id\":\"https:\\\/\\\/najnaj.eu\\\/sl\\\/#organization\"},\"potentialAction\":[{\"@type\":\"SearchAction\",\"target\":{\"@type\":\"EntryPoint\",\"urlTemplate\":\"https:\\\/\\\/najnaj.eu\\\/sl\\\/?s={search_term_string}\"},\"query-input\":{\"@type\":\"PropertyValueSpecification\",\"valueRequired\":true,\"valueName\":\"search_term_string\"}}],\"inLanguage\":\"sl-SI\"},{\"@type\":\"Organization\",\"@id\":\"https:\\\/\\\/najnaj.eu\\\/sl\\\/#organization\",\"name\":\"NajNaj.eu\",\"url\":\"https:\\\/\\\/najnaj.eu\\\/sl\\\/\",\"logo\":{\"@type\":\"ImageObject\",\"inLanguage\":\"sl-SI\",\"@id\":\"https:\\\/\\\/najnaj.eu\\\/sl\\\/#\\\/schema\\\/logo\\\/image\\\/\",\"url\":\"https:\\\/\\\/najnaj.eu\\\/wp-content\\\/uploads\\\/2023\\\/09\\\/logo_Najnaj_2023.svg\",\"contentUrl\":\"https:\\\/\\\/najnaj.eu\\\/wp-content\\\/uploads\\\/2023\\\/09\\\/logo_Najnaj_2023.svg\",\"width\":501,\"height\":278,\"caption\":\"NajNaj.eu\"},\"image\":{\"@id\":\"https:\\\/\\\/najnaj.eu\\\/sl\\\/#\\\/schema\\\/logo\\\/image\\\/\"},\"sameAs\":[\"https:\\\/\\\/web.facebook.com\\\/najnaj.eu\\\/\",\"https:\\\/\\\/www.instagram.com\\\/najnaj.eu\\\/\",\"https:\\\/\\\/www.tiktok.com\\\/@najnaj.eu\"]}]}<\/script>\n<meta property=\"product:brand\" content=\"b.box\" \/>\n<meta property=\"product:price:amount\" content=\"7.99\" \/>\n<meta property=\"product:price:currency\" content=\"EUR\" \/>\n<meta property=\"og:availability\" content=\"out of stock\" \/>\n<meta property=\"product:availability\" content=\"out of stock\" \/>\n<meta property=\"product:retailer_item_id\" content=\"BX336\" \/>\n<meta property=\"product:condition\" content=\"new\" \/>\n<!-- \/ Yoast SEO Premium plugin. -->","yoast_head_json":{"title":"b.box Silikonski podajalnik za sve\u017ee sadje - jagodni napitek - NajNaj.eu","robots":{"index":"index","follow":"follow","max-snippet":"max-snippet:-1","max-image-preview":"max-image-preview:large","max-video-preview":"max-video-preview:-1"},"canonical":"https:\/\/najnaj.eu\/sl\/izdelek\/b-box-silikonski-podajalnik-za-sveze-sadje-jagodni-napitek\/","og_locale":"sl_SI","og_type":"article","og_title":"b.box Silikonski podajalnik za sve\u017ee sadje - jagodni napitek","og_description":"&gt; Idealen pripomo\u010dek za higieni\u010dno in varno uvajanje novih okusov &gt; Silikonski \u017eve\u010dilni gumi je zelo prijeten za dojen\u010dkove dlesni &gt; Trije ro\u010daji olaj\u0161ajo dr\u017eanje dojen\u010dkov z eno ali dvema rokama, star\u0161em pa pustijo prostor, da prisko\u010dijo na pomo\u010d &gt; Odpiranje in zapiranje na zaklepnem obro\u010dku &gt; Pokrov\u010dek za silikonski del pomaga vzdr\u017eevati \u010disto\u010do in higieno &gt; Vse dele je mogo\u010de razstaviti in oprati &gt; Perilo na zgornji polici v pomivalnem stroju &gt; Mo\u017ena sterilizacija v parnem sterilizatorju","og_url":"https:\/\/najnaj.eu\/sl\/izdelek\/b-box-silikonski-podajalnik-za-sveze-sadje-jagodni-napitek\/","og_site_name":"NajNaj.eu","article_publisher":"https:\/\/web.facebook.com\/najnaj.eu\/","article_modified_time":"2025-03-04T10:34:04+00:00","og_image":[{"width":768,"height":768,"url":"https:\/\/najnaj.eu\/wp-content\/uploads\/2023\/08\/336_strawberry_shake_silicone_first_feeding_set_01_768x.webp","type":"image\/webp"}],"twitter_card":"summary_large_image","twitter_misc":{"Price":"7,99&nbsp;&euro;","Availability":"Out of stock"},"schema":{"@context":"https:\/\/schema.org","@graph":[{"@type":"WebPage","@id":"https:\/\/najnaj.eu\/sl\/izdelek\/b-box-silikonski-podajalnik-za-sveze-sadje-jagodni-napitek\/","url":"https:\/\/najnaj.eu\/sl\/izdelek\/b-box-silikonski-podajalnik-za-sveze-sadje-jagodni-napitek\/","name":"b.box Silikonski podajalnik za sve\u017ee sadje - jagodni napitek - NajNaj.eu","isPartOf":{"@id":"https:\/\/najnaj.eu\/sl\/#website"},"primaryImageOfPage":{"@id":"https:\/\/najnaj.eu\/sl\/izdelek\/b-box-silikonski-podajalnik-za-sveze-sadje-jagodni-napitek\/#primaryimage"},"image":{"@id":"https:\/\/najnaj.eu\/sl\/izdelek\/b-box-silikonski-podajalnik-za-sveze-sadje-jagodni-napitek\/#primaryimage"},"thumbnailUrl":"https:\/\/najnaj.eu\/wp-content\/uploads\/2023\/08\/336_strawberry_shake_silicone_first_feeding_set_01_768x.webp","datePublished":"2023-08-19T07:37:14+00:00","dateModified":"2025-03-04T10:34:04+00:00","breadcrumb":{"@id":"https:\/\/najnaj.eu\/sl\/izdelek\/b-box-silikonski-podajalnik-za-sveze-sadje-jagodni-napitek\/#breadcrumb"},"inLanguage":"sl-SI","potentialAction":[{"@type":"ReadAction","target":["https:\/\/najnaj.eu\/sl\/izdelek\/b-box-silikonski-podajalnik-za-sveze-sadje-jagodni-napitek\/"]}]},{"@type":"ImageObject","inLanguage":"sl-SI","@id":"https:\/\/najnaj.eu\/sl\/izdelek\/b-box-silikonski-podajalnik-za-sveze-sadje-jagodni-napitek\/#primaryimage","url":"https:\/\/najnaj.eu\/wp-content\/uploads\/2023\/08\/336_strawberry_shake_silicone_first_feeding_set_01_768x.webp","contentUrl":"https:\/\/najnaj.eu\/wp-content\/uploads\/2023\/08\/336_strawberry_shake_silicone_first_feeding_set_01_768x.webp","width":768,"height":768},{"@type":"BreadcrumbList","@id":"https:\/\/najnaj.eu\/sl\/izdelek\/b-box-silikonski-podajalnik-za-sveze-sadje-jagodni-napitek\/#breadcrumb","itemListElement":[{"@type":"ListItem","position":1,"name":"Po\u010detna stranica","item":"https:\/\/najnaj.eu\/sl\/prednja-stran\/"},{"@type":"ListItem","position":2,"name":"Shop","item":"https:\/\/najnaj.eu\/sl\/shop\/"},{"@type":"ListItem","position":3,"name":"b.box Silikonski podajalnik za sve\u017ee sadje &#8211; jagodni napitek"}]},{"@type":"WebSite","@id":"https:\/\/najnaj.eu\/sl\/#website","url":"https:\/\/najnaj.eu\/sl\/","name":"NajNaj.eu","description":"Za najva\u017enije!","publisher":{"@id":"https:\/\/najnaj.eu\/sl\/#organization"},"potentialAction":[{"@type":"SearchAction","target":{"@type":"EntryPoint","urlTemplate":"https:\/\/najnaj.eu\/sl\/?s={search_term_string}"},"query-input":{"@type":"PropertyValueSpecification","valueRequired":true,"valueName":"search_term_string"}}],"inLanguage":"sl-SI"},{"@type":"Organization","@id":"https:\/\/najnaj.eu\/sl\/#organization","name":"NajNaj.eu","url":"https:\/\/najnaj.eu\/sl\/","logo":{"@type":"ImageObject","inLanguage":"sl-SI","@id":"https:\/\/najnaj.eu\/sl\/#\/schema\/logo\/image\/","url":"https:\/\/najnaj.eu\/wp-content\/uploads\/2023\/09\/logo_Najnaj_2023.svg","contentUrl":"https:\/\/najnaj.eu\/wp-content\/uploads\/2023\/09\/logo_Najnaj_2023.svg","width":501,"height":278,"caption":"NajNaj.eu"},"image":{"@id":"https:\/\/najnaj.eu\/sl\/#\/schema\/logo\/image\/"},"sameAs":["https:\/\/web.facebook.com\/najnaj.eu\/","https:\/\/www.instagram.com\/najnaj.eu\/","https:\/\/www.tiktok.com\/@najnaj.eu"]}]},"product_brand":"b.box","product_price_amount":"7.99","product_price_currency":"EUR","og_availability":"out of stock","product_availability":"out of stock","product_retailer_item_id":"BX336","product_condition":"new"},"_links":{"self":[{"href":"https:\/\/najnaj.eu\/sl\/wp-json\/wp\/v2\/product\/194155","targetHints":{"allow":["GET"]}}],"collection":[{"href":"https:\/\/najnaj.eu\/sl\/wp-json\/wp\/v2\/product"}],"about":[{"href":"https:\/\/najnaj.eu\/sl\/wp-json\/wp\/v2\/types\/product"}],"replies":[{"embeddable":true,"href":"https:\/\/najnaj.eu\/sl\/wp-json\/wp\/v2\/comments?post=194155"}],"version-history":[{"count":0,"href":"https:\/\/najnaj.eu\/sl\/wp-json\/wp\/v2\/product\/194155\/revisions"}],"wp:featuredmedia":[{"embeddable":true,"href":"https:\/\/najnaj.eu\/sl\/wp-json\/wp\/v2\/media\/157303"}],"wp:attachment":[{"href":"https:\/\/najnaj.eu\/sl\/wp-json\/wp\/v2\/media?parent=194155"}],"wp:term":[{"taxonomy":"product_brand","embeddable":true,"href":"https:\/\/najnaj.eu\/sl\/wp-json\/wp\/v2\/product_brand?post=194155"},{"taxonomy":"product_cat","embeddable":true,"href":"https:\/\/najnaj.eu\/sl\/wp-json\/wp\/v2\/product_cat?post=194155"},{"taxonomy":"product_tag","embeddable":true,"href":"https:\/\/najnaj.eu\/sl\/wp-json\/wp\/v2\/product_tag?post=194155"}],"curies":[{"name":"wp","href":"https:\/\/api.w.org\/{rel}","templated":true}]}}