{"id":194151,"date":"2023-08-19T09:40:51","date_gmt":"2023-08-19T07:40:51","guid":{"rendered":"https:\/\/najnaj.eu\/proizvod\/b-box-termo-posoda-za-hrano-mini-solni-zajcek\/"},"modified":"2025-03-04T11:33:53","modified_gmt":"2025-03-04T10:33:53","slug":"b-box-termo-posoda-za-hrano-mini-solni-zajcek","status":"publish","type":"product","link":"https:\/\/najnaj.eu\/sl\/izdelek\/b-box-termo-posoda-za-hrano-mini-solni-zajcek\/","title":{"rendered":"b.box Termo posoda za hrano mini &#8211; solni zaj\u010dek"},"content":{"rendered":"<p>Skupni obroki s prijatelji \u0161e nikoli niso izgledali bolje. Ta termo posoda je izdelana iz trpe\u017enega nerjave\u010dega jekla, ki omogo\u010da ohranjanje temperature hrane do nekaj ur. Zato, kjer koli \u017ee ste, ko pokli\u010de la\u010den trebu\u0161\u010dek, ste pripravljeni!<br \/>\nHrana ostane topla do 4 ure ali hladna do 6 ur. Odli\u010den za majhne, \u200b\u200bpa tudi za malo ve\u010dje otroke, s prostornino 211 ml. S svojo neprepustno zasnovo je to popolna posoda za majhne prigrizke \u010dez dan.<br \/>\nEdinstven zama\u0161ek onemogo\u010da premo\u010dno zategovanje pokrova, tako da ga lahko otrok odpre sam in tako razvija svojo samostojnost.<br \/>\nZa ohranitev nanosa na posodi je priporo\u010dljivo samo ro\u010dno pranje.<\/p>\n","protected":false},"excerpt":{"rendered":"<p>&gt;  Hrana ostane hladna do 6 ali topla do 4 ure<br \/>\n&gt;  Visokokakovostno nerjave\u010de jeklo z dvojno izolacijsko steno<br \/>\n&gt;  Enostaven za polnjenje, nepropustna oblika<br \/>\n&gt;  Edinstven zama\u0161ek prepre\u010duje premo\u010dno zategovanje pokrova<br \/>\n&gt;  Ro\u010dno pranje je priporo\u010dljivo samo za ohranitev tiska<br \/>\n&gt;  Prostornina: 210 ml<\/p>\n","protected":false},"featured_media":247926,"comment_status":"open","ping_status":"closed","template":"","meta":{"_acf_changed":false,"footnotes":""},"product_brand":[],"product_cat":[1167,1379,1275,1310],"product_tag":[],"class_list":{"0":"post-194151","1":"product","2":"type-product","3":"status-publish","4":"has-post-thumbnail","6":"product_cat-hranjenje-sl","7":"product_cat-krozniki-in-sklede","8":"product_cat-posoda","9":"product_cat-skatle-za-prigrizke","10":"pa_boja-zelena-sl","11":"pa_brand-b-box-sl","12":"pa_vrsta-posuda-posode-za-hrano","13":"pa_vrsta-posuda-skatle-za-prigrizke","15":"first","16":"outofstock","17":"purchasable","18":"product-type-simple"},"bundled_by":[],"bundle_stock_status":"outofstock","bundle_stock_quantity":0,"bundle_virtual":false,"bundle_layout":"","bundle_add_to_cart_form_location":"","bundle_editable_in_cart":false,"bundle_sold_individually_context":"","bundle_item_grouping":"","bundle_min_size":"","bundle_max_size":"","bundle_price":[],"bundled_items":[],"bundle_sell_ids":[],"acf":[],"yoast_head":"<!-- This site is optimized with the Yoast SEO Premium plugin v21.5 (Yoast SEO v27.3) - https:\/\/yoast.com\/product\/yoast-seo-premium-wordpress\/ -->\n<title>b.box Termo posoda za hrano mini - solni zaj\u010dek - NajNaj.eu<\/title>\n<meta name=\"robots\" content=\"index, follow, max-snippet:-1, max-image-preview:large, max-video-preview:-1\" \/>\n<link rel=\"canonical\" href=\"https:\/\/najnaj.eu\/sl\/izdelek\/b-box-termo-posoda-za-hrano-mini-solni-zajcek\/\" \/>\n<meta property=\"og:locale\" content=\"sl_SI\" \/>\n<meta property=\"og:type\" content=\"article\" \/>\n<meta property=\"og:title\" content=\"b.box Termo posoda za hrano mini - solni zaj\u010dek\" \/>\n<meta property=\"og:description\" content=\"&gt; Hrana ostane hladna do 6 ali topla do 4 ure &gt; Visokokakovostno nerjave\u010de jeklo z dvojno izolacijsko steno &gt; Enostaven za polnjenje, nepropustna oblika &gt; Edinstven zama\u0161ek prepre\u010duje premo\u010dno zategovanje pokrova &gt; Ro\u010dno pranje je priporo\u010dljivo samo za ohranitev tiska &gt; Prostornina: 210 ml\" \/>\n<meta property=\"og:url\" content=\"https:\/\/najnaj.eu\/sl\/izdelek\/b-box-termo-posoda-za-hrano-mini-solni-zajcek\/\" \/>\n<meta property=\"og:site_name\" content=\"NajNaj.eu\" \/>\n<meta property=\"article:publisher\" content=\"https:\/\/web.facebook.com\/najnaj.eu\/\" \/>\n<meta property=\"article:modified_time\" content=\"2025-03-04T10:33:53+00:00\" \/>\n<meta property=\"og:image\" content=\"https:\/\/najnaj.eu\/wp-content\/uploads\/2023\/08\/Mini-Food-Jar_Design-2_1-Large-2.jpg\" \/>\n\t<meta property=\"og:image:width\" content=\"1080\" \/>\n\t<meta property=\"og:image:height\" content=\"1560\" \/>\n\t<meta property=\"og:image:type\" content=\"image\/jpeg\" \/>\n<meta name=\"twitter:card\" content=\"summary_large_image\" \/>\n<meta name=\"twitter:label1\" content=\"Price\" \/>\n\t<meta name=\"twitter:data1\" content=\"19,99&nbsp;&euro;\" \/>\n\t<meta name=\"twitter:label2\" content=\"Availability\" \/>\n\t<meta name=\"twitter:data2\" content=\"Out of stock\" \/>\n<script type=\"application\/ld+json\" class=\"yoast-schema-graph\">{\"@context\":\"https:\\\/\\\/schema.org\",\"@graph\":[{\"@type\":\"WebPage\",\"@id\":\"https:\\\/\\\/najnaj.eu\\\/sl\\\/izdelek\\\/b-box-termo-posoda-za-hrano-mini-solni-zajcek\\\/\",\"url\":\"https:\\\/\\\/najnaj.eu\\\/sl\\\/izdelek\\\/b-box-termo-posoda-za-hrano-mini-solni-zajcek\\\/\",\"name\":\"b.box Termo posoda za hrano mini - solni zaj\u010dek - NajNaj.eu\",\"isPartOf\":{\"@id\":\"https:\\\/\\\/najnaj.eu\\\/sl\\\/#website\"},\"primaryImageOfPage\":{\"@id\":\"https:\\\/\\\/najnaj.eu\\\/sl\\\/izdelek\\\/b-box-termo-posoda-za-hrano-mini-solni-zajcek\\\/#primaryimage\"},\"image\":{\"@id\":\"https:\\\/\\\/najnaj.eu\\\/sl\\\/izdelek\\\/b-box-termo-posoda-za-hrano-mini-solni-zajcek\\\/#primaryimage\"},\"thumbnailUrl\":\"https:\\\/\\\/najnaj.eu\\\/wp-content\\\/uploads\\\/2023\\\/08\\\/BX400310.jpg\",\"datePublished\":\"2023-08-19T07:40:51+00:00\",\"dateModified\":\"2025-03-04T10:33:53+00:00\",\"breadcrumb\":{\"@id\":\"https:\\\/\\\/najnaj.eu\\\/sl\\\/izdelek\\\/b-box-termo-posoda-za-hrano-mini-solni-zajcek\\\/#breadcrumb\"},\"inLanguage\":\"sl-SI\",\"potentialAction\":[{\"@type\":\"ReadAction\",\"target\":[\"https:\\\/\\\/najnaj.eu\\\/sl\\\/izdelek\\\/b-box-termo-posoda-za-hrano-mini-solni-zajcek\\\/\"]}]},{\"@type\":\"ImageObject\",\"inLanguage\":\"sl-SI\",\"@id\":\"https:\\\/\\\/najnaj.eu\\\/sl\\\/izdelek\\\/b-box-termo-posoda-za-hrano-mini-solni-zajcek\\\/#primaryimage\",\"url\":\"https:\\\/\\\/najnaj.eu\\\/wp-content\\\/uploads\\\/2023\\\/08\\\/BX400310.jpg\",\"contentUrl\":\"https:\\\/\\\/najnaj.eu\\\/wp-content\\\/uploads\\\/2023\\\/08\\\/BX400310.jpg\",\"width\":2000,\"height\":2000},{\"@type\":\"BreadcrumbList\",\"@id\":\"https:\\\/\\\/najnaj.eu\\\/sl\\\/izdelek\\\/b-box-termo-posoda-za-hrano-mini-solni-zajcek\\\/#breadcrumb\",\"itemListElement\":[{\"@type\":\"ListItem\",\"position\":1,\"name\":\"Po\u010detna stranica\",\"item\":\"https:\\\/\\\/najnaj.eu\\\/sl\\\/prednja-stran\\\/\"},{\"@type\":\"ListItem\",\"position\":2,\"name\":\"Shop\",\"item\":\"https:\\\/\\\/najnaj.eu\\\/sl\\\/shop\\\/\"},{\"@type\":\"ListItem\",\"position\":3,\"name\":\"b.box Termo posoda za hrano mini &#8211; solni zaj\u010dek\"}]},{\"@type\":\"WebSite\",\"@id\":\"https:\\\/\\\/najnaj.eu\\\/sl\\\/#website\",\"url\":\"https:\\\/\\\/najnaj.eu\\\/sl\\\/\",\"name\":\"NajNaj.eu\",\"description\":\"Za najva\u017enije!\",\"publisher\":{\"@id\":\"https:\\\/\\\/najnaj.eu\\\/sl\\\/#organization\"},\"potentialAction\":[{\"@type\":\"SearchAction\",\"target\":{\"@type\":\"EntryPoint\",\"urlTemplate\":\"https:\\\/\\\/najnaj.eu\\\/sl\\\/?s={search_term_string}\"},\"query-input\":{\"@type\":\"PropertyValueSpecification\",\"valueRequired\":true,\"valueName\":\"search_term_string\"}}],\"inLanguage\":\"sl-SI\"},{\"@type\":\"Organization\",\"@id\":\"https:\\\/\\\/najnaj.eu\\\/sl\\\/#organization\",\"name\":\"NajNaj.eu\",\"url\":\"https:\\\/\\\/najnaj.eu\\\/sl\\\/\",\"logo\":{\"@type\":\"ImageObject\",\"inLanguage\":\"sl-SI\",\"@id\":\"https:\\\/\\\/najnaj.eu\\\/sl\\\/#\\\/schema\\\/logo\\\/image\\\/\",\"url\":\"https:\\\/\\\/najnaj.eu\\\/wp-content\\\/uploads\\\/2023\\\/09\\\/logo_Najnaj_2023.svg\",\"contentUrl\":\"https:\\\/\\\/najnaj.eu\\\/wp-content\\\/uploads\\\/2023\\\/09\\\/logo_Najnaj_2023.svg\",\"width\":501,\"height\":278,\"caption\":\"NajNaj.eu\"},\"image\":{\"@id\":\"https:\\\/\\\/najnaj.eu\\\/sl\\\/#\\\/schema\\\/logo\\\/image\\\/\"},\"sameAs\":[\"https:\\\/\\\/web.facebook.com\\\/najnaj.eu\\\/\",\"https:\\\/\\\/www.instagram.com\\\/najnaj.eu\\\/\",\"https:\\\/\\\/www.tiktok.com\\\/@najnaj.eu\"]}]}<\/script>\n<meta property=\"product:brand\" content=\"b.box\" \/>\n<meta property=\"product:price:amount\" content=\"19.99\" \/>\n<meta property=\"product:price:currency\" content=\"EUR\" \/>\n<meta property=\"og:availability\" content=\"out of stock\" \/>\n<meta property=\"product:availability\" content=\"out of stock\" \/>\n<meta property=\"product:retailer_item_id\" content=\"BX400310\" \/>\n<meta property=\"product:condition\" content=\"new\" \/>\n<!-- \/ Yoast SEO Premium plugin. -->","yoast_head_json":{"title":"b.box Termo posoda za hrano mini - solni zaj\u010dek - NajNaj.eu","robots":{"index":"index","follow":"follow","max-snippet":"max-snippet:-1","max-image-preview":"max-image-preview:large","max-video-preview":"max-video-preview:-1"},"canonical":"https:\/\/najnaj.eu\/sl\/izdelek\/b-box-termo-posoda-za-hrano-mini-solni-zajcek\/","og_locale":"sl_SI","og_type":"article","og_title":"b.box Termo posoda za hrano mini - solni zaj\u010dek","og_description":"&gt; Hrana ostane hladna do 6 ali topla do 4 ure &gt; Visokokakovostno nerjave\u010de jeklo z dvojno izolacijsko steno &gt; Enostaven za polnjenje, nepropustna oblika &gt; Edinstven zama\u0161ek prepre\u010duje premo\u010dno zategovanje pokrova &gt; Ro\u010dno pranje je priporo\u010dljivo samo za ohranitev tiska &gt; Prostornina: 210 ml","og_url":"https:\/\/najnaj.eu\/sl\/izdelek\/b-box-termo-posoda-za-hrano-mini-solni-zajcek\/","og_site_name":"NajNaj.eu","article_publisher":"https:\/\/web.facebook.com\/najnaj.eu\/","article_modified_time":"2025-03-04T10:33:53+00:00","og_image":[{"width":1080,"height":1560,"url":"https:\/\/najnaj.eu\/wp-content\/uploads\/2023\/08\/Mini-Food-Jar_Design-2_1-Large-2.jpg","type":"image\/jpeg"}],"twitter_card":"summary_large_image","twitter_misc":{"Price":"19,99&nbsp;&euro;","Availability":"Out of stock"},"schema":{"@context":"https:\/\/schema.org","@graph":[{"@type":"WebPage","@id":"https:\/\/najnaj.eu\/sl\/izdelek\/b-box-termo-posoda-za-hrano-mini-solni-zajcek\/","url":"https:\/\/najnaj.eu\/sl\/izdelek\/b-box-termo-posoda-za-hrano-mini-solni-zajcek\/","name":"b.box Termo posoda za hrano mini - solni zaj\u010dek - NajNaj.eu","isPartOf":{"@id":"https:\/\/najnaj.eu\/sl\/#website"},"primaryImageOfPage":{"@id":"https:\/\/najnaj.eu\/sl\/izdelek\/b-box-termo-posoda-za-hrano-mini-solni-zajcek\/#primaryimage"},"image":{"@id":"https:\/\/najnaj.eu\/sl\/izdelek\/b-box-termo-posoda-za-hrano-mini-solni-zajcek\/#primaryimage"},"thumbnailUrl":"https:\/\/najnaj.eu\/wp-content\/uploads\/2023\/08\/BX400310.jpg","datePublished":"2023-08-19T07:40:51+00:00","dateModified":"2025-03-04T10:33:53+00:00","breadcrumb":{"@id":"https:\/\/najnaj.eu\/sl\/izdelek\/b-box-termo-posoda-za-hrano-mini-solni-zajcek\/#breadcrumb"},"inLanguage":"sl-SI","potentialAction":[{"@type":"ReadAction","target":["https:\/\/najnaj.eu\/sl\/izdelek\/b-box-termo-posoda-za-hrano-mini-solni-zajcek\/"]}]},{"@type":"ImageObject","inLanguage":"sl-SI","@id":"https:\/\/najnaj.eu\/sl\/izdelek\/b-box-termo-posoda-za-hrano-mini-solni-zajcek\/#primaryimage","url":"https:\/\/najnaj.eu\/wp-content\/uploads\/2023\/08\/BX400310.jpg","contentUrl":"https:\/\/najnaj.eu\/wp-content\/uploads\/2023\/08\/BX400310.jpg","width":2000,"height":2000},{"@type":"BreadcrumbList","@id":"https:\/\/najnaj.eu\/sl\/izdelek\/b-box-termo-posoda-za-hrano-mini-solni-zajcek\/#breadcrumb","itemListElement":[{"@type":"ListItem","position":1,"name":"Po\u010detna stranica","item":"https:\/\/najnaj.eu\/sl\/prednja-stran\/"},{"@type":"ListItem","position":2,"name":"Shop","item":"https:\/\/najnaj.eu\/sl\/shop\/"},{"@type":"ListItem","position":3,"name":"b.box Termo posoda za hrano mini &#8211; solni zaj\u010dek"}]},{"@type":"WebSite","@id":"https:\/\/najnaj.eu\/sl\/#website","url":"https:\/\/najnaj.eu\/sl\/","name":"NajNaj.eu","description":"Za najva\u017enije!","publisher":{"@id":"https:\/\/najnaj.eu\/sl\/#organization"},"potentialAction":[{"@type":"SearchAction","target":{"@type":"EntryPoint","urlTemplate":"https:\/\/najnaj.eu\/sl\/?s={search_term_string}"},"query-input":{"@type":"PropertyValueSpecification","valueRequired":true,"valueName":"search_term_string"}}],"inLanguage":"sl-SI"},{"@type":"Organization","@id":"https:\/\/najnaj.eu\/sl\/#organization","name":"NajNaj.eu","url":"https:\/\/najnaj.eu\/sl\/","logo":{"@type":"ImageObject","inLanguage":"sl-SI","@id":"https:\/\/najnaj.eu\/sl\/#\/schema\/logo\/image\/","url":"https:\/\/najnaj.eu\/wp-content\/uploads\/2023\/09\/logo_Najnaj_2023.svg","contentUrl":"https:\/\/najnaj.eu\/wp-content\/uploads\/2023\/09\/logo_Najnaj_2023.svg","width":501,"height":278,"caption":"NajNaj.eu"},"image":{"@id":"https:\/\/najnaj.eu\/sl\/#\/schema\/logo\/image\/"},"sameAs":["https:\/\/web.facebook.com\/najnaj.eu\/","https:\/\/www.instagram.com\/najnaj.eu\/","https:\/\/www.tiktok.com\/@najnaj.eu"]}]},"product_brand":"b.box","product_price_amount":"19.99","product_price_currency":"EUR","og_availability":"out of stock","product_availability":"out of stock","product_retailer_item_id":"BX400310","product_condition":"new"},"_links":{"self":[{"href":"https:\/\/najnaj.eu\/sl\/wp-json\/wp\/v2\/product\/194151","targetHints":{"allow":["GET"]}}],"collection":[{"href":"https:\/\/najnaj.eu\/sl\/wp-json\/wp\/v2\/product"}],"about":[{"href":"https:\/\/najnaj.eu\/sl\/wp-json\/wp\/v2\/types\/product"}],"replies":[{"embeddable":true,"href":"https:\/\/najnaj.eu\/sl\/wp-json\/wp\/v2\/comments?post=194151"}],"version-history":[{"count":0,"href":"https:\/\/najnaj.eu\/sl\/wp-json\/wp\/v2\/product\/194151\/revisions"}],"wp:featuredmedia":[{"embeddable":true,"href":"https:\/\/najnaj.eu\/sl\/wp-json\/wp\/v2\/media\/247926"}],"wp:attachment":[{"href":"https:\/\/najnaj.eu\/sl\/wp-json\/wp\/v2\/media?parent=194151"}],"wp:term":[{"taxonomy":"product_brand","embeddable":true,"href":"https:\/\/najnaj.eu\/sl\/wp-json\/wp\/v2\/product_brand?post=194151"},{"taxonomy":"product_cat","embeddable":true,"href":"https:\/\/najnaj.eu\/sl\/wp-json\/wp\/v2\/product_cat?post=194151"},{"taxonomy":"product_tag","embeddable":true,"href":"https:\/\/najnaj.eu\/sl\/wp-json\/wp\/v2\/product_tag?post=194151"}],"curies":[{"name":"wp","href":"https:\/\/api.w.org\/{rel}","templated":true}]}}