{"id":194132,"date":"2023-08-19T10:25:14","date_gmt":"2023-08-19T08:25:14","guid":{"rendered":"https:\/\/najnaj.eu\/proizvod\/b-box-termo-posoda-za-hrano-modri-skrilavec\/"},"modified":"2025-03-04T11:33:30","modified_gmt":"2025-03-04T10:33:30","slug":"b-box-termo-posoda-za-hrano-modri-skrilavec","status":"publish","type":"product","link":"https:\/\/najnaj.eu\/sl\/izdelek\/b-box-termo-posoda-za-hrano-modri-skrilavec\/","title":{"rendered":"b.box Termo posoda za hrano &#8211; modri skrilavec"},"content":{"rendered":"<p>Posoda ohranja hrano na pravi temperaturi ve\u010d ur, odvisno od tega, ali otroci u\u017eivajo v toplem ali hladnem obroku<br \/>\nosve\u017eilno sadje in jogurt. Da bo hrana dlje ostala topla, lahko posodo predhodno segrejete tako, da vanjo za 2 minuti nalivate toplo vodo. Po tem bo hrana v posodi ostala topla in okusna. Prilo\u017eene so vilice\/\u017elica, ki se shranijo v prilagojeno re\u017eo. Enostavni ro\u010daji omogo\u010dajo otrokom, da sami odprejo posodo, kar spodbuja njihovo samostojnost. Snemljivi ro\u010daji omogo\u010dajo uporabo te posode starej\u0161im otrokom. Zaradi edinstvenega na\u010dina zapiranja pokrova ni mogo\u010de pretesno zategniti.<\/p>\n","protected":false},"excerpt":{"rendered":"<p>&gt;  Hrana ostane hladna do 7 ali topla do 5 ur<br \/>\n&gt;  Nerjave\u010de jeklo z dvojno izolacijsko steno<br \/>\n&gt;  Ro\u010daji se enostavno odstranijo, tako da lahko posodico \u010dim bolje prilagodite \u017eeljam in potrebam otroka<br \/>\n&gt;  Ro\u010daj na pokrovu omogo\u010da, da otroci sami odprejo posodo<br \/>\n&gt;  Edinstven zama\u0161ek prepre\u010duje premo\u010dno zategovanje pokrova<br \/>\n&gt;  V kompletu vklju\u010dena \u017elica\/vilica, vstavljena v posebno re\u017eo<br \/>\n&gt;  Primerno za pomivalni stroj<br \/>\n&gt;  Prostornina: 335 ml<\/p>\n","protected":false},"featured_media":165695,"comment_status":"open","ping_status":"closed","template":"","meta":{"_acf_changed":false,"footnotes":""},"product_brand":[],"product_cat":[1379,1275,2270],"product_tag":[2282],"class_list":{"0":"post-194132","1":"product","2":"type-product","3":"status-publish","4":"has-post-thumbnail","6":"product_cat-krozniki-in-sklede","7":"product_cat-posoda","8":"product_cat-termo-posode","9":"product_tag-zima-sl","10":"pa_boja-plava-sl","11":"pa_brand-b-box-sl","12":"pa_vrsta-posuda-posode-za-hrano","13":"pa_vrsta-posuda-skatle-za-prigrizke","15":"first","16":"outofstock","17":"purchasable","18":"product-type-simple"},"bundled_by":[],"bundle_stock_status":"outofstock","bundle_stock_quantity":0,"bundle_virtual":false,"bundle_layout":"","bundle_add_to_cart_form_location":"","bundle_editable_in_cart":false,"bundle_sold_individually_context":"","bundle_item_grouping":"","bundle_min_size":"","bundle_max_size":"","bundle_price":[],"bundled_items":[],"bundle_sell_ids":[],"acf":[],"yoast_head":"<!-- This site is optimized with the Yoast SEO Premium plugin v21.5 (Yoast SEO v27.3) - https:\/\/yoast.com\/product\/yoast-seo-premium-wordpress\/ -->\n<title>b.box Termo posoda za hrano - modri skrilavec - NajNaj.eu<\/title>\n<meta name=\"robots\" content=\"index, follow, max-snippet:-1, max-image-preview:large, max-video-preview:-1\" \/>\n<link rel=\"canonical\" href=\"https:\/\/najnaj.eu\/sl\/izdelek\/b-box-termo-posoda-za-hrano-modri-skrilavec\/\" \/>\n<meta property=\"og:locale\" content=\"sl_SI\" \/>\n<meta property=\"og:type\" content=\"article\" \/>\n<meta property=\"og:title\" content=\"b.box Termo posoda za hrano - modri skrilavec\" \/>\n<meta property=\"og:description\" content=\"&gt; Hrana ostane hladna do 7 ali topla do 5 ur &gt; Nerjave\u010de jeklo z dvojno izolacijsko steno &gt; Ro\u010daji se enostavno odstranijo, tako da lahko posodico \u010dim bolje prilagodite \u017eeljam in potrebam otroka &gt; Ro\u010daj na pokrovu omogo\u010da, da otroci sami odprejo posodo &gt; Edinstven zama\u0161ek prepre\u010duje premo\u010dno zategovanje pokrova &gt; V kompletu vklju\u010dena \u017elica\/vilica, vstavljena v posebno re\u017eo &gt; Primerno za pomivalni stroj &gt; Prostornina: 335 ml\" \/>\n<meta property=\"og:url\" content=\"https:\/\/najnaj.eu\/sl\/izdelek\/b-box-termo-posoda-za-hrano-modri-skrilavec\/\" \/>\n<meta property=\"og:site_name\" content=\"NajNaj.eu\" \/>\n<meta property=\"article:publisher\" content=\"https:\/\/web.facebook.com\/najnaj.eu\/\" \/>\n<meta property=\"article:modified_time\" content=\"2025-03-04T10:33:30+00:00\" \/>\n<meta property=\"og:image\" content=\"https:\/\/najnaj.eu\/wp-content\/uploads\/2023\/10\/blueslate_insulated_food_jar_03_copy.webp\" \/>\n\t<meta property=\"og:image:width\" content=\"800\" \/>\n\t<meta property=\"og:image:height\" content=\"894\" \/>\n\t<meta property=\"og:image:type\" content=\"image\/webp\" \/>\n<meta name=\"twitter:card\" content=\"summary_large_image\" \/>\n<meta name=\"twitter:label1\" content=\"Price\" \/>\n\t<meta name=\"twitter:data1\" content=\"29,99&nbsp;&euro;\" \/>\n\t<meta name=\"twitter:label2\" content=\"Availability\" \/>\n\t<meta name=\"twitter:data2\" content=\"Out of stock\" \/>\n<script type=\"application\/ld+json\" class=\"yoast-schema-graph\">{\"@context\":\"https:\\\/\\\/schema.org\",\"@graph\":[{\"@type\":\"WebPage\",\"@id\":\"https:\\\/\\\/najnaj.eu\\\/sl\\\/izdelek\\\/b-box-termo-posoda-za-hrano-modri-skrilavec\\\/\",\"url\":\"https:\\\/\\\/najnaj.eu\\\/sl\\\/izdelek\\\/b-box-termo-posoda-za-hrano-modri-skrilavec\\\/\",\"name\":\"b.box Termo posoda za hrano - modri skrilavec - NajNaj.eu\",\"isPartOf\":{\"@id\":\"https:\\\/\\\/najnaj.eu\\\/sl\\\/#website\"},\"primaryImageOfPage\":{\"@id\":\"https:\\\/\\\/najnaj.eu\\\/sl\\\/izdelek\\\/b-box-termo-posoda-za-hrano-modri-skrilavec\\\/#primaryimage\"},\"image\":{\"@id\":\"https:\\\/\\\/najnaj.eu\\\/sl\\\/izdelek\\\/b-box-termo-posoda-za-hrano-modri-skrilavec\\\/#primaryimage\"},\"thumbnailUrl\":\"https:\\\/\\\/najnaj.eu\\\/wp-content\\\/uploads\\\/2023\\\/10\\\/blueslate_insulated_food_jar_03_copy.webp\",\"datePublished\":\"2023-08-19T08:25:14+00:00\",\"dateModified\":\"2025-03-04T10:33:30+00:00\",\"breadcrumb\":{\"@id\":\"https:\\\/\\\/najnaj.eu\\\/sl\\\/izdelek\\\/b-box-termo-posoda-za-hrano-modri-skrilavec\\\/#breadcrumb\"},\"inLanguage\":\"sl-SI\",\"potentialAction\":[{\"@type\":\"ReadAction\",\"target\":[\"https:\\\/\\\/najnaj.eu\\\/sl\\\/izdelek\\\/b-box-termo-posoda-za-hrano-modri-skrilavec\\\/\"]}]},{\"@type\":\"ImageObject\",\"inLanguage\":\"sl-SI\",\"@id\":\"https:\\\/\\\/najnaj.eu\\\/sl\\\/izdelek\\\/b-box-termo-posoda-za-hrano-modri-skrilavec\\\/#primaryimage\",\"url\":\"https:\\\/\\\/najnaj.eu\\\/wp-content\\\/uploads\\\/2023\\\/10\\\/blueslate_insulated_food_jar_03_copy.webp\",\"contentUrl\":\"https:\\\/\\\/najnaj.eu\\\/wp-content\\\/uploads\\\/2023\\\/10\\\/blueslate_insulated_food_jar_03_copy.webp\",\"width\":800,\"height\":894,\"caption\":\"termo posoda za hrano za otroke\"},{\"@type\":\"BreadcrumbList\",\"@id\":\"https:\\\/\\\/najnaj.eu\\\/sl\\\/izdelek\\\/b-box-termo-posoda-za-hrano-modri-skrilavec\\\/#breadcrumb\",\"itemListElement\":[{\"@type\":\"ListItem\",\"position\":1,\"name\":\"Po\u010detna stranica\",\"item\":\"https:\\\/\\\/najnaj.eu\\\/sl\\\/prednja-stran\\\/\"},{\"@type\":\"ListItem\",\"position\":2,\"name\":\"Shop\",\"item\":\"https:\\\/\\\/najnaj.eu\\\/sl\\\/shop\\\/\"},{\"@type\":\"ListItem\",\"position\":3,\"name\":\"b.box Termo posoda za hrano &#8211; modri skrilavec\"}]},{\"@type\":\"WebSite\",\"@id\":\"https:\\\/\\\/najnaj.eu\\\/sl\\\/#website\",\"url\":\"https:\\\/\\\/najnaj.eu\\\/sl\\\/\",\"name\":\"NajNaj.eu\",\"description\":\"Za najva\u017enije!\",\"publisher\":{\"@id\":\"https:\\\/\\\/najnaj.eu\\\/sl\\\/#organization\"},\"potentialAction\":[{\"@type\":\"SearchAction\",\"target\":{\"@type\":\"EntryPoint\",\"urlTemplate\":\"https:\\\/\\\/najnaj.eu\\\/sl\\\/?s={search_term_string}\"},\"query-input\":{\"@type\":\"PropertyValueSpecification\",\"valueRequired\":true,\"valueName\":\"search_term_string\"}}],\"inLanguage\":\"sl-SI\"},{\"@type\":\"Organization\",\"@id\":\"https:\\\/\\\/najnaj.eu\\\/sl\\\/#organization\",\"name\":\"NajNaj.eu\",\"url\":\"https:\\\/\\\/najnaj.eu\\\/sl\\\/\",\"logo\":{\"@type\":\"ImageObject\",\"inLanguage\":\"sl-SI\",\"@id\":\"https:\\\/\\\/najnaj.eu\\\/sl\\\/#\\\/schema\\\/logo\\\/image\\\/\",\"url\":\"https:\\\/\\\/najnaj.eu\\\/wp-content\\\/uploads\\\/2023\\\/09\\\/logo_Najnaj_2023.svg\",\"contentUrl\":\"https:\\\/\\\/najnaj.eu\\\/wp-content\\\/uploads\\\/2023\\\/09\\\/logo_Najnaj_2023.svg\",\"width\":501,\"height\":278,\"caption\":\"NajNaj.eu\"},\"image\":{\"@id\":\"https:\\\/\\\/najnaj.eu\\\/sl\\\/#\\\/schema\\\/logo\\\/image\\\/\"},\"sameAs\":[\"https:\\\/\\\/web.facebook.com\\\/najnaj.eu\\\/\",\"https:\\\/\\\/www.instagram.com\\\/najnaj.eu\\\/\",\"https:\\\/\\\/www.tiktok.com\\\/@najnaj.eu\"]}]}<\/script>\n<meta property=\"product:brand\" content=\"b.box\" \/>\n<meta property=\"product:price:amount\" content=\"29.99\" \/>\n<meta property=\"product:price:currency\" content=\"EUR\" \/>\n<meta property=\"og:availability\" content=\"out of stock\" \/>\n<meta property=\"product:availability\" content=\"out of stock\" \/>\n<meta property=\"product:retailer_item_id\" content=\"BX434\" \/>\n<meta property=\"product:condition\" content=\"new\" \/>\n<!-- \/ Yoast SEO Premium plugin. -->","yoast_head_json":{"title":"b.box Termo posoda za hrano - modri skrilavec - NajNaj.eu","robots":{"index":"index","follow":"follow","max-snippet":"max-snippet:-1","max-image-preview":"max-image-preview:large","max-video-preview":"max-video-preview:-1"},"canonical":"https:\/\/najnaj.eu\/sl\/izdelek\/b-box-termo-posoda-za-hrano-modri-skrilavec\/","og_locale":"sl_SI","og_type":"article","og_title":"b.box Termo posoda za hrano - modri skrilavec","og_description":"&gt; Hrana ostane hladna do 7 ali topla do 5 ur &gt; Nerjave\u010de jeklo z dvojno izolacijsko steno &gt; Ro\u010daji se enostavno odstranijo, tako da lahko posodico \u010dim bolje prilagodite \u017eeljam in potrebam otroka &gt; Ro\u010daj na pokrovu omogo\u010da, da otroci sami odprejo posodo &gt; Edinstven zama\u0161ek prepre\u010duje premo\u010dno zategovanje pokrova &gt; V kompletu vklju\u010dena \u017elica\/vilica, vstavljena v posebno re\u017eo &gt; Primerno za pomivalni stroj &gt; Prostornina: 335 ml","og_url":"https:\/\/najnaj.eu\/sl\/izdelek\/b-box-termo-posoda-za-hrano-modri-skrilavec\/","og_site_name":"NajNaj.eu","article_publisher":"https:\/\/web.facebook.com\/najnaj.eu\/","article_modified_time":"2025-03-04T10:33:30+00:00","og_image":[{"width":800,"height":894,"url":"https:\/\/najnaj.eu\/wp-content\/uploads\/2023\/10\/blueslate_insulated_food_jar_03_copy.webp","type":"image\/webp"}],"twitter_card":"summary_large_image","twitter_misc":{"Price":"29,99&nbsp;&euro;","Availability":"Out of stock"},"schema":{"@context":"https:\/\/schema.org","@graph":[{"@type":"WebPage","@id":"https:\/\/najnaj.eu\/sl\/izdelek\/b-box-termo-posoda-za-hrano-modri-skrilavec\/","url":"https:\/\/najnaj.eu\/sl\/izdelek\/b-box-termo-posoda-za-hrano-modri-skrilavec\/","name":"b.box Termo posoda za hrano - modri skrilavec - NajNaj.eu","isPartOf":{"@id":"https:\/\/najnaj.eu\/sl\/#website"},"primaryImageOfPage":{"@id":"https:\/\/najnaj.eu\/sl\/izdelek\/b-box-termo-posoda-za-hrano-modri-skrilavec\/#primaryimage"},"image":{"@id":"https:\/\/najnaj.eu\/sl\/izdelek\/b-box-termo-posoda-za-hrano-modri-skrilavec\/#primaryimage"},"thumbnailUrl":"https:\/\/najnaj.eu\/wp-content\/uploads\/2023\/10\/blueslate_insulated_food_jar_03_copy.webp","datePublished":"2023-08-19T08:25:14+00:00","dateModified":"2025-03-04T10:33:30+00:00","breadcrumb":{"@id":"https:\/\/najnaj.eu\/sl\/izdelek\/b-box-termo-posoda-za-hrano-modri-skrilavec\/#breadcrumb"},"inLanguage":"sl-SI","potentialAction":[{"@type":"ReadAction","target":["https:\/\/najnaj.eu\/sl\/izdelek\/b-box-termo-posoda-za-hrano-modri-skrilavec\/"]}]},{"@type":"ImageObject","inLanguage":"sl-SI","@id":"https:\/\/najnaj.eu\/sl\/izdelek\/b-box-termo-posoda-za-hrano-modri-skrilavec\/#primaryimage","url":"https:\/\/najnaj.eu\/wp-content\/uploads\/2023\/10\/blueslate_insulated_food_jar_03_copy.webp","contentUrl":"https:\/\/najnaj.eu\/wp-content\/uploads\/2023\/10\/blueslate_insulated_food_jar_03_copy.webp","width":800,"height":894,"caption":"termo posoda za hrano za otroke"},{"@type":"BreadcrumbList","@id":"https:\/\/najnaj.eu\/sl\/izdelek\/b-box-termo-posoda-za-hrano-modri-skrilavec\/#breadcrumb","itemListElement":[{"@type":"ListItem","position":1,"name":"Po\u010detna stranica","item":"https:\/\/najnaj.eu\/sl\/prednja-stran\/"},{"@type":"ListItem","position":2,"name":"Shop","item":"https:\/\/najnaj.eu\/sl\/shop\/"},{"@type":"ListItem","position":3,"name":"b.box Termo posoda za hrano &#8211; modri skrilavec"}]},{"@type":"WebSite","@id":"https:\/\/najnaj.eu\/sl\/#website","url":"https:\/\/najnaj.eu\/sl\/","name":"NajNaj.eu","description":"Za najva\u017enije!","publisher":{"@id":"https:\/\/najnaj.eu\/sl\/#organization"},"potentialAction":[{"@type":"SearchAction","target":{"@type":"EntryPoint","urlTemplate":"https:\/\/najnaj.eu\/sl\/?s={search_term_string}"},"query-input":{"@type":"PropertyValueSpecification","valueRequired":true,"valueName":"search_term_string"}}],"inLanguage":"sl-SI"},{"@type":"Organization","@id":"https:\/\/najnaj.eu\/sl\/#organization","name":"NajNaj.eu","url":"https:\/\/najnaj.eu\/sl\/","logo":{"@type":"ImageObject","inLanguage":"sl-SI","@id":"https:\/\/najnaj.eu\/sl\/#\/schema\/logo\/image\/","url":"https:\/\/najnaj.eu\/wp-content\/uploads\/2023\/09\/logo_Najnaj_2023.svg","contentUrl":"https:\/\/najnaj.eu\/wp-content\/uploads\/2023\/09\/logo_Najnaj_2023.svg","width":501,"height":278,"caption":"NajNaj.eu"},"image":{"@id":"https:\/\/najnaj.eu\/sl\/#\/schema\/logo\/image\/"},"sameAs":["https:\/\/web.facebook.com\/najnaj.eu\/","https:\/\/www.instagram.com\/najnaj.eu\/","https:\/\/www.tiktok.com\/@najnaj.eu"]}]},"product_brand":"b.box","product_price_amount":"29.99","product_price_currency":"EUR","og_availability":"out of stock","product_availability":"out of stock","product_retailer_item_id":"BX434","product_condition":"new"},"_links":{"self":[{"href":"https:\/\/najnaj.eu\/sl\/wp-json\/wp\/v2\/product\/194132","targetHints":{"allow":["GET"]}}],"collection":[{"href":"https:\/\/najnaj.eu\/sl\/wp-json\/wp\/v2\/product"}],"about":[{"href":"https:\/\/najnaj.eu\/sl\/wp-json\/wp\/v2\/types\/product"}],"replies":[{"embeddable":true,"href":"https:\/\/najnaj.eu\/sl\/wp-json\/wp\/v2\/comments?post=194132"}],"version-history":[{"count":0,"href":"https:\/\/najnaj.eu\/sl\/wp-json\/wp\/v2\/product\/194132\/revisions"}],"wp:featuredmedia":[{"embeddable":true,"href":"https:\/\/najnaj.eu\/sl\/wp-json\/wp\/v2\/media\/165695"}],"wp:attachment":[{"href":"https:\/\/najnaj.eu\/sl\/wp-json\/wp\/v2\/media?parent=194132"}],"wp:term":[{"taxonomy":"product_brand","embeddable":true,"href":"https:\/\/najnaj.eu\/sl\/wp-json\/wp\/v2\/product_brand?post=194132"},{"taxonomy":"product_cat","embeddable":true,"href":"https:\/\/najnaj.eu\/sl\/wp-json\/wp\/v2\/product_cat?post=194132"},{"taxonomy":"product_tag","embeddable":true,"href":"https:\/\/najnaj.eu\/sl\/wp-json\/wp\/v2\/product_tag?post=194132"}],"curies":[{"name":"wp","href":"https:\/\/api.w.org\/{rel}","templated":true}]}}