{"id":194112,"date":"2023-07-02T12:53:42","date_gmt":"2023-07-02T10:53:42","guid":{"rendered":"https:\/\/najnaj.eu\/proizvod\/previjalna-torba-icandy-peach-7-cookie\/"},"modified":"2025-02-06T11:51:24","modified_gmt":"2025-02-06T10:51:24","slug":"previjalna-torba-icandy-peach-7-cookie","status":"publish","type":"product","link":"https:\/\/najnaj.eu\/sl\/izdelek\/previjalna-torba-icandy-peach-7-cookie\/","title":{"rendered":"Previjalna torba iCandy Peach 7 Cookie"},"content":{"rendered":"<p>Previjalna torba, ki se bo odli\u010dno podala k otro\u0161kemu vozi\u010dku iCandy Peach 7, saj se vzorec tkanine torbe ujema s tkaninami na otro\u0161kem vozi\u010dku.<br \/>\nV kompletu so tudi kavlji za enostavno pritrditev torbe neposredno na vozi\u010dek iCandy Peach 7, brez nakupa dodatkov.<br \/>\nZunanji \u017eep z zadrgo omogo\u010da shranjevanje stvari kot so klju\u010di, mobilni telefoni in ostale pomembne malenkosti, ki naj bodo pri roki.<br \/>\nNotranjost torbe je prostorna in razdeljena na ve\u010d delov, kar olaj\u0161a shranjevanje in organiziranje stvari. Elasti\u010dni \u017eepi omogo\u010dajo shranjevanje plenic in rob\u010dkov, v paketu pa dobite tudi previjalno podlogo in termo torbo za stekleni\u010dko, ki bo teko\u010dino ohranila hladno ali toplo dlje.<br \/>\nV zadnjem \u017eepu torbe so skriti trakovi, ki torbo spremenijo v prakti\u010den nahrbtnik, idealen za vsakodnevne sprehode in izlete z otrokom.<\/p>\n","protected":false},"excerpt":{"rendered":"<div>Previjalna torba s kavlji za enostavno pritrditev na podvozje modela vozi\u010dka iCandy Peach 7.<\/div>\n<div>Vsebuje previjalno podlogo, termo torbico za stekleni\u010dko in skrite naramnice, ki torbo spremenijo v nahrbtnik.<\/div>\n<div><\/div>\n<div>Ni v osnovnem paketu z vozi\u010dkom, kupi se posebej.<\/div>\n<div><\/div>\n<div><strong>Opomba: Dobavni rok do 45 dni.<\/strong><\/div>\n","protected":false},"featured_media":165094,"comment_status":"open","ping_status":"closed","template":"","meta":{"_acf_changed":false,"footnotes":""},"product_brand":[],"product_cat":[1152,1180],"product_tag":[],"class_list":{"0":"post-194112","1":"product","2":"type-product","3":"status-publish","4":"has-post-thumbnail","6":"product_cat-dodaci-za-kolica-sl","7":"product_cat-proizvodi-sl","8":"pa_boja-smeda-sl","9":"pa_brand-icandy-sl","10":"pa_torbe-za-otroski-vozicek","12":"first","13":"outofstock","14":"shipping-taxable","15":"purchasable","16":"product-type-simple"},"bundled_by":[],"bundle_stock_status":"outofstock","bundle_stock_quantity":0,"bundle_virtual":false,"bundle_layout":"","bundle_add_to_cart_form_location":"","bundle_editable_in_cart":false,"bundle_sold_individually_context":"","bundle_item_grouping":"","bundle_min_size":"","bundle_max_size":"","bundle_price":[],"bundled_items":[],"bundle_sell_ids":[],"acf":[],"yoast_head":"<!-- This site is optimized with the Yoast SEO Premium plugin v21.5 (Yoast SEO v27.3) - https:\/\/yoast.com\/product\/yoast-seo-premium-wordpress\/ -->\n<title>Previjalna torba iCandy Peach 7 Cookie - NajNaj.eu<\/title>\n<meta name=\"robots\" content=\"index, follow, max-snippet:-1, max-image-preview:large, max-video-preview:-1\" \/>\n<link rel=\"canonical\" href=\"https:\/\/najnaj.eu\/sl\/izdelek\/previjalna-torba-icandy-peach-7-cookie\/\" \/>\n<meta property=\"og:locale\" content=\"sl_SI\" \/>\n<meta property=\"og:type\" content=\"article\" \/>\n<meta property=\"og:title\" content=\"Previjalna torba iCandy Peach 7 Cookie\" \/>\n<meta property=\"og:description\" content=\"Previjalna torba s kavlji za enostavno pritrditev na podvozje modela vozi\u010dka iCandy Peach 7. Vsebuje previjalno podlogo, termo torbico za stekleni\u010dko in skrite naramnice, ki torbo spremenijo v nahrbtnik. Ni v osnovnem paketu z vozi\u010dkom, kupi se posebej. Opomba: Dobavni rok do 45 dni.\" \/>\n<meta property=\"og:url\" content=\"https:\/\/najnaj.eu\/sl\/izdelek\/previjalna-torba-icandy-peach-7-cookie\/\" \/>\n<meta property=\"og:site_name\" content=\"NajNaj.eu\" \/>\n<meta property=\"article:publisher\" content=\"https:\/\/web.facebook.com\/najnaj.eu\/\" \/>\n<meta property=\"article:modified_time\" content=\"2025-02-06T10:51:24+00:00\" \/>\n<meta property=\"og:image\" content=\"https:\/\/najnaj.eu\/wp-content\/uploads\/2023\/09\/iCandy_Peach_7_WITB_Cookie_Changing_Bag_Image_2.jpg\" \/>\n\t<meta property=\"og:image:width\" content=\"1714\" \/>\n\t<meta property=\"og:image:height\" content=\"2400\" \/>\n\t<meta property=\"og:image:type\" content=\"image\/jpeg\" \/>\n<meta name=\"twitter:card\" content=\"summary_large_image\" \/>\n<meta name=\"twitter:label1\" content=\"Price\" \/>\n\t<meta name=\"twitter:data1\" content=\"199,00&nbsp;&euro;\" \/>\n\t<meta name=\"twitter:label2\" content=\"Availability\" \/>\n\t<meta name=\"twitter:data2\" content=\"Out of stock\" \/>\n<script type=\"application\/ld+json\" class=\"yoast-schema-graph\">{\"@context\":\"https:\\\/\\\/schema.org\",\"@graph\":[{\"@type\":\"WebPage\",\"@id\":\"https:\\\/\\\/najnaj.eu\\\/sl\\\/izdelek\\\/previjalna-torba-icandy-peach-7-cookie\\\/\",\"url\":\"https:\\\/\\\/najnaj.eu\\\/sl\\\/izdelek\\\/previjalna-torba-icandy-peach-7-cookie\\\/\",\"name\":\"Previjalna torba iCandy Peach 7 Cookie - NajNaj.eu\",\"isPartOf\":{\"@id\":\"https:\\\/\\\/najnaj.eu\\\/sl\\\/#website\"},\"primaryImageOfPage\":{\"@id\":\"https:\\\/\\\/najnaj.eu\\\/sl\\\/izdelek\\\/previjalna-torba-icandy-peach-7-cookie\\\/#primaryimage\"},\"image\":{\"@id\":\"https:\\\/\\\/najnaj.eu\\\/sl\\\/izdelek\\\/previjalna-torba-icandy-peach-7-cookie\\\/#primaryimage\"},\"thumbnailUrl\":\"https:\\\/\\\/najnaj.eu\\\/wp-content\\\/uploads\\\/2023\\\/09\\\/iCandy_Peach_7_WITB_Cookie_Changing_Bag_Image_2.jpg\",\"datePublished\":\"2023-07-02T10:53:42+00:00\",\"dateModified\":\"2025-02-06T10:51:24+00:00\",\"breadcrumb\":{\"@id\":\"https:\\\/\\\/najnaj.eu\\\/sl\\\/izdelek\\\/previjalna-torba-icandy-peach-7-cookie\\\/#breadcrumb\"},\"inLanguage\":\"sl-SI\",\"potentialAction\":[{\"@type\":\"ReadAction\",\"target\":[\"https:\\\/\\\/najnaj.eu\\\/sl\\\/izdelek\\\/previjalna-torba-icandy-peach-7-cookie\\\/\"]}]},{\"@type\":\"ImageObject\",\"inLanguage\":\"sl-SI\",\"@id\":\"https:\\\/\\\/najnaj.eu\\\/sl\\\/izdelek\\\/previjalna-torba-icandy-peach-7-cookie\\\/#primaryimage\",\"url\":\"https:\\\/\\\/najnaj.eu\\\/wp-content\\\/uploads\\\/2023\\\/09\\\/iCandy_Peach_7_WITB_Cookie_Changing_Bag_Image_2.jpg\",\"contentUrl\":\"https:\\\/\\\/najnaj.eu\\\/wp-content\\\/uploads\\\/2023\\\/09\\\/iCandy_Peach_7_WITB_Cookie_Changing_Bag_Image_2.jpg\",\"width\":1714,\"height\":2400},{\"@type\":\"BreadcrumbList\",\"@id\":\"https:\\\/\\\/najnaj.eu\\\/sl\\\/izdelek\\\/previjalna-torba-icandy-peach-7-cookie\\\/#breadcrumb\",\"itemListElement\":[{\"@type\":\"ListItem\",\"position\":1,\"name\":\"Po\u010detna stranica\",\"item\":\"https:\\\/\\\/najnaj.eu\\\/sl\\\/prednja-stran\\\/\"},{\"@type\":\"ListItem\",\"position\":2,\"name\":\"Shop\",\"item\":\"https:\\\/\\\/najnaj.eu\\\/sl\\\/shop\\\/\"},{\"@type\":\"ListItem\",\"position\":3,\"name\":\"Previjalna torba iCandy Peach 7 Cookie\"}]},{\"@type\":\"WebSite\",\"@id\":\"https:\\\/\\\/najnaj.eu\\\/sl\\\/#website\",\"url\":\"https:\\\/\\\/najnaj.eu\\\/sl\\\/\",\"name\":\"NajNaj.eu\",\"description\":\"Za najva\u017enije!\",\"publisher\":{\"@id\":\"https:\\\/\\\/najnaj.eu\\\/sl\\\/#organization\"},\"potentialAction\":[{\"@type\":\"SearchAction\",\"target\":{\"@type\":\"EntryPoint\",\"urlTemplate\":\"https:\\\/\\\/najnaj.eu\\\/sl\\\/?s={search_term_string}\"},\"query-input\":{\"@type\":\"PropertyValueSpecification\",\"valueRequired\":true,\"valueName\":\"search_term_string\"}}],\"inLanguage\":\"sl-SI\"},{\"@type\":\"Organization\",\"@id\":\"https:\\\/\\\/najnaj.eu\\\/sl\\\/#organization\",\"name\":\"NajNaj.eu\",\"url\":\"https:\\\/\\\/najnaj.eu\\\/sl\\\/\",\"logo\":{\"@type\":\"ImageObject\",\"inLanguage\":\"sl-SI\",\"@id\":\"https:\\\/\\\/najnaj.eu\\\/sl\\\/#\\\/schema\\\/logo\\\/image\\\/\",\"url\":\"https:\\\/\\\/najnaj.eu\\\/wp-content\\\/uploads\\\/2023\\\/09\\\/logo_Najnaj_2023.svg\",\"contentUrl\":\"https:\\\/\\\/najnaj.eu\\\/wp-content\\\/uploads\\\/2023\\\/09\\\/logo_Najnaj_2023.svg\",\"width\":501,\"height\":278,\"caption\":\"NajNaj.eu\"},\"image\":{\"@id\":\"https:\\\/\\\/najnaj.eu\\\/sl\\\/#\\\/schema\\\/logo\\\/image\\\/\"},\"sameAs\":[\"https:\\\/\\\/web.facebook.com\\\/najnaj.eu\\\/\",\"https:\\\/\\\/www.instagram.com\\\/najnaj.eu\\\/\",\"https:\\\/\\\/www.tiktok.com\\\/@najnaj.eu\"]}]}<\/script>\n<meta property=\"product:brand\" content=\"iCandy\" \/>\n<meta property=\"product:price:amount\" content=\"199.00\" \/>\n<meta property=\"product:price:currency\" content=\"EUR\" \/>\n<meta property=\"og:availability\" content=\"out of stock\" \/>\n<meta property=\"product:availability\" content=\"out of stock\" \/>\n<meta property=\"product:retailer_item_id\" content=\"IC2805\" \/>\n<meta property=\"product:condition\" content=\"new\" \/>\n<!-- \/ Yoast SEO Premium plugin. -->","yoast_head_json":{"title":"Previjalna torba iCandy Peach 7 Cookie - NajNaj.eu","robots":{"index":"index","follow":"follow","max-snippet":"max-snippet:-1","max-image-preview":"max-image-preview:large","max-video-preview":"max-video-preview:-1"},"canonical":"https:\/\/najnaj.eu\/sl\/izdelek\/previjalna-torba-icandy-peach-7-cookie\/","og_locale":"sl_SI","og_type":"article","og_title":"Previjalna torba iCandy Peach 7 Cookie","og_description":"Previjalna torba s kavlji za enostavno pritrditev na podvozje modela vozi\u010dka iCandy Peach 7. Vsebuje previjalno podlogo, termo torbico za stekleni\u010dko in skrite naramnice, ki torbo spremenijo v nahrbtnik. Ni v osnovnem paketu z vozi\u010dkom, kupi se posebej. Opomba: Dobavni rok do 45 dni.","og_url":"https:\/\/najnaj.eu\/sl\/izdelek\/previjalna-torba-icandy-peach-7-cookie\/","og_site_name":"NajNaj.eu","article_publisher":"https:\/\/web.facebook.com\/najnaj.eu\/","article_modified_time":"2025-02-06T10:51:24+00:00","og_image":[{"width":1714,"height":2400,"url":"https:\/\/najnaj.eu\/wp-content\/uploads\/2023\/09\/iCandy_Peach_7_WITB_Cookie_Changing_Bag_Image_2.jpg","type":"image\/jpeg"}],"twitter_card":"summary_large_image","twitter_misc":{"Price":"199,00&nbsp;&euro;","Availability":"Out of stock"},"schema":{"@context":"https:\/\/schema.org","@graph":[{"@type":"WebPage","@id":"https:\/\/najnaj.eu\/sl\/izdelek\/previjalna-torba-icandy-peach-7-cookie\/","url":"https:\/\/najnaj.eu\/sl\/izdelek\/previjalna-torba-icandy-peach-7-cookie\/","name":"Previjalna torba iCandy Peach 7 Cookie - NajNaj.eu","isPartOf":{"@id":"https:\/\/najnaj.eu\/sl\/#website"},"primaryImageOfPage":{"@id":"https:\/\/najnaj.eu\/sl\/izdelek\/previjalna-torba-icandy-peach-7-cookie\/#primaryimage"},"image":{"@id":"https:\/\/najnaj.eu\/sl\/izdelek\/previjalna-torba-icandy-peach-7-cookie\/#primaryimage"},"thumbnailUrl":"https:\/\/najnaj.eu\/wp-content\/uploads\/2023\/09\/iCandy_Peach_7_WITB_Cookie_Changing_Bag_Image_2.jpg","datePublished":"2023-07-02T10:53:42+00:00","dateModified":"2025-02-06T10:51:24+00:00","breadcrumb":{"@id":"https:\/\/najnaj.eu\/sl\/izdelek\/previjalna-torba-icandy-peach-7-cookie\/#breadcrumb"},"inLanguage":"sl-SI","potentialAction":[{"@type":"ReadAction","target":["https:\/\/najnaj.eu\/sl\/izdelek\/previjalna-torba-icandy-peach-7-cookie\/"]}]},{"@type":"ImageObject","inLanguage":"sl-SI","@id":"https:\/\/najnaj.eu\/sl\/izdelek\/previjalna-torba-icandy-peach-7-cookie\/#primaryimage","url":"https:\/\/najnaj.eu\/wp-content\/uploads\/2023\/09\/iCandy_Peach_7_WITB_Cookie_Changing_Bag_Image_2.jpg","contentUrl":"https:\/\/najnaj.eu\/wp-content\/uploads\/2023\/09\/iCandy_Peach_7_WITB_Cookie_Changing_Bag_Image_2.jpg","width":1714,"height":2400},{"@type":"BreadcrumbList","@id":"https:\/\/najnaj.eu\/sl\/izdelek\/previjalna-torba-icandy-peach-7-cookie\/#breadcrumb","itemListElement":[{"@type":"ListItem","position":1,"name":"Po\u010detna stranica","item":"https:\/\/najnaj.eu\/sl\/prednja-stran\/"},{"@type":"ListItem","position":2,"name":"Shop","item":"https:\/\/najnaj.eu\/sl\/shop\/"},{"@type":"ListItem","position":3,"name":"Previjalna torba iCandy Peach 7 Cookie"}]},{"@type":"WebSite","@id":"https:\/\/najnaj.eu\/sl\/#website","url":"https:\/\/najnaj.eu\/sl\/","name":"NajNaj.eu","description":"Za najva\u017enije!","publisher":{"@id":"https:\/\/najnaj.eu\/sl\/#organization"},"potentialAction":[{"@type":"SearchAction","target":{"@type":"EntryPoint","urlTemplate":"https:\/\/najnaj.eu\/sl\/?s={search_term_string}"},"query-input":{"@type":"PropertyValueSpecification","valueRequired":true,"valueName":"search_term_string"}}],"inLanguage":"sl-SI"},{"@type":"Organization","@id":"https:\/\/najnaj.eu\/sl\/#organization","name":"NajNaj.eu","url":"https:\/\/najnaj.eu\/sl\/","logo":{"@type":"ImageObject","inLanguage":"sl-SI","@id":"https:\/\/najnaj.eu\/sl\/#\/schema\/logo\/image\/","url":"https:\/\/najnaj.eu\/wp-content\/uploads\/2023\/09\/logo_Najnaj_2023.svg","contentUrl":"https:\/\/najnaj.eu\/wp-content\/uploads\/2023\/09\/logo_Najnaj_2023.svg","width":501,"height":278,"caption":"NajNaj.eu"},"image":{"@id":"https:\/\/najnaj.eu\/sl\/#\/schema\/logo\/image\/"},"sameAs":["https:\/\/web.facebook.com\/najnaj.eu\/","https:\/\/www.instagram.com\/najnaj.eu\/","https:\/\/www.tiktok.com\/@najnaj.eu"]}]},"product_brand":"iCandy","product_price_amount":"199.00","product_price_currency":"EUR","og_availability":"out of stock","product_availability":"out of stock","product_retailer_item_id":"IC2805","product_condition":"new"},"_links":{"self":[{"href":"https:\/\/najnaj.eu\/sl\/wp-json\/wp\/v2\/product\/194112","targetHints":{"allow":["GET"]}}],"collection":[{"href":"https:\/\/najnaj.eu\/sl\/wp-json\/wp\/v2\/product"}],"about":[{"href":"https:\/\/najnaj.eu\/sl\/wp-json\/wp\/v2\/types\/product"}],"replies":[{"embeddable":true,"href":"https:\/\/najnaj.eu\/sl\/wp-json\/wp\/v2\/comments?post=194112"}],"version-history":[{"count":0,"href":"https:\/\/najnaj.eu\/sl\/wp-json\/wp\/v2\/product\/194112\/revisions"}],"wp:featuredmedia":[{"embeddable":true,"href":"https:\/\/najnaj.eu\/sl\/wp-json\/wp\/v2\/media\/165094"}],"wp:attachment":[{"href":"https:\/\/najnaj.eu\/sl\/wp-json\/wp\/v2\/media?parent=194112"}],"wp:term":[{"taxonomy":"product_brand","embeddable":true,"href":"https:\/\/najnaj.eu\/sl\/wp-json\/wp\/v2\/product_brand?post=194112"},{"taxonomy":"product_cat","embeddable":true,"href":"https:\/\/najnaj.eu\/sl\/wp-json\/wp\/v2\/product_cat?post=194112"},{"taxonomy":"product_tag","embeddable":true,"href":"https:\/\/najnaj.eu\/sl\/wp-json\/wp\/v2\/product_tag?post=194112"}],"curies":[{"name":"wp","href":"https:\/\/api.w.org\/{rel}","templated":true}]}}