{"id":194109,"date":"2023-08-19T10:59:57","date_gmt":"2023-08-19T08:59:57","guid":{"rendered":"https:\/\/najnaj.eu\/proizvod\/b-box-tritan-sportna-steklenica-450-ml-oceanski-vetric\/"},"modified":"2025-03-04T11:31:26","modified_gmt":"2025-03-04T10:31:26","slug":"b-box-tritan-sportna-steklenica-450-ml-oceanski-vetric","status":"publish","type":"product","link":"https:\/\/najnaj.eu\/sl\/izdelek\/b-box-tritan-sportna-steklenica-450-ml-oceanski-vetric\/","title":{"rendered":"b.box Tritan\u2122 \u0161portna steklenica, 450 ml &#8211; oceanski vetri\u010d"},"content":{"rendered":"<p>Popoln za aktivne otroke. Ta 450 ml steklenica omogo\u010da enostavno pitje brez zra\u010dnih mehur\u010dkov. Edinstven trikotni dizajn. Silikonski kljun ne potrebuje stiskanja in ima majhen ventil, ki prepre\u010duje razlitje. Velik gumb za odpiranje in zgornji pokrov na te\u010dajih olaj\u0161ata odpiranje otrokom. Star\u0161em je v\u0161e\u010d, kako zgibni zgornji pokrov ohranja dulec \u010dist in prepre\u010duje razlitje, ko je zaprt. Snemljiva za\u0161\u010dita na dnu \u0161\u010diti stekleni\u010dko v primeru padca. Stekleni\u010dka je izdelana iz materiala Tritan\u2122, zato je lahka in mo\u010dna.<\/p>\n","protected":false},"excerpt":{"rendered":"<p>&gt;  Silikonski nastavek za la\u017eje pitje<br \/>\n&gt;  Lahek ventil prepre\u010duje pu\u0161\u010danje<br \/>\n&gt;  Edinstven trikotni dizajn za la\u017eje dr\u017eanje z obema rokama<br \/>\n&gt;  Zasnovan za enostavno odpiranje in zapiranje, se pokrov odpre s pritiskom na gumb in ostane zaklenjen, da prepre\u010di udarce v otrokov obraz, ko se nagiba.<br \/>\n&gt;  Prilagodljiv ro\u010daj za prena\u0161anje<br \/>\n&gt;  Za\u0161\u010dita za dolgo \u017eivljenjsko dobo in vzdr\u017eljivost<br \/>\n&gt;  Izdelano iz materiala Tritan\u2122<br \/>\n&gt;  Velika odprtina za enostavno polnjenje in vstavljanje ledenih kock<br \/>\n&gt;  Pralno v pomivalnem stroju, samo na zgornji polici<br \/>\n&gt;  Malo delov, za la\u017eje \u010di\u0161\u010denje<br \/>\n&gt;  Prostornina 450 ml<\/p>\n","protected":false},"featured_media":165062,"comment_status":"open","ping_status":"closed","template":"","meta":{"_acf_changed":false,"footnotes":""},"product_brand":[],"product_cat":[577,622,654],"product_tag":[],"class_list":{"0":"post-194109","1":"product","2":"type-product","3":"status-publish","4":"has-post-thumbnail","6":"product_cat-hranjenje","7":"product_cat-posude","8":"product_cat-boce-za-vodu","9":"pa_boja-plava","10":"pa_boja-zelena","11":"pa_brand-b-box","12":"pa_vrsta-posuda-bocice","14":"first","15":"instock","16":"purchasable","17":"product-type-simple"},"bundled_by":[],"bundle_stock_status":"instock","bundle_stock_quantity":15,"bundle_virtual":false,"bundle_layout":"","bundle_add_to_cart_form_location":"","bundle_editable_in_cart":false,"bundle_sold_individually_context":"","bundle_item_grouping":"","bundle_min_size":"","bundle_max_size":"","bundle_price":[],"bundled_items":[],"bundle_sell_ids":[],"acf":[],"yoast_head":"<!-- This site is optimized with the Yoast SEO Premium plugin v21.5 (Yoast SEO v27.3) - https:\/\/yoast.com\/product\/yoast-seo-premium-wordpress\/ -->\n<title>b.box Tritan\u2122 \u0161portna steklenica, 450 ml - oceanski vetri\u010d - NajNaj.eu<\/title>\n<meta name=\"robots\" content=\"index, follow, max-snippet:-1, max-image-preview:large, max-video-preview:-1\" \/>\n<link rel=\"canonical\" href=\"https:\/\/najnaj.eu\/sl\/izdelek\/b-box-tritan-sportna-steklenica-450-ml-oceanski-vetric\/\" \/>\n<meta property=\"og:locale\" content=\"sl_SI\" \/>\n<meta property=\"og:type\" content=\"article\" \/>\n<meta property=\"og:title\" content=\"b.box Tritan\u2122 \u0161portna steklenica, 450 ml - oceanski vetri\u010d\" \/>\n<meta property=\"og:description\" content=\"&gt; Silikonski nastavek za la\u017eje pitje &gt; Lahek ventil prepre\u010duje pu\u0161\u010danje &gt; Edinstven trikotni dizajn za la\u017eje dr\u017eanje z obema rokama &gt; Zasnovan za enostavno odpiranje in zapiranje, se pokrov odpre s pritiskom na gumb in ostane zaklenjen, da prepre\u010di udarce v otrokov obraz, ko se nagiba. &gt; Prilagodljiv ro\u010daj za prena\u0161anje &gt; Za\u0161\u010dita za dolgo \u017eivljenjsko dobo in vzdr\u017eljivost &gt; Izdelano iz materiala Tritan\u2122 &gt; Velika odprtina za enostavno polnjenje in vstavljanje ledenih kock &gt; Pralno v pomivalnem stroju, samo na zgornji polici &gt; Malo delov, za la\u017eje \u010di\u0161\u010denje &gt; Prostornina 450 ml\" \/>\n<meta property=\"og:url\" content=\"https:\/\/najnaj.eu\/sl\/izdelek\/b-box-tritan-sportna-steklenica-450-ml-oceanski-vetric\/\" \/>\n<meta property=\"og:site_name\" content=\"NajNaj.eu\" \/>\n<meta property=\"article:publisher\" content=\"https:\/\/web.facebook.com\/najnaj.eu\/\" \/>\n<meta property=\"article:modified_time\" content=\"2025-03-04T10:31:26+00:00\" \/>\n<meta property=\"og:image\" content=\"https:\/\/najnaj.eu\/wp-content\/uploads\/2023\/06\/Tritan_Sport_Spout_Ocean_Brezze_1.jpg\" \/>\n\t<meta property=\"og:image:width\" content=\"1048\" \/>\n\t<meta property=\"og:image:height\" content=\"2400\" \/>\n\t<meta property=\"og:image:type\" content=\"image\/jpeg\" \/>\n<meta name=\"twitter:card\" content=\"summary_large_image\" \/>\n<meta name=\"twitter:label1\" content=\"Price\" \/>\n\t<meta name=\"twitter:data1\" content=\"18,99&nbsp;&euro;\" \/>\n\t<meta name=\"twitter:label2\" content=\"Availability\" \/>\n\t<meta name=\"twitter:data2\" content=\"In stock\" \/>\n<script type=\"application\/ld+json\" class=\"yoast-schema-graph\">{\"@context\":\"https:\\\/\\\/schema.org\",\"@graph\":[{\"@type\":\"WebPage\",\"@id\":\"https:\\\/\\\/najnaj.eu\\\/sl\\\/izdelek\\\/b-box-tritan-sportna-steklenica-450-ml-oceanski-vetric\\\/\",\"url\":\"https:\\\/\\\/najnaj.eu\\\/sl\\\/izdelek\\\/b-box-tritan-sportna-steklenica-450-ml-oceanski-vetric\\\/\",\"name\":\"b.box Tritan\u2122 \u0161portna steklenica, 450 ml - oceanski vetri\u010d - NajNaj.eu\",\"isPartOf\":{\"@id\":\"https:\\\/\\\/najnaj.eu\\\/sl\\\/#website\"},\"primaryImageOfPage\":{\"@id\":\"https:\\\/\\\/najnaj.eu\\\/sl\\\/izdelek\\\/b-box-tritan-sportna-steklenica-450-ml-oceanski-vetric\\\/#primaryimage\"},\"image\":{\"@id\":\"https:\\\/\\\/najnaj.eu\\\/sl\\\/izdelek\\\/b-box-tritan-sportna-steklenica-450-ml-oceanski-vetric\\\/#primaryimage\"},\"thumbnailUrl\":\"https:\\\/\\\/najnaj.eu\\\/wp-content\\\/uploads\\\/2023\\\/06\\\/Tritan_Sport_Spout_Ocean_Brezze_1.jpg\",\"datePublished\":\"2023-08-19T08:59:57+00:00\",\"dateModified\":\"2025-03-04T10:31:26+00:00\",\"breadcrumb\":{\"@id\":\"https:\\\/\\\/najnaj.eu\\\/sl\\\/izdelek\\\/b-box-tritan-sportna-steklenica-450-ml-oceanski-vetric\\\/#breadcrumb\"},\"inLanguage\":\"sl-SI\",\"potentialAction\":[{\"@type\":\"ReadAction\",\"target\":[\"https:\\\/\\\/najnaj.eu\\\/sl\\\/izdelek\\\/b-box-tritan-sportna-steklenica-450-ml-oceanski-vetric\\\/\"]}]},{\"@type\":\"ImageObject\",\"inLanguage\":\"sl-SI\",\"@id\":\"https:\\\/\\\/najnaj.eu\\\/sl\\\/izdelek\\\/b-box-tritan-sportna-steklenica-450-ml-oceanski-vetric\\\/#primaryimage\",\"url\":\"https:\\\/\\\/najnaj.eu\\\/wp-content\\\/uploads\\\/2023\\\/06\\\/Tritan_Sport_Spout_Ocean_Brezze_1.jpg\",\"contentUrl\":\"https:\\\/\\\/najnaj.eu\\\/wp-content\\\/uploads\\\/2023\\\/06\\\/Tritan_Sport_Spout_Ocean_Brezze_1.jpg\",\"width\":1048,\"height\":2400,\"caption\":\"stekleni\u010dka za otroke\"},{\"@type\":\"BreadcrumbList\",\"@id\":\"https:\\\/\\\/najnaj.eu\\\/sl\\\/izdelek\\\/b-box-tritan-sportna-steklenica-450-ml-oceanski-vetric\\\/#breadcrumb\",\"itemListElement\":[{\"@type\":\"ListItem\",\"position\":1,\"name\":\"Po\u010detna stranica\",\"item\":\"https:\\\/\\\/najnaj.eu\\\/sl\\\/prednja-stran\\\/\"},{\"@type\":\"ListItem\",\"position\":2,\"name\":\"Shop\",\"item\":\"https:\\\/\\\/najnaj.eu\\\/sl\\\/shop\\\/\"},{\"@type\":\"ListItem\",\"position\":3,\"name\":\"b.box Tritan\u2122 \u0161portna steklenica, 450 ml &#8211; oceanski vetri\u010d\"}]},{\"@type\":\"WebSite\",\"@id\":\"https:\\\/\\\/najnaj.eu\\\/sl\\\/#website\",\"url\":\"https:\\\/\\\/najnaj.eu\\\/sl\\\/\",\"name\":\"NajNaj.eu\",\"description\":\"Za najva\u017enije!\",\"publisher\":{\"@id\":\"https:\\\/\\\/najnaj.eu\\\/sl\\\/#organization\"},\"potentialAction\":[{\"@type\":\"SearchAction\",\"target\":{\"@type\":\"EntryPoint\",\"urlTemplate\":\"https:\\\/\\\/najnaj.eu\\\/sl\\\/?s={search_term_string}\"},\"query-input\":{\"@type\":\"PropertyValueSpecification\",\"valueRequired\":true,\"valueName\":\"search_term_string\"}}],\"inLanguage\":\"sl-SI\"},{\"@type\":\"Organization\",\"@id\":\"https:\\\/\\\/najnaj.eu\\\/sl\\\/#organization\",\"name\":\"NajNaj.eu\",\"url\":\"https:\\\/\\\/najnaj.eu\\\/sl\\\/\",\"logo\":{\"@type\":\"ImageObject\",\"inLanguage\":\"sl-SI\",\"@id\":\"https:\\\/\\\/najnaj.eu\\\/sl\\\/#\\\/schema\\\/logo\\\/image\\\/\",\"url\":\"https:\\\/\\\/najnaj.eu\\\/wp-content\\\/uploads\\\/2023\\\/09\\\/logo_Najnaj_2023.svg\",\"contentUrl\":\"https:\\\/\\\/najnaj.eu\\\/wp-content\\\/uploads\\\/2023\\\/09\\\/logo_Najnaj_2023.svg\",\"width\":501,\"height\":278,\"caption\":\"NajNaj.eu\"},\"image\":{\"@id\":\"https:\\\/\\\/najnaj.eu\\\/sl\\\/#\\\/schema\\\/logo\\\/image\\\/\"},\"sameAs\":[\"https:\\\/\\\/web.facebook.com\\\/najnaj.eu\\\/\",\"https:\\\/\\\/www.instagram.com\\\/najnaj.eu\\\/\",\"https:\\\/\\\/www.tiktok.com\\\/@najnaj.eu\"]}]}<\/script>\n<meta property=\"product:brand\" content=\"b.box\" \/>\n<meta property=\"product:price:amount\" content=\"18.99\" \/>\n<meta property=\"product:price:currency\" content=\"EUR\" \/>\n<meta property=\"og:availability\" content=\"instock\" \/>\n<meta property=\"product:availability\" content=\"instock\" \/>\n<meta property=\"product:retailer_item_id\" content=\"BX605\" \/>\n<meta property=\"product:condition\" content=\"new\" \/>\n<!-- \/ Yoast SEO Premium plugin. -->","yoast_head_json":{"title":"b.box Tritan\u2122 \u0161portna steklenica, 450 ml - oceanski vetri\u010d - NajNaj.eu","robots":{"index":"index","follow":"follow","max-snippet":"max-snippet:-1","max-image-preview":"max-image-preview:large","max-video-preview":"max-video-preview:-1"},"canonical":"https:\/\/najnaj.eu\/sl\/izdelek\/b-box-tritan-sportna-steklenica-450-ml-oceanski-vetric\/","og_locale":"sl_SI","og_type":"article","og_title":"b.box Tritan\u2122 \u0161portna steklenica, 450 ml - oceanski vetri\u010d","og_description":"&gt; Silikonski nastavek za la\u017eje pitje &gt; Lahek ventil prepre\u010duje pu\u0161\u010danje &gt; Edinstven trikotni dizajn za la\u017eje dr\u017eanje z obema rokama &gt; Zasnovan za enostavno odpiranje in zapiranje, se pokrov odpre s pritiskom na gumb in ostane zaklenjen, da prepre\u010di udarce v otrokov obraz, ko se nagiba. &gt; Prilagodljiv ro\u010daj za prena\u0161anje &gt; Za\u0161\u010dita za dolgo \u017eivljenjsko dobo in vzdr\u017eljivost &gt; Izdelano iz materiala Tritan\u2122 &gt; Velika odprtina za enostavno polnjenje in vstavljanje ledenih kock &gt; Pralno v pomivalnem stroju, samo na zgornji polici &gt; Malo delov, za la\u017eje \u010di\u0161\u010denje &gt; Prostornina 450 ml","og_url":"https:\/\/najnaj.eu\/sl\/izdelek\/b-box-tritan-sportna-steklenica-450-ml-oceanski-vetric\/","og_site_name":"NajNaj.eu","article_publisher":"https:\/\/web.facebook.com\/najnaj.eu\/","article_modified_time":"2025-03-04T10:31:26+00:00","og_image":[{"width":1048,"height":2400,"url":"https:\/\/najnaj.eu\/wp-content\/uploads\/2023\/06\/Tritan_Sport_Spout_Ocean_Brezze_1.jpg","type":"image\/jpeg"}],"twitter_card":"summary_large_image","twitter_misc":{"Price":"18,99&nbsp;&euro;","Availability":"In stock"},"schema":{"@context":"https:\/\/schema.org","@graph":[{"@type":"WebPage","@id":"https:\/\/najnaj.eu\/sl\/izdelek\/b-box-tritan-sportna-steklenica-450-ml-oceanski-vetric\/","url":"https:\/\/najnaj.eu\/sl\/izdelek\/b-box-tritan-sportna-steklenica-450-ml-oceanski-vetric\/","name":"b.box Tritan\u2122 \u0161portna steklenica, 450 ml - oceanski vetri\u010d - NajNaj.eu","isPartOf":{"@id":"https:\/\/najnaj.eu\/sl\/#website"},"primaryImageOfPage":{"@id":"https:\/\/najnaj.eu\/sl\/izdelek\/b-box-tritan-sportna-steklenica-450-ml-oceanski-vetric\/#primaryimage"},"image":{"@id":"https:\/\/najnaj.eu\/sl\/izdelek\/b-box-tritan-sportna-steklenica-450-ml-oceanski-vetric\/#primaryimage"},"thumbnailUrl":"https:\/\/najnaj.eu\/wp-content\/uploads\/2023\/06\/Tritan_Sport_Spout_Ocean_Brezze_1.jpg","datePublished":"2023-08-19T08:59:57+00:00","dateModified":"2025-03-04T10:31:26+00:00","breadcrumb":{"@id":"https:\/\/najnaj.eu\/sl\/izdelek\/b-box-tritan-sportna-steklenica-450-ml-oceanski-vetric\/#breadcrumb"},"inLanguage":"sl-SI","potentialAction":[{"@type":"ReadAction","target":["https:\/\/najnaj.eu\/sl\/izdelek\/b-box-tritan-sportna-steklenica-450-ml-oceanski-vetric\/"]}]},{"@type":"ImageObject","inLanguage":"sl-SI","@id":"https:\/\/najnaj.eu\/sl\/izdelek\/b-box-tritan-sportna-steklenica-450-ml-oceanski-vetric\/#primaryimage","url":"https:\/\/najnaj.eu\/wp-content\/uploads\/2023\/06\/Tritan_Sport_Spout_Ocean_Brezze_1.jpg","contentUrl":"https:\/\/najnaj.eu\/wp-content\/uploads\/2023\/06\/Tritan_Sport_Spout_Ocean_Brezze_1.jpg","width":1048,"height":2400,"caption":"stekleni\u010dka za otroke"},{"@type":"BreadcrumbList","@id":"https:\/\/najnaj.eu\/sl\/izdelek\/b-box-tritan-sportna-steklenica-450-ml-oceanski-vetric\/#breadcrumb","itemListElement":[{"@type":"ListItem","position":1,"name":"Po\u010detna stranica","item":"https:\/\/najnaj.eu\/sl\/prednja-stran\/"},{"@type":"ListItem","position":2,"name":"Shop","item":"https:\/\/najnaj.eu\/sl\/shop\/"},{"@type":"ListItem","position":3,"name":"b.box Tritan\u2122 \u0161portna steklenica, 450 ml &#8211; oceanski vetri\u010d"}]},{"@type":"WebSite","@id":"https:\/\/najnaj.eu\/sl\/#website","url":"https:\/\/najnaj.eu\/sl\/","name":"NajNaj.eu","description":"Za najva\u017enije!","publisher":{"@id":"https:\/\/najnaj.eu\/sl\/#organization"},"potentialAction":[{"@type":"SearchAction","target":{"@type":"EntryPoint","urlTemplate":"https:\/\/najnaj.eu\/sl\/?s={search_term_string}"},"query-input":{"@type":"PropertyValueSpecification","valueRequired":true,"valueName":"search_term_string"}}],"inLanguage":"sl-SI"},{"@type":"Organization","@id":"https:\/\/najnaj.eu\/sl\/#organization","name":"NajNaj.eu","url":"https:\/\/najnaj.eu\/sl\/","logo":{"@type":"ImageObject","inLanguage":"sl-SI","@id":"https:\/\/najnaj.eu\/sl\/#\/schema\/logo\/image\/","url":"https:\/\/najnaj.eu\/wp-content\/uploads\/2023\/09\/logo_Najnaj_2023.svg","contentUrl":"https:\/\/najnaj.eu\/wp-content\/uploads\/2023\/09\/logo_Najnaj_2023.svg","width":501,"height":278,"caption":"NajNaj.eu"},"image":{"@id":"https:\/\/najnaj.eu\/sl\/#\/schema\/logo\/image\/"},"sameAs":["https:\/\/web.facebook.com\/najnaj.eu\/","https:\/\/www.instagram.com\/najnaj.eu\/","https:\/\/www.tiktok.com\/@najnaj.eu"]}]},"product_brand":"b.box","product_price_amount":"18.99","product_price_currency":"EUR","og_availability":"instock","product_availability":"instock","product_retailer_item_id":"BX605","product_condition":"new"},"_links":{"self":[{"href":"https:\/\/najnaj.eu\/sl\/wp-json\/wp\/v2\/product\/194109","targetHints":{"allow":["GET"]}}],"collection":[{"href":"https:\/\/najnaj.eu\/sl\/wp-json\/wp\/v2\/product"}],"about":[{"href":"https:\/\/najnaj.eu\/sl\/wp-json\/wp\/v2\/types\/product"}],"replies":[{"embeddable":true,"href":"https:\/\/najnaj.eu\/sl\/wp-json\/wp\/v2\/comments?post=194109"}],"version-history":[{"count":0,"href":"https:\/\/najnaj.eu\/sl\/wp-json\/wp\/v2\/product\/194109\/revisions"}],"wp:featuredmedia":[{"embeddable":true,"href":"https:\/\/najnaj.eu\/sl\/wp-json\/wp\/v2\/media\/165062"}],"wp:attachment":[{"href":"https:\/\/najnaj.eu\/sl\/wp-json\/wp\/v2\/media?parent=194109"}],"wp:term":[{"taxonomy":"product_brand","embeddable":true,"href":"https:\/\/najnaj.eu\/sl\/wp-json\/wp\/v2\/product_brand?post=194109"},{"taxonomy":"product_cat","embeddable":true,"href":"https:\/\/najnaj.eu\/sl\/wp-json\/wp\/v2\/product_cat?post=194109"},{"taxonomy":"product_tag","embeddable":true,"href":"https:\/\/najnaj.eu\/sl\/wp-json\/wp\/v2\/product_tag?post=194109"}],"curies":[{"name":"wp","href":"https:\/\/api.w.org\/{rel}","templated":true}]}}