{"id":194101,"date":"2023-08-19T12:49:15","date_gmt":"2023-08-19T10:49:15","guid":{"rendered":"https:\/\/najnaj.eu\/proizvod\/b-box-sippy-cup-steklenica-s-slamico-kobalt\/"},"modified":"2025-03-04T11:30:43","modified_gmt":"2025-03-04T10:30:43","slug":"b-box-sippy-cup-steklenica-s-slamico-kobalt","status":"publish","type":"product","link":"https:\/\/najnaj.eu\/sl\/izdelek\/b-box-sippy-cup-steklenica-s-slamico-kobalt\/","title":{"rendered":"b.box Sippy cup steklenica s slamico &#8211; kobalt"},"content":{"rendered":"<p>Na\u0161a nagrajena stekleni\u010dka Sippy cup ima v notranjosti obte\u017eeno slamico, ki jo premika skupaj s teko\u010dino, tako da lahko srkate iz katerega koli kota. Ta nova slamica ima ventil za obe smeri, kar omogo\u010da enostavno pitje teko\u010dine, brez pu\u0161\u010danja, tudi ko je v plastenki topla voda.<br \/>\nTa inovativna oblika slamice omogo\u010da otrokom, da spijejo vodo do zadnje kapljice. Piti je mo\u017eno tudi v le\u017ee\u010dem polo\u017eaju.<br \/>\nPopolna steklenica za doma in za izhod. Spodbuja neodvisnost z enostavnim odpiranjem in ro\u010daji za dr\u017eanje.<br \/>\nNa voljo v razli\u010dnih barvah, elegantnega mat videza.<\/p>\n","protected":false},"excerpt":{"rendered":"<p>&gt;  od 6 mesecev<br \/>\n&gt;  Obte\u017eena slamica se premika s teko\u010dino pod katerim koli kotom<br \/>\n&gt;  Edinstven dvostranski ventil za la\u017eje pitje, brez pu\u0161\u010danja<br \/>\n&gt;  Lahko se uporablja tudi za toplo vodo<br \/>\n&gt;  Enostavno drsno odpiranje<br \/>\n&gt;  Ro\u010daji omogo\u010dajo enostaven oprijem<br \/>\n&gt;  Primerno za pomivalni stroj<br \/>\n&gt;  Na voljo sta nadomestna slamica in \u010distilna krta\u010da (naprodaj posebej)<br \/>\n&gt;  Dimenzije: 15 x 12 x 7,5 cm<br \/>\n&gt;  Prostornina: 240 ml<\/p>\n","protected":false},"featured_media":165058,"comment_status":"open","ping_status":"closed","template":"","meta":{"_acf_changed":false,"footnotes":""},"product_brand":[],"product_cat":[577,622,654],"product_tag":[],"class_list":{"0":"post-194101","1":"product","2":"type-product","3":"status-publish","4":"has-post-thumbnail","6":"product_cat-hranjenje","7":"product_cat-posude","8":"product_cat-boce-za-vodu","9":"pa_boja-plava","10":"pa_brand-b-box","11":"pa_vrsta-posuda-bocice","13":"first","14":"instock","15":"purchasable","16":"product-type-simple"},"bundled_by":[],"bundle_stock_status":"instock","bundle_stock_quantity":15,"bundle_virtual":false,"bundle_layout":"","bundle_add_to_cart_form_location":"","bundle_editable_in_cart":false,"bundle_sold_individually_context":"","bundle_item_grouping":"","bundle_min_size":"","bundle_max_size":"","bundle_price":[],"bundled_items":[],"bundle_sell_ids":[],"acf":[],"yoast_head":"<!-- This site is optimized with the Yoast SEO Premium plugin v21.5 (Yoast SEO v27.3) - https:\/\/yoast.com\/product\/yoast-seo-premium-wordpress\/ -->\n<title>b.box Sippy cup steklenica s slamico - kobalt - NajNaj.eu<\/title>\n<meta name=\"robots\" content=\"index, follow, max-snippet:-1, max-image-preview:large, max-video-preview:-1\" \/>\n<link rel=\"canonical\" href=\"https:\/\/najnaj.eu\/sl\/izdelek\/b-box-sippy-cup-steklenica-s-slamico-kobalt\/\" \/>\n<meta property=\"og:locale\" content=\"sl_SI\" \/>\n<meta property=\"og:type\" content=\"article\" \/>\n<meta property=\"og:title\" content=\"b.box Sippy cup steklenica s slamico - kobalt\" \/>\n<meta property=\"og:description\" content=\"&gt; od 6 mesecev &gt; Obte\u017eena slamica se premika s teko\u010dino pod katerim koli kotom &gt; Edinstven dvostranski ventil za la\u017eje pitje, brez pu\u0161\u010danja &gt; Lahko se uporablja tudi za toplo vodo &gt; Enostavno drsno odpiranje &gt; Ro\u010daji omogo\u010dajo enostaven oprijem &gt; Primerno za pomivalni stroj &gt; Na voljo sta nadomestna slamica in \u010distilna krta\u010da (naprodaj posebej) &gt; Dimenzije: 15 x 12 x 7,5 cm &gt; Prostornina: 240 ml\" \/>\n<meta property=\"og:url\" content=\"https:\/\/najnaj.eu\/sl\/izdelek\/b-box-sippy-cup-steklenica-s-slamico-kobalt\/\" \/>\n<meta property=\"og:site_name\" content=\"NajNaj.eu\" \/>\n<meta property=\"article:publisher\" content=\"https:\/\/web.facebook.com\/najnaj.eu\/\" \/>\n<meta property=\"article:modified_time\" content=\"2025-03-04T10:30:43+00:00\" \/>\n<meta property=\"og:image\" content=\"https:\/\/najnaj.eu\/wp-content\/uploads\/2023\/06\/BX508_Sippy_Cup_Cobalt_1.jpg\" \/>\n\t<meta property=\"og:image:width\" content=\"694\" \/>\n\t<meta property=\"og:image:height\" content=\"692\" \/>\n\t<meta property=\"og:image:type\" content=\"image\/jpeg\" \/>\n<meta name=\"twitter:card\" content=\"summary_large_image\" \/>\n<meta name=\"twitter:label1\" content=\"Price\" \/>\n\t<meta name=\"twitter:data1\" content=\"14,99&nbsp;&euro;\" \/>\n\t<meta name=\"twitter:label2\" content=\"Availability\" \/>\n\t<meta name=\"twitter:data2\" content=\"In stock\" \/>\n<script type=\"application\/ld+json\" class=\"yoast-schema-graph\">{\"@context\":\"https:\\\/\\\/schema.org\",\"@graph\":[{\"@type\":\"WebPage\",\"@id\":\"https:\\\/\\\/najnaj.eu\\\/sl\\\/izdelek\\\/b-box-sippy-cup-steklenica-s-slamico-kobalt\\\/\",\"url\":\"https:\\\/\\\/najnaj.eu\\\/sl\\\/izdelek\\\/b-box-sippy-cup-steklenica-s-slamico-kobalt\\\/\",\"name\":\"b.box Sippy cup steklenica s slamico - kobalt - NajNaj.eu\",\"isPartOf\":{\"@id\":\"https:\\\/\\\/najnaj.eu\\\/sl\\\/#website\"},\"primaryImageOfPage\":{\"@id\":\"https:\\\/\\\/najnaj.eu\\\/sl\\\/izdelek\\\/b-box-sippy-cup-steklenica-s-slamico-kobalt\\\/#primaryimage\"},\"image\":{\"@id\":\"https:\\\/\\\/najnaj.eu\\\/sl\\\/izdelek\\\/b-box-sippy-cup-steklenica-s-slamico-kobalt\\\/#primaryimage\"},\"thumbnailUrl\":\"https:\\\/\\\/najnaj.eu\\\/wp-content\\\/uploads\\\/2023\\\/06\\\/BX508_Sippy_Cup_Cobalt_1.jpg\",\"datePublished\":\"2023-08-19T10:49:15+00:00\",\"dateModified\":\"2025-03-04T10:30:43+00:00\",\"breadcrumb\":{\"@id\":\"https:\\\/\\\/najnaj.eu\\\/sl\\\/izdelek\\\/b-box-sippy-cup-steklenica-s-slamico-kobalt\\\/#breadcrumb\"},\"inLanguage\":\"sl-SI\",\"potentialAction\":[{\"@type\":\"ReadAction\",\"target\":[\"https:\\\/\\\/najnaj.eu\\\/sl\\\/izdelek\\\/b-box-sippy-cup-steklenica-s-slamico-kobalt\\\/\"]}]},{\"@type\":\"ImageObject\",\"inLanguage\":\"sl-SI\",\"@id\":\"https:\\\/\\\/najnaj.eu\\\/sl\\\/izdelek\\\/b-box-sippy-cup-steklenica-s-slamico-kobalt\\\/#primaryimage\",\"url\":\"https:\\\/\\\/najnaj.eu\\\/wp-content\\\/uploads\\\/2023\\\/06\\\/BX508_Sippy_Cup_Cobalt_1.jpg\",\"contentUrl\":\"https:\\\/\\\/najnaj.eu\\\/wp-content\\\/uploads\\\/2023\\\/06\\\/BX508_Sippy_Cup_Cobalt_1.jpg\",\"width\":694,\"height\":692,\"caption\":\"stekleni\u010dka za otroke\"},{\"@type\":\"BreadcrumbList\",\"@id\":\"https:\\\/\\\/najnaj.eu\\\/sl\\\/izdelek\\\/b-box-sippy-cup-steklenica-s-slamico-kobalt\\\/#breadcrumb\",\"itemListElement\":[{\"@type\":\"ListItem\",\"position\":1,\"name\":\"Po\u010detna stranica\",\"item\":\"https:\\\/\\\/najnaj.eu\\\/sl\\\/prednja-stran\\\/\"},{\"@type\":\"ListItem\",\"position\":2,\"name\":\"Shop\",\"item\":\"https:\\\/\\\/najnaj.eu\\\/sl\\\/shop\\\/\"},{\"@type\":\"ListItem\",\"position\":3,\"name\":\"b.box Sippy cup steklenica s slamico &#8211; kobalt\"}]},{\"@type\":\"WebSite\",\"@id\":\"https:\\\/\\\/najnaj.eu\\\/sl\\\/#website\",\"url\":\"https:\\\/\\\/najnaj.eu\\\/sl\\\/\",\"name\":\"NajNaj.eu\",\"description\":\"Za najva\u017enije!\",\"publisher\":{\"@id\":\"https:\\\/\\\/najnaj.eu\\\/sl\\\/#organization\"},\"potentialAction\":[{\"@type\":\"SearchAction\",\"target\":{\"@type\":\"EntryPoint\",\"urlTemplate\":\"https:\\\/\\\/najnaj.eu\\\/sl\\\/?s={search_term_string}\"},\"query-input\":{\"@type\":\"PropertyValueSpecification\",\"valueRequired\":true,\"valueName\":\"search_term_string\"}}],\"inLanguage\":\"sl-SI\"},{\"@type\":\"Organization\",\"@id\":\"https:\\\/\\\/najnaj.eu\\\/sl\\\/#organization\",\"name\":\"NajNaj.eu\",\"url\":\"https:\\\/\\\/najnaj.eu\\\/sl\\\/\",\"logo\":{\"@type\":\"ImageObject\",\"inLanguage\":\"sl-SI\",\"@id\":\"https:\\\/\\\/najnaj.eu\\\/sl\\\/#\\\/schema\\\/logo\\\/image\\\/\",\"url\":\"https:\\\/\\\/najnaj.eu\\\/wp-content\\\/uploads\\\/2023\\\/09\\\/logo_Najnaj_2023.svg\",\"contentUrl\":\"https:\\\/\\\/najnaj.eu\\\/wp-content\\\/uploads\\\/2023\\\/09\\\/logo_Najnaj_2023.svg\",\"width\":501,\"height\":278,\"caption\":\"NajNaj.eu\"},\"image\":{\"@id\":\"https:\\\/\\\/najnaj.eu\\\/sl\\\/#\\\/schema\\\/logo\\\/image\\\/\"},\"sameAs\":[\"https:\\\/\\\/web.facebook.com\\\/najnaj.eu\\\/\",\"https:\\\/\\\/www.instagram.com\\\/najnaj.eu\\\/\",\"https:\\\/\\\/www.tiktok.com\\\/@najnaj.eu\"]}]}<\/script>\n<meta property=\"product:brand\" content=\"b.box\" \/>\n<meta property=\"product:price:amount\" content=\"14.99\" \/>\n<meta property=\"product:price:currency\" content=\"EUR\" \/>\n<meta property=\"og:availability\" content=\"instock\" \/>\n<meta property=\"product:availability\" content=\"instock\" \/>\n<meta property=\"product:retailer_item_id\" content=\"BX508\" \/>\n<meta property=\"product:condition\" content=\"new\" \/>\n<!-- \/ Yoast SEO Premium plugin. -->","yoast_head_json":{"title":"b.box Sippy cup steklenica s slamico - kobalt - NajNaj.eu","robots":{"index":"index","follow":"follow","max-snippet":"max-snippet:-1","max-image-preview":"max-image-preview:large","max-video-preview":"max-video-preview:-1"},"canonical":"https:\/\/najnaj.eu\/sl\/izdelek\/b-box-sippy-cup-steklenica-s-slamico-kobalt\/","og_locale":"sl_SI","og_type":"article","og_title":"b.box Sippy cup steklenica s slamico - kobalt","og_description":"&gt; od 6 mesecev &gt; Obte\u017eena slamica se premika s teko\u010dino pod katerim koli kotom &gt; Edinstven dvostranski ventil za la\u017eje pitje, brez pu\u0161\u010danja &gt; Lahko se uporablja tudi za toplo vodo &gt; Enostavno drsno odpiranje &gt; Ro\u010daji omogo\u010dajo enostaven oprijem &gt; Primerno za pomivalni stroj &gt; Na voljo sta nadomestna slamica in \u010distilna krta\u010da (naprodaj posebej) &gt; Dimenzije: 15 x 12 x 7,5 cm &gt; Prostornina: 240 ml","og_url":"https:\/\/najnaj.eu\/sl\/izdelek\/b-box-sippy-cup-steklenica-s-slamico-kobalt\/","og_site_name":"NajNaj.eu","article_publisher":"https:\/\/web.facebook.com\/najnaj.eu\/","article_modified_time":"2025-03-04T10:30:43+00:00","og_image":[{"width":694,"height":692,"url":"https:\/\/najnaj.eu\/wp-content\/uploads\/2023\/06\/BX508_Sippy_Cup_Cobalt_1.jpg","type":"image\/jpeg"}],"twitter_card":"summary_large_image","twitter_misc":{"Price":"14,99&nbsp;&euro;","Availability":"In stock"},"schema":{"@context":"https:\/\/schema.org","@graph":[{"@type":"WebPage","@id":"https:\/\/najnaj.eu\/sl\/izdelek\/b-box-sippy-cup-steklenica-s-slamico-kobalt\/","url":"https:\/\/najnaj.eu\/sl\/izdelek\/b-box-sippy-cup-steklenica-s-slamico-kobalt\/","name":"b.box Sippy cup steklenica s slamico - kobalt - NajNaj.eu","isPartOf":{"@id":"https:\/\/najnaj.eu\/sl\/#website"},"primaryImageOfPage":{"@id":"https:\/\/najnaj.eu\/sl\/izdelek\/b-box-sippy-cup-steklenica-s-slamico-kobalt\/#primaryimage"},"image":{"@id":"https:\/\/najnaj.eu\/sl\/izdelek\/b-box-sippy-cup-steklenica-s-slamico-kobalt\/#primaryimage"},"thumbnailUrl":"https:\/\/najnaj.eu\/wp-content\/uploads\/2023\/06\/BX508_Sippy_Cup_Cobalt_1.jpg","datePublished":"2023-08-19T10:49:15+00:00","dateModified":"2025-03-04T10:30:43+00:00","breadcrumb":{"@id":"https:\/\/najnaj.eu\/sl\/izdelek\/b-box-sippy-cup-steklenica-s-slamico-kobalt\/#breadcrumb"},"inLanguage":"sl-SI","potentialAction":[{"@type":"ReadAction","target":["https:\/\/najnaj.eu\/sl\/izdelek\/b-box-sippy-cup-steklenica-s-slamico-kobalt\/"]}]},{"@type":"ImageObject","inLanguage":"sl-SI","@id":"https:\/\/najnaj.eu\/sl\/izdelek\/b-box-sippy-cup-steklenica-s-slamico-kobalt\/#primaryimage","url":"https:\/\/najnaj.eu\/wp-content\/uploads\/2023\/06\/BX508_Sippy_Cup_Cobalt_1.jpg","contentUrl":"https:\/\/najnaj.eu\/wp-content\/uploads\/2023\/06\/BX508_Sippy_Cup_Cobalt_1.jpg","width":694,"height":692,"caption":"stekleni\u010dka za otroke"},{"@type":"BreadcrumbList","@id":"https:\/\/najnaj.eu\/sl\/izdelek\/b-box-sippy-cup-steklenica-s-slamico-kobalt\/#breadcrumb","itemListElement":[{"@type":"ListItem","position":1,"name":"Po\u010detna stranica","item":"https:\/\/najnaj.eu\/sl\/prednja-stran\/"},{"@type":"ListItem","position":2,"name":"Shop","item":"https:\/\/najnaj.eu\/sl\/shop\/"},{"@type":"ListItem","position":3,"name":"b.box Sippy cup steklenica s slamico &#8211; kobalt"}]},{"@type":"WebSite","@id":"https:\/\/najnaj.eu\/sl\/#website","url":"https:\/\/najnaj.eu\/sl\/","name":"NajNaj.eu","description":"Za najva\u017enije!","publisher":{"@id":"https:\/\/najnaj.eu\/sl\/#organization"},"potentialAction":[{"@type":"SearchAction","target":{"@type":"EntryPoint","urlTemplate":"https:\/\/najnaj.eu\/sl\/?s={search_term_string}"},"query-input":{"@type":"PropertyValueSpecification","valueRequired":true,"valueName":"search_term_string"}}],"inLanguage":"sl-SI"},{"@type":"Organization","@id":"https:\/\/najnaj.eu\/sl\/#organization","name":"NajNaj.eu","url":"https:\/\/najnaj.eu\/sl\/","logo":{"@type":"ImageObject","inLanguage":"sl-SI","@id":"https:\/\/najnaj.eu\/sl\/#\/schema\/logo\/image\/","url":"https:\/\/najnaj.eu\/wp-content\/uploads\/2023\/09\/logo_Najnaj_2023.svg","contentUrl":"https:\/\/najnaj.eu\/wp-content\/uploads\/2023\/09\/logo_Najnaj_2023.svg","width":501,"height":278,"caption":"NajNaj.eu"},"image":{"@id":"https:\/\/najnaj.eu\/sl\/#\/schema\/logo\/image\/"},"sameAs":["https:\/\/web.facebook.com\/najnaj.eu\/","https:\/\/www.instagram.com\/najnaj.eu\/","https:\/\/www.tiktok.com\/@najnaj.eu"]}]},"product_brand":"b.box","product_price_amount":"14.99","product_price_currency":"EUR","og_availability":"instock","product_availability":"instock","product_retailer_item_id":"BX508","product_condition":"new"},"_links":{"self":[{"href":"https:\/\/najnaj.eu\/sl\/wp-json\/wp\/v2\/product\/194101","targetHints":{"allow":["GET"]}}],"collection":[{"href":"https:\/\/najnaj.eu\/sl\/wp-json\/wp\/v2\/product"}],"about":[{"href":"https:\/\/najnaj.eu\/sl\/wp-json\/wp\/v2\/types\/product"}],"replies":[{"embeddable":true,"href":"https:\/\/najnaj.eu\/sl\/wp-json\/wp\/v2\/comments?post=194101"}],"version-history":[{"count":0,"href":"https:\/\/najnaj.eu\/sl\/wp-json\/wp\/v2\/product\/194101\/revisions"}],"wp:featuredmedia":[{"embeddable":true,"href":"https:\/\/najnaj.eu\/sl\/wp-json\/wp\/v2\/media\/165058"}],"wp:attachment":[{"href":"https:\/\/najnaj.eu\/sl\/wp-json\/wp\/v2\/media?parent=194101"}],"wp:term":[{"taxonomy":"product_brand","embeddable":true,"href":"https:\/\/najnaj.eu\/sl\/wp-json\/wp\/v2\/product_brand?post=194101"},{"taxonomy":"product_cat","embeddable":true,"href":"https:\/\/najnaj.eu\/sl\/wp-json\/wp\/v2\/product_cat?post=194101"},{"taxonomy":"product_tag","embeddable":true,"href":"https:\/\/najnaj.eu\/sl\/wp-json\/wp\/v2\/product_tag?post=194101"}],"curies":[{"name":"wp","href":"https:\/\/api.w.org\/{rel}","templated":true}]}}