{"id":194084,"date":"2023-09-01T13:40:12","date_gmt":"2023-09-01T11:40:12","guid":{"rendered":"https:\/\/najnaj.eu\/proizvod\/b-box-snack-box-obcutek-breskve\/"},"modified":"2025-03-04T11:27:23","modified_gmt":"2025-03-04T10:27:23","slug":"b-box-snack-box-obcutek-breskve","status":"publish","type":"product","link":"https:\/\/najnaj.eu\/sl\/izdelek\/b-box-snack-box-obcutek-breskve\/","title":{"rendered":"b.box Snack box &#8211; ob\u010dutek breskve"},"content":{"rendered":"<p>Otroci obo\u017eujejo izbiro razli\u010dnih vrst hrane \u010dez dan, zato smo zasnovali \u0161katlo za kosilo, ki star\u0161em in otrokom ponuja ve\u010djo prilagodljivost.<br \/>\nEdinstven upogljiv pokrov za sadje omogo\u010da shranjevanje celega jabolka. Ker je pokrov upogljiv, se prilagaja obliki va\u0161ega sadja \u2013 sadja vam ni treba rezati na manj\u0161e kose! Nastavljiva pregrada drsi in tako omogo\u010da, da po potrebi dolo\u010dite velikost predala ali ga odstranite, da vanjo spravite na primer celo banano. Z b.box lunchbox je samo nebo meja!<\/p>\n","protected":false},"excerpt":{"rendered":"<p>&gt;  Velik predal za cel sendvi\u010d ali pecivo<br \/>\n&gt;  Gel blazinica (prilo\u017eena paketu) je name\u0161\u010dena pod predelom za sendvi\u010de, da hrana ostane hladna in sve\u017ea dlje \u010dasa<br \/>\n&gt;  Odstranljiva pregrada vam omogo\u010da prilagajanje velikosti predelkov po potrebi<br \/>\n&gt;  Silikonska tesnila, ki ne pu\u0161\u010dajo, zadr\u017eijo mokro hrano, kot sta lubenica in jogurt (ne teko\u010da)<br \/>\n&gt;  Tesnila je mogo\u010de v celoti odstraniti za enostavno \u010di\u0161\u010denje in prepre\u010diti nabiranje plesni<br \/>\n&gt;  Z edinstvenim predelkom za celotno sadje z raztegljivim tesnilom sadja ni ve\u010d treba rezati na ko\u0161\u010dke<br \/>\n&gt;  Priporo\u010dljivo samo ro\u010dno pranje<br \/>\n&gt;  Ne vsebuje BPA, ftalatov in PVC-ja<br \/>\n&gt;  Dimenzije: 23,5 x 21,5 x 6,5 cm<br \/>\n&gt;  Prostornina: 2 l<\/p>\n","protected":false},"featured_media":157833,"comment_status":"open","ping_status":"closed","template":"","meta":{"_acf_changed":false,"footnotes":""},"product_brand":[],"product_cat":[1275,1310],"product_tag":[],"class_list":{"0":"post-194084","1":"product","2":"type-product","3":"status-publish","4":"has-post-thumbnail","6":"product_cat-posoda","7":"product_cat-skatle-za-prigrizke","8":"pa_boja-bez","9":"pa_boja-plava-sl","10":"pa_brand-b-box-sl","11":"pa_vrsta-posuda-skatle-za-prigrizke","13":"first","14":"instock","15":"purchasable","16":"product-type-simple"},"bundled_by":[],"bundle_stock_status":"instock","bundle_stock_quantity":2,"bundle_virtual":false,"bundle_layout":"","bundle_add_to_cart_form_location":"","bundle_editable_in_cart":false,"bundle_sold_individually_context":"","bundle_item_grouping":"","bundle_min_size":"","bundle_max_size":"","bundle_price":[],"bundled_items":[],"bundle_sell_ids":[],"acf":[],"yoast_head":"<!-- This site is optimized with the Yoast SEO Premium plugin v21.5 (Yoast SEO v27.3) - https:\/\/yoast.com\/product\/yoast-seo-premium-wordpress\/ -->\n<title>b.box Snack box - ob\u010dutek breskve - NajNaj.eu<\/title>\n<meta name=\"robots\" content=\"index, follow, max-snippet:-1, max-image-preview:large, max-video-preview:-1\" \/>\n<link rel=\"canonical\" href=\"https:\/\/najnaj.eu\/sl\/izdelek\/b-box-snack-box-obcutek-breskve\/\" \/>\n<meta property=\"og:locale\" content=\"sl_SI\" \/>\n<meta property=\"og:type\" content=\"article\" \/>\n<meta property=\"og:title\" content=\"b.box Snack box - ob\u010dutek breskve\" \/>\n<meta property=\"og:description\" content=\"&gt; Velik predal za cel sendvi\u010d ali pecivo &gt; Gel blazinica (prilo\u017eena paketu) je name\u0161\u010dena pod predelom za sendvi\u010de, da hrana ostane hladna in sve\u017ea dlje \u010dasa &gt; Odstranljiva pregrada vam omogo\u010da prilagajanje velikosti predelkov po potrebi &gt; Silikonska tesnila, ki ne pu\u0161\u010dajo, zadr\u017eijo mokro hrano, kot sta lubenica in jogurt (ne teko\u010da) &gt; Tesnila je mogo\u010de v celoti odstraniti za enostavno \u010di\u0161\u010denje in prepre\u010diti nabiranje plesni &gt; Z edinstvenim predelkom za celotno sadje z raztegljivim tesnilom sadja ni ve\u010d treba rezati na ko\u0161\u010dke &gt; Priporo\u010dljivo samo ro\u010dno pranje &gt; Ne vsebuje BPA, ftalatov in PVC-ja &gt; Dimenzije: 23,5 x 21,5 x 6,5 cm &gt; Prostornina: 2 l\" \/>\n<meta property=\"og:url\" content=\"https:\/\/najnaj.eu\/sl\/izdelek\/b-box-snack-box-obcutek-breskve\/\" \/>\n<meta property=\"og:site_name\" content=\"NajNaj.eu\" \/>\n<meta property=\"article:publisher\" content=\"https:\/\/web.facebook.com\/najnaj.eu\/\" \/>\n<meta property=\"article:modified_time\" content=\"2025-03-04T10:27:23+00:00\" \/>\n<meta property=\"og:image\" content=\"https:\/\/najnaj.eu\/wp-content\/uploads\/2023\/08\/BX400640_Lunchbox_Feeling_peachy_5.jpg\" \/>\n\t<meta property=\"og:image:width\" content=\"601\" \/>\n\t<meta property=\"og:image:height\" content=\"567\" \/>\n\t<meta property=\"og:image:type\" content=\"image\/png\" \/>\n<meta name=\"twitter:card\" content=\"summary_large_image\" \/>\n<meta name=\"twitter:label1\" content=\"Price\" \/>\n\t<meta name=\"twitter:data1\" content=\"22,99&nbsp;&euro;\" \/>\n\t<meta name=\"twitter:label2\" content=\"Availability\" \/>\n\t<meta name=\"twitter:data2\" content=\"In stock\" \/>\n<script type=\"application\/ld+json\" class=\"yoast-schema-graph\">{\"@context\":\"https:\\\/\\\/schema.org\",\"@graph\":[{\"@type\":\"WebPage\",\"@id\":\"https:\\\/\\\/najnaj.eu\\\/sl\\\/izdelek\\\/b-box-snack-box-obcutek-breskve\\\/\",\"url\":\"https:\\\/\\\/najnaj.eu\\\/sl\\\/izdelek\\\/b-box-snack-box-obcutek-breskve\\\/\",\"name\":\"b.box Snack box - ob\u010dutek breskve - NajNaj.eu\",\"isPartOf\":{\"@id\":\"https:\\\/\\\/najnaj.eu\\\/sl\\\/#website\"},\"primaryImageOfPage\":{\"@id\":\"https:\\\/\\\/najnaj.eu\\\/sl\\\/izdelek\\\/b-box-snack-box-obcutek-breskve\\\/#primaryimage\"},\"image\":{\"@id\":\"https:\\\/\\\/najnaj.eu\\\/sl\\\/izdelek\\\/b-box-snack-box-obcutek-breskve\\\/#primaryimage\"},\"thumbnailUrl\":\"https:\\\/\\\/najnaj.eu\\\/wp-content\\\/uploads\\\/2023\\\/08\\\/BX400640_Lunchbox_Feeling_peachy_5.jpg\",\"datePublished\":\"2023-09-01T11:40:12+00:00\",\"dateModified\":\"2025-03-04T10:27:23+00:00\",\"breadcrumb\":{\"@id\":\"https:\\\/\\\/najnaj.eu\\\/sl\\\/izdelek\\\/b-box-snack-box-obcutek-breskve\\\/#breadcrumb\"},\"inLanguage\":\"sl-SI\",\"potentialAction\":[{\"@type\":\"ReadAction\",\"target\":[\"https:\\\/\\\/najnaj.eu\\\/sl\\\/izdelek\\\/b-box-snack-box-obcutek-breskve\\\/\"]}]},{\"@type\":\"ImageObject\",\"inLanguage\":\"sl-SI\",\"@id\":\"https:\\\/\\\/najnaj.eu\\\/sl\\\/izdelek\\\/b-box-snack-box-obcutek-breskve\\\/#primaryimage\",\"url\":\"https:\\\/\\\/najnaj.eu\\\/wp-content\\\/uploads\\\/2023\\\/08\\\/BX400640_Lunchbox_Feeling_peachy_5.jpg\",\"contentUrl\":\"https:\\\/\\\/najnaj.eu\\\/wp-content\\\/uploads\\\/2023\\\/08\\\/BX400640_Lunchbox_Feeling_peachy_5.jpg\",\"width\":601,\"height\":567,\"caption\":\"\u0161katla s prigrizki za otroke\"},{\"@type\":\"BreadcrumbList\",\"@id\":\"https:\\\/\\\/najnaj.eu\\\/sl\\\/izdelek\\\/b-box-snack-box-obcutek-breskve\\\/#breadcrumb\",\"itemListElement\":[{\"@type\":\"ListItem\",\"position\":1,\"name\":\"Po\u010detna stranica\",\"item\":\"https:\\\/\\\/najnaj.eu\\\/sl\\\/prednja-stran\\\/\"},{\"@type\":\"ListItem\",\"position\":2,\"name\":\"Shop\",\"item\":\"https:\\\/\\\/najnaj.eu\\\/sl\\\/shop\\\/\"},{\"@type\":\"ListItem\",\"position\":3,\"name\":\"b.box Snack box &#8211; ob\u010dutek breskve\"}]},{\"@type\":\"WebSite\",\"@id\":\"https:\\\/\\\/najnaj.eu\\\/sl\\\/#website\",\"url\":\"https:\\\/\\\/najnaj.eu\\\/sl\\\/\",\"name\":\"NajNaj.eu\",\"description\":\"Za najva\u017enije!\",\"publisher\":{\"@id\":\"https:\\\/\\\/najnaj.eu\\\/sl\\\/#organization\"},\"potentialAction\":[{\"@type\":\"SearchAction\",\"target\":{\"@type\":\"EntryPoint\",\"urlTemplate\":\"https:\\\/\\\/najnaj.eu\\\/sl\\\/?s={search_term_string}\"},\"query-input\":{\"@type\":\"PropertyValueSpecification\",\"valueRequired\":true,\"valueName\":\"search_term_string\"}}],\"inLanguage\":\"sl-SI\"},{\"@type\":\"Organization\",\"@id\":\"https:\\\/\\\/najnaj.eu\\\/sl\\\/#organization\",\"name\":\"NajNaj.eu\",\"url\":\"https:\\\/\\\/najnaj.eu\\\/sl\\\/\",\"logo\":{\"@type\":\"ImageObject\",\"inLanguage\":\"sl-SI\",\"@id\":\"https:\\\/\\\/najnaj.eu\\\/sl\\\/#\\\/schema\\\/logo\\\/image\\\/\",\"url\":\"https:\\\/\\\/najnaj.eu\\\/wp-content\\\/uploads\\\/2023\\\/09\\\/logo_Najnaj_2023.svg\",\"contentUrl\":\"https:\\\/\\\/najnaj.eu\\\/wp-content\\\/uploads\\\/2023\\\/09\\\/logo_Najnaj_2023.svg\",\"width\":501,\"height\":278,\"caption\":\"NajNaj.eu\"},\"image\":{\"@id\":\"https:\\\/\\\/najnaj.eu\\\/sl\\\/#\\\/schema\\\/logo\\\/image\\\/\"},\"sameAs\":[\"https:\\\/\\\/web.facebook.com\\\/najnaj.eu\\\/\",\"https:\\\/\\\/www.instagram.com\\\/najnaj.eu\\\/\",\"https:\\\/\\\/www.tiktok.com\\\/@najnaj.eu\"]}]}<\/script>\n<meta property=\"product:brand\" content=\"b.box\" \/>\n<meta property=\"product:price:amount\" content=\"22.99\" \/>\n<meta property=\"product:price:currency\" content=\"EUR\" \/>\n<meta property=\"og:availability\" content=\"instock\" \/>\n<meta property=\"product:availability\" content=\"instock\" \/>\n<meta property=\"product:retailer_item_id\" content=\"BX400640\" \/>\n<meta property=\"product:condition\" content=\"new\" \/>\n<!-- \/ Yoast SEO Premium plugin. -->","yoast_head_json":{"title":"b.box Snack box - ob\u010dutek breskve - NajNaj.eu","robots":{"index":"index","follow":"follow","max-snippet":"max-snippet:-1","max-image-preview":"max-image-preview:large","max-video-preview":"max-video-preview:-1"},"canonical":"https:\/\/najnaj.eu\/sl\/izdelek\/b-box-snack-box-obcutek-breskve\/","og_locale":"sl_SI","og_type":"article","og_title":"b.box Snack box - ob\u010dutek breskve","og_description":"&gt; Velik predal za cel sendvi\u010d ali pecivo &gt; Gel blazinica (prilo\u017eena paketu) je name\u0161\u010dena pod predelom za sendvi\u010de, da hrana ostane hladna in sve\u017ea dlje \u010dasa &gt; Odstranljiva pregrada vam omogo\u010da prilagajanje velikosti predelkov po potrebi &gt; Silikonska tesnila, ki ne pu\u0161\u010dajo, zadr\u017eijo mokro hrano, kot sta lubenica in jogurt (ne teko\u010da) &gt; Tesnila je mogo\u010de v celoti odstraniti za enostavno \u010di\u0161\u010denje in prepre\u010diti nabiranje plesni &gt; Z edinstvenim predelkom za celotno sadje z raztegljivim tesnilom sadja ni ve\u010d treba rezati na ko\u0161\u010dke &gt; Priporo\u010dljivo samo ro\u010dno pranje &gt; Ne vsebuje BPA, ftalatov in PVC-ja &gt; Dimenzije: 23,5 x 21,5 x 6,5 cm &gt; Prostornina: 2 l","og_url":"https:\/\/najnaj.eu\/sl\/izdelek\/b-box-snack-box-obcutek-breskve\/","og_site_name":"NajNaj.eu","article_publisher":"https:\/\/web.facebook.com\/najnaj.eu\/","article_modified_time":"2025-03-04T10:27:23+00:00","og_image":[{"width":601,"height":567,"url":"https:\/\/najnaj.eu\/wp-content\/uploads\/2023\/08\/BX400640_Lunchbox_Feeling_peachy_5.jpg","type":"image\/png"}],"twitter_card":"summary_large_image","twitter_misc":{"Price":"22,99&nbsp;&euro;","Availability":"In stock"},"schema":{"@context":"https:\/\/schema.org","@graph":[{"@type":"WebPage","@id":"https:\/\/najnaj.eu\/sl\/izdelek\/b-box-snack-box-obcutek-breskve\/","url":"https:\/\/najnaj.eu\/sl\/izdelek\/b-box-snack-box-obcutek-breskve\/","name":"b.box Snack box - ob\u010dutek breskve - NajNaj.eu","isPartOf":{"@id":"https:\/\/najnaj.eu\/sl\/#website"},"primaryImageOfPage":{"@id":"https:\/\/najnaj.eu\/sl\/izdelek\/b-box-snack-box-obcutek-breskve\/#primaryimage"},"image":{"@id":"https:\/\/najnaj.eu\/sl\/izdelek\/b-box-snack-box-obcutek-breskve\/#primaryimage"},"thumbnailUrl":"https:\/\/najnaj.eu\/wp-content\/uploads\/2023\/08\/BX400640_Lunchbox_Feeling_peachy_5.jpg","datePublished":"2023-09-01T11:40:12+00:00","dateModified":"2025-03-04T10:27:23+00:00","breadcrumb":{"@id":"https:\/\/najnaj.eu\/sl\/izdelek\/b-box-snack-box-obcutek-breskve\/#breadcrumb"},"inLanguage":"sl-SI","potentialAction":[{"@type":"ReadAction","target":["https:\/\/najnaj.eu\/sl\/izdelek\/b-box-snack-box-obcutek-breskve\/"]}]},{"@type":"ImageObject","inLanguage":"sl-SI","@id":"https:\/\/najnaj.eu\/sl\/izdelek\/b-box-snack-box-obcutek-breskve\/#primaryimage","url":"https:\/\/najnaj.eu\/wp-content\/uploads\/2023\/08\/BX400640_Lunchbox_Feeling_peachy_5.jpg","contentUrl":"https:\/\/najnaj.eu\/wp-content\/uploads\/2023\/08\/BX400640_Lunchbox_Feeling_peachy_5.jpg","width":601,"height":567,"caption":"\u0161katla s prigrizki za otroke"},{"@type":"BreadcrumbList","@id":"https:\/\/najnaj.eu\/sl\/izdelek\/b-box-snack-box-obcutek-breskve\/#breadcrumb","itemListElement":[{"@type":"ListItem","position":1,"name":"Po\u010detna stranica","item":"https:\/\/najnaj.eu\/sl\/prednja-stran\/"},{"@type":"ListItem","position":2,"name":"Shop","item":"https:\/\/najnaj.eu\/sl\/shop\/"},{"@type":"ListItem","position":3,"name":"b.box Snack box &#8211; ob\u010dutek breskve"}]},{"@type":"WebSite","@id":"https:\/\/najnaj.eu\/sl\/#website","url":"https:\/\/najnaj.eu\/sl\/","name":"NajNaj.eu","description":"Za najva\u017enije!","publisher":{"@id":"https:\/\/najnaj.eu\/sl\/#organization"},"potentialAction":[{"@type":"SearchAction","target":{"@type":"EntryPoint","urlTemplate":"https:\/\/najnaj.eu\/sl\/?s={search_term_string}"},"query-input":{"@type":"PropertyValueSpecification","valueRequired":true,"valueName":"search_term_string"}}],"inLanguage":"sl-SI"},{"@type":"Organization","@id":"https:\/\/najnaj.eu\/sl\/#organization","name":"NajNaj.eu","url":"https:\/\/najnaj.eu\/sl\/","logo":{"@type":"ImageObject","inLanguage":"sl-SI","@id":"https:\/\/najnaj.eu\/sl\/#\/schema\/logo\/image\/","url":"https:\/\/najnaj.eu\/wp-content\/uploads\/2023\/09\/logo_Najnaj_2023.svg","contentUrl":"https:\/\/najnaj.eu\/wp-content\/uploads\/2023\/09\/logo_Najnaj_2023.svg","width":501,"height":278,"caption":"NajNaj.eu"},"image":{"@id":"https:\/\/najnaj.eu\/sl\/#\/schema\/logo\/image\/"},"sameAs":["https:\/\/web.facebook.com\/najnaj.eu\/","https:\/\/www.instagram.com\/najnaj.eu\/","https:\/\/www.tiktok.com\/@najnaj.eu"]}]},"product_brand":"b.box","product_price_amount":"22.99","product_price_currency":"EUR","og_availability":"instock","product_availability":"instock","product_retailer_item_id":"BX400640","product_condition":"new"},"_links":{"self":[{"href":"https:\/\/najnaj.eu\/sl\/wp-json\/wp\/v2\/product\/194084","targetHints":{"allow":["GET"]}}],"collection":[{"href":"https:\/\/najnaj.eu\/sl\/wp-json\/wp\/v2\/product"}],"about":[{"href":"https:\/\/najnaj.eu\/sl\/wp-json\/wp\/v2\/types\/product"}],"replies":[{"embeddable":true,"href":"https:\/\/najnaj.eu\/sl\/wp-json\/wp\/v2\/comments?post=194084"}],"version-history":[{"count":0,"href":"https:\/\/najnaj.eu\/sl\/wp-json\/wp\/v2\/product\/194084\/revisions"}],"wp:featuredmedia":[{"embeddable":true,"href":"https:\/\/najnaj.eu\/sl\/wp-json\/wp\/v2\/media\/157833"}],"wp:attachment":[{"href":"https:\/\/najnaj.eu\/sl\/wp-json\/wp\/v2\/media?parent=194084"}],"wp:term":[{"taxonomy":"product_brand","embeddable":true,"href":"https:\/\/najnaj.eu\/sl\/wp-json\/wp\/v2\/product_brand?post=194084"},{"taxonomy":"product_cat","embeddable":true,"href":"https:\/\/najnaj.eu\/sl\/wp-json\/wp\/v2\/product_cat?post=194084"},{"taxonomy":"product_tag","embeddable":true,"href":"https:\/\/najnaj.eu\/sl\/wp-json\/wp\/v2\/product_tag?post=194084"}],"curies":[{"name":"wp","href":"https:\/\/api.w.org\/{rel}","templated":true}]}}