{"id":194083,"date":"2023-08-20T11:31:48","date_gmt":"2023-08-20T09:31:48","guid":{"rendered":"https:\/\/najnaj.eu\/proizvod\/b-box-tritan-plastenka-s-slamico-450-ml-indigo-vrtnica\/"},"modified":"2025-03-04T11:29:36","modified_gmt":"2025-03-04T10:29:36","slug":"b-box-tritan-plastenka-s-slamico-450-ml-indigo-vrtnica","status":"publish","type":"product","link":"https:\/\/najnaj.eu\/sl\/izdelek\/b-box-tritan-plastenka-s-slamico-450-ml-indigo-vrtnica\/","title":{"rendered":"b.box Tritan\u2122 plastenka s slamico, 450 ml &#8211; indigo vrtnica"},"content":{"rendered":"<p>Na\u0161a edinstvena stekleni\u010dka, izdelana iz materiala Tritan\u2122, je idealna za pred\u0161olske in \u0161olske otroke. Edinstvena trikotna oblika je zasnovana tako, da se popolnoma prilega otro\u0161kim rokam. Drsni pokrov se enostavno odpre s pritiskom na gumb in je odli\u010den za za\u0161\u010dito in ohranjanje \u010diste slamice. Slamica ima ventil za obe smeri, kar omogo\u010da enostavno pitje teko\u010dine, brez pu\u0161\u010danja. Prostornina 450 ml in ukrivljena slamica otrokom omogo\u010data, da izpijejo vse do zadnje kapljice in ostanejo hidrirani ves dan. Malo delov za la\u017eje razstavljanje, sestavljanje in \u010di\u0161\u010denje.<\/p>\n","protected":false},"excerpt":{"rendered":"<p>&gt;  od 9+ mesecev<br \/>\n&gt;  Edinstvena ergonomska trikotna oblika omogo\u010da la\u017eje dr\u017eanje z dvema ro\u010dajema<br \/>\n&gt;  Zasnovan za enostavno odpiranje in zapiranje, se pokrov odpre s pritiskom na gumb in ostane zaklenjen, da prepre\u010di udarce v otrokov obraz, ko se nagiba.<br \/>\n&gt;  Konica slamice z ventilom proti razlitju prepre\u010duje nenamerno razlitje<br \/>\n&gt;  Velik ro\u010daj za enostavno odstranjevanje iz torbe in no\u0161enje v roki<br \/>\n&gt;  Velika odprtina za la\u017eje polnjenje in vstavljanje ledenih kock<br \/>\n&gt;  Malo delov za la\u017eje \u010di\u0161\u010denje in sestavljanje<br \/>\n&gt;  Prostornina: 450 ml<br \/>\n&gt;  Dimenzije: 7,7 x 7,5 x 23,2 cm<\/p>\n","protected":false},"featured_media":157074,"comment_status":"open","ping_status":"closed","template":"","meta":{"_acf_changed":false,"footnotes":""},"product_brand":[],"product_cat":[1167,1275,1312],"product_tag":[],"class_list":{"0":"post-194083","1":"product","2":"type-product","3":"status-publish","4":"has-post-thumbnail","6":"product_cat-hranjenje-sl","7":"product_cat-posoda","8":"product_cat-steklenice-za-vodo","9":"pa_boja-modra","10":"pa_boja-roza-sl","11":"pa_brand-b-box-sl","12":"pa_vrsta-posuda-steklenice-za-vodo","14":"first","15":"instock","16":"purchasable","17":"product-type-simple"},"bundled_by":[],"bundle_stock_status":"instock","bundle_stock_quantity":15,"bundle_virtual":false,"bundle_layout":"","bundle_add_to_cart_form_location":"","bundle_editable_in_cart":false,"bundle_sold_individually_context":"","bundle_item_grouping":"","bundle_min_size":"","bundle_max_size":"","bundle_price":[],"bundled_items":[],"bundle_sell_ids":[],"acf":[],"yoast_head":"<!-- This site is optimized with the Yoast SEO Premium plugin v21.5 (Yoast SEO v27.4) - https:\/\/yoast.com\/product\/yoast-seo-premium-wordpress\/ -->\n<title>b.box Tritan\u2122 plastenka s slamico, 450 ml - indigo vrtnica - NajNaj.eu<\/title>\n<meta name=\"robots\" content=\"index, follow, max-snippet:-1, max-image-preview:large, max-video-preview:-1\" \/>\n<link rel=\"canonical\" href=\"https:\/\/najnaj.eu\/sl\/izdelek\/b-box-tritan-plastenka-s-slamico-450-ml-indigo-vrtnica\/\" \/>\n<meta property=\"og:locale\" content=\"sl_SI\" \/>\n<meta property=\"og:type\" content=\"article\" \/>\n<meta property=\"og:title\" content=\"b.box Tritan\u2122 plastenka s slamico, 450 ml - indigo vrtnica\" \/>\n<meta property=\"og:description\" content=\"&gt; od 9+ mesecev &gt; Edinstvena ergonomska trikotna oblika omogo\u010da la\u017eje dr\u017eanje z dvema ro\u010dajema &gt; Zasnovan za enostavno odpiranje in zapiranje, se pokrov odpre s pritiskom na gumb in ostane zaklenjen, da prepre\u010di udarce v otrokov obraz, ko se nagiba. &gt; Konica slamice z ventilom proti razlitju prepre\u010duje nenamerno razlitje &gt; Velik ro\u010daj za enostavno odstranjevanje iz torbe in no\u0161enje v roki &gt; Velika odprtina za la\u017eje polnjenje in vstavljanje ledenih kock &gt; Malo delov za la\u017eje \u010di\u0161\u010denje in sestavljanje &gt; Prostornina: 450 ml &gt; Dimenzije: 7,7 x 7,5 x 23,2 cm\" \/>\n<meta property=\"og:url\" content=\"https:\/\/najnaj.eu\/sl\/izdelek\/b-box-tritan-plastenka-s-slamico-450-ml-indigo-vrtnica\/\" \/>\n<meta property=\"og:site_name\" content=\"NajNaj.eu\" \/>\n<meta property=\"article:publisher\" content=\"https:\/\/web.facebook.com\/najnaj.eu\/\" \/>\n<meta property=\"article:modified_time\" content=\"2025-03-04T10:29:36+00:00\" \/>\n<meta property=\"og:image\" content=\"https:\/\/najnaj.eu\/wp-content\/uploads\/2023\/08\/445_tritan-Drink-Bottle-Indigo-Rose_3-Large-2.jpg\" \/>\n\t<meta property=\"og:image:width\" content=\"977\" \/>\n\t<meta property=\"og:image:height\" content=\"1920\" \/>\n\t<meta property=\"og:image:type\" content=\"image\/jpeg\" \/>\n<meta name=\"twitter:card\" content=\"summary_large_image\" \/>\n<meta name=\"twitter:label1\" content=\"Price\" \/>\n\t<meta name=\"twitter:data1\" content=\"18,99&nbsp;&euro;\" \/>\n\t<meta name=\"twitter:label2\" content=\"Availability\" \/>\n\t<meta name=\"twitter:data2\" content=\"In stock\" \/>\n<script type=\"application\/ld+json\" class=\"yoast-schema-graph\">{\"@context\":\"https:\\\/\\\/schema.org\",\"@graph\":[{\"@type\":\"WebPage\",\"@id\":\"https:\\\/\\\/najnaj.eu\\\/sl\\\/izdelek\\\/b-box-tritan-plastenka-s-slamico-450-ml-indigo-vrtnica\\\/\",\"url\":\"https:\\\/\\\/najnaj.eu\\\/sl\\\/izdelek\\\/b-box-tritan-plastenka-s-slamico-450-ml-indigo-vrtnica\\\/\",\"name\":\"b.box Tritan\u2122 plastenka s slamico, 450 ml - indigo vrtnica - NajNaj.eu\",\"isPartOf\":{\"@id\":\"https:\\\/\\\/najnaj.eu\\\/sl\\\/#website\"},\"primaryImageOfPage\":{\"@id\":\"https:\\\/\\\/najnaj.eu\\\/sl\\\/izdelek\\\/b-box-tritan-plastenka-s-slamico-450-ml-indigo-vrtnica\\\/#primaryimage\"},\"image\":{\"@id\":\"https:\\\/\\\/najnaj.eu\\\/sl\\\/izdelek\\\/b-box-tritan-plastenka-s-slamico-450-ml-indigo-vrtnica\\\/#primaryimage\"},\"thumbnailUrl\":\"https:\\\/\\\/najnaj.eu\\\/wp-content\\\/uploads\\\/2023\\\/08\\\/445_tritan-Drink-Bottle-Indigo-Rose_3-Large-2.jpg\",\"datePublished\":\"2023-08-20T09:31:48+00:00\",\"dateModified\":\"2025-03-04T10:29:36+00:00\",\"breadcrumb\":{\"@id\":\"https:\\\/\\\/najnaj.eu\\\/sl\\\/izdelek\\\/b-box-tritan-plastenka-s-slamico-450-ml-indigo-vrtnica\\\/#breadcrumb\"},\"inLanguage\":\"sl-SI\",\"potentialAction\":[{\"@type\":\"ReadAction\",\"target\":[\"https:\\\/\\\/najnaj.eu\\\/sl\\\/izdelek\\\/b-box-tritan-plastenka-s-slamico-450-ml-indigo-vrtnica\\\/\"]}]},{\"@type\":\"ImageObject\",\"inLanguage\":\"sl-SI\",\"@id\":\"https:\\\/\\\/najnaj.eu\\\/sl\\\/izdelek\\\/b-box-tritan-plastenka-s-slamico-450-ml-indigo-vrtnica\\\/#primaryimage\",\"url\":\"https:\\\/\\\/najnaj.eu\\\/wp-content\\\/uploads\\\/2023\\\/08\\\/445_tritan-Drink-Bottle-Indigo-Rose_3-Large-2.jpg\",\"contentUrl\":\"https:\\\/\\\/najnaj.eu\\\/wp-content\\\/uploads\\\/2023\\\/08\\\/445_tritan-Drink-Bottle-Indigo-Rose_3-Large-2.jpg\",\"width\":977,\"height\":1920,\"caption\":\"stekleni\u010dka za otroke\"},{\"@type\":\"BreadcrumbList\",\"@id\":\"https:\\\/\\\/najnaj.eu\\\/sl\\\/izdelek\\\/b-box-tritan-plastenka-s-slamico-450-ml-indigo-vrtnica\\\/#breadcrumb\",\"itemListElement\":[{\"@type\":\"ListItem\",\"position\":1,\"name\":\"Po\u010detna stranica\",\"item\":\"https:\\\/\\\/najnaj.eu\\\/sl\\\/prednja-stran\\\/\"},{\"@type\":\"ListItem\",\"position\":2,\"name\":\"Shop\",\"item\":\"https:\\\/\\\/najnaj.eu\\\/sl\\\/shop\\\/\"},{\"@type\":\"ListItem\",\"position\":3,\"name\":\"b.box Tritan\u2122 plastenka s slamico, 450 ml &#8211; indigo vrtnica\"}]},{\"@type\":\"WebSite\",\"@id\":\"https:\\\/\\\/najnaj.eu\\\/sl\\\/#website\",\"url\":\"https:\\\/\\\/najnaj.eu\\\/sl\\\/\",\"name\":\"NajNaj.eu\",\"description\":\"Za najva\u017enije!\",\"publisher\":{\"@id\":\"https:\\\/\\\/najnaj.eu\\\/sl\\\/#organization\"},\"potentialAction\":[{\"@type\":\"SearchAction\",\"target\":{\"@type\":\"EntryPoint\",\"urlTemplate\":\"https:\\\/\\\/najnaj.eu\\\/sl\\\/?s={search_term_string}\"},\"query-input\":{\"@type\":\"PropertyValueSpecification\",\"valueRequired\":true,\"valueName\":\"search_term_string\"}}],\"inLanguage\":\"sl-SI\"},{\"@type\":\"Organization\",\"@id\":\"https:\\\/\\\/najnaj.eu\\\/sl\\\/#organization\",\"name\":\"NajNaj.eu\",\"url\":\"https:\\\/\\\/najnaj.eu\\\/sl\\\/\",\"logo\":{\"@type\":\"ImageObject\",\"inLanguage\":\"sl-SI\",\"@id\":\"https:\\\/\\\/najnaj.eu\\\/sl\\\/#\\\/schema\\\/logo\\\/image\\\/\",\"url\":\"https:\\\/\\\/najnaj.eu\\\/wp-content\\\/uploads\\\/2023\\\/09\\\/logo_Najnaj_2023.svg\",\"contentUrl\":\"https:\\\/\\\/najnaj.eu\\\/wp-content\\\/uploads\\\/2023\\\/09\\\/logo_Najnaj_2023.svg\",\"width\":501,\"height\":278,\"caption\":\"NajNaj.eu\"},\"image\":{\"@id\":\"https:\\\/\\\/najnaj.eu\\\/sl\\\/#\\\/schema\\\/logo\\\/image\\\/\"},\"sameAs\":[\"https:\\\/\\\/web.facebook.com\\\/najnaj.eu\\\/\",\"https:\\\/\\\/www.instagram.com\\\/najnaj.eu\\\/\",\"https:\\\/\\\/www.tiktok.com\\\/@najnaj.eu\"]}]}<\/script>\n<meta property=\"product:brand\" content=\"b.box\" \/>\n<meta property=\"product:price:amount\" content=\"18.99\" \/>\n<meta property=\"product:price:currency\" content=\"EUR\" \/>\n<meta property=\"og:availability\" content=\"instock\" \/>\n<meta property=\"product:availability\" content=\"instock\" \/>\n<meta property=\"product:retailer_item_id\" content=\"BX445\" \/>\n<meta property=\"product:condition\" content=\"new\" \/>\n<!-- \/ Yoast SEO Premium plugin. -->","yoast_head_json":{"title":"b.box Tritan\u2122 plastenka s slamico, 450 ml - indigo vrtnica - NajNaj.eu","robots":{"index":"index","follow":"follow","max-snippet":"max-snippet:-1","max-image-preview":"max-image-preview:large","max-video-preview":"max-video-preview:-1"},"canonical":"https:\/\/najnaj.eu\/sl\/izdelek\/b-box-tritan-plastenka-s-slamico-450-ml-indigo-vrtnica\/","og_locale":"sl_SI","og_type":"article","og_title":"b.box Tritan\u2122 plastenka s slamico, 450 ml - indigo vrtnica","og_description":"&gt; od 9+ mesecev &gt; Edinstvena ergonomska trikotna oblika omogo\u010da la\u017eje dr\u017eanje z dvema ro\u010dajema &gt; Zasnovan za enostavno odpiranje in zapiranje, se pokrov odpre s pritiskom na gumb in ostane zaklenjen, da prepre\u010di udarce v otrokov obraz, ko se nagiba. &gt; Konica slamice z ventilom proti razlitju prepre\u010duje nenamerno razlitje &gt; Velik ro\u010daj za enostavno odstranjevanje iz torbe in no\u0161enje v roki &gt; Velika odprtina za la\u017eje polnjenje in vstavljanje ledenih kock &gt; Malo delov za la\u017eje \u010di\u0161\u010denje in sestavljanje &gt; Prostornina: 450 ml &gt; Dimenzije: 7,7 x 7,5 x 23,2 cm","og_url":"https:\/\/najnaj.eu\/sl\/izdelek\/b-box-tritan-plastenka-s-slamico-450-ml-indigo-vrtnica\/","og_site_name":"NajNaj.eu","article_publisher":"https:\/\/web.facebook.com\/najnaj.eu\/","article_modified_time":"2025-03-04T10:29:36+00:00","og_image":[{"width":977,"height":1920,"url":"https:\/\/najnaj.eu\/wp-content\/uploads\/2023\/08\/445_tritan-Drink-Bottle-Indigo-Rose_3-Large-2.jpg","type":"image\/jpeg"}],"twitter_card":"summary_large_image","twitter_misc":{"Price":"18,99&nbsp;&euro;","Availability":"In stock"},"schema":{"@context":"https:\/\/schema.org","@graph":[{"@type":"WebPage","@id":"https:\/\/najnaj.eu\/sl\/izdelek\/b-box-tritan-plastenka-s-slamico-450-ml-indigo-vrtnica\/","url":"https:\/\/najnaj.eu\/sl\/izdelek\/b-box-tritan-plastenka-s-slamico-450-ml-indigo-vrtnica\/","name":"b.box Tritan\u2122 plastenka s slamico, 450 ml - indigo vrtnica - NajNaj.eu","isPartOf":{"@id":"https:\/\/najnaj.eu\/sl\/#website"},"primaryImageOfPage":{"@id":"https:\/\/najnaj.eu\/sl\/izdelek\/b-box-tritan-plastenka-s-slamico-450-ml-indigo-vrtnica\/#primaryimage"},"image":{"@id":"https:\/\/najnaj.eu\/sl\/izdelek\/b-box-tritan-plastenka-s-slamico-450-ml-indigo-vrtnica\/#primaryimage"},"thumbnailUrl":"https:\/\/najnaj.eu\/wp-content\/uploads\/2023\/08\/445_tritan-Drink-Bottle-Indigo-Rose_3-Large-2.jpg","datePublished":"2023-08-20T09:31:48+00:00","dateModified":"2025-03-04T10:29:36+00:00","breadcrumb":{"@id":"https:\/\/najnaj.eu\/sl\/izdelek\/b-box-tritan-plastenka-s-slamico-450-ml-indigo-vrtnica\/#breadcrumb"},"inLanguage":"sl-SI","potentialAction":[{"@type":"ReadAction","target":["https:\/\/najnaj.eu\/sl\/izdelek\/b-box-tritan-plastenka-s-slamico-450-ml-indigo-vrtnica\/"]}]},{"@type":"ImageObject","inLanguage":"sl-SI","@id":"https:\/\/najnaj.eu\/sl\/izdelek\/b-box-tritan-plastenka-s-slamico-450-ml-indigo-vrtnica\/#primaryimage","url":"https:\/\/najnaj.eu\/wp-content\/uploads\/2023\/08\/445_tritan-Drink-Bottle-Indigo-Rose_3-Large-2.jpg","contentUrl":"https:\/\/najnaj.eu\/wp-content\/uploads\/2023\/08\/445_tritan-Drink-Bottle-Indigo-Rose_3-Large-2.jpg","width":977,"height":1920,"caption":"stekleni\u010dka za otroke"},{"@type":"BreadcrumbList","@id":"https:\/\/najnaj.eu\/sl\/izdelek\/b-box-tritan-plastenka-s-slamico-450-ml-indigo-vrtnica\/#breadcrumb","itemListElement":[{"@type":"ListItem","position":1,"name":"Po\u010detna stranica","item":"https:\/\/najnaj.eu\/sl\/prednja-stran\/"},{"@type":"ListItem","position":2,"name":"Shop","item":"https:\/\/najnaj.eu\/sl\/shop\/"},{"@type":"ListItem","position":3,"name":"b.box Tritan\u2122 plastenka s slamico, 450 ml &#8211; indigo vrtnica"}]},{"@type":"WebSite","@id":"https:\/\/najnaj.eu\/sl\/#website","url":"https:\/\/najnaj.eu\/sl\/","name":"NajNaj.eu","description":"Za najva\u017enije!","publisher":{"@id":"https:\/\/najnaj.eu\/sl\/#organization"},"potentialAction":[{"@type":"SearchAction","target":{"@type":"EntryPoint","urlTemplate":"https:\/\/najnaj.eu\/sl\/?s={search_term_string}"},"query-input":{"@type":"PropertyValueSpecification","valueRequired":true,"valueName":"search_term_string"}}],"inLanguage":"sl-SI"},{"@type":"Organization","@id":"https:\/\/najnaj.eu\/sl\/#organization","name":"NajNaj.eu","url":"https:\/\/najnaj.eu\/sl\/","logo":{"@type":"ImageObject","inLanguage":"sl-SI","@id":"https:\/\/najnaj.eu\/sl\/#\/schema\/logo\/image\/","url":"https:\/\/najnaj.eu\/wp-content\/uploads\/2023\/09\/logo_Najnaj_2023.svg","contentUrl":"https:\/\/najnaj.eu\/wp-content\/uploads\/2023\/09\/logo_Najnaj_2023.svg","width":501,"height":278,"caption":"NajNaj.eu"},"image":{"@id":"https:\/\/najnaj.eu\/sl\/#\/schema\/logo\/image\/"},"sameAs":["https:\/\/web.facebook.com\/najnaj.eu\/","https:\/\/www.instagram.com\/najnaj.eu\/","https:\/\/www.tiktok.com\/@najnaj.eu"]}]},"product_brand":"b.box","product_price_amount":"18.99","product_price_currency":"EUR","og_availability":"instock","product_availability":"instock","product_retailer_item_id":"BX445","product_condition":"new"},"_links":{"self":[{"href":"https:\/\/najnaj.eu\/sl\/wp-json\/wp\/v2\/product\/194083","targetHints":{"allow":["GET"]}}],"collection":[{"href":"https:\/\/najnaj.eu\/sl\/wp-json\/wp\/v2\/product"}],"about":[{"href":"https:\/\/najnaj.eu\/sl\/wp-json\/wp\/v2\/types\/product"}],"replies":[{"embeddable":true,"href":"https:\/\/najnaj.eu\/sl\/wp-json\/wp\/v2\/comments?post=194083"}],"version-history":[{"count":0,"href":"https:\/\/najnaj.eu\/sl\/wp-json\/wp\/v2\/product\/194083\/revisions"}],"wp:featuredmedia":[{"embeddable":true,"href":"https:\/\/najnaj.eu\/sl\/wp-json\/wp\/v2\/media\/157074"}],"wp:attachment":[{"href":"https:\/\/najnaj.eu\/sl\/wp-json\/wp\/v2\/media?parent=194083"}],"wp:term":[{"taxonomy":"product_brand","embeddable":true,"href":"https:\/\/najnaj.eu\/sl\/wp-json\/wp\/v2\/product_brand?post=194083"},{"taxonomy":"product_cat","embeddable":true,"href":"https:\/\/najnaj.eu\/sl\/wp-json\/wp\/v2\/product_cat?post=194083"},{"taxonomy":"product_tag","embeddable":true,"href":"https:\/\/najnaj.eu\/sl\/wp-json\/wp\/v2\/product_tag?post=194083"}],"curies":[{"name":"wp","href":"https:\/\/api.w.org\/{rel}","templated":true}]}}