{"id":194068,"date":"2023-08-22T10:05:24","date_gmt":"2023-08-22T08:05:24","guid":{"rendered":"https:\/\/najnaj.eu\/proizvod\/b-box-mini-snack-box-smaragdni-gozd\/"},"modified":"2025-03-04T11:28:15","modified_gmt":"2025-03-04T10:28:15","slug":"b-box-mini-snack-box-smaragdni-gozd","status":"publish","type":"product","link":"https:\/\/najnaj.eu\/sl\/izdelek\/b-box-mini-snack-box-smaragdni-gozd\/","title":{"rendered":"b.box Mini Snack Box &#8211; smaragdni gozd"},"content":{"rendered":"<p>Mini \u0161katla za kosilo b.box je sicer kompaktna, a ima dovolj prostora za zdrav obrok.<br \/>\nFleksibilen pokrov za sadje se raztegne tako, da je sadje za\u0161\u010diteno znotraj posode. 2 lo\u010dena nepredu\u0161na predelka se lo\u010deno zapirata, zato pakiranje suhe in teko\u010de hrane v isto posodo ni ve\u010d problem.<br \/>\nPremi\u010dno pregrado lahko prilagodite glede na vrsto in velikost obrokov, ki jih va\u0161 otrok nosi na dolo\u010den dan. Integriran ro\u010daj omogo\u010da enostavno jemanje iz torbe, velika zaponka pa olaj\u0161a odpiranje majhnih prstkov in jih spodbuja k samostojnosti. Vse dele je mogo\u010de odstraniti in oprati.<\/p>\n","protected":false},"excerpt":{"rendered":"<p>&gt;  Odstranljiva pregrada vam omogo\u010da prilagajanje velikosti predelkov po potrebi<br \/>\n&gt;  Dva zaprta neprepustna predelka zagotavljata mokro hrano, kot so pireji, jogurti ali omake<br \/>\n&gt;  Tesnila je mogo\u010de v celoti odstraniti za enostavno \u010di\u0161\u010denje in prepre\u010diti nabiranje plesni<br \/>\n&gt;  Z edinstvenim predelkom za celotno sadje z raztegljivim tesnilom sadja ni treba rezati na ko\u0161\u010dke<br \/>\n&gt;  Priporo\u010dljivo samo ro\u010dno pranje<br \/>\n&gt;  Ne vsebuje BPA, ftalatov in PVC-ja<br \/>\n&gt;  Dimenzije: 18,5 x 17 x 6,7 cm<br \/>\n&gt;  Kapaciteta: 1l<\/p>\n","protected":false},"featured_media":164004,"comment_status":"open","ping_status":"closed","template":"","meta":{"_acf_changed":false,"footnotes":""},"product_brand":[],"product_cat":[577,622,655],"product_tag":[],"class_list":{"0":"post-194068","1":"product","2":"type-product","3":"status-publish","4":"has-post-thumbnail","6":"product_cat-hranjenje","7":"product_cat-posude","8":"product_cat-kutije-za-uzinu","9":"pa_boja-zelena","10":"pa_brand-b-box","11":"pa_vrsta-posuda-kutije-za-uzinu","13":"first","14":"instock","15":"purchasable","16":"product-type-simple"},"bundled_by":[],"bundle_stock_status":"instock","bundle_stock_quantity":15,"bundle_virtual":false,"bundle_layout":"","bundle_add_to_cart_form_location":"","bundle_editable_in_cart":false,"bundle_sold_individually_context":"","bundle_item_grouping":"","bundle_min_size":"","bundle_max_size":"","bundle_price":[],"bundled_items":[],"bundle_sell_ids":[],"acf":[],"yoast_head":"<!-- This site is optimized with the Yoast SEO Premium plugin v21.5 (Yoast SEO v27.3) - https:\/\/yoast.com\/product\/yoast-seo-premium-wordpress\/ -->\n<title>b.box Mini Snack Box - smaragdni gozd - NajNaj.eu<\/title>\n<meta name=\"robots\" content=\"index, follow, max-snippet:-1, max-image-preview:large, max-video-preview:-1\" \/>\n<link rel=\"canonical\" href=\"https:\/\/najnaj.eu\/sl\/izdelek\/b-box-mini-snack-box-smaragdni-gozd\/\" \/>\n<meta property=\"og:locale\" content=\"sl_SI\" \/>\n<meta property=\"og:type\" content=\"article\" \/>\n<meta property=\"og:title\" content=\"b.box Mini Snack Box - smaragdni gozd\" \/>\n<meta property=\"og:description\" content=\"&gt; Odstranljiva pregrada vam omogo\u010da prilagajanje velikosti predelkov po potrebi &gt; Dva zaprta neprepustna predelka zagotavljata mokro hrano, kot so pireji, jogurti ali omake &gt; Tesnila je mogo\u010de v celoti odstraniti za enostavno \u010di\u0161\u010denje in prepre\u010diti nabiranje plesni &gt; Z edinstvenim predelkom za celotno sadje z raztegljivim tesnilom sadja ni treba rezati na ko\u0161\u010dke &gt; Priporo\u010dljivo samo ro\u010dno pranje &gt; Ne vsebuje BPA, ftalatov in PVC-ja &gt; Dimenzije: 18,5 x 17 x 6,7 cm &gt; Kapaciteta: 1l\" \/>\n<meta property=\"og:url\" content=\"https:\/\/najnaj.eu\/sl\/izdelek\/b-box-mini-snack-box-smaragdni-gozd\/\" \/>\n<meta property=\"og:site_name\" content=\"NajNaj.eu\" \/>\n<meta property=\"article:publisher\" content=\"https:\/\/web.facebook.com\/najnaj.eu\/\" \/>\n<meta property=\"article:modified_time\" content=\"2025-03-04T10:28:15+00:00\" \/>\n<meta property=\"og:image\" content=\"https:\/\/najnaj.eu\/wp-content\/uploads\/2023\/08\/Mini-Lunch-box-Emerald-Forest_01-Large.jpg\" \/>\n\t<meta property=\"og:image:width\" content=\"1080\" \/>\n\t<meta property=\"og:image:height\" content=\"1080\" \/>\n\t<meta property=\"og:image:type\" content=\"image\/jpeg\" \/>\n<meta name=\"twitter:card\" content=\"summary_large_image\" \/>\n<meta name=\"twitter:label1\" content=\"Price\" \/>\n\t<meta name=\"twitter:data1\" content=\"18,99&nbsp;&euro;\" \/>\n\t<meta name=\"twitter:label2\" content=\"Availability\" \/>\n\t<meta name=\"twitter:data2\" content=\"In stock\" \/>\n<script type=\"application\/ld+json\" class=\"yoast-schema-graph\">{\"@context\":\"https:\\\/\\\/schema.org\",\"@graph\":[{\"@type\":\"WebPage\",\"@id\":\"https:\\\/\\\/najnaj.eu\\\/sl\\\/izdelek\\\/b-box-mini-snack-box-smaragdni-gozd\\\/\",\"url\":\"https:\\\/\\\/najnaj.eu\\\/sl\\\/izdelek\\\/b-box-mini-snack-box-smaragdni-gozd\\\/\",\"name\":\"b.box Mini Snack Box - smaragdni gozd - NajNaj.eu\",\"isPartOf\":{\"@id\":\"https:\\\/\\\/najnaj.eu\\\/sl\\\/#website\"},\"primaryImageOfPage\":{\"@id\":\"https:\\\/\\\/najnaj.eu\\\/sl\\\/izdelek\\\/b-box-mini-snack-box-smaragdni-gozd\\\/#primaryimage\"},\"image\":{\"@id\":\"https:\\\/\\\/najnaj.eu\\\/sl\\\/izdelek\\\/b-box-mini-snack-box-smaragdni-gozd\\\/#primaryimage\"},\"thumbnailUrl\":\"https:\\\/\\\/najnaj.eu\\\/wp-content\\\/uploads\\\/2023\\\/08\\\/Mini-Lunch-box-Emerald-Forest_01-Large.jpg\",\"datePublished\":\"2023-08-22T08:05:24+00:00\",\"dateModified\":\"2025-03-04T10:28:15+00:00\",\"breadcrumb\":{\"@id\":\"https:\\\/\\\/najnaj.eu\\\/sl\\\/izdelek\\\/b-box-mini-snack-box-smaragdni-gozd\\\/#breadcrumb\"},\"inLanguage\":\"sl-SI\",\"potentialAction\":[{\"@type\":\"ReadAction\",\"target\":[\"https:\\\/\\\/najnaj.eu\\\/sl\\\/izdelek\\\/b-box-mini-snack-box-smaragdni-gozd\\\/\"]}]},{\"@type\":\"ImageObject\",\"inLanguage\":\"sl-SI\",\"@id\":\"https:\\\/\\\/najnaj.eu\\\/sl\\\/izdelek\\\/b-box-mini-snack-box-smaragdni-gozd\\\/#primaryimage\",\"url\":\"https:\\\/\\\/najnaj.eu\\\/wp-content\\\/uploads\\\/2023\\\/08\\\/Mini-Lunch-box-Emerald-Forest_01-Large.jpg\",\"contentUrl\":\"https:\\\/\\\/najnaj.eu\\\/wp-content\\\/uploads\\\/2023\\\/08\\\/Mini-Lunch-box-Emerald-Forest_01-Large.jpg\",\"width\":1080,\"height\":1080,\"caption\":\"pladenj s prigrizki za otroke\"},{\"@type\":\"BreadcrumbList\",\"@id\":\"https:\\\/\\\/najnaj.eu\\\/sl\\\/izdelek\\\/b-box-mini-snack-box-smaragdni-gozd\\\/#breadcrumb\",\"itemListElement\":[{\"@type\":\"ListItem\",\"position\":1,\"name\":\"Po\u010detna stranica\",\"item\":\"https:\\\/\\\/najnaj.eu\\\/sl\\\/prednja-stran\\\/\"},{\"@type\":\"ListItem\",\"position\":2,\"name\":\"Shop\",\"item\":\"https:\\\/\\\/najnaj.eu\\\/sl\\\/shop\\\/\"},{\"@type\":\"ListItem\",\"position\":3,\"name\":\"b.box Mini Snack Box &#8211; smaragdni gozd\"}]},{\"@type\":\"WebSite\",\"@id\":\"https:\\\/\\\/najnaj.eu\\\/sl\\\/#website\",\"url\":\"https:\\\/\\\/najnaj.eu\\\/sl\\\/\",\"name\":\"NajNaj.eu\",\"description\":\"Za najva\u017enije!\",\"publisher\":{\"@id\":\"https:\\\/\\\/najnaj.eu\\\/sl\\\/#organization\"},\"potentialAction\":[{\"@type\":\"SearchAction\",\"target\":{\"@type\":\"EntryPoint\",\"urlTemplate\":\"https:\\\/\\\/najnaj.eu\\\/sl\\\/?s={search_term_string}\"},\"query-input\":{\"@type\":\"PropertyValueSpecification\",\"valueRequired\":true,\"valueName\":\"search_term_string\"}}],\"inLanguage\":\"sl-SI\"},{\"@type\":\"Organization\",\"@id\":\"https:\\\/\\\/najnaj.eu\\\/sl\\\/#organization\",\"name\":\"NajNaj.eu\",\"url\":\"https:\\\/\\\/najnaj.eu\\\/sl\\\/\",\"logo\":{\"@type\":\"ImageObject\",\"inLanguage\":\"sl-SI\",\"@id\":\"https:\\\/\\\/najnaj.eu\\\/sl\\\/#\\\/schema\\\/logo\\\/image\\\/\",\"url\":\"https:\\\/\\\/najnaj.eu\\\/wp-content\\\/uploads\\\/2023\\\/09\\\/logo_Najnaj_2023.svg\",\"contentUrl\":\"https:\\\/\\\/najnaj.eu\\\/wp-content\\\/uploads\\\/2023\\\/09\\\/logo_Najnaj_2023.svg\",\"width\":501,\"height\":278,\"caption\":\"NajNaj.eu\"},\"image\":{\"@id\":\"https:\\\/\\\/najnaj.eu\\\/sl\\\/#\\\/schema\\\/logo\\\/image\\\/\"},\"sameAs\":[\"https:\\\/\\\/web.facebook.com\\\/najnaj.eu\\\/\",\"https:\\\/\\\/www.instagram.com\\\/najnaj.eu\\\/\",\"https:\\\/\\\/www.tiktok.com\\\/@najnaj.eu\"]}]}<\/script>\n<meta property=\"product:brand\" content=\"b.box\" \/>\n<meta property=\"product:price:amount\" content=\"18.99\" \/>\n<meta property=\"product:price:currency\" content=\"EUR\" \/>\n<meta property=\"og:availability\" content=\"instock\" \/>\n<meta property=\"product:availability\" content=\"instock\" \/>\n<meta property=\"product:retailer_item_id\" content=\"BX400707\" \/>\n<meta property=\"product:condition\" content=\"new\" \/>\n<!-- \/ Yoast SEO Premium plugin. -->","yoast_head_json":{"title":"b.box Mini Snack Box - smaragdni gozd - NajNaj.eu","robots":{"index":"index","follow":"follow","max-snippet":"max-snippet:-1","max-image-preview":"max-image-preview:large","max-video-preview":"max-video-preview:-1"},"canonical":"https:\/\/najnaj.eu\/sl\/izdelek\/b-box-mini-snack-box-smaragdni-gozd\/","og_locale":"sl_SI","og_type":"article","og_title":"b.box Mini Snack Box - smaragdni gozd","og_description":"&gt; Odstranljiva pregrada vam omogo\u010da prilagajanje velikosti predelkov po potrebi &gt; Dva zaprta neprepustna predelka zagotavljata mokro hrano, kot so pireji, jogurti ali omake &gt; Tesnila je mogo\u010de v celoti odstraniti za enostavno \u010di\u0161\u010denje in prepre\u010diti nabiranje plesni &gt; Z edinstvenim predelkom za celotno sadje z raztegljivim tesnilom sadja ni treba rezati na ko\u0161\u010dke &gt; Priporo\u010dljivo samo ro\u010dno pranje &gt; Ne vsebuje BPA, ftalatov in PVC-ja &gt; Dimenzije: 18,5 x 17 x 6,7 cm &gt; Kapaciteta: 1l","og_url":"https:\/\/najnaj.eu\/sl\/izdelek\/b-box-mini-snack-box-smaragdni-gozd\/","og_site_name":"NajNaj.eu","article_publisher":"https:\/\/web.facebook.com\/najnaj.eu\/","article_modified_time":"2025-03-04T10:28:15+00:00","og_image":[{"width":1080,"height":1080,"url":"https:\/\/najnaj.eu\/wp-content\/uploads\/2023\/08\/Mini-Lunch-box-Emerald-Forest_01-Large.jpg","type":"image\/jpeg"}],"twitter_card":"summary_large_image","twitter_misc":{"Price":"18,99&nbsp;&euro;","Availability":"In stock"},"schema":{"@context":"https:\/\/schema.org","@graph":[{"@type":"WebPage","@id":"https:\/\/najnaj.eu\/sl\/izdelek\/b-box-mini-snack-box-smaragdni-gozd\/","url":"https:\/\/najnaj.eu\/sl\/izdelek\/b-box-mini-snack-box-smaragdni-gozd\/","name":"b.box Mini Snack Box - smaragdni gozd - NajNaj.eu","isPartOf":{"@id":"https:\/\/najnaj.eu\/sl\/#website"},"primaryImageOfPage":{"@id":"https:\/\/najnaj.eu\/sl\/izdelek\/b-box-mini-snack-box-smaragdni-gozd\/#primaryimage"},"image":{"@id":"https:\/\/najnaj.eu\/sl\/izdelek\/b-box-mini-snack-box-smaragdni-gozd\/#primaryimage"},"thumbnailUrl":"https:\/\/najnaj.eu\/wp-content\/uploads\/2023\/08\/Mini-Lunch-box-Emerald-Forest_01-Large.jpg","datePublished":"2023-08-22T08:05:24+00:00","dateModified":"2025-03-04T10:28:15+00:00","breadcrumb":{"@id":"https:\/\/najnaj.eu\/sl\/izdelek\/b-box-mini-snack-box-smaragdni-gozd\/#breadcrumb"},"inLanguage":"sl-SI","potentialAction":[{"@type":"ReadAction","target":["https:\/\/najnaj.eu\/sl\/izdelek\/b-box-mini-snack-box-smaragdni-gozd\/"]}]},{"@type":"ImageObject","inLanguage":"sl-SI","@id":"https:\/\/najnaj.eu\/sl\/izdelek\/b-box-mini-snack-box-smaragdni-gozd\/#primaryimage","url":"https:\/\/najnaj.eu\/wp-content\/uploads\/2023\/08\/Mini-Lunch-box-Emerald-Forest_01-Large.jpg","contentUrl":"https:\/\/najnaj.eu\/wp-content\/uploads\/2023\/08\/Mini-Lunch-box-Emerald-Forest_01-Large.jpg","width":1080,"height":1080,"caption":"pladenj s prigrizki za otroke"},{"@type":"BreadcrumbList","@id":"https:\/\/najnaj.eu\/sl\/izdelek\/b-box-mini-snack-box-smaragdni-gozd\/#breadcrumb","itemListElement":[{"@type":"ListItem","position":1,"name":"Po\u010detna stranica","item":"https:\/\/najnaj.eu\/sl\/prednja-stran\/"},{"@type":"ListItem","position":2,"name":"Shop","item":"https:\/\/najnaj.eu\/sl\/shop\/"},{"@type":"ListItem","position":3,"name":"b.box Mini Snack Box &#8211; smaragdni gozd"}]},{"@type":"WebSite","@id":"https:\/\/najnaj.eu\/sl\/#website","url":"https:\/\/najnaj.eu\/sl\/","name":"NajNaj.eu","description":"Za najva\u017enije!","publisher":{"@id":"https:\/\/najnaj.eu\/sl\/#organization"},"potentialAction":[{"@type":"SearchAction","target":{"@type":"EntryPoint","urlTemplate":"https:\/\/najnaj.eu\/sl\/?s={search_term_string}"},"query-input":{"@type":"PropertyValueSpecification","valueRequired":true,"valueName":"search_term_string"}}],"inLanguage":"sl-SI"},{"@type":"Organization","@id":"https:\/\/najnaj.eu\/sl\/#organization","name":"NajNaj.eu","url":"https:\/\/najnaj.eu\/sl\/","logo":{"@type":"ImageObject","inLanguage":"sl-SI","@id":"https:\/\/najnaj.eu\/sl\/#\/schema\/logo\/image\/","url":"https:\/\/najnaj.eu\/wp-content\/uploads\/2023\/09\/logo_Najnaj_2023.svg","contentUrl":"https:\/\/najnaj.eu\/wp-content\/uploads\/2023\/09\/logo_Najnaj_2023.svg","width":501,"height":278,"caption":"NajNaj.eu"},"image":{"@id":"https:\/\/najnaj.eu\/sl\/#\/schema\/logo\/image\/"},"sameAs":["https:\/\/web.facebook.com\/najnaj.eu\/","https:\/\/www.instagram.com\/najnaj.eu\/","https:\/\/www.tiktok.com\/@najnaj.eu"]}]},"product_brand":"b.box","product_price_amount":"18.99","product_price_currency":"EUR","og_availability":"instock","product_availability":"instock","product_retailer_item_id":"BX400707","product_condition":"new"},"_links":{"self":[{"href":"https:\/\/najnaj.eu\/sl\/wp-json\/wp\/v2\/product\/194068","targetHints":{"allow":["GET"]}}],"collection":[{"href":"https:\/\/najnaj.eu\/sl\/wp-json\/wp\/v2\/product"}],"about":[{"href":"https:\/\/najnaj.eu\/sl\/wp-json\/wp\/v2\/types\/product"}],"replies":[{"embeddable":true,"href":"https:\/\/najnaj.eu\/sl\/wp-json\/wp\/v2\/comments?post=194068"}],"version-history":[{"count":0,"href":"https:\/\/najnaj.eu\/sl\/wp-json\/wp\/v2\/product\/194068\/revisions"}],"wp:featuredmedia":[{"embeddable":true,"href":"https:\/\/najnaj.eu\/sl\/wp-json\/wp\/v2\/media\/164004"}],"wp:attachment":[{"href":"https:\/\/najnaj.eu\/sl\/wp-json\/wp\/v2\/media?parent=194068"}],"wp:term":[{"taxonomy":"product_brand","embeddable":true,"href":"https:\/\/najnaj.eu\/sl\/wp-json\/wp\/v2\/product_brand?post=194068"},{"taxonomy":"product_cat","embeddable":true,"href":"https:\/\/najnaj.eu\/sl\/wp-json\/wp\/v2\/product_cat?post=194068"},{"taxonomy":"product_tag","embeddable":true,"href":"https:\/\/najnaj.eu\/sl\/wp-json\/wp\/v2\/product_tag?post=194068"}],"curies":[{"name":"wp","href":"https:\/\/api.w.org\/{rel}","templated":true}]}}