{"id":194064,"date":"2025-01-04T05:25:01","date_gmt":"2025-01-04T04:25:01","guid":{"rendered":"https:\/\/najnaj.eu\/proizvod\/icandy-peach-7-vozicek-3v1-temno-siva\/"},"modified":"2025-02-06T10:05:24","modified_gmt":"2025-02-06T09:05:24","slug":"icandy-peach-7-vozicek-3v1-temno-siva","status":"publish","type":"product","link":"https:\/\/najnaj.eu\/sl\/izdelek\/icandy-peach-7-vozicek-3v1-temno-siva\/","title":{"rendered":"iCandy Peach 7 vozi\u010dek 3v1, temno siva"},"content":{"rendered":"<h3>Lastnosti modela vozi\u010dka iCandy Peach 7:<\/h3>\n<p>Primerno od rojstva otroka do 25 kilogramov te\u017ee oz. 15 kilogramov na narastke.<br \/>\nPrilo\u017een je prilo\u017eenim adapterjem za avtosede\u017e, ki ga spremenijo v popoln potovalni sistem 3v1.<br \/>\nOja\u010devalci dvignejo ko\u0161aro oziroma sede\u017eni del v obe smeri \u2013 obrnjeni proti star\u0161em omogo\u010dajo bolj\u0161o interakcijo z otrokom, obrnjeni proti okolju pa enostavnej\u0161e skupno prehranjevanje za jedilno mizo, brez uporabe podajalnika.<\/p>\n<p>Ko\u0161ara, podlo\u017eena z razko\u0161nim mehkim flisom, primerna za celono\u010dno spanje (na potovanju ni potrebe po prenosnih posteljicah).<br \/>\nMo\u017enost postavitve ko\u0161are in sede\u017enega dela proti star\u0161em ali proti okolici.<br \/>\nInovativen sistem zadrge za enostavno preoblikovanje iz ko\u0161are v prostor za sedenje \u2013 samo zamenjajte material.<\/p>\n<p>Luksuzen dizajn ergonomskega krmilnega ro\u010daja in sprednjega za\u0161\u010ditnega ro\u010daja iz na otip prijetnega umetnega usnja.<br \/>\nNastavljiva vi\u0161ina krmilnega ro\u010daja od 95 cm do 105 cm, idealno za partnerje razli\u010dnih vi\u0161in.<\/p>\n<p>Drsni pop-up 5-to\u010dkovni varnostni pas z nastavljivim vzglavnikom.<br \/>\nEnostavno spreminjanje naklona naslonjala sedi\u0161\u010da v \u0161tiri polo\u017eaje z eno roko.<br \/>\nNastavljiv naslon za noge za maksimalno udobje otroka.<br \/>\nPopolnoma snemljiv prakti\u010den \u017eep Pip-Zip za pomembne stvari (dokumente, mobilni telefon, denar &#8230;) na hrbtni strani sede\u017ea.<br \/>\nDodatno oblazinjen sede\u017e za ve\u010dje udobje.<br \/>\nRaztegljiva nepremo\u010dljiva strehica z veliko mre\u017easto odprtino za zra\u010denje in za\u0161\u010dito pred soncem SPF 50+.<\/p>\n<p>Integrirana platforma za starej\u0161ega otroka (Ride-on Board), z nosilnostjo do 20 kg.<\/p>\n<p>Izjemno gladka vo\u017enja s kolesi iz PU pene, odpornimi na predrtje, z dodatno sredinsko izboklino za manj\u0161o obrabo materiala.<\/p>\n<p>Enostavno zlaganje z eno roko, z avtomatskim zaklepanjem vozi\u010dka.<br \/>\nKo je vozi\u010dek sestavljen, je kompakten in samostoje\u010d, prilo\u017een pa je tudi pas za no\u0161enje.<br \/>\nProstorna 44-litrska ko\u0161ara, ki zdr\u017ei te\u017eo do 10 kg, z integrirano odto\u010dno odprtino.<\/p>\n<p>Enostavna nadgradnja za dvoj\u010dke ali dva razli\u010dno stara otroka.<\/p>\n<p>RAZPOLO\u017dLJIVE BARVE:<\/p>\n<ul>\n<li><b><\/b><strong><b>Black Edition<\/b><\/strong> \u2013 prihaja v kombinaciji s \u010drnim podvozjem<\/li>\n<li><b><\/b><strong><b>Temno sivi Phantom<\/b><\/strong> \u2013 na voljo v kombinaciji s podvozjem Phantom<\/li>\n<li><b><\/b><strong><b>Truffle<\/b><\/strong> \u2013 na voljo v kombinaciji s podvozjem Phantom<\/li>\n<li><b><\/b><strong><b>Svetlo siva<\/b><\/strong> \u2013 na voljo v kombinaciji s podvozjem Phantom<\/li>\n<li><b><\/b><strong><b>Olive Green<\/b><\/strong> \u2013 na voljo v kombinaciji s podvozjem Phantom<\/li>\n<li><b><\/b><strong><b>Biscotti \u2013<\/b><\/strong> prihaja v kombinaciji s podvozjem Blonde<\/li>\n<li><b><\/b><strong><b>Cobalt<\/b><\/strong> \u2013 na voljo v kombinaciji s podvozjem Phantom<\/li>\n<li><b><\/b><strong><b>Blush<\/b><\/strong> \u2013 prihaja v kombinaciji s Phantom \u0161asijo<\/li>\n<li><b><\/b><strong><b>Cookie<\/b><\/strong> \u2013 prihaja v kombinaciji s \u010drnim ohi\u0161jem<\/li>\n<\/ul>\n<p>Z vklju\u010deno <strong>garancijo 5 let<\/strong> .<\/p>\n<p>Zdru\u017eljivost avtosede\u017ea preverite <a href=\"https:\/\/www.icandyworld.com.hr\/kompatibilnost-s-autosjedalicama\/\">tukaj.<\/a><\/p>\n<p><a href=\"https:\/\/www.icandyworld.com.hr\/wp-content\/uploads\/2023\/11\/NOVE-ZNACAJKE-PEACH-7-3000-%C3%97-2000-piks.-1.jpg\"><img loading=\"lazy\" decoding=\"async\" class=\"alignnone size-medium wp-image-6373 lazy-load-active\" src=\"https:\/\/www.icandyworld.com.hr\/wp-content\/uploads\/2023\/11\/NOVE-ZNACAJKE-PEACH-7-3000-%C3%97-2000-piks.-1-600x400.jpg\" sizes=\"auto, (max-width: 600px) 100vw, 600px\" srcset=\"https:\/\/www.icandyworld.com.hr\/wp-content\/uploads\/2023\/11\/NOVE-ZNACAJKE-PEACH-7-3000-\u00d7-2000-piks.-1-600x400.jpg 600w, https:\/\/www.icandyworld.com.hr\/wp-content\/uploads\/2023\/11\/NOVE-ZNACAJKE-PEACH-7-3000-\u00d7-2000-piks.-1-1200x800.jpg 1200w, https:\/\/www.icandyworld.com.hr\/wp-content\/uploads\/2023\/11\/NOVE-ZNACAJKE-PEACH-7-3000-\u00d7-2000-piks.-1-768x512.jpg 768w, https:\/\/www.icandyworld.com.hr\/wp-content\/uploads\/2023\/11\/NOVE-ZNACAJKE-PEACH-7-3000-\u00d7-2000-piks.-1-1536x1024.jpg 1536w, https:\/\/www.icandyworld.com.hr\/wp-content\/uploads\/2023\/11\/NOVE-ZNACAJKE-PEACH-7-3000-\u00d7-2000-piks.-1-247x165.jpg 247w, https:\/\/www.icandyworld.com.hr\/wp-content\/uploads\/2023\/11\/NOVE-ZNACAJKE-PEACH-7-3000-\u00d7-2000-piks.-1-510x340.jpg 510w, https:\/\/www.icandyworld.com.hr\/wp-content\/uploads\/2023\/11\/NOVE-ZNACAJKE-PEACH-7-3000-\u00d7-2000-piks.-1.jpg 1620w\" alt=\"\" width=\"600\" height=\"400\" data-src=\"https:\/\/www.icandyworld.com.hr\/wp-content\/uploads\/2023\/11\/NOVE-ZNACAJKE-PEACH-7-3000-\u00d7-2000-piks.-1-600x400.jpg\" data-srcset=\"https:\/\/www.icandyworld.com.hr\/wp-content\/uploads\/2023\/11\/NOVE-ZNACAJKE-PEACH-7-3000-\u00d7-2000-piks.-1-600x400.jpg 600w, https:\/\/www.icandyworld.com.hr\/wp-content\/uploads\/2023\/11\/NOVE-ZNACAJKE-PEACH-7-3000-\u00d7-2000-piks.-1-1200x800.jpg 1200w, https:\/\/www.icandyworld.com.hr\/wp-content\/uploads\/2023\/11\/NOVE-ZNACAJKE-PEACH-7-3000-\u00d7-2000-piks.-1-768x512.jpg 768w, https:\/\/www.icandyworld.com.hr\/wp-content\/uploads\/2023\/11\/NOVE-ZNACAJKE-PEACH-7-3000-\u00d7-2000-piks.-1-1536x1024.jpg 1536w, https:\/\/www.icandyworld.com.hr\/wp-content\/uploads\/2023\/11\/NOVE-ZNACAJKE-PEACH-7-3000-\u00d7-2000-piks.-1-247x165.jpg 247w, https:\/\/www.icandyworld.com.hr\/wp-content\/uploads\/2023\/11\/NOVE-ZNACAJKE-PEACH-7-3000-\u00d7-2000-piks.-1-510x340.jpg 510w, https:\/\/www.icandyworld.com.hr\/wp-content\/uploads\/2023\/11\/NOVE-ZNACAJKE-PEACH-7-3000-\u00d7-2000-piks.-1.jpg 1620w\"><\/a><\/p>\n<h3>Vrhunski otro\u0161ki vozi\u010dek za prvorojence!<\/h3>\n<p>Svetovno znani luksuzni vozi\u010dek, ki ga je mogo\u010de nadgraditi za dvoj\u010dke ali dva otroka razli\u010dnih starosti, oblikovan tako, da se popolnoma prilega vam in va\u0161emu otroku. Primeren od rojstva zaradi prostorne ko\u0161are, ki se lahko uporablja tudi za celono\u010dno spanje. S svojimi mehkimi, luksuznimi tkaninami, ukrojenimi do popolnosti, ta vozi\u010dek zagotavlja udobje za otroka in vrhunski stil za star\u0161e.<br \/>\nZdaj v svoji sedmi generaciji je bil vsak element vozi\u010dka iCandy Peach 7 izdelan tako, da zagotavlja popolnost v funkcionalnosti, kakovosti in varnosti in je izbira vsakega star\u0161a, ki zahteva vrhunski dizajn in stil, ki traja. Poznan po preprostem zlaganju z eno roko in sodobnih materialih, se iCandy Peach 7 zlahka spremeni v vozi\u010dek za dvoj\u010dke ali dva otroka razli\u010dnih starosti z dodatkom inovativnih adapterjev.<br \/>\nZ visokokakovostnim okvirjem iz masivnega aluminija, pnevmatikami PU, odpornimi na predrtje, in novo integrirano platformo za starej\u0161ega otroka (Ride on Board) boste takoj opazili izjemno gladko vo\u017enjo in lahkotno vodljivost na vseh terenih!<br \/>\nVozi\u010dek iCandy Peach 7 omogo\u010da enostaven dostop do va\u0161ega otroka brez popolne odstranitve sprednjega za\u0161\u010ditnega ro\u010daja in mo\u017enost prilagajanja vi\u0161ine ro\u010daja za upravljanje vozi\u010dka od 95 do 105 cm, kar je kot nala\u0161\u010d za razli\u010dno visoke partnerje!<\/p>\n","protected":false},"excerpt":{"rendered":"<p>Set 3v1 vsebuje:<\/p>\n<ul>\n<li>vozi\u010dek (\u0161asija) z integrirano platformo za starej\u0161ega otroka (Ride on board)<\/li>\n<li>material za ko\u0161aro za novorojen\u010dka<\/li>\n<li>material za sede\u017eni del<\/li>\n<li>ogrodje za zibelko\/sede\u017e za novorojen\u010dka<\/li>\n<li>Avtomobilski sede\u017e<\/li>\n<li>Za\u0161\u010ditni faktor SPF50+<\/li>\n<li>adapterji za avtomobilske sede\u017ee<\/li>\n<li>adapterji za dviganje<\/li>\n<li>pokrivalo za de\u017e<\/li>\n<\/ul>\n<p>Od rojstva do 25 kg.<\/p>\n<p>Mo\u017ena nadgradnja za dva otroka ali za dvoj\u010dka.<\/p>\n<p><strong>Opomba: Dobavni rok do 45 dni.<\/strong><\/p>\n","protected":false},"featured_media":165508,"comment_status":"open","ping_status":"closed","template":"","meta":{"_acf_changed":false,"footnotes":""},"product_brand":[],"product_cat":[1705],"product_tag":[],"class_list":{"0":"post-194064","1":"product","2":"type-product","3":"status-publish","4":"has-post-thumbnail","6":"product_cat-nekategorizirano","8":"first","9":"onbackorder","10":"shipping-taxable","11":"purchasable","12":"product-type-simple"},"bundled_by":[],"bundle_stock_status":"onbackorder","bundle_stock_quantity":null,"bundle_virtual":false,"bundle_layout":"","bundle_add_to_cart_form_location":"","bundle_editable_in_cart":false,"bundle_sold_individually_context":"","bundle_item_grouping":"","bundle_min_size":"","bundle_max_size":"","bundle_price":[],"bundled_items":[],"bundle_sell_ids":[],"acf":[],"yoast_head":"<!-- This site is optimized with the Yoast SEO Premium plugin v21.5 (Yoast SEO v27.4) - https:\/\/yoast.com\/product\/yoast-seo-premium-wordpress\/ -->\n<title>iCandy Peach 7 vozi\u010dek 3v1, temno siva - NajNaj.eu<\/title>\n<meta name=\"robots\" content=\"index, follow, max-snippet:-1, max-image-preview:large, max-video-preview:-1\" \/>\n<link rel=\"canonical\" href=\"https:\/\/najnaj.eu\/sl\/izdelek\/icandy-peach-7-vozicek-3v1-temno-siva\/\" \/>\n<meta property=\"og:locale\" content=\"sl_SI\" \/>\n<meta property=\"og:type\" content=\"article\" \/>\n<meta property=\"og:title\" content=\"iCandy Peach 7 vozi\u010dek 3v1, temno siva\" \/>\n<meta property=\"og:description\" content=\"Set 3v1 vsebuje:  vozi\u010dek (\u0161asija) z integrirano platformo za starej\u0161ega otroka (Ride on board)  material za ko\u0161aro za novorojen\u010dka  material za sede\u017eni del  ogrodje za zibelko\/sede\u017e za novorojen\u010dka  Avtomobilski sede\u017e  Za\u0161\u010ditni faktor SPF50+  adapterji za avtomobilske sede\u017ee  adapterji za dviganje  pokrivalo za de\u017e Od rojstva do 25 kg. Mo\u017ena nadgradnja za dva otroka ali za dvoj\u010dka. Opomba: Dobavni rok do 45 dni.\" \/>\n<meta property=\"og:url\" content=\"https:\/\/najnaj.eu\/sl\/izdelek\/icandy-peach-7-vozicek-3v1-temno-siva\/\" \/>\n<meta property=\"og:site_name\" content=\"NajNaj.eu\" \/>\n<meta property=\"article:publisher\" content=\"https:\/\/web.facebook.com\/najnaj.eu\/\" \/>\n<meta property=\"article:modified_time\" content=\"2025-02-06T09:05:24+00:00\" \/>\n<meta property=\"og:image\" content=\"https:\/\/najnaj.eu\/wp-content\/uploads\/2023\/10\/Dark-Grey-3u1.jpg\" \/>\n\t<meta property=\"og:image:width\" content=\"1080\" \/>\n\t<meta property=\"og:image:height\" content=\"1080\" \/>\n\t<meta property=\"og:image:type\" content=\"image\/jpeg\" \/>\n<meta name=\"twitter:card\" content=\"summary_large_image\" \/>\n<meta name=\"twitter:label1\" content=\"Price\" \/>\n\t<meta name=\"twitter:data1\" content=\"1.528,00&nbsp;&euro;\" \/>\n\t<meta name=\"twitter:label2\" content=\"Availability\" \/>\n\t<meta name=\"twitter:data2\" content=\"On backorder\" \/>\n<script type=\"application\/ld+json\" class=\"yoast-schema-graph\">{\"@context\":\"https:\\\/\\\/schema.org\",\"@graph\":[{\"@type\":\"WebPage\",\"@id\":\"https:\\\/\\\/najnaj.eu\\\/sl\\\/izdelek\\\/icandy-peach-7-vozicek-3v1-temno-siva\\\/\",\"url\":\"https:\\\/\\\/najnaj.eu\\\/sl\\\/izdelek\\\/icandy-peach-7-vozicek-3v1-temno-siva\\\/\",\"name\":\"iCandy Peach 7 vozi\u010dek 3v1, temno siva - NajNaj.eu\",\"isPartOf\":{\"@id\":\"https:\\\/\\\/najnaj.eu\\\/sl\\\/#website\"},\"primaryImageOfPage\":{\"@id\":\"https:\\\/\\\/najnaj.eu\\\/sl\\\/izdelek\\\/icandy-peach-7-vozicek-3v1-temno-siva\\\/#primaryimage\"},\"image\":{\"@id\":\"https:\\\/\\\/najnaj.eu\\\/sl\\\/izdelek\\\/icandy-peach-7-vozicek-3v1-temno-siva\\\/#primaryimage\"},\"thumbnailUrl\":\"https:\\\/\\\/najnaj.eu\\\/wp-content\\\/uploads\\\/2023\\\/10\\\/Dark-Grey-3u1.jpg\",\"datePublished\":\"2025-01-04T04:25:01+00:00\",\"dateModified\":\"2025-02-06T09:05:24+00:00\",\"breadcrumb\":{\"@id\":\"https:\\\/\\\/najnaj.eu\\\/sl\\\/izdelek\\\/icandy-peach-7-vozicek-3v1-temno-siva\\\/#breadcrumb\"},\"inLanguage\":\"sl-SI\",\"potentialAction\":[{\"@type\":\"ReadAction\",\"target\":[\"https:\\\/\\\/najnaj.eu\\\/sl\\\/izdelek\\\/icandy-peach-7-vozicek-3v1-temno-siva\\\/\"]}]},{\"@type\":\"ImageObject\",\"inLanguage\":\"sl-SI\",\"@id\":\"https:\\\/\\\/najnaj.eu\\\/sl\\\/izdelek\\\/icandy-peach-7-vozicek-3v1-temno-siva\\\/#primaryimage\",\"url\":\"https:\\\/\\\/najnaj.eu\\\/wp-content\\\/uploads\\\/2023\\\/10\\\/Dark-Grey-3u1.jpg\",\"contentUrl\":\"https:\\\/\\\/najnaj.eu\\\/wp-content\\\/uploads\\\/2023\\\/10\\\/Dark-Grey-3u1.jpg\",\"width\":1080,\"height\":1080},{\"@type\":\"BreadcrumbList\",\"@id\":\"https:\\\/\\\/najnaj.eu\\\/sl\\\/izdelek\\\/icandy-peach-7-vozicek-3v1-temno-siva\\\/#breadcrumb\",\"itemListElement\":[{\"@type\":\"ListItem\",\"position\":1,\"name\":\"Po\u010detna stranica\",\"item\":\"https:\\\/\\\/najnaj.eu\\\/sl\\\/prednja-stran\\\/\"},{\"@type\":\"ListItem\",\"position\":2,\"name\":\"Shop\",\"item\":\"https:\\\/\\\/najnaj.eu\\\/sl\\\/shop\\\/\"},{\"@type\":\"ListItem\",\"position\":3,\"name\":\"iCandy Peach 7 vozi\u010dek 3v1, temno siva\"}]},{\"@type\":\"WebSite\",\"@id\":\"https:\\\/\\\/najnaj.eu\\\/sl\\\/#website\",\"url\":\"https:\\\/\\\/najnaj.eu\\\/sl\\\/\",\"name\":\"NajNaj.eu\",\"description\":\"Za najva\u017enije!\",\"publisher\":{\"@id\":\"https:\\\/\\\/najnaj.eu\\\/sl\\\/#organization\"},\"potentialAction\":[{\"@type\":\"SearchAction\",\"target\":{\"@type\":\"EntryPoint\",\"urlTemplate\":\"https:\\\/\\\/najnaj.eu\\\/sl\\\/?s={search_term_string}\"},\"query-input\":{\"@type\":\"PropertyValueSpecification\",\"valueRequired\":true,\"valueName\":\"search_term_string\"}}],\"inLanguage\":\"sl-SI\"},{\"@type\":\"Organization\",\"@id\":\"https:\\\/\\\/najnaj.eu\\\/sl\\\/#organization\",\"name\":\"NajNaj.eu\",\"url\":\"https:\\\/\\\/najnaj.eu\\\/sl\\\/\",\"logo\":{\"@type\":\"ImageObject\",\"inLanguage\":\"sl-SI\",\"@id\":\"https:\\\/\\\/najnaj.eu\\\/sl\\\/#\\\/schema\\\/logo\\\/image\\\/\",\"url\":\"https:\\\/\\\/najnaj.eu\\\/wp-content\\\/uploads\\\/2023\\\/09\\\/logo_Najnaj_2023.svg\",\"contentUrl\":\"https:\\\/\\\/najnaj.eu\\\/wp-content\\\/uploads\\\/2023\\\/09\\\/logo_Najnaj_2023.svg\",\"width\":501,\"height\":278,\"caption\":\"NajNaj.eu\"},\"image\":{\"@id\":\"https:\\\/\\\/najnaj.eu\\\/sl\\\/#\\\/schema\\\/logo\\\/image\\\/\"},\"sameAs\":[\"https:\\\/\\\/web.facebook.com\\\/najnaj.eu\\\/\",\"https:\\\/\\\/www.instagram.com\\\/najnaj.eu\\\/\",\"https:\\\/\\\/www.tiktok.com\\\/@najnaj.eu\"]}]}<\/script>\n<meta property=\"product:price:amount\" content=\"1528.00\" \/>\n<meta property=\"product:price:currency\" content=\"EUR\" \/>\n<meta property=\"og:availability\" content=\"backorder\" \/>\n<meta property=\"product:availability\" content=\"available for order\" \/>\n<meta property=\"product:retailer_item_id\" content=\"IC2540-31\" \/>\n<meta property=\"product:condition\" content=\"new\" \/>\n<!-- \/ Yoast SEO Premium plugin. -->","yoast_head_json":{"title":"iCandy Peach 7 vozi\u010dek 3v1, temno siva - NajNaj.eu","robots":{"index":"index","follow":"follow","max-snippet":"max-snippet:-1","max-image-preview":"max-image-preview:large","max-video-preview":"max-video-preview:-1"},"canonical":"https:\/\/najnaj.eu\/sl\/izdelek\/icandy-peach-7-vozicek-3v1-temno-siva\/","og_locale":"sl_SI","og_type":"article","og_title":"iCandy Peach 7 vozi\u010dek 3v1, temno siva","og_description":"Set 3v1 vsebuje:  vozi\u010dek (\u0161asija) z integrirano platformo za starej\u0161ega otroka (Ride on board)  material za ko\u0161aro za novorojen\u010dka  material za sede\u017eni del  ogrodje za zibelko\/sede\u017e za novorojen\u010dka  Avtomobilski sede\u017e  Za\u0161\u010ditni faktor SPF50+  adapterji za avtomobilske sede\u017ee  adapterji za dviganje  pokrivalo za de\u017e Od rojstva do 25 kg. Mo\u017ena nadgradnja za dva otroka ali za dvoj\u010dka. Opomba: Dobavni rok do 45 dni.","og_url":"https:\/\/najnaj.eu\/sl\/izdelek\/icandy-peach-7-vozicek-3v1-temno-siva\/","og_site_name":"NajNaj.eu","article_publisher":"https:\/\/web.facebook.com\/najnaj.eu\/","article_modified_time":"2025-02-06T09:05:24+00:00","og_image":[{"width":1080,"height":1080,"url":"https:\/\/najnaj.eu\/wp-content\/uploads\/2023\/10\/Dark-Grey-3u1.jpg","type":"image\/jpeg"}],"twitter_card":"summary_large_image","twitter_misc":{"Price":"1.528,00&nbsp;&euro;","Availability":"On backorder"},"schema":{"@context":"https:\/\/schema.org","@graph":[{"@type":"WebPage","@id":"https:\/\/najnaj.eu\/sl\/izdelek\/icandy-peach-7-vozicek-3v1-temno-siva\/","url":"https:\/\/najnaj.eu\/sl\/izdelek\/icandy-peach-7-vozicek-3v1-temno-siva\/","name":"iCandy Peach 7 vozi\u010dek 3v1, temno siva - NajNaj.eu","isPartOf":{"@id":"https:\/\/najnaj.eu\/sl\/#website"},"primaryImageOfPage":{"@id":"https:\/\/najnaj.eu\/sl\/izdelek\/icandy-peach-7-vozicek-3v1-temno-siva\/#primaryimage"},"image":{"@id":"https:\/\/najnaj.eu\/sl\/izdelek\/icandy-peach-7-vozicek-3v1-temno-siva\/#primaryimage"},"thumbnailUrl":"https:\/\/najnaj.eu\/wp-content\/uploads\/2023\/10\/Dark-Grey-3u1.jpg","datePublished":"2025-01-04T04:25:01+00:00","dateModified":"2025-02-06T09:05:24+00:00","breadcrumb":{"@id":"https:\/\/najnaj.eu\/sl\/izdelek\/icandy-peach-7-vozicek-3v1-temno-siva\/#breadcrumb"},"inLanguage":"sl-SI","potentialAction":[{"@type":"ReadAction","target":["https:\/\/najnaj.eu\/sl\/izdelek\/icandy-peach-7-vozicek-3v1-temno-siva\/"]}]},{"@type":"ImageObject","inLanguage":"sl-SI","@id":"https:\/\/najnaj.eu\/sl\/izdelek\/icandy-peach-7-vozicek-3v1-temno-siva\/#primaryimage","url":"https:\/\/najnaj.eu\/wp-content\/uploads\/2023\/10\/Dark-Grey-3u1.jpg","contentUrl":"https:\/\/najnaj.eu\/wp-content\/uploads\/2023\/10\/Dark-Grey-3u1.jpg","width":1080,"height":1080},{"@type":"BreadcrumbList","@id":"https:\/\/najnaj.eu\/sl\/izdelek\/icandy-peach-7-vozicek-3v1-temno-siva\/#breadcrumb","itemListElement":[{"@type":"ListItem","position":1,"name":"Po\u010detna stranica","item":"https:\/\/najnaj.eu\/sl\/prednja-stran\/"},{"@type":"ListItem","position":2,"name":"Shop","item":"https:\/\/najnaj.eu\/sl\/shop\/"},{"@type":"ListItem","position":3,"name":"iCandy Peach 7 vozi\u010dek 3v1, temno siva"}]},{"@type":"WebSite","@id":"https:\/\/najnaj.eu\/sl\/#website","url":"https:\/\/najnaj.eu\/sl\/","name":"NajNaj.eu","description":"Za najva\u017enije!","publisher":{"@id":"https:\/\/najnaj.eu\/sl\/#organization"},"potentialAction":[{"@type":"SearchAction","target":{"@type":"EntryPoint","urlTemplate":"https:\/\/najnaj.eu\/sl\/?s={search_term_string}"},"query-input":{"@type":"PropertyValueSpecification","valueRequired":true,"valueName":"search_term_string"}}],"inLanguage":"sl-SI"},{"@type":"Organization","@id":"https:\/\/najnaj.eu\/sl\/#organization","name":"NajNaj.eu","url":"https:\/\/najnaj.eu\/sl\/","logo":{"@type":"ImageObject","inLanguage":"sl-SI","@id":"https:\/\/najnaj.eu\/sl\/#\/schema\/logo\/image\/","url":"https:\/\/najnaj.eu\/wp-content\/uploads\/2023\/09\/logo_Najnaj_2023.svg","contentUrl":"https:\/\/najnaj.eu\/wp-content\/uploads\/2023\/09\/logo_Najnaj_2023.svg","width":501,"height":278,"caption":"NajNaj.eu"},"image":{"@id":"https:\/\/najnaj.eu\/sl\/#\/schema\/logo\/image\/"},"sameAs":["https:\/\/web.facebook.com\/najnaj.eu\/","https:\/\/www.instagram.com\/najnaj.eu\/","https:\/\/www.tiktok.com\/@najnaj.eu"]}]},"product_price_amount":"1528.00","product_price_currency":"EUR","og_availability":"backorder","product_availability":"available for order","product_retailer_item_id":"IC2540-31","product_condition":"new"},"_links":{"self":[{"href":"https:\/\/najnaj.eu\/sl\/wp-json\/wp\/v2\/product\/194064","targetHints":{"allow":["GET"]}}],"collection":[{"href":"https:\/\/najnaj.eu\/sl\/wp-json\/wp\/v2\/product"}],"about":[{"href":"https:\/\/najnaj.eu\/sl\/wp-json\/wp\/v2\/types\/product"}],"replies":[{"embeddable":true,"href":"https:\/\/najnaj.eu\/sl\/wp-json\/wp\/v2\/comments?post=194064"}],"version-history":[{"count":0,"href":"https:\/\/najnaj.eu\/sl\/wp-json\/wp\/v2\/product\/194064\/revisions"}],"wp:featuredmedia":[{"embeddable":true,"href":"https:\/\/najnaj.eu\/sl\/wp-json\/wp\/v2\/media\/165508"}],"wp:attachment":[{"href":"https:\/\/najnaj.eu\/sl\/wp-json\/wp\/v2\/media?parent=194064"}],"wp:term":[{"taxonomy":"product_brand","embeddable":true,"href":"https:\/\/najnaj.eu\/sl\/wp-json\/wp\/v2\/product_brand?post=194064"},{"taxonomy":"product_cat","embeddable":true,"href":"https:\/\/najnaj.eu\/sl\/wp-json\/wp\/v2\/product_cat?post=194064"},{"taxonomy":"product_tag","embeddable":true,"href":"https:\/\/najnaj.eu\/sl\/wp-json\/wp\/v2\/product_tag?post=194064"}],"curies":[{"name":"wp","href":"https:\/\/api.w.org\/{rel}","templated":true}]}}