{"id":194037,"date":"2025-01-06T07:26:47","date_gmt":"2025-01-06T06:26:47","guid":{"rendered":"https:\/\/najnaj.eu\/proizvod\/icandy-peach-7-vozicek-2v1-temno-siv\/"},"modified":"2025-02-06T10:02:23","modified_gmt":"2025-02-06T09:02:23","slug":"icandy-peach-7-vozicek-2v1-temno-siv","status":"publish","type":"product","link":"https:\/\/najnaj.eu\/sl\/izdelek\/icandy-peach-7-vozicek-2v1-temno-siv\/","title":{"rendered":"iCandy Peach 7 vozi\u010dek 2v1, temno siv"},"content":{"rendered":"<p>Popoln potovalni sistem<br \/>\nPopoln potovalni sistem za vse potrebe star\u0161ev &#8211; primeren za otroke od rojstva do 25 kg (15 kg na booster adapterjih), saj je na voljo kot paket 2v1 &#8211; s ko\u0161aro za novorojen\u010dka in sede\u017eem. Poleg tega lahko s prilo\u017eenimi adapterji za avtosede\u017e v paketu zdru\u017eljiv otro\u0161ki avtosede\u017e pritrdite na \u0161asijo vozi\u010dka v samo nekaj sekundah in tako ustvarite popoln potovalni sistem 3 v 1, ki omogo\u010da enostavno potovanje, na cesti in v avtu.<\/p>\n<p>Enostavnost nadgradnje &#8220;od enega do dvojnega&#8221;.<br \/>\nICandy Peach 7 je mogo\u010de preprosto spremeniti v otro\u0161ki vozi\u010dek za dvoj\u010dka ali dva otroka razli\u010dnih starosti z uporabo inovativnih adapterjev iCandy \u2013 popolnoma preprosto za rasto\u010do dru\u017eino. S preprostostjo in lahkotnostjo prilagajanja dizajn vozi\u010dka iCandy ostaja brezkompromisen tudi v mo\u017enosti za dva otroka ali za dvoj\u010dka.<\/p>\n<p>Nastavljiv naslon za glavo<br \/>\nNastavljiv naslon za glavo in pasovi so preprosta in izjemno priro\u010dna funkcija, hkrati pa ohranjajo najpomembnej\u0161o oporo za va\u0161ega otroka. Nov enostavno nastavljiv &#8220;Pop-Up&#8221; pas sledi vi\u0161ini va\u0161ega otroka in se premika hitro in enostavno z eno roko &#8211; adijo od vle\u010denja pasov in zapletenega prilagajanja trakov, zdaj s premi\u010dno oporo za glavo, ki zagotavlja vrhunsko udobje.<\/p>\n<p>Moderne tkanine in brez\u010dasen stil<br \/>\nElegantna estetika modela vozi\u010dka iCandy Peach 7 zagotavlja brez\u010dasen stil, z vzorcem.<\/p>\n<p>Deska za vo\u017enjo<br \/>\nIntegrirana plo\u0161\u010da Ride-On Board ponuja brezhibno re\u0161itev za dru\u017eino z novorojen\u010dkom in mal\u010dkom, ki shodi, vendar \u0161e vedno potrebuje pomo\u010d. Protizdrsna plo\u0161\u010dad z nosilnostjo do 20 kg je popolna prakti\u010dna re\u0161itev za majhne utrujene nogice, brez potrebe po dodatnih kosovnih dodatkih. Pravi re\u0161itelj na poti v vrtec ali trgovino!<\/p>\n<p>Popolnoma prilagodljiv<br \/>\nNaslonjalo sede\u017ea, ki ga je mogo\u010de z eno roko preprosto spremeniti v \u0161tiri polo\u017eaje, in nastavljiva opora za noge zagotavljata vrhunsko udobje otrokove vo\u017enje.<\/p>\n<p>Torba Pip-Zip<br \/>\nSedma generacija otro\u0161kega vozi\u010dka iCandy Peach nam prina\u0161a \u0161e eno izjemno prakti\u010dno podrobnost: torbo na hrbtni strani sede\u017ea je mogo\u010de popolnoma odstraniti. Z dvema prakti\u010dnima odprtinama z zadrgo, ro\u010dajem za no\u0161enje v roki in trakom za no\u0161enje na hrbtu je domiselna torba &#8216;Pip-Zip&#8217; popoln prostor za shranjevanje vsakdanjih potreb\u0161\u010din, ko ste na poti (mobilni telefon , klju\u010di, denarnica &#8230;). Odli\u010dna varnostna funkcija za situacije, ko je treba otro\u0161ki vozi\u010dek parkirati, torbo &#8216;Pip-Zip&#8217; lahko preprosto zapnete na zadrgo in jo vzamete s seboj, kar pomeni, da imate lahko svoje dragocenosti vedno pri roki (ali na hrbtu kot mini nahrbtnik da imate proste roke).<\/p>\n<p>Varno spanje &#8211; potovalna posteljica ni potrebna!<br \/>\nProstorna ko\u0161ara za novorojen\u010dka je podlo\u017eena z mehkim luksuznim materialom in je primerna za celono\u010dno spanje &#8211; pozabite na no\u0161enje potovalne posteljice na izlete, morje ali pri babici. Ko\u0161ara za novorojen\u010dka je odli\u010dna re\u0161itev!<\/p>\n<p>Bli\u017eina in povezanost, udobje in prakti\u010dnost<br \/>\nModel vozi\u010dka iCandy Peach 7 ponuja mo\u017enost postavitve ko\u0161are za novorojen\u010dka in sede\u017enega dela v obe smeri \u2013 obrnjena proti star\u0161em ali obrnjena proti svetu, kot tudi mo\u017enost namestitve booster adapterja za \u0161e bolj\u0161o interakcijo z otrokom. S postavitvijo booster adapterja v smeri proti star\u0161em v kombinaciji s ko\u0161aro za novorojen\u010dka vam bo va\u0161 dojen\u010dek na sprehodih \u0161e bli\u017eje. S postavitvijo oja\u010devalnika v smeri stran od star\u0161ev se ustvari dodaten prostor med star\u0161em in ko\u0161aro\/sede\u017eem \u2013 idealno za starej\u0161ega otroka za vo\u017enjo na sistemu Ride-On Board.V kombinaciji s sede\u017eem, obrnjenim stran od star\u0161 in adapterji so prav tako name\u0161\u010deni stran od star\u0161ev, otrok ima dostop do jedilne mize &#8211; u\u017eivajte v dru\u017einskih trenutkih v restavraciji, pri babici ali doma brez dodatnih obse\u017enih podajalnikov &#8211; samo prinesite vozi\u010dek k mizi.<\/p>\n<p>Enostavno in izjemno uporabno<br \/>\nRaztegljiva nepremo\u010dljiva strehica z veliko mre\u017easto odprtino za zra\u010denje in za\u0161\u010dito pred soncem SPF 50+.<br \/>\nIzjemno gladka vo\u017enja s kolesi iz PU pene, odpornimi na predrtje, z dodatno sredinsko izboklino za manj\u0161o obrabo materiala.<br \/>\nEnostavno zlaganje z eno roko, z avtomatskim zaklepanjem vozi\u010dka.<br \/>\nV zlo\u017eenem stanju je vozi\u010dek kompakten in samostoje\u010d, prilo\u017een pa je tudi trak za la\u017eje prena\u0161anje.<br \/>\nProstorna spodnja ko\u0161ara s prostornino 44 L, ki prenese te\u017eo do 10 kg, z integrirano odto\u010dno odprtino.<br \/>\nRaztegljiv ro\u010daj za upravljanje vozi\u010dkov vi\u0161ine 95 &#8211; 105 cm &#8211; idealen za vse star\u0161e, \u0161e posebej visoke!<br \/>\nGarancija: 5 let.<\/p>\n<p>Preverite zdru\u017eljivost avtosede\u017eev tukaj: https:\/\/www.icandyworld.com.hr\/kompatibilinost-s-autosjedalicama\/.<\/p>\n<p>RAZPOLO\u017dLJIVI DODATKI*:<br \/>\niCandy Duopod (zimska vre\u010da + prevleka za sede\u017e, na voljo v barvah vozi\u010dka)<br \/>\niCandy previjalna torba (na voljo v barvah vozi\u010dka)<br \/>\nObjemka za de\u017enike\/dr\u017ealo za steklenice iCandy Peach<br \/>\nuniverzalni sen\u010dnik (prilega se vsem modelom vozi\u010dkov iCandy)<br \/>\nuniverzalno dr\u017ealo za stekleni\u010dko ali skodelico (prilega se vsem modelom vozi\u010dkov iCandy)<br \/>\nuniverzalna mre\u017ea proti mr\u010desu, ki je tudi sen\u010dilo SPF 50+ za za\u0161\u010dito pred soncem (prilega se vsem modelom vozi\u010dkov iCandy)<br \/>\n*Dodatki se kupujejo lo\u010deno od osnovnega paketa, dobavljivost v barvah vozi\u010dka.<\/p>\n<p>RAZPOLO\u017dLJIVE BARVE:<br \/>\nBlack Edition \u2013 prihaja v kombinaciji s \u010drnim podvozjem<br \/>\nTemno sivi Phantom &#8211; na voljo v kombinaciji s podvozjem Phantom<br \/>\nTruffle &#8211; prihaja v kombinaciji s podvozjem Phantom<br \/>\nSvetlo siva &#8211; na voljo v kombinaciji s podvozjem Phantom<br \/>\nOlive Green &#8211; na voljo v kombinaciji s podvozjem Phantom<\/p>\n<p><strong>Oglejte si predstavitveni video tukaj:<\/strong><\/p>\n<div style=\"width: 320px;\" class=\"wp-video\"><video class=\"wp-video-shortcode\" id=\"video-194037-1\" width=\"320\" height=\"570\" preload=\"metadata\" controls=\"controls\"><source type=\"video\/mp4\" src=\"https:\/\/najnaj.eu\/wp-content\/uploads\/2023\/08\/Peach-7-low-res.mp4?_=1\" \/><a href=\"https:\/\/najnaj.eu\/wp-content\/uploads\/2023\/08\/Peach-7-low-res.mp4\">https:\/\/najnaj.eu\/wp-content\/uploads\/2023\/08\/Peach-7-low-res.mp4<\/a><\/video><\/div>\n<p>&nbsp;<\/p>\n<p>TEHNI\u010cNE SPECIFIKACIJE:<\/p>\n<p>Vi\u0161ina krmilnega ro\u010daja (cm): 95 do 105<br \/>\nKo\u0161ara (L\/kg): 44 \/ 10<br \/>\nSkupna te\u017ea vozi\u010dka: 12,9 kg<br \/>\nMinimalna te\u017ea vozi\u010dka: 7,1 kg<br \/>\nMaksimalna obremenitev sedi\u0161\u010da: 25 kg brez dvigalk, 15 kg z dvigalkami<br \/>\nMaksimalna obremenitev sedalnega dela za dvoj\u010dke ali dva razli\u010dno stara otroka: 15 kg<\/p>\n","protected":false},"excerpt":{"rendered":"<p>Najbolj\u0161i vozi\u010dek za prvorojence<br \/>\nSvetovno znani britanski luksuzni vozi\u010dek iCandy v svoji sedmi generaciji modela Peach.<br \/>\nPrefinjen dizajn, skrbno izbrani materiali in tkanine ter neprimerljiva funkcionalnost vtkani v en vozi\u010dek &#8211; iCandy Peach 7.<\/p>\n<p>Set 2v1 vsebuje:<\/p>\n<ul>\n<li>vozi\u010dek (\u0161asija) z integrirano platformo za starej\u0161ega otroka (Ride on board)<\/li>\n<li>material za ko\u0161aro za novorojen\u010dka<\/li>\n<li>material za sede\u017eni del<\/li>\n<li>ogrodje za zibelko\/sede\u017e za novorojen\u010dka<\/li>\n<li>Za\u0161\u010ditni faktor SPF50+<\/li>\n<li>adapterji za avtomobilske sede\u017ee<\/li>\n<li>adapterji za dviganje<\/li>\n<li>pokrivalo za de\u017e<\/li>\n<li>Od rojstva do 25 kg.<\/li>\n<li>Mo\u017ena nadgradnja za dva otroka ali za dvoj\u010dka.<\/li>\n<\/ul>\n<p>Zdru\u017eljivost avtosede\u017ea preverite <a href=\"https:\/\/www.icandyworld.com\/comparison\/car-seat-compatibility\">tukaj.<\/a><\/p>\n<p>&nbsp;<\/p>\n","protected":false},"featured_media":162420,"comment_status":"open","ping_status":"closed","template":"","meta":{"_acf_changed":false,"footnotes":""},"product_brand":[],"product_cat":[1705],"product_tag":[],"class_list":{"0":"post-194037","1":"product","2":"type-product","3":"status-publish","4":"has-post-thumbnail","6":"product_cat-nekategorizirano","8":"first","9":"onbackorder","10":"purchasable","11":"product-type-simple"},"bundled_by":[],"bundle_stock_status":"onbackorder","bundle_stock_quantity":0,"bundle_virtual":false,"bundle_layout":"","bundle_add_to_cart_form_location":"","bundle_editable_in_cart":false,"bundle_sold_individually_context":"","bundle_item_grouping":"","bundle_min_size":"","bundle_max_size":"","bundle_price":[],"bundled_items":[],"bundle_sell_ids":[],"acf":[],"yoast_head":"<!-- This site is optimized with the Yoast SEO Premium plugin v21.5 (Yoast SEO v27.4) - https:\/\/yoast.com\/product\/yoast-seo-premium-wordpress\/ -->\n<title>iCandy Peach 7 vozi\u010dek 2v1, temno siv - NajNaj.eu<\/title>\n<meta name=\"robots\" content=\"index, follow, max-snippet:-1, max-image-preview:large, max-video-preview:-1\" \/>\n<link rel=\"canonical\" href=\"https:\/\/najnaj.eu\/sl\/izdelek\/icandy-peach-7-vozicek-2v1-temno-siv\/\" \/>\n<meta property=\"og:locale\" content=\"sl_SI\" \/>\n<meta property=\"og:type\" content=\"article\" \/>\n<meta property=\"og:title\" content=\"iCandy Peach 7 vozi\u010dek 2v1, temno siv\" \/>\n<meta property=\"og:description\" content=\"Najbolj\u0161i vozi\u010dek za prvorojence Svetovno znani britanski luksuzni vozi\u010dek iCandy v svoji sedmi generaciji modela Peach. Prefinjen dizajn, skrbno izbrani materiali in tkanine ter neprimerljiva funkcionalnost vtkani v en vozi\u010dek - iCandy Peach 7. Set 2v1 vsebuje:  vozi\u010dek (\u0161asija) z integrirano platformo za starej\u0161ega otroka (Ride on board)  material za ko\u0161aro za novorojen\u010dka  material za sede\u017eni del  ogrodje za zibelko\/sede\u017e za novorojen\u010dka  Za\u0161\u010ditni faktor SPF50+  adapterji za avtomobilske sede\u017ee  adapterji za dviganje  pokrivalo za de\u017e  Od rojstva do 25 kg.  Mo\u017ena nadgradnja za dva otroka ali za dvoj\u010dka. Zdru\u017eljivost avtosede\u017ea preverite tukaj. &nbsp;\" \/>\n<meta property=\"og:url\" content=\"https:\/\/najnaj.eu\/sl\/izdelek\/icandy-peach-7-vozicek-2v1-temno-siv\/\" \/>\n<meta property=\"og:site_name\" content=\"NajNaj.eu\" \/>\n<meta property=\"article:publisher\" content=\"https:\/\/web.facebook.com\/najnaj.eu\/\" \/>\n<meta property=\"article:modified_time\" content=\"2025-02-06T09:02:23+00:00\" \/>\n<meta property=\"og:image\" content=\"https:\/\/najnaj.eu\/wp-content\/uploads\/2023\/08\/Image_1_iCandy_Peach_7_Dark_Grey_3_4_SU_PF_CC_3_4_COMBO.jpg\" \/>\n\t<meta property=\"og:image:width\" content=\"940\" \/>\n\t<meta property=\"og:image:height\" content=\"1000\" \/>\n\t<meta property=\"og:image:type\" content=\"image\/jpeg\" \/>\n<meta name=\"twitter:card\" content=\"summary_large_image\" \/>\n<meta name=\"twitter:label1\" content=\"Price\" \/>\n\t<meta name=\"twitter:data1\" content=\"1.299,00&nbsp;&euro;\" \/>\n\t<meta name=\"twitter:label2\" content=\"Availability\" \/>\n\t<meta name=\"twitter:data2\" content=\"On backorder\" \/>\n<script type=\"application\/ld+json\" class=\"yoast-schema-graph\">{\"@context\":\"https:\\\/\\\/schema.org\",\"@graph\":[{\"@type\":\"WebPage\",\"@id\":\"https:\\\/\\\/najnaj.eu\\\/sl\\\/izdelek\\\/icandy-peach-7-vozicek-2v1-temno-siv\\\/\",\"url\":\"https:\\\/\\\/najnaj.eu\\\/sl\\\/izdelek\\\/icandy-peach-7-vozicek-2v1-temno-siv\\\/\",\"name\":\"iCandy Peach 7 vozi\u010dek 2v1, temno siv - NajNaj.eu\",\"isPartOf\":{\"@id\":\"https:\\\/\\\/najnaj.eu\\\/sl\\\/#website\"},\"primaryImageOfPage\":{\"@id\":\"https:\\\/\\\/najnaj.eu\\\/sl\\\/izdelek\\\/icandy-peach-7-vozicek-2v1-temno-siv\\\/#primaryimage\"},\"image\":{\"@id\":\"https:\\\/\\\/najnaj.eu\\\/sl\\\/izdelek\\\/icandy-peach-7-vozicek-2v1-temno-siv\\\/#primaryimage\"},\"thumbnailUrl\":\"https:\\\/\\\/najnaj.eu\\\/wp-content\\\/uploads\\\/2023\\\/08\\\/Image_1_iCandy_Peach_7_Dark_Grey_3_4_SU_PF_CC_3_4_COMBO.jpg\",\"datePublished\":\"2025-01-06T06:26:47+00:00\",\"dateModified\":\"2025-02-06T09:02:23+00:00\",\"breadcrumb\":{\"@id\":\"https:\\\/\\\/najnaj.eu\\\/sl\\\/izdelek\\\/icandy-peach-7-vozicek-2v1-temno-siv\\\/#breadcrumb\"},\"inLanguage\":\"sl-SI\",\"potentialAction\":[{\"@type\":\"ReadAction\",\"target\":[\"https:\\\/\\\/najnaj.eu\\\/sl\\\/izdelek\\\/icandy-peach-7-vozicek-2v1-temno-siv\\\/\"]}]},{\"@type\":\"ImageObject\",\"inLanguage\":\"sl-SI\",\"@id\":\"https:\\\/\\\/najnaj.eu\\\/sl\\\/izdelek\\\/icandy-peach-7-vozicek-2v1-temno-siv\\\/#primaryimage\",\"url\":\"https:\\\/\\\/najnaj.eu\\\/wp-content\\\/uploads\\\/2023\\\/08\\\/Image_1_iCandy_Peach_7_Dark_Grey_3_4_SU_PF_CC_3_4_COMBO.jpg\",\"contentUrl\":\"https:\\\/\\\/najnaj.eu\\\/wp-content\\\/uploads\\\/2023\\\/08\\\/Image_1_iCandy_Peach_7_Dark_Grey_3_4_SU_PF_CC_3_4_COMBO.jpg\",\"width\":940,\"height\":1000},{\"@type\":\"BreadcrumbList\",\"@id\":\"https:\\\/\\\/najnaj.eu\\\/sl\\\/izdelek\\\/icandy-peach-7-vozicek-2v1-temno-siv\\\/#breadcrumb\",\"itemListElement\":[{\"@type\":\"ListItem\",\"position\":1,\"name\":\"Po\u010detna stranica\",\"item\":\"https:\\\/\\\/najnaj.eu\\\/sl\\\/prednja-stran\\\/\"},{\"@type\":\"ListItem\",\"position\":2,\"name\":\"Shop\",\"item\":\"https:\\\/\\\/najnaj.eu\\\/sl\\\/shop\\\/\"},{\"@type\":\"ListItem\",\"position\":3,\"name\":\"iCandy Peach 7 vozi\u010dek 2v1, temno siv\"}]},{\"@type\":\"WebSite\",\"@id\":\"https:\\\/\\\/najnaj.eu\\\/sl\\\/#website\",\"url\":\"https:\\\/\\\/najnaj.eu\\\/sl\\\/\",\"name\":\"NajNaj.eu\",\"description\":\"Za najva\u017enije!\",\"publisher\":{\"@id\":\"https:\\\/\\\/najnaj.eu\\\/sl\\\/#organization\"},\"potentialAction\":[{\"@type\":\"SearchAction\",\"target\":{\"@type\":\"EntryPoint\",\"urlTemplate\":\"https:\\\/\\\/najnaj.eu\\\/sl\\\/?s={search_term_string}\"},\"query-input\":{\"@type\":\"PropertyValueSpecification\",\"valueRequired\":true,\"valueName\":\"search_term_string\"}}],\"inLanguage\":\"sl-SI\"},{\"@type\":\"Organization\",\"@id\":\"https:\\\/\\\/najnaj.eu\\\/sl\\\/#organization\",\"name\":\"NajNaj.eu\",\"url\":\"https:\\\/\\\/najnaj.eu\\\/sl\\\/\",\"logo\":{\"@type\":\"ImageObject\",\"inLanguage\":\"sl-SI\",\"@id\":\"https:\\\/\\\/najnaj.eu\\\/sl\\\/#\\\/schema\\\/logo\\\/image\\\/\",\"url\":\"https:\\\/\\\/najnaj.eu\\\/wp-content\\\/uploads\\\/2023\\\/09\\\/logo_Najnaj_2023.svg\",\"contentUrl\":\"https:\\\/\\\/najnaj.eu\\\/wp-content\\\/uploads\\\/2023\\\/09\\\/logo_Najnaj_2023.svg\",\"width\":501,\"height\":278,\"caption\":\"NajNaj.eu\"},\"image\":{\"@id\":\"https:\\\/\\\/najnaj.eu\\\/sl\\\/#\\\/schema\\\/logo\\\/image\\\/\"},\"sameAs\":[\"https:\\\/\\\/web.facebook.com\\\/najnaj.eu\\\/\",\"https:\\\/\\\/www.instagram.com\\\/najnaj.eu\\\/\",\"https:\\\/\\\/www.tiktok.com\\\/@najnaj.eu\"]}]}<\/script>\n<meta property=\"product:price:amount\" content=\"1299.00\" \/>\n<meta property=\"product:price:currency\" content=\"EUR\" \/>\n<meta property=\"og:availability\" content=\"backorder\" \/>\n<meta property=\"product:availability\" content=\"available for order\" \/>\n<meta property=\"product:retailer_item_id\" content=\"IC2540\" \/>\n<meta property=\"product:condition\" content=\"new\" \/>\n<!-- \/ Yoast SEO Premium plugin. -->","yoast_head_json":{"title":"iCandy Peach 7 vozi\u010dek 2v1, temno siv - NajNaj.eu","robots":{"index":"index","follow":"follow","max-snippet":"max-snippet:-1","max-image-preview":"max-image-preview:large","max-video-preview":"max-video-preview:-1"},"canonical":"https:\/\/najnaj.eu\/sl\/izdelek\/icandy-peach-7-vozicek-2v1-temno-siv\/","og_locale":"sl_SI","og_type":"article","og_title":"iCandy Peach 7 vozi\u010dek 2v1, temno siv","og_description":"Najbolj\u0161i vozi\u010dek za prvorojence Svetovno znani britanski luksuzni vozi\u010dek iCandy v svoji sedmi generaciji modela Peach. Prefinjen dizajn, skrbno izbrani materiali in tkanine ter neprimerljiva funkcionalnost vtkani v en vozi\u010dek - iCandy Peach 7. Set 2v1 vsebuje:  vozi\u010dek (\u0161asija) z integrirano platformo za starej\u0161ega otroka (Ride on board)  material za ko\u0161aro za novorojen\u010dka  material za sede\u017eni del  ogrodje za zibelko\/sede\u017e za novorojen\u010dka  Za\u0161\u010ditni faktor SPF50+  adapterji za avtomobilske sede\u017ee  adapterji za dviganje  pokrivalo za de\u017e  Od rojstva do 25 kg.  Mo\u017ena nadgradnja za dva otroka ali za dvoj\u010dka. Zdru\u017eljivost avtosede\u017ea preverite tukaj. &nbsp;","og_url":"https:\/\/najnaj.eu\/sl\/izdelek\/icandy-peach-7-vozicek-2v1-temno-siv\/","og_site_name":"NajNaj.eu","article_publisher":"https:\/\/web.facebook.com\/najnaj.eu\/","article_modified_time":"2025-02-06T09:02:23+00:00","og_image":[{"width":940,"height":1000,"url":"https:\/\/najnaj.eu\/wp-content\/uploads\/2023\/08\/Image_1_iCandy_Peach_7_Dark_Grey_3_4_SU_PF_CC_3_4_COMBO.jpg","type":"image\/jpeg"}],"twitter_card":"summary_large_image","twitter_misc":{"Price":"1.299,00&nbsp;&euro;","Availability":"On backorder"},"schema":{"@context":"https:\/\/schema.org","@graph":[{"@type":"WebPage","@id":"https:\/\/najnaj.eu\/sl\/izdelek\/icandy-peach-7-vozicek-2v1-temno-siv\/","url":"https:\/\/najnaj.eu\/sl\/izdelek\/icandy-peach-7-vozicek-2v1-temno-siv\/","name":"iCandy Peach 7 vozi\u010dek 2v1, temno siv - NajNaj.eu","isPartOf":{"@id":"https:\/\/najnaj.eu\/sl\/#website"},"primaryImageOfPage":{"@id":"https:\/\/najnaj.eu\/sl\/izdelek\/icandy-peach-7-vozicek-2v1-temno-siv\/#primaryimage"},"image":{"@id":"https:\/\/najnaj.eu\/sl\/izdelek\/icandy-peach-7-vozicek-2v1-temno-siv\/#primaryimage"},"thumbnailUrl":"https:\/\/najnaj.eu\/wp-content\/uploads\/2023\/08\/Image_1_iCandy_Peach_7_Dark_Grey_3_4_SU_PF_CC_3_4_COMBO.jpg","datePublished":"2025-01-06T06:26:47+00:00","dateModified":"2025-02-06T09:02:23+00:00","breadcrumb":{"@id":"https:\/\/najnaj.eu\/sl\/izdelek\/icandy-peach-7-vozicek-2v1-temno-siv\/#breadcrumb"},"inLanguage":"sl-SI","potentialAction":[{"@type":"ReadAction","target":["https:\/\/najnaj.eu\/sl\/izdelek\/icandy-peach-7-vozicek-2v1-temno-siv\/"]}]},{"@type":"ImageObject","inLanguage":"sl-SI","@id":"https:\/\/najnaj.eu\/sl\/izdelek\/icandy-peach-7-vozicek-2v1-temno-siv\/#primaryimage","url":"https:\/\/najnaj.eu\/wp-content\/uploads\/2023\/08\/Image_1_iCandy_Peach_7_Dark_Grey_3_4_SU_PF_CC_3_4_COMBO.jpg","contentUrl":"https:\/\/najnaj.eu\/wp-content\/uploads\/2023\/08\/Image_1_iCandy_Peach_7_Dark_Grey_3_4_SU_PF_CC_3_4_COMBO.jpg","width":940,"height":1000},{"@type":"BreadcrumbList","@id":"https:\/\/najnaj.eu\/sl\/izdelek\/icandy-peach-7-vozicek-2v1-temno-siv\/#breadcrumb","itemListElement":[{"@type":"ListItem","position":1,"name":"Po\u010detna stranica","item":"https:\/\/najnaj.eu\/sl\/prednja-stran\/"},{"@type":"ListItem","position":2,"name":"Shop","item":"https:\/\/najnaj.eu\/sl\/shop\/"},{"@type":"ListItem","position":3,"name":"iCandy Peach 7 vozi\u010dek 2v1, temno siv"}]},{"@type":"WebSite","@id":"https:\/\/najnaj.eu\/sl\/#website","url":"https:\/\/najnaj.eu\/sl\/","name":"NajNaj.eu","description":"Za najva\u017enije!","publisher":{"@id":"https:\/\/najnaj.eu\/sl\/#organization"},"potentialAction":[{"@type":"SearchAction","target":{"@type":"EntryPoint","urlTemplate":"https:\/\/najnaj.eu\/sl\/?s={search_term_string}"},"query-input":{"@type":"PropertyValueSpecification","valueRequired":true,"valueName":"search_term_string"}}],"inLanguage":"sl-SI"},{"@type":"Organization","@id":"https:\/\/najnaj.eu\/sl\/#organization","name":"NajNaj.eu","url":"https:\/\/najnaj.eu\/sl\/","logo":{"@type":"ImageObject","inLanguage":"sl-SI","@id":"https:\/\/najnaj.eu\/sl\/#\/schema\/logo\/image\/","url":"https:\/\/najnaj.eu\/wp-content\/uploads\/2023\/09\/logo_Najnaj_2023.svg","contentUrl":"https:\/\/najnaj.eu\/wp-content\/uploads\/2023\/09\/logo_Najnaj_2023.svg","width":501,"height":278,"caption":"NajNaj.eu"},"image":{"@id":"https:\/\/najnaj.eu\/sl\/#\/schema\/logo\/image\/"},"sameAs":["https:\/\/web.facebook.com\/najnaj.eu\/","https:\/\/www.instagram.com\/najnaj.eu\/","https:\/\/www.tiktok.com\/@najnaj.eu"]}]},"product_price_amount":"1299.00","product_price_currency":"EUR","og_availability":"backorder","product_availability":"available for order","product_retailer_item_id":"IC2540","product_condition":"new"},"_links":{"self":[{"href":"https:\/\/najnaj.eu\/sl\/wp-json\/wp\/v2\/product\/194037","targetHints":{"allow":["GET"]}}],"collection":[{"href":"https:\/\/najnaj.eu\/sl\/wp-json\/wp\/v2\/product"}],"about":[{"href":"https:\/\/najnaj.eu\/sl\/wp-json\/wp\/v2\/types\/product"}],"replies":[{"embeddable":true,"href":"https:\/\/najnaj.eu\/sl\/wp-json\/wp\/v2\/comments?post=194037"}],"version-history":[{"count":0,"href":"https:\/\/najnaj.eu\/sl\/wp-json\/wp\/v2\/product\/194037\/revisions"}],"wp:featuredmedia":[{"embeddable":true,"href":"https:\/\/najnaj.eu\/sl\/wp-json\/wp\/v2\/media\/162420"}],"wp:attachment":[{"href":"https:\/\/najnaj.eu\/sl\/wp-json\/wp\/v2\/media?parent=194037"}],"wp:term":[{"taxonomy":"product_brand","embeddable":true,"href":"https:\/\/najnaj.eu\/sl\/wp-json\/wp\/v2\/product_brand?post=194037"},{"taxonomy":"product_cat","embeddable":true,"href":"https:\/\/najnaj.eu\/sl\/wp-json\/wp\/v2\/product_cat?post=194037"},{"taxonomy":"product_tag","embeddable":true,"href":"https:\/\/najnaj.eu\/sl\/wp-json\/wp\/v2\/product_tag?post=194037"}],"curies":[{"name":"wp","href":"https:\/\/api.w.org\/{rel}","templated":true}]}}