{"id":194036,"date":"2025-01-03T10:26:58","date_gmt":"2025-01-03T09:26:58","guid":{"rendered":"https:\/\/najnaj.eu\/proizvod\/vozicek-icandy-peach-7-za-dva-otroka-razlicnih-starosti-black-edition\/"},"modified":"2025-02-06T10:06:33","modified_gmt":"2025-02-06T09:06:33","slug":"vozicek-icandy-peach-7-za-dva-otroka-razlicnih-starosti-black-edition","status":"publish","type":"product","link":"https:\/\/najnaj.eu\/sl\/izdelek\/vozicek-icandy-peach-7-za-dva-otroka-razlicnih-starosti-black-edition\/","title":{"rendered":"Vozi\u010dek iCandy Peach 7 za dva otroka razli\u010dnih starosti, Black Edition"},"content":{"rendered":"<p><strong>Popoln potovalni sistem<\/strong><br \/>\nPopoln potovalni sistem za vse potrebe star\u0161ev &#8211; primeren za otroke od rojstva do 25 kg (15 kg na adapterjih za dvig sede\u017ea ali adapterjih za avtosede\u017e). Na voljo je v paketu 2v1 &#8211; eno ohi\u0161je, s ko\u0161aro za novorojen\u010dka in 2 sede\u017enima deloma. Poleg tega lahko s prilo\u017eenimi adapterji za avtosede\u017e v paketu zdru\u017eljiv otro\u0161ki avtosede\u017e pritrdite na \u0161asijo vozi\u010dka v samo nekaj sekundah in tako ustvarite popoln potovalni sistem 3 v 1, ki omogo\u010da enostavno potovanje, na cesti in v avtu. Mo\u017enost vo\u017enje dveh razli\u010dno starih otrok v razli\u010dnih kombinacijah (ko\u0161ara za novorojen\u010dka + sede\u017e, 2 sede\u017ea, kombinacija z avtosede\u017eem, dva avtosede\u017ea&#8230; itd.)<br \/>\nU\u017eivajte v vsakem trenutku, ko hkrati vozite svoja dva razli\u010dno stara otroka v poljubni kombinaciji in ne skrbite \u2013 vozi\u010dek iCandy se ponosno prilega skozi skoraj vsa vrata, saj z namestitvijo drugega avtosede\u017ea\/sedi\u0161\u010da \u0161irina vozi\u010dka ostane enaka. enako!<\/p>\n<p><strong>Enostavnost nadgradnje &#8220;Single to Double&#8221;.<\/strong><br \/>\nICandy Peach 7 je mogo\u010de preprosto spremeniti v otro\u0161ki vozi\u010dek za dvoj\u010dka ali dva otroka razli\u010dnih starosti z uporabo inovativnih adapterjev iCandy \u2013 popolnoma preprosto za rasto\u010do dru\u017eino. S preprostostjo in lahkotnostjo prilagajanja dizajn vozi\u010dka iCandy ostaja brezkompromisen tudi v mo\u017enosti za dva otroka ali za dvoj\u010dka.<\/p>\n<p><strong>Nastavljiv naslon za glavo<\/strong><br \/>\nNastavljiv naslon za glavo in pasovi so preprosta in izjemno priro\u010dna funkcija, hkrati pa ohranjajo najpomembnej\u0161o oporo za va\u0161ega otroka. Nov enostavno nastavljiv &#8220;Pop-Up&#8221; pas sledi vi\u0161ini va\u0161ega otroka in se premika hitro in enostavno z eno roko &#8211; adijo od vle\u010denja pasov in zapletenega prilagajanja trakov, zdaj s premi\u010dno oporo za glavo, ki zagotavlja vrhunsko udobje.<\/p>\n<p><strong>Moderne tkanine in brez\u010dasen stil<\/strong><br \/>\nElegantna estetika modela vozi\u010dka iCandy Peach 7 zagotavlja brez\u010dasen stil, z vzorcem.<\/p>\n<p><strong>Deska za vo\u017enjo<\/strong><br \/>\nIntegrirana plo\u0161\u010da Ride-On Board ponuja brezhibno re\u0161itev za dru\u017eino z novorojen\u010dkom in mal\u010dkom, ki shodi, vendar \u0161e vedno potrebuje pomo\u010d. Protizdrsna plo\u0161\u010dad z nosilnostjo do 20 kg je popolna prakti\u010dna re\u0161itev za majhne utrujene nogice, brez potrebe po dodatnih kosovnih dodatkih. Pravi re\u0161itelj na poti v vrtec ali trgovino!<\/p>\n<p><strong>Popolnoma prilagodljiv<\/strong><br \/>\nNaslonjalo sede\u017ea, ki ga je mogo\u010de z eno roko preprosto spremeniti v \u0161tiri polo\u017eaje, in nastavljiva opora za noge zagotavljata vrhunsko udobje otrokove vo\u017enje.<\/p>\n<p><strong>Torba Pip-Zip<\/strong><br \/>\nSedma generacija otro\u0161kega vozi\u010dka iCandy Peach nam prina\u0161a \u0161e eno izjemno prakti\u010dno podrobnost: torbo na hrbtni strani sede\u017ea je mogo\u010de popolnoma odstraniti. Z dvema prakti\u010dnima odprtinama z zadrgo, ro\u010dajem za no\u0161enje v roki in trakom za no\u0161enje na hrbtu je domiselna torba &#8216;Pip-Zip&#8217; popoln prostor za shranjevanje vsakdanjih potreb\u0161\u010din, ko ste na poti (mobilni telefon , klju\u010di, denarnica &#8230;). Odli\u010dna varnostna funkcija za situacije, ko je treba otro\u0161ki vozi\u010dek parkirati, torbo &#8216;Pip-Zip&#8217; lahko enostavno zaprete in vzamete s seboj, kar pomeni, da imate lahko svoje dragocenosti vedno pri roki (ali na hrbtu kot mini nahrbtnik da imate proste roke).<\/p>\n<p><strong>Varno spanje &#8211; ni potrebe po potovalni posteljici!<\/strong><br \/>\nProstorna ko\u0161ara za novorojen\u010dka je podlo\u017eena z mehkim, luksuznim materialom in je primerna za celono\u010dno spanje &#8211; pozabite na no\u0161enje potovalne posteljice na izlete, morje ali pri babici. Ko\u0161ara za novorojen\u010dka je odli\u010dna re\u0161itev!<\/p>\n<p><strong>Bli\u017eina in povezanost, udobje in prakti\u010dnost<\/strong><br \/>\nModel vozi\u010dka iCandy Peach 7 ponuja mo\u017enost postavitve ko\u0161are za novorojen\u010dka in sede\u017enega dela v obe smeri \u2013 proti star\u0161em ali proti svetu ter mo\u017enost namestitve booster adapterja za \u0161e bolj\u0161o interakcijo z otrokom. S postavitvijo booster adapterja v smeri proti star\u0161em v kombinaciji s ko\u0161aro za novorojen\u010dka vam bo va\u0161 dojen\u010dek na sprehodih \u0161e bli\u017eje. S postavitvijo oja\u010devalnika v smeri stran od star\u0161ev se ustvari dodaten prostor med star\u0161em in ko\u0161aro\/sede\u017eem \u2013 idealno za starej\u0161ega otroka za vo\u017enjo na sistemu Ride-On Board.V kombinaciji s sede\u017eem, obrnjenim stran od star\u0161 in adapterji prav tako name\u0161\u010deni stran od star\u0161ev, otrok ima dostop do jedilne mize &#8211; u\u017eivajte v dru\u017einskih trenutkih v restavraciji, pri babici ali doma brez dodatnih obse\u017enih podajalnikov &#8211; samo prinesite vozi\u010dek k mizi.<\/p>\n<p><strong>Enostavno in izjemno uporabno<\/strong><br \/>\nRaztegljiva nepremo\u010dljiva strehica z veliko mre\u017easto odprtino za zra\u010denje in za\u0161\u010dito pred soncem SPF 50+.<br \/>\nIzjemno gladka vo\u017enja s kolesi iz PU pene, odpornimi na predrtje, z dodatno sredinsko izboklino za manj\u0161o obrabo materiala.<br \/>\nEnostavno zlaganje z eno roko, z avtomatskim zaklepanjem vozi\u010dka.<br \/>\nV zlo\u017eenem stanju je vozi\u010dek kompakten in samostoje\u010d, prilo\u017een pa je tudi trak za la\u017eje prena\u0161anje.<br \/>\nProstorna spodnja ko\u0161ara s prostornino 44 L, ki prenese te\u017eo do 10 kg, z integrirano odto\u010dno odprtino.<br \/>\nRaztegljiv ro\u010daj za krmiljenje vozi\u010dkov vi\u0161ine 95-105 cm &#8211; idealen za vse star\u0161e, \u0161e posebej visoke!<br \/>\nGarancija: 5 let.<\/p>\n<p><strong>Preverite zdru\u017eljivost avtosede\u017ea tukaj:<\/strong> https:\/\/www.icandyworld.com.hr\/kompatibilinost-s-autosjedalicama\/..<\/p>\n<p>RAZPOLO\u017dLJIVE BARVE:<\/p>\n<ul>\n<li><b><\/b><strong><b>Black Edition<\/b><\/strong> \u2013 prihaja v kombinaciji s \u010drnim podvozjem<\/li>\n<li><b><\/b><strong><b>Temno sivi Phantom<\/b><\/strong> \u2013 na voljo v kombinaciji s podvozjem Phantom<\/li>\n<li><b><\/b><strong><b>Truffle<\/b><\/strong> \u2013 na voljo v kombinaciji s podvozjem Phantom<\/li>\n<li><b><\/b><strong><b>Svetlo siva<\/b><\/strong> \u2013 na voljo v kombinaciji s podvozjem Phantom<\/li>\n<li><b><\/b><strong><b>Olive Green<\/b><\/strong> \u2013 na voljo v kombinaciji s podvozjem Phantom<\/li>\n<li><b><\/b><strong><b>Biscotti \u2013<\/b><\/strong> prihaja v kombinaciji s podvozjem Blonde<\/li>\n<li><b><\/b><strong><b>Cobalt<\/b><\/strong> \u2013 na voljo v kombinaciji s podvozjem Phantom<\/li>\n<li><b><\/b><strong><b>Blush<\/b><\/strong> \u2013 prihaja v kombinaciji s Phantom \u0161asijo<\/li>\n<li><b><\/b><strong><b>Cookie<\/b><\/strong> \u2013 prihaja v kombinaciji s \u010drnim ohi\u0161jem<\/li>\n<\/ul>\n","protected":false},"excerpt":{"rendered":"<p><strong>Opomba: Dobavni rok 45 dni.<\/strong><\/p>\n<div>Najbolj\u0161i vozi\u010dek za prvorojence<\/div>\n<div>Svetovno znani britanski luksuzni vozi\u010dek iCandy v svoji sedmi generaciji modela Peach.<\/div>\n<div>Prefinjen dizajn, skrbno izbrani materiali in tkanine ter neprimerljiva funkcionalnost vtkani v en vozi\u010dek &#8211; iCandy Peach 7.<\/div>\n<div><\/div>\n<div>Komplet 2v1 za dva otroka vsebuje:<\/div>\n<div><\/div>\n<div>vozi\u010dek (\u0161asija) z integrirano platformo za starej\u0161ega otroka (Ride on board)<\/div>\n<div>material za ko\u0161aro za novorojen\u010dka<\/div>\n<div>material sede\u017ea x2<\/div>\n<div>ogrodje ko\u0161are za novorojen\u010dka\/sede\u017e x2<\/div>\n<div>SPF50+ pokrov x2<\/div>\n<div>adapterji za avtomobilske sede\u017ee<\/div>\n<div>adapterji za dviganje<\/div>\n<div>adapterji za spreminjanje konfiguracije<\/div>\n<div>de\u017ena prevleka x2<\/div>\n<div><\/div>\n<div>Od rojstva do 25 kg.<\/div>\n","protected":false},"featured_media":164971,"comment_status":"open","ping_status":"closed","template":"","meta":{"_acf_changed":false,"footnotes":""},"product_brand":[],"product_cat":[1128,1362],"product_tag":[],"class_list":{"0":"post-194036","1":"product","2":"type-product","3":"status-publish","4":"has-post-thumbnail","6":"product_cat-otroski-vozicki","7":"product_cat-vozicek-za-dva-otroka","8":"pa_boja-crna-sl","9":"pa_brand-icandy-sl","10":"pa_vrsta-kolica-vozicek-za-dva-otroka","12":"first","13":"outofstock","14":"shipping-taxable","15":"purchasable","16":"product-type-simple"},"bundled_by":[],"bundle_stock_status":"outofstock","bundle_stock_quantity":0,"bundle_virtual":false,"bundle_layout":"","bundle_add_to_cart_form_location":"","bundle_editable_in_cart":false,"bundle_sold_individually_context":"","bundle_item_grouping":"","bundle_min_size":"","bundle_max_size":"","bundle_price":[],"bundled_items":[],"bundle_sell_ids":[],"acf":[],"yoast_head":"<!-- This site is optimized with the Yoast SEO Premium plugin v21.5 (Yoast SEO v27.4) - https:\/\/yoast.com\/product\/yoast-seo-premium-wordpress\/ -->\n<title>Vozi\u010dek iCandy Peach 7 za dva otroka razli\u010dnih starosti, Black Edition - NajNaj.eu<\/title>\n<meta name=\"robots\" content=\"index, follow, max-snippet:-1, max-image-preview:large, max-video-preview:-1\" \/>\n<link rel=\"canonical\" href=\"https:\/\/najnaj.eu\/sl\/izdelek\/vozicek-icandy-peach-7-za-dva-otroka-razlicnih-starosti-black-edition\/\" \/>\n<meta property=\"og:locale\" content=\"sl_SI\" \/>\n<meta property=\"og:type\" content=\"article\" \/>\n<meta property=\"og:title\" content=\"Vozi\u010dek iCandy Peach 7 za dva otroka razli\u010dnih starosti, Black Edition\" \/>\n<meta property=\"og:description\" content=\"Opomba: Dobavni rok 45 dni. Najbolj\u0161i vozi\u010dek za prvorojence Svetovno znani britanski luksuzni vozi\u010dek iCandy v svoji sedmi generaciji modela Peach. Prefinjen dizajn, skrbno izbrani materiali in tkanine ter neprimerljiva funkcionalnost vtkani v en vozi\u010dek - iCandy Peach 7. Komplet 2v1 za dva otroka vsebuje: vozi\u010dek (\u0161asija) z integrirano platformo za starej\u0161ega otroka (Ride on board) material za ko\u0161aro za novorojen\u010dka material sede\u017ea x2 ogrodje ko\u0161are za novorojen\u010dka\/sede\u017e x2 SPF50+ pokrov x2 adapterji za avtomobilske sede\u017ee adapterji za dviganje adapterji za spreminjanje konfiguracije de\u017ena prevleka x2 Od rojstva do 25 kg.\" \/>\n<meta property=\"og:url\" content=\"https:\/\/najnaj.eu\/sl\/izdelek\/vozicek-icandy-peach-7-za-dva-otroka-razlicnih-starosti-black-edition\/\" \/>\n<meta property=\"og:site_name\" content=\"NajNaj.eu\" \/>\n<meta property=\"article:publisher\" content=\"https:\/\/web.facebook.com\/najnaj.eu\/\" \/>\n<meta property=\"article:modified_time\" content=\"2025-02-06T09:06:33+00:00\" \/>\n<meta property=\"og:image\" content=\"https:\/\/najnaj.eu\/wp-content\/uploads\/2023\/09\/iCandy_Peach_7_Black_Edition_Double_3_4_SU_PF_CC_3_4_COMBO.jpg\" \/>\n\t<meta property=\"og:image:width\" content=\"1114\" \/>\n\t<meta property=\"og:image:height\" content=\"1185\" \/>\n\t<meta property=\"og:image:type\" content=\"image\/jpeg\" \/>\n<meta name=\"twitter:card\" content=\"summary_large_image\" \/>\n<meta name=\"twitter:label1\" content=\"Price\" \/>\n\t<meta name=\"twitter:data1\" content=\"1.799,00&nbsp;&euro;\" \/>\n\t<meta name=\"twitter:label2\" content=\"Availability\" \/>\n\t<meta name=\"twitter:data2\" content=\"Out of stock\" \/>\n<script type=\"application\/ld+json\" class=\"yoast-schema-graph\">{\"@context\":\"https:\\\/\\\/schema.org\",\"@graph\":[{\"@type\":\"WebPage\",\"@id\":\"https:\\\/\\\/najnaj.eu\\\/sl\\\/izdelek\\\/vozicek-icandy-peach-7-za-dva-otroka-razlicnih-starosti-black-edition\\\/\",\"url\":\"https:\\\/\\\/najnaj.eu\\\/sl\\\/izdelek\\\/vozicek-icandy-peach-7-za-dva-otroka-razlicnih-starosti-black-edition\\\/\",\"name\":\"Vozi\u010dek iCandy Peach 7 za dva otroka razli\u010dnih starosti, Black Edition - NajNaj.eu\",\"isPartOf\":{\"@id\":\"https:\\\/\\\/najnaj.eu\\\/sl\\\/#website\"},\"primaryImageOfPage\":{\"@id\":\"https:\\\/\\\/najnaj.eu\\\/sl\\\/izdelek\\\/vozicek-icandy-peach-7-za-dva-otroka-razlicnih-starosti-black-edition\\\/#primaryimage\"},\"image\":{\"@id\":\"https:\\\/\\\/najnaj.eu\\\/sl\\\/izdelek\\\/vozicek-icandy-peach-7-za-dva-otroka-razlicnih-starosti-black-edition\\\/#primaryimage\"},\"thumbnailUrl\":\"https:\\\/\\\/najnaj.eu\\\/wp-content\\\/uploads\\\/2023\\\/09\\\/iCandy_Peach_7_Black_Edition_Double_3_4_SU_PF_CC_3_4_COMBO.jpg\",\"datePublished\":\"2025-01-03T09:26:58+00:00\",\"dateModified\":\"2025-02-06T09:06:33+00:00\",\"breadcrumb\":{\"@id\":\"https:\\\/\\\/najnaj.eu\\\/sl\\\/izdelek\\\/vozicek-icandy-peach-7-za-dva-otroka-razlicnih-starosti-black-edition\\\/#breadcrumb\"},\"inLanguage\":\"sl-SI\",\"potentialAction\":[{\"@type\":\"ReadAction\",\"target\":[\"https:\\\/\\\/najnaj.eu\\\/sl\\\/izdelek\\\/vozicek-icandy-peach-7-za-dva-otroka-razlicnih-starosti-black-edition\\\/\"]}]},{\"@type\":\"ImageObject\",\"inLanguage\":\"sl-SI\",\"@id\":\"https:\\\/\\\/najnaj.eu\\\/sl\\\/izdelek\\\/vozicek-icandy-peach-7-za-dva-otroka-razlicnih-starosti-black-edition\\\/#primaryimage\",\"url\":\"https:\\\/\\\/najnaj.eu\\\/wp-content\\\/uploads\\\/2023\\\/09\\\/iCandy_Peach_7_Black_Edition_Double_3_4_SU_PF_CC_3_4_COMBO.jpg\",\"contentUrl\":\"https:\\\/\\\/najnaj.eu\\\/wp-content\\\/uploads\\\/2023\\\/09\\\/iCandy_Peach_7_Black_Edition_Double_3_4_SU_PF_CC_3_4_COMBO.jpg\",\"width\":1114,\"height\":1185},{\"@type\":\"BreadcrumbList\",\"@id\":\"https:\\\/\\\/najnaj.eu\\\/sl\\\/izdelek\\\/vozicek-icandy-peach-7-za-dva-otroka-razlicnih-starosti-black-edition\\\/#breadcrumb\",\"itemListElement\":[{\"@type\":\"ListItem\",\"position\":1,\"name\":\"Po\u010detna stranica\",\"item\":\"https:\\\/\\\/najnaj.eu\\\/sl\\\/prednja-stran\\\/\"},{\"@type\":\"ListItem\",\"position\":2,\"name\":\"Shop\",\"item\":\"https:\\\/\\\/najnaj.eu\\\/sl\\\/shop\\\/\"},{\"@type\":\"ListItem\",\"position\":3,\"name\":\"Vozi\u010dek iCandy Peach 7 za dva otroka razli\u010dnih starosti, Black Edition\"}]},{\"@type\":\"WebSite\",\"@id\":\"https:\\\/\\\/najnaj.eu\\\/sl\\\/#website\",\"url\":\"https:\\\/\\\/najnaj.eu\\\/sl\\\/\",\"name\":\"NajNaj.eu\",\"description\":\"Za najva\u017enije!\",\"publisher\":{\"@id\":\"https:\\\/\\\/najnaj.eu\\\/sl\\\/#organization\"},\"potentialAction\":[{\"@type\":\"SearchAction\",\"target\":{\"@type\":\"EntryPoint\",\"urlTemplate\":\"https:\\\/\\\/najnaj.eu\\\/sl\\\/?s={search_term_string}\"},\"query-input\":{\"@type\":\"PropertyValueSpecification\",\"valueRequired\":true,\"valueName\":\"search_term_string\"}}],\"inLanguage\":\"sl-SI\"},{\"@type\":\"Organization\",\"@id\":\"https:\\\/\\\/najnaj.eu\\\/sl\\\/#organization\",\"name\":\"NajNaj.eu\",\"url\":\"https:\\\/\\\/najnaj.eu\\\/sl\\\/\",\"logo\":{\"@type\":\"ImageObject\",\"inLanguage\":\"sl-SI\",\"@id\":\"https:\\\/\\\/najnaj.eu\\\/sl\\\/#\\\/schema\\\/logo\\\/image\\\/\",\"url\":\"https:\\\/\\\/najnaj.eu\\\/wp-content\\\/uploads\\\/2023\\\/09\\\/logo_Najnaj_2023.svg\",\"contentUrl\":\"https:\\\/\\\/najnaj.eu\\\/wp-content\\\/uploads\\\/2023\\\/09\\\/logo_Najnaj_2023.svg\",\"width\":501,\"height\":278,\"caption\":\"NajNaj.eu\"},\"image\":{\"@id\":\"https:\\\/\\\/najnaj.eu\\\/sl\\\/#\\\/schema\\\/logo\\\/image\\\/\"},\"sameAs\":[\"https:\\\/\\\/web.facebook.com\\\/najnaj.eu\\\/\",\"https:\\\/\\\/www.instagram.com\\\/najnaj.eu\\\/\",\"https:\\\/\\\/www.tiktok.com\\\/@najnaj.eu\"]}]}<\/script>\n<meta property=\"product:brand\" content=\"iCandy\" \/>\n<meta property=\"product:price:amount\" content=\"1799.00\" \/>\n<meta property=\"product:price:currency\" content=\"EUR\" \/>\n<meta property=\"og:availability\" content=\"out of stock\" \/>\n<meta property=\"product:availability\" content=\"out of stock\" \/>\n<meta property=\"product:retailer_item_id\" content=\"IC2558-1\" \/>\n<meta property=\"product:condition\" content=\"new\" \/>\n<!-- \/ Yoast SEO Premium plugin. -->","yoast_head_json":{"title":"Vozi\u010dek iCandy Peach 7 za dva otroka razli\u010dnih starosti, Black Edition - NajNaj.eu","robots":{"index":"index","follow":"follow","max-snippet":"max-snippet:-1","max-image-preview":"max-image-preview:large","max-video-preview":"max-video-preview:-1"},"canonical":"https:\/\/najnaj.eu\/sl\/izdelek\/vozicek-icandy-peach-7-za-dva-otroka-razlicnih-starosti-black-edition\/","og_locale":"sl_SI","og_type":"article","og_title":"Vozi\u010dek iCandy Peach 7 za dva otroka razli\u010dnih starosti, Black Edition","og_description":"Opomba: Dobavni rok 45 dni. Najbolj\u0161i vozi\u010dek za prvorojence Svetovno znani britanski luksuzni vozi\u010dek iCandy v svoji sedmi generaciji modela Peach. Prefinjen dizajn, skrbno izbrani materiali in tkanine ter neprimerljiva funkcionalnost vtkani v en vozi\u010dek - iCandy Peach 7. Komplet 2v1 za dva otroka vsebuje: vozi\u010dek (\u0161asija) z integrirano platformo za starej\u0161ega otroka (Ride on board) material za ko\u0161aro za novorojen\u010dka material sede\u017ea x2 ogrodje ko\u0161are za novorojen\u010dka\/sede\u017e x2 SPF50+ pokrov x2 adapterji za avtomobilske sede\u017ee adapterji za dviganje adapterji za spreminjanje konfiguracije de\u017ena prevleka x2 Od rojstva do 25 kg.","og_url":"https:\/\/najnaj.eu\/sl\/izdelek\/vozicek-icandy-peach-7-za-dva-otroka-razlicnih-starosti-black-edition\/","og_site_name":"NajNaj.eu","article_publisher":"https:\/\/web.facebook.com\/najnaj.eu\/","article_modified_time":"2025-02-06T09:06:33+00:00","og_image":[{"width":1114,"height":1185,"url":"https:\/\/najnaj.eu\/wp-content\/uploads\/2023\/09\/iCandy_Peach_7_Black_Edition_Double_3_4_SU_PF_CC_3_4_COMBO.jpg","type":"image\/jpeg"}],"twitter_card":"summary_large_image","twitter_misc":{"Price":"1.799,00&nbsp;&euro;","Availability":"Out of stock"},"schema":{"@context":"https:\/\/schema.org","@graph":[{"@type":"WebPage","@id":"https:\/\/najnaj.eu\/sl\/izdelek\/vozicek-icandy-peach-7-za-dva-otroka-razlicnih-starosti-black-edition\/","url":"https:\/\/najnaj.eu\/sl\/izdelek\/vozicek-icandy-peach-7-za-dva-otroka-razlicnih-starosti-black-edition\/","name":"Vozi\u010dek iCandy Peach 7 za dva otroka razli\u010dnih starosti, Black Edition - NajNaj.eu","isPartOf":{"@id":"https:\/\/najnaj.eu\/sl\/#website"},"primaryImageOfPage":{"@id":"https:\/\/najnaj.eu\/sl\/izdelek\/vozicek-icandy-peach-7-za-dva-otroka-razlicnih-starosti-black-edition\/#primaryimage"},"image":{"@id":"https:\/\/najnaj.eu\/sl\/izdelek\/vozicek-icandy-peach-7-za-dva-otroka-razlicnih-starosti-black-edition\/#primaryimage"},"thumbnailUrl":"https:\/\/najnaj.eu\/wp-content\/uploads\/2023\/09\/iCandy_Peach_7_Black_Edition_Double_3_4_SU_PF_CC_3_4_COMBO.jpg","datePublished":"2025-01-03T09:26:58+00:00","dateModified":"2025-02-06T09:06:33+00:00","breadcrumb":{"@id":"https:\/\/najnaj.eu\/sl\/izdelek\/vozicek-icandy-peach-7-za-dva-otroka-razlicnih-starosti-black-edition\/#breadcrumb"},"inLanguage":"sl-SI","potentialAction":[{"@type":"ReadAction","target":["https:\/\/najnaj.eu\/sl\/izdelek\/vozicek-icandy-peach-7-za-dva-otroka-razlicnih-starosti-black-edition\/"]}]},{"@type":"ImageObject","inLanguage":"sl-SI","@id":"https:\/\/najnaj.eu\/sl\/izdelek\/vozicek-icandy-peach-7-za-dva-otroka-razlicnih-starosti-black-edition\/#primaryimage","url":"https:\/\/najnaj.eu\/wp-content\/uploads\/2023\/09\/iCandy_Peach_7_Black_Edition_Double_3_4_SU_PF_CC_3_4_COMBO.jpg","contentUrl":"https:\/\/najnaj.eu\/wp-content\/uploads\/2023\/09\/iCandy_Peach_7_Black_Edition_Double_3_4_SU_PF_CC_3_4_COMBO.jpg","width":1114,"height":1185},{"@type":"BreadcrumbList","@id":"https:\/\/najnaj.eu\/sl\/izdelek\/vozicek-icandy-peach-7-za-dva-otroka-razlicnih-starosti-black-edition\/#breadcrumb","itemListElement":[{"@type":"ListItem","position":1,"name":"Po\u010detna stranica","item":"https:\/\/najnaj.eu\/sl\/prednja-stran\/"},{"@type":"ListItem","position":2,"name":"Shop","item":"https:\/\/najnaj.eu\/sl\/shop\/"},{"@type":"ListItem","position":3,"name":"Vozi\u010dek iCandy Peach 7 za dva otroka razli\u010dnih starosti, Black Edition"}]},{"@type":"WebSite","@id":"https:\/\/najnaj.eu\/sl\/#website","url":"https:\/\/najnaj.eu\/sl\/","name":"NajNaj.eu","description":"Za najva\u017enije!","publisher":{"@id":"https:\/\/najnaj.eu\/sl\/#organization"},"potentialAction":[{"@type":"SearchAction","target":{"@type":"EntryPoint","urlTemplate":"https:\/\/najnaj.eu\/sl\/?s={search_term_string}"},"query-input":{"@type":"PropertyValueSpecification","valueRequired":true,"valueName":"search_term_string"}}],"inLanguage":"sl-SI"},{"@type":"Organization","@id":"https:\/\/najnaj.eu\/sl\/#organization","name":"NajNaj.eu","url":"https:\/\/najnaj.eu\/sl\/","logo":{"@type":"ImageObject","inLanguage":"sl-SI","@id":"https:\/\/najnaj.eu\/sl\/#\/schema\/logo\/image\/","url":"https:\/\/najnaj.eu\/wp-content\/uploads\/2023\/09\/logo_Najnaj_2023.svg","contentUrl":"https:\/\/najnaj.eu\/wp-content\/uploads\/2023\/09\/logo_Najnaj_2023.svg","width":501,"height":278,"caption":"NajNaj.eu"},"image":{"@id":"https:\/\/najnaj.eu\/sl\/#\/schema\/logo\/image\/"},"sameAs":["https:\/\/web.facebook.com\/najnaj.eu\/","https:\/\/www.instagram.com\/najnaj.eu\/","https:\/\/www.tiktok.com\/@najnaj.eu"]}]},"product_brand":"iCandy","product_price_amount":"1799.00","product_price_currency":"EUR","og_availability":"out of stock","product_availability":"out of stock","product_retailer_item_id":"IC2558-1","product_condition":"new"},"_links":{"self":[{"href":"https:\/\/najnaj.eu\/sl\/wp-json\/wp\/v2\/product\/194036","targetHints":{"allow":["GET"]}}],"collection":[{"href":"https:\/\/najnaj.eu\/sl\/wp-json\/wp\/v2\/product"}],"about":[{"href":"https:\/\/najnaj.eu\/sl\/wp-json\/wp\/v2\/types\/product"}],"replies":[{"embeddable":true,"href":"https:\/\/najnaj.eu\/sl\/wp-json\/wp\/v2\/comments?post=194036"}],"version-history":[{"count":0,"href":"https:\/\/najnaj.eu\/sl\/wp-json\/wp\/v2\/product\/194036\/revisions"}],"wp:featuredmedia":[{"embeddable":true,"href":"https:\/\/najnaj.eu\/sl\/wp-json\/wp\/v2\/media\/164971"}],"wp:attachment":[{"href":"https:\/\/najnaj.eu\/sl\/wp-json\/wp\/v2\/media?parent=194036"}],"wp:term":[{"taxonomy":"product_brand","embeddable":true,"href":"https:\/\/najnaj.eu\/sl\/wp-json\/wp\/v2\/product_brand?post=194036"},{"taxonomy":"product_cat","embeddable":true,"href":"https:\/\/najnaj.eu\/sl\/wp-json\/wp\/v2\/product_cat?post=194036"},{"taxonomy":"product_tag","embeddable":true,"href":"https:\/\/najnaj.eu\/sl\/wp-json\/wp\/v2\/product_tag?post=194036"}],"curies":[{"name":"wp","href":"https:\/\/api.w.org\/{rel}","templated":true}]}}