{"id":194006,"date":"2023-09-18T12:13:37","date_gmt":"2023-09-18T10:13:37","guid":{"rendered":"https:\/\/najnaj.eu\/proizvod\/besafe-nosilka-newborn-haven-dusk-forest\/"},"modified":"2025-12-04T08:50:01","modified_gmt":"2025-12-04T07:50:01","slug":"besafe-nosilka-newborn-haven-dusk-forest","status":"publish","type":"product","link":"https:\/\/najnaj.eu\/sl\/izdelek\/besafe-nosilka-newborn-haven-dusk-forest\/","title":{"rendered":"BeSafe nosilka Newborn Haven, Dusk Forest"},"content":{"rendered":"<h3><strong>1. Zakaj smo ustvarili BeSafe Newborn Haven?<\/strong><\/h3>\n<p>V prvih mesecih dojen\u010dka je no\u0161enje pomembno za navezovanje vezi, novorojen\u010dki pa imajo takrat posebne potrebe. Da bi ustvarili popolno nosilko, smo se osredoto\u010dili na podrobnosti, ki se osredoto\u010dajo na potrebe v prvem letu \u017eivljenja. Na\u0161 Newborn Haven je prva nosilka, ki jo uporabite, preden pride \u010das za prehod na BeSafe Haven.<\/p>\n<p><strong>Ergonomija po meri za prvo leto otrokovega \u017eivljenja<\/strong><\/p>\n<ul>\n<li>Posebna oblika plo\u0161\u010de, ki pomaga ohranjati naravno obliko hrbtenice novorojen\u010dka<\/li>\n<li>Zagotavlja podporo od kolena do kolena in omogo\u010da naraven M polo\u017eaj bokov. Panel nosilke Newborn Haven se prilagaja rasti dojen\u010dka.<\/li>\n<li>Dizajn, ki omogo\u010da, da ro\u010dice novorojen\u010dka ostanejo dvignjene v naravnem polo\u017eaju<\/li>\n<li>Nastavljiva opora za glavo, ki podpira dojen\u010dka, dokler ni pripravljen sam dr\u017eati glave<\/li>\n<\/ul>\n<p><img loading=\"lazy\" decoding=\"async\" class=\"alignnone wp-image-119399\" src=\"https:\/\/najnaj.eu\/wp-content\/uploads\/2023\/08\/11018807_BeSafe_Newborn-Haven_Ergonomic-position_front-1536x1025-1.jpg\" alt=\"\" width=\"820\" height=\"547\"><\/p>\n<p><strong>Preprosto nastavljive funkcije za enostavno uporabo<\/strong><\/p>\n<ul>\n<li>Pred vsako uporabo ni treba prilagajati<\/li>\n<li>Tesnost plo\u0161\u010de je nastavljiva preko naramnic<\/li>\n<li>Polo\u017eaj nog je enostavno nastavljiv z dvema gumboma na plo\u0161\u010di<\/li>\n<li>Podpora za glavo s 4 razli\u010dnimi mo\u017enostmi uporabe<\/li>\n<li>Pas s preprosto in varno zaponko na klik<\/li>\n<li>Enostavno dostopni \u017eepi na vsaki strani<\/li>\n<\/ul>\n<p><strong>Udobno no\u0161enje za novorojen\u010dka in star\u0161e<\/strong><\/p>\n<ul>\n<li>Super mehak in raztegljiv material za optimalno udobje in prileganje<\/li>\n<li>Penasto oblazinjenje znotraj naramnice za mehkobo na ramenih<\/li>\n<li>Naramnice, ki jih lahko nosite ravne ali \u0161iroke, odvisno kaj vam najbolj ustreza<\/li>\n<li>Ekstra \u0161irok in podporni pas okoli pasu<\/li>\n<\/ul>\n<p><img loading=\"lazy\" decoding=\"async\" class=\"alignnone wp-image-119403\" src=\"https:\/\/najnaj.eu\/wp-content\/uploads\/2023\/08\/BeSafe_Newborn-Haven_Sand-Forest_2-scaled-1.jpg\" alt=\"\" width=\"705\" height=\"470\"><\/p>\n<h3><strong>2. Funkcije in lastnosti<\/strong><\/h3>\n<ul>\n<li><strong>Posebna zasnova plo\u0161\u010de<\/strong><\/li>\n<\/ul>\n<p><span data-sheets-value=\"{\"1\":2,\"2\":\"Omogu\u0107uje dubok sjede\u0107i polo\u017eaj\"}\" data-sheets-userformat=\"{\"2\":14977,\"3\":{\"1\":0},\"10\":0,\"12\":0,\"14\":{\"1\":3,\"3\":1},\"15\":\"Calibri\",\"16\":12}\">Omogo\u010da globok sede\u010d polo\u017eaj<\/span><\/p>\n<ul>\n<li><strong>Nastavljive naramnice<\/strong><\/li>\n<\/ul>\n<p><span data-sheets-value=\"{\"1\":2,\"2\":\"Maksimalna udobnost pri no\u0161enju\"}\" data-sheets-userformat=\"{\"2\":14977,\"3\":{\"1\":0},\"10\":1,\"12\":0,\"14\":{\"1\":3,\"3\":1},\"15\":\"Calibri\",\"16\":12}\">Maksimalno udobje pri no\u0161enju<\/span><\/p>\n<ul>\n<li><strong>Nastavljivo pozicioniranje<\/strong><\/li>\n<\/ul>\n<p><span data-sheets-value=\"{\"1\":2,\"2\":\"Podesivi oslonac za glavu i oslonac za noge koji prati rast djeteta\"}\" data-sheets-userformat=\"{\"2\":15233,\"3\":{\"1\":0},\"10\":0,\"11\":4,\"12\":0,\"14\":{\"1\":3,\"3\":1},\"15\":\"Calibri\",\"16\":12}\">Nastavljiva opora za glavo in oporo za noge, ki sledita rasti otroka<\/span><\/p>\n<ul>\n<li><strong>Ultra mehak notranji material<\/strong><\/li>\n<\/ul>\n<p><span data-sheets-value=\"{\"1\":2,\"2\":\"Napravljen od mje\u0161avine TENCEL\u2122 liocela koji je prirodno mekan na dodir i idealan za osjetljivu bebinu ko\u017eu\"}\" data-sheets-userformat=\"{\"2\":15233,\"3\":{\"1\":0},\"10\":0,\"11\":4,\"12\":0,\"14\":{\"1\":3,\"3\":1},\"15\":\"Calibri\",\"16\":12}\">Narejen iz me\u0161anice liocela TENCEL\u2122, ki je naravno mehak na dotik in idealen za ob\u010dutljivo dojen\u010dkovo ko\u017eo<\/span><\/p>\n<p><img loading=\"lazy\" decoding=\"async\" class=\"alignnone wp-image-119408\" src=\"https:\/\/najnaj.eu\/wp-content\/uploads\/2023\/08\/BeSafe_Newborn-Haven_Sand-Forest_Head-support-scaled-1.jpg\" alt=\"\" width=\"815\" height=\"543\"><\/p>\n<h3><strong>3. Trajnost<\/strong><\/h3>\n<ul>\n<li><span data-sheets-value=\"{\"1\":2,\"2\":\"TENCEL\u2122 liocel* koji se koristi s unutarnje strane, izra\u0111en je od odr\u017eivog drva s revolucionarnim proizvodnim procesom koji koristi 10-20 puta manje vode u proizvodnji u usporedbi s pamukom.\"}\" data-sheets-userformat=\"{\"2\":15233,\"3\":{\"1\":0},\"10\":1,\"11\":4,\"12\":0,\"14\":{\"1\":3,\"3\":1},\"15\":\"Calibri\",\"16\":12}\">TENCEL\u2122 lyocel*, ki se uporablja v notranjosti, je narejen iz trajnostnega lesa z revolucionarnim proizvodnim postopkom, ki v primerjavi z bomba\u017eem pri proizvodnji porabi 10- do 20-krat manj vode.<\/span><\/li>\n<li>Reciklirani poliester, ki se uporablja na zunanji strani, pri proizvodnji porabi 59 % manj energije v primerjavi s \u010distim poliestrom, preja pa ima certifikat Global Recycled Standard (GRS). En nosilec je izdelan iz 40 steriliziranih in recikliranih stekleni\u010dk.<\/li>\n<\/ul>\n<p><img loading=\"lazy\" decoding=\"async\" class=\"alignnone wp-image-119418\" src=\"https:\/\/najnaj.eu\/wp-content\/uploads\/2023\/08\/BeSafe_Newborn-Haven_Sand-Forest_12-scaled-1.jpg\" alt=\"\" width=\"683\" height=\"455\"><\/p>\n<p>&nbsp;<\/p>\n<p>&nbsp;<\/p>\n","protected":false},"excerpt":{"rendered":"<p>Edinstvena nosilka za novorojen\u010dke do prvega leta je brezkompromisna glede ergonomije in udobja. Na otip je kot \u0161al in je tako preprost in intuitiven za uporabo kot standardna nosilka za dojen\u010dke.<\/p>\n<ul>\n<li>Popolna podpora v prvih mesecih dojen\u010dka<\/li>\n<li><span data-sheets-value=\"{\"1\":2,\"2\":\"Beskompromisna ergonomija skrojena za potrebe novoro\u0111en\u010deta\"}\" data-sheets-userformat=\"{\"2\":15233,\"3\":{\"1\":0},\"10\":1,\"11\":4,\"12\":0,\"14\":{\"1\":3,\"3\":1},\"15\":\"Calibri\",\"16\":12}\">Brezkompromisna ergonomija, prilagojena potrebam novorojen\u010dka<\/span><\/li>\n<li>Odobreno s strani priznanih strokovnjakov<\/li>\n<li><span data-sheets-value=\"{\"1\":2,\"2\":\"Odr\u017eivi, \u200b\u200bmekani i izdr\u017eljivi materijali\"}\" data-sheets-userformat=\"{\"2\":14977,\"3\":{\"1\":0},\"10\":1,\"12\":0,\"14\":{\"1\":3,\"3\":1},\"15\":\"Calibri\",\"16\":12}\">Trajnostni, mehki in vzdr\u017eljivi materiali<\/span><\/li>\n<li>Te\u017ea: 3,2 &#8211; 11 kg<\/li>\n<li>Starost: od 0-12 mesecev<\/li>\n<li>Na\u010din no\u0161enja: na trebuhu obrnjena navznoter<\/li>\n<\/ul>\n","protected":false},"featured_media":156310,"comment_status":"open","ping_status":"closed","template":"","meta":{"_acf_changed":false,"footnotes":""},"product_brand":[],"product_cat":[1242,882,1234],"product_tag":[],"class_list":{"0":"post-194006","1":"product","2":"type-product","3":"status-publish","4":"has-post-thumbnail","6":"product_cat-1-polozaj-nosenja-sl","7":"product_cat-nosilke","8":"product_cat-za-prvih-godinu-dana-sl","9":"pa_boja-siva-sl","10":"pa_brand-besafe-sl","12":"first","13":"outofstock","14":"purchasable","15":"product-type-simple"},"bundled_by":[],"bundle_stock_status":"outofstock","bundle_stock_quantity":0,"bundle_virtual":false,"bundle_layout":"","bundle_add_to_cart_form_location":"","bundle_editable_in_cart":false,"bundle_sold_individually_context":"","bundle_item_grouping":"","bundle_min_size":"","bundle_max_size":"","bundle_price":[],"bundled_items":[],"bundle_sell_ids":[],"acf":[],"yoast_head":"<!-- This site is optimized with the Yoast SEO Premium plugin v21.5 (Yoast SEO v27.3) - https:\/\/yoast.com\/product\/yoast-seo-premium-wordpress\/ -->\n<title>BeSafe nosilka Newborn Haven, Dusk Forest - NajNaj.eu<\/title>\n<meta name=\"robots\" content=\"index, follow, max-snippet:-1, max-image-preview:large, max-video-preview:-1\" \/>\n<link rel=\"canonical\" href=\"https:\/\/najnaj.eu\/sl\/izdelek\/besafe-nosilka-newborn-haven-dusk-forest\/\" \/>\n<meta property=\"og:locale\" content=\"sl_SI\" \/>\n<meta property=\"og:type\" content=\"article\" \/>\n<meta property=\"og:title\" content=\"BeSafe nosilka Newborn Haven, Dusk Forest\" \/>\n<meta property=\"og:description\" content=\"Edinstvena nosilka za novorojen\u010dke do prvega leta je brezkompromisna glede ergonomije in udobja. Na otip je kot \u0161al in je tako preprost in intuitiven za uporabo kot standardna nosilka za dojen\u010dke.  Popolna podpora v prvih mesecih dojen\u010dka  Brezkompromisna ergonomija, prilagojena potrebam novorojen\u010dka  Odobreno s strani priznanih strokovnjakov  Trajnostni, mehki in vzdr\u017eljivi materiali  Te\u017ea: 3,2 - 11 kg  Starost: od 0-12 mesecev  Na\u010din no\u0161enja: na trebuhu obrnjena navznoter\" \/>\n<meta property=\"og:url\" content=\"https:\/\/najnaj.eu\/sl\/izdelek\/besafe-nosilka-newborn-haven-dusk-forest\/\" \/>\n<meta property=\"og:site_name\" content=\"NajNaj.eu\" \/>\n<meta property=\"article:publisher\" content=\"https:\/\/web.facebook.com\/najnaj.eu\/\" \/>\n<meta property=\"article:modified_time\" content=\"2025-12-04T07:50:01+00:00\" \/>\n<meta property=\"og:image\" content=\"https:\/\/najnaj.eu\/wp-content\/uploads\/2023\/08\/11018807_BeSafe_Newborn-Haven_Dusk-Forest_Front_Newborn-scaled-1.jpg\" \/>\n\t<meta property=\"og:image:width\" content=\"2400\" \/>\n\t<meta property=\"og:image:height\" content=\"2400\" \/>\n\t<meta property=\"og:image:type\" content=\"image\/jpeg\" \/>\n<meta name=\"twitter:card\" content=\"summary_large_image\" \/>\n<meta name=\"twitter:label1\" content=\"Price\" \/>\n\t<meta name=\"twitter:data1\" content=\"109,50&nbsp;&euro;\" \/>\n\t<meta name=\"twitter:label2\" content=\"Availability\" \/>\n\t<meta name=\"twitter:data2\" content=\"Out of stock\" \/>\n<script type=\"application\/ld+json\" class=\"yoast-schema-graph\">{\"@context\":\"https:\\\/\\\/schema.org\",\"@graph\":[{\"@type\":\"WebPage\",\"@id\":\"https:\\\/\\\/najnaj.eu\\\/sl\\\/izdelek\\\/besafe-nosilka-newborn-haven-dusk-forest\\\/\",\"url\":\"https:\\\/\\\/najnaj.eu\\\/sl\\\/izdelek\\\/besafe-nosilka-newborn-haven-dusk-forest\\\/\",\"name\":\"BeSafe nosilka Newborn Haven, Dusk Forest - NajNaj.eu\",\"isPartOf\":{\"@id\":\"https:\\\/\\\/najnaj.eu\\\/sl\\\/#website\"},\"primaryImageOfPage\":{\"@id\":\"https:\\\/\\\/najnaj.eu\\\/sl\\\/izdelek\\\/besafe-nosilka-newborn-haven-dusk-forest\\\/#primaryimage\"},\"image\":{\"@id\":\"https:\\\/\\\/najnaj.eu\\\/sl\\\/izdelek\\\/besafe-nosilka-newborn-haven-dusk-forest\\\/#primaryimage\"},\"thumbnailUrl\":\"https:\\\/\\\/najnaj.eu\\\/wp-content\\\/uploads\\\/2023\\\/08\\\/11018807_BeSafe_Newborn-Haven_Dusk-Forest_Front_Newborn-scaled-1.jpg\",\"datePublished\":\"2023-09-18T10:13:37+00:00\",\"dateModified\":\"2025-12-04T07:50:01+00:00\",\"breadcrumb\":{\"@id\":\"https:\\\/\\\/najnaj.eu\\\/sl\\\/izdelek\\\/besafe-nosilka-newborn-haven-dusk-forest\\\/#breadcrumb\"},\"inLanguage\":\"sl-SI\",\"potentialAction\":[{\"@type\":\"ReadAction\",\"target\":[\"https:\\\/\\\/najnaj.eu\\\/sl\\\/izdelek\\\/besafe-nosilka-newborn-haven-dusk-forest\\\/\"]}]},{\"@type\":\"ImageObject\",\"inLanguage\":\"sl-SI\",\"@id\":\"https:\\\/\\\/najnaj.eu\\\/sl\\\/izdelek\\\/besafe-nosilka-newborn-haven-dusk-forest\\\/#primaryimage\",\"url\":\"https:\\\/\\\/najnaj.eu\\\/wp-content\\\/uploads\\\/2023\\\/08\\\/11018807_BeSafe_Newborn-Haven_Dusk-Forest_Front_Newborn-scaled-1.jpg\",\"contentUrl\":\"https:\\\/\\\/najnaj.eu\\\/wp-content\\\/uploads\\\/2023\\\/08\\\/11018807_BeSafe_Newborn-Haven_Dusk-Forest_Front_Newborn-scaled-1.jpg\",\"width\":2400,\"height\":2400,\"caption\":\"besafe nosilka za novorojen\u010dka\"},{\"@type\":\"BreadcrumbList\",\"@id\":\"https:\\\/\\\/najnaj.eu\\\/sl\\\/izdelek\\\/besafe-nosilka-newborn-haven-dusk-forest\\\/#breadcrumb\",\"itemListElement\":[{\"@type\":\"ListItem\",\"position\":1,\"name\":\"Po\u010detna stranica\",\"item\":\"https:\\\/\\\/najnaj.eu\\\/sl\\\/prednja-stran\\\/\"},{\"@type\":\"ListItem\",\"position\":2,\"name\":\"Shop\",\"item\":\"https:\\\/\\\/najnaj.eu\\\/sl\\\/shop\\\/\"},{\"@type\":\"ListItem\",\"position\":3,\"name\":\"BeSafe nosilka Newborn Haven, Dusk Forest\"}]},{\"@type\":\"WebSite\",\"@id\":\"https:\\\/\\\/najnaj.eu\\\/sl\\\/#website\",\"url\":\"https:\\\/\\\/najnaj.eu\\\/sl\\\/\",\"name\":\"NajNaj.eu\",\"description\":\"Za najva\u017enije!\",\"publisher\":{\"@id\":\"https:\\\/\\\/najnaj.eu\\\/sl\\\/#organization\"},\"potentialAction\":[{\"@type\":\"SearchAction\",\"target\":{\"@type\":\"EntryPoint\",\"urlTemplate\":\"https:\\\/\\\/najnaj.eu\\\/sl\\\/?s={search_term_string}\"},\"query-input\":{\"@type\":\"PropertyValueSpecification\",\"valueRequired\":true,\"valueName\":\"search_term_string\"}}],\"inLanguage\":\"sl-SI\"},{\"@type\":\"Organization\",\"@id\":\"https:\\\/\\\/najnaj.eu\\\/sl\\\/#organization\",\"name\":\"NajNaj.eu\",\"url\":\"https:\\\/\\\/najnaj.eu\\\/sl\\\/\",\"logo\":{\"@type\":\"ImageObject\",\"inLanguage\":\"sl-SI\",\"@id\":\"https:\\\/\\\/najnaj.eu\\\/sl\\\/#\\\/schema\\\/logo\\\/image\\\/\",\"url\":\"https:\\\/\\\/najnaj.eu\\\/wp-content\\\/uploads\\\/2023\\\/09\\\/logo_Najnaj_2023.svg\",\"contentUrl\":\"https:\\\/\\\/najnaj.eu\\\/wp-content\\\/uploads\\\/2023\\\/09\\\/logo_Najnaj_2023.svg\",\"width\":501,\"height\":278,\"caption\":\"NajNaj.eu\"},\"image\":{\"@id\":\"https:\\\/\\\/najnaj.eu\\\/sl\\\/#\\\/schema\\\/logo\\\/image\\\/\"},\"sameAs\":[\"https:\\\/\\\/web.facebook.com\\\/najnaj.eu\\\/\",\"https:\\\/\\\/www.instagram.com\\\/najnaj.eu\\\/\",\"https:\\\/\\\/www.tiktok.com\\\/@najnaj.eu\"]}]}<\/script>\n<meta property=\"product:brand\" content=\"BeSafe\" \/>\n<meta property=\"product:price:amount\" content=\"109.50\" \/>\n<meta property=\"product:price:currency\" content=\"EUR\" \/>\n<meta property=\"og:availability\" content=\"out of stock\" \/>\n<meta property=\"product:availability\" content=\"out of stock\" \/>\n<meta property=\"product:retailer_item_id\" content=\"11018807-DuskFrst\" \/>\n<meta property=\"product:condition\" content=\"new\" \/>\n<!-- \/ Yoast SEO Premium plugin. -->","yoast_head_json":{"title":"BeSafe nosilka Newborn Haven, Dusk Forest - NajNaj.eu","robots":{"index":"index","follow":"follow","max-snippet":"max-snippet:-1","max-image-preview":"max-image-preview:large","max-video-preview":"max-video-preview:-1"},"canonical":"https:\/\/najnaj.eu\/sl\/izdelek\/besafe-nosilka-newborn-haven-dusk-forest\/","og_locale":"sl_SI","og_type":"article","og_title":"BeSafe nosilka Newborn Haven, Dusk Forest","og_description":"Edinstvena nosilka za novorojen\u010dke do prvega leta je brezkompromisna glede ergonomije in udobja. Na otip je kot \u0161al in je tako preprost in intuitiven za uporabo kot standardna nosilka za dojen\u010dke.  Popolna podpora v prvih mesecih dojen\u010dka  Brezkompromisna ergonomija, prilagojena potrebam novorojen\u010dka  Odobreno s strani priznanih strokovnjakov  Trajnostni, mehki in vzdr\u017eljivi materiali  Te\u017ea: 3,2 - 11 kg  Starost: od 0-12 mesecev  Na\u010din no\u0161enja: na trebuhu obrnjena navznoter","og_url":"https:\/\/najnaj.eu\/sl\/izdelek\/besafe-nosilka-newborn-haven-dusk-forest\/","og_site_name":"NajNaj.eu","article_publisher":"https:\/\/web.facebook.com\/najnaj.eu\/","article_modified_time":"2025-12-04T07:50:01+00:00","og_image":[{"width":2400,"height":2400,"url":"https:\/\/najnaj.eu\/wp-content\/uploads\/2023\/08\/11018807_BeSafe_Newborn-Haven_Dusk-Forest_Front_Newborn-scaled-1.jpg","type":"image\/jpeg"}],"twitter_card":"summary_large_image","twitter_misc":{"Price":"109,50&nbsp;&euro;","Availability":"Out of stock"},"schema":{"@context":"https:\/\/schema.org","@graph":[{"@type":"WebPage","@id":"https:\/\/najnaj.eu\/sl\/izdelek\/besafe-nosilka-newborn-haven-dusk-forest\/","url":"https:\/\/najnaj.eu\/sl\/izdelek\/besafe-nosilka-newborn-haven-dusk-forest\/","name":"BeSafe nosilka Newborn Haven, Dusk Forest - NajNaj.eu","isPartOf":{"@id":"https:\/\/najnaj.eu\/sl\/#website"},"primaryImageOfPage":{"@id":"https:\/\/najnaj.eu\/sl\/izdelek\/besafe-nosilka-newborn-haven-dusk-forest\/#primaryimage"},"image":{"@id":"https:\/\/najnaj.eu\/sl\/izdelek\/besafe-nosilka-newborn-haven-dusk-forest\/#primaryimage"},"thumbnailUrl":"https:\/\/najnaj.eu\/wp-content\/uploads\/2023\/08\/11018807_BeSafe_Newborn-Haven_Dusk-Forest_Front_Newborn-scaled-1.jpg","datePublished":"2023-09-18T10:13:37+00:00","dateModified":"2025-12-04T07:50:01+00:00","breadcrumb":{"@id":"https:\/\/najnaj.eu\/sl\/izdelek\/besafe-nosilka-newborn-haven-dusk-forest\/#breadcrumb"},"inLanguage":"sl-SI","potentialAction":[{"@type":"ReadAction","target":["https:\/\/najnaj.eu\/sl\/izdelek\/besafe-nosilka-newborn-haven-dusk-forest\/"]}]},{"@type":"ImageObject","inLanguage":"sl-SI","@id":"https:\/\/najnaj.eu\/sl\/izdelek\/besafe-nosilka-newborn-haven-dusk-forest\/#primaryimage","url":"https:\/\/najnaj.eu\/wp-content\/uploads\/2023\/08\/11018807_BeSafe_Newborn-Haven_Dusk-Forest_Front_Newborn-scaled-1.jpg","contentUrl":"https:\/\/najnaj.eu\/wp-content\/uploads\/2023\/08\/11018807_BeSafe_Newborn-Haven_Dusk-Forest_Front_Newborn-scaled-1.jpg","width":2400,"height":2400,"caption":"besafe nosilka za novorojen\u010dka"},{"@type":"BreadcrumbList","@id":"https:\/\/najnaj.eu\/sl\/izdelek\/besafe-nosilka-newborn-haven-dusk-forest\/#breadcrumb","itemListElement":[{"@type":"ListItem","position":1,"name":"Po\u010detna stranica","item":"https:\/\/najnaj.eu\/sl\/prednja-stran\/"},{"@type":"ListItem","position":2,"name":"Shop","item":"https:\/\/najnaj.eu\/sl\/shop\/"},{"@type":"ListItem","position":3,"name":"BeSafe nosilka Newborn Haven, Dusk Forest"}]},{"@type":"WebSite","@id":"https:\/\/najnaj.eu\/sl\/#website","url":"https:\/\/najnaj.eu\/sl\/","name":"NajNaj.eu","description":"Za najva\u017enije!","publisher":{"@id":"https:\/\/najnaj.eu\/sl\/#organization"},"potentialAction":[{"@type":"SearchAction","target":{"@type":"EntryPoint","urlTemplate":"https:\/\/najnaj.eu\/sl\/?s={search_term_string}"},"query-input":{"@type":"PropertyValueSpecification","valueRequired":true,"valueName":"search_term_string"}}],"inLanguage":"sl-SI"},{"@type":"Organization","@id":"https:\/\/najnaj.eu\/sl\/#organization","name":"NajNaj.eu","url":"https:\/\/najnaj.eu\/sl\/","logo":{"@type":"ImageObject","inLanguage":"sl-SI","@id":"https:\/\/najnaj.eu\/sl\/#\/schema\/logo\/image\/","url":"https:\/\/najnaj.eu\/wp-content\/uploads\/2023\/09\/logo_Najnaj_2023.svg","contentUrl":"https:\/\/najnaj.eu\/wp-content\/uploads\/2023\/09\/logo_Najnaj_2023.svg","width":501,"height":278,"caption":"NajNaj.eu"},"image":{"@id":"https:\/\/najnaj.eu\/sl\/#\/schema\/logo\/image\/"},"sameAs":["https:\/\/web.facebook.com\/najnaj.eu\/","https:\/\/www.instagram.com\/najnaj.eu\/","https:\/\/www.tiktok.com\/@najnaj.eu"]}]},"product_brand":"BeSafe","product_price_amount":"109.50","product_price_currency":"EUR","og_availability":"out of stock","product_availability":"out of stock","product_retailer_item_id":"11018807-DuskFrst","product_condition":"new"},"_links":{"self":[{"href":"https:\/\/najnaj.eu\/sl\/wp-json\/wp\/v2\/product\/194006","targetHints":{"allow":["GET"]}}],"collection":[{"href":"https:\/\/najnaj.eu\/sl\/wp-json\/wp\/v2\/product"}],"about":[{"href":"https:\/\/najnaj.eu\/sl\/wp-json\/wp\/v2\/types\/product"}],"replies":[{"embeddable":true,"href":"https:\/\/najnaj.eu\/sl\/wp-json\/wp\/v2\/comments?post=194006"}],"version-history":[{"count":0,"href":"https:\/\/najnaj.eu\/sl\/wp-json\/wp\/v2\/product\/194006\/revisions"}],"wp:featuredmedia":[{"embeddable":true,"href":"https:\/\/najnaj.eu\/sl\/wp-json\/wp\/v2\/media\/156310"}],"wp:attachment":[{"href":"https:\/\/najnaj.eu\/sl\/wp-json\/wp\/v2\/media?parent=194006"}],"wp:term":[{"taxonomy":"product_brand","embeddable":true,"href":"https:\/\/najnaj.eu\/sl\/wp-json\/wp\/v2\/product_brand?post=194006"},{"taxonomy":"product_cat","embeddable":true,"href":"https:\/\/najnaj.eu\/sl\/wp-json\/wp\/v2\/product_cat?post=194006"},{"taxonomy":"product_tag","embeddable":true,"href":"https:\/\/najnaj.eu\/sl\/wp-json\/wp\/v2\/product_tag?post=194006"}],"curies":[{"name":"wp","href":"https:\/\/api.w.org\/{rel}","templated":true}]}}