{"id":194000,"date":"2026-01-01T09:18:27","date_gmt":"2026-01-01T08:18:27","guid":{"rendered":"https:\/\/najnaj.eu\/proizvod\/icandy-peach-7-vozickov-2v1-komplet-biscotti\/"},"modified":"2025-04-22T09:15:49","modified_gmt":"2025-04-22T07:15:49","slug":"icandy-peach-7-vozickov-2v1-komplet-biscotti-4","status":"publish","type":"product","link":"https:\/\/najnaj.eu\/sl\/izdelek\/icandy-peach-7-vozickov-2v1-komplet-biscotti-4\/","title":{"rendered":"iCandy Peach 7 vozi\u010dkov 2v1, Biscotti komplet"},"content":{"rendered":"<p>Vsi dodatki vklju\u010deni<br \/>\n Osnovni paket vklju\u010duje vozi\u010dek, ujemajo\u010d se dizajnerski nahrbtnik\/previjalno torbo, Duo Pod (zimska vre\u010da in prevleka za sede\u017e), de\u017eno prevleko, za\u0161\u010dito pred soncem SPF50+ in mre\u017eo proti komarjem, adapterje za dvigovanje sede\u017ea, adapterje za avtosede\u017e, objemko za de\u017enike\/dr\u017ealo za steklenice, dr\u017ealo za steklenice in de\u017enik.<\/p>\n<p>Popoln potovalni sistem<br \/>\n Popoln potovalni sistem, ki bo zadovoljil vse potrebe star\u0161ev &#8211; primeren za otroke od rojstva do 25 kg (15 kg z booster adapterji), saj je na voljo kot paket 2v1 &#8211; z nosilko za novorojen\u010dka in sede\u017eno enoto. Poleg tega lahko z vklju\u010denimi adapterji za avtosede\u017e v paketu zdru\u017eljiv otro\u0161ki avtosede\u017e pritrdite na ohi\u0161je vozi\u010dka v le nekaj sekundah, rezultat pa je vozi\u010dek 3 v 1, s katerim je potovanje enostavno in prijetno, ne samo z vozi\u010dkom ampak tudi z avtom.<\/p>\n<p>Enostavnost nadgradnje &#8220;Enojna v dvojno&#8221;<br \/>\n ICandy Peach 7 je mogo\u010de preprosto spremeniti v vozi\u010dek za dvoj\u010dka ali dva otroka razli\u010dnih starosti z uporabo inovativnih adapterjev iCandy \u2013 popolnoma preprosto za rasto\u010do dru\u017eino. S preprostostjo in lahkotnostjo prilagajanja dizajn vozi\u010dka iCandy ostaja brezkompromisen tudi v mo\u017enosti za dva otroka ali za dvoj\u010dka.<\/p>\n<p>Nastavljiv naslon za glavo<br \/>\n Nastavljiv vzglavnik in pasovi za pas so preprosta in izjemno udobna funkcija, hkrati pa ohranjajo najpomembnej\u0161o oporo za va\u0161ega otroka. Nov enostavno nastavljiv &#8220;Pop-Up&#8221; pas sledi vi\u0161ini va\u0161ega otroka in se premika hitro in enostavno z eno roko &#8211; adijo od vle\u010denja pasov in zapletenega prilagajanja trakov, zdaj s premi\u010dno oporo za glavo, ki zagotavlja vrhunsko udobje.<\/p>\n<p>Dizajnerske tkanine<br \/>\n Elegantna estetika modela vozi\u010dka iCandy presega zahteve sodobnih star\u0161ev, ki so v stilu in trendu. Vozi\u010dek je okra\u0161en z luksuznimi sodobnimi tkaninami z mehkim reliefnim vzorcem. Pli\u0161ast material dopolnjuje visokokakovostno in trdno \u010drno ohi\u0161je s sijajnim zaklju\u010dkom.<\/p>\n<p>Deska za vo\u017enjo<br \/>\n Integrated Ride-On Board ponuja brezhibno re\u0161itev za dru\u017eino z novorojen\u010dkom in mal\u010dkom, ki hodi, vendar \u0161e vedno potrebuje pomo\u010d. Protizdrsna plo\u0161\u010dad z nosilnostjo do 20 kg je popolna prakti\u010dna re\u0161itev za majhne utrujene nogice, brez potrebe po dodatnih kosovnih dodatkih.<\/p>\n<p>Popolnoma prilagodljiv<br \/>\n Naslonjalo sede\u017ea, ki ga je mogo\u010de enostavno nastaviti v \u0161tiri polo\u017eaje z eno roko, in nastavljiva opora za noge zagotavljata popolno udobje za izku\u0161njo vo\u017enje va\u0161ega otroka.<\/p>\n<p>Torba Pip-Zip<br \/>\n Sedma generacija vozi\u010dka iCandy Peach nam prina\u0161a \u0161e eno izjemno prakti\u010dno podrobnost: torba na hrbtni strani sede\u017ea je popolnoma snemljiva. Ima dve prakti\u010dni odprtini z zadrgami, ro\u010daj za no\u0161enje v roki in v zadnjem \u017eepu skrite naramnice, ki to torbo spremenijo v izjemno prakti\u010den kompakten mini nahrbtnik za no\u0161enje na hrbtu, idealen za vsakodnevne sprehode in izlete z otrokom. Genial torba &#8216;Pip-Zip&#8217; je popoln prostor za shranjevanje vsakdanjih potreb\u0161\u010din, ko ste na poti (mobilni telefon, klju\u010di, denarnica &#8230;). Odli\u010dna varnostna funkcija za situacije, ko je treba otro\u0161ki vozi\u010dek parkirati, torbo &#8216;Pip-Zip&#8217; lahko preprosto zapnete na zadrgo in jo vzamete s seboj, kar pomeni, da imate lahko svoje dragocenosti vedno pri roki (ali na hrbtu kot mini nahrbtnik da imate proste roke).<\/p>\n<p>Varno spanje &#8211; potovalna posteljica ni potrebna!<br \/>\nProstorna ko\u0161ara za novorojen\u010dka je podlo\u017eena z mehkim luksuznim materialom in je primerna za celono\u010dno spanje &#8211; pozabite na no\u0161enje potovalne posteljice na izlete, morje ali pri babici. Ko\u0161ara za novorojen\u010dka je odli\u010dna re\u0161itev! <\/p>\n<p>Nahrbtnik\/previjalna torba<br \/>\n Paketu je prilo\u017een tudi moderen, zelo funkcionalen minimalisti\u010den nahrbtnik, v enakem stilu in dizajnu kot vozi\u010dek. Uniseks nahrbtnik poleg \u0161tevilnih vedno potrebnih \u017eepov vsebuje tudi podlogo za zavijanje in termo dr\u017ealo za stekleni\u010dke, da bo vsebina stekleni\u010dke dlje ostala hladna ali topla.<\/p>\n<p>Bli\u017eina in povezanost, udobje in prakti\u010dnost<br \/>\n Modeli iCandy Peach 7 ponujajo mo\u017enost namestitve ko\u0161are za novorojen\u010dka in sede\u017ea v katero koli smer \u2013 proti star\u0161em ali proti svetu, kot tudi mo\u017enost dodajanja adapterja, nastavljivega po vi\u0161ini, za \u0161e bolj\u0161o interakcijo.<br \/>\n S postavitvijo booster adapterja obrnjen proti star\u0161em v kombinaciji z ko\u0161aro za novorojen\u010dka, vam bo va\u0161 dojen\u010dek na sprehodu \u0161e bli\u017eje. S postavitvijo oja\u010devalnika v smeri stran od star\u0161ev se ustvari dodaten prostor med star\u0161em in ko\u0161aro\/sede\u017eem \u2013 idealno za starej\u0161ega otroka za vo\u017enjo na sistemu Ride-On Board.V kombinaciji s sede\u017eem, obrnjenim stran od star\u0161 in adapterji so prav tako name\u0161\u010deni stran od star\u0161ev, otrok ima dostop do jedilne mize &#8211; u\u017eivajte v dru\u017einskih trenutkih v restavraciji, pri babici ali doma brez dodatnih obse\u017enih podajalnikov &#8211; samo prinesite vozi\u010dek k mizi.<\/p>\n<p>Duo Pod &#8211; zimska vre\u010da in prevleka za sede\u017e, 2v1<br \/>\n Inovativna zimska vre\u010da iCandy, ki s preprostim odpiranjem postane sede\u017ena prevleka, sledi stilu in materialni zasnovi vozi\u010dka iCandy. Prihaja v paketu z vozi\u010dkom in star\u0161em prihrani dodatne nakupe \u0161tevilnih dodatkov.<\/p>\n<p>Enostavno in izjemno uporabno<br \/>\n Raztegljiva nepremo\u010dljiva strehica z veliko mre\u017easto odprtino za zra\u010denje in za\u0161\u010dito pred soncem SPF 50+.<br \/>\n Izjemno gladka vo\u017enja s kolesi iz PU pene, odpornimi na predrtje, z dodatno sredinsko izboklino za manj\u0161o obrabo materiala.<br \/>\n Enostavno zlaganje z eno roko, s samodejnim zaklepanjem vozi\u010dka.<br \/>\n V zlo\u017eenem stanju je vozi\u010dek kompakten in samostoje\u010d, prilo\u017een pa je tudi trak za la\u017eje prena\u0161anje.<br \/>\n Prostorna 44-litrska spodnja ko\u0161ara, ki podpira do 10 kg te\u017ee, z integrirano odto\u010dno odprtino.<br \/>\n Raztegljiv ro\u010daj za krmilne vozi\u010dke vi\u0161ine 95 &#8211; 105 cm &#8211; idealen za vse star\u0161e, \u0161e posebej za visoke!<\/p>\n<p>Garancija: 5 let.<\/p>\n<p>TEHNI\u010cNE SPECIFIKACIJE:<\/p>\n<p>Vi\u0161ina krmilnega ro\u010daja (cm): 95 do 105<br \/>\n Ko\u0161ara (L\/kg): 44 \/ 10<br \/>\n Skupna te\u017ea vozi\u010dka: 12,5 kg<br \/>\n Maksimalna obremenitev sede\u017ea: 25 kg brez boosterja, 15 kg na boosterju<br \/>\n Maksimalna obremenitev sede\u017ea za dvoj\u010dka ali dva razli\u010dno stara otroka: 15 kg<\/p>\n<p>Vozi\u010dek iCandy Peach 7 je zdru\u017eljiv z ve\u010dino avtosede\u017eev, vklju\u010dno z:<\/p>\n<ul>\n<li><a href=\"https:\/\/najnaj.eu\/proizvod\/besafe-go-beyond-fresh-black-cab\/\" target=\"_blank\" rel=\"noopener\">BeSafe Go Beyond<\/a><\/li>\n<li><a href=\"https:\/\/najnaj.eu\/sl\/izdelek\/besafe-izi-go-modular-x2-i-size-40-75-cm-crna-kabina\/\" target=\"_blank\" rel=\"noopener\">BeSafe iZi GO Modular X2<\/a><\/li>\n<li>iCandy Cocoon<\/li>\n<li>Avionaut Pixel Pro 2.0<\/li>\n<li>Maxi-Cosi Coral 360<\/li>\n<li>Maxi-Cosi Pebble<\/li>\n<li>Maxi-Cosi Pebble 360<\/li>\n<li>Maxi-Cosi Pebble Pro 360<\/li>\n<li>Cybex Cloud T<\/li>\n<li>Cybex Cloud G<\/li>\n<li>Cybex Cloud Z\/Z2<\/li>\n<li>Cybex Aton M<\/li>\n<li>Joie in Gemm<\/li>\n<li>Joie iLevel<\/li>\n<li>Joie in Snug<\/li>\n<li>Nuna Arra<\/li>\n<li>Nuna Pipa<\/li>\n<li>Nuna Pipa Lite LX<\/li>\n<\/ul>\n<p>Avtosede\u017ee lahko namestite v razli\u010dnih konfiguracijah:<\/p>\n<p><img loading=\"lazy\" decoding=\"async\" class=\"alignnone wp-image-248054 size-full\" src=\"https:\/\/najnaj.eu\/wp-content\/uploads\/2025\/04\/New-iCandy-carseats.jpg\" alt=\"\" width=\"1500\" height=\"1000\" srcset=\"https:\/\/najnaj.eu\/wp-content\/uploads\/2025\/04\/New-iCandy-carseats.jpg 1500w, https:\/\/najnaj.eu\/wp-content\/uploads\/2025\/04\/New-iCandy-carseats-324x216.jpg 324w, https:\/\/najnaj.eu\/wp-content\/uploads\/2025\/04\/New-iCandy-carseats-1200x800.jpg 1200w, https:\/\/najnaj.eu\/wp-content\/uploads\/2025\/04\/New-iCandy-carseats-300x200.jpg 300w, https:\/\/najnaj.eu\/wp-content\/uploads\/2025\/04\/New-iCandy-carseats-1024x683.jpg 1024w, https:\/\/najnaj.eu\/wp-content\/uploads\/2025\/04\/New-iCandy-carseats-768x512.jpg 768w, https:\/\/najnaj.eu\/wp-content\/uploads\/2025\/04\/New-iCandy-carseats-1440x960.jpg 1440w, https:\/\/najnaj.eu\/wp-content\/uploads\/2025\/04\/New-iCandy-carseats-420x280.jpg 420w\" sizes=\"auto, (max-width: 1500px) 100vw, 1500px\" \/><\/p>\n<p>&nbsp;<\/p>\n","protected":false},"excerpt":{"rendered":"<p>Vrhunski vozi\u010dek za prvorojenca.<br \/>\n Svetovno znani britanski luksuzni vozi\u010dek iCandy v svoji sedmi generaciji modela Peach.<br \/>\n Prefinjen dizajn, skrbno izbrani materiali in tkanine ter funkcionalnost brez primere, vtkana v en vozi\u010dek v elegantni zlati liniji &#8211; iCandy Peach 7 Biscotti on Blonde Complete Bundle.<\/p>\n<p>Vklju\u010deno v paket:<\/p>\n<ul>\n<li>vozi\u010dek (\u0161asija) z vgrajeno platformo za starej\u0161ega otroka (Ride-on board)<\/li>\n<li>material za ko\u0161aro za novorojen\u010dka<\/li>\n<li>material za sede\u017eni del<\/li>\n<li>ogrodje za zibelko\/sede\u017e za novorojen\u010dka<\/li>\n<li>raztegljiva streha z za\u0161\u010ditnim faktorjem SPF 50+<\/li>\n<li>adapterji za avtomobilske sede\u017ee<\/li>\n<li>adapterji za dviganje<\/li>\n<li>pokrivalo za de\u017e<\/li>\n<li>previjalna torba\/nahrbtnik<\/li>\n<li>zimsko vre\u010do in prevleko za sede\u017e<\/li>\n<li>univerzalni sen\u010dnik in mre\u017ea proti komarjem<\/li>\n<li>objemka za sen\u010dnik ali dr\u017ealo za steklenice<\/li>\n<li>dr\u017ealo za steklenice<\/li>\n<li>son\u010dnik<\/li>\n<\/ul>\n<p>Od rojstva do 25 kg.<\/p>\n<p>Mo\u017ena nadgradnja za dva otroka ali za dvoj\u010dka.<\/p>\n<p>Garancija 5 let.<\/p>\n","protected":false},"featured_media":158795,"comment_status":"open","ping_status":"closed","template":"","meta":{"_acf_changed":false,"footnotes":""},"product_brand":[],"product_cat":[1128,1359],"product_tag":[],"class_list":{"0":"post-194000","1":"product","2":"type-product","3":"status-publish","4":"has-post-thumbnail","6":"product_cat-otroski-vozicki","7":"product_cat-vozicek-2-v-1","8":"pa_boja-bez-sl","9":"pa_brand-icandy-sl","10":"pa_vrsta-kolica-2u1-sl","12":"first","13":"instock","14":"purchasable","15":"product-type-simple"},"bundled_by":[],"bundle_stock_status":"instock","bundle_stock_quantity":15,"bundle_virtual":false,"bundle_layout":"","bundle_add_to_cart_form_location":"","bundle_editable_in_cart":false,"bundle_sold_individually_context":"","bundle_item_grouping":"","bundle_min_size":"","bundle_max_size":"","bundle_price":[],"bundled_items":[],"bundle_sell_ids":[],"acf":[],"yoast_head":"<!-- This site is optimized with the Yoast SEO Premium plugin v21.5 (Yoast SEO v27.3) - https:\/\/yoast.com\/product\/yoast-seo-premium-wordpress\/ -->\n<title>iCandy Peach 7 vozi\u010dkov 2v1, Biscotti komplet - NajNaj.eu<\/title>\n<meta name=\"robots\" content=\"index, follow, max-snippet:-1, max-image-preview:large, max-video-preview:-1\" \/>\n<link rel=\"canonical\" href=\"https:\/\/najnaj.eu\/sl\/izdelek\/icandy-peach-7-vozickov-2v1-komplet-biscotti-4\/\" \/>\n<meta property=\"og:locale\" content=\"sl_SI\" \/>\n<meta property=\"og:type\" content=\"article\" \/>\n<meta property=\"og:title\" content=\"iCandy Peach 7 vozi\u010dkov 2v1, Biscotti komplet\" \/>\n<meta property=\"og:description\" content=\"Vrhunski vozi\u010dek za prvorojenca. Svetovno znani britanski luksuzni vozi\u010dek iCandy v svoji sedmi generaciji modela Peach. Prefinjen dizajn, skrbno izbrani materiali in tkanine ter funkcionalnost brez primere, vtkana v en vozi\u010dek v elegantni zlati liniji - iCandy Peach 7 Biscotti on Blonde Complete Bundle. Vklju\u010deno v paket:  vozi\u010dek (\u0161asija) z vgrajeno platformo za starej\u0161ega otroka (Ride-on board)  material za ko\u0161aro za novorojen\u010dka  material za sede\u017eni del  ogrodje za zibelko\/sede\u017e za novorojen\u010dka  raztegljiva streha z za\u0161\u010ditnim faktorjem SPF 50+  adapterji za avtomobilske sede\u017ee  adapterji za dviganje  pokrivalo za de\u017e  previjalna torba\/nahrbtnik  zimsko vre\u010do in prevleko za sede\u017e  univerzalni sen\u010dnik in mre\u017ea proti komarjem  objemka za sen\u010dnik ali dr\u017ealo za steklenice  dr\u017ealo za steklenice  son\u010dnik Od rojstva do 25 kg. Mo\u017ena nadgradnja za dva otroka ali za dvoj\u010dka. Garancija 5 let.\" \/>\n<meta property=\"og:url\" content=\"https:\/\/najnaj.eu\/sl\/izdelek\/icandy-peach-7-vozickov-2v1-komplet-biscotti-4\/\" \/>\n<meta property=\"og:site_name\" content=\"NajNaj.eu\" \/>\n<meta property=\"article:publisher\" content=\"https:\/\/web.facebook.com\/najnaj.eu\/\" \/>\n<meta property=\"og:image\" content=\"https:\/\/najnaj.eu\/wp-content\/uploads\/2023\/08\/IC2728_1_Complete-Bundle.jpg\" \/>\n\t<meta property=\"og:image:width\" content=\"1464\" \/>\n\t<meta property=\"og:image:height\" content=\"1952\" \/>\n\t<meta property=\"og:image:type\" content=\"image\/jpeg\" \/>\n<meta name=\"twitter:card\" content=\"summary_large_image\" \/>\n<meta name=\"twitter:label1\" content=\"Price\" \/>\n\t<meta name=\"twitter:data1\" content=\"1.399,00&nbsp;&euro;\" \/>\n\t<meta name=\"twitter:label2\" content=\"Availability\" \/>\n\t<meta name=\"twitter:data2\" content=\"In stock\" \/>\n<script type=\"application\/ld+json\" class=\"yoast-schema-graph\">{\"@context\":\"https:\\\/\\\/schema.org\",\"@graph\":[{\"@type\":\"WebPage\",\"@id\":\"https:\\\/\\\/najnaj.eu\\\/sl\\\/izdelek\\\/icandy-peach-7-vozickov-2v1-komplet-biscotti-4\\\/\",\"url\":\"https:\\\/\\\/najnaj.eu\\\/sl\\\/izdelek\\\/icandy-peach-7-vozickov-2v1-komplet-biscotti-4\\\/\",\"name\":\"iCandy Peach 7 vozi\u010dkov 2v1, Biscotti komplet - NajNaj.eu\",\"isPartOf\":{\"@id\":\"https:\\\/\\\/najnaj.eu\\\/sl\\\/#website\"},\"primaryImageOfPage\":{\"@id\":\"https:\\\/\\\/najnaj.eu\\\/sl\\\/izdelek\\\/icandy-peach-7-vozickov-2v1-komplet-biscotti-4\\\/#primaryimage\"},\"image\":{\"@id\":\"https:\\\/\\\/najnaj.eu\\\/sl\\\/izdelek\\\/icandy-peach-7-vozickov-2v1-komplet-biscotti-4\\\/#primaryimage\"},\"thumbnailUrl\":\"https:\\\/\\\/najnaj.eu\\\/wp-content\\\/uploads\\\/2023\\\/08\\\/IC2728_1_Complete-Bundle.jpg\",\"datePublished\":\"2026-01-01T08:18:27+00:00\",\"breadcrumb\":{\"@id\":\"https:\\\/\\\/najnaj.eu\\\/sl\\\/izdelek\\\/icandy-peach-7-vozickov-2v1-komplet-biscotti-4\\\/#breadcrumb\"},\"inLanguage\":\"sl-SI\",\"potentialAction\":[{\"@type\":\"ReadAction\",\"target\":[\"https:\\\/\\\/najnaj.eu\\\/sl\\\/izdelek\\\/icandy-peach-7-vozickov-2v1-komplet-biscotti-4\\\/\"]}]},{\"@type\":\"ImageObject\",\"inLanguage\":\"sl-SI\",\"@id\":\"https:\\\/\\\/najnaj.eu\\\/sl\\\/izdelek\\\/icandy-peach-7-vozickov-2v1-komplet-biscotti-4\\\/#primaryimage\",\"url\":\"https:\\\/\\\/najnaj.eu\\\/wp-content\\\/uploads\\\/2023\\\/08\\\/IC2728_1_Complete-Bundle.jpg\",\"contentUrl\":\"https:\\\/\\\/najnaj.eu\\\/wp-content\\\/uploads\\\/2023\\\/08\\\/IC2728_1_Complete-Bundle.jpg\",\"width\":1464,\"height\":1952},{\"@type\":\"BreadcrumbList\",\"@id\":\"https:\\\/\\\/najnaj.eu\\\/sl\\\/izdelek\\\/icandy-peach-7-vozickov-2v1-komplet-biscotti-4\\\/#breadcrumb\",\"itemListElement\":[{\"@type\":\"ListItem\",\"position\":1,\"name\":\"Po\u010detna stranica\",\"item\":\"https:\\\/\\\/najnaj.eu\\\/sl\\\/prednja-stran\\\/\"},{\"@type\":\"ListItem\",\"position\":2,\"name\":\"Shop\",\"item\":\"https:\\\/\\\/najnaj.eu\\\/sl\\\/shop\\\/\"},{\"@type\":\"ListItem\",\"position\":3,\"name\":\"iCandy Peach 7 vozi\u010dkov 2v1, Biscotti komplet\"}]},{\"@type\":\"WebSite\",\"@id\":\"https:\\\/\\\/najnaj.eu\\\/sl\\\/#website\",\"url\":\"https:\\\/\\\/najnaj.eu\\\/sl\\\/\",\"name\":\"NajNaj.eu\",\"description\":\"Za najva\u017enije!\",\"publisher\":{\"@id\":\"https:\\\/\\\/najnaj.eu\\\/sl\\\/#organization\"},\"potentialAction\":[{\"@type\":\"SearchAction\",\"target\":{\"@type\":\"EntryPoint\",\"urlTemplate\":\"https:\\\/\\\/najnaj.eu\\\/sl\\\/?s={search_term_string}\"},\"query-input\":{\"@type\":\"PropertyValueSpecification\",\"valueRequired\":true,\"valueName\":\"search_term_string\"}}],\"inLanguage\":\"sl-SI\"},{\"@type\":\"Organization\",\"@id\":\"https:\\\/\\\/najnaj.eu\\\/sl\\\/#organization\",\"name\":\"NajNaj.eu\",\"url\":\"https:\\\/\\\/najnaj.eu\\\/sl\\\/\",\"logo\":{\"@type\":\"ImageObject\",\"inLanguage\":\"sl-SI\",\"@id\":\"https:\\\/\\\/najnaj.eu\\\/sl\\\/#\\\/schema\\\/logo\\\/image\\\/\",\"url\":\"https:\\\/\\\/najnaj.eu\\\/wp-content\\\/uploads\\\/2023\\\/09\\\/logo_Najnaj_2023.svg\",\"contentUrl\":\"https:\\\/\\\/najnaj.eu\\\/wp-content\\\/uploads\\\/2023\\\/09\\\/logo_Najnaj_2023.svg\",\"width\":501,\"height\":278,\"caption\":\"NajNaj.eu\"},\"image\":{\"@id\":\"https:\\\/\\\/najnaj.eu\\\/sl\\\/#\\\/schema\\\/logo\\\/image\\\/\"},\"sameAs\":[\"https:\\\/\\\/web.facebook.com\\\/najnaj.eu\\\/\",\"https:\\\/\\\/www.instagram.com\\\/najnaj.eu\\\/\",\"https:\\\/\\\/www.tiktok.com\\\/@najnaj.eu\"]}]}<\/script>\n<meta property=\"product:brand\" content=\"iCandy\" \/>\n<meta property=\"product:price:amount\" content=\"1399.00\" \/>\n<meta property=\"product:price:currency\" content=\"EUR\" \/>\n<meta property=\"og:availability\" content=\"instock\" \/>\n<meta property=\"product:availability\" content=\"instock\" \/>\n<meta property=\"product:retailer_item_id\" content=\"IC2728\" \/>\n<meta property=\"product:condition\" content=\"new\" \/>\n<!-- \/ Yoast SEO Premium plugin. -->","yoast_head_json":{"title":"iCandy Peach 7 vozi\u010dkov 2v1, Biscotti komplet - NajNaj.eu","robots":{"index":"index","follow":"follow","max-snippet":"max-snippet:-1","max-image-preview":"max-image-preview:large","max-video-preview":"max-video-preview:-1"},"canonical":"https:\/\/najnaj.eu\/sl\/izdelek\/icandy-peach-7-vozickov-2v1-komplet-biscotti-4\/","og_locale":"sl_SI","og_type":"article","og_title":"iCandy Peach 7 vozi\u010dkov 2v1, Biscotti komplet","og_description":"Vrhunski vozi\u010dek za prvorojenca. Svetovno znani britanski luksuzni vozi\u010dek iCandy v svoji sedmi generaciji modela Peach. Prefinjen dizajn, skrbno izbrani materiali in tkanine ter funkcionalnost brez primere, vtkana v en vozi\u010dek v elegantni zlati liniji - iCandy Peach 7 Biscotti on Blonde Complete Bundle. Vklju\u010deno v paket:  vozi\u010dek (\u0161asija) z vgrajeno platformo za starej\u0161ega otroka (Ride-on board)  material za ko\u0161aro za novorojen\u010dka  material za sede\u017eni del  ogrodje za zibelko\/sede\u017e za novorojen\u010dka  raztegljiva streha z za\u0161\u010ditnim faktorjem SPF 50+  adapterji za avtomobilske sede\u017ee  adapterji za dviganje  pokrivalo za de\u017e  previjalna torba\/nahrbtnik  zimsko vre\u010do in prevleko za sede\u017e  univerzalni sen\u010dnik in mre\u017ea proti komarjem  objemka za sen\u010dnik ali dr\u017ealo za steklenice  dr\u017ealo za steklenice  son\u010dnik Od rojstva do 25 kg. Mo\u017ena nadgradnja za dva otroka ali za dvoj\u010dka. Garancija 5 let.","og_url":"https:\/\/najnaj.eu\/sl\/izdelek\/icandy-peach-7-vozickov-2v1-komplet-biscotti-4\/","og_site_name":"NajNaj.eu","article_publisher":"https:\/\/web.facebook.com\/najnaj.eu\/","og_image":[{"width":1464,"height":1952,"url":"https:\/\/najnaj.eu\/wp-content\/uploads\/2023\/08\/IC2728_1_Complete-Bundle.jpg","type":"image\/jpeg"}],"twitter_card":"summary_large_image","twitter_misc":{"Price":"1.399,00&nbsp;&euro;","Availability":"In stock"},"schema":{"@context":"https:\/\/schema.org","@graph":[{"@type":"WebPage","@id":"https:\/\/najnaj.eu\/sl\/izdelek\/icandy-peach-7-vozickov-2v1-komplet-biscotti-4\/","url":"https:\/\/najnaj.eu\/sl\/izdelek\/icandy-peach-7-vozickov-2v1-komplet-biscotti-4\/","name":"iCandy Peach 7 vozi\u010dkov 2v1, Biscotti komplet - NajNaj.eu","isPartOf":{"@id":"https:\/\/najnaj.eu\/sl\/#website"},"primaryImageOfPage":{"@id":"https:\/\/najnaj.eu\/sl\/izdelek\/icandy-peach-7-vozickov-2v1-komplet-biscotti-4\/#primaryimage"},"image":{"@id":"https:\/\/najnaj.eu\/sl\/izdelek\/icandy-peach-7-vozickov-2v1-komplet-biscotti-4\/#primaryimage"},"thumbnailUrl":"https:\/\/najnaj.eu\/wp-content\/uploads\/2023\/08\/IC2728_1_Complete-Bundle.jpg","datePublished":"2026-01-01T08:18:27+00:00","breadcrumb":{"@id":"https:\/\/najnaj.eu\/sl\/izdelek\/icandy-peach-7-vozickov-2v1-komplet-biscotti-4\/#breadcrumb"},"inLanguage":"sl-SI","potentialAction":[{"@type":"ReadAction","target":["https:\/\/najnaj.eu\/sl\/izdelek\/icandy-peach-7-vozickov-2v1-komplet-biscotti-4\/"]}]},{"@type":"ImageObject","inLanguage":"sl-SI","@id":"https:\/\/najnaj.eu\/sl\/izdelek\/icandy-peach-7-vozickov-2v1-komplet-biscotti-4\/#primaryimage","url":"https:\/\/najnaj.eu\/wp-content\/uploads\/2023\/08\/IC2728_1_Complete-Bundle.jpg","contentUrl":"https:\/\/najnaj.eu\/wp-content\/uploads\/2023\/08\/IC2728_1_Complete-Bundle.jpg","width":1464,"height":1952},{"@type":"BreadcrumbList","@id":"https:\/\/najnaj.eu\/sl\/izdelek\/icandy-peach-7-vozickov-2v1-komplet-biscotti-4\/#breadcrumb","itemListElement":[{"@type":"ListItem","position":1,"name":"Po\u010detna stranica","item":"https:\/\/najnaj.eu\/sl\/prednja-stran\/"},{"@type":"ListItem","position":2,"name":"Shop","item":"https:\/\/najnaj.eu\/sl\/shop\/"},{"@type":"ListItem","position":3,"name":"iCandy Peach 7 vozi\u010dkov 2v1, Biscotti komplet"}]},{"@type":"WebSite","@id":"https:\/\/najnaj.eu\/sl\/#website","url":"https:\/\/najnaj.eu\/sl\/","name":"NajNaj.eu","description":"Za najva\u017enije!","publisher":{"@id":"https:\/\/najnaj.eu\/sl\/#organization"},"potentialAction":[{"@type":"SearchAction","target":{"@type":"EntryPoint","urlTemplate":"https:\/\/najnaj.eu\/sl\/?s={search_term_string}"},"query-input":{"@type":"PropertyValueSpecification","valueRequired":true,"valueName":"search_term_string"}}],"inLanguage":"sl-SI"},{"@type":"Organization","@id":"https:\/\/najnaj.eu\/sl\/#organization","name":"NajNaj.eu","url":"https:\/\/najnaj.eu\/sl\/","logo":{"@type":"ImageObject","inLanguage":"sl-SI","@id":"https:\/\/najnaj.eu\/sl\/#\/schema\/logo\/image\/","url":"https:\/\/najnaj.eu\/wp-content\/uploads\/2023\/09\/logo_Najnaj_2023.svg","contentUrl":"https:\/\/najnaj.eu\/wp-content\/uploads\/2023\/09\/logo_Najnaj_2023.svg","width":501,"height":278,"caption":"NajNaj.eu"},"image":{"@id":"https:\/\/najnaj.eu\/sl\/#\/schema\/logo\/image\/"},"sameAs":["https:\/\/web.facebook.com\/najnaj.eu\/","https:\/\/www.instagram.com\/najnaj.eu\/","https:\/\/www.tiktok.com\/@najnaj.eu"]}]},"product_brand":"iCandy","product_price_amount":"1399.00","product_price_currency":"EUR","og_availability":"instock","product_availability":"instock","product_retailer_item_id":"IC2728","product_condition":"new"},"_links":{"self":[{"href":"https:\/\/najnaj.eu\/sl\/wp-json\/wp\/v2\/product\/194000","targetHints":{"allow":["GET"]}}],"collection":[{"href":"https:\/\/najnaj.eu\/sl\/wp-json\/wp\/v2\/product"}],"about":[{"href":"https:\/\/najnaj.eu\/sl\/wp-json\/wp\/v2\/types\/product"}],"replies":[{"embeddable":true,"href":"https:\/\/najnaj.eu\/sl\/wp-json\/wp\/v2\/comments?post=194000"}],"version-history":[{"count":0,"href":"https:\/\/najnaj.eu\/sl\/wp-json\/wp\/v2\/product\/194000\/revisions"}],"wp:featuredmedia":[{"embeddable":true,"href":"https:\/\/najnaj.eu\/sl\/wp-json\/wp\/v2\/media\/158795"}],"wp:attachment":[{"href":"https:\/\/najnaj.eu\/sl\/wp-json\/wp\/v2\/media?parent=194000"}],"wp:term":[{"taxonomy":"product_brand","embeddable":true,"href":"https:\/\/najnaj.eu\/sl\/wp-json\/wp\/v2\/product_brand?post=194000"},{"taxonomy":"product_cat","embeddable":true,"href":"https:\/\/najnaj.eu\/sl\/wp-json\/wp\/v2\/product_cat?post=194000"},{"taxonomy":"product_tag","embeddable":true,"href":"https:\/\/najnaj.eu\/sl\/wp-json\/wp\/v2\/product_tag?post=194000"}],"curies":[{"name":"wp","href":"https:\/\/api.w.org\/{rel}","templated":true}]}}