{"id":193996,"date":"2025-10-01T09:01:18","date_gmt":"2025-10-01T07:01:18","guid":{"rendered":"https:\/\/najnaj.eu\/proizvod\/potovalna-posteljica-aeromoov-temno-modra\/"},"modified":"2025-06-18T08:54:43","modified_gmt":"2025-06-18T06:54:43","slug":"potovalna-posteljica-aeromoov-temno-modra","status":"publish","type":"product","link":"https:\/\/najnaj.eu\/sl\/izdelek\/potovalna-posteljica-aeromoov-temno-modra\/","title":{"rendered":"Potovalna posteljica AeroMoov &#8211; temno modra"},"content":{"rendered":"<p><strong><b>Enostavno odvijanje in zlaganje v samo<\/b><\/strong> <strong><b>2<\/b><\/strong> <strong><b>sekundah<\/b><\/strong><strong><b><br \/>\n<\/b><\/strong>Potovalno posteljico AeroMo lahko postavite in zlo\u017eite v nekaj sekundah! Enostavno je, saj se posteljica sama odpre \u2013 dovolj je le, da jo razgrnete. Za razliko od te\u017ekih potovalnih posteljic AeroMoov ne zahteva fizi\u010dnega napora.  <\/p>\n<p><strong><b><strong><b>Svetloba<\/b><\/strong><\/b><\/strong><br \/>\n Potovalna posteljica AeroMo tehta manj kot 5 kg. Ta potovalna posteljica je lahka, prakti\u010dna in se zlahka zlo\u017ei v priro\u010dno torbo, kar pomeni, da jo lahko vzamete kamor koli.  Tudi starej\u0161i bratec ali sestrica ga brez te\u017eav prena\u0161ata in (raz)stavljata.<\/p>\n<p><img loading=\"lazy\" decoding=\"async\" class=\"size-medium wp-image-207983 aligncenter\" src=\"https:\/\/najnaj.eu\/wp-content\/uploads\/2020\/03\/2-300x300.webp\" alt=\"\" width=\"300\" height=\"300\" srcset=\"https:\/\/najnaj.eu\/wp-content\/uploads\/2020\/03\/2-300x300.webp 300w, https:\/\/najnaj.eu\/wp-content\/uploads\/2020\/03\/2-324x324.webp 324w, https:\/\/najnaj.eu\/wp-content\/uploads\/2020\/03\/2-100x100.webp 100w, https:\/\/najnaj.eu\/wp-content\/uploads\/2020\/03\/2-150x150.webp 150w, https:\/\/najnaj.eu\/wp-content\/uploads\/2020\/03\/2-420x420.webp 420w, https:\/\/najnaj.eu\/wp-content\/uploads\/2020\/03\/2-50x50.webp 50w, https:\/\/najnaj.eu\/wp-content\/uploads\/2020\/03\/2.webp 640w\" sizes=\"auto, (max-width: 300px) 100vw, 300px\" \/><\/p>\n<p><strong><b>Kakovostna vzmetnica za optimalno udobje  <\/b><\/strong><strong><b><br \/>\n<\/b><\/strong>Potovalna posteljica AeroMo ima trdo 3 cm debelo vzmetnico iz PU pene, ki zagotavlja dobro oporo hrbtu.<\/p>\n<p>Potovalna posteljica ustreza najstro\u017ejim varnostnim standardom za dojen\u010dke EN716-1-2008 in A1-2013.<\/p>\n<p>Ustrezna prevleka za vzmetnico se prodaja lo\u010deno.<\/p>\n<p><img loading=\"lazy\" decoding=\"async\" class=\"size-medium wp-image-207973 aligncenter\" src=\"https:\/\/najnaj.eu\/wp-content\/uploads\/2020\/03\/4-300x300.webp\" alt=\"\" width=\"300\" height=\"300\" srcset=\"https:\/\/najnaj.eu\/wp-content\/uploads\/2020\/03\/4-300x300.webp 300w, https:\/\/najnaj.eu\/wp-content\/uploads\/2020\/03\/4-324x324.webp 324w, https:\/\/najnaj.eu\/wp-content\/uploads\/2020\/03\/4-100x100.webp 100w, https:\/\/najnaj.eu\/wp-content\/uploads\/2020\/03\/4-150x150.webp 150w, https:\/\/najnaj.eu\/wp-content\/uploads\/2020\/03\/4-420x420.webp 420w, https:\/\/najnaj.eu\/wp-content\/uploads\/2020\/03\/4-50x50.webp 50w, https:\/\/najnaj.eu\/wp-content\/uploads\/2020\/03\/4.webp 640w\" sizes=\"auto, (max-width: 300px) 100vw, 300px\" \/><\/p>\n<p><strong><b>2 ravni za novorojen\u010dke in<\/b><\/strong> <strong><b>otroke<\/b><\/strong><br \/>\n Potovalna posteljica AeroMo ima dve ravni: nizko in srednjo. Dostopnej\u0161i srednji nivo je namenjen novorojen\u010dkom do 2. meseca starosti. Zmanj\u0161a prepogibanje pri dvigovanju otroka iz posteljice. Nivo vzmetnice je enostavno nastavljiv. Ko otrok lahko sedi pokonci ali tehta ve\u010d kot 6 kg, je \u010das, da se premaknete na ni\u017ejo raven.     <\/p>\n<p>&nbsp;<\/p>\n<p>Va\u0161 otrok se bo vedno varno igral in spal. Dimenzije vzmetnice so 110x60cm. Zato lahko spodnji nivo varno uporabljate, dokler otrok ne bo sposoben samostojno vstati iz posteljice.  <\/p>\n<p>\u0160e ena pametna funkcija sta dve re\u017ei za va\u0161e noge pod posteljico, ki bosta nudili dodatno podporo pri dvigovanju otroka iz posteljice.<\/p>\n<p><img loading=\"lazy\" decoding=\"async\" class=\"size-medium wp-image-207978 aligncenter\" src=\"https:\/\/najnaj.eu\/wp-content\/uploads\/2020\/03\/3-300x300.webp\" alt=\"\" width=\"300\" height=\"300\" srcset=\"https:\/\/najnaj.eu\/wp-content\/uploads\/2020\/03\/3-300x300.webp 300w, https:\/\/najnaj.eu\/wp-content\/uploads\/2020\/03\/3-324x324.webp 324w, https:\/\/najnaj.eu\/wp-content\/uploads\/2020\/03\/3-100x100.webp 100w, https:\/\/najnaj.eu\/wp-content\/uploads\/2020\/03\/3-150x150.webp 150w, https:\/\/najnaj.eu\/wp-content\/uploads\/2020\/03\/3-420x420.webp 420w, https:\/\/najnaj.eu\/wp-content\/uploads\/2020\/03\/3-50x50.webp 50w, https:\/\/najnaj.eu\/wp-content\/uploads\/2020\/03\/3.webp 640w\" sizes=\"auto, (max-width: 300px) 100vw, 300px\" \/><\/p>\n<p><strong><b>Kompaktnost<\/b><\/strong><br \/>\n Potovalna posteljica Aeromo se zelo kompaktno zlo\u017ei in enostavno shrani v elegantni in tanki torbi za prena\u0161anje. Potovalno posteljico lahko pospravite v najo\u017eje prostore: zraven omare, pod stopnicami ali kamor koli. <\/p>\n<p>Seveda je lahka potovalna posteljica popolna za potovanje in avto.<\/p>\n<p><strong><b>  Za notranje in zunanje prostore<\/b><\/strong><strong><b><br \/>\n<\/b><\/strong>Doma ga lahko uporabite na vrtu, na balkonu, v dnevni sobi, kuhinji, spalnici ali pisarni. V kratkem \u010dasu lahko ustvarite popolno okolje za igro ali spanje. Kaj pa preno\u010devanje pri starih star\u0161ih ali obisk prijateljev? Potovalno posteljico enostavno vzamete s seboj, va\u0161emu otroku pa bo omogo\u010dila udobno spanje kjerkoli \u017ee ste.   <\/p>\n<p>Odli\u010den je za po\u010ditnice in pla\u017eo: zahvaljujo\u010d mre\u017eastim stranem lahko pazi\u0161 na svojega otroka, medtem ko se igra in spi.<\/p>\n<p><img loading=\"lazy\" decoding=\"async\" class=\"size-medium wp-image-207988 aligncenter\" src=\"https:\/\/najnaj.eu\/wp-content\/uploads\/2020\/03\/1-300x300.webp\" alt=\"\" width=\"300\" height=\"300\" srcset=\"https:\/\/najnaj.eu\/wp-content\/uploads\/2020\/03\/1-300x300.webp 300w, https:\/\/najnaj.eu\/wp-content\/uploads\/2020\/03\/1-324x324.webp 324w, https:\/\/najnaj.eu\/wp-content\/uploads\/2020\/03\/1-100x100.webp 100w, https:\/\/najnaj.eu\/wp-content\/uploads\/2020\/03\/1-150x150.webp 150w, https:\/\/najnaj.eu\/wp-content\/uploads\/2020\/03\/1-420x420.webp 420w, https:\/\/najnaj.eu\/wp-content\/uploads\/2020\/03\/1-50x50.webp 50w, https:\/\/najnaj.eu\/wp-content\/uploads\/2020\/03\/1.webp 640w\" sizes=\"auto, (max-width: 300px) 100vw, 300px\" \/><\/p>\n<p>Preverite dodatke za potovalno posteljico AeroMo! Za \u0161e bolj\u0161o uporabo potovalne posteljice AeroMoov so na voljo dodatki: son\u010dna strehica, mre\u017ea proti mr\u010desu, rjuha in za\u0161\u010dita za vzmetnico, ki se prodajajo lo\u010deno. <\/p>\n","protected":false},"excerpt":{"rendered":"<p>Razstavljanje in zlaganje potovalne posteljice AeroMoov traja le nekaj sekund. Zasnovan tako, da je varen in stabilen, a tudi izjemno lahek. Potovalna posteljica AeroMo je vsestranska posteljica, ki jo lahko uporabljate kjerkoli. Kamorkoli vas pot zanese, ima va\u0161 otrok vedno idealen prostor za igro in spanje.   <\/p>\n<ul>\n<li>Enostavno odvijanje in zlaganje v <strong><b>samo<\/b><\/strong> <strong><b>2<\/b><\/strong> <strong><b>sekundah<\/b><\/strong><\/li>\n<li><b><\/b><strong><b>Lahka<\/b><\/strong> <strong><b>in \u010dvrsta,<\/b><\/strong> tehta manj kot 5 kg<\/li>\n<li><b><\/b>Vzmetnica iz <strong><b>4-<\/b><\/strong> <strong><b>vrstne PU pene<\/b><\/strong> <\/li>\n<li>Dve stopnji spanja: ni\u017eja srednja stopnja za dojen\u010dke do 2 meseca<\/li>\n<li><strong><b>Izpolnjuje<\/b><\/strong> <strong><b>najvi\u0161je<\/b><\/strong> <strong><b>varnostne<\/b><\/strong> <strong><b>standarde<\/b><\/strong> <strong><b>_<\/b><\/strong> <strong><b>_<\/b><\/strong><\/li>\n<\/ul>\n","protected":false},"featured_media":155208,"comment_status":"open","ping_status":"closed","template":"","meta":{"_acf_changed":false,"footnotes":""},"product_brand":[],"product_cat":[1288,1289,1384],"product_tag":[2281],"class_list":{"0":"post-193996","1":"product","2":"type-product","3":"status-publish","4":"has-post-thumbnail","6":"product_cat-otroska-soba","7":"product_cat-otroska-soba-sl","8":"product_cat-potovalna-posteljica","9":"product_tag-poletje","10":"pa_brand-aeromoov-sl","12":"first","13":"outofstock","14":"purchasable","15":"product-type-simple"},"bundled_by":[],"bundle_stock_status":"outofstock","bundle_stock_quantity":0,"bundle_virtual":false,"bundle_layout":"","bundle_add_to_cart_form_location":"","bundle_editable_in_cart":false,"bundle_sold_individually_context":"","bundle_item_grouping":"","bundle_min_size":"","bundle_max_size":"","bundle_price":[],"bundled_items":[],"bundle_sell_ids":[],"acf":[],"yoast_head":"<!-- This site is optimized with the Yoast SEO Premium plugin v21.5 (Yoast SEO v27.4) - https:\/\/yoast.com\/product\/yoast-seo-premium-wordpress\/ -->\n<title>Potovalna posteljica AeroMoov - temno modra - NajNaj.eu<\/title>\n<meta name=\"robots\" content=\"index, follow, max-snippet:-1, max-image-preview:large, max-video-preview:-1\" \/>\n<link rel=\"canonical\" href=\"https:\/\/najnaj.eu\/sl\/izdelek\/potovalna-posteljica-aeromoov-temno-modra\/\" \/>\n<meta property=\"og:locale\" content=\"sl_SI\" \/>\n<meta property=\"og:type\" content=\"article\" \/>\n<meta property=\"og:title\" content=\"Potovalna posteljica AeroMoov - temno modra\" \/>\n<meta property=\"og:description\" content=\"Razstavljanje in zlaganje potovalne posteljice AeroMoov traja le nekaj sekund. Zasnovan tako, da je varen in stabilen, a tudi izjemno lahek. Potovalna posteljica AeroMo je vsestranska posteljica, ki jo lahko uporabljate kjerkoli. Kamorkoli vas pot zanese, ima va\u0161 otrok vedno idealen prostor za igro in spanje.    Enostavno odvijanje in zlaganje v samo 2 sekundah  Lahka in \u010dvrsta, tehta manj kot 5 kg  Vzmetnica iz 4- vrstne PU pene  Dve stopnji spanja: ni\u017eja srednja stopnja za dojen\u010dke do 2 meseca  Izpolnjuje najvi\u0161je varnostne standarde _ _\" \/>\n<meta property=\"og:url\" content=\"https:\/\/najnaj.eu\/sl\/izdelek\/potovalna-posteljica-aeromoov-temno-modra\/\" \/>\n<meta property=\"og:site_name\" content=\"NajNaj.eu\" \/>\n<meta property=\"article:publisher\" content=\"https:\/\/web.facebook.com\/najnaj.eu\/\" \/>\n<meta property=\"og:image\" content=\"https:\/\/najnaj.eu\/wp-content\/uploads\/2023\/08\/ITC-BlueWhale-Front.jpg\" \/>\n\t<meta property=\"og:image:width\" content=\"2000\" \/>\n\t<meta property=\"og:image:height\" content=\"1333\" \/>\n\t<meta property=\"og:image:type\" content=\"image\/jpeg\" \/>\n<meta name=\"twitter:card\" content=\"summary_large_image\" \/>\n<meta name=\"twitter:label1\" content=\"Price\" \/>\n\t<meta name=\"twitter:data1\" content=\"199,00&nbsp;&euro;\" \/>\n\t<meta name=\"twitter:label2\" content=\"Availability\" \/>\n\t<meta name=\"twitter:data2\" content=\"Out of stock\" \/>\n<script type=\"application\/ld+json\" class=\"yoast-schema-graph\">{\"@context\":\"https:\\\/\\\/schema.org\",\"@graph\":[{\"@type\":\"WebPage\",\"@id\":\"https:\\\/\\\/najnaj.eu\\\/sl\\\/izdelek\\\/potovalna-posteljica-aeromoov-temno-modra\\\/\",\"url\":\"https:\\\/\\\/najnaj.eu\\\/sl\\\/izdelek\\\/potovalna-posteljica-aeromoov-temno-modra\\\/\",\"name\":\"Potovalna posteljica AeroMoov - temno modra - NajNaj.eu\",\"isPartOf\":{\"@id\":\"https:\\\/\\\/najnaj.eu\\\/sl\\\/#website\"},\"primaryImageOfPage\":{\"@id\":\"https:\\\/\\\/najnaj.eu\\\/sl\\\/izdelek\\\/potovalna-posteljica-aeromoov-temno-modra\\\/#primaryimage\"},\"image\":{\"@id\":\"https:\\\/\\\/najnaj.eu\\\/sl\\\/izdelek\\\/potovalna-posteljica-aeromoov-temno-modra\\\/#primaryimage\"},\"thumbnailUrl\":\"https:\\\/\\\/najnaj.eu\\\/wp-content\\\/uploads\\\/2023\\\/08\\\/ITC-BlueWhale-Front.jpg\",\"datePublished\":\"2025-10-01T07:01:18+00:00\",\"breadcrumb\":{\"@id\":\"https:\\\/\\\/najnaj.eu\\\/sl\\\/izdelek\\\/potovalna-posteljica-aeromoov-temno-modra\\\/#breadcrumb\"},\"inLanguage\":\"sl-SI\",\"potentialAction\":[{\"@type\":\"ReadAction\",\"target\":[\"https:\\\/\\\/najnaj.eu\\\/sl\\\/izdelek\\\/potovalna-posteljica-aeromoov-temno-modra\\\/\"]}]},{\"@type\":\"ImageObject\",\"inLanguage\":\"sl-SI\",\"@id\":\"https:\\\/\\\/najnaj.eu\\\/sl\\\/izdelek\\\/potovalna-posteljica-aeromoov-temno-modra\\\/#primaryimage\",\"url\":\"https:\\\/\\\/najnaj.eu\\\/wp-content\\\/uploads\\\/2023\\\/08\\\/ITC-BlueWhale-Front.jpg\",\"contentUrl\":\"https:\\\/\\\/najnaj.eu\\\/wp-content\\\/uploads\\\/2023\\\/08\\\/ITC-BlueWhale-Front.jpg\",\"width\":2000,\"height\":1333},{\"@type\":\"BreadcrumbList\",\"@id\":\"https:\\\/\\\/najnaj.eu\\\/sl\\\/izdelek\\\/potovalna-posteljica-aeromoov-temno-modra\\\/#breadcrumb\",\"itemListElement\":[{\"@type\":\"ListItem\",\"position\":1,\"name\":\"Po\u010detna stranica\",\"item\":\"https:\\\/\\\/najnaj.eu\\\/sl\\\/prednja-stran\\\/\"},{\"@type\":\"ListItem\",\"position\":2,\"name\":\"Shop\",\"item\":\"https:\\\/\\\/najnaj.eu\\\/sl\\\/shop\\\/\"},{\"@type\":\"ListItem\",\"position\":3,\"name\":\"Potovalna posteljica AeroMoov &#8211; temno modra\"}]},{\"@type\":\"WebSite\",\"@id\":\"https:\\\/\\\/najnaj.eu\\\/sl\\\/#website\",\"url\":\"https:\\\/\\\/najnaj.eu\\\/sl\\\/\",\"name\":\"NajNaj.eu\",\"description\":\"Za najva\u017enije!\",\"publisher\":{\"@id\":\"https:\\\/\\\/najnaj.eu\\\/sl\\\/#organization\"},\"potentialAction\":[{\"@type\":\"SearchAction\",\"target\":{\"@type\":\"EntryPoint\",\"urlTemplate\":\"https:\\\/\\\/najnaj.eu\\\/sl\\\/?s={search_term_string}\"},\"query-input\":{\"@type\":\"PropertyValueSpecification\",\"valueRequired\":true,\"valueName\":\"search_term_string\"}}],\"inLanguage\":\"sl-SI\"},{\"@type\":\"Organization\",\"@id\":\"https:\\\/\\\/najnaj.eu\\\/sl\\\/#organization\",\"name\":\"NajNaj.eu\",\"url\":\"https:\\\/\\\/najnaj.eu\\\/sl\\\/\",\"logo\":{\"@type\":\"ImageObject\",\"inLanguage\":\"sl-SI\",\"@id\":\"https:\\\/\\\/najnaj.eu\\\/sl\\\/#\\\/schema\\\/logo\\\/image\\\/\",\"url\":\"https:\\\/\\\/najnaj.eu\\\/wp-content\\\/uploads\\\/2023\\\/09\\\/logo_Najnaj_2023.svg\",\"contentUrl\":\"https:\\\/\\\/najnaj.eu\\\/wp-content\\\/uploads\\\/2023\\\/09\\\/logo_Najnaj_2023.svg\",\"width\":501,\"height\":278,\"caption\":\"NajNaj.eu\"},\"image\":{\"@id\":\"https:\\\/\\\/najnaj.eu\\\/sl\\\/#\\\/schema\\\/logo\\\/image\\\/\"},\"sameAs\":[\"https:\\\/\\\/web.facebook.com\\\/najnaj.eu\\\/\",\"https:\\\/\\\/www.instagram.com\\\/najnaj.eu\\\/\",\"https:\\\/\\\/www.tiktok.com\\\/@najnaj.eu\"]}]}<\/script>\n<meta property=\"product:brand\" content=\"AeroMoov\" \/>\n<meta property=\"product:price:amount\" content=\"199.00\" \/>\n<meta property=\"product:price:currency\" content=\"EUR\" \/>\n<meta property=\"og:availability\" content=\"out of stock\" \/>\n<meta property=\"product:availability\" content=\"out of stock\" \/>\n<meta property=\"product:retailer_item_id\" content=\"ATC11060-BW\" \/>\n<meta property=\"product:condition\" content=\"new\" \/>\n<!-- \/ Yoast SEO Premium plugin. -->","yoast_head_json":{"title":"Potovalna posteljica AeroMoov - temno modra - NajNaj.eu","robots":{"index":"index","follow":"follow","max-snippet":"max-snippet:-1","max-image-preview":"max-image-preview:large","max-video-preview":"max-video-preview:-1"},"canonical":"https:\/\/najnaj.eu\/sl\/izdelek\/potovalna-posteljica-aeromoov-temno-modra\/","og_locale":"sl_SI","og_type":"article","og_title":"Potovalna posteljica AeroMoov - temno modra","og_description":"Razstavljanje in zlaganje potovalne posteljice AeroMoov traja le nekaj sekund. Zasnovan tako, da je varen in stabilen, a tudi izjemno lahek. Potovalna posteljica AeroMo je vsestranska posteljica, ki jo lahko uporabljate kjerkoli. Kamorkoli vas pot zanese, ima va\u0161 otrok vedno idealen prostor za igro in spanje.    Enostavno odvijanje in zlaganje v samo 2 sekundah  Lahka in \u010dvrsta, tehta manj kot 5 kg  Vzmetnica iz 4- vrstne PU pene  Dve stopnji spanja: ni\u017eja srednja stopnja za dojen\u010dke do 2 meseca  Izpolnjuje najvi\u0161je varnostne standarde _ _","og_url":"https:\/\/najnaj.eu\/sl\/izdelek\/potovalna-posteljica-aeromoov-temno-modra\/","og_site_name":"NajNaj.eu","article_publisher":"https:\/\/web.facebook.com\/najnaj.eu\/","og_image":[{"width":2000,"height":1333,"url":"https:\/\/najnaj.eu\/wp-content\/uploads\/2023\/08\/ITC-BlueWhale-Front.jpg","type":"image\/jpeg"}],"twitter_card":"summary_large_image","twitter_misc":{"Price":"199,00&nbsp;&euro;","Availability":"Out of stock"},"schema":{"@context":"https:\/\/schema.org","@graph":[{"@type":"WebPage","@id":"https:\/\/najnaj.eu\/sl\/izdelek\/potovalna-posteljica-aeromoov-temno-modra\/","url":"https:\/\/najnaj.eu\/sl\/izdelek\/potovalna-posteljica-aeromoov-temno-modra\/","name":"Potovalna posteljica AeroMoov - temno modra - NajNaj.eu","isPartOf":{"@id":"https:\/\/najnaj.eu\/sl\/#website"},"primaryImageOfPage":{"@id":"https:\/\/najnaj.eu\/sl\/izdelek\/potovalna-posteljica-aeromoov-temno-modra\/#primaryimage"},"image":{"@id":"https:\/\/najnaj.eu\/sl\/izdelek\/potovalna-posteljica-aeromoov-temno-modra\/#primaryimage"},"thumbnailUrl":"https:\/\/najnaj.eu\/wp-content\/uploads\/2023\/08\/ITC-BlueWhale-Front.jpg","datePublished":"2025-10-01T07:01:18+00:00","breadcrumb":{"@id":"https:\/\/najnaj.eu\/sl\/izdelek\/potovalna-posteljica-aeromoov-temno-modra\/#breadcrumb"},"inLanguage":"sl-SI","potentialAction":[{"@type":"ReadAction","target":["https:\/\/najnaj.eu\/sl\/izdelek\/potovalna-posteljica-aeromoov-temno-modra\/"]}]},{"@type":"ImageObject","inLanguage":"sl-SI","@id":"https:\/\/najnaj.eu\/sl\/izdelek\/potovalna-posteljica-aeromoov-temno-modra\/#primaryimage","url":"https:\/\/najnaj.eu\/wp-content\/uploads\/2023\/08\/ITC-BlueWhale-Front.jpg","contentUrl":"https:\/\/najnaj.eu\/wp-content\/uploads\/2023\/08\/ITC-BlueWhale-Front.jpg","width":2000,"height":1333},{"@type":"BreadcrumbList","@id":"https:\/\/najnaj.eu\/sl\/izdelek\/potovalna-posteljica-aeromoov-temno-modra\/#breadcrumb","itemListElement":[{"@type":"ListItem","position":1,"name":"Po\u010detna stranica","item":"https:\/\/najnaj.eu\/sl\/prednja-stran\/"},{"@type":"ListItem","position":2,"name":"Shop","item":"https:\/\/najnaj.eu\/sl\/shop\/"},{"@type":"ListItem","position":3,"name":"Potovalna posteljica AeroMoov &#8211; temno modra"}]},{"@type":"WebSite","@id":"https:\/\/najnaj.eu\/sl\/#website","url":"https:\/\/najnaj.eu\/sl\/","name":"NajNaj.eu","description":"Za najva\u017enije!","publisher":{"@id":"https:\/\/najnaj.eu\/sl\/#organization"},"potentialAction":[{"@type":"SearchAction","target":{"@type":"EntryPoint","urlTemplate":"https:\/\/najnaj.eu\/sl\/?s={search_term_string}"},"query-input":{"@type":"PropertyValueSpecification","valueRequired":true,"valueName":"search_term_string"}}],"inLanguage":"sl-SI"},{"@type":"Organization","@id":"https:\/\/najnaj.eu\/sl\/#organization","name":"NajNaj.eu","url":"https:\/\/najnaj.eu\/sl\/","logo":{"@type":"ImageObject","inLanguage":"sl-SI","@id":"https:\/\/najnaj.eu\/sl\/#\/schema\/logo\/image\/","url":"https:\/\/najnaj.eu\/wp-content\/uploads\/2023\/09\/logo_Najnaj_2023.svg","contentUrl":"https:\/\/najnaj.eu\/wp-content\/uploads\/2023\/09\/logo_Najnaj_2023.svg","width":501,"height":278,"caption":"NajNaj.eu"},"image":{"@id":"https:\/\/najnaj.eu\/sl\/#\/schema\/logo\/image\/"},"sameAs":["https:\/\/web.facebook.com\/najnaj.eu\/","https:\/\/www.instagram.com\/najnaj.eu\/","https:\/\/www.tiktok.com\/@najnaj.eu"]}]},"product_brand":"AeroMoov","product_price_amount":"199.00","product_price_currency":"EUR","og_availability":"out of stock","product_availability":"out of stock","product_retailer_item_id":"ATC11060-BW","product_condition":"new"},"_links":{"self":[{"href":"https:\/\/najnaj.eu\/sl\/wp-json\/wp\/v2\/product\/193996","targetHints":{"allow":["GET"]}}],"collection":[{"href":"https:\/\/najnaj.eu\/sl\/wp-json\/wp\/v2\/product"}],"about":[{"href":"https:\/\/najnaj.eu\/sl\/wp-json\/wp\/v2\/types\/product"}],"replies":[{"embeddable":true,"href":"https:\/\/najnaj.eu\/sl\/wp-json\/wp\/v2\/comments?post=193996"}],"version-history":[{"count":0,"href":"https:\/\/najnaj.eu\/sl\/wp-json\/wp\/v2\/product\/193996\/revisions"}],"wp:featuredmedia":[{"embeddable":true,"href":"https:\/\/najnaj.eu\/sl\/wp-json\/wp\/v2\/media\/155208"}],"wp:attachment":[{"href":"https:\/\/najnaj.eu\/sl\/wp-json\/wp\/v2\/media?parent=193996"}],"wp:term":[{"taxonomy":"product_brand","embeddable":true,"href":"https:\/\/najnaj.eu\/sl\/wp-json\/wp\/v2\/product_brand?post=193996"},{"taxonomy":"product_cat","embeddable":true,"href":"https:\/\/najnaj.eu\/sl\/wp-json\/wp\/v2\/product_cat?post=193996"},{"taxonomy":"product_tag","embeddable":true,"href":"https:\/\/najnaj.eu\/sl\/wp-json\/wp\/v2\/product_tag?post=193996"}],"curies":[{"name":"wp","href":"https:\/\/api.w.org\/{rel}","templated":true}]}}