{"id":193994,"date":"2023-09-20T12:03:41","date_gmt":"2023-09-20T10:03:41","guid":{"rendered":"https:\/\/najnaj.eu\/proizvod\/aerosleep-protection-za-potovalno-posteljico-aeromo-60x110cm\/"},"modified":"2025-06-18T08:54:02","modified_gmt":"2025-06-18T06:54:02","slug":"aerosleep-protection-za-potovalno-posteljico-aeromo-60x110cm","status":"publish","type":"product","link":"https:\/\/najnaj.eu\/sl\/izdelek\/aerosleep-protection-za-potovalno-posteljico-aeromo-60x110cm\/","title":{"rendered":"AeroSleep Protection za potovalno posteljico AeroMo 60x110cm"},"content":{"rendered":"<p><strong>Varno dihanje, uravnava temperaturo in vpija vlago<\/strong><br \/>\n Neodvisni raziskovalni centri so 3D Protector podvrgli obse\u017enim znanstvenim preizkusom. Otroku vedno omogo\u010da varno dihanje, uravnava toploto in vpija vlago.<br \/>\n Vsaka plast je zasnovana tako, da omogo\u010da va\u0161emu dojen\u010dku varno in higiensko spanje vso no\u010d. 3D zra\u010dna plast omogo\u010da prosto dihanje in odvajanje odve\u010dne toplote.   Poleg dobrega dihanja in varne temperature je va\u0161 otrok vedno suh. Vsa vlaga prehaja skozi 3D strukturo v vpojno plast, tako da se va\u0161 mal\u010dek ne zbudi prezgodaj zaradi dra\u017eenja ko\u017ee. Zahvaljujo\u010d za\u0161\u010ditni plasti vzmetnica ostane suha, \u010dista in brez bakterij ter alergenov.<br \/>\n Pralno v pralnem stroju pri 60\u00b0! <\/p>\n<p><strong>Kako deluje tehnologija AeroSleep\u00ae?<\/strong><br \/>\nTehnologija AeroSleep\u00ae je sestavljena iz 3 plasti, ki va\u0161emu otroku vedno omogo\u010dajo svobodno dihanje, ohranjanje primerne temperature in ostane suh. Vsaka plast tehnologije AeroSleep 3D ima pomembno funkcijo, da va\u0161 otrok med spanjem ostane varen in zdrav:<br \/>\n 1. 3D struktura -&gt; Ta plast zagotavlja prepustnost zraka. Zahvaljujo\u010d trdni strukturi 3D satja va\u0161 otrok le\u017ei na zra\u010dni plasti, ki zagotavlja, da lahko vedno prosto diha. Ta plast zraka prevzame tudi otrokovo temperaturo in jo ohranja konstantno.<br \/>\n 2. Vpojna plast -&gt; Ta plast ohranja va\u0161ega otroka suhega in prepre\u010duje dra\u017eenje ko\u017ee. Vlaga prehaja skozi 3D strukturo in jo nato zadr\u017ei vpojna plast.<br \/>\n 3. Vodoodporna plast -&gt; Zagotavlja optimalno higieno, saj prepre\u010duje dostop do bakterij in alergenov va\u0161emu otroku! <\/p>\n<p><img loading=\"lazy\" decoding=\"async\" class=\"wp-image-206781 aligncenter\" src=\"https:\/\/najnaj.eu\/wp-content\/uploads\/2023\/03\/ABU-AL-7-300x220.webp\" alt=\"\" width=\"428\" height=\"314\" srcset=\"https:\/\/najnaj.eu\/wp-content\/uploads\/2023\/03\/ABU-AL-7-300x220.webp 300w, https:\/\/najnaj.eu\/wp-content\/uploads\/2023\/03\/ABU-AL-7-324x238.webp 324w, https:\/\/najnaj.eu\/wp-content\/uploads\/2023\/03\/ABU-AL-7-420x309.webp 420w, https:\/\/najnaj.eu\/wp-content\/uploads\/2023\/03\/ABU-AL-7.webp 720w\" sizes=\"auto, (max-width: 428px) 100vw, 428px\" \/><\/p>\n","protected":false},"excerpt":{"rendered":"<p>&gt;  Za\u0161\u010dita za vzmetnico \u0161\u010diti va\u0161ega mal\u010dka zahvaljujo\u010d znanstveno preizku\u0161eni tehnologiji AeroSleep;<br \/>\n&gt; Neovirano dihanje in uravnavanje temperature v vseh okoli\u0161\u010dinah.<br \/>\n&gt; Otrokovo okolje je vedno higiensko in suho.<br \/>\n&gt; Prepre\u010duje dra\u017eenje ko\u017ee.<br \/>\n&gt; Pralno v pralnem stroju pri 60\u00b0C, zagotavlja za\u0161\u010dito pred bakterijami in alergeni.<br \/>\n&gt; Za optimalno prepustnost zraka uporabite rjuhe AeroSleep \u2013 kupite jih posebej.<\/p>\n<p> Dimenzije: 60 x 110 cm<\/p>\n","protected":false},"featured_media":158031,"comment_status":"open","ping_status":"closed","template":"","meta":{"_acf_changed":false,"footnotes":""},"product_brand":[],"product_cat":[1289,1288,1384],"product_tag":[],"class_list":{"0":"post-193994","1":"product","2":"type-product","3":"status-publish","4":"has-post-thumbnail","6":"product_cat-otroska-soba-sl","7":"product_cat-otroska-soba","8":"product_cat-potovalna-posteljica","9":"pa_brand-aerosleep-sl","11":"first","12":"instock","13":"sale","14":"purchasable","15":"product-type-simple"},"bundled_by":[],"bundle_stock_status":"instock","bundle_stock_quantity":9,"bundle_virtual":false,"bundle_layout":"","bundle_add_to_cart_form_location":"","bundle_editable_in_cart":false,"bundle_sold_individually_context":"","bundle_item_grouping":"","bundle_min_size":"","bundle_max_size":"","bundle_price":[],"bundled_items":[],"bundle_sell_ids":[],"acf":[],"yoast_head":"<!-- This site is optimized with the Yoast SEO Premium plugin v21.5 (Yoast SEO v27.4) - https:\/\/yoast.com\/product\/yoast-seo-premium-wordpress\/ -->\n<title>AeroSleep Protection za potovalno posteljico AeroMo 60x110cm - NajNaj.eu<\/title>\n<meta name=\"robots\" content=\"index, follow, max-snippet:-1, max-image-preview:large, max-video-preview:-1\" \/>\n<link rel=\"canonical\" href=\"https:\/\/najnaj.eu\/sl\/izdelek\/aerosleep-protection-za-potovalno-posteljico-aeromo-60x110cm\/\" \/>\n<meta property=\"og:locale\" content=\"sl_SI\" \/>\n<meta property=\"og:type\" content=\"article\" \/>\n<meta property=\"og:title\" content=\"AeroSleep Protection za potovalno posteljico AeroMo 60x110cm\" \/>\n<meta property=\"og:description\" content=\"&gt; Za\u0161\u010dita za vzmetnico \u0161\u010diti va\u0161ega mal\u010dka zahvaljujo\u010d znanstveno preizku\u0161eni tehnologiji AeroSleep; &gt; Neovirano dihanje in uravnavanje temperature v vseh okoli\u0161\u010dinah. &gt; Otrokovo okolje je vedno higiensko in suho. &gt; Prepre\u010duje dra\u017eenje ko\u017ee. &gt; Pralno v pralnem stroju pri 60\u00b0C, zagotavlja za\u0161\u010dito pred bakterijami in alergeni. &gt; Za optimalno prepustnost zraka uporabite rjuhe AeroSleep \u2013 kupite jih posebej.  Dimenzije: 60 x 110 cm\" \/>\n<meta property=\"og:url\" content=\"https:\/\/najnaj.eu\/sl\/izdelek\/aerosleep-protection-za-potovalno-posteljico-aeromo-60x110cm\/\" \/>\n<meta property=\"og:site_name\" content=\"NajNaj.eu\" \/>\n<meta property=\"article:publisher\" content=\"https:\/\/web.facebook.com\/najnaj.eu\/\" \/>\n<meta property=\"article:modified_time\" content=\"2025-06-18T06:54:02+00:00\" \/>\n<meta property=\"og:image\" content=\"https:\/\/najnaj.eu\/wp-content\/uploads\/2023\/08\/AEROSLEEP-AP-110-060-for-ITC-mattress_LR.jpg\" \/>\n\t<meta property=\"og:image:width\" content=\"1772\" \/>\n\t<meta property=\"og:image:height\" content=\"1181\" \/>\n\t<meta property=\"og:image:type\" content=\"image\/jpeg\" \/>\n<meta name=\"twitter:card\" content=\"summary_large_image\" \/>\n<meta name=\"twitter:label1\" content=\"Price\" \/>\n\t<meta name=\"twitter:data1\" content=\"79,95&nbsp;&euro;\" \/>\n\t<meta name=\"twitter:label2\" content=\"Availability\" \/>\n\t<meta name=\"twitter:data2\" content=\"In stock\" \/>\n<script type=\"application\/ld+json\" class=\"yoast-schema-graph\">{\"@context\":\"https:\\\/\\\/schema.org\",\"@graph\":[{\"@type\":\"WebPage\",\"@id\":\"https:\\\/\\\/najnaj.eu\\\/sl\\\/izdelek\\\/aerosleep-protection-za-potovalno-posteljico-aeromo-60x110cm\\\/\",\"url\":\"https:\\\/\\\/najnaj.eu\\\/sl\\\/izdelek\\\/aerosleep-protection-za-potovalno-posteljico-aeromo-60x110cm\\\/\",\"name\":\"AeroSleep Protection za potovalno posteljico AeroMo 60x110cm - NajNaj.eu\",\"isPartOf\":{\"@id\":\"https:\\\/\\\/najnaj.eu\\\/sl\\\/#website\"},\"primaryImageOfPage\":{\"@id\":\"https:\\\/\\\/najnaj.eu\\\/sl\\\/izdelek\\\/aerosleep-protection-za-potovalno-posteljico-aeromo-60x110cm\\\/#primaryimage\"},\"image\":{\"@id\":\"https:\\\/\\\/najnaj.eu\\\/sl\\\/izdelek\\\/aerosleep-protection-za-potovalno-posteljico-aeromo-60x110cm\\\/#primaryimage\"},\"thumbnailUrl\":\"https:\\\/\\\/najnaj.eu\\\/wp-content\\\/uploads\\\/2023\\\/08\\\/AEROSLEEP-AP-110-060-for-ITC-mattress_LR.jpg\",\"datePublished\":\"2023-09-20T10:03:41+00:00\",\"dateModified\":\"2025-06-18T06:54:02+00:00\",\"breadcrumb\":{\"@id\":\"https:\\\/\\\/najnaj.eu\\\/sl\\\/izdelek\\\/aerosleep-protection-za-potovalno-posteljico-aeromo-60x110cm\\\/#breadcrumb\"},\"inLanguage\":\"sl-SI\",\"potentialAction\":[{\"@type\":\"ReadAction\",\"target\":[\"https:\\\/\\\/najnaj.eu\\\/sl\\\/izdelek\\\/aerosleep-protection-za-potovalno-posteljico-aeromo-60x110cm\\\/\"]}]},{\"@type\":\"ImageObject\",\"inLanguage\":\"sl-SI\",\"@id\":\"https:\\\/\\\/najnaj.eu\\\/sl\\\/izdelek\\\/aerosleep-protection-za-potovalno-posteljico-aeromo-60x110cm\\\/#primaryimage\",\"url\":\"https:\\\/\\\/najnaj.eu\\\/wp-content\\\/uploads\\\/2023\\\/08\\\/AEROSLEEP-AP-110-060-for-ITC-mattress_LR.jpg\",\"contentUrl\":\"https:\\\/\\\/najnaj.eu\\\/wp-content\\\/uploads\\\/2023\\\/08\\\/AEROSLEEP-AP-110-060-for-ITC-mattress_LR.jpg\",\"width\":1772,\"height\":1181},{\"@type\":\"BreadcrumbList\",\"@id\":\"https:\\\/\\\/najnaj.eu\\\/sl\\\/izdelek\\\/aerosleep-protection-za-potovalno-posteljico-aeromo-60x110cm\\\/#breadcrumb\",\"itemListElement\":[{\"@type\":\"ListItem\",\"position\":1,\"name\":\"Po\u010detna stranica\",\"item\":\"https:\\\/\\\/najnaj.eu\\\/sl\\\/prednja-stran\\\/\"},{\"@type\":\"ListItem\",\"position\":2,\"name\":\"Shop\",\"item\":\"https:\\\/\\\/najnaj.eu\\\/sl\\\/shop\\\/\"},{\"@type\":\"ListItem\",\"position\":3,\"name\":\"AeroSleep Protection za potovalno posteljico AeroMo 60x110cm\"}]},{\"@type\":\"WebSite\",\"@id\":\"https:\\\/\\\/najnaj.eu\\\/sl\\\/#website\",\"url\":\"https:\\\/\\\/najnaj.eu\\\/sl\\\/\",\"name\":\"NajNaj.eu\",\"description\":\"Za najva\u017enije!\",\"publisher\":{\"@id\":\"https:\\\/\\\/najnaj.eu\\\/sl\\\/#organization\"},\"potentialAction\":[{\"@type\":\"SearchAction\",\"target\":{\"@type\":\"EntryPoint\",\"urlTemplate\":\"https:\\\/\\\/najnaj.eu\\\/sl\\\/?s={search_term_string}\"},\"query-input\":{\"@type\":\"PropertyValueSpecification\",\"valueRequired\":true,\"valueName\":\"search_term_string\"}}],\"inLanguage\":\"sl-SI\"},{\"@type\":\"Organization\",\"@id\":\"https:\\\/\\\/najnaj.eu\\\/sl\\\/#organization\",\"name\":\"NajNaj.eu\",\"url\":\"https:\\\/\\\/najnaj.eu\\\/sl\\\/\",\"logo\":{\"@type\":\"ImageObject\",\"inLanguage\":\"sl-SI\",\"@id\":\"https:\\\/\\\/najnaj.eu\\\/sl\\\/#\\\/schema\\\/logo\\\/image\\\/\",\"url\":\"https:\\\/\\\/najnaj.eu\\\/wp-content\\\/uploads\\\/2023\\\/09\\\/logo_Najnaj_2023.svg\",\"contentUrl\":\"https:\\\/\\\/najnaj.eu\\\/wp-content\\\/uploads\\\/2023\\\/09\\\/logo_Najnaj_2023.svg\",\"width\":501,\"height\":278,\"caption\":\"NajNaj.eu\"},\"image\":{\"@id\":\"https:\\\/\\\/najnaj.eu\\\/sl\\\/#\\\/schema\\\/logo\\\/image\\\/\"},\"sameAs\":[\"https:\\\/\\\/web.facebook.com\\\/najnaj.eu\\\/\",\"https:\\\/\\\/www.instagram.com\\\/najnaj.eu\\\/\",\"https:\\\/\\\/www.tiktok.com\\\/@najnaj.eu\"]}]}<\/script>\n<meta property=\"product:brand\" content=\"AeroSleep\" \/>\n<meta property=\"product:price:amount\" content=\"79.95\" \/>\n<meta property=\"product:price:currency\" content=\"EUR\" \/>\n<meta property=\"og:availability\" content=\"instock\" \/>\n<meta property=\"product:availability\" content=\"instock\" \/>\n<meta property=\"product:retailer_item_id\" content=\"AP-110-060-B\" \/>\n<meta property=\"product:condition\" content=\"new\" \/>\n<!-- \/ Yoast SEO Premium plugin. -->","yoast_head_json":{"title":"AeroSleep Protection za potovalno posteljico AeroMo 60x110cm - NajNaj.eu","robots":{"index":"index","follow":"follow","max-snippet":"max-snippet:-1","max-image-preview":"max-image-preview:large","max-video-preview":"max-video-preview:-1"},"canonical":"https:\/\/najnaj.eu\/sl\/izdelek\/aerosleep-protection-za-potovalno-posteljico-aeromo-60x110cm\/","og_locale":"sl_SI","og_type":"article","og_title":"AeroSleep Protection za potovalno posteljico AeroMo 60x110cm","og_description":"&gt; Za\u0161\u010dita za vzmetnico \u0161\u010diti va\u0161ega mal\u010dka zahvaljujo\u010d znanstveno preizku\u0161eni tehnologiji AeroSleep; &gt; Neovirano dihanje in uravnavanje temperature v vseh okoli\u0161\u010dinah. &gt; Otrokovo okolje je vedno higiensko in suho. &gt; Prepre\u010duje dra\u017eenje ko\u017ee. &gt; Pralno v pralnem stroju pri 60\u00b0C, zagotavlja za\u0161\u010dito pred bakterijami in alergeni. &gt; Za optimalno prepustnost zraka uporabite rjuhe AeroSleep \u2013 kupite jih posebej.  Dimenzije: 60 x 110 cm","og_url":"https:\/\/najnaj.eu\/sl\/izdelek\/aerosleep-protection-za-potovalno-posteljico-aeromo-60x110cm\/","og_site_name":"NajNaj.eu","article_publisher":"https:\/\/web.facebook.com\/najnaj.eu\/","article_modified_time":"2025-06-18T06:54:02+00:00","og_image":[{"width":1772,"height":1181,"url":"https:\/\/najnaj.eu\/wp-content\/uploads\/2023\/08\/AEROSLEEP-AP-110-060-for-ITC-mattress_LR.jpg","type":"image\/jpeg"}],"twitter_card":"summary_large_image","twitter_misc":{"Price":"79,95&nbsp;&euro;","Availability":"In stock"},"schema":{"@context":"https:\/\/schema.org","@graph":[{"@type":"WebPage","@id":"https:\/\/najnaj.eu\/sl\/izdelek\/aerosleep-protection-za-potovalno-posteljico-aeromo-60x110cm\/","url":"https:\/\/najnaj.eu\/sl\/izdelek\/aerosleep-protection-za-potovalno-posteljico-aeromo-60x110cm\/","name":"AeroSleep Protection za potovalno posteljico AeroMo 60x110cm - NajNaj.eu","isPartOf":{"@id":"https:\/\/najnaj.eu\/sl\/#website"},"primaryImageOfPage":{"@id":"https:\/\/najnaj.eu\/sl\/izdelek\/aerosleep-protection-za-potovalno-posteljico-aeromo-60x110cm\/#primaryimage"},"image":{"@id":"https:\/\/najnaj.eu\/sl\/izdelek\/aerosleep-protection-za-potovalno-posteljico-aeromo-60x110cm\/#primaryimage"},"thumbnailUrl":"https:\/\/najnaj.eu\/wp-content\/uploads\/2023\/08\/AEROSLEEP-AP-110-060-for-ITC-mattress_LR.jpg","datePublished":"2023-09-20T10:03:41+00:00","dateModified":"2025-06-18T06:54:02+00:00","breadcrumb":{"@id":"https:\/\/najnaj.eu\/sl\/izdelek\/aerosleep-protection-za-potovalno-posteljico-aeromo-60x110cm\/#breadcrumb"},"inLanguage":"sl-SI","potentialAction":[{"@type":"ReadAction","target":["https:\/\/najnaj.eu\/sl\/izdelek\/aerosleep-protection-za-potovalno-posteljico-aeromo-60x110cm\/"]}]},{"@type":"ImageObject","inLanguage":"sl-SI","@id":"https:\/\/najnaj.eu\/sl\/izdelek\/aerosleep-protection-za-potovalno-posteljico-aeromo-60x110cm\/#primaryimage","url":"https:\/\/najnaj.eu\/wp-content\/uploads\/2023\/08\/AEROSLEEP-AP-110-060-for-ITC-mattress_LR.jpg","contentUrl":"https:\/\/najnaj.eu\/wp-content\/uploads\/2023\/08\/AEROSLEEP-AP-110-060-for-ITC-mattress_LR.jpg","width":1772,"height":1181},{"@type":"BreadcrumbList","@id":"https:\/\/najnaj.eu\/sl\/izdelek\/aerosleep-protection-za-potovalno-posteljico-aeromo-60x110cm\/#breadcrumb","itemListElement":[{"@type":"ListItem","position":1,"name":"Po\u010detna stranica","item":"https:\/\/najnaj.eu\/sl\/prednja-stran\/"},{"@type":"ListItem","position":2,"name":"Shop","item":"https:\/\/najnaj.eu\/sl\/shop\/"},{"@type":"ListItem","position":3,"name":"AeroSleep Protection za potovalno posteljico AeroMo 60x110cm"}]},{"@type":"WebSite","@id":"https:\/\/najnaj.eu\/sl\/#website","url":"https:\/\/najnaj.eu\/sl\/","name":"NajNaj.eu","description":"Za najva\u017enije!","publisher":{"@id":"https:\/\/najnaj.eu\/sl\/#organization"},"potentialAction":[{"@type":"SearchAction","target":{"@type":"EntryPoint","urlTemplate":"https:\/\/najnaj.eu\/sl\/?s={search_term_string}"},"query-input":{"@type":"PropertyValueSpecification","valueRequired":true,"valueName":"search_term_string"}}],"inLanguage":"sl-SI"},{"@type":"Organization","@id":"https:\/\/najnaj.eu\/sl\/#organization","name":"NajNaj.eu","url":"https:\/\/najnaj.eu\/sl\/","logo":{"@type":"ImageObject","inLanguage":"sl-SI","@id":"https:\/\/najnaj.eu\/sl\/#\/schema\/logo\/image\/","url":"https:\/\/najnaj.eu\/wp-content\/uploads\/2023\/09\/logo_Najnaj_2023.svg","contentUrl":"https:\/\/najnaj.eu\/wp-content\/uploads\/2023\/09\/logo_Najnaj_2023.svg","width":501,"height":278,"caption":"NajNaj.eu"},"image":{"@id":"https:\/\/najnaj.eu\/sl\/#\/schema\/logo\/image\/"},"sameAs":["https:\/\/web.facebook.com\/najnaj.eu\/","https:\/\/www.instagram.com\/najnaj.eu\/","https:\/\/www.tiktok.com\/@najnaj.eu"]}]},"product_brand":"AeroSleep","product_price_amount":"79.95","product_price_currency":"EUR","og_availability":"instock","product_availability":"instock","product_retailer_item_id":"AP-110-060-B","product_condition":"new"},"_links":{"self":[{"href":"https:\/\/najnaj.eu\/sl\/wp-json\/wp\/v2\/product\/193994","targetHints":{"allow":["GET"]}}],"collection":[{"href":"https:\/\/najnaj.eu\/sl\/wp-json\/wp\/v2\/product"}],"about":[{"href":"https:\/\/najnaj.eu\/sl\/wp-json\/wp\/v2\/types\/product"}],"replies":[{"embeddable":true,"href":"https:\/\/najnaj.eu\/sl\/wp-json\/wp\/v2\/comments?post=193994"}],"version-history":[{"count":0,"href":"https:\/\/najnaj.eu\/sl\/wp-json\/wp\/v2\/product\/193994\/revisions"}],"wp:featuredmedia":[{"embeddable":true,"href":"https:\/\/najnaj.eu\/sl\/wp-json\/wp\/v2\/media\/158031"}],"wp:attachment":[{"href":"https:\/\/najnaj.eu\/sl\/wp-json\/wp\/v2\/media?parent=193994"}],"wp:term":[{"taxonomy":"product_brand","embeddable":true,"href":"https:\/\/najnaj.eu\/sl\/wp-json\/wp\/v2\/product_brand?post=193994"},{"taxonomy":"product_cat","embeddable":true,"href":"https:\/\/najnaj.eu\/sl\/wp-json\/wp\/v2\/product_cat?post=193994"},{"taxonomy":"product_tag","embeddable":true,"href":"https:\/\/najnaj.eu\/sl\/wp-json\/wp\/v2\/product_tag?post=193994"}],"curies":[{"name":"wp","href":"https:\/\/api.w.org\/{rel}","templated":true}]}}