{"id":193975,"date":"2023-09-21T10:27:02","date_gmt":"2023-09-21T08:27:02","guid":{"rendered":"https:\/\/najnaj.eu\/proizvod\/carriwell-comfort-support-leggings-reciklirane-crne\/"},"modified":"2026-04-15T15:00:15","modified_gmt":"2026-04-15T13:00:15","slug":"carriwell-comfort-support-leggings-reciklirane-crne","status":"publish","type":"product","link":"https:\/\/najnaj.eu\/sl\/izdelek\/carriwell-comfort-support-leggings-reciklirane-crne\/","title":{"rendered":"Carriwell brez\u0161ivne pajkice za nose\u010dnice"},"content":{"rendered":"<p>Te hla\u010dne nogavice so narejene iz raztegljive tkanine, ki ni samo svilnato mehka, temve\u010d tudi zra\u010dna, zato so idealne za va\u0161o ob\u010dutljivo ko\u017eo. Gladka tekstura in mehka tkanina zagotavljata razko\u0161en ob\u010dutek, zaradi \u010desar so popolni za vsakodnevno no\u0161enje.<\/p>\n<p>Klju\u010dna zna\u010dilnost teh hla\u010dnih nogavic je vgrajena opora za spodnji del trebuha. Ta inovativna zasnova ponuja mehak in podporni objem va\u0161emu rasto\u010demu trebu\u0161\u010dku ter zagotavlja podporo, ki jo potrebujete za celodnevno no\u0161enje. Poslovite se od nelagodja in pozdravite dobro podprt nose\u010dni\u0161ki trebu\u0161\u010dek.<\/p>\n<p>Te hla\u010dne nogavice ne nudijo le podpore, ampak nudijo tudi olaj\u0161anje. Trebu\u0161na podpora, ki jo ponujajo, lahko pomaga ubla\u017eiti blage bole\u010dine v hrbtu, ki so pogoste med nose\u010dnostjo. U\u017eivajte v ob\u010dutku olaj\u0161anja in lahkotnosti med vsakodnevnimi opravili.<\/p>\n<p>Glede na ob\u010dutljivost va\u0161e ko\u017ee med nose\u010dnostjo so Carriwell nose\u010dni\u0161ke pajkice narejene iz svilnato mehkega blaga. To zagotavlja, da va\u0161a ko\u017ea ostane udobna in brez razdra\u017eenosti, tudi med dalj\u0161im obdobjem no\u0161enja.<\/p>\n<p>Sprejmite udobje, podporo in mehkobo, ki jo ponujajo te hla\u010dne nogavice. Ne glede na to, ali opravljate opravke, hodite na sestanke ali se preprosto sprostite doma, bodo te hla\u010dne nogavice va\u0161 pravi spremljevalec med nose\u010dnostjo.<\/p>\n<p>Prepustite se ultimativni kombinaciji udobja in funkcionalnosti s Carriwell pajkicami za nose\u010dnice. Zaupajte njihovi kakovostni izdelavi in \u200b\u200bu\u017eivajte v bla\u017eeni podpori, ki jo zagotavljajo, saj vam zagotavljajo, da se lahko osredoto\u010dite na radosti nose\u010dnosti, medtem ko se po\u010dutite absolutno najbolj\u0161e.<\/p>\n<p>&nbsp;<\/p>\n","protected":false},"excerpt":{"rendered":"<ul>\n<li>raztegljiva, mehka in zra\u010dna<\/li>\n<li>idealno za ob\u010dutljivo ko\u017eo<\/li>\n<li>opora za trebuh in hrbet<\/li>\n<li>za vsakodnevno no\u0161enje<\/li>\n<\/ul>\n<p>&nbsp;<\/p>\n","protected":false},"featured_media":299460,"comment_status":"open","ping_status":"closed","template":"","meta":{"_acf_changed":false,"footnotes":""},"product_brand":[],"product_cat":[1417,1401,1411],"product_tag":[2144,2282],"class_list":{"0":"post-193975","1":"product","2":"type-product","3":"status-publish","4":"has-post-thumbnail","6":"product_cat-pajkice","7":"product_cat-za-mamo","8":"product_cat-za-nosecnice","9":"product_tag-mama-ki-bo","10":"product_tag-zima-sl","11":"pa_boja-crna-sl","12":"pa_brand-carriwell-sl","14":"first","15":"instock","16":"purchasable","17":"product-type-variable"},"bundled_by":[],"bundle_stock_status":"instock","bundle_stock_quantity":1,"bundle_virtual":false,"bundle_layout":"","bundle_add_to_cart_form_location":"","bundle_editable_in_cart":false,"bundle_sold_individually_context":"","bundle_item_grouping":"","bundle_min_size":"","bundle_max_size":"","bundle_price":[],"bundled_items":[],"bundle_sell_ids":[],"acf":[],"yoast_head":"<!-- This site is optimized with the Yoast SEO Premium plugin v21.5 (Yoast SEO v27.4) - https:\/\/yoast.com\/product\/yoast-seo-premium-wordpress\/ -->\n<title>Carriwell brez\u0161ivne pajkice za nose\u010dnice - NajNaj.eu<\/title>\n<meta name=\"robots\" content=\"index, follow, max-snippet:-1, max-image-preview:large, max-video-preview:-1\" \/>\n<link rel=\"canonical\" href=\"https:\/\/najnaj.eu\/sl\/izdelek\/carriwell-comfort-support-leggings-reciklirane-crne\/\" \/>\n<meta property=\"og:locale\" content=\"sl_SI\" \/>\n<meta property=\"og:type\" content=\"article\" \/>\n<meta property=\"og:title\" content=\"Carriwell brez\u0161ivne pajkice za nose\u010dnice\" \/>\n<meta property=\"og:description\" content=\"raztegljiva, mehka in zra\u010dna  idealno za ob\u010dutljivo ko\u017eo  opora za trebuh in hrbet  za vsakodnevno no\u0161enje &nbsp;\" \/>\n<meta property=\"og:url\" content=\"https:\/\/najnaj.eu\/sl\/izdelek\/carriwell-comfort-support-leggings-reciklirane-crne\/\" \/>\n<meta property=\"og:site_name\" content=\"NajNaj.eu\" \/>\n<meta property=\"article:publisher\" content=\"https:\/\/web.facebook.com\/najnaj.eu\/\" \/>\n<meta property=\"article:modified_time\" content=\"2026-04-15T13:00:15+00:00\" \/>\n<meta property=\"og:image\" content=\"https:\/\/najnaj.eu\/wp-content\/uploads\/2023\/08\/4900_01_Maternity-Leggings_BLK_MTB_F1_STD.jpg\" \/>\n\t<meta property=\"og:image:width\" content=\"748\" \/>\n\t<meta property=\"og:image:height\" content=\"1080\" \/>\n\t<meta property=\"og:image:type\" content=\"image\/jpeg\" \/>\n<meta name=\"twitter:card\" content=\"summary_large_image\" \/>\n<meta name=\"twitter:label1\" content=\"Availability\" \/>\n\t<meta name=\"twitter:data1\" content=\"In stock\" \/>\n<script type=\"application\/ld+json\" class=\"yoast-schema-graph\">{\"@context\":\"https:\\\/\\\/schema.org\",\"@graph\":[{\"@type\":\"WebPage\",\"@id\":\"https:\\\/\\\/najnaj.eu\\\/sl\\\/izdelek\\\/carriwell-comfort-support-leggings-reciklirane-crne\\\/\",\"url\":\"https:\\\/\\\/najnaj.eu\\\/sl\\\/izdelek\\\/carriwell-comfort-support-leggings-reciklirane-crne\\\/\",\"name\":\"Carriwell brez\u0161ivne pajkice za nose\u010dnice - NajNaj.eu\",\"isPartOf\":{\"@id\":\"https:\\\/\\\/najnaj.eu\\\/sl\\\/#website\"},\"primaryImageOfPage\":{\"@id\":\"https:\\\/\\\/najnaj.eu\\\/sl\\\/izdelek\\\/carriwell-comfort-support-leggings-reciklirane-crne\\\/#primaryimage\"},\"image\":{\"@id\":\"https:\\\/\\\/najnaj.eu\\\/sl\\\/izdelek\\\/carriwell-comfort-support-leggings-reciklirane-crne\\\/#primaryimage\"},\"thumbnailUrl\":\"https:\\\/\\\/najnaj.eu\\\/wp-content\\\/uploads\\\/2023\\\/09\\\/4900_Seamless-Maternity-Support-Leggings_Web_v07.jpg\",\"datePublished\":\"2023-09-21T08:27:02+00:00\",\"dateModified\":\"2026-04-15T13:00:15+00:00\",\"breadcrumb\":{\"@id\":\"https:\\\/\\\/najnaj.eu\\\/sl\\\/izdelek\\\/carriwell-comfort-support-leggings-reciklirane-crne\\\/#breadcrumb\"},\"inLanguage\":\"sl-SI\",\"potentialAction\":[{\"@type\":\"ReadAction\",\"target\":[\"https:\\\/\\\/najnaj.eu\\\/sl\\\/izdelek\\\/carriwell-comfort-support-leggings-reciklirane-crne\\\/\"]}]},{\"@type\":\"ImageObject\",\"inLanguage\":\"sl-SI\",\"@id\":\"https:\\\/\\\/najnaj.eu\\\/sl\\\/izdelek\\\/carriwell-comfort-support-leggings-reciklirane-crne\\\/#primaryimage\",\"url\":\"https:\\\/\\\/najnaj.eu\\\/wp-content\\\/uploads\\\/2023\\\/09\\\/4900_Seamless-Maternity-Support-Leggings_Web_v07.jpg\",\"contentUrl\":\"https:\\\/\\\/najnaj.eu\\\/wp-content\\\/uploads\\\/2023\\\/09\\\/4900_Seamless-Maternity-Support-Leggings_Web_v07.jpg\",\"width\":1000,\"height\":1250},{\"@type\":\"BreadcrumbList\",\"@id\":\"https:\\\/\\\/najnaj.eu\\\/sl\\\/izdelek\\\/carriwell-comfort-support-leggings-reciklirane-crne\\\/#breadcrumb\",\"itemListElement\":[{\"@type\":\"ListItem\",\"position\":1,\"name\":\"Po\u010detna stranica\",\"item\":\"https:\\\/\\\/najnaj.eu\\\/sl\\\/prednja-stran\\\/\"},{\"@type\":\"ListItem\",\"position\":2,\"name\":\"Shop\",\"item\":\"https:\\\/\\\/najnaj.eu\\\/sl\\\/shop\\\/\"},{\"@type\":\"ListItem\",\"position\":3,\"name\":\"Carriwell brez\u0161ivne pajkice za nose\u010dnice\"}]},{\"@type\":\"WebSite\",\"@id\":\"https:\\\/\\\/najnaj.eu\\\/sl\\\/#website\",\"url\":\"https:\\\/\\\/najnaj.eu\\\/sl\\\/\",\"name\":\"NajNaj.eu\",\"description\":\"Za najva\u017enije!\",\"publisher\":{\"@id\":\"https:\\\/\\\/najnaj.eu\\\/sl\\\/#organization\"},\"potentialAction\":[{\"@type\":\"SearchAction\",\"target\":{\"@type\":\"EntryPoint\",\"urlTemplate\":\"https:\\\/\\\/najnaj.eu\\\/sl\\\/?s={search_term_string}\"},\"query-input\":{\"@type\":\"PropertyValueSpecification\",\"valueRequired\":true,\"valueName\":\"search_term_string\"}}],\"inLanguage\":\"sl-SI\"},{\"@type\":\"Organization\",\"@id\":\"https:\\\/\\\/najnaj.eu\\\/sl\\\/#organization\",\"name\":\"NajNaj.eu\",\"url\":\"https:\\\/\\\/najnaj.eu\\\/sl\\\/\",\"logo\":{\"@type\":\"ImageObject\",\"inLanguage\":\"sl-SI\",\"@id\":\"https:\\\/\\\/najnaj.eu\\\/sl\\\/#\\\/schema\\\/logo\\\/image\\\/\",\"url\":\"https:\\\/\\\/najnaj.eu\\\/wp-content\\\/uploads\\\/2023\\\/09\\\/logo_Najnaj_2023.svg\",\"contentUrl\":\"https:\\\/\\\/najnaj.eu\\\/wp-content\\\/uploads\\\/2023\\\/09\\\/logo_Najnaj_2023.svg\",\"width\":501,\"height\":278,\"caption\":\"NajNaj.eu\"},\"image\":{\"@id\":\"https:\\\/\\\/najnaj.eu\\\/sl\\\/#\\\/schema\\\/logo\\\/image\\\/\"},\"sameAs\":[\"https:\\\/\\\/web.facebook.com\\\/najnaj.eu\\\/\",\"https:\\\/\\\/www.instagram.com\\\/najnaj.eu\\\/\",\"https:\\\/\\\/www.tiktok.com\\\/@najnaj.eu\"]}]}<\/script>\n<meta property=\"product:brand\" content=\"Carriwell\" \/>\n<meta property=\"og:availability\" content=\"instock\" \/>\n<meta property=\"product:availability\" content=\"instock\" \/>\n<meta property=\"product:retailer_item_id\" content=\"CW4920N\" \/>\n<meta property=\"product:condition\" content=\"new\" \/>\n<!-- \/ Yoast SEO Premium plugin. -->","yoast_head_json":{"title":"Carriwell brez\u0161ivne pajkice za nose\u010dnice - NajNaj.eu","robots":{"index":"index","follow":"follow","max-snippet":"max-snippet:-1","max-image-preview":"max-image-preview:large","max-video-preview":"max-video-preview:-1"},"canonical":"https:\/\/najnaj.eu\/sl\/izdelek\/carriwell-comfort-support-leggings-reciklirane-crne\/","og_locale":"sl_SI","og_type":"article","og_title":"Carriwell brez\u0161ivne pajkice za nose\u010dnice","og_description":"raztegljiva, mehka in zra\u010dna  idealno za ob\u010dutljivo ko\u017eo  opora za trebuh in hrbet  za vsakodnevno no\u0161enje &nbsp;","og_url":"https:\/\/najnaj.eu\/sl\/izdelek\/carriwell-comfort-support-leggings-reciklirane-crne\/","og_site_name":"NajNaj.eu","article_publisher":"https:\/\/web.facebook.com\/najnaj.eu\/","article_modified_time":"2026-04-15T13:00:15+00:00","og_image":[{"width":748,"height":1080,"url":"https:\/\/najnaj.eu\/wp-content\/uploads\/2023\/08\/4900_01_Maternity-Leggings_BLK_MTB_F1_STD.jpg","type":"image\/jpeg"}],"twitter_card":"summary_large_image","twitter_misc":{"Availability":"In stock"},"schema":{"@context":"https:\/\/schema.org","@graph":[{"@type":"WebPage","@id":"https:\/\/najnaj.eu\/sl\/izdelek\/carriwell-comfort-support-leggings-reciklirane-crne\/","url":"https:\/\/najnaj.eu\/sl\/izdelek\/carriwell-comfort-support-leggings-reciklirane-crne\/","name":"Carriwell brez\u0161ivne pajkice za nose\u010dnice - NajNaj.eu","isPartOf":{"@id":"https:\/\/najnaj.eu\/sl\/#website"},"primaryImageOfPage":{"@id":"https:\/\/najnaj.eu\/sl\/izdelek\/carriwell-comfort-support-leggings-reciklirane-crne\/#primaryimage"},"image":{"@id":"https:\/\/najnaj.eu\/sl\/izdelek\/carriwell-comfort-support-leggings-reciklirane-crne\/#primaryimage"},"thumbnailUrl":"https:\/\/najnaj.eu\/wp-content\/uploads\/2023\/09\/4900_Seamless-Maternity-Support-Leggings_Web_v07.jpg","datePublished":"2023-09-21T08:27:02+00:00","dateModified":"2026-04-15T13:00:15+00:00","breadcrumb":{"@id":"https:\/\/najnaj.eu\/sl\/izdelek\/carriwell-comfort-support-leggings-reciklirane-crne\/#breadcrumb"},"inLanguage":"sl-SI","potentialAction":[{"@type":"ReadAction","target":["https:\/\/najnaj.eu\/sl\/izdelek\/carriwell-comfort-support-leggings-reciklirane-crne\/"]}]},{"@type":"ImageObject","inLanguage":"sl-SI","@id":"https:\/\/najnaj.eu\/sl\/izdelek\/carriwell-comfort-support-leggings-reciklirane-crne\/#primaryimage","url":"https:\/\/najnaj.eu\/wp-content\/uploads\/2023\/09\/4900_Seamless-Maternity-Support-Leggings_Web_v07.jpg","contentUrl":"https:\/\/najnaj.eu\/wp-content\/uploads\/2023\/09\/4900_Seamless-Maternity-Support-Leggings_Web_v07.jpg","width":1000,"height":1250},{"@type":"BreadcrumbList","@id":"https:\/\/najnaj.eu\/sl\/izdelek\/carriwell-comfort-support-leggings-reciklirane-crne\/#breadcrumb","itemListElement":[{"@type":"ListItem","position":1,"name":"Po\u010detna stranica","item":"https:\/\/najnaj.eu\/sl\/prednja-stran\/"},{"@type":"ListItem","position":2,"name":"Shop","item":"https:\/\/najnaj.eu\/sl\/shop\/"},{"@type":"ListItem","position":3,"name":"Carriwell brez\u0161ivne pajkice za nose\u010dnice"}]},{"@type":"WebSite","@id":"https:\/\/najnaj.eu\/sl\/#website","url":"https:\/\/najnaj.eu\/sl\/","name":"NajNaj.eu","description":"Za najva\u017enije!","publisher":{"@id":"https:\/\/najnaj.eu\/sl\/#organization"},"potentialAction":[{"@type":"SearchAction","target":{"@type":"EntryPoint","urlTemplate":"https:\/\/najnaj.eu\/sl\/?s={search_term_string}"},"query-input":{"@type":"PropertyValueSpecification","valueRequired":true,"valueName":"search_term_string"}}],"inLanguage":"sl-SI"},{"@type":"Organization","@id":"https:\/\/najnaj.eu\/sl\/#organization","name":"NajNaj.eu","url":"https:\/\/najnaj.eu\/sl\/","logo":{"@type":"ImageObject","inLanguage":"sl-SI","@id":"https:\/\/najnaj.eu\/sl\/#\/schema\/logo\/image\/","url":"https:\/\/najnaj.eu\/wp-content\/uploads\/2023\/09\/logo_Najnaj_2023.svg","contentUrl":"https:\/\/najnaj.eu\/wp-content\/uploads\/2023\/09\/logo_Najnaj_2023.svg","width":501,"height":278,"caption":"NajNaj.eu"},"image":{"@id":"https:\/\/najnaj.eu\/sl\/#\/schema\/logo\/image\/"},"sameAs":["https:\/\/web.facebook.com\/najnaj.eu\/","https:\/\/www.instagram.com\/najnaj.eu\/","https:\/\/www.tiktok.com\/@najnaj.eu"]}]},"product_brand":"Carriwell","og_availability":"instock","product_availability":"instock","product_retailer_item_id":"CW4920N","product_condition":"new"},"_links":{"self":[{"href":"https:\/\/najnaj.eu\/sl\/wp-json\/wp\/v2\/product\/193975","targetHints":{"allow":["GET"]}}],"collection":[{"href":"https:\/\/najnaj.eu\/sl\/wp-json\/wp\/v2\/product"}],"about":[{"href":"https:\/\/najnaj.eu\/sl\/wp-json\/wp\/v2\/types\/product"}],"replies":[{"embeddable":true,"href":"https:\/\/najnaj.eu\/sl\/wp-json\/wp\/v2\/comments?post=193975"}],"version-history":[{"count":0,"href":"https:\/\/najnaj.eu\/sl\/wp-json\/wp\/v2\/product\/193975\/revisions"}],"wp:featuredmedia":[{"embeddable":true,"href":"https:\/\/najnaj.eu\/sl\/wp-json\/wp\/v2\/media\/299460"}],"wp:attachment":[{"href":"https:\/\/najnaj.eu\/sl\/wp-json\/wp\/v2\/media?parent=193975"}],"wp:term":[{"taxonomy":"product_brand","embeddable":true,"href":"https:\/\/najnaj.eu\/sl\/wp-json\/wp\/v2\/product_brand?post=193975"},{"taxonomy":"product_cat","embeddable":true,"href":"https:\/\/najnaj.eu\/sl\/wp-json\/wp\/v2\/product_cat?post=193975"},{"taxonomy":"product_tag","embeddable":true,"href":"https:\/\/najnaj.eu\/sl\/wp-json\/wp\/v2\/product_tag?post=193975"}],"curies":[{"name":"wp","href":"https:\/\/api.w.org\/{rel}","templated":true}]}}