{"id":193974,"date":"2023-09-21T10:32:18","date_gmt":"2023-09-21T08:32:18","guid":{"rendered":"https:\/\/najnaj.eu\/proizvod\/brezsivni-nedrcek-za-nosecnice-in-dojenje-carriwell-crn\/"},"modified":"2026-04-21T09:10:32","modified_gmt":"2026-04-21T07:10:32","slug":"brezsivni-nedrcek-za-nosecnice-in-dojenje-carriwell-crn","status":"publish","type":"product","link":"https:\/\/najnaj.eu\/sl\/izdelek\/brezsivni-nedrcek-za-nosecnice-in-dojenje-carriwell-crn\/","title":{"rendered":"Brez\u0161ivni nedr\u010dek za nose\u010dnice in dojenje Carriwell Original &#8211; \u010drn"},"content":{"rendered":"<p>Predstavljamo Carriwell Original Seamless nedr\u010dek za nose\u010dnice in dojenje, utele\u0161enje udobja in funkcionalnosti za doje\u010de matere. Ta mehak in udoben nedr\u010dek je zasnovan tako, da se prilagaja va\u0161i spreminjajo\u010di se obliki telesa in zagotavlja popolno prileganje med dojenjem. Do\u017eivite najudobnej\u0161i modr\u010dek za dojenje, ki ga boste kdajkoli nosili!<\/p>\n<p>Udobje je najpomembnej\u0161e, ko gre za nedr\u010dke za dojenje, in nedr\u010dek Carriwell Original zagotavlja prav to. Poslovite se od dra\u017ee\u010dih \u0161ivov in trdih spodnjic, ki lahko povzro\u010dajo nelagodje med dojenjem. Ta nedr\u010dek je bil skrbno zasnovan za popolno udobje in vam omogo\u010da, da se osredoto\u010dite na posebne trenutke z va\u0161im dojen\u010dkom.<\/p>\n<p>Prilagodljivost je klju\u010dnega pomena za nedr\u010dek, ki se lahko prilagodi va\u0161emu spreminjajo\u010demu se telesu. Z modr\u010dkom za nose\u010dnice in dojenje Carriwell Original prejmete brezpla\u010den podalj\u0161ek modr\u010dka, ki pove\u010da njegovo prilagodljivost. Ker se va\u0161e telo spreminja med nose\u010dnostjo in po porodu, se lahko ta nedr\u010dek zlahka prilagodi va\u0161i spreminjajo\u010di se velikosti in obliki, kar zagotavlja udobno in oporno prileganje v vsakem trenutku.<\/p>\n<p>Predstavljamo originalni nedr\u010dek za nose\u010dnice in dojenje Carriwell, mehak in udoben nedr\u010dek, ki se prilagaja spreminjajo\u010di se obliki telesa. S preprostimi sponkami za dojenje z eno roko ta nedr\u010dek omogo\u010da priro\u010dno dojenje in spodbuja stik ko\u017ea na ko\u017eo med vami in va\u0161im dojen\u010dkom.<\/p>\n<p>Do\u017eivite izjemno udobje z nedr\u010dkom za nose\u010dnice in dojenje Carriwell Original. Izdelan z mislijo na va\u0161e udobje, odpravlja dra\u017ee\u010de \u0161ive in trde \u017eice, kar zagotavlja udobno izku\u0161njo dojenja. Poslovite se od nelagodja in se osredoto\u010dite na posebne trenutke s svojim mal\u010dkom.<\/p>\n<p>Prilagodljivost je klju\u010dnega pomena in ta nedr\u010dek ponuja mo\u017enosti prilagajanja, da se prilagodi va\u0161emu spreminjajo\u010demu se telesu. Brezpla\u010dni podalj\u0161ek nedr\u010dka vam omogo\u010da prilagajanje prileganja, s \u010dimer zagotavlja podporni in udoben nedr\u010dek med va\u0161im dojenjem.<\/p>\n<p>Svetovalci za dojenje toplo priporo\u010dajo originalni nedr\u010dek Carriwell za nose\u010dnice in doje\u010de matere zaradi njegove kakovosti in funkcionalnosti. Njegova podloga poudarja skrb in pozornost, vlo\u017eeno v oblikovanje tega nedr\u010dka, kar vam daje zaupanje v va\u0161o izbiro.<\/p>\n<p>Podpora je bistvenega pomena in Carriwell&#8217;s Original nose\u010dni\u0161ki nedr\u010dek naredi prav to. Njegov \u0161irok spodnji pas slu\u017ei kot nadomestek za tradicionalne nedr\u010dke, saj nudi dodatno podporo in ne\u017een dvig prsi. Ta podpora izbolj\u0161a va\u0161o izku\u0161njo dojenja in spodbuja optimalno udobje.<\/p>\n","protected":false},"excerpt":{"rendered":"<ul>\n<li>enostavno odpenjanje z eno roko<\/li>\n<li>ni \u0161ivov ali \u017eice, ki bi motila in dra\u017eila ko\u017eo in dojke<\/li>\n<li>podalj\u0161ek omogo\u010da la\u017ejo nastavitev<\/li>\n<li>Nedr\u010dek Carriwell za nose\u010dnice in doje\u010de matere priporo\u010dajo strokovnjaki za dojenje<\/li>\n<\/ul>\n<p>&nbsp;<\/p>\n","protected":false},"featured_media":300360,"comment_status":"open","ping_status":"closed","template":"","meta":{"_acf_changed":false,"footnotes":""},"product_brand":[],"product_cat":[1140,1340,1413,1401],"product_tag":[2146],"class_list":{"0":"post-193974","1":"product","2":"type-product","3":"status-publish","4":"has-post-thumbnail","6":"product_cat-dojenje-sl","7":"product_cat-nedrcki-za-dojenje","8":"product_cat-nosecniski-nedrcki","9":"product_cat-za-mamo","10":"product_tag-novopecena-mama","11":"pa_boja-crna-sl","12":"pa_brand-carriwell-sl","14":"first","15":"instock","16":"purchasable","17":"product-type-variable"},"bundled_by":[],"bundle_stock_status":"instock","bundle_stock_quantity":1,"bundle_virtual":false,"bundle_layout":"","bundle_add_to_cart_form_location":"","bundle_editable_in_cart":false,"bundle_sold_individually_context":"","bundle_item_grouping":"","bundle_min_size":"","bundle_max_size":"","bundle_price":[],"bundled_items":[],"bundle_sell_ids":[],"acf":[],"yoast_head":"<!-- This site is optimized with the Yoast SEO Premium plugin v21.5 (Yoast SEO v27.4) - https:\/\/yoast.com\/product\/yoast-seo-premium-wordpress\/ -->\n<title>Brez\u0161ivni nedr\u010dek za nose\u010dnice in dojenje Carriwell Original - \u010drn - NajNaj.eu<\/title>\n<meta name=\"robots\" content=\"index, follow, max-snippet:-1, max-image-preview:large, max-video-preview:-1\" \/>\n<link rel=\"canonical\" href=\"https:\/\/najnaj.eu\/sl\/izdelek\/brezsivni-nedrcek-za-nosecnice-in-dojenje-carriwell-crn\/\" \/>\n<meta property=\"og:locale\" content=\"sl_SI\" \/>\n<meta property=\"og:type\" content=\"article\" \/>\n<meta property=\"og:title\" content=\"Brez\u0161ivni nedr\u010dek za nose\u010dnice in dojenje Carriwell Original - \u010drn\" \/>\n<meta property=\"og:description\" content=\"enostavno odpenjanje z eno roko  ni \u0161ivov ali \u017eice, ki bi motila in dra\u017eila ko\u017eo in dojke  podalj\u0161ek omogo\u010da la\u017ejo nastavitev  Nedr\u010dek Carriwell za nose\u010dnice in doje\u010de matere priporo\u010dajo strokovnjaki za dojenje &nbsp;\" \/>\n<meta property=\"og:url\" content=\"https:\/\/najnaj.eu\/sl\/izdelek\/brezsivni-nedrcek-za-nosecnice-in-dojenje-carriwell-crn\/\" \/>\n<meta property=\"og:site_name\" content=\"NajNaj.eu\" \/>\n<meta property=\"article:publisher\" content=\"https:\/\/web.facebook.com\/najnaj.eu\/\" \/>\n<meta property=\"article:modified_time\" content=\"2026-04-21T07:10:32+00:00\" \/>\n<meta property=\"og:image\" content=\"https:\/\/najnaj.eu\/wp-content\/uploads\/2023\/08\/3020_01_Original-Maternity-and-Nursing-Bra_BLK_F1_STD.jpg\" \/>\n\t<meta property=\"og:image:width\" content=\"748\" \/>\n\t<meta property=\"og:image:height\" content=\"1080\" \/>\n\t<meta property=\"og:image:type\" content=\"image\/jpeg\" \/>\n<meta name=\"twitter:card\" content=\"summary_large_image\" \/>\n<meta name=\"twitter:label1\" content=\"Availability\" \/>\n\t<meta name=\"twitter:data1\" content=\"In stock\" \/>\n<script type=\"application\/ld+json\" class=\"yoast-schema-graph\">{\"@context\":\"https:\\\/\\\/schema.org\",\"@graph\":[{\"@type\":\"WebPage\",\"@id\":\"https:\\\/\\\/najnaj.eu\\\/sl\\\/izdelek\\\/brezsivni-nedrcek-za-nosecnice-in-dojenje-carriwell-crn\\\/\",\"url\":\"https:\\\/\\\/najnaj.eu\\\/sl\\\/izdelek\\\/brezsivni-nedrcek-za-nosecnice-in-dojenje-carriwell-crn\\\/\",\"name\":\"Brez\u0161ivni nedr\u010dek za nose\u010dnice in dojenje Carriwell Original - \u010drn - NajNaj.eu\",\"isPartOf\":{\"@id\":\"https:\\\/\\\/najnaj.eu\\\/sl\\\/#website\"},\"primaryImageOfPage\":{\"@id\":\"https:\\\/\\\/najnaj.eu\\\/sl\\\/izdelek\\\/brezsivni-nedrcek-za-nosecnice-in-dojenje-carriwell-crn\\\/#primaryimage\"},\"image\":{\"@id\":\"https:\\\/\\\/najnaj.eu\\\/sl\\\/izdelek\\\/brezsivni-nedrcek-za-nosecnice-in-dojenje-carriwell-crn\\\/#primaryimage\"},\"thumbnailUrl\":\"https:\\\/\\\/najnaj.eu\\\/wp-content\\\/uploads\\\/2023\\\/09\\\/3000_Seamless-Original-Maternity-Nursing-Bra_Black_Web_Front.jpg\",\"datePublished\":\"2023-09-21T08:32:18+00:00\",\"dateModified\":\"2026-04-21T07:10:32+00:00\",\"breadcrumb\":{\"@id\":\"https:\\\/\\\/najnaj.eu\\\/sl\\\/izdelek\\\/brezsivni-nedrcek-za-nosecnice-in-dojenje-carriwell-crn\\\/#breadcrumb\"},\"inLanguage\":\"sl-SI\",\"potentialAction\":[{\"@type\":\"ReadAction\",\"target\":[\"https:\\\/\\\/najnaj.eu\\\/sl\\\/izdelek\\\/brezsivni-nedrcek-za-nosecnice-in-dojenje-carriwell-crn\\\/\"]}]},{\"@type\":\"ImageObject\",\"inLanguage\":\"sl-SI\",\"@id\":\"https:\\\/\\\/najnaj.eu\\\/sl\\\/izdelek\\\/brezsivni-nedrcek-za-nosecnice-in-dojenje-carriwell-crn\\\/#primaryimage\",\"url\":\"https:\\\/\\\/najnaj.eu\\\/wp-content\\\/uploads\\\/2023\\\/09\\\/3000_Seamless-Original-Maternity-Nursing-Bra_Black_Web_Front.jpg\",\"contentUrl\":\"https:\\\/\\\/najnaj.eu\\\/wp-content\\\/uploads\\\/2023\\\/09\\\/3000_Seamless-Original-Maternity-Nursing-Bra_Black_Web_Front.jpg\",\"width\":1000,\"height\":1251},{\"@type\":\"BreadcrumbList\",\"@id\":\"https:\\\/\\\/najnaj.eu\\\/sl\\\/izdelek\\\/brezsivni-nedrcek-za-nosecnice-in-dojenje-carriwell-crn\\\/#breadcrumb\",\"itemListElement\":[{\"@type\":\"ListItem\",\"position\":1,\"name\":\"Po\u010detna stranica\",\"item\":\"https:\\\/\\\/najnaj.eu\\\/sl\\\/prednja-stran\\\/\"},{\"@type\":\"ListItem\",\"position\":2,\"name\":\"Shop\",\"item\":\"https:\\\/\\\/najnaj.eu\\\/sl\\\/shop\\\/\"},{\"@type\":\"ListItem\",\"position\":3,\"name\":\"Brez\u0161ivni nedr\u010dek za nose\u010dnice in dojenje Carriwell Original &#8211; \u010drn\"}]},{\"@type\":\"WebSite\",\"@id\":\"https:\\\/\\\/najnaj.eu\\\/sl\\\/#website\",\"url\":\"https:\\\/\\\/najnaj.eu\\\/sl\\\/\",\"name\":\"NajNaj.eu\",\"description\":\"Za najva\u017enije!\",\"publisher\":{\"@id\":\"https:\\\/\\\/najnaj.eu\\\/sl\\\/#organization\"},\"potentialAction\":[{\"@type\":\"SearchAction\",\"target\":{\"@type\":\"EntryPoint\",\"urlTemplate\":\"https:\\\/\\\/najnaj.eu\\\/sl\\\/?s={search_term_string}\"},\"query-input\":{\"@type\":\"PropertyValueSpecification\",\"valueRequired\":true,\"valueName\":\"search_term_string\"}}],\"inLanguage\":\"sl-SI\"},{\"@type\":\"Organization\",\"@id\":\"https:\\\/\\\/najnaj.eu\\\/sl\\\/#organization\",\"name\":\"NajNaj.eu\",\"url\":\"https:\\\/\\\/najnaj.eu\\\/sl\\\/\",\"logo\":{\"@type\":\"ImageObject\",\"inLanguage\":\"sl-SI\",\"@id\":\"https:\\\/\\\/najnaj.eu\\\/sl\\\/#\\\/schema\\\/logo\\\/image\\\/\",\"url\":\"https:\\\/\\\/najnaj.eu\\\/wp-content\\\/uploads\\\/2023\\\/09\\\/logo_Najnaj_2023.svg\",\"contentUrl\":\"https:\\\/\\\/najnaj.eu\\\/wp-content\\\/uploads\\\/2023\\\/09\\\/logo_Najnaj_2023.svg\",\"width\":501,\"height\":278,\"caption\":\"NajNaj.eu\"},\"image\":{\"@id\":\"https:\\\/\\\/najnaj.eu\\\/sl\\\/#\\\/schema\\\/logo\\\/image\\\/\"},\"sameAs\":[\"https:\\\/\\\/web.facebook.com\\\/najnaj.eu\\\/\",\"https:\\\/\\\/www.instagram.com\\\/najnaj.eu\\\/\",\"https:\\\/\\\/www.tiktok.com\\\/@najnaj.eu\"]}]}<\/script>\n<meta property=\"product:brand\" content=\"Carriwell\" \/>\n<meta property=\"og:availability\" content=\"instock\" \/>\n<meta property=\"product:availability\" content=\"instock\" \/>\n<meta property=\"product:retailer_item_id\" content=\"CW3020N\" \/>\n<meta property=\"product:condition\" content=\"new\" \/>\n<!-- \/ Yoast SEO Premium plugin. -->","yoast_head_json":{"title":"Brez\u0161ivni nedr\u010dek za nose\u010dnice in dojenje Carriwell Original - \u010drn - NajNaj.eu","robots":{"index":"index","follow":"follow","max-snippet":"max-snippet:-1","max-image-preview":"max-image-preview:large","max-video-preview":"max-video-preview:-1"},"canonical":"https:\/\/najnaj.eu\/sl\/izdelek\/brezsivni-nedrcek-za-nosecnice-in-dojenje-carriwell-crn\/","og_locale":"sl_SI","og_type":"article","og_title":"Brez\u0161ivni nedr\u010dek za nose\u010dnice in dojenje Carriwell Original - \u010drn","og_description":"enostavno odpenjanje z eno roko  ni \u0161ivov ali \u017eice, ki bi motila in dra\u017eila ko\u017eo in dojke  podalj\u0161ek omogo\u010da la\u017ejo nastavitev  Nedr\u010dek Carriwell za nose\u010dnice in doje\u010de matere priporo\u010dajo strokovnjaki za dojenje &nbsp;","og_url":"https:\/\/najnaj.eu\/sl\/izdelek\/brezsivni-nedrcek-za-nosecnice-in-dojenje-carriwell-crn\/","og_site_name":"NajNaj.eu","article_publisher":"https:\/\/web.facebook.com\/najnaj.eu\/","article_modified_time":"2026-04-21T07:10:32+00:00","og_image":[{"width":748,"height":1080,"url":"https:\/\/najnaj.eu\/wp-content\/uploads\/2023\/08\/3020_01_Original-Maternity-and-Nursing-Bra_BLK_F1_STD.jpg","type":"image\/jpeg"}],"twitter_card":"summary_large_image","twitter_misc":{"Availability":"In stock"},"schema":{"@context":"https:\/\/schema.org","@graph":[{"@type":"WebPage","@id":"https:\/\/najnaj.eu\/sl\/izdelek\/brezsivni-nedrcek-za-nosecnice-in-dojenje-carriwell-crn\/","url":"https:\/\/najnaj.eu\/sl\/izdelek\/brezsivni-nedrcek-za-nosecnice-in-dojenje-carriwell-crn\/","name":"Brez\u0161ivni nedr\u010dek za nose\u010dnice in dojenje Carriwell Original - \u010drn - NajNaj.eu","isPartOf":{"@id":"https:\/\/najnaj.eu\/sl\/#website"},"primaryImageOfPage":{"@id":"https:\/\/najnaj.eu\/sl\/izdelek\/brezsivni-nedrcek-za-nosecnice-in-dojenje-carriwell-crn\/#primaryimage"},"image":{"@id":"https:\/\/najnaj.eu\/sl\/izdelek\/brezsivni-nedrcek-za-nosecnice-in-dojenje-carriwell-crn\/#primaryimage"},"thumbnailUrl":"https:\/\/najnaj.eu\/wp-content\/uploads\/2023\/09\/3000_Seamless-Original-Maternity-Nursing-Bra_Black_Web_Front.jpg","datePublished":"2023-09-21T08:32:18+00:00","dateModified":"2026-04-21T07:10:32+00:00","breadcrumb":{"@id":"https:\/\/najnaj.eu\/sl\/izdelek\/brezsivni-nedrcek-za-nosecnice-in-dojenje-carriwell-crn\/#breadcrumb"},"inLanguage":"sl-SI","potentialAction":[{"@type":"ReadAction","target":["https:\/\/najnaj.eu\/sl\/izdelek\/brezsivni-nedrcek-za-nosecnice-in-dojenje-carriwell-crn\/"]}]},{"@type":"ImageObject","inLanguage":"sl-SI","@id":"https:\/\/najnaj.eu\/sl\/izdelek\/brezsivni-nedrcek-za-nosecnice-in-dojenje-carriwell-crn\/#primaryimage","url":"https:\/\/najnaj.eu\/wp-content\/uploads\/2023\/09\/3000_Seamless-Original-Maternity-Nursing-Bra_Black_Web_Front.jpg","contentUrl":"https:\/\/najnaj.eu\/wp-content\/uploads\/2023\/09\/3000_Seamless-Original-Maternity-Nursing-Bra_Black_Web_Front.jpg","width":1000,"height":1251},{"@type":"BreadcrumbList","@id":"https:\/\/najnaj.eu\/sl\/izdelek\/brezsivni-nedrcek-za-nosecnice-in-dojenje-carriwell-crn\/#breadcrumb","itemListElement":[{"@type":"ListItem","position":1,"name":"Po\u010detna stranica","item":"https:\/\/najnaj.eu\/sl\/prednja-stran\/"},{"@type":"ListItem","position":2,"name":"Shop","item":"https:\/\/najnaj.eu\/sl\/shop\/"},{"@type":"ListItem","position":3,"name":"Brez\u0161ivni nedr\u010dek za nose\u010dnice in dojenje Carriwell Original &#8211; \u010drn"}]},{"@type":"WebSite","@id":"https:\/\/najnaj.eu\/sl\/#website","url":"https:\/\/najnaj.eu\/sl\/","name":"NajNaj.eu","description":"Za najva\u017enije!","publisher":{"@id":"https:\/\/najnaj.eu\/sl\/#organization"},"potentialAction":[{"@type":"SearchAction","target":{"@type":"EntryPoint","urlTemplate":"https:\/\/najnaj.eu\/sl\/?s={search_term_string}"},"query-input":{"@type":"PropertyValueSpecification","valueRequired":true,"valueName":"search_term_string"}}],"inLanguage":"sl-SI"},{"@type":"Organization","@id":"https:\/\/najnaj.eu\/sl\/#organization","name":"NajNaj.eu","url":"https:\/\/najnaj.eu\/sl\/","logo":{"@type":"ImageObject","inLanguage":"sl-SI","@id":"https:\/\/najnaj.eu\/sl\/#\/schema\/logo\/image\/","url":"https:\/\/najnaj.eu\/wp-content\/uploads\/2023\/09\/logo_Najnaj_2023.svg","contentUrl":"https:\/\/najnaj.eu\/wp-content\/uploads\/2023\/09\/logo_Najnaj_2023.svg","width":501,"height":278,"caption":"NajNaj.eu"},"image":{"@id":"https:\/\/najnaj.eu\/sl\/#\/schema\/logo\/image\/"},"sameAs":["https:\/\/web.facebook.com\/najnaj.eu\/","https:\/\/www.instagram.com\/najnaj.eu\/","https:\/\/www.tiktok.com\/@najnaj.eu"]}]},"product_brand":"Carriwell","og_availability":"instock","product_availability":"instock","product_retailer_item_id":"CW3020N","product_condition":"new"},"_links":{"self":[{"href":"https:\/\/najnaj.eu\/sl\/wp-json\/wp\/v2\/product\/193974","targetHints":{"allow":["GET"]}}],"collection":[{"href":"https:\/\/najnaj.eu\/sl\/wp-json\/wp\/v2\/product"}],"about":[{"href":"https:\/\/najnaj.eu\/sl\/wp-json\/wp\/v2\/types\/product"}],"replies":[{"embeddable":true,"href":"https:\/\/najnaj.eu\/sl\/wp-json\/wp\/v2\/comments?post=193974"}],"version-history":[{"count":0,"href":"https:\/\/najnaj.eu\/sl\/wp-json\/wp\/v2\/product\/193974\/revisions"}],"wp:featuredmedia":[{"embeddable":true,"href":"https:\/\/najnaj.eu\/sl\/wp-json\/wp\/v2\/media\/300360"}],"wp:attachment":[{"href":"https:\/\/najnaj.eu\/sl\/wp-json\/wp\/v2\/media?parent=193974"}],"wp:term":[{"taxonomy":"product_brand","embeddable":true,"href":"https:\/\/najnaj.eu\/sl\/wp-json\/wp\/v2\/product_brand?post=193974"},{"taxonomy":"product_cat","embeddable":true,"href":"https:\/\/najnaj.eu\/sl\/wp-json\/wp\/v2\/product_cat?post=193974"},{"taxonomy":"product_tag","embeddable":true,"href":"https:\/\/najnaj.eu\/sl\/wp-json\/wp\/v2\/product_tag?post=193974"}],"curies":[{"name":"wp","href":"https:\/\/api.w.org\/{rel}","templated":true}]}}