{"id":193973,"date":"2023-09-21T10:36:48","date_gmt":"2023-09-21T08:36:48","guid":{"rendered":"https:\/\/najnaj.eu\/proizvod\/carriwell-modrcek-za-nosecnice-in-dojenje-s-podporo-carri-gel-podlozen-v-beli-barvi\/"},"modified":"2026-04-02T14:15:15","modified_gmt":"2026-04-02T12:15:15","slug":"carriwell-modrcek-za-nosecnice-in-dojenje-s-podporo-carri-gel-podlozen-v-beli-barvi","status":"publish","type":"product","link":"https:\/\/najnaj.eu\/sl\/izdelek\/carriwell-modrcek-za-nosecnice-in-dojenje-s-podporo-carri-gel-podlozen-v-beli-barvi\/","title":{"rendered":"Nedr\u010dek za nose\u010dnice in dojenje Carriwell s podlo\u017eeno podporo Carri-Gel &#8211; bel"},"content":{"rendered":"<p>Predstavljamo nedr\u010dek za dojenje s podporo Carri-Gel in blazinicami, revolucionaren nedr\u010dek, zasnovan posebej za polnej\u0161e prsi in obline. Ta patentirani &#8220;brez\u0161ivni&#8221; nedr\u010dek za dojenje zdru\u017euje edinstveno podporo Carri-Gel\u00ae z lahkimi odstranljivimi oblikovanimi blazinicami, kar zagotavlja izjemno podporo, udobje in \u010dudovito obliko.<\/p>\n<p>Izkusite ve\u010djo podporo kot \u0161e nikoli prej s podlo\u017eenim nedr\u010dkom za nose\u010dnice in dojenje z Gel-Support. Posebej zasnovan za doje\u010de matere s polnimi prsmi, ta nedr\u010dek zdru\u017euje ekskluzivne tehnologije in premi\u0161ljene elemente oblikovanja, da vam nudi podporo, ki si jo zaslu\u017eite med dojenjem.<\/p>\n<p>Va\u0161e zdravje je na\u0161a prednostna naloga, zato je podporni sistem Carri-Gel\u00ae pomembna lastnost tega nedr\u010dka. To je edini nedr\u010dek, ki ga priporo\u010dajo babice in svetovalci za dojenje. Bodite prepri\u010dani, da ste izbrali nedr\u010dek, ki vas ne podpira le, ampak daje prednost tudi va\u0161emu dobremu po\u010dutju.<\/p>\n<p>Oblika ko\u0161arice tega nedr\u010dka za dojenje zagotavlja udoben in prakti\u010den pristop k dojenju. Izpostavite lahko poljubno \u0161tevilo dojk, kar olaj\u0161a stik ko\u017ea na ko\u017eo med vami in va\u0161im dojen\u010dkom. U\u017eivajte v teh dragocenih trenutkih povezanosti z lahkoto in samozavestjo.<\/p>\n<p>Zavedamo se, da je vsako telo edinstveno, zato je modr\u010dek za nose\u010dnice in dojenje z gelom na voljo v velikosti XXL. Izkusite XXL podporo, XXL udobje in XXL samozavest z nedr\u010dkom, ki je zasnovan za va\u0161e posebne potrebe. Sprejmite svoje obline in se po\u010dutite opolnomo\u010dene, ko krmarite skozi radosti materinstva.<\/p>\n<p>Izberite modr\u010dek za nose\u010dnice in dojenje z gelom za neprimerljivo podporo, udobje in samozavest. Proslavite svoje \u010dudovite obline in u\u017eivajte v nedr\u010dku, ki je zasnovan za izbolj\u0161anje va\u0161e izku\u0161nje dojenja. S svojimi izjemnimi lastnostmi in mo\u017enostjo velikosti XXL ta nedr\u010dek spremeni igro za doje\u010de matere s polnej\u0161imi prsi.<\/p>\n","protected":false},"excerpt":{"rendered":"<ul>\n<li>zanesljiv in vzdr\u017eljiv nedr\u010dek Carriwell za nose\u010dnice in doje\u010de matere s polnej\u0161imi oprsji<\/li>\n<li>Podpora Carri-Gel in podloga modr\u010dka vam nudita podporo, ki jo potrebujete, modr\u010dek pa ostane mehak in udoben za no\u0161enje<\/li>\n<li>Carri-Gel\u00ae je najbolj zdrava mo\u017enost, ko potrebujete podporo v nedr\u010dku za dojenje<\/li>\n<li>priporo\u010dajo svetovalci za dojenje<\/li>\n<li>zasnova ko\u0161are, ki je popolnoma snemljiva z naramnice, odkrije va\u0161o dojko, kolikor \u017eelite in kako udobno vam je med dojenjem ter zagotavlja maksimalen stik ko\u017ea na ko\u017eo med vami in va\u0161im dojen\u010dkom<\/li>\n<\/ul>\n","protected":false},"featured_media":300131,"comment_status":"open","ping_status":"closed","template":"","meta":{"_acf_changed":false,"footnotes":""},"product_brand":[],"product_cat":[1140,1340,1413,1401],"product_tag":[2146],"class_list":{"0":"post-193973","1":"product","2":"type-product","3":"status-publish","4":"has-post-thumbnail","6":"product_cat-dojenje-sl","7":"product_cat-nedrcki-za-dojenje","8":"product_cat-nosecniski-nedrcki","9":"product_cat-za-mamo","10":"product_tag-novopecena-mama","11":"pa_boja-bijela-sl","12":"pa_brand-carriwell-sl","14":"first","15":"instock","16":"purchasable","17":"product-type-variable"},"bundled_by":[],"bundle_stock_status":"instock","bundle_stock_quantity":2,"bundle_virtual":false,"bundle_layout":"","bundle_add_to_cart_form_location":"","bundle_editable_in_cart":false,"bundle_sold_individually_context":"","bundle_item_grouping":"","bundle_min_size":"","bundle_max_size":"","bundle_price":[],"bundled_items":[],"bundle_sell_ids":[],"acf":[],"yoast_head":"<!-- This site is optimized with the Yoast SEO Premium plugin v21.5 (Yoast SEO v27.3) - https:\/\/yoast.com\/product\/yoast-seo-premium-wordpress\/ -->\n<title>Nedr\u010dek za nose\u010dnice in dojenje Carriwell s podlo\u017eeno podporo Carri-Gel - bel - NajNaj.eu<\/title>\n<meta name=\"robots\" content=\"index, follow, max-snippet:-1, max-image-preview:large, max-video-preview:-1\" \/>\n<link rel=\"canonical\" href=\"https:\/\/najnaj.eu\/sl\/izdelek\/carriwell-modrcek-za-nosecnice-in-dojenje-s-podporo-carri-gel-podlozen-v-beli-barvi\/\" \/>\n<meta property=\"og:locale\" content=\"sl_SI\" \/>\n<meta property=\"og:type\" content=\"article\" \/>\n<meta property=\"og:title\" content=\"Nedr\u010dek za nose\u010dnice in dojenje Carriwell s podlo\u017eeno podporo Carri-Gel - bel\" \/>\n<meta property=\"og:description\" content=\"zanesljiv in vzdr\u017eljiv nedr\u010dek Carriwell za nose\u010dnice in doje\u010de matere s polnej\u0161imi oprsji  Podpora Carri-Gel in podloga modr\u010dka vam nudita podporo, ki jo potrebujete, modr\u010dek pa ostane mehak in udoben za no\u0161enje  Carri-Gel\u00ae je najbolj zdrava mo\u017enost, ko potrebujete podporo v nedr\u010dku za dojenje  priporo\u010dajo svetovalci za dojenje  zasnova ko\u0161are, ki je popolnoma snemljiva z naramnice, odkrije va\u0161o dojko, kolikor \u017eelite in kako udobno vam je med dojenjem ter zagotavlja maksimalen stik ko\u017ea na ko\u017eo med vami in va\u0161im dojen\u010dkom\" \/>\n<meta property=\"og:url\" content=\"https:\/\/najnaj.eu\/sl\/izdelek\/carriwell-modrcek-za-nosecnice-in-dojenje-s-podporo-carri-gel-podlozen-v-beli-barvi\/\" \/>\n<meta property=\"og:site_name\" content=\"NajNaj.eu\" \/>\n<meta property=\"article:publisher\" content=\"https:\/\/web.facebook.com\/najnaj.eu\/\" \/>\n<meta property=\"article:modified_time\" content=\"2026-04-02T12:15:15+00:00\" \/>\n<meta property=\"og:image\" content=\"https:\/\/najnaj.eu\/wp-content\/uploads\/2023\/08\/3400_03_Padded-CarriGel-Maternity-and-Nursing-Bra_WHT_F3_STD-2.jpg\" \/>\n\t<meta property=\"og:image:width\" content=\"748\" \/>\n\t<meta property=\"og:image:height\" content=\"1080\" \/>\n\t<meta property=\"og:image:type\" content=\"image\/jpeg\" \/>\n<meta name=\"twitter:card\" content=\"summary_large_image\" \/>\n<meta name=\"twitter:label1\" content=\"Availability\" \/>\n\t<meta name=\"twitter:data1\" content=\"In stock\" \/>\n<script type=\"application\/ld+json\" class=\"yoast-schema-graph\">{\"@context\":\"https:\\\/\\\/schema.org\",\"@graph\":[{\"@type\":\"WebPage\",\"@id\":\"https:\\\/\\\/najnaj.eu\\\/sl\\\/izdelek\\\/carriwell-modrcek-za-nosecnice-in-dojenje-s-podporo-carri-gel-podlozen-v-beli-barvi\\\/\",\"url\":\"https:\\\/\\\/najnaj.eu\\\/sl\\\/izdelek\\\/carriwell-modrcek-za-nosecnice-in-dojenje-s-podporo-carri-gel-podlozen-v-beli-barvi\\\/\",\"name\":\"Nedr\u010dek za nose\u010dnice in dojenje Carriwell s podlo\u017eeno podporo Carri-Gel - bel - NajNaj.eu\",\"isPartOf\":{\"@id\":\"https:\\\/\\\/najnaj.eu\\\/sl\\\/#website\"},\"primaryImageOfPage\":{\"@id\":\"https:\\\/\\\/najnaj.eu\\\/sl\\\/izdelek\\\/carriwell-modrcek-za-nosecnice-in-dojenje-s-podporo-carri-gel-podlozen-v-beli-barvi\\\/#primaryimage\"},\"image\":{\"@id\":\"https:\\\/\\\/najnaj.eu\\\/sl\\\/izdelek\\\/carriwell-modrcek-za-nosecnice-in-dojenje-s-podporo-carri-gel-podlozen-v-beli-barvi\\\/#primaryimage\"},\"thumbnailUrl\":\"https:\\\/\\\/najnaj.eu\\\/wp-content\\\/uploads\\\/2023\\\/09\\\/3400_Gel-Support-Padded-Maternity-Nursing-Bra_White_Web_Front.jpg\",\"datePublished\":\"2023-09-21T08:36:48+00:00\",\"dateModified\":\"2026-04-02T12:15:15+00:00\",\"breadcrumb\":{\"@id\":\"https:\\\/\\\/najnaj.eu\\\/sl\\\/izdelek\\\/carriwell-modrcek-za-nosecnice-in-dojenje-s-podporo-carri-gel-podlozen-v-beli-barvi\\\/#breadcrumb\"},\"inLanguage\":\"sl-SI\",\"potentialAction\":[{\"@type\":\"ReadAction\",\"target\":[\"https:\\\/\\\/najnaj.eu\\\/sl\\\/izdelek\\\/carriwell-modrcek-za-nosecnice-in-dojenje-s-podporo-carri-gel-podlozen-v-beli-barvi\\\/\"]}]},{\"@type\":\"ImageObject\",\"inLanguage\":\"sl-SI\",\"@id\":\"https:\\\/\\\/najnaj.eu\\\/sl\\\/izdelek\\\/carriwell-modrcek-za-nosecnice-in-dojenje-s-podporo-carri-gel-podlozen-v-beli-barvi\\\/#primaryimage\",\"url\":\"https:\\\/\\\/najnaj.eu\\\/wp-content\\\/uploads\\\/2023\\\/09\\\/3400_Gel-Support-Padded-Maternity-Nursing-Bra_White_Web_Front.jpg\",\"contentUrl\":\"https:\\\/\\\/najnaj.eu\\\/wp-content\\\/uploads\\\/2023\\\/09\\\/3400_Gel-Support-Padded-Maternity-Nursing-Bra_White_Web_Front.jpg\",\"width\":1000,\"height\":1250},{\"@type\":\"BreadcrumbList\",\"@id\":\"https:\\\/\\\/najnaj.eu\\\/sl\\\/izdelek\\\/carriwell-modrcek-za-nosecnice-in-dojenje-s-podporo-carri-gel-podlozen-v-beli-barvi\\\/#breadcrumb\",\"itemListElement\":[{\"@type\":\"ListItem\",\"position\":1,\"name\":\"Po\u010detna stranica\",\"item\":\"https:\\\/\\\/najnaj.eu\\\/sl\\\/prednja-stran\\\/\"},{\"@type\":\"ListItem\",\"position\":2,\"name\":\"Shop\",\"item\":\"https:\\\/\\\/najnaj.eu\\\/sl\\\/shop\\\/\"},{\"@type\":\"ListItem\",\"position\":3,\"name\":\"Nedr\u010dek za nose\u010dnice in dojenje Carriwell s podlo\u017eeno podporo Carri-Gel &#8211; bel\"}]},{\"@type\":\"WebSite\",\"@id\":\"https:\\\/\\\/najnaj.eu\\\/sl\\\/#website\",\"url\":\"https:\\\/\\\/najnaj.eu\\\/sl\\\/\",\"name\":\"NajNaj.eu\",\"description\":\"Za najva\u017enije!\",\"publisher\":{\"@id\":\"https:\\\/\\\/najnaj.eu\\\/sl\\\/#organization\"},\"potentialAction\":[{\"@type\":\"SearchAction\",\"target\":{\"@type\":\"EntryPoint\",\"urlTemplate\":\"https:\\\/\\\/najnaj.eu\\\/sl\\\/?s={search_term_string}\"},\"query-input\":{\"@type\":\"PropertyValueSpecification\",\"valueRequired\":true,\"valueName\":\"search_term_string\"}}],\"inLanguage\":\"sl-SI\"},{\"@type\":\"Organization\",\"@id\":\"https:\\\/\\\/najnaj.eu\\\/sl\\\/#organization\",\"name\":\"NajNaj.eu\",\"url\":\"https:\\\/\\\/najnaj.eu\\\/sl\\\/\",\"logo\":{\"@type\":\"ImageObject\",\"inLanguage\":\"sl-SI\",\"@id\":\"https:\\\/\\\/najnaj.eu\\\/sl\\\/#\\\/schema\\\/logo\\\/image\\\/\",\"url\":\"https:\\\/\\\/najnaj.eu\\\/wp-content\\\/uploads\\\/2023\\\/09\\\/logo_Najnaj_2023.svg\",\"contentUrl\":\"https:\\\/\\\/najnaj.eu\\\/wp-content\\\/uploads\\\/2023\\\/09\\\/logo_Najnaj_2023.svg\",\"width\":501,\"height\":278,\"caption\":\"NajNaj.eu\"},\"image\":{\"@id\":\"https:\\\/\\\/najnaj.eu\\\/sl\\\/#\\\/schema\\\/logo\\\/image\\\/\"},\"sameAs\":[\"https:\\\/\\\/web.facebook.com\\\/najnaj.eu\\\/\",\"https:\\\/\\\/www.instagram.com\\\/najnaj.eu\\\/\",\"https:\\\/\\\/www.tiktok.com\\\/@najnaj.eu\"]}]}<\/script>\n<meta property=\"product:brand\" content=\"Carriwell\" \/>\n<meta property=\"og:availability\" content=\"instock\" \/>\n<meta property=\"product:availability\" content=\"instock\" \/>\n<meta property=\"product:retailer_item_id\" content=\"CW3400N\" \/>\n<meta property=\"product:condition\" content=\"new\" \/>\n<!-- \/ Yoast SEO Premium plugin. -->","yoast_head_json":{"title":"Nedr\u010dek za nose\u010dnice in dojenje Carriwell s podlo\u017eeno podporo Carri-Gel - bel - NajNaj.eu","robots":{"index":"index","follow":"follow","max-snippet":"max-snippet:-1","max-image-preview":"max-image-preview:large","max-video-preview":"max-video-preview:-1"},"canonical":"https:\/\/najnaj.eu\/sl\/izdelek\/carriwell-modrcek-za-nosecnice-in-dojenje-s-podporo-carri-gel-podlozen-v-beli-barvi\/","og_locale":"sl_SI","og_type":"article","og_title":"Nedr\u010dek za nose\u010dnice in dojenje Carriwell s podlo\u017eeno podporo Carri-Gel - bel","og_description":"zanesljiv in vzdr\u017eljiv nedr\u010dek Carriwell za nose\u010dnice in doje\u010de matere s polnej\u0161imi oprsji  Podpora Carri-Gel in podloga modr\u010dka vam nudita podporo, ki jo potrebujete, modr\u010dek pa ostane mehak in udoben za no\u0161enje  Carri-Gel\u00ae je najbolj zdrava mo\u017enost, ko potrebujete podporo v nedr\u010dku za dojenje  priporo\u010dajo svetovalci za dojenje  zasnova ko\u0161are, ki je popolnoma snemljiva z naramnice, odkrije va\u0161o dojko, kolikor \u017eelite in kako udobno vam je med dojenjem ter zagotavlja maksimalen stik ko\u017ea na ko\u017eo med vami in va\u0161im dojen\u010dkom","og_url":"https:\/\/najnaj.eu\/sl\/izdelek\/carriwell-modrcek-za-nosecnice-in-dojenje-s-podporo-carri-gel-podlozen-v-beli-barvi\/","og_site_name":"NajNaj.eu","article_publisher":"https:\/\/web.facebook.com\/najnaj.eu\/","article_modified_time":"2026-04-02T12:15:15+00:00","og_image":[{"width":748,"height":1080,"url":"https:\/\/najnaj.eu\/wp-content\/uploads\/2023\/08\/3400_03_Padded-CarriGel-Maternity-and-Nursing-Bra_WHT_F3_STD-2.jpg","type":"image\/jpeg"}],"twitter_card":"summary_large_image","twitter_misc":{"Availability":"In stock"},"schema":{"@context":"https:\/\/schema.org","@graph":[{"@type":"WebPage","@id":"https:\/\/najnaj.eu\/sl\/izdelek\/carriwell-modrcek-za-nosecnice-in-dojenje-s-podporo-carri-gel-podlozen-v-beli-barvi\/","url":"https:\/\/najnaj.eu\/sl\/izdelek\/carriwell-modrcek-za-nosecnice-in-dojenje-s-podporo-carri-gel-podlozen-v-beli-barvi\/","name":"Nedr\u010dek za nose\u010dnice in dojenje Carriwell s podlo\u017eeno podporo Carri-Gel - bel - NajNaj.eu","isPartOf":{"@id":"https:\/\/najnaj.eu\/sl\/#website"},"primaryImageOfPage":{"@id":"https:\/\/najnaj.eu\/sl\/izdelek\/carriwell-modrcek-za-nosecnice-in-dojenje-s-podporo-carri-gel-podlozen-v-beli-barvi\/#primaryimage"},"image":{"@id":"https:\/\/najnaj.eu\/sl\/izdelek\/carriwell-modrcek-za-nosecnice-in-dojenje-s-podporo-carri-gel-podlozen-v-beli-barvi\/#primaryimage"},"thumbnailUrl":"https:\/\/najnaj.eu\/wp-content\/uploads\/2023\/09\/3400_Gel-Support-Padded-Maternity-Nursing-Bra_White_Web_Front.jpg","datePublished":"2023-09-21T08:36:48+00:00","dateModified":"2026-04-02T12:15:15+00:00","breadcrumb":{"@id":"https:\/\/najnaj.eu\/sl\/izdelek\/carriwell-modrcek-za-nosecnice-in-dojenje-s-podporo-carri-gel-podlozen-v-beli-barvi\/#breadcrumb"},"inLanguage":"sl-SI","potentialAction":[{"@type":"ReadAction","target":["https:\/\/najnaj.eu\/sl\/izdelek\/carriwell-modrcek-za-nosecnice-in-dojenje-s-podporo-carri-gel-podlozen-v-beli-barvi\/"]}]},{"@type":"ImageObject","inLanguage":"sl-SI","@id":"https:\/\/najnaj.eu\/sl\/izdelek\/carriwell-modrcek-za-nosecnice-in-dojenje-s-podporo-carri-gel-podlozen-v-beli-barvi\/#primaryimage","url":"https:\/\/najnaj.eu\/wp-content\/uploads\/2023\/09\/3400_Gel-Support-Padded-Maternity-Nursing-Bra_White_Web_Front.jpg","contentUrl":"https:\/\/najnaj.eu\/wp-content\/uploads\/2023\/09\/3400_Gel-Support-Padded-Maternity-Nursing-Bra_White_Web_Front.jpg","width":1000,"height":1250},{"@type":"BreadcrumbList","@id":"https:\/\/najnaj.eu\/sl\/izdelek\/carriwell-modrcek-za-nosecnice-in-dojenje-s-podporo-carri-gel-podlozen-v-beli-barvi\/#breadcrumb","itemListElement":[{"@type":"ListItem","position":1,"name":"Po\u010detna stranica","item":"https:\/\/najnaj.eu\/sl\/prednja-stran\/"},{"@type":"ListItem","position":2,"name":"Shop","item":"https:\/\/najnaj.eu\/sl\/shop\/"},{"@type":"ListItem","position":3,"name":"Nedr\u010dek za nose\u010dnice in dojenje Carriwell s podlo\u017eeno podporo Carri-Gel &#8211; bel"}]},{"@type":"WebSite","@id":"https:\/\/najnaj.eu\/sl\/#website","url":"https:\/\/najnaj.eu\/sl\/","name":"NajNaj.eu","description":"Za najva\u017enije!","publisher":{"@id":"https:\/\/najnaj.eu\/sl\/#organization"},"potentialAction":[{"@type":"SearchAction","target":{"@type":"EntryPoint","urlTemplate":"https:\/\/najnaj.eu\/sl\/?s={search_term_string}"},"query-input":{"@type":"PropertyValueSpecification","valueRequired":true,"valueName":"search_term_string"}}],"inLanguage":"sl-SI"},{"@type":"Organization","@id":"https:\/\/najnaj.eu\/sl\/#organization","name":"NajNaj.eu","url":"https:\/\/najnaj.eu\/sl\/","logo":{"@type":"ImageObject","inLanguage":"sl-SI","@id":"https:\/\/najnaj.eu\/sl\/#\/schema\/logo\/image\/","url":"https:\/\/najnaj.eu\/wp-content\/uploads\/2023\/09\/logo_Najnaj_2023.svg","contentUrl":"https:\/\/najnaj.eu\/wp-content\/uploads\/2023\/09\/logo_Najnaj_2023.svg","width":501,"height":278,"caption":"NajNaj.eu"},"image":{"@id":"https:\/\/najnaj.eu\/sl\/#\/schema\/logo\/image\/"},"sameAs":["https:\/\/web.facebook.com\/najnaj.eu\/","https:\/\/www.instagram.com\/najnaj.eu\/","https:\/\/www.tiktok.com\/@najnaj.eu"]}]},"product_brand":"Carriwell","og_availability":"instock","product_availability":"instock","product_retailer_item_id":"CW3400N","product_condition":"new"},"_links":{"self":[{"href":"https:\/\/najnaj.eu\/sl\/wp-json\/wp\/v2\/product\/193973","targetHints":{"allow":["GET"]}}],"collection":[{"href":"https:\/\/najnaj.eu\/sl\/wp-json\/wp\/v2\/product"}],"about":[{"href":"https:\/\/najnaj.eu\/sl\/wp-json\/wp\/v2\/types\/product"}],"replies":[{"embeddable":true,"href":"https:\/\/najnaj.eu\/sl\/wp-json\/wp\/v2\/comments?post=193973"}],"version-history":[{"count":0,"href":"https:\/\/najnaj.eu\/sl\/wp-json\/wp\/v2\/product\/193973\/revisions"}],"wp:featuredmedia":[{"embeddable":true,"href":"https:\/\/najnaj.eu\/sl\/wp-json\/wp\/v2\/media\/300131"}],"wp:attachment":[{"href":"https:\/\/najnaj.eu\/sl\/wp-json\/wp\/v2\/media?parent=193973"}],"wp:term":[{"taxonomy":"product_brand","embeddable":true,"href":"https:\/\/najnaj.eu\/sl\/wp-json\/wp\/v2\/product_brand?post=193973"},{"taxonomy":"product_cat","embeddable":true,"href":"https:\/\/najnaj.eu\/sl\/wp-json\/wp\/v2\/product_cat?post=193973"},{"taxonomy":"product_tag","embeddable":true,"href":"https:\/\/najnaj.eu\/sl\/wp-json\/wp\/v2\/product_tag?post=193973"}],"curies":[{"name":"wp","href":"https:\/\/api.w.org\/{rel}","templated":true}]}}