{"id":193959,"date":"2023-09-21T10:28:27","date_gmt":"2023-09-21T08:28:27","guid":{"rendered":"https:\/\/najnaj.eu\/proizvod\/carriwell-comfort-3-4-pajkice-crne\/"},"modified":"2026-04-13T12:52:16","modified_gmt":"2026-04-13T10:52:16","slug":"carriwell-comfort-3-4-pajkice-crne","status":"publish","type":"product","link":"https:\/\/najnaj.eu\/sl\/izdelek\/carriwell-comfort-3-4-pajkice-crne\/","title":{"rendered":"Carriwell 3\/4 brez\u0161ivne pajkice za nose\u010dnice"},"content":{"rendered":"<p>Izkusite popolno me\u0161anico udobja, podpore in sloga z nose\u010dni\u0161kimi pajkicami Carriwell 3\/4. Izdelane iz raztegljive tkanine, ki je svilnato mehka in zra\u010dna, so te pajkice oblikovane posebej za va\u0161o ob\u010dutljivo ko\u017eo med nose\u010dnostjo.<\/p>\n<p>Ena od vidnih lastnosti teh hla\u010dnih nogavic je vgrajena opora za spodnji del trebuha. Ta inovativna zasnova zagotavlja mehak in oporo va\u0161 rasto\u010di trebu\u0161\u010dek ter zagotavlja celodnevno udobje in podporo. Poslovite se od neudobja in pozdravite dobro podprt nose\u010dni\u0161ki trebu\u0161\u010dek s hla\u010dnimi nogavicami, ki vam omogo\u010dajo svobodno in samozavestno gibanje.<\/p>\n<p>Te hla\u010dne nogavice ne nudijo le izjemne podpore, ampak tudi olaj\u0161ajo. Trebu\u0161na podpora, ki jo nudijo, lahko pomaga ubla\u017eiti blage bole\u010dine v hrbtu, ki so pogoste med nose\u010dnostjo. Z namensko podporo trebu\u0161\u010dku te pajkice prispevajo k udobnej\u0161i in prijetnej\u0161i nose\u010dni\u0161ki izku\u0161nji.<\/p>\n<p>Ker razumemo edinstvene potrebe nose\u010dnic, so nose\u010dni\u0161ke pajkice Carriwell 3\/4 izdelane iz svilnato mehkega blaga. To zagotavlja, da va\u0161a ko\u017ea ostane nahranjena in brez razdra\u017eenosti, tudi \u010de v tem posebnem \u010dasu postane bolj ob\u010dutljiva. Razko\u0161en otip blaga doda dodaten pridih udobja va\u0161i nose\u010dni\u0161ki garderobi.<\/p>\n<p>Te pajkice so zasnovane tako, da so vsestranske in funkcionalne, kar vam omogo\u010da, da jih brez truda vklju\u010dite v vsakodnevna obla\u010dila. Njihova dol\u017eina 3\/4 ponuja sodoben in laskav videz, kot nala\u0161\u010d za kombiniranje s tunikami, oblekami ali prevelikimi topi. Ne glede na to, ali opravljate opravke, obiskujete ure predporodne joge ali se samo spro\u0161\u010date doma, te pajkice nudijo udobje in podporo, ki jo potrebujete.<\/p>\n<p>Z nosilnimi pajkicami Carriwell 3\/4 lahko svojo nose\u010dnost sprejmete samozavestno in lahkotno. U\u017eivajte v prednostih njihove mehkobe, podpore in zra\u010dnosti, saj veste, da so narejene posebej za izbolj\u0161anje va\u0161ega udobja in dobrega po\u010dutja. Investirajte v pajkice, ki dajejo prednost va\u0161im potrebam in vam dajejo ob\u010dutek mo\u010di v tem \u010dudovitem obdobju \u017eivljenja.<\/p>\n","protected":false},"excerpt":{"rendered":"<ul>\n<li>raztegljiva, mehka in zra\u010dna<\/li>\n<li>idealno za ob\u010dutljivo ko\u017eo<\/li>\n<li>podpora za trebuh in hrbet<\/li>\n<li>za vsakodnevno no\u0161enje<\/li>\n<li>3\/4 dol\u017eine<\/li>\n<\/ul>\n","protected":false},"featured_media":299417,"comment_status":"open","ping_status":"closed","template":"","meta":{"_acf_changed":false,"footnotes":""},"product_brand":[],"product_cat":[1417,1401,1411],"product_tag":[2144],"class_list":{"0":"post-193959","1":"product","2":"type-product","3":"status-publish","4":"has-post-thumbnail","6":"product_cat-pajkice","7":"product_cat-za-mamo","8":"product_cat-za-nosecnice","9":"product_tag-mama-ki-bo","10":"pa_boja-crna-sl","11":"pa_brand-carriwell-sl","13":"first","14":"instock","15":"purchasable","16":"product-type-variable"},"bundled_by":[],"bundle_stock_status":"instock","bundle_stock_quantity":1,"bundle_virtual":false,"bundle_layout":"","bundle_add_to_cart_form_location":"","bundle_editable_in_cart":false,"bundle_sold_individually_context":"","bundle_item_grouping":"","bundle_min_size":"","bundle_max_size":"","bundle_price":[],"bundled_items":[],"bundle_sell_ids":[],"acf":[],"yoast_head":"<!-- This site is optimized with the Yoast SEO Premium plugin v21.5 (Yoast SEO v27.3) - https:\/\/yoast.com\/product\/yoast-seo-premium-wordpress\/ -->\n<title>Carriwell 3\/4 brez\u0161ivne pajkice za nose\u010dnice - NajNaj.eu<\/title>\n<meta name=\"robots\" content=\"index, follow, max-snippet:-1, max-image-preview:large, max-video-preview:-1\" \/>\n<link rel=\"canonical\" href=\"https:\/\/najnaj.eu\/sl\/izdelek\/carriwell-comfort-3-4-pajkice-crne\/\" \/>\n<meta property=\"og:locale\" content=\"sl_SI\" \/>\n<meta property=\"og:type\" content=\"article\" \/>\n<meta property=\"og:title\" content=\"Carriwell 3\/4 brez\u0161ivne pajkice za nose\u010dnice\" \/>\n<meta property=\"og:description\" content=\"raztegljiva, mehka in zra\u010dna  idealno za ob\u010dutljivo ko\u017eo  podpora za trebuh in hrbet  za vsakodnevno no\u0161enje  3\/4 dol\u017eine\" \/>\n<meta property=\"og:url\" content=\"https:\/\/najnaj.eu\/sl\/izdelek\/carriwell-comfort-3-4-pajkice-crne\/\" \/>\n<meta property=\"og:site_name\" content=\"NajNaj.eu\" \/>\n<meta property=\"article:publisher\" content=\"https:\/\/web.facebook.com\/najnaj.eu\/\" \/>\n<meta property=\"article:modified_time\" content=\"2026-04-13T10:52:16+00:00\" \/>\n<meta property=\"og:image\" content=\"https:\/\/najnaj.eu\/wp-content\/uploads\/2023\/08\/4950_\u00be_Maternity_support_legging_WB_5.jpg\" \/>\n\t<meta property=\"og:image:width\" content=\"762\" \/>\n\t<meta property=\"og:image:height\" content=\"1100\" \/>\n\t<meta property=\"og:image:type\" content=\"image\/jpeg\" \/>\n<meta name=\"twitter:card\" content=\"summary_large_image\" \/>\n<meta name=\"twitter:label1\" content=\"Availability\" \/>\n\t<meta name=\"twitter:data1\" content=\"In stock\" \/>\n<script type=\"application\/ld+json\" class=\"yoast-schema-graph\">{\"@context\":\"https:\\\/\\\/schema.org\",\"@graph\":[{\"@type\":\"WebPage\",\"@id\":\"https:\\\/\\\/najnaj.eu\\\/sl\\\/izdelek\\\/carriwell-comfort-3-4-pajkice-crne\\\/\",\"url\":\"https:\\\/\\\/najnaj.eu\\\/sl\\\/izdelek\\\/carriwell-comfort-3-4-pajkice-crne\\\/\",\"name\":\"Carriwell 3\\\/4 brez\u0161ivne pajkice za nose\u010dnice - NajNaj.eu\",\"isPartOf\":{\"@id\":\"https:\\\/\\\/najnaj.eu\\\/sl\\\/#website\"},\"primaryImageOfPage\":{\"@id\":\"https:\\\/\\\/najnaj.eu\\\/sl\\\/izdelek\\\/carriwell-comfort-3-4-pajkice-crne\\\/#primaryimage\"},\"image\":{\"@id\":\"https:\\\/\\\/najnaj.eu\\\/sl\\\/izdelek\\\/carriwell-comfort-3-4-pajkice-crne\\\/#primaryimage\"},\"thumbnailUrl\":\"https:\\\/\\\/najnaj.eu\\\/wp-content\\\/uploads\\\/2023\\\/09\\\/4900_Seamless-3-4-Maternity-Support-Leggings_Web_v01.jpg\",\"datePublished\":\"2023-09-21T08:28:27+00:00\",\"dateModified\":\"2026-04-13T10:52:16+00:00\",\"breadcrumb\":{\"@id\":\"https:\\\/\\\/najnaj.eu\\\/sl\\\/izdelek\\\/carriwell-comfort-3-4-pajkice-crne\\\/#breadcrumb\"},\"inLanguage\":\"sl-SI\",\"potentialAction\":[{\"@type\":\"ReadAction\",\"target\":[\"https:\\\/\\\/najnaj.eu\\\/sl\\\/izdelek\\\/carriwell-comfort-3-4-pajkice-crne\\\/\"]}]},{\"@type\":\"ImageObject\",\"inLanguage\":\"sl-SI\",\"@id\":\"https:\\\/\\\/najnaj.eu\\\/sl\\\/izdelek\\\/carriwell-comfort-3-4-pajkice-crne\\\/#primaryimage\",\"url\":\"https:\\\/\\\/najnaj.eu\\\/wp-content\\\/uploads\\\/2023\\\/09\\\/4900_Seamless-3-4-Maternity-Support-Leggings_Web_v01.jpg\",\"contentUrl\":\"https:\\\/\\\/najnaj.eu\\\/wp-content\\\/uploads\\\/2023\\\/09\\\/4900_Seamless-3-4-Maternity-Support-Leggings_Web_v01.jpg\",\"width\":1000,\"height\":1250},{\"@type\":\"BreadcrumbList\",\"@id\":\"https:\\\/\\\/najnaj.eu\\\/sl\\\/izdelek\\\/carriwell-comfort-3-4-pajkice-crne\\\/#breadcrumb\",\"itemListElement\":[{\"@type\":\"ListItem\",\"position\":1,\"name\":\"Po\u010detna stranica\",\"item\":\"https:\\\/\\\/najnaj.eu\\\/sl\\\/prednja-stran\\\/\"},{\"@type\":\"ListItem\",\"position\":2,\"name\":\"Shop\",\"item\":\"https:\\\/\\\/najnaj.eu\\\/sl\\\/shop\\\/\"},{\"@type\":\"ListItem\",\"position\":3,\"name\":\"Carriwell 3\\\/4 brez\u0161ivne pajkice za nose\u010dnice\"}]},{\"@type\":\"WebSite\",\"@id\":\"https:\\\/\\\/najnaj.eu\\\/sl\\\/#website\",\"url\":\"https:\\\/\\\/najnaj.eu\\\/sl\\\/\",\"name\":\"NajNaj.eu\",\"description\":\"Za najva\u017enije!\",\"publisher\":{\"@id\":\"https:\\\/\\\/najnaj.eu\\\/sl\\\/#organization\"},\"potentialAction\":[{\"@type\":\"SearchAction\",\"target\":{\"@type\":\"EntryPoint\",\"urlTemplate\":\"https:\\\/\\\/najnaj.eu\\\/sl\\\/?s={search_term_string}\"},\"query-input\":{\"@type\":\"PropertyValueSpecification\",\"valueRequired\":true,\"valueName\":\"search_term_string\"}}],\"inLanguage\":\"sl-SI\"},{\"@type\":\"Organization\",\"@id\":\"https:\\\/\\\/najnaj.eu\\\/sl\\\/#organization\",\"name\":\"NajNaj.eu\",\"url\":\"https:\\\/\\\/najnaj.eu\\\/sl\\\/\",\"logo\":{\"@type\":\"ImageObject\",\"inLanguage\":\"sl-SI\",\"@id\":\"https:\\\/\\\/najnaj.eu\\\/sl\\\/#\\\/schema\\\/logo\\\/image\\\/\",\"url\":\"https:\\\/\\\/najnaj.eu\\\/wp-content\\\/uploads\\\/2023\\\/09\\\/logo_Najnaj_2023.svg\",\"contentUrl\":\"https:\\\/\\\/najnaj.eu\\\/wp-content\\\/uploads\\\/2023\\\/09\\\/logo_Najnaj_2023.svg\",\"width\":501,\"height\":278,\"caption\":\"NajNaj.eu\"},\"image\":{\"@id\":\"https:\\\/\\\/najnaj.eu\\\/sl\\\/#\\\/schema\\\/logo\\\/image\\\/\"},\"sameAs\":[\"https:\\\/\\\/web.facebook.com\\\/najnaj.eu\\\/\",\"https:\\\/\\\/www.instagram.com\\\/najnaj.eu\\\/\",\"https:\\\/\\\/www.tiktok.com\\\/@najnaj.eu\"]}]}<\/script>\n<meta property=\"product:brand\" content=\"Carriwell\" \/>\n<meta property=\"og:availability\" content=\"instock\" \/>\n<meta property=\"product:availability\" content=\"instock\" \/>\n<meta property=\"product:retailer_item_id\" content=\"CW4950N\" \/>\n<meta property=\"product:condition\" content=\"new\" \/>\n<!-- \/ Yoast SEO Premium plugin. -->","yoast_head_json":{"title":"Carriwell 3\/4 brez\u0161ivne pajkice za nose\u010dnice - NajNaj.eu","robots":{"index":"index","follow":"follow","max-snippet":"max-snippet:-1","max-image-preview":"max-image-preview:large","max-video-preview":"max-video-preview:-1"},"canonical":"https:\/\/najnaj.eu\/sl\/izdelek\/carriwell-comfort-3-4-pajkice-crne\/","og_locale":"sl_SI","og_type":"article","og_title":"Carriwell 3\/4 brez\u0161ivne pajkice za nose\u010dnice","og_description":"raztegljiva, mehka in zra\u010dna  idealno za ob\u010dutljivo ko\u017eo  podpora za trebuh in hrbet  za vsakodnevno no\u0161enje  3\/4 dol\u017eine","og_url":"https:\/\/najnaj.eu\/sl\/izdelek\/carriwell-comfort-3-4-pajkice-crne\/","og_site_name":"NajNaj.eu","article_publisher":"https:\/\/web.facebook.com\/najnaj.eu\/","article_modified_time":"2026-04-13T10:52:16+00:00","og_image":[{"width":762,"height":1100,"url":"https:\/\/najnaj.eu\/wp-content\/uploads\/2023\/08\/4950_\u00be_Maternity_support_legging_WB_5.jpg","type":"image\/jpeg"}],"twitter_card":"summary_large_image","twitter_misc":{"Availability":"In stock"},"schema":{"@context":"https:\/\/schema.org","@graph":[{"@type":"WebPage","@id":"https:\/\/najnaj.eu\/sl\/izdelek\/carriwell-comfort-3-4-pajkice-crne\/","url":"https:\/\/najnaj.eu\/sl\/izdelek\/carriwell-comfort-3-4-pajkice-crne\/","name":"Carriwell 3\/4 brez\u0161ivne pajkice za nose\u010dnice - NajNaj.eu","isPartOf":{"@id":"https:\/\/najnaj.eu\/sl\/#website"},"primaryImageOfPage":{"@id":"https:\/\/najnaj.eu\/sl\/izdelek\/carriwell-comfort-3-4-pajkice-crne\/#primaryimage"},"image":{"@id":"https:\/\/najnaj.eu\/sl\/izdelek\/carriwell-comfort-3-4-pajkice-crne\/#primaryimage"},"thumbnailUrl":"https:\/\/najnaj.eu\/wp-content\/uploads\/2023\/09\/4900_Seamless-3-4-Maternity-Support-Leggings_Web_v01.jpg","datePublished":"2023-09-21T08:28:27+00:00","dateModified":"2026-04-13T10:52:16+00:00","breadcrumb":{"@id":"https:\/\/najnaj.eu\/sl\/izdelek\/carriwell-comfort-3-4-pajkice-crne\/#breadcrumb"},"inLanguage":"sl-SI","potentialAction":[{"@type":"ReadAction","target":["https:\/\/najnaj.eu\/sl\/izdelek\/carriwell-comfort-3-4-pajkice-crne\/"]}]},{"@type":"ImageObject","inLanguage":"sl-SI","@id":"https:\/\/najnaj.eu\/sl\/izdelek\/carriwell-comfort-3-4-pajkice-crne\/#primaryimage","url":"https:\/\/najnaj.eu\/wp-content\/uploads\/2023\/09\/4900_Seamless-3-4-Maternity-Support-Leggings_Web_v01.jpg","contentUrl":"https:\/\/najnaj.eu\/wp-content\/uploads\/2023\/09\/4900_Seamless-3-4-Maternity-Support-Leggings_Web_v01.jpg","width":1000,"height":1250},{"@type":"BreadcrumbList","@id":"https:\/\/najnaj.eu\/sl\/izdelek\/carriwell-comfort-3-4-pajkice-crne\/#breadcrumb","itemListElement":[{"@type":"ListItem","position":1,"name":"Po\u010detna stranica","item":"https:\/\/najnaj.eu\/sl\/prednja-stran\/"},{"@type":"ListItem","position":2,"name":"Shop","item":"https:\/\/najnaj.eu\/sl\/shop\/"},{"@type":"ListItem","position":3,"name":"Carriwell 3\/4 brez\u0161ivne pajkice za nose\u010dnice"}]},{"@type":"WebSite","@id":"https:\/\/najnaj.eu\/sl\/#website","url":"https:\/\/najnaj.eu\/sl\/","name":"NajNaj.eu","description":"Za najva\u017enije!","publisher":{"@id":"https:\/\/najnaj.eu\/sl\/#organization"},"potentialAction":[{"@type":"SearchAction","target":{"@type":"EntryPoint","urlTemplate":"https:\/\/najnaj.eu\/sl\/?s={search_term_string}"},"query-input":{"@type":"PropertyValueSpecification","valueRequired":true,"valueName":"search_term_string"}}],"inLanguage":"sl-SI"},{"@type":"Organization","@id":"https:\/\/najnaj.eu\/sl\/#organization","name":"NajNaj.eu","url":"https:\/\/najnaj.eu\/sl\/","logo":{"@type":"ImageObject","inLanguage":"sl-SI","@id":"https:\/\/najnaj.eu\/sl\/#\/schema\/logo\/image\/","url":"https:\/\/najnaj.eu\/wp-content\/uploads\/2023\/09\/logo_Najnaj_2023.svg","contentUrl":"https:\/\/najnaj.eu\/wp-content\/uploads\/2023\/09\/logo_Najnaj_2023.svg","width":501,"height":278,"caption":"NajNaj.eu"},"image":{"@id":"https:\/\/najnaj.eu\/sl\/#\/schema\/logo\/image\/"},"sameAs":["https:\/\/web.facebook.com\/najnaj.eu\/","https:\/\/www.instagram.com\/najnaj.eu\/","https:\/\/www.tiktok.com\/@najnaj.eu"]}]},"product_brand":"Carriwell","og_availability":"instock","product_availability":"instock","product_retailer_item_id":"CW4950N","product_condition":"new"},"_links":{"self":[{"href":"https:\/\/najnaj.eu\/sl\/wp-json\/wp\/v2\/product\/193959","targetHints":{"allow":["GET"]}}],"collection":[{"href":"https:\/\/najnaj.eu\/sl\/wp-json\/wp\/v2\/product"}],"about":[{"href":"https:\/\/najnaj.eu\/sl\/wp-json\/wp\/v2\/types\/product"}],"replies":[{"embeddable":true,"href":"https:\/\/najnaj.eu\/sl\/wp-json\/wp\/v2\/comments?post=193959"}],"version-history":[{"count":0,"href":"https:\/\/najnaj.eu\/sl\/wp-json\/wp\/v2\/product\/193959\/revisions"}],"wp:featuredmedia":[{"embeddable":true,"href":"https:\/\/najnaj.eu\/sl\/wp-json\/wp\/v2\/media\/299417"}],"wp:attachment":[{"href":"https:\/\/najnaj.eu\/sl\/wp-json\/wp\/v2\/media?parent=193959"}],"wp:term":[{"taxonomy":"product_brand","embeddable":true,"href":"https:\/\/najnaj.eu\/sl\/wp-json\/wp\/v2\/product_brand?post=193959"},{"taxonomy":"product_cat","embeddable":true,"href":"https:\/\/najnaj.eu\/sl\/wp-json\/wp\/v2\/product_cat?post=193959"},{"taxonomy":"product_tag","embeddable":true,"href":"https:\/\/najnaj.eu\/sl\/wp-json\/wp\/v2\/product_tag?post=193959"}],"curies":[{"name":"wp","href":"https:\/\/api.w.org\/{rel}","templated":true}]}}