{"id":193958,"date":"2023-11-06T12:27:35","date_gmt":"2023-11-06T11:27:35","guid":{"rendered":"https:\/\/najnaj.eu\/proizvod\/sleepytroll-elasticne-noge-za-posteljico\/"},"modified":"2025-02-06T11:06:14","modified_gmt":"2025-02-06T10:06:14","slug":"sleepytroll-elasticne-noge-za-posteljico","status":"publish","type":"product","link":"https:\/\/najnaj.eu\/sl\/izdelek\/sleepytroll-elasticne-noge-za-posteljico\/","title":{"rendered":"Sleepytroll elasti\u010dne noge za posteljico"},"content":{"rendered":"<p><span data-sheets-value=\"{\"1\":2,\"2\":\"Sleepytroll no\u017eice za ljuljanje za krevet dolaze s 4 vijka (potrebno je prethodno bu\u0161enje) i mogu se montirati samo na kreveti\u0107e s drvenim nogama.\\r\\n\\r\\nMaksimalna te\u017eina samog kreveti\u0107a ne smije prelaziti 22 kg (bez posteljine, madraca i bebe) kako bi se omogu\u0107ilo pravilno ljuljanje.\\r\\n\\r\\nNe preporu\u010damo kori\u0161tenje no\u017eica za ljuljanje na kreveti\u0107u kada va\u0161a beba mo\u017ee stajati.\"}\" data-sheets-userformat=\"{\"2\":769,\"3\":{\"1\":0},\"11\":4,\"12\":0}\">Noge za gugalno posteljo Sleepytroll so prilo\u017eene 4 vijakom (potrebno predvrtanje) in jih je mogo\u010de namestiti samo na posteljice z lesenimi nogami.<\/span><\/p>\n<p>Maksimalna te\u017ea same posteljice (brez posteljnine, vzmetnice in dojen\u010dka) ne sme presegati 22 kg, da se omogo\u010di pravilno zibanje.<\/p>\n<p>Ne priporo\u010damo uporabe gugalnih nog na posteljici, ko va\u0161 otrok lahko stoji.<\/p>\n","protected":false},"excerpt":{"rendered":"<p><span data-sheets-value=\"{\"1\":2,\"2\":\"Bebe bolje spavaju uz pokret ljuljanja, a uz Sleepytroll no\u017eice za ljuljanje mo\u017eete svoj kreveti\u0107 pretvoriti u kolijevku u samo nekoliko minuta. A u kombinaciji sa Sleepytroll dje\u010djom ljulja\u010dkom i adapterom za krevet ne morate se \u010dak ni ljuljati! Neka Sleepytroll pru\u017ei ruku.\"}\" data-sheets-userformat=\"{\"2\":769,\"3\":{\"1\":0},\"11\":4,\"12\":0}\">Dojen\u010dki bolje spijo z guganjem, z gugalnimi nogicami Sleepytroll pa lahko svojo posteljico v le nekaj minutah spremenite v zibelko. V kombinaciji z otro\u0161kim gugalnikom in adapterjem za posteljo Sleepytroll pa se vam sploh ni treba gugati! Naj Sleepytroll pomaga.<\/span><\/p>\n","protected":false},"featured_media":242767,"comment_status":"open","ping_status":"closed","template":"","meta":{"_acf_changed":false,"footnotes":""},"product_brand":[],"product_cat":[1307,1290,1288],"product_tag":[],"class_list":{"0":"post-193958","1":"product","2":"type-product","3":"status-publish","4":"has-post-thumbnail","6":"product_cat-dodatki-za-otrosko-posteljico","7":"product_cat-ostalo-sl-2","8":"product_cat-otroska-soba","9":"pa_brand-sleepytroll-sl","11":"first","12":"instock","13":"shipping-taxable","14":"purchasable","15":"product-type-simple"},"bundled_by":[],"bundle_stock_status":"instock","bundle_stock_quantity":15,"bundle_virtual":false,"bundle_layout":"","bundle_add_to_cart_form_location":"","bundle_editable_in_cart":false,"bundle_sold_individually_context":"","bundle_item_grouping":"","bundle_min_size":"","bundle_max_size":"","bundle_price":[],"bundled_items":[],"bundle_sell_ids":[],"acf":[],"yoast_head":"<!-- This site is optimized with the Yoast SEO Premium plugin v21.5 (Yoast SEO v27.4) - https:\/\/yoast.com\/product\/yoast-seo-premium-wordpress\/ -->\n<title>Sleepytroll elasti\u010dne noge za posteljico - NajNaj.eu<\/title>\n<meta name=\"robots\" content=\"index, follow, max-snippet:-1, max-image-preview:large, max-video-preview:-1\" \/>\n<link rel=\"canonical\" href=\"https:\/\/najnaj.eu\/sl\/izdelek\/sleepytroll-elasticne-noge-za-posteljico\/\" \/>\n<meta property=\"og:locale\" content=\"sl_SI\" \/>\n<meta property=\"og:type\" content=\"article\" \/>\n<meta property=\"og:title\" content=\"Sleepytroll elasti\u010dne noge za posteljico\" \/>\n<meta property=\"og:description\" content=\"Dojen\u010dki bolje spijo z guganjem, z gugalnimi nogicami Sleepytroll pa lahko svojo posteljico v le nekaj minutah spremenite v zibelko. V kombinaciji z otro\u0161kim gugalnikom in adapterjem za posteljo Sleepytroll pa se vam sploh ni treba gugati! Naj Sleepytroll pomaga.\" \/>\n<meta property=\"og:url\" content=\"https:\/\/najnaj.eu\/sl\/izdelek\/sleepytroll-elasticne-noge-za-posteljico\/\" \/>\n<meta property=\"og:site_name\" content=\"NajNaj.eu\" \/>\n<meta property=\"article:publisher\" content=\"https:\/\/web.facebook.com\/najnaj.eu\/\" \/>\n<meta property=\"article:modified_time\" content=\"2025-02-06T10:06:14+00:00\" \/>\n<meta property=\"og:image\" content=\"https:\/\/najnaj.eu\/wp-content\/uploads\/2023\/11\/Bed-Rocker-Feet-Shadow-White-1024x683.jpg\" \/>\n\t<meta property=\"og:image:width\" content=\"1024\" \/>\n\t<meta property=\"og:image:height\" content=\"683\" \/>\n\t<meta property=\"og:image:type\" content=\"image\/jpeg\" \/>\n<meta name=\"twitter:card\" content=\"summary_large_image\" \/>\n<meta name=\"twitter:label1\" content=\"Price\" \/>\n\t<meta name=\"twitter:data1\" content=\"39,90&nbsp;&euro;\" \/>\n\t<meta name=\"twitter:label2\" content=\"Availability\" \/>\n\t<meta name=\"twitter:data2\" content=\"In stock\" \/>\n<script type=\"application\/ld+json\" class=\"yoast-schema-graph\">{\"@context\":\"https:\\\/\\\/schema.org\",\"@graph\":[{\"@type\":\"WebPage\",\"@id\":\"https:\\\/\\\/najnaj.eu\\\/sl\\\/izdelek\\\/sleepytroll-elasticne-noge-za-posteljico\\\/\",\"url\":\"https:\\\/\\\/najnaj.eu\\\/sl\\\/izdelek\\\/sleepytroll-elasticne-noge-za-posteljico\\\/\",\"name\":\"Sleepytroll elasti\u010dne noge za posteljico - NajNaj.eu\",\"isPartOf\":{\"@id\":\"https:\\\/\\\/najnaj.eu\\\/sl\\\/#website\"},\"primaryImageOfPage\":{\"@id\":\"https:\\\/\\\/najnaj.eu\\\/sl\\\/izdelek\\\/sleepytroll-elasticne-noge-za-posteljico\\\/#primaryimage\"},\"image\":{\"@id\":\"https:\\\/\\\/najnaj.eu\\\/sl\\\/izdelek\\\/sleepytroll-elasticne-noge-za-posteljico\\\/#primaryimage\"},\"thumbnailUrl\":\"https:\\\/\\\/najnaj.eu\\\/wp-content\\\/uploads\\\/2023\\\/11\\\/Product_BedRockerFeet-1-1-WEB.jpg\",\"datePublished\":\"2023-11-06T11:27:35+00:00\",\"dateModified\":\"2025-02-06T10:06:14+00:00\",\"breadcrumb\":{\"@id\":\"https:\\\/\\\/najnaj.eu\\\/sl\\\/izdelek\\\/sleepytroll-elasticne-noge-za-posteljico\\\/#breadcrumb\"},\"inLanguage\":\"sl-SI\",\"potentialAction\":[{\"@type\":\"ReadAction\",\"target\":[\"https:\\\/\\\/najnaj.eu\\\/sl\\\/izdelek\\\/sleepytroll-elasticne-noge-za-posteljico\\\/\"]}]},{\"@type\":\"ImageObject\",\"inLanguage\":\"sl-SI\",\"@id\":\"https:\\\/\\\/najnaj.eu\\\/sl\\\/izdelek\\\/sleepytroll-elasticne-noge-za-posteljico\\\/#primaryimage\",\"url\":\"https:\\\/\\\/najnaj.eu\\\/wp-content\\\/uploads\\\/2023\\\/11\\\/Product_BedRockerFeet-1-1-WEB.jpg\",\"contentUrl\":\"https:\\\/\\\/najnaj.eu\\\/wp-content\\\/uploads\\\/2023\\\/11\\\/Product_BedRockerFeet-1-1-WEB.jpg\",\"width\":2048,\"height\":2048},{\"@type\":\"BreadcrumbList\",\"@id\":\"https:\\\/\\\/najnaj.eu\\\/sl\\\/izdelek\\\/sleepytroll-elasticne-noge-za-posteljico\\\/#breadcrumb\",\"itemListElement\":[{\"@type\":\"ListItem\",\"position\":1,\"name\":\"Po\u010detna stranica\",\"item\":\"https:\\\/\\\/najnaj.eu\\\/sl\\\/prednja-stran\\\/\"},{\"@type\":\"ListItem\",\"position\":2,\"name\":\"Shop\",\"item\":\"https:\\\/\\\/najnaj.eu\\\/sl\\\/shop\\\/\"},{\"@type\":\"ListItem\",\"position\":3,\"name\":\"Sleepytroll elasti\u010dne noge za posteljico\"}]},{\"@type\":\"WebSite\",\"@id\":\"https:\\\/\\\/najnaj.eu\\\/sl\\\/#website\",\"url\":\"https:\\\/\\\/najnaj.eu\\\/sl\\\/\",\"name\":\"NajNaj.eu\",\"description\":\"Za najva\u017enije!\",\"publisher\":{\"@id\":\"https:\\\/\\\/najnaj.eu\\\/sl\\\/#organization\"},\"potentialAction\":[{\"@type\":\"SearchAction\",\"target\":{\"@type\":\"EntryPoint\",\"urlTemplate\":\"https:\\\/\\\/najnaj.eu\\\/sl\\\/?s={search_term_string}\"},\"query-input\":{\"@type\":\"PropertyValueSpecification\",\"valueRequired\":true,\"valueName\":\"search_term_string\"}}],\"inLanguage\":\"sl-SI\"},{\"@type\":\"Organization\",\"@id\":\"https:\\\/\\\/najnaj.eu\\\/sl\\\/#organization\",\"name\":\"NajNaj.eu\",\"url\":\"https:\\\/\\\/najnaj.eu\\\/sl\\\/\",\"logo\":{\"@type\":\"ImageObject\",\"inLanguage\":\"sl-SI\",\"@id\":\"https:\\\/\\\/najnaj.eu\\\/sl\\\/#\\\/schema\\\/logo\\\/image\\\/\",\"url\":\"https:\\\/\\\/najnaj.eu\\\/wp-content\\\/uploads\\\/2023\\\/09\\\/logo_Najnaj_2023.svg\",\"contentUrl\":\"https:\\\/\\\/najnaj.eu\\\/wp-content\\\/uploads\\\/2023\\\/09\\\/logo_Najnaj_2023.svg\",\"width\":501,\"height\":278,\"caption\":\"NajNaj.eu\"},\"image\":{\"@id\":\"https:\\\/\\\/najnaj.eu\\\/sl\\\/#\\\/schema\\\/logo\\\/image\\\/\"},\"sameAs\":[\"https:\\\/\\\/web.facebook.com\\\/najnaj.eu\\\/\",\"https:\\\/\\\/www.instagram.com\\\/najnaj.eu\\\/\",\"https:\\\/\\\/www.tiktok.com\\\/@najnaj.eu\"]}]}<\/script>\n<meta property=\"product:brand\" content=\"Sleepytroll\" \/>\n<meta property=\"product:price:amount\" content=\"39.90\" \/>\n<meta property=\"product:price:currency\" content=\"EUR\" \/>\n<meta property=\"og:availability\" content=\"instock\" \/>\n<meta property=\"product:availability\" content=\"instock\" \/>\n<meta property=\"product:retailer_item_id\" content=\"BRF001\" \/>\n<meta property=\"product:condition\" content=\"new\" \/>\n<!-- \/ Yoast SEO Premium plugin. -->","yoast_head_json":{"title":"Sleepytroll elasti\u010dne noge za posteljico - NajNaj.eu","robots":{"index":"index","follow":"follow","max-snippet":"max-snippet:-1","max-image-preview":"max-image-preview:large","max-video-preview":"max-video-preview:-1"},"canonical":"https:\/\/najnaj.eu\/sl\/izdelek\/sleepytroll-elasticne-noge-za-posteljico\/","og_locale":"sl_SI","og_type":"article","og_title":"Sleepytroll elasti\u010dne noge za posteljico","og_description":"Dojen\u010dki bolje spijo z guganjem, z gugalnimi nogicami Sleepytroll pa lahko svojo posteljico v le nekaj minutah spremenite v zibelko. V kombinaciji z otro\u0161kim gugalnikom in adapterjem za posteljo Sleepytroll pa se vam sploh ni treba gugati! Naj Sleepytroll pomaga.","og_url":"https:\/\/najnaj.eu\/sl\/izdelek\/sleepytroll-elasticne-noge-za-posteljico\/","og_site_name":"NajNaj.eu","article_publisher":"https:\/\/web.facebook.com\/najnaj.eu\/","article_modified_time":"2025-02-06T10:06:14+00:00","og_image":[{"width":1024,"height":683,"url":"https:\/\/najnaj.eu\/wp-content\/uploads\/2023\/11\/Bed-Rocker-Feet-Shadow-White-1024x683.jpg","type":"image\/jpeg"}],"twitter_card":"summary_large_image","twitter_misc":{"Price":"39,90&nbsp;&euro;","Availability":"In stock"},"schema":{"@context":"https:\/\/schema.org","@graph":[{"@type":"WebPage","@id":"https:\/\/najnaj.eu\/sl\/izdelek\/sleepytroll-elasticne-noge-za-posteljico\/","url":"https:\/\/najnaj.eu\/sl\/izdelek\/sleepytroll-elasticne-noge-za-posteljico\/","name":"Sleepytroll elasti\u010dne noge za posteljico - NajNaj.eu","isPartOf":{"@id":"https:\/\/najnaj.eu\/sl\/#website"},"primaryImageOfPage":{"@id":"https:\/\/najnaj.eu\/sl\/izdelek\/sleepytroll-elasticne-noge-za-posteljico\/#primaryimage"},"image":{"@id":"https:\/\/najnaj.eu\/sl\/izdelek\/sleepytroll-elasticne-noge-za-posteljico\/#primaryimage"},"thumbnailUrl":"https:\/\/najnaj.eu\/wp-content\/uploads\/2023\/11\/Product_BedRockerFeet-1-1-WEB.jpg","datePublished":"2023-11-06T11:27:35+00:00","dateModified":"2025-02-06T10:06:14+00:00","breadcrumb":{"@id":"https:\/\/najnaj.eu\/sl\/izdelek\/sleepytroll-elasticne-noge-za-posteljico\/#breadcrumb"},"inLanguage":"sl-SI","potentialAction":[{"@type":"ReadAction","target":["https:\/\/najnaj.eu\/sl\/izdelek\/sleepytroll-elasticne-noge-za-posteljico\/"]}]},{"@type":"ImageObject","inLanguage":"sl-SI","@id":"https:\/\/najnaj.eu\/sl\/izdelek\/sleepytroll-elasticne-noge-za-posteljico\/#primaryimage","url":"https:\/\/najnaj.eu\/wp-content\/uploads\/2023\/11\/Product_BedRockerFeet-1-1-WEB.jpg","contentUrl":"https:\/\/najnaj.eu\/wp-content\/uploads\/2023\/11\/Product_BedRockerFeet-1-1-WEB.jpg","width":2048,"height":2048},{"@type":"BreadcrumbList","@id":"https:\/\/najnaj.eu\/sl\/izdelek\/sleepytroll-elasticne-noge-za-posteljico\/#breadcrumb","itemListElement":[{"@type":"ListItem","position":1,"name":"Po\u010detna stranica","item":"https:\/\/najnaj.eu\/sl\/prednja-stran\/"},{"@type":"ListItem","position":2,"name":"Shop","item":"https:\/\/najnaj.eu\/sl\/shop\/"},{"@type":"ListItem","position":3,"name":"Sleepytroll elasti\u010dne noge za posteljico"}]},{"@type":"WebSite","@id":"https:\/\/najnaj.eu\/sl\/#website","url":"https:\/\/najnaj.eu\/sl\/","name":"NajNaj.eu","description":"Za najva\u017enije!","publisher":{"@id":"https:\/\/najnaj.eu\/sl\/#organization"},"potentialAction":[{"@type":"SearchAction","target":{"@type":"EntryPoint","urlTemplate":"https:\/\/najnaj.eu\/sl\/?s={search_term_string}"},"query-input":{"@type":"PropertyValueSpecification","valueRequired":true,"valueName":"search_term_string"}}],"inLanguage":"sl-SI"},{"@type":"Organization","@id":"https:\/\/najnaj.eu\/sl\/#organization","name":"NajNaj.eu","url":"https:\/\/najnaj.eu\/sl\/","logo":{"@type":"ImageObject","inLanguage":"sl-SI","@id":"https:\/\/najnaj.eu\/sl\/#\/schema\/logo\/image\/","url":"https:\/\/najnaj.eu\/wp-content\/uploads\/2023\/09\/logo_Najnaj_2023.svg","contentUrl":"https:\/\/najnaj.eu\/wp-content\/uploads\/2023\/09\/logo_Najnaj_2023.svg","width":501,"height":278,"caption":"NajNaj.eu"},"image":{"@id":"https:\/\/najnaj.eu\/sl\/#\/schema\/logo\/image\/"},"sameAs":["https:\/\/web.facebook.com\/najnaj.eu\/","https:\/\/www.instagram.com\/najnaj.eu\/","https:\/\/www.tiktok.com\/@najnaj.eu"]}]},"product_brand":"Sleepytroll","product_price_amount":"39.90","product_price_currency":"EUR","og_availability":"instock","product_availability":"instock","product_retailer_item_id":"BRF001","product_condition":"new"},"_links":{"self":[{"href":"https:\/\/najnaj.eu\/sl\/wp-json\/wp\/v2\/product\/193958","targetHints":{"allow":["GET"]}}],"collection":[{"href":"https:\/\/najnaj.eu\/sl\/wp-json\/wp\/v2\/product"}],"about":[{"href":"https:\/\/najnaj.eu\/sl\/wp-json\/wp\/v2\/types\/product"}],"replies":[{"embeddable":true,"href":"https:\/\/najnaj.eu\/sl\/wp-json\/wp\/v2\/comments?post=193958"}],"version-history":[{"count":0,"href":"https:\/\/najnaj.eu\/sl\/wp-json\/wp\/v2\/product\/193958\/revisions"}],"wp:featuredmedia":[{"embeddable":true,"href":"https:\/\/najnaj.eu\/sl\/wp-json\/wp\/v2\/media\/242767"}],"wp:attachment":[{"href":"https:\/\/najnaj.eu\/sl\/wp-json\/wp\/v2\/media?parent=193958"}],"wp:term":[{"taxonomy":"product_brand","embeddable":true,"href":"https:\/\/najnaj.eu\/sl\/wp-json\/wp\/v2\/product_brand?post=193958"},{"taxonomy":"product_cat","embeddable":true,"href":"https:\/\/najnaj.eu\/sl\/wp-json\/wp\/v2\/product_cat?post=193958"},{"taxonomy":"product_tag","embeddable":true,"href":"https:\/\/najnaj.eu\/sl\/wp-json\/wp\/v2\/product_tag?post=193958"}],"curies":[{"name":"wp","href":"https:\/\/api.w.org\/{rel}","templated":true}]}}