{"id":193947,"date":"2023-11-06T14:07:15","date_gmt":"2023-11-06T13:07:15","guid":{"rendered":"https:\/\/najnaj.eu\/proizvod\/sleepytroll-adapter-za-lezalnik\/"},"modified":"2025-02-06T11:06:06","modified_gmt":"2025-02-06T10:06:06","slug":"sleepytroll-adapter-za-lezalnik","status":"publish","type":"product","link":"https:\/\/najnaj.eu\/sl\/izdelek\/sleepytroll-adapter-za-lezalnik\/","title":{"rendered":"Sleepytroll adapter za le\u017ealnik"},"content":{"rendered":"<p><span data-sheets-value=\"{\"1\":2,\"2\":\"Adapter za le\u017ealjku Sleepytroll odgovara ve\u0107ini tradicionalnih dizajna le\u017ealjki za bebe s okruglim cjevastim okvirima.\"}\" data-sheets-userformat=\"{\"2\":769,\"3\":{\"1\":0},\"11\":4,\"12\":0}\">Adapter za le\u017ealnik Sleepytroll se prilega ve\u010dini tradicionalnih dizajnov otro\u0161kih le\u017ealnikov z okroglimi cevastimi okvirji.<\/span><\/p>\n","protected":false},"excerpt":{"rendered":"<p><span data-sheets-value=\"{\"1\":2,\"2\":\"Smiruje li se va\u0161a beba od pokreta ljuljanja? Ili ste ikada dobili gr\u010deve od poskakivanja svoje uobi\u010dajene dje\u010dje le\u017ealjke nogom kako bi se va\u0161a beba smjestila?\\n\\nNeka Sleepytroll posudi nogu! Sleepytroll adapter za izbacivanje lako se pri\u010dvr\u0161\u0107uje na va\u0161u dje\u010dju sjedalicu i uljulja va\u0161eg mali\u0161ana da spava \u2013 ili jednostavno dr\u017ei va\u0161u bebu mirnom dok se tu\u0161irate, pripremate ve\u010deru ili se igrate s bra\u0107om i sestrama.\\n\\nNema potrebe za skupim automatskim le\u017ealjkama uz pomo\u0107 Sleepytroll Baby Rockera i adaptera za le\u017ealjke.\\n\\n\"}\" data-sheets-userformat=\"{\"2\":769,\"3\":{\"1\":0},\"11\":4,\"12\":0}\">Je zibanje va\u0161ega dojen\u010dka umirjeno? Ali pa ste \u017ee kdaj dobili kolike, ker ste z nogo premetavali va\u0161 obi\u010dajni otro\u0161ki le\u017ealnik, da bi se va\u0161 otrok umiril?<\/p>\n<p>Naj Sleepytroll posodi nogo! Sleepytroll Ejector Adapter se enostavno pritrdi na va\u0161 otro\u0161ki sede\u017e in zaziba va\u0161ega mal\u010dka v spanec \u2013 ali pa preprosto poskrbi za mir va\u0161ega dojen\u010dka, medtem ko se tu\u0161irate, pripravljate ve\u010derjo ali se igrate s sorojenci.<\/p>\n<p>S Sleepytroll Baby Rocker in adapterjem za guganje ni potrebe po dragih samodejnih gugalnicah.<\/p>\n<p><\/span><\/p>\n","protected":false},"featured_media":242755,"comment_status":"open","ping_status":"closed","template":"","meta":{"_acf_changed":false,"footnotes":""},"product_brand":[],"product_cat":[914,1290,1288],"product_tag":[],"class_list":{"0":"post-193947","1":"product","2":"type-product","3":"status-publish","4":"has-post-thumbnail","6":"product_cat-lezalniki","7":"product_cat-ostalo-sl-2","8":"product_cat-otroska-soba","9":"pa_brand-sleepytroll-sl","11":"first","12":"instock","13":"shipping-taxable","14":"purchasable","15":"product-type-simple"},"bundled_by":[],"bundle_stock_status":"instock","bundle_stock_quantity":15,"bundle_virtual":false,"bundle_layout":"","bundle_add_to_cart_form_location":"","bundle_editable_in_cart":false,"bundle_sold_individually_context":"","bundle_item_grouping":"","bundle_min_size":"","bundle_max_size":"","bundle_price":[],"bundled_items":[],"bundle_sell_ids":[],"acf":[],"yoast_head":"<!-- This site is optimized with the Yoast SEO Premium plugin v21.5 (Yoast SEO v27.4) - https:\/\/yoast.com\/product\/yoast-seo-premium-wordpress\/ -->\n<title>Sleepytroll adapter za le\u017ealnik - NajNaj.eu<\/title>\n<meta name=\"robots\" content=\"index, follow, max-snippet:-1, max-image-preview:large, max-video-preview:-1\" \/>\n<link rel=\"canonical\" href=\"https:\/\/najnaj.eu\/sl\/izdelek\/sleepytroll-adapter-za-lezalnik\/\" \/>\n<meta property=\"og:locale\" content=\"sl_SI\" \/>\n<meta property=\"og:type\" content=\"article\" \/>\n<meta property=\"og:title\" content=\"Sleepytroll adapter za le\u017ealnik\" \/>\n<meta property=\"og:description\" content=\"Je zibanje va\u0161ega dojen\u010dka umirjeno? Ali pa ste \u017ee kdaj dobili kolike, ker ste z nogo premetavali va\u0161 obi\u010dajni otro\u0161ki le\u017ealnik, da bi se va\u0161 otrok umiril? Naj Sleepytroll posodi nogo! Sleepytroll Ejector Adapter se enostavno pritrdi na va\u0161 otro\u0161ki sede\u017e in zaziba va\u0161ega mal\u010dka v spanec \u2013 ali pa preprosto poskrbi za mir va\u0161ega dojen\u010dka, medtem ko se tu\u0161irate, pripravljate ve\u010derjo ali se igrate s sorojenci. S Sleepytroll Baby Rocker in adapterjem za guganje ni potrebe po dragih samodejnih gugalnicah.\" \/>\n<meta property=\"og:url\" content=\"https:\/\/najnaj.eu\/sl\/izdelek\/sleepytroll-adapter-za-lezalnik\/\" \/>\n<meta property=\"og:site_name\" content=\"NajNaj.eu\" \/>\n<meta property=\"article:publisher\" content=\"https:\/\/web.facebook.com\/najnaj.eu\/\" \/>\n<meta property=\"article:modified_time\" content=\"2025-02-06T10:06:06+00:00\" \/>\n<meta property=\"og:image\" content=\"https:\/\/najnaj.eu\/wp-content\/uploads\/2023\/11\/8460x.jpg\" \/>\n\t<meta property=\"og:image:width\" content=\"1600\" \/>\n\t<meta property=\"og:image:height\" content=\"2400\" \/>\n\t<meta property=\"og:image:type\" content=\"image\/jpeg\" \/>\n<meta name=\"twitter:card\" content=\"summary_large_image\" \/>\n<meta name=\"twitter:label1\" content=\"Price\" \/>\n\t<meta name=\"twitter:data1\" content=\"29,90&nbsp;&euro;\" \/>\n\t<meta name=\"twitter:label2\" content=\"Availability\" \/>\n\t<meta name=\"twitter:data2\" content=\"In stock\" \/>\n<script type=\"application\/ld+json\" class=\"yoast-schema-graph\">{\"@context\":\"https:\\\/\\\/schema.org\",\"@graph\":[{\"@type\":\"WebPage\",\"@id\":\"https:\\\/\\\/najnaj.eu\\\/sl\\\/izdelek\\\/sleepytroll-adapter-za-lezalnik\\\/\",\"url\":\"https:\\\/\\\/najnaj.eu\\\/sl\\\/izdelek\\\/sleepytroll-adapter-za-lezalnik\\\/\",\"name\":\"Sleepytroll adapter za le\u017ealnik - NajNaj.eu\",\"isPartOf\":{\"@id\":\"https:\\\/\\\/najnaj.eu\\\/sl\\\/#website\"},\"primaryImageOfPage\":{\"@id\":\"https:\\\/\\\/najnaj.eu\\\/sl\\\/izdelek\\\/sleepytroll-adapter-za-lezalnik\\\/#primaryimage\"},\"image\":{\"@id\":\"https:\\\/\\\/najnaj.eu\\\/sl\\\/izdelek\\\/sleepytroll-adapter-za-lezalnik\\\/#primaryimage\"},\"thumbnailUrl\":\"https:\\\/\\\/najnaj.eu\\\/wp-content\\\/uploads\\\/2023\\\/11\\\/Product-BouncerAdapter_1-4-3-WEB.jpg\",\"datePublished\":\"2023-11-06T13:07:15+00:00\",\"dateModified\":\"2025-02-06T10:06:06+00:00\",\"breadcrumb\":{\"@id\":\"https:\\\/\\\/najnaj.eu\\\/sl\\\/izdelek\\\/sleepytroll-adapter-za-lezalnik\\\/#breadcrumb\"},\"inLanguage\":\"sl-SI\",\"potentialAction\":[{\"@type\":\"ReadAction\",\"target\":[\"https:\\\/\\\/najnaj.eu\\\/sl\\\/izdelek\\\/sleepytroll-adapter-za-lezalnik\\\/\"]}]},{\"@type\":\"ImageObject\",\"inLanguage\":\"sl-SI\",\"@id\":\"https:\\\/\\\/najnaj.eu\\\/sl\\\/izdelek\\\/sleepytroll-adapter-za-lezalnik\\\/#primaryimage\",\"url\":\"https:\\\/\\\/najnaj.eu\\\/wp-content\\\/uploads\\\/2023\\\/11\\\/Product-BouncerAdapter_1-4-3-WEB.jpg\",\"contentUrl\":\"https:\\\/\\\/najnaj.eu\\\/wp-content\\\/uploads\\\/2023\\\/11\\\/Product-BouncerAdapter_1-4-3-WEB.jpg\",\"width\":2048,\"height\":1463},{\"@type\":\"BreadcrumbList\",\"@id\":\"https:\\\/\\\/najnaj.eu\\\/sl\\\/izdelek\\\/sleepytroll-adapter-za-lezalnik\\\/#breadcrumb\",\"itemListElement\":[{\"@type\":\"ListItem\",\"position\":1,\"name\":\"Po\u010detna stranica\",\"item\":\"https:\\\/\\\/najnaj.eu\\\/sl\\\/prednja-stran\\\/\"},{\"@type\":\"ListItem\",\"position\":2,\"name\":\"Shop\",\"item\":\"https:\\\/\\\/najnaj.eu\\\/sl\\\/shop\\\/\"},{\"@type\":\"ListItem\",\"position\":3,\"name\":\"Sleepytroll adapter za le\u017ealnik\"}]},{\"@type\":\"WebSite\",\"@id\":\"https:\\\/\\\/najnaj.eu\\\/sl\\\/#website\",\"url\":\"https:\\\/\\\/najnaj.eu\\\/sl\\\/\",\"name\":\"NajNaj.eu\",\"description\":\"Za najva\u017enije!\",\"publisher\":{\"@id\":\"https:\\\/\\\/najnaj.eu\\\/sl\\\/#organization\"},\"potentialAction\":[{\"@type\":\"SearchAction\",\"target\":{\"@type\":\"EntryPoint\",\"urlTemplate\":\"https:\\\/\\\/najnaj.eu\\\/sl\\\/?s={search_term_string}\"},\"query-input\":{\"@type\":\"PropertyValueSpecification\",\"valueRequired\":true,\"valueName\":\"search_term_string\"}}],\"inLanguage\":\"sl-SI\"},{\"@type\":\"Organization\",\"@id\":\"https:\\\/\\\/najnaj.eu\\\/sl\\\/#organization\",\"name\":\"NajNaj.eu\",\"url\":\"https:\\\/\\\/najnaj.eu\\\/sl\\\/\",\"logo\":{\"@type\":\"ImageObject\",\"inLanguage\":\"sl-SI\",\"@id\":\"https:\\\/\\\/najnaj.eu\\\/sl\\\/#\\\/schema\\\/logo\\\/image\\\/\",\"url\":\"https:\\\/\\\/najnaj.eu\\\/wp-content\\\/uploads\\\/2023\\\/09\\\/logo_Najnaj_2023.svg\",\"contentUrl\":\"https:\\\/\\\/najnaj.eu\\\/wp-content\\\/uploads\\\/2023\\\/09\\\/logo_Najnaj_2023.svg\",\"width\":501,\"height\":278,\"caption\":\"NajNaj.eu\"},\"image\":{\"@id\":\"https:\\\/\\\/najnaj.eu\\\/sl\\\/#\\\/schema\\\/logo\\\/image\\\/\"},\"sameAs\":[\"https:\\\/\\\/web.facebook.com\\\/najnaj.eu\\\/\",\"https:\\\/\\\/www.instagram.com\\\/najnaj.eu\\\/\",\"https:\\\/\\\/www.tiktok.com\\\/@najnaj.eu\"]}]}<\/script>\n<meta property=\"product:brand\" content=\"Sleepytroll\" \/>\n<meta property=\"product:price:amount\" content=\"29.90\" \/>\n<meta property=\"product:price:currency\" content=\"EUR\" \/>\n<meta property=\"og:availability\" content=\"instock\" \/>\n<meta property=\"product:availability\" content=\"instock\" \/>\n<meta property=\"product:retailer_item_id\" content=\"BBA001\" \/>\n<meta property=\"product:condition\" content=\"new\" \/>\n<!-- \/ Yoast SEO Premium plugin. -->","yoast_head_json":{"title":"Sleepytroll adapter za le\u017ealnik - NajNaj.eu","robots":{"index":"index","follow":"follow","max-snippet":"max-snippet:-1","max-image-preview":"max-image-preview:large","max-video-preview":"max-video-preview:-1"},"canonical":"https:\/\/najnaj.eu\/sl\/izdelek\/sleepytroll-adapter-za-lezalnik\/","og_locale":"sl_SI","og_type":"article","og_title":"Sleepytroll adapter za le\u017ealnik","og_description":"Je zibanje va\u0161ega dojen\u010dka umirjeno? Ali pa ste \u017ee kdaj dobili kolike, ker ste z nogo premetavali va\u0161 obi\u010dajni otro\u0161ki le\u017ealnik, da bi se va\u0161 otrok umiril? Naj Sleepytroll posodi nogo! Sleepytroll Ejector Adapter se enostavno pritrdi na va\u0161 otro\u0161ki sede\u017e in zaziba va\u0161ega mal\u010dka v spanec \u2013 ali pa preprosto poskrbi za mir va\u0161ega dojen\u010dka, medtem ko se tu\u0161irate, pripravljate ve\u010derjo ali se igrate s sorojenci. S Sleepytroll Baby Rocker in adapterjem za guganje ni potrebe po dragih samodejnih gugalnicah.","og_url":"https:\/\/najnaj.eu\/sl\/izdelek\/sleepytroll-adapter-za-lezalnik\/","og_site_name":"NajNaj.eu","article_publisher":"https:\/\/web.facebook.com\/najnaj.eu\/","article_modified_time":"2025-02-06T10:06:06+00:00","og_image":[{"width":1600,"height":2400,"url":"https:\/\/najnaj.eu\/wp-content\/uploads\/2023\/11\/8460x.jpg","type":"image\/jpeg"}],"twitter_card":"summary_large_image","twitter_misc":{"Price":"29,90&nbsp;&euro;","Availability":"In stock"},"schema":{"@context":"https:\/\/schema.org","@graph":[{"@type":"WebPage","@id":"https:\/\/najnaj.eu\/sl\/izdelek\/sleepytroll-adapter-za-lezalnik\/","url":"https:\/\/najnaj.eu\/sl\/izdelek\/sleepytroll-adapter-za-lezalnik\/","name":"Sleepytroll adapter za le\u017ealnik - NajNaj.eu","isPartOf":{"@id":"https:\/\/najnaj.eu\/sl\/#website"},"primaryImageOfPage":{"@id":"https:\/\/najnaj.eu\/sl\/izdelek\/sleepytroll-adapter-za-lezalnik\/#primaryimage"},"image":{"@id":"https:\/\/najnaj.eu\/sl\/izdelek\/sleepytroll-adapter-za-lezalnik\/#primaryimage"},"thumbnailUrl":"https:\/\/najnaj.eu\/wp-content\/uploads\/2023\/11\/Product-BouncerAdapter_1-4-3-WEB.jpg","datePublished":"2023-11-06T13:07:15+00:00","dateModified":"2025-02-06T10:06:06+00:00","breadcrumb":{"@id":"https:\/\/najnaj.eu\/sl\/izdelek\/sleepytroll-adapter-za-lezalnik\/#breadcrumb"},"inLanguage":"sl-SI","potentialAction":[{"@type":"ReadAction","target":["https:\/\/najnaj.eu\/sl\/izdelek\/sleepytroll-adapter-za-lezalnik\/"]}]},{"@type":"ImageObject","inLanguage":"sl-SI","@id":"https:\/\/najnaj.eu\/sl\/izdelek\/sleepytroll-adapter-za-lezalnik\/#primaryimage","url":"https:\/\/najnaj.eu\/wp-content\/uploads\/2023\/11\/Product-BouncerAdapter_1-4-3-WEB.jpg","contentUrl":"https:\/\/najnaj.eu\/wp-content\/uploads\/2023\/11\/Product-BouncerAdapter_1-4-3-WEB.jpg","width":2048,"height":1463},{"@type":"BreadcrumbList","@id":"https:\/\/najnaj.eu\/sl\/izdelek\/sleepytroll-adapter-za-lezalnik\/#breadcrumb","itemListElement":[{"@type":"ListItem","position":1,"name":"Po\u010detna stranica","item":"https:\/\/najnaj.eu\/sl\/prednja-stran\/"},{"@type":"ListItem","position":2,"name":"Shop","item":"https:\/\/najnaj.eu\/sl\/shop\/"},{"@type":"ListItem","position":3,"name":"Sleepytroll adapter za le\u017ealnik"}]},{"@type":"WebSite","@id":"https:\/\/najnaj.eu\/sl\/#website","url":"https:\/\/najnaj.eu\/sl\/","name":"NajNaj.eu","description":"Za najva\u017enije!","publisher":{"@id":"https:\/\/najnaj.eu\/sl\/#organization"},"potentialAction":[{"@type":"SearchAction","target":{"@type":"EntryPoint","urlTemplate":"https:\/\/najnaj.eu\/sl\/?s={search_term_string}"},"query-input":{"@type":"PropertyValueSpecification","valueRequired":true,"valueName":"search_term_string"}}],"inLanguage":"sl-SI"},{"@type":"Organization","@id":"https:\/\/najnaj.eu\/sl\/#organization","name":"NajNaj.eu","url":"https:\/\/najnaj.eu\/sl\/","logo":{"@type":"ImageObject","inLanguage":"sl-SI","@id":"https:\/\/najnaj.eu\/sl\/#\/schema\/logo\/image\/","url":"https:\/\/najnaj.eu\/wp-content\/uploads\/2023\/09\/logo_Najnaj_2023.svg","contentUrl":"https:\/\/najnaj.eu\/wp-content\/uploads\/2023\/09\/logo_Najnaj_2023.svg","width":501,"height":278,"caption":"NajNaj.eu"},"image":{"@id":"https:\/\/najnaj.eu\/sl\/#\/schema\/logo\/image\/"},"sameAs":["https:\/\/web.facebook.com\/najnaj.eu\/","https:\/\/www.instagram.com\/najnaj.eu\/","https:\/\/www.tiktok.com\/@najnaj.eu"]}]},"product_brand":"Sleepytroll","product_price_amount":"29.90","product_price_currency":"EUR","og_availability":"instock","product_availability":"instock","product_retailer_item_id":"BBA001","product_condition":"new"},"_links":{"self":[{"href":"https:\/\/najnaj.eu\/sl\/wp-json\/wp\/v2\/product\/193947","targetHints":{"allow":["GET"]}}],"collection":[{"href":"https:\/\/najnaj.eu\/sl\/wp-json\/wp\/v2\/product"}],"about":[{"href":"https:\/\/najnaj.eu\/sl\/wp-json\/wp\/v2\/types\/product"}],"replies":[{"embeddable":true,"href":"https:\/\/najnaj.eu\/sl\/wp-json\/wp\/v2\/comments?post=193947"}],"version-history":[{"count":0,"href":"https:\/\/najnaj.eu\/sl\/wp-json\/wp\/v2\/product\/193947\/revisions"}],"wp:featuredmedia":[{"embeddable":true,"href":"https:\/\/najnaj.eu\/sl\/wp-json\/wp\/v2\/media\/242755"}],"wp:attachment":[{"href":"https:\/\/najnaj.eu\/sl\/wp-json\/wp\/v2\/media?parent=193947"}],"wp:term":[{"taxonomy":"product_brand","embeddable":true,"href":"https:\/\/najnaj.eu\/sl\/wp-json\/wp\/v2\/product_brand?post=193947"},{"taxonomy":"product_cat","embeddable":true,"href":"https:\/\/najnaj.eu\/sl\/wp-json\/wp\/v2\/product_cat?post=193947"},{"taxonomy":"product_tag","embeddable":true,"href":"https:\/\/najnaj.eu\/sl\/wp-json\/wp\/v2\/product_tag?post=193947"}],"curies":[{"name":"wp","href":"https:\/\/api.w.org\/{rel}","templated":true}]}}