{"id":193932,"date":"2023-09-21T10:34:40","date_gmt":"2023-09-21T08:34:40","guid":{"rendered":"https:\/\/najnaj.eu\/proizvod\/brezsivni-nedrcek-za-nosecnice-in-dojenje-iz-organskega-bombaza-carriwell-crn\/"},"modified":"2026-04-13T13:25:10","modified_gmt":"2026-04-13T11:25:10","slug":"brezsivni-nedrcek-za-nosecnice-in-dojenje-iz-organskega-bombaza-carriwell-crn","status":"publish","type":"product","link":"https:\/\/najnaj.eu\/sl\/izdelek\/brezsivni-nedrcek-za-nosecnice-in-dojenje-iz-organskega-bombaza-carriwell-crn\/","title":{"rendered":"Brez\u0161ivni nedr\u010dek za nose\u010dnice in dojenje Carriwell Organic &#8211; \u010drn"},"content":{"rendered":"<p>Carriwell Organic nedr\u010dek za nose\u010dnice in doje\u010de matere je narejen iz visoko zra\u010dnega organskega bomba\u017ea, ki je udobnej\u0161i v toplej\u0161ih letnih \u010dasih. Poleg tega, da je izjemno mehak, dizajn zagotavlja podporo, udobje in obliko, zaradi \u010desar je naravno ne\u017enej\u0161i in udobnej\u0161i za mamo in dojen\u010dka.<\/p>\n<p>Seveda \u2013 udobnej\u0161i modr\u010dek za dojenje<br \/>\nZra\u010dnost: mehak organski bomba\u017e je zelo zra\u010den, popoln za toplej\u0161e podnebje.<br \/>\nUdobno: Organski bomba\u017e je izjemno mehak na dotik za vas in va\u0161ega otroka.<br \/>\nNagrajen: Nedr\u010dek za dojenje ponuja edinstvene prednosti na\u0161ega nagrajenega brez\u0161ivnega dizajna, ki vam nudi brez\u017ei\u010dno podporo, udobje in obliko.<br \/>\nEkolo\u0161ki: Organski bomba\u017e Carriwell je v celoti certificiran.<\/p>\n","protected":false},"excerpt":{"rendered":"<ul>\n<li>zelo mehak na dotik, dizajn zagotavlja podporo, udobje in obliko<\/li>\n<li>izjemno zra\u010den; kot nala\u0161\u010d za toplej\u0161e vreme<\/li>\n<\/ul>\n<p>&nbsp;<\/p>\n","protected":false},"featured_media":300207,"comment_status":"open","ping_status":"closed","template":"","meta":{"_acf_changed":false,"footnotes":""},"product_brand":[],"product_cat":[1140,1340,1413,1401],"product_tag":[2146],"class_list":{"0":"post-193932","1":"product","2":"type-product","3":"status-publish","4":"has-post-thumbnail","6":"product_cat-dojenje-sl","7":"product_cat-nedrcki-za-dojenje","8":"product_cat-nosecniski-nedrcki","9":"product_cat-za-mamo","10":"product_tag-novopecena-mama","11":"pa_boja-crna-sl","12":"pa_brand-carriwell-sl","14":"first","15":"instock","16":"purchasable","17":"product-type-variable"},"bundled_by":[],"bundle_stock_status":"instock","bundle_stock_quantity":1,"bundle_virtual":false,"bundle_layout":"","bundle_add_to_cart_form_location":"","bundle_editable_in_cart":false,"bundle_sold_individually_context":"","bundle_item_grouping":"","bundle_min_size":"","bundle_max_size":"","bundle_price":[],"bundled_items":[],"bundle_sell_ids":[],"acf":[],"yoast_head":"<!-- This site is optimized with the Yoast SEO Premium plugin v21.5 (Yoast SEO v27.4) - https:\/\/yoast.com\/product\/yoast-seo-premium-wordpress\/ -->\n<title>Brez\u0161ivni nedr\u010dek za nose\u010dnice in dojenje Carriwell Organic - \u010drn - NajNaj.eu<\/title>\n<meta name=\"robots\" content=\"index, follow, max-snippet:-1, max-image-preview:large, max-video-preview:-1\" \/>\n<link rel=\"canonical\" href=\"https:\/\/najnaj.eu\/sl\/izdelek\/brezsivni-nedrcek-za-nosecnice-in-dojenje-iz-organskega-bombaza-carriwell-crn\/\" \/>\n<meta property=\"og:locale\" content=\"sl_SI\" \/>\n<meta property=\"og:type\" content=\"article\" \/>\n<meta property=\"og:title\" content=\"Brez\u0161ivni nedr\u010dek za nose\u010dnice in dojenje Carriwell Organic - \u010drn\" \/>\n<meta property=\"og:description\" content=\"zelo mehak na dotik, dizajn zagotavlja podporo, udobje in obliko  izjemno zra\u010den; kot nala\u0161\u010d za toplej\u0161e vreme &nbsp;\" \/>\n<meta property=\"og:url\" content=\"https:\/\/najnaj.eu\/sl\/izdelek\/brezsivni-nedrcek-za-nosecnice-in-dojenje-iz-organskega-bombaza-carriwell-crn\/\" \/>\n<meta property=\"og:site_name\" content=\"NajNaj.eu\" \/>\n<meta property=\"article:publisher\" content=\"https:\/\/web.facebook.com\/najnaj.eu\/\" \/>\n<meta property=\"article:modified_time\" content=\"2026-04-13T11:25:10+00:00\" \/>\n<meta property=\"og:image\" content=\"https:\/\/najnaj.eu\/wp-content\/uploads\/2023\/08\/3210_01_Organic-Maternity-and-Nursing-Bra_BLK_M1_STD.jpg\" \/>\n\t<meta property=\"og:image:width\" content=\"748\" \/>\n\t<meta property=\"og:image:height\" content=\"1080\" \/>\n\t<meta property=\"og:image:type\" content=\"image\/jpeg\" \/>\n<meta name=\"twitter:card\" content=\"summary_large_image\" \/>\n<meta name=\"twitter:label1\" content=\"Availability\" \/>\n\t<meta name=\"twitter:data1\" content=\"In stock\" \/>\n<script type=\"application\/ld+json\" class=\"yoast-schema-graph\">{\"@context\":\"https:\\\/\\\/schema.org\",\"@graph\":[{\"@type\":\"WebPage\",\"@id\":\"https:\\\/\\\/najnaj.eu\\\/sl\\\/izdelek\\\/brezsivni-nedrcek-za-nosecnice-in-dojenje-iz-organskega-bombaza-carriwell-crn\\\/\",\"url\":\"https:\\\/\\\/najnaj.eu\\\/sl\\\/izdelek\\\/brezsivni-nedrcek-za-nosecnice-in-dojenje-iz-organskega-bombaza-carriwell-crn\\\/\",\"name\":\"Brez\u0161ivni nedr\u010dek za nose\u010dnice in dojenje Carriwell Organic - \u010drn - NajNaj.eu\",\"isPartOf\":{\"@id\":\"https:\\\/\\\/najnaj.eu\\\/sl\\\/#website\"},\"primaryImageOfPage\":{\"@id\":\"https:\\\/\\\/najnaj.eu\\\/sl\\\/izdelek\\\/brezsivni-nedrcek-za-nosecnice-in-dojenje-iz-organskega-bombaza-carriwell-crn\\\/#primaryimage\"},\"image\":{\"@id\":\"https:\\\/\\\/najnaj.eu\\\/sl\\\/izdelek\\\/brezsivni-nedrcek-za-nosecnice-in-dojenje-iz-organskega-bombaza-carriwell-crn\\\/#primaryimage\"},\"thumbnailUrl\":\"https:\\\/\\\/najnaj.eu\\\/wp-content\\\/uploads\\\/2023\\\/09\\\/3200_Seamless-Organic-Maternity-Nursing-Bra_Black_Web_v00.jpg\",\"datePublished\":\"2023-09-21T08:34:40+00:00\",\"dateModified\":\"2026-04-13T11:25:10+00:00\",\"breadcrumb\":{\"@id\":\"https:\\\/\\\/najnaj.eu\\\/sl\\\/izdelek\\\/brezsivni-nedrcek-za-nosecnice-in-dojenje-iz-organskega-bombaza-carriwell-crn\\\/#breadcrumb\"},\"inLanguage\":\"sl-SI\",\"potentialAction\":[{\"@type\":\"ReadAction\",\"target\":[\"https:\\\/\\\/najnaj.eu\\\/sl\\\/izdelek\\\/brezsivni-nedrcek-za-nosecnice-in-dojenje-iz-organskega-bombaza-carriwell-crn\\\/\"]}]},{\"@type\":\"ImageObject\",\"inLanguage\":\"sl-SI\",\"@id\":\"https:\\\/\\\/najnaj.eu\\\/sl\\\/izdelek\\\/brezsivni-nedrcek-za-nosecnice-in-dojenje-iz-organskega-bombaza-carriwell-crn\\\/#primaryimage\",\"url\":\"https:\\\/\\\/najnaj.eu\\\/wp-content\\\/uploads\\\/2023\\\/09\\\/3200_Seamless-Organic-Maternity-Nursing-Bra_Black_Web_v00.jpg\",\"contentUrl\":\"https:\\\/\\\/najnaj.eu\\\/wp-content\\\/uploads\\\/2023\\\/09\\\/3200_Seamless-Organic-Maternity-Nursing-Bra_Black_Web_v00.jpg\",\"width\":1000,\"height\":1249},{\"@type\":\"BreadcrumbList\",\"@id\":\"https:\\\/\\\/najnaj.eu\\\/sl\\\/izdelek\\\/brezsivni-nedrcek-za-nosecnice-in-dojenje-iz-organskega-bombaza-carriwell-crn\\\/#breadcrumb\",\"itemListElement\":[{\"@type\":\"ListItem\",\"position\":1,\"name\":\"Po\u010detna stranica\",\"item\":\"https:\\\/\\\/najnaj.eu\\\/sl\\\/prednja-stran\\\/\"},{\"@type\":\"ListItem\",\"position\":2,\"name\":\"Shop\",\"item\":\"https:\\\/\\\/najnaj.eu\\\/sl\\\/shop\\\/\"},{\"@type\":\"ListItem\",\"position\":3,\"name\":\"Brez\u0161ivni nedr\u010dek za nose\u010dnice in dojenje Carriwell Organic &#8211; \u010drn\"}]},{\"@type\":\"WebSite\",\"@id\":\"https:\\\/\\\/najnaj.eu\\\/sl\\\/#website\",\"url\":\"https:\\\/\\\/najnaj.eu\\\/sl\\\/\",\"name\":\"NajNaj.eu\",\"description\":\"Za najva\u017enije!\",\"publisher\":{\"@id\":\"https:\\\/\\\/najnaj.eu\\\/sl\\\/#organization\"},\"potentialAction\":[{\"@type\":\"SearchAction\",\"target\":{\"@type\":\"EntryPoint\",\"urlTemplate\":\"https:\\\/\\\/najnaj.eu\\\/sl\\\/?s={search_term_string}\"},\"query-input\":{\"@type\":\"PropertyValueSpecification\",\"valueRequired\":true,\"valueName\":\"search_term_string\"}}],\"inLanguage\":\"sl-SI\"},{\"@type\":\"Organization\",\"@id\":\"https:\\\/\\\/najnaj.eu\\\/sl\\\/#organization\",\"name\":\"NajNaj.eu\",\"url\":\"https:\\\/\\\/najnaj.eu\\\/sl\\\/\",\"logo\":{\"@type\":\"ImageObject\",\"inLanguage\":\"sl-SI\",\"@id\":\"https:\\\/\\\/najnaj.eu\\\/sl\\\/#\\\/schema\\\/logo\\\/image\\\/\",\"url\":\"https:\\\/\\\/najnaj.eu\\\/wp-content\\\/uploads\\\/2023\\\/09\\\/logo_Najnaj_2023.svg\",\"contentUrl\":\"https:\\\/\\\/najnaj.eu\\\/wp-content\\\/uploads\\\/2023\\\/09\\\/logo_Najnaj_2023.svg\",\"width\":501,\"height\":278,\"caption\":\"NajNaj.eu\"},\"image\":{\"@id\":\"https:\\\/\\\/najnaj.eu\\\/sl\\\/#\\\/schema\\\/logo\\\/image\\\/\"},\"sameAs\":[\"https:\\\/\\\/web.facebook.com\\\/najnaj.eu\\\/\",\"https:\\\/\\\/www.instagram.com\\\/najnaj.eu\\\/\",\"https:\\\/\\\/www.tiktok.com\\\/@najnaj.eu\"]}]}<\/script>\n<meta property=\"product:brand\" content=\"Carriwell\" \/>\n<meta property=\"og:availability\" content=\"instock\" \/>\n<meta property=\"product:availability\" content=\"instock\" \/>\n<meta property=\"product:retailer_item_id\" content=\"CW3210N\" \/>\n<meta property=\"product:condition\" content=\"new\" \/>\n<!-- \/ Yoast SEO Premium plugin. -->","yoast_head_json":{"title":"Brez\u0161ivni nedr\u010dek za nose\u010dnice in dojenje Carriwell Organic - \u010drn - NajNaj.eu","robots":{"index":"index","follow":"follow","max-snippet":"max-snippet:-1","max-image-preview":"max-image-preview:large","max-video-preview":"max-video-preview:-1"},"canonical":"https:\/\/najnaj.eu\/sl\/izdelek\/brezsivni-nedrcek-za-nosecnice-in-dojenje-iz-organskega-bombaza-carriwell-crn\/","og_locale":"sl_SI","og_type":"article","og_title":"Brez\u0161ivni nedr\u010dek za nose\u010dnice in dojenje Carriwell Organic - \u010drn","og_description":"zelo mehak na dotik, dizajn zagotavlja podporo, udobje in obliko  izjemno zra\u010den; kot nala\u0161\u010d za toplej\u0161e vreme &nbsp;","og_url":"https:\/\/najnaj.eu\/sl\/izdelek\/brezsivni-nedrcek-za-nosecnice-in-dojenje-iz-organskega-bombaza-carriwell-crn\/","og_site_name":"NajNaj.eu","article_publisher":"https:\/\/web.facebook.com\/najnaj.eu\/","article_modified_time":"2026-04-13T11:25:10+00:00","og_image":[{"width":748,"height":1080,"url":"https:\/\/najnaj.eu\/wp-content\/uploads\/2023\/08\/3210_01_Organic-Maternity-and-Nursing-Bra_BLK_M1_STD.jpg","type":"image\/jpeg"}],"twitter_card":"summary_large_image","twitter_misc":{"Availability":"In stock"},"schema":{"@context":"https:\/\/schema.org","@graph":[{"@type":"WebPage","@id":"https:\/\/najnaj.eu\/sl\/izdelek\/brezsivni-nedrcek-za-nosecnice-in-dojenje-iz-organskega-bombaza-carriwell-crn\/","url":"https:\/\/najnaj.eu\/sl\/izdelek\/brezsivni-nedrcek-za-nosecnice-in-dojenje-iz-organskega-bombaza-carriwell-crn\/","name":"Brez\u0161ivni nedr\u010dek za nose\u010dnice in dojenje Carriwell Organic - \u010drn - NajNaj.eu","isPartOf":{"@id":"https:\/\/najnaj.eu\/sl\/#website"},"primaryImageOfPage":{"@id":"https:\/\/najnaj.eu\/sl\/izdelek\/brezsivni-nedrcek-za-nosecnice-in-dojenje-iz-organskega-bombaza-carriwell-crn\/#primaryimage"},"image":{"@id":"https:\/\/najnaj.eu\/sl\/izdelek\/brezsivni-nedrcek-za-nosecnice-in-dojenje-iz-organskega-bombaza-carriwell-crn\/#primaryimage"},"thumbnailUrl":"https:\/\/najnaj.eu\/wp-content\/uploads\/2023\/09\/3200_Seamless-Organic-Maternity-Nursing-Bra_Black_Web_v00.jpg","datePublished":"2023-09-21T08:34:40+00:00","dateModified":"2026-04-13T11:25:10+00:00","breadcrumb":{"@id":"https:\/\/najnaj.eu\/sl\/izdelek\/brezsivni-nedrcek-za-nosecnice-in-dojenje-iz-organskega-bombaza-carriwell-crn\/#breadcrumb"},"inLanguage":"sl-SI","potentialAction":[{"@type":"ReadAction","target":["https:\/\/najnaj.eu\/sl\/izdelek\/brezsivni-nedrcek-za-nosecnice-in-dojenje-iz-organskega-bombaza-carriwell-crn\/"]}]},{"@type":"ImageObject","inLanguage":"sl-SI","@id":"https:\/\/najnaj.eu\/sl\/izdelek\/brezsivni-nedrcek-za-nosecnice-in-dojenje-iz-organskega-bombaza-carriwell-crn\/#primaryimage","url":"https:\/\/najnaj.eu\/wp-content\/uploads\/2023\/09\/3200_Seamless-Organic-Maternity-Nursing-Bra_Black_Web_v00.jpg","contentUrl":"https:\/\/najnaj.eu\/wp-content\/uploads\/2023\/09\/3200_Seamless-Organic-Maternity-Nursing-Bra_Black_Web_v00.jpg","width":1000,"height":1249},{"@type":"BreadcrumbList","@id":"https:\/\/najnaj.eu\/sl\/izdelek\/brezsivni-nedrcek-za-nosecnice-in-dojenje-iz-organskega-bombaza-carriwell-crn\/#breadcrumb","itemListElement":[{"@type":"ListItem","position":1,"name":"Po\u010detna stranica","item":"https:\/\/najnaj.eu\/sl\/prednja-stran\/"},{"@type":"ListItem","position":2,"name":"Shop","item":"https:\/\/najnaj.eu\/sl\/shop\/"},{"@type":"ListItem","position":3,"name":"Brez\u0161ivni nedr\u010dek za nose\u010dnice in dojenje Carriwell Organic &#8211; \u010drn"}]},{"@type":"WebSite","@id":"https:\/\/najnaj.eu\/sl\/#website","url":"https:\/\/najnaj.eu\/sl\/","name":"NajNaj.eu","description":"Za najva\u017enije!","publisher":{"@id":"https:\/\/najnaj.eu\/sl\/#organization"},"potentialAction":[{"@type":"SearchAction","target":{"@type":"EntryPoint","urlTemplate":"https:\/\/najnaj.eu\/sl\/?s={search_term_string}"},"query-input":{"@type":"PropertyValueSpecification","valueRequired":true,"valueName":"search_term_string"}}],"inLanguage":"sl-SI"},{"@type":"Organization","@id":"https:\/\/najnaj.eu\/sl\/#organization","name":"NajNaj.eu","url":"https:\/\/najnaj.eu\/sl\/","logo":{"@type":"ImageObject","inLanguage":"sl-SI","@id":"https:\/\/najnaj.eu\/sl\/#\/schema\/logo\/image\/","url":"https:\/\/najnaj.eu\/wp-content\/uploads\/2023\/09\/logo_Najnaj_2023.svg","contentUrl":"https:\/\/najnaj.eu\/wp-content\/uploads\/2023\/09\/logo_Najnaj_2023.svg","width":501,"height":278,"caption":"NajNaj.eu"},"image":{"@id":"https:\/\/najnaj.eu\/sl\/#\/schema\/logo\/image\/"},"sameAs":["https:\/\/web.facebook.com\/najnaj.eu\/","https:\/\/www.instagram.com\/najnaj.eu\/","https:\/\/www.tiktok.com\/@najnaj.eu"]}]},"product_brand":"Carriwell","og_availability":"instock","product_availability":"instock","product_retailer_item_id":"CW3210N","product_condition":"new"},"_links":{"self":[{"href":"https:\/\/najnaj.eu\/sl\/wp-json\/wp\/v2\/product\/193932","targetHints":{"allow":["GET"]}}],"collection":[{"href":"https:\/\/najnaj.eu\/sl\/wp-json\/wp\/v2\/product"}],"about":[{"href":"https:\/\/najnaj.eu\/sl\/wp-json\/wp\/v2\/types\/product"}],"replies":[{"embeddable":true,"href":"https:\/\/najnaj.eu\/sl\/wp-json\/wp\/v2\/comments?post=193932"}],"version-history":[{"count":0,"href":"https:\/\/najnaj.eu\/sl\/wp-json\/wp\/v2\/product\/193932\/revisions"}],"wp:featuredmedia":[{"embeddable":true,"href":"https:\/\/najnaj.eu\/sl\/wp-json\/wp\/v2\/media\/300207"}],"wp:attachment":[{"href":"https:\/\/najnaj.eu\/sl\/wp-json\/wp\/v2\/media?parent=193932"}],"wp:term":[{"taxonomy":"product_brand","embeddable":true,"href":"https:\/\/najnaj.eu\/sl\/wp-json\/wp\/v2\/product_brand?post=193932"},{"taxonomy":"product_cat","embeddable":true,"href":"https:\/\/najnaj.eu\/sl\/wp-json\/wp\/v2\/product_cat?post=193932"},{"taxonomy":"product_tag","embeddable":true,"href":"https:\/\/najnaj.eu\/sl\/wp-json\/wp\/v2\/product_tag?post=193932"}],"curies":[{"name":"wp","href":"https:\/\/api.w.org\/{rel}","templated":true}]}}