{"id":193925,"date":"2023-10-16T15:36:01","date_gmt":"2023-10-16T13:36:01","guid":{"rendered":"https:\/\/najnaj.eu\/proizvod\/licetec-v-comb-a1-brezzicni-glavnik-sesalnik-za-usi-in-gnide\/"},"modified":"2025-12-14T22:49:31","modified_gmt":"2025-12-14T21:49:31","slug":"licetec-v-comb-a1-brezzicni-glavnik-sesalnik-za-usi-in-gnide","status":"publish","type":"product","link":"https:\/\/najnaj.eu\/sl\/izdelek\/licetec-v-comb-a1-brezzicni-glavnik-sesalnik-za-usi-in-gnide\/","title":{"rendered":"Licetec V-Comb A1 brez\u017ei\u010dni glavnik\/sesalnik za u\u0161i in gnide"},"content":{"rendered":"<p>U\u0161esni glavnik in sesalnik V-comb A1 deluje tako, da z ozkimi, teksturiranimi zobci dose\u017ee u\u0161esa in odstrani gnide iz las ter jih s svojo visoko sesalno mo\u010djo potegne vase in ujame v filtre za enkratno uporabo.<br \/>\nProzoren del naprave omogo\u010da opazovanje ujetih vsiljivcev pod LED lu\u010dko.<\/p>\n<p><strong>Brez alergenov in brez kemikalij<\/strong><br \/>\nKemi\u010dni tretmaji, ki se obi\u010dajno uporabljajo za zdravljenje u\u0161i, so postali neu\u010dinkoviti, hkrati pa so \u0161kodljivi za ob\u010dutljivo lasi\u0161\u010de in izsu\u0161ijo lase. Glavnik V-Comb je brez kemikalij, brez neprijetnih vonjav in stranskih u\u010dinkov, zaradi \u010desar je primeren za vso dru\u017eino.<\/p>\n<p><strong>Tako preprosto kot \u010desanje las<\/strong><br \/>\nV-Comb z ob\u010dutljivimi zobmi iz nerjave\u010dega jekla potegne u\u0161i in jaj\u010deca z glave ter jih posesa v filtre za enkratno uporabo, obdelava z glavnikom pa je preprosta in prijetna. Naprava ima vzdr\u017eljivo baterijo, ki se polni s standardnim C kablom. Zato lahko tretma izvajamo kjerkoli, otroci pa lahko ri\u0161ejo ali u\u017eivajo dovoljen \u010das pred TV ekranom.<\/p>\n<p><strong>Higiensko odstranjevanje brez uporabe rok<\/strong><br \/>\nNovi V-Comb A1 ima patentiran ireverzibilni filtrirni sistem, ki samodejno zajame in zapre ujete u\u0161i in gnide, higiensko, brez nereda in brez potrebe po dotikanju. Za izmet zaprtega filtra za enkratno uporabo je potrebno le odpreti ohi\u0161je in napravo nagniti nad smetnjak.<\/p>\n<p>Zagotavlja takoj\u0161nje vidne rezultate<br \/>\nU\u0161i in gnide, povle\u010dene iz las, se takoj posesajo v osvetljen filter, kar zagotavlja vidne rezultate med \u010desanjem las. V-comb A1 se lahko uporablja za pravo\u010dasno odkrivanje in zatiranje epidemij.<br \/>\n\u200b<\/p>\n<p><strong>Kako se uporablja?<br \/>\n<\/strong>Glavnik V-Comb A1 se uporablja za \u010desanje suhih las, brez uporabe \u0161amponov ali drugih kemikalij.<br \/>\n\u010cesanje je mogo\u010de izvajati kjerkoli in ga ni treba motiti pri dnevnih aktivnostih, kot so gledanje televizije, risanje itd.<\/p>\n<p>1. Lasje morajo biti \u010disti in brez vozlov<br \/>\n2. Lasje so razdeljeni na manj\u0161e pramene (bolj\u0161e rezultate dose\u017eemo z manj\u0161imi prameni las)<br \/>\n3. \u010cesanje za\u010dnemo od za\u010detka lasi\u0161\u010da na vratu proti vrhu glave<br \/>\n5. Vsak del las je treba ve\u010dkrat po\u010desati v vse smeri<br \/>\n6. Med oku\u017ebo z u\u0161mi si morate \u0161e naprej temeljito in redno \u010desati lase<\/p>\n<p><strong>Trajanje zdravljenja<\/strong><br \/>\nGlavnik V-Comb A1 raz\u010de\u0161e lase in posesa u\u0161i, gnide in novo izle\u017eene li\u010dinke.<br \/>\nLase je treba \u010desati z napravo V-Comb A1 vsak dan 1-3 dni od za\u010detka infestacije, da se zagotovi odstranitev vseh u\u0161i in jaj\u010dec.<br \/>\nNato se morate 7 dni \u010desati, da odstranite vsa morebitna zamujena jaj\u010deca, na novo izle\u017eene nimfe ali nove u\u0161i, ki so se morda preselile na lase od drugih ljudi.<br \/>\n\u010ce izbruh \u0161e traja, so potrebni pogosti pregledi glavnika, da se zagotovi, da ne pride do ponovne oku\u017ebe.<br \/>\nDa bi prepre\u010dili kasnej\u0161o ponovno oku\u017ebo, je priporo\u010dljivo, da nadaljujete z uporabo glavnika za odkrivanje u\u0161i V-Comb A1 enkrat na teden.<\/p>\n<p><strong>Certify:<\/strong><br \/>\nFDA, INMETRO, CE, SGS (ISO 9001; ISO 13485), SFDA, TGA<br \/>\nDobra izbira oblikovanja<br \/>\nDobitnik nagrade za dober dizajn<br \/>\nFinalist Australia by Design Innovations 2018<\/p>\n<p><strong>Paket vsebuje:<\/strong><br \/>\n1x naprava V-comb A1<br \/>\n1x USB &#8211; C kabel za polnjenje<br \/>\n4x filtri za enkratno uporabo<br \/>\n1x kratek vodnik<br \/>\n1x uporabni\u0161ki priro\u010dnik<br \/>\n1x \u0161\u010detka za \u010di\u0161\u010denje<\/p>\n","protected":false},"excerpt":{"rendered":"<p>Novi brez\u017ei\u010dni V-Comb A1 zdru\u017euje sesalno mo\u010d in preprosto \u010desanje za odstranjevanje u\u0161i in gnid brez alergenov ali kemikalij. Paket vsebuje 4 filtre za enkratno uporabo.<\/p>\n<p>-&gt; Brez alergenov in brez kemikalij<\/p>\n<p>-&gt; Tako preprosto kot \u010desanje las<\/p>\n<p>-&gt; Higiensko odstranjevanje brez uporabe rok<\/p>\n<p>-&gt; Zagotavlja takoj\u0161nje vidne rezultate<\/p>\n","protected":false},"featured_media":165372,"comment_status":"open","ping_status":"closed","template":"","meta":{"_acf_changed":false,"footnotes":""},"product_brand":[],"product_cat":[1397,1385,1399],"product_tag":[],"class_list":{"0":"post-193925","1":"product","2":"type-product","3":"status-publish","4":"has-post-thumbnail","6":"product_cat-glavnik-za-usesa","7":"product_cat-stvari-za-otroke","8":"product_cat-zdravje","9":"pa_brand-v-comb-sl-2","11":"first","12":"instock","13":"shipping-taxable","14":"purchasable","15":"product-type-simple"},"bundled_by":[],"bundle_stock_status":"instock","bundle_stock_quantity":15,"bundle_virtual":false,"bundle_layout":"","bundle_add_to_cart_form_location":"","bundle_editable_in_cart":false,"bundle_sold_individually_context":"","bundle_item_grouping":"","bundle_min_size":"","bundle_max_size":"","bundle_price":[],"bundled_items":[],"bundle_sell_ids":[],"acf":[],"yoast_head":"<!-- This site is optimized with the Yoast SEO Premium plugin v21.5 (Yoast SEO v27.3) - https:\/\/yoast.com\/product\/yoast-seo-premium-wordpress\/ -->\n<title>Licetec V-Comb A1 brez\u017ei\u010dni glavnik\/sesalnik za u\u0161i in gnide - NajNaj.eu<\/title>\n<meta name=\"robots\" content=\"index, follow, max-snippet:-1, max-image-preview:large, max-video-preview:-1\" \/>\n<link rel=\"canonical\" href=\"https:\/\/najnaj.eu\/sl\/izdelek\/licetec-v-comb-a1-brezzicni-glavnik-sesalnik-za-usi-in-gnide\/\" \/>\n<meta property=\"og:locale\" content=\"sl_SI\" \/>\n<meta property=\"og:type\" content=\"article\" \/>\n<meta property=\"og:title\" content=\"Licetec V-Comb A1 brez\u017ei\u010dni glavnik\/sesalnik za u\u0161i in gnide\" \/>\n<meta property=\"og:description\" content=\"Novi brez\u017ei\u010dni V-Comb A1 zdru\u017euje sesalno mo\u010d in preprosto \u010desanje za odstranjevanje u\u0161i in gnid brez alergenov ali kemikalij. Paket vsebuje 4 filtre za enkratno uporabo. -&gt; Brez alergenov in brez kemikalij -&gt; Tako preprosto kot \u010desanje las -&gt; Higiensko odstranjevanje brez uporabe rok -&gt; Zagotavlja takoj\u0161nje vidne rezultate\" \/>\n<meta property=\"og:url\" content=\"https:\/\/najnaj.eu\/sl\/izdelek\/licetec-v-comb-a1-brezzicni-glavnik-sesalnik-za-usi-in-gnide\/\" \/>\n<meta property=\"og:site_name\" content=\"NajNaj.eu\" \/>\n<meta property=\"article:publisher\" content=\"https:\/\/web.facebook.com\/najnaj.eu\/\" \/>\n<meta property=\"article:modified_time\" content=\"2025-12-14T21:49:31+00:00\" \/>\n<meta property=\"og:image\" content=\"https:\/\/najnaj.eu\/wp-content\/uploads\/2023\/10\/TTA101-product-no-background.jpg\" \/>\n\t<meta property=\"og:image:width\" content=\"1080\" \/>\n\t<meta property=\"og:image:height\" content=\"1080\" \/>\n\t<meta property=\"og:image:type\" content=\"image\/jpeg\" \/>\n<meta name=\"twitter:card\" content=\"summary_large_image\" \/>\n<meta name=\"twitter:label1\" content=\"Price\" \/>\n\t<meta name=\"twitter:data1\" content=\"59,95&nbsp;&euro;\" \/>\n\t<meta name=\"twitter:label2\" content=\"Availability\" \/>\n\t<meta name=\"twitter:data2\" content=\"In stock\" \/>\n<script type=\"application\/ld+json\" class=\"yoast-schema-graph\">{\"@context\":\"https:\\\/\\\/schema.org\",\"@graph\":[{\"@type\":\"WebPage\",\"@id\":\"https:\\\/\\\/najnaj.eu\\\/sl\\\/izdelek\\\/licetec-v-comb-a1-brezzicni-glavnik-sesalnik-za-usi-in-gnide\\\/\",\"url\":\"https:\\\/\\\/najnaj.eu\\\/sl\\\/izdelek\\\/licetec-v-comb-a1-brezzicni-glavnik-sesalnik-za-usi-in-gnide\\\/\",\"name\":\"Licetec V-Comb A1 brez\u017ei\u010dni glavnik\\\/sesalnik za u\u0161i in gnide - NajNaj.eu\",\"isPartOf\":{\"@id\":\"https:\\\/\\\/najnaj.eu\\\/sl\\\/#website\"},\"primaryImageOfPage\":{\"@id\":\"https:\\\/\\\/najnaj.eu\\\/sl\\\/izdelek\\\/licetec-v-comb-a1-brezzicni-glavnik-sesalnik-za-usi-in-gnide\\\/#primaryimage\"},\"image\":{\"@id\":\"https:\\\/\\\/najnaj.eu\\\/sl\\\/izdelek\\\/licetec-v-comb-a1-brezzicni-glavnik-sesalnik-za-usi-in-gnide\\\/#primaryimage\"},\"thumbnailUrl\":\"https:\\\/\\\/najnaj.eu\\\/wp-content\\\/uploads\\\/2023\\\/10\\\/TTA101-product-no-background.jpg\",\"datePublished\":\"2023-10-16T13:36:01+00:00\",\"dateModified\":\"2025-12-14T21:49:31+00:00\",\"breadcrumb\":{\"@id\":\"https:\\\/\\\/najnaj.eu\\\/sl\\\/izdelek\\\/licetec-v-comb-a1-brezzicni-glavnik-sesalnik-za-usi-in-gnide\\\/#breadcrumb\"},\"inLanguage\":\"sl-SI\",\"potentialAction\":[{\"@type\":\"ReadAction\",\"target\":[\"https:\\\/\\\/najnaj.eu\\\/sl\\\/izdelek\\\/licetec-v-comb-a1-brezzicni-glavnik-sesalnik-za-usi-in-gnide\\\/\"]}]},{\"@type\":\"ImageObject\",\"inLanguage\":\"sl-SI\",\"@id\":\"https:\\\/\\\/najnaj.eu\\\/sl\\\/izdelek\\\/licetec-v-comb-a1-brezzicni-glavnik-sesalnik-za-usi-in-gnide\\\/#primaryimage\",\"url\":\"https:\\\/\\\/najnaj.eu\\\/wp-content\\\/uploads\\\/2023\\\/10\\\/TTA101-product-no-background.jpg\",\"contentUrl\":\"https:\\\/\\\/najnaj.eu\\\/wp-content\\\/uploads\\\/2023\\\/10\\\/TTA101-product-no-background.jpg\",\"width\":1080,\"height\":1080},{\"@type\":\"BreadcrumbList\",\"@id\":\"https:\\\/\\\/najnaj.eu\\\/sl\\\/izdelek\\\/licetec-v-comb-a1-brezzicni-glavnik-sesalnik-za-usi-in-gnide\\\/#breadcrumb\",\"itemListElement\":[{\"@type\":\"ListItem\",\"position\":1,\"name\":\"Po\u010detna stranica\",\"item\":\"https:\\\/\\\/najnaj.eu\\\/sl\\\/prednja-stran\\\/\"},{\"@type\":\"ListItem\",\"position\":2,\"name\":\"Shop\",\"item\":\"https:\\\/\\\/najnaj.eu\\\/sl\\\/shop\\\/\"},{\"@type\":\"ListItem\",\"position\":3,\"name\":\"Licetec V-Comb A1 brez\u017ei\u010dni glavnik\\\/sesalnik za u\u0161i in gnide\"}]},{\"@type\":\"WebSite\",\"@id\":\"https:\\\/\\\/najnaj.eu\\\/sl\\\/#website\",\"url\":\"https:\\\/\\\/najnaj.eu\\\/sl\\\/\",\"name\":\"NajNaj.eu\",\"description\":\"Za najva\u017enije!\",\"publisher\":{\"@id\":\"https:\\\/\\\/najnaj.eu\\\/sl\\\/#organization\"},\"potentialAction\":[{\"@type\":\"SearchAction\",\"target\":{\"@type\":\"EntryPoint\",\"urlTemplate\":\"https:\\\/\\\/najnaj.eu\\\/sl\\\/?s={search_term_string}\"},\"query-input\":{\"@type\":\"PropertyValueSpecification\",\"valueRequired\":true,\"valueName\":\"search_term_string\"}}],\"inLanguage\":\"sl-SI\"},{\"@type\":\"Organization\",\"@id\":\"https:\\\/\\\/najnaj.eu\\\/sl\\\/#organization\",\"name\":\"NajNaj.eu\",\"url\":\"https:\\\/\\\/najnaj.eu\\\/sl\\\/\",\"logo\":{\"@type\":\"ImageObject\",\"inLanguage\":\"sl-SI\",\"@id\":\"https:\\\/\\\/najnaj.eu\\\/sl\\\/#\\\/schema\\\/logo\\\/image\\\/\",\"url\":\"https:\\\/\\\/najnaj.eu\\\/wp-content\\\/uploads\\\/2023\\\/09\\\/logo_Najnaj_2023.svg\",\"contentUrl\":\"https:\\\/\\\/najnaj.eu\\\/wp-content\\\/uploads\\\/2023\\\/09\\\/logo_Najnaj_2023.svg\",\"width\":501,\"height\":278,\"caption\":\"NajNaj.eu\"},\"image\":{\"@id\":\"https:\\\/\\\/najnaj.eu\\\/sl\\\/#\\\/schema\\\/logo\\\/image\\\/\"},\"sameAs\":[\"https:\\\/\\\/web.facebook.com\\\/najnaj.eu\\\/\",\"https:\\\/\\\/www.instagram.com\\\/najnaj.eu\\\/\",\"https:\\\/\\\/www.tiktok.com\\\/@najnaj.eu\"]}]}<\/script>\n<meta property=\"product:brand\" content=\"V-COMB\" \/>\n<meta property=\"product:price:amount\" content=\"59.95\" \/>\n<meta property=\"product:price:currency\" content=\"EUR\" \/>\n<meta property=\"og:availability\" content=\"instock\" \/>\n<meta property=\"product:availability\" content=\"instock\" \/>\n<meta property=\"product:retailer_item_id\" content=\"TTA101\" \/>\n<meta property=\"product:condition\" content=\"new\" \/>\n<!-- \/ Yoast SEO Premium plugin. -->","yoast_head_json":{"title":"Licetec V-Comb A1 brez\u017ei\u010dni glavnik\/sesalnik za u\u0161i in gnide - NajNaj.eu","robots":{"index":"index","follow":"follow","max-snippet":"max-snippet:-1","max-image-preview":"max-image-preview:large","max-video-preview":"max-video-preview:-1"},"canonical":"https:\/\/najnaj.eu\/sl\/izdelek\/licetec-v-comb-a1-brezzicni-glavnik-sesalnik-za-usi-in-gnide\/","og_locale":"sl_SI","og_type":"article","og_title":"Licetec V-Comb A1 brez\u017ei\u010dni glavnik\/sesalnik za u\u0161i in gnide","og_description":"Novi brez\u017ei\u010dni V-Comb A1 zdru\u017euje sesalno mo\u010d in preprosto \u010desanje za odstranjevanje u\u0161i in gnid brez alergenov ali kemikalij. Paket vsebuje 4 filtre za enkratno uporabo. -&gt; Brez alergenov in brez kemikalij -&gt; Tako preprosto kot \u010desanje las -&gt; Higiensko odstranjevanje brez uporabe rok -&gt; Zagotavlja takoj\u0161nje vidne rezultate","og_url":"https:\/\/najnaj.eu\/sl\/izdelek\/licetec-v-comb-a1-brezzicni-glavnik-sesalnik-za-usi-in-gnide\/","og_site_name":"NajNaj.eu","article_publisher":"https:\/\/web.facebook.com\/najnaj.eu\/","article_modified_time":"2025-12-14T21:49:31+00:00","og_image":[{"width":1080,"height":1080,"url":"https:\/\/najnaj.eu\/wp-content\/uploads\/2023\/10\/TTA101-product-no-background.jpg","type":"image\/jpeg"}],"twitter_card":"summary_large_image","twitter_misc":{"Price":"59,95&nbsp;&euro;","Availability":"In stock"},"schema":{"@context":"https:\/\/schema.org","@graph":[{"@type":"WebPage","@id":"https:\/\/najnaj.eu\/sl\/izdelek\/licetec-v-comb-a1-brezzicni-glavnik-sesalnik-za-usi-in-gnide\/","url":"https:\/\/najnaj.eu\/sl\/izdelek\/licetec-v-comb-a1-brezzicni-glavnik-sesalnik-za-usi-in-gnide\/","name":"Licetec V-Comb A1 brez\u017ei\u010dni glavnik\/sesalnik za u\u0161i in gnide - NajNaj.eu","isPartOf":{"@id":"https:\/\/najnaj.eu\/sl\/#website"},"primaryImageOfPage":{"@id":"https:\/\/najnaj.eu\/sl\/izdelek\/licetec-v-comb-a1-brezzicni-glavnik-sesalnik-za-usi-in-gnide\/#primaryimage"},"image":{"@id":"https:\/\/najnaj.eu\/sl\/izdelek\/licetec-v-comb-a1-brezzicni-glavnik-sesalnik-za-usi-in-gnide\/#primaryimage"},"thumbnailUrl":"https:\/\/najnaj.eu\/wp-content\/uploads\/2023\/10\/TTA101-product-no-background.jpg","datePublished":"2023-10-16T13:36:01+00:00","dateModified":"2025-12-14T21:49:31+00:00","breadcrumb":{"@id":"https:\/\/najnaj.eu\/sl\/izdelek\/licetec-v-comb-a1-brezzicni-glavnik-sesalnik-za-usi-in-gnide\/#breadcrumb"},"inLanguage":"sl-SI","potentialAction":[{"@type":"ReadAction","target":["https:\/\/najnaj.eu\/sl\/izdelek\/licetec-v-comb-a1-brezzicni-glavnik-sesalnik-za-usi-in-gnide\/"]}]},{"@type":"ImageObject","inLanguage":"sl-SI","@id":"https:\/\/najnaj.eu\/sl\/izdelek\/licetec-v-comb-a1-brezzicni-glavnik-sesalnik-za-usi-in-gnide\/#primaryimage","url":"https:\/\/najnaj.eu\/wp-content\/uploads\/2023\/10\/TTA101-product-no-background.jpg","contentUrl":"https:\/\/najnaj.eu\/wp-content\/uploads\/2023\/10\/TTA101-product-no-background.jpg","width":1080,"height":1080},{"@type":"BreadcrumbList","@id":"https:\/\/najnaj.eu\/sl\/izdelek\/licetec-v-comb-a1-brezzicni-glavnik-sesalnik-za-usi-in-gnide\/#breadcrumb","itemListElement":[{"@type":"ListItem","position":1,"name":"Po\u010detna stranica","item":"https:\/\/najnaj.eu\/sl\/prednja-stran\/"},{"@type":"ListItem","position":2,"name":"Shop","item":"https:\/\/najnaj.eu\/sl\/shop\/"},{"@type":"ListItem","position":3,"name":"Licetec V-Comb A1 brez\u017ei\u010dni glavnik\/sesalnik za u\u0161i in gnide"}]},{"@type":"WebSite","@id":"https:\/\/najnaj.eu\/sl\/#website","url":"https:\/\/najnaj.eu\/sl\/","name":"NajNaj.eu","description":"Za najva\u017enije!","publisher":{"@id":"https:\/\/najnaj.eu\/sl\/#organization"},"potentialAction":[{"@type":"SearchAction","target":{"@type":"EntryPoint","urlTemplate":"https:\/\/najnaj.eu\/sl\/?s={search_term_string}"},"query-input":{"@type":"PropertyValueSpecification","valueRequired":true,"valueName":"search_term_string"}}],"inLanguage":"sl-SI"},{"@type":"Organization","@id":"https:\/\/najnaj.eu\/sl\/#organization","name":"NajNaj.eu","url":"https:\/\/najnaj.eu\/sl\/","logo":{"@type":"ImageObject","inLanguage":"sl-SI","@id":"https:\/\/najnaj.eu\/sl\/#\/schema\/logo\/image\/","url":"https:\/\/najnaj.eu\/wp-content\/uploads\/2023\/09\/logo_Najnaj_2023.svg","contentUrl":"https:\/\/najnaj.eu\/wp-content\/uploads\/2023\/09\/logo_Najnaj_2023.svg","width":501,"height":278,"caption":"NajNaj.eu"},"image":{"@id":"https:\/\/najnaj.eu\/sl\/#\/schema\/logo\/image\/"},"sameAs":["https:\/\/web.facebook.com\/najnaj.eu\/","https:\/\/www.instagram.com\/najnaj.eu\/","https:\/\/www.tiktok.com\/@najnaj.eu"]}]},"product_brand":"V-COMB","product_price_amount":"59.95","product_price_currency":"EUR","og_availability":"instock","product_availability":"instock","product_retailer_item_id":"TTA101","product_condition":"new"},"_links":{"self":[{"href":"https:\/\/najnaj.eu\/sl\/wp-json\/wp\/v2\/product\/193925","targetHints":{"allow":["GET"]}}],"collection":[{"href":"https:\/\/najnaj.eu\/sl\/wp-json\/wp\/v2\/product"}],"about":[{"href":"https:\/\/najnaj.eu\/sl\/wp-json\/wp\/v2\/types\/product"}],"replies":[{"embeddable":true,"href":"https:\/\/najnaj.eu\/sl\/wp-json\/wp\/v2\/comments?post=193925"}],"version-history":[{"count":0,"href":"https:\/\/najnaj.eu\/sl\/wp-json\/wp\/v2\/product\/193925\/revisions"}],"wp:featuredmedia":[{"embeddable":true,"href":"https:\/\/najnaj.eu\/sl\/wp-json\/wp\/v2\/media\/165372"}],"wp:attachment":[{"href":"https:\/\/najnaj.eu\/sl\/wp-json\/wp\/v2\/media?parent=193925"}],"wp:term":[{"taxonomy":"product_brand","embeddable":true,"href":"https:\/\/najnaj.eu\/sl\/wp-json\/wp\/v2\/product_brand?post=193925"},{"taxonomy":"product_cat","embeddable":true,"href":"https:\/\/najnaj.eu\/sl\/wp-json\/wp\/v2\/product_cat?post=193925"},{"taxonomy":"product_tag","embeddable":true,"href":"https:\/\/najnaj.eu\/sl\/wp-json\/wp\/v2\/product_tag?post=193925"}],"curies":[{"name":"wp","href":"https:\/\/api.w.org\/{rel}","templated":true}]}}