{"id":193912,"date":"2023-09-21T10:30:16","date_gmt":"2023-09-21T08:30:16","guid":{"rendered":"https:\/\/najnaj.eu\/proizvod\/brezsivni-nosecniski-modrcek-carriwell-crn\/"},"modified":"2026-04-13T17:38:53","modified_gmt":"2026-04-13T15:38:53","slug":"brezsivni-nosecniski-modrcek-carriwell-crn","status":"publish","type":"product","link":"https:\/\/najnaj.eu\/sl\/izdelek\/brezsivni-nosecniski-modrcek-carriwell-crn\/","title":{"rendered":"Brez\u0161ivni nose\u010dni\u0161ki nedr\u010dek Carriwell &#8211; \u010drn"},"content":{"rendered":"<p>Predstavljamo nose\u010dni\u0161ki modr\u010dek Carriwell \u2013 nepogre\u0161ljiv pripomo\u010dek za bodo\u010de mamice, ki i\u0161\u010dejo vrhunsko udobje in podporo med nose\u010dnostjo. Ta nedr\u010dek, zasnovan z upo\u0161tevanjem edinstvenih potreb nose\u010dnic, zagotavlja izjemno udobje, prilagodljivost, podporo in funkcionalnost.<\/p>\n<p>Med nose\u010dnostjo \u017eenske dojke do\u017eivijo pomembne spremembe in postanejo bolj ob\u010dutljive. Nose\u010dni\u0161ki nedr\u010dek Carriwell je posebej oblikovan, da se odzove na te spremembe in zagotavlja udobno in spro\u0161\u010deno izku\u0161njo. Mehka in ne\u017ena tkanina, ki je bila uporabljena pri izdelavi, zagotavlja pomirjujo\u010d dotik na ko\u017ei, kar zmanj\u0161uje nelagodje in dra\u017eenje na minimum.<\/p>\n<p>Pri nose\u010dni\u0161kem nedr\u010dku Carriwell je udobje na prvem mestu. Fleksibilna zasnova nedr\u010dka omogo\u010da, da se prilagodi spreminjajo\u010di se obliki prsi in zagotavlja udobno prileganje skozi celotno nose\u010dnost. Nudi izdatno podporo prsi, kar pomaga ubla\u017eiti morebitno nelagodje ali obremenitev. Ne glede na to, ali pole\u017eavate doma, opravljate opravke ali se ukvarjate z lahko telesno aktivnostjo, ta nedr\u010dek zagotavlja, da se boste na vsakem koraku po\u010dutile spro\u0161\u010dene.<\/p>\n<p>Vsestranskost je \u0161e en klju\u010dni vidik nose\u010dni\u0161kih nedr\u010dkov Carriwell. Na voljo je v razli\u010dnih velikostih, da se prilagodi razli\u010dnim telesnim tipom in velikostim prsi. Premi\u0161ljeno oblikovan nedr\u010dek omogo\u010da \u0161irjenje med nose\u010dnostjo, ko prsi rastejo, ter zagotavlja varno in udobno prileganje v vsakem obdobju.<\/p>\n<p>Nose\u010dni\u0161ki nedr\u010dek Carriwell, izdelan iz visokokakovostnih materialov, nudi trpe\u017enost in dolgo \u017eivljenjsko dobo. Njegova brez\u0161ivna zasnova zmanj\u0161uje trenje in dra\u017eenje, medtem ko zra\u010dna tkanina spodbuja ustrezen pretok zraka, kar vas ves dan ohranja hladne in suhe.<\/p>\n<p>Sprejmite pot materinstva z nose\u010dni\u0161kim nedr\u010dkom Carriwell, va\u0161im najbolj\u0161im spremljevalcem za udobje, prilagodljivost, podporo in funkcionalnost. Izkusite svobodo sprostitve in samozavestnega objema svojega spreminjajo\u010dega se telesa. Nose\u010dni\u0161ki nedr\u010dek Carriwell &#8211; zasnovan tako, da bo va\u0161a nose\u010dnost kar se da udobna in prijetna.<\/p>\n<p>Sestava: 87% poliamid, 13% elastan<\/p>\n","protected":false},"excerpt":{"rendered":"<ul>\n<li>podpora za ob\u010dutljive dojke<\/li>\n<li>  udobno in prilagodljivo<\/li>\n<li>Priporo\u010dilo: Svetovalci za dojenje priporo\u010dajo mehke ko\u0161arice v brez\u0161ivnih nedr\u010dkih za nose\u010dnice<\/li>\n<\/ul>\n","protected":false},"featured_media":299050,"comment_status":"open","ping_status":"closed","template":"","meta":{"_acf_changed":false,"footnotes":""},"product_brand":[],"product_cat":[1413,1401,1411],"product_tag":[2144],"class_list":{"0":"post-193912","1":"product","2":"type-product","3":"status-publish","4":"has-post-thumbnail","6":"product_cat-nosecniski-nedrcki","7":"product_cat-za-mamo","8":"product_cat-za-nosecnice","9":"product_tag-mama-ki-bo","10":"pa_boja-crna-sl","11":"pa_brand-carriwell-sl","13":"first","14":"instock","15":"purchasable","16":"product-type-variable","17":"has-default-attributes"},"bundled_by":[],"bundle_stock_status":"instock","bundle_stock_quantity":1,"bundle_virtual":false,"bundle_layout":"","bundle_add_to_cart_form_location":"","bundle_editable_in_cart":false,"bundle_sold_individually_context":"","bundle_item_grouping":"","bundle_min_size":"","bundle_max_size":"","bundle_price":[],"bundled_items":[],"bundle_sell_ids":[],"acf":[],"yoast_head":"<!-- This site is optimized with the Yoast SEO Premium plugin v21.5 (Yoast SEO v27.4) - https:\/\/yoast.com\/product\/yoast-seo-premium-wordpress\/ -->\n<title>Brez\u0161ivni nose\u010dni\u0161ki nedr\u010dek Carriwell - \u010drn - NajNaj.eu<\/title>\n<meta name=\"robots\" content=\"index, follow, max-snippet:-1, max-image-preview:large, max-video-preview:-1\" \/>\n<link rel=\"canonical\" href=\"https:\/\/najnaj.eu\/sl\/izdelek\/brezsivni-nosecniski-modrcek-carriwell-crn\/\" \/>\n<meta property=\"og:locale\" content=\"sl_SI\" \/>\n<meta property=\"og:type\" content=\"article\" \/>\n<meta property=\"og:title\" content=\"Brez\u0161ivni nose\u010dni\u0161ki nedr\u010dek Carriwell - \u010drn\" \/>\n<meta property=\"og:description\" content=\"podpora za ob\u010dutljive dojke   udobno in prilagodljivo  Priporo\u010dilo: Svetovalci za dojenje priporo\u010dajo mehke ko\u0161arice v brez\u0161ivnih nedr\u010dkih za nose\u010dnice\" \/>\n<meta property=\"og:url\" content=\"https:\/\/najnaj.eu\/sl\/izdelek\/brezsivni-nosecniski-modrcek-carriwell-crn\/\" \/>\n<meta property=\"og:site_name\" content=\"NajNaj.eu\" \/>\n<meta property=\"article:publisher\" content=\"https:\/\/web.facebook.com\/najnaj.eu\/\" \/>\n<meta property=\"article:modified_time\" content=\"2026-04-13T15:38:53+00:00\" \/>\n<meta property=\"og:image\" content=\"https:\/\/najnaj.eu\/wp-content\/uploads\/2023\/10\/3560_01_Maternity-Bra_BLK_MTB_Z1_STD-Large.jpg\" \/>\n\t<meta property=\"og:image:width\" content=\"1080\" \/>\n\t<meta property=\"og:image:height\" content=\"1559\" \/>\n\t<meta property=\"og:image:type\" content=\"image\/jpeg\" \/>\n<meta name=\"twitter:card\" content=\"summary_large_image\" \/>\n<meta name=\"twitter:label1\" content=\"Availability\" \/>\n\t<meta name=\"twitter:data1\" content=\"In stock\" \/>\n<script type=\"application\/ld+json\" class=\"yoast-schema-graph\">{\"@context\":\"https:\\\/\\\/schema.org\",\"@graph\":[{\"@type\":\"WebPage\",\"@id\":\"https:\\\/\\\/najnaj.eu\\\/sl\\\/izdelek\\\/brezsivni-nosecniski-modrcek-carriwell-crn\\\/\",\"url\":\"https:\\\/\\\/najnaj.eu\\\/sl\\\/izdelek\\\/brezsivni-nosecniski-modrcek-carriwell-crn\\\/\",\"name\":\"Brez\u0161ivni nose\u010dni\u0161ki nedr\u010dek Carriwell - \u010drn - NajNaj.eu\",\"isPartOf\":{\"@id\":\"https:\\\/\\\/najnaj.eu\\\/sl\\\/#website\"},\"primaryImageOfPage\":{\"@id\":\"https:\\\/\\\/najnaj.eu\\\/sl\\\/izdelek\\\/brezsivni-nosecniski-modrcek-carriwell-crn\\\/#primaryimage\"},\"image\":{\"@id\":\"https:\\\/\\\/najnaj.eu\\\/sl\\\/izdelek\\\/brezsivni-nosecniski-modrcek-carriwell-crn\\\/#primaryimage\"},\"thumbnailUrl\":\"https:\\\/\\\/najnaj.eu\\\/wp-content\\\/uploads\\\/2023\\\/09\\\/3550_Maternity-Bra_Black_Web_v00.jpg\",\"datePublished\":\"2023-09-21T08:30:16+00:00\",\"dateModified\":\"2026-04-13T15:38:53+00:00\",\"breadcrumb\":{\"@id\":\"https:\\\/\\\/najnaj.eu\\\/sl\\\/izdelek\\\/brezsivni-nosecniski-modrcek-carriwell-crn\\\/#breadcrumb\"},\"inLanguage\":\"sl-SI\",\"potentialAction\":[{\"@type\":\"ReadAction\",\"target\":[\"https:\\\/\\\/najnaj.eu\\\/sl\\\/izdelek\\\/brezsivni-nosecniski-modrcek-carriwell-crn\\\/\"]}]},{\"@type\":\"ImageObject\",\"inLanguage\":\"sl-SI\",\"@id\":\"https:\\\/\\\/najnaj.eu\\\/sl\\\/izdelek\\\/brezsivni-nosecniski-modrcek-carriwell-crn\\\/#primaryimage\",\"url\":\"https:\\\/\\\/najnaj.eu\\\/wp-content\\\/uploads\\\/2023\\\/09\\\/3550_Maternity-Bra_Black_Web_v00.jpg\",\"contentUrl\":\"https:\\\/\\\/najnaj.eu\\\/wp-content\\\/uploads\\\/2023\\\/09\\\/3550_Maternity-Bra_Black_Web_v00.jpg\",\"width\":1000,\"height\":1250},{\"@type\":\"BreadcrumbList\",\"@id\":\"https:\\\/\\\/najnaj.eu\\\/sl\\\/izdelek\\\/brezsivni-nosecniski-modrcek-carriwell-crn\\\/#breadcrumb\",\"itemListElement\":[{\"@type\":\"ListItem\",\"position\":1,\"name\":\"Po\u010detna stranica\",\"item\":\"https:\\\/\\\/najnaj.eu\\\/sl\\\/prednja-stran\\\/\"},{\"@type\":\"ListItem\",\"position\":2,\"name\":\"Shop\",\"item\":\"https:\\\/\\\/najnaj.eu\\\/sl\\\/shop\\\/\"},{\"@type\":\"ListItem\",\"position\":3,\"name\":\"Brez\u0161ivni nose\u010dni\u0161ki nedr\u010dek Carriwell &#8211; \u010drn\"}]},{\"@type\":\"WebSite\",\"@id\":\"https:\\\/\\\/najnaj.eu\\\/sl\\\/#website\",\"url\":\"https:\\\/\\\/najnaj.eu\\\/sl\\\/\",\"name\":\"NajNaj.eu\",\"description\":\"Za najva\u017enije!\",\"publisher\":{\"@id\":\"https:\\\/\\\/najnaj.eu\\\/sl\\\/#organization\"},\"potentialAction\":[{\"@type\":\"SearchAction\",\"target\":{\"@type\":\"EntryPoint\",\"urlTemplate\":\"https:\\\/\\\/najnaj.eu\\\/sl\\\/?s={search_term_string}\"},\"query-input\":{\"@type\":\"PropertyValueSpecification\",\"valueRequired\":true,\"valueName\":\"search_term_string\"}}],\"inLanguage\":\"sl-SI\"},{\"@type\":\"Organization\",\"@id\":\"https:\\\/\\\/najnaj.eu\\\/sl\\\/#organization\",\"name\":\"NajNaj.eu\",\"url\":\"https:\\\/\\\/najnaj.eu\\\/sl\\\/\",\"logo\":{\"@type\":\"ImageObject\",\"inLanguage\":\"sl-SI\",\"@id\":\"https:\\\/\\\/najnaj.eu\\\/sl\\\/#\\\/schema\\\/logo\\\/image\\\/\",\"url\":\"https:\\\/\\\/najnaj.eu\\\/wp-content\\\/uploads\\\/2023\\\/09\\\/logo_Najnaj_2023.svg\",\"contentUrl\":\"https:\\\/\\\/najnaj.eu\\\/wp-content\\\/uploads\\\/2023\\\/09\\\/logo_Najnaj_2023.svg\",\"width\":501,\"height\":278,\"caption\":\"NajNaj.eu\"},\"image\":{\"@id\":\"https:\\\/\\\/najnaj.eu\\\/sl\\\/#\\\/schema\\\/logo\\\/image\\\/\"},\"sameAs\":[\"https:\\\/\\\/web.facebook.com\\\/najnaj.eu\\\/\",\"https:\\\/\\\/www.instagram.com\\\/najnaj.eu\\\/\",\"https:\\\/\\\/www.tiktok.com\\\/@najnaj.eu\"]}]}<\/script>\n<meta property=\"product:brand\" content=\"Carriwell\" \/>\n<meta property=\"og:availability\" content=\"instock\" \/>\n<meta property=\"product:availability\" content=\"instock\" \/>\n<meta property=\"product:retailer_item_id\" content=\"CW3560N\" \/>\n<meta property=\"product:condition\" content=\"new\" \/>\n<!-- \/ Yoast SEO Premium plugin. -->","yoast_head_json":{"title":"Brez\u0161ivni nose\u010dni\u0161ki nedr\u010dek Carriwell - \u010drn - NajNaj.eu","robots":{"index":"index","follow":"follow","max-snippet":"max-snippet:-1","max-image-preview":"max-image-preview:large","max-video-preview":"max-video-preview:-1"},"canonical":"https:\/\/najnaj.eu\/sl\/izdelek\/brezsivni-nosecniski-modrcek-carriwell-crn\/","og_locale":"sl_SI","og_type":"article","og_title":"Brez\u0161ivni nose\u010dni\u0161ki nedr\u010dek Carriwell - \u010drn","og_description":"podpora za ob\u010dutljive dojke   udobno in prilagodljivo  Priporo\u010dilo: Svetovalci za dojenje priporo\u010dajo mehke ko\u0161arice v brez\u0161ivnih nedr\u010dkih za nose\u010dnice","og_url":"https:\/\/najnaj.eu\/sl\/izdelek\/brezsivni-nosecniski-modrcek-carriwell-crn\/","og_site_name":"NajNaj.eu","article_publisher":"https:\/\/web.facebook.com\/najnaj.eu\/","article_modified_time":"2026-04-13T15:38:53+00:00","og_image":[{"width":1080,"height":1559,"url":"https:\/\/najnaj.eu\/wp-content\/uploads\/2023\/10\/3560_01_Maternity-Bra_BLK_MTB_Z1_STD-Large.jpg","type":"image\/jpeg"}],"twitter_card":"summary_large_image","twitter_misc":{"Availability":"In stock"},"schema":{"@context":"https:\/\/schema.org","@graph":[{"@type":"WebPage","@id":"https:\/\/najnaj.eu\/sl\/izdelek\/brezsivni-nosecniski-modrcek-carriwell-crn\/","url":"https:\/\/najnaj.eu\/sl\/izdelek\/brezsivni-nosecniski-modrcek-carriwell-crn\/","name":"Brez\u0161ivni nose\u010dni\u0161ki nedr\u010dek Carriwell - \u010drn - NajNaj.eu","isPartOf":{"@id":"https:\/\/najnaj.eu\/sl\/#website"},"primaryImageOfPage":{"@id":"https:\/\/najnaj.eu\/sl\/izdelek\/brezsivni-nosecniski-modrcek-carriwell-crn\/#primaryimage"},"image":{"@id":"https:\/\/najnaj.eu\/sl\/izdelek\/brezsivni-nosecniski-modrcek-carriwell-crn\/#primaryimage"},"thumbnailUrl":"https:\/\/najnaj.eu\/wp-content\/uploads\/2023\/09\/3550_Maternity-Bra_Black_Web_v00.jpg","datePublished":"2023-09-21T08:30:16+00:00","dateModified":"2026-04-13T15:38:53+00:00","breadcrumb":{"@id":"https:\/\/najnaj.eu\/sl\/izdelek\/brezsivni-nosecniski-modrcek-carriwell-crn\/#breadcrumb"},"inLanguage":"sl-SI","potentialAction":[{"@type":"ReadAction","target":["https:\/\/najnaj.eu\/sl\/izdelek\/brezsivni-nosecniski-modrcek-carriwell-crn\/"]}]},{"@type":"ImageObject","inLanguage":"sl-SI","@id":"https:\/\/najnaj.eu\/sl\/izdelek\/brezsivni-nosecniski-modrcek-carriwell-crn\/#primaryimage","url":"https:\/\/najnaj.eu\/wp-content\/uploads\/2023\/09\/3550_Maternity-Bra_Black_Web_v00.jpg","contentUrl":"https:\/\/najnaj.eu\/wp-content\/uploads\/2023\/09\/3550_Maternity-Bra_Black_Web_v00.jpg","width":1000,"height":1250},{"@type":"BreadcrumbList","@id":"https:\/\/najnaj.eu\/sl\/izdelek\/brezsivni-nosecniski-modrcek-carriwell-crn\/#breadcrumb","itemListElement":[{"@type":"ListItem","position":1,"name":"Po\u010detna stranica","item":"https:\/\/najnaj.eu\/sl\/prednja-stran\/"},{"@type":"ListItem","position":2,"name":"Shop","item":"https:\/\/najnaj.eu\/sl\/shop\/"},{"@type":"ListItem","position":3,"name":"Brez\u0161ivni nose\u010dni\u0161ki nedr\u010dek Carriwell &#8211; \u010drn"}]},{"@type":"WebSite","@id":"https:\/\/najnaj.eu\/sl\/#website","url":"https:\/\/najnaj.eu\/sl\/","name":"NajNaj.eu","description":"Za najva\u017enije!","publisher":{"@id":"https:\/\/najnaj.eu\/sl\/#organization"},"potentialAction":[{"@type":"SearchAction","target":{"@type":"EntryPoint","urlTemplate":"https:\/\/najnaj.eu\/sl\/?s={search_term_string}"},"query-input":{"@type":"PropertyValueSpecification","valueRequired":true,"valueName":"search_term_string"}}],"inLanguage":"sl-SI"},{"@type":"Organization","@id":"https:\/\/najnaj.eu\/sl\/#organization","name":"NajNaj.eu","url":"https:\/\/najnaj.eu\/sl\/","logo":{"@type":"ImageObject","inLanguage":"sl-SI","@id":"https:\/\/najnaj.eu\/sl\/#\/schema\/logo\/image\/","url":"https:\/\/najnaj.eu\/wp-content\/uploads\/2023\/09\/logo_Najnaj_2023.svg","contentUrl":"https:\/\/najnaj.eu\/wp-content\/uploads\/2023\/09\/logo_Najnaj_2023.svg","width":501,"height":278,"caption":"NajNaj.eu"},"image":{"@id":"https:\/\/najnaj.eu\/sl\/#\/schema\/logo\/image\/"},"sameAs":["https:\/\/web.facebook.com\/najnaj.eu\/","https:\/\/www.instagram.com\/najnaj.eu\/","https:\/\/www.tiktok.com\/@najnaj.eu"]}]},"product_brand":"Carriwell","og_availability":"instock","product_availability":"instock","product_retailer_item_id":"CW3560N","product_condition":"new"},"_links":{"self":[{"href":"https:\/\/najnaj.eu\/sl\/wp-json\/wp\/v2\/product\/193912","targetHints":{"allow":["GET"]}}],"collection":[{"href":"https:\/\/najnaj.eu\/sl\/wp-json\/wp\/v2\/product"}],"about":[{"href":"https:\/\/najnaj.eu\/sl\/wp-json\/wp\/v2\/types\/product"}],"replies":[{"embeddable":true,"href":"https:\/\/najnaj.eu\/sl\/wp-json\/wp\/v2\/comments?post=193912"}],"version-history":[{"count":0,"href":"https:\/\/najnaj.eu\/sl\/wp-json\/wp\/v2\/product\/193912\/revisions"}],"wp:featuredmedia":[{"embeddable":true,"href":"https:\/\/najnaj.eu\/sl\/wp-json\/wp\/v2\/media\/299050"}],"wp:attachment":[{"href":"https:\/\/najnaj.eu\/sl\/wp-json\/wp\/v2\/media?parent=193912"}],"wp:term":[{"taxonomy":"product_brand","embeddable":true,"href":"https:\/\/najnaj.eu\/sl\/wp-json\/wp\/v2\/product_brand?post=193912"},{"taxonomy":"product_cat","embeddable":true,"href":"https:\/\/najnaj.eu\/sl\/wp-json\/wp\/v2\/product_cat?post=193912"},{"taxonomy":"product_tag","embeddable":true,"href":"https:\/\/najnaj.eu\/sl\/wp-json\/wp\/v2\/product_tag?post=193912"}],"curies":[{"name":"wp","href":"https:\/\/api.w.org\/{rel}","templated":true}]}}