{"id":193910,"date":"2023-11-06T12:20:53","date_gmt":"2023-11-06T11:20:53","guid":{"rendered":"https:\/\/najnaj.eu\/proizvod\/adapter-za-posteljico-sleepytroll\/"},"modified":"2025-02-06T11:06:23","modified_gmt":"2025-02-06T10:06:23","slug":"adapter-za-posteljico-sleepytroll","status":"publish","type":"product","link":"https:\/\/najnaj.eu\/sl\/izdelek\/adapter-za-posteljico-sleepytroll\/","title":{"rendered":"Adapter za posteljico Sleepytroll"},"content":{"rendered":"<p><span data-sheets-value=\"{\"1\":2,\"2\":\"Adapter za krevet mora se montirati na gornje vodilice s pravokutnim popre\u010dnim presjekom\/ravnim bo\u010dnim stijenkama. Pri\u010dvr\u0161\u0107ivanje na vodilice s cilindri\u010dnim popre\u010dnim presjecima ne\u0107e biti sigurno i va\u0161 Sleepytroll se mo\u017ee o\u0161tetiti. Adapter za krevet odgovara gornjim vodilicama debljine od 1 cm do 3,7 cm.\\n\\nAko se va\u0161 krevet ve\u0107 ne mo\u017ee ru\u010dno ljuljati, trebali biste kupiti i no\u017eice za ljuljanje. Noge za ljuljanje kreveta mogu se montirati samo na kreveti\u0107e s drvenim nogama, ali ne\\nte\u017ea od 22 kg (bez posteljine i bebe).\\n\\nAdapter za krevet Sleepytroll dolazi s inbus klju\u010dem za monta\u017eu.\"}\" data-sheets-userformat=\"{\"2\":769,\"3\":{\"1\":0},\"11\":4,\"12\":0}\">Posteljni adapter mora biti name\u0161\u010den na zgornjih vodilih s pravokotnim pre\u010dnim prerezom\/ravnimi stranskimi stenami. Pritrditev na vodila s cilindri\u010dnim pre\u010dnim prerezom ne bo varna in va\u0161 Sleepytroll se lahko po\u0161koduje. Posteljni adapter se prilega zgornjim vodilom debeline od 1 cm do 3,7 cm.<\/span><\/p>\n<p>\u010ce va\u0161e postelje \u017ee ni mogo\u010de ro\u010dno gugati, kupite tudi gugalne noge. Posteljne gugalnice je mogo\u010de namestiti samo na otro\u0161ke posteljice z lesenimi nogami, vendar ne<br \/>\nte\u017eji od 22 kg (brez posteljnine in otroka).<\/p>\n<p>Adapterju za posteljo Sleepytroll je prilo\u017een imbus klju\u010d za monta\u017eo.<\/p>\n","protected":false},"excerpt":{"rendered":"<p><span data-sheets-value=\"{\"1\":2,\"2\":\"Bebe spavaju bolje uz ljuljanje, a uz Sleepytroll adapter za krevet mo\u017eete koristiti Sleepytroll Baby Rocker na kreveti\u0107u. U kombinaciji sa Sleepytroll no\u017eicama za ljuljanje kreveta mo\u017eete pretvoriti svoj kreveti\u0107 u kolijevku i prepustiti Sleepytrollu da se ljulja.\"}\" data-sheets-userformat=\"{\"2\":769,\"3\":{\"1\":0},\"11\":4,\"12\":0}\">Z guganjem dojen\u010dki bolje spijo, z adapterjem za posteljo Sleepytroll pa lahko na posteljici uporabljate Sleepytroll Baby Rocker. V kombinaciji z gugalnimi nogicami za posteljo Sleepytroll lahko svojo posteljico spremenite v zibelko in pustite Sleepytroll gugati.<\/span><\/p>\n","protected":false},"featured_media":242780,"comment_status":"open","ping_status":"closed","template":"","meta":{"_acf_changed":false,"footnotes":""},"product_brand":[],"product_cat":[604,672,666],"product_tag":[],"class_list":{"0":"post-193910","1":"product","2":"type-product","3":"status-publish","4":"has-post-thumbnail","6":"product_cat-dodaci-za-djecji-krevetic","7":"product_cat-ostalo-djecja-sobica","8":"product_cat-djecja-soba","9":"pa_brand-sleepytroll","11":"first","12":"instock","13":"shipping-taxable","14":"purchasable","15":"product-type-simple"},"bundled_by":[],"bundle_stock_status":"instock","bundle_stock_quantity":15,"bundle_virtual":false,"bundle_layout":"","bundle_add_to_cart_form_location":"","bundle_editable_in_cart":false,"bundle_sold_individually_context":"","bundle_item_grouping":"","bundle_min_size":"","bundle_max_size":"","bundle_price":[],"bundled_items":[],"bundle_sell_ids":[],"acf":[],"yoast_head":"<!-- This site is optimized with the Yoast SEO Premium plugin v21.5 (Yoast SEO v27.4) - https:\/\/yoast.com\/product\/yoast-seo-premium-wordpress\/ -->\n<title>Adapter za posteljico Sleepytroll - NajNaj.eu<\/title>\n<meta name=\"robots\" content=\"index, follow, max-snippet:-1, max-image-preview:large, max-video-preview:-1\" \/>\n<link rel=\"canonical\" href=\"https:\/\/najnaj.eu\/sl\/izdelek\/adapter-za-posteljico-sleepytroll\/\" \/>\n<meta property=\"og:locale\" content=\"sl_SI\" \/>\n<meta property=\"og:type\" content=\"article\" \/>\n<meta property=\"og:title\" content=\"Adapter za posteljico Sleepytroll\" \/>\n<meta property=\"og:description\" content=\"Z guganjem dojen\u010dki bolje spijo, z adapterjem za posteljo Sleepytroll pa lahko na posteljici uporabljate Sleepytroll Baby Rocker. V kombinaciji z gugalnimi nogicami za posteljo Sleepytroll lahko svojo posteljico spremenite v zibelko in pustite Sleepytroll gugati.\" \/>\n<meta property=\"og:url\" content=\"https:\/\/najnaj.eu\/sl\/izdelek\/adapter-za-posteljico-sleepytroll\/\" \/>\n<meta property=\"og:site_name\" content=\"NajNaj.eu\" \/>\n<meta property=\"article:publisher\" content=\"https:\/\/web.facebook.com\/najnaj.eu\/\" \/>\n<meta property=\"article:modified_time\" content=\"2025-02-06T10:06:23+00:00\" \/>\n<meta property=\"og:image\" content=\"https:\/\/najnaj.eu\/wp-content\/uploads\/2023\/11\/Bed-Adapter-1.jpg\" \/>\n\t<meta property=\"og:image:width\" content=\"2400\" \/>\n\t<meta property=\"og:image:height\" content=\"1600\" \/>\n\t<meta property=\"og:image:type\" content=\"image\/jpeg\" \/>\n<meta name=\"twitter:card\" content=\"summary_large_image\" \/>\n<meta name=\"twitter:label1\" content=\"Price\" \/>\n\t<meta name=\"twitter:data1\" content=\"29,90&nbsp;&euro;\" \/>\n\t<meta name=\"twitter:label2\" content=\"Availability\" \/>\n\t<meta name=\"twitter:data2\" content=\"In stock\" \/>\n<script type=\"application\/ld+json\" class=\"yoast-schema-graph\">{\"@context\":\"https:\\\/\\\/schema.org\",\"@graph\":[{\"@type\":\"WebPage\",\"@id\":\"https:\\\/\\\/najnaj.eu\\\/sl\\\/izdelek\\\/adapter-za-posteljico-sleepytroll\\\/\",\"url\":\"https:\\\/\\\/najnaj.eu\\\/sl\\\/izdelek\\\/adapter-za-posteljico-sleepytroll\\\/\",\"name\":\"Adapter za posteljico Sleepytroll - NajNaj.eu\",\"isPartOf\":{\"@id\":\"https:\\\/\\\/najnaj.eu\\\/sl\\\/#website\"},\"primaryImageOfPage\":{\"@id\":\"https:\\\/\\\/najnaj.eu\\\/sl\\\/izdelek\\\/adapter-za-posteljico-sleepytroll\\\/#primaryimage\"},\"image\":{\"@id\":\"https:\\\/\\\/najnaj.eu\\\/sl\\\/izdelek\\\/adapter-za-posteljico-sleepytroll\\\/#primaryimage\"},\"thumbnailUrl\":\"https:\\\/\\\/najnaj.eu\\\/wp-content\\\/uploads\\\/2023\\\/11\\\/Product-BedAdapter_1-4-3-WEB.jpg\",\"datePublished\":\"2023-11-06T11:20:53+00:00\",\"dateModified\":\"2025-02-06T10:06:23+00:00\",\"breadcrumb\":{\"@id\":\"https:\\\/\\\/najnaj.eu\\\/sl\\\/izdelek\\\/adapter-za-posteljico-sleepytroll\\\/#breadcrumb\"},\"inLanguage\":\"sl-SI\",\"potentialAction\":[{\"@type\":\"ReadAction\",\"target\":[\"https:\\\/\\\/najnaj.eu\\\/sl\\\/izdelek\\\/adapter-za-posteljico-sleepytroll\\\/\"]}]},{\"@type\":\"ImageObject\",\"inLanguage\":\"sl-SI\",\"@id\":\"https:\\\/\\\/najnaj.eu\\\/sl\\\/izdelek\\\/adapter-za-posteljico-sleepytroll\\\/#primaryimage\",\"url\":\"https:\\\/\\\/najnaj.eu\\\/wp-content\\\/uploads\\\/2023\\\/11\\\/Product-BedAdapter_1-4-3-WEB.jpg\",\"contentUrl\":\"https:\\\/\\\/najnaj.eu\\\/wp-content\\\/uploads\\\/2023\\\/11\\\/Product-BedAdapter_1-4-3-WEB.jpg\",\"width\":2048,\"height\":1463},{\"@type\":\"BreadcrumbList\",\"@id\":\"https:\\\/\\\/najnaj.eu\\\/sl\\\/izdelek\\\/adapter-za-posteljico-sleepytroll\\\/#breadcrumb\",\"itemListElement\":[{\"@type\":\"ListItem\",\"position\":1,\"name\":\"Po\u010detna stranica\",\"item\":\"https:\\\/\\\/najnaj.eu\\\/sl\\\/prednja-stran\\\/\"},{\"@type\":\"ListItem\",\"position\":2,\"name\":\"Shop\",\"item\":\"https:\\\/\\\/najnaj.eu\\\/sl\\\/shop\\\/\"},{\"@type\":\"ListItem\",\"position\":3,\"name\":\"Adapter za posteljico Sleepytroll\"}]},{\"@type\":\"WebSite\",\"@id\":\"https:\\\/\\\/najnaj.eu\\\/sl\\\/#website\",\"url\":\"https:\\\/\\\/najnaj.eu\\\/sl\\\/\",\"name\":\"NajNaj.eu\",\"description\":\"Za najva\u017enije!\",\"publisher\":{\"@id\":\"https:\\\/\\\/najnaj.eu\\\/sl\\\/#organization\"},\"potentialAction\":[{\"@type\":\"SearchAction\",\"target\":{\"@type\":\"EntryPoint\",\"urlTemplate\":\"https:\\\/\\\/najnaj.eu\\\/sl\\\/?s={search_term_string}\"},\"query-input\":{\"@type\":\"PropertyValueSpecification\",\"valueRequired\":true,\"valueName\":\"search_term_string\"}}],\"inLanguage\":\"sl-SI\"},{\"@type\":\"Organization\",\"@id\":\"https:\\\/\\\/najnaj.eu\\\/sl\\\/#organization\",\"name\":\"NajNaj.eu\",\"url\":\"https:\\\/\\\/najnaj.eu\\\/sl\\\/\",\"logo\":{\"@type\":\"ImageObject\",\"inLanguage\":\"sl-SI\",\"@id\":\"https:\\\/\\\/najnaj.eu\\\/sl\\\/#\\\/schema\\\/logo\\\/image\\\/\",\"url\":\"https:\\\/\\\/najnaj.eu\\\/wp-content\\\/uploads\\\/2023\\\/09\\\/logo_Najnaj_2023.svg\",\"contentUrl\":\"https:\\\/\\\/najnaj.eu\\\/wp-content\\\/uploads\\\/2023\\\/09\\\/logo_Najnaj_2023.svg\",\"width\":501,\"height\":278,\"caption\":\"NajNaj.eu\"},\"image\":{\"@id\":\"https:\\\/\\\/najnaj.eu\\\/sl\\\/#\\\/schema\\\/logo\\\/image\\\/\"},\"sameAs\":[\"https:\\\/\\\/web.facebook.com\\\/najnaj.eu\\\/\",\"https:\\\/\\\/www.instagram.com\\\/najnaj.eu\\\/\",\"https:\\\/\\\/www.tiktok.com\\\/@najnaj.eu\"]}]}<\/script>\n<meta property=\"product:brand\" content=\"Sleepytroll\" \/>\n<meta property=\"product:price:amount\" content=\"29.90\" \/>\n<meta property=\"product:price:currency\" content=\"EUR\" \/>\n<meta property=\"og:availability\" content=\"instock\" \/>\n<meta property=\"product:availability\" content=\"instock\" \/>\n<meta property=\"product:retailer_item_id\" content=\"BA001\" \/>\n<meta property=\"product:condition\" content=\"new\" \/>\n<!-- \/ Yoast SEO Premium plugin. -->","yoast_head_json":{"title":"Adapter za posteljico Sleepytroll - NajNaj.eu","robots":{"index":"index","follow":"follow","max-snippet":"max-snippet:-1","max-image-preview":"max-image-preview:large","max-video-preview":"max-video-preview:-1"},"canonical":"https:\/\/najnaj.eu\/sl\/izdelek\/adapter-za-posteljico-sleepytroll\/","og_locale":"sl_SI","og_type":"article","og_title":"Adapter za posteljico Sleepytroll","og_description":"Z guganjem dojen\u010dki bolje spijo, z adapterjem za posteljo Sleepytroll pa lahko na posteljici uporabljate Sleepytroll Baby Rocker. V kombinaciji z gugalnimi nogicami za posteljo Sleepytroll lahko svojo posteljico spremenite v zibelko in pustite Sleepytroll gugati.","og_url":"https:\/\/najnaj.eu\/sl\/izdelek\/adapter-za-posteljico-sleepytroll\/","og_site_name":"NajNaj.eu","article_publisher":"https:\/\/web.facebook.com\/najnaj.eu\/","article_modified_time":"2025-02-06T10:06:23+00:00","og_image":[{"width":2400,"height":1600,"url":"https:\/\/najnaj.eu\/wp-content\/uploads\/2023\/11\/Bed-Adapter-1.jpg","type":"image\/jpeg"}],"twitter_card":"summary_large_image","twitter_misc":{"Price":"29,90&nbsp;&euro;","Availability":"In stock"},"schema":{"@context":"https:\/\/schema.org","@graph":[{"@type":"WebPage","@id":"https:\/\/najnaj.eu\/sl\/izdelek\/adapter-za-posteljico-sleepytroll\/","url":"https:\/\/najnaj.eu\/sl\/izdelek\/adapter-za-posteljico-sleepytroll\/","name":"Adapter za posteljico Sleepytroll - NajNaj.eu","isPartOf":{"@id":"https:\/\/najnaj.eu\/sl\/#website"},"primaryImageOfPage":{"@id":"https:\/\/najnaj.eu\/sl\/izdelek\/adapter-za-posteljico-sleepytroll\/#primaryimage"},"image":{"@id":"https:\/\/najnaj.eu\/sl\/izdelek\/adapter-za-posteljico-sleepytroll\/#primaryimage"},"thumbnailUrl":"https:\/\/najnaj.eu\/wp-content\/uploads\/2023\/11\/Product-BedAdapter_1-4-3-WEB.jpg","datePublished":"2023-11-06T11:20:53+00:00","dateModified":"2025-02-06T10:06:23+00:00","breadcrumb":{"@id":"https:\/\/najnaj.eu\/sl\/izdelek\/adapter-za-posteljico-sleepytroll\/#breadcrumb"},"inLanguage":"sl-SI","potentialAction":[{"@type":"ReadAction","target":["https:\/\/najnaj.eu\/sl\/izdelek\/adapter-za-posteljico-sleepytroll\/"]}]},{"@type":"ImageObject","inLanguage":"sl-SI","@id":"https:\/\/najnaj.eu\/sl\/izdelek\/adapter-za-posteljico-sleepytroll\/#primaryimage","url":"https:\/\/najnaj.eu\/wp-content\/uploads\/2023\/11\/Product-BedAdapter_1-4-3-WEB.jpg","contentUrl":"https:\/\/najnaj.eu\/wp-content\/uploads\/2023\/11\/Product-BedAdapter_1-4-3-WEB.jpg","width":2048,"height":1463},{"@type":"BreadcrumbList","@id":"https:\/\/najnaj.eu\/sl\/izdelek\/adapter-za-posteljico-sleepytroll\/#breadcrumb","itemListElement":[{"@type":"ListItem","position":1,"name":"Po\u010detna stranica","item":"https:\/\/najnaj.eu\/sl\/prednja-stran\/"},{"@type":"ListItem","position":2,"name":"Shop","item":"https:\/\/najnaj.eu\/sl\/shop\/"},{"@type":"ListItem","position":3,"name":"Adapter za posteljico Sleepytroll"}]},{"@type":"WebSite","@id":"https:\/\/najnaj.eu\/sl\/#website","url":"https:\/\/najnaj.eu\/sl\/","name":"NajNaj.eu","description":"Za najva\u017enije!","publisher":{"@id":"https:\/\/najnaj.eu\/sl\/#organization"},"potentialAction":[{"@type":"SearchAction","target":{"@type":"EntryPoint","urlTemplate":"https:\/\/najnaj.eu\/sl\/?s={search_term_string}"},"query-input":{"@type":"PropertyValueSpecification","valueRequired":true,"valueName":"search_term_string"}}],"inLanguage":"sl-SI"},{"@type":"Organization","@id":"https:\/\/najnaj.eu\/sl\/#organization","name":"NajNaj.eu","url":"https:\/\/najnaj.eu\/sl\/","logo":{"@type":"ImageObject","inLanguage":"sl-SI","@id":"https:\/\/najnaj.eu\/sl\/#\/schema\/logo\/image\/","url":"https:\/\/najnaj.eu\/wp-content\/uploads\/2023\/09\/logo_Najnaj_2023.svg","contentUrl":"https:\/\/najnaj.eu\/wp-content\/uploads\/2023\/09\/logo_Najnaj_2023.svg","width":501,"height":278,"caption":"NajNaj.eu"},"image":{"@id":"https:\/\/najnaj.eu\/sl\/#\/schema\/logo\/image\/"},"sameAs":["https:\/\/web.facebook.com\/najnaj.eu\/","https:\/\/www.instagram.com\/najnaj.eu\/","https:\/\/www.tiktok.com\/@najnaj.eu"]}]},"product_brand":"Sleepytroll","product_price_amount":"29.90","product_price_currency":"EUR","og_availability":"instock","product_availability":"instock","product_retailer_item_id":"BA001","product_condition":"new"},"_links":{"self":[{"href":"https:\/\/najnaj.eu\/sl\/wp-json\/wp\/v2\/product\/193910","targetHints":{"allow":["GET"]}}],"collection":[{"href":"https:\/\/najnaj.eu\/sl\/wp-json\/wp\/v2\/product"}],"about":[{"href":"https:\/\/najnaj.eu\/sl\/wp-json\/wp\/v2\/types\/product"}],"replies":[{"embeddable":true,"href":"https:\/\/najnaj.eu\/sl\/wp-json\/wp\/v2\/comments?post=193910"}],"version-history":[{"count":0,"href":"https:\/\/najnaj.eu\/sl\/wp-json\/wp\/v2\/product\/193910\/revisions"}],"wp:featuredmedia":[{"embeddable":true,"href":"https:\/\/najnaj.eu\/sl\/wp-json\/wp\/v2\/media\/242780"}],"wp:attachment":[{"href":"https:\/\/najnaj.eu\/sl\/wp-json\/wp\/v2\/media?parent=193910"}],"wp:term":[{"taxonomy":"product_brand","embeddable":true,"href":"https:\/\/najnaj.eu\/sl\/wp-json\/wp\/v2\/product_brand?post=193910"},{"taxonomy":"product_cat","embeddable":true,"href":"https:\/\/najnaj.eu\/sl\/wp-json\/wp\/v2\/product_cat?post=193910"},{"taxonomy":"product_tag","embeddable":true,"href":"https:\/\/najnaj.eu\/sl\/wp-json\/wp\/v2\/product_tag?post=193910"}],"curies":[{"name":"wp","href":"https:\/\/api.w.org\/{rel}","templated":true}]}}