{"id":193901,"date":"2023-12-21T12:17:08","date_gmt":"2023-12-21T11:17:08","guid":{"rendered":"https:\/\/najnaj.eu\/proizvod\/citron-250ml-steklenica-za-vodo-limona\/"},"modified":"2025-06-23T14:51:56","modified_gmt":"2025-06-23T12:51:56","slug":"citron-250ml-steklenica-za-vodo-limona","status":"publish","type":"product","link":"https:\/\/najnaj.eu\/sl\/izdelek\/citron-250ml-steklenica-za-vodo-limona\/","title":{"rendered":"Citron 250ml Steklenica za vodo Limona"},"content":{"rendered":"<p>+ Trojna stenska vakuumska izolacija za ohranjanje \u017eelene temperature pija\u010d<br \/>\n + Teko\u010dine ostanejo tople 12 ur in hladne 24 ur<br \/>\n + Z neprepustno zadrgo ohranja va\u0161o torbo za kosilo suho in \u010disto<br \/>\n + Prilo\u017eena je 1 \u010distilna krta\u010dka, 1 silikonski pokrov\u010dek in 2 dodatni slamici<br \/>\n + QR tehnologija za enostavno iskanje<br \/>\n + Zasnovano iz trajnostnih materialov<br \/>\n + Primerno za otroke, stare 6+ mesecev<br \/>\n + Najvi\u0161ja temperatura 55 \u00b0C<\/p>\n<p><img loading=\"lazy\" decoding=\"async\" class=\"aligncenter wp-image-211007 size-large\" src=\"https:\/\/najnaj.eu\/wp-content\/uploads\/2023\/12\/250ml-Water-Bottle-Dino-Original-Collection-2-1024x1024.jpg\" alt=\"\" width=\"980\" height=\"980\" srcset=\"https:\/\/najnaj.eu\/wp-content\/uploads\/2023\/12\/250ml-Water-Bottle-Dino-Original-Collection-2-1024x1024.jpg 1024w, https:\/\/najnaj.eu\/wp-content\/uploads\/2023\/12\/250ml-Water-Bottle-Dino-Original-Collection-2-324x324.jpg 324w, https:\/\/najnaj.eu\/wp-content\/uploads\/2023\/12\/250ml-Water-Bottle-Dino-Original-Collection-2-100x100.jpg 100w, https:\/\/najnaj.eu\/wp-content\/uploads\/2023\/12\/250ml-Water-Bottle-Dino-Original-Collection-2-1200x1200.jpg 1200w, https:\/\/najnaj.eu\/wp-content\/uploads\/2023\/12\/250ml-Water-Bottle-Dino-Original-Collection-2-300x300.jpg 300w, https:\/\/najnaj.eu\/wp-content\/uploads\/2023\/12\/250ml-Water-Bottle-Dino-Original-Collection-2-150x150.jpg 150w, https:\/\/najnaj.eu\/wp-content\/uploads\/2023\/12\/250ml-Water-Bottle-Dino-Original-Collection-2-768x768.jpg 768w, https:\/\/najnaj.eu\/wp-content\/uploads\/2023\/12\/250ml-Water-Bottle-Dino-Original-Collection-2-1536x1536.jpg 1536w, https:\/\/najnaj.eu\/wp-content\/uploads\/2023\/12\/250ml-Water-Bottle-Dino-Original-Collection-2-2048x2048.jpg 2048w, https:\/\/najnaj.eu\/wp-content\/uploads\/2023\/12\/250ml-Water-Bottle-Dino-Original-Collection-2-1440x1440.jpg 1440w, https:\/\/najnaj.eu\/wp-content\/uploads\/2023\/12\/250ml-Water-Bottle-Dino-Original-Collection-2-420x420.jpg 420w, https:\/\/najnaj.eu\/wp-content\/uploads\/2023\/12\/250ml-Water-Bottle-Dino-Original-Collection-2-50x50.jpg 50w\" sizes=\"auto, (max-width: 980px) 100vw, 980px\" \/><\/p>\n","protected":false},"excerpt":{"rendered":"<p>Na\u0161e stekleni\u010dke za vodo so zasnovane posebej za male roke in bodo pomagale otrokom nau\u010diti pravilno piti! Imajo tudi trojno stensko izolacijo, da ohranjajo teko\u010dine vro\u010de do 12 ur in hladne do 24 ur, s svojo za\u0161\u010dito pa so odporne na udarce, tako da lahko pre\u017eivijo vse! <\/p>\n","protected":false},"featured_media":247843,"comment_status":"open","ping_status":"closed","template":"","meta":{"_acf_changed":false,"footnotes":""},"product_brand":[],"product_cat":[1705],"product_tag":[],"class_list":{"0":"post-193901","1":"product","2":"type-product","3":"status-publish","4":"has-post-thumbnail","6":"product_cat-nekategorizirano","8":"first","9":"outofstock","10":"sale","11":"shipping-taxable","12":"purchasable","13":"product-type-simple"},"bundled_by":[],"bundle_stock_status":"outofstock","bundle_stock_quantity":0,"bundle_virtual":false,"bundle_layout":"","bundle_add_to_cart_form_location":"","bundle_editable_in_cart":false,"bundle_sold_individually_context":"","bundle_item_grouping":"","bundle_min_size":"","bundle_max_size":"","bundle_price":[],"bundled_items":[],"bundle_sell_ids":[],"acf":[],"yoast_head":"<!-- This site is optimized with the Yoast SEO Premium plugin v21.5 (Yoast SEO v27.4) - https:\/\/yoast.com\/product\/yoast-seo-premium-wordpress\/ -->\n<title>Citron 250ml Steklenica za vodo Limona - NajNaj.eu<\/title>\n<meta name=\"robots\" content=\"index, follow, max-snippet:-1, max-image-preview:large, max-video-preview:-1\" \/>\n<link rel=\"canonical\" href=\"https:\/\/najnaj.eu\/sl\/izdelek\/citron-250ml-steklenica-za-vodo-limona\/\" \/>\n<meta property=\"og:locale\" content=\"sl_SI\" \/>\n<meta property=\"og:type\" content=\"article\" \/>\n<meta property=\"og:title\" content=\"Citron 250ml Steklenica za vodo Limona\" \/>\n<meta property=\"og:description\" content=\"Na\u0161e stekleni\u010dke za vodo so zasnovane posebej za male roke in bodo pomagale otrokom nau\u010diti pravilno piti! Imajo tudi trojno stensko izolacijo, da ohranjajo teko\u010dine vro\u010de do 12 ur in hladne do 24 ur, s svojo za\u0161\u010dito pa so odporne na udarce, tako da lahko pre\u017eivijo vse!\" \/>\n<meta property=\"og:url\" content=\"https:\/\/najnaj.eu\/sl\/izdelek\/citron-250ml-steklenica-za-vodo-limona\/\" \/>\n<meta property=\"og:site_name\" content=\"NajNaj.eu\" \/>\n<meta property=\"article:publisher\" content=\"https:\/\/web.facebook.com\/najnaj.eu\/\" \/>\n<meta property=\"article:modified_time\" content=\"2025-06-23T12:51:56+00:00\" \/>\n<meta property=\"og:image\" content=\"https:\/\/najnaj.eu\/wp-content\/uploads\/2023\/12\/2022_wb_250_lemon.jpg\" \/>\n\t<meta property=\"og:image:width\" content=\"2000\" \/>\n\t<meta property=\"og:image:height\" content=\"2000\" \/>\n\t<meta property=\"og:image:type\" content=\"image\/jpeg\" \/>\n<meta name=\"twitter:card\" content=\"summary_large_image\" \/>\n<meta name=\"twitter:label1\" content=\"Price\" \/>\n\t<meta name=\"twitter:data1\" content=\"25,99&nbsp;&euro;\" \/>\n\t<meta name=\"twitter:label2\" content=\"Availability\" \/>\n\t<meta name=\"twitter:data2\" content=\"Out of stock\" \/>\n<script type=\"application\/ld+json\" class=\"yoast-schema-graph\">{\"@context\":\"https:\\\/\\\/schema.org\",\"@graph\":[{\"@type\":\"WebPage\",\"@id\":\"https:\\\/\\\/najnaj.eu\\\/sl\\\/izdelek\\\/citron-250ml-steklenica-za-vodo-limona\\\/\",\"url\":\"https:\\\/\\\/najnaj.eu\\\/sl\\\/izdelek\\\/citron-250ml-steklenica-za-vodo-limona\\\/\",\"name\":\"Citron 250ml Steklenica za vodo Limona - NajNaj.eu\",\"isPartOf\":{\"@id\":\"https:\\\/\\\/najnaj.eu\\\/sl\\\/#website\"},\"primaryImageOfPage\":{\"@id\":\"https:\\\/\\\/najnaj.eu\\\/sl\\\/izdelek\\\/citron-250ml-steklenica-za-vodo-limona\\\/#primaryimage\"},\"image\":{\"@id\":\"https:\\\/\\\/najnaj.eu\\\/sl\\\/izdelek\\\/citron-250ml-steklenica-za-vodo-limona\\\/#primaryimage\"},\"thumbnailUrl\":\"https:\\\/\\\/najnaj.eu\\\/wp-content\\\/uploads\\\/2023\\\/12\\\/2022_wb_250_lemon.jpg\",\"datePublished\":\"2023-12-21T11:17:08+00:00\",\"dateModified\":\"2025-06-23T12:51:56+00:00\",\"breadcrumb\":{\"@id\":\"https:\\\/\\\/najnaj.eu\\\/sl\\\/izdelek\\\/citron-250ml-steklenica-za-vodo-limona\\\/#breadcrumb\"},\"inLanguage\":\"sl-SI\",\"potentialAction\":[{\"@type\":\"ReadAction\",\"target\":[\"https:\\\/\\\/najnaj.eu\\\/sl\\\/izdelek\\\/citron-250ml-steklenica-za-vodo-limona\\\/\"]}]},{\"@type\":\"ImageObject\",\"inLanguage\":\"sl-SI\",\"@id\":\"https:\\\/\\\/najnaj.eu\\\/sl\\\/izdelek\\\/citron-250ml-steklenica-za-vodo-limona\\\/#primaryimage\",\"url\":\"https:\\\/\\\/najnaj.eu\\\/wp-content\\\/uploads\\\/2023\\\/12\\\/2022_wb_250_lemon.jpg\",\"contentUrl\":\"https:\\\/\\\/najnaj.eu\\\/wp-content\\\/uploads\\\/2023\\\/12\\\/2022_wb_250_lemon.jpg\",\"width\":2000,\"height\":2000},{\"@type\":\"BreadcrumbList\",\"@id\":\"https:\\\/\\\/najnaj.eu\\\/sl\\\/izdelek\\\/citron-250ml-steklenica-za-vodo-limona\\\/#breadcrumb\",\"itemListElement\":[{\"@type\":\"ListItem\",\"position\":1,\"name\":\"Po\u010detna stranica\",\"item\":\"https:\\\/\\\/najnaj.eu\\\/sl\\\/prednja-stran\\\/\"},{\"@type\":\"ListItem\",\"position\":2,\"name\":\"Shop\",\"item\":\"https:\\\/\\\/najnaj.eu\\\/sl\\\/shop\\\/\"},{\"@type\":\"ListItem\",\"position\":3,\"name\":\"Citron 250ml Steklenica za vodo Limona\"}]},{\"@type\":\"WebSite\",\"@id\":\"https:\\\/\\\/najnaj.eu\\\/sl\\\/#website\",\"url\":\"https:\\\/\\\/najnaj.eu\\\/sl\\\/\",\"name\":\"NajNaj.eu\",\"description\":\"Za najva\u017enije!\",\"publisher\":{\"@id\":\"https:\\\/\\\/najnaj.eu\\\/sl\\\/#organization\"},\"potentialAction\":[{\"@type\":\"SearchAction\",\"target\":{\"@type\":\"EntryPoint\",\"urlTemplate\":\"https:\\\/\\\/najnaj.eu\\\/sl\\\/?s={search_term_string}\"},\"query-input\":{\"@type\":\"PropertyValueSpecification\",\"valueRequired\":true,\"valueName\":\"search_term_string\"}}],\"inLanguage\":\"sl-SI\"},{\"@type\":\"Organization\",\"@id\":\"https:\\\/\\\/najnaj.eu\\\/sl\\\/#organization\",\"name\":\"NajNaj.eu\",\"url\":\"https:\\\/\\\/najnaj.eu\\\/sl\\\/\",\"logo\":{\"@type\":\"ImageObject\",\"inLanguage\":\"sl-SI\",\"@id\":\"https:\\\/\\\/najnaj.eu\\\/sl\\\/#\\\/schema\\\/logo\\\/image\\\/\",\"url\":\"https:\\\/\\\/najnaj.eu\\\/wp-content\\\/uploads\\\/2023\\\/09\\\/logo_Najnaj_2023.svg\",\"contentUrl\":\"https:\\\/\\\/najnaj.eu\\\/wp-content\\\/uploads\\\/2023\\\/09\\\/logo_Najnaj_2023.svg\",\"width\":501,\"height\":278,\"caption\":\"NajNaj.eu\"},\"image\":{\"@id\":\"https:\\\/\\\/najnaj.eu\\\/sl\\\/#\\\/schema\\\/logo\\\/image\\\/\"},\"sameAs\":[\"https:\\\/\\\/web.facebook.com\\\/najnaj.eu\\\/\",\"https:\\\/\\\/www.instagram.com\\\/najnaj.eu\\\/\",\"https:\\\/\\\/www.tiktok.com\\\/@najnaj.eu\"]}]}<\/script>\n<meta property=\"product:price:amount\" content=\"25.99\" \/>\n<meta property=\"product:price:currency\" content=\"EUR\" \/>\n<meta property=\"og:availability\" content=\"out of stock\" \/>\n<meta property=\"product:availability\" content=\"out of stock\" \/>\n<meta property=\"product:retailer_item_id\" content=\"2022_wb_250_lemon\" \/>\n<meta property=\"product:condition\" content=\"new\" \/>\n<!-- \/ Yoast SEO Premium plugin. -->","yoast_head_json":{"title":"Citron 250ml Steklenica za vodo Limona - NajNaj.eu","robots":{"index":"index","follow":"follow","max-snippet":"max-snippet:-1","max-image-preview":"max-image-preview:large","max-video-preview":"max-video-preview:-1"},"canonical":"https:\/\/najnaj.eu\/sl\/izdelek\/citron-250ml-steklenica-za-vodo-limona\/","og_locale":"sl_SI","og_type":"article","og_title":"Citron 250ml Steklenica za vodo Limona","og_description":"Na\u0161e stekleni\u010dke za vodo so zasnovane posebej za male roke in bodo pomagale otrokom nau\u010diti pravilno piti! Imajo tudi trojno stensko izolacijo, da ohranjajo teko\u010dine vro\u010de do 12 ur in hladne do 24 ur, s svojo za\u0161\u010dito pa so odporne na udarce, tako da lahko pre\u017eivijo vse!","og_url":"https:\/\/najnaj.eu\/sl\/izdelek\/citron-250ml-steklenica-za-vodo-limona\/","og_site_name":"NajNaj.eu","article_publisher":"https:\/\/web.facebook.com\/najnaj.eu\/","article_modified_time":"2025-06-23T12:51:56+00:00","og_image":[{"width":2000,"height":2000,"url":"https:\/\/najnaj.eu\/wp-content\/uploads\/2023\/12\/2022_wb_250_lemon.jpg","type":"image\/jpeg"}],"twitter_card":"summary_large_image","twitter_misc":{"Price":"25,99&nbsp;&euro;","Availability":"Out of stock"},"schema":{"@context":"https:\/\/schema.org","@graph":[{"@type":"WebPage","@id":"https:\/\/najnaj.eu\/sl\/izdelek\/citron-250ml-steklenica-za-vodo-limona\/","url":"https:\/\/najnaj.eu\/sl\/izdelek\/citron-250ml-steklenica-za-vodo-limona\/","name":"Citron 250ml Steklenica za vodo Limona - NajNaj.eu","isPartOf":{"@id":"https:\/\/najnaj.eu\/sl\/#website"},"primaryImageOfPage":{"@id":"https:\/\/najnaj.eu\/sl\/izdelek\/citron-250ml-steklenica-za-vodo-limona\/#primaryimage"},"image":{"@id":"https:\/\/najnaj.eu\/sl\/izdelek\/citron-250ml-steklenica-za-vodo-limona\/#primaryimage"},"thumbnailUrl":"https:\/\/najnaj.eu\/wp-content\/uploads\/2023\/12\/2022_wb_250_lemon.jpg","datePublished":"2023-12-21T11:17:08+00:00","dateModified":"2025-06-23T12:51:56+00:00","breadcrumb":{"@id":"https:\/\/najnaj.eu\/sl\/izdelek\/citron-250ml-steklenica-za-vodo-limona\/#breadcrumb"},"inLanguage":"sl-SI","potentialAction":[{"@type":"ReadAction","target":["https:\/\/najnaj.eu\/sl\/izdelek\/citron-250ml-steklenica-za-vodo-limona\/"]}]},{"@type":"ImageObject","inLanguage":"sl-SI","@id":"https:\/\/najnaj.eu\/sl\/izdelek\/citron-250ml-steklenica-za-vodo-limona\/#primaryimage","url":"https:\/\/najnaj.eu\/wp-content\/uploads\/2023\/12\/2022_wb_250_lemon.jpg","contentUrl":"https:\/\/najnaj.eu\/wp-content\/uploads\/2023\/12\/2022_wb_250_lemon.jpg","width":2000,"height":2000},{"@type":"BreadcrumbList","@id":"https:\/\/najnaj.eu\/sl\/izdelek\/citron-250ml-steklenica-za-vodo-limona\/#breadcrumb","itemListElement":[{"@type":"ListItem","position":1,"name":"Po\u010detna stranica","item":"https:\/\/najnaj.eu\/sl\/prednja-stran\/"},{"@type":"ListItem","position":2,"name":"Shop","item":"https:\/\/najnaj.eu\/sl\/shop\/"},{"@type":"ListItem","position":3,"name":"Citron 250ml Steklenica za vodo Limona"}]},{"@type":"WebSite","@id":"https:\/\/najnaj.eu\/sl\/#website","url":"https:\/\/najnaj.eu\/sl\/","name":"NajNaj.eu","description":"Za najva\u017enije!","publisher":{"@id":"https:\/\/najnaj.eu\/sl\/#organization"},"potentialAction":[{"@type":"SearchAction","target":{"@type":"EntryPoint","urlTemplate":"https:\/\/najnaj.eu\/sl\/?s={search_term_string}"},"query-input":{"@type":"PropertyValueSpecification","valueRequired":true,"valueName":"search_term_string"}}],"inLanguage":"sl-SI"},{"@type":"Organization","@id":"https:\/\/najnaj.eu\/sl\/#organization","name":"NajNaj.eu","url":"https:\/\/najnaj.eu\/sl\/","logo":{"@type":"ImageObject","inLanguage":"sl-SI","@id":"https:\/\/najnaj.eu\/sl\/#\/schema\/logo\/image\/","url":"https:\/\/najnaj.eu\/wp-content\/uploads\/2023\/09\/logo_Najnaj_2023.svg","contentUrl":"https:\/\/najnaj.eu\/wp-content\/uploads\/2023\/09\/logo_Najnaj_2023.svg","width":501,"height":278,"caption":"NajNaj.eu"},"image":{"@id":"https:\/\/najnaj.eu\/sl\/#\/schema\/logo\/image\/"},"sameAs":["https:\/\/web.facebook.com\/najnaj.eu\/","https:\/\/www.instagram.com\/najnaj.eu\/","https:\/\/www.tiktok.com\/@najnaj.eu"]}]},"product_price_amount":"25.99","product_price_currency":"EUR","og_availability":"out of stock","product_availability":"out of stock","product_retailer_item_id":"2022_wb_250_lemon","product_condition":"new"},"_links":{"self":[{"href":"https:\/\/najnaj.eu\/sl\/wp-json\/wp\/v2\/product\/193901","targetHints":{"allow":["GET"]}}],"collection":[{"href":"https:\/\/najnaj.eu\/sl\/wp-json\/wp\/v2\/product"}],"about":[{"href":"https:\/\/najnaj.eu\/sl\/wp-json\/wp\/v2\/types\/product"}],"replies":[{"embeddable":true,"href":"https:\/\/najnaj.eu\/sl\/wp-json\/wp\/v2\/comments?post=193901"}],"version-history":[{"count":0,"href":"https:\/\/najnaj.eu\/sl\/wp-json\/wp\/v2\/product\/193901\/revisions"}],"wp:featuredmedia":[{"embeddable":true,"href":"https:\/\/najnaj.eu\/sl\/wp-json\/wp\/v2\/media\/247843"}],"wp:attachment":[{"href":"https:\/\/najnaj.eu\/sl\/wp-json\/wp\/v2\/media?parent=193901"}],"wp:term":[{"taxonomy":"product_brand","embeddable":true,"href":"https:\/\/najnaj.eu\/sl\/wp-json\/wp\/v2\/product_brand?post=193901"},{"taxonomy":"product_cat","embeddable":true,"href":"https:\/\/najnaj.eu\/sl\/wp-json\/wp\/v2\/product_cat?post=193901"},{"taxonomy":"product_tag","embeddable":true,"href":"https:\/\/najnaj.eu\/sl\/wp-json\/wp\/v2\/product_tag?post=193901"}],"curies":[{"name":"wp","href":"https:\/\/api.w.org\/{rel}","templated":true}]}}