{"id":193885,"date":"2023-12-21T13:07:45","date_gmt":"2023-12-21T12:07:45","guid":{"rendered":"https:\/\/najnaj.eu\/proizvod\/citron-thermo-posoda-za-zivila-velika-400ml-crna\/"},"modified":"2025-10-01T10:01:37","modified_gmt":"2025-10-01T08:01:37","slug":"citron-thermo-posoda-za-zivila-velika-400ml-crna","status":"publish","type":"product","link":"https:\/\/najnaj.eu\/sl\/izdelek\/citron-thermo-posoda-za-zivila-velika-400ml-crna\/","title":{"rendered":"Citron Thermo posoda za \u017eivila velika 400ml \u010crna"},"content":{"rendered":"<p>+ Vakuumsko izolirana s trojno steno za ohranjanje temperature hrane<br \/>\n + Hrana ostane topla 6 ur in hladna 7 ur + Vre\u010dka za kosilo ostane suha in \u010dista z neprepustno zadrgo<br \/>\n + Zunaj ostane suha in hladna, ne glede na to, kako vro\u010da ali hladna je njena vsebina<br \/>\n + Zasnovano iz trajnostnih materialov<br \/>\n + Pokrov se odpira navpi\u010dno brez obra\u010danja, kar olaj\u0161a uporabo majhnim ro\u010dicam.<br \/>\n + Lo\u010deno z lo\u010devalnikom porcij hrane<br \/>\n + Zasnovan z varnostno klju\u010davnico in ro\u010dajem za no\u0161enje<br \/>\n + Primerno za otroke, starej\u0161e od 18 mesecev<br \/>\n + Podlo\u017eena z odstranljivo silikonsko prevleko za enostavno pranje<\/p>\n<p><img loading=\"lazy\" decoding=\"async\" class=\"aligncenter wp-image-210713 size-large\" src=\"https:\/\/najnaj.eu\/wp-content\/uploads\/2023\/12\/Large-Thermal-Food-Jar-400ml-Caramel-6-1024x1024.jpg\" alt=\"\" width=\"980\" height=\"980\" srcset=\"https:\/\/najnaj.eu\/wp-content\/uploads\/2023\/12\/Large-Thermal-Food-Jar-400ml-Caramel-6-1024x1024.jpg 1024w, https:\/\/najnaj.eu\/wp-content\/uploads\/2023\/12\/Large-Thermal-Food-Jar-400ml-Caramel-6-scaled-324x324.jpg 324w, https:\/\/najnaj.eu\/wp-content\/uploads\/2023\/12\/Large-Thermal-Food-Jar-400ml-Caramel-6-100x100.jpg 100w, https:\/\/najnaj.eu\/wp-content\/uploads\/2023\/12\/Large-Thermal-Food-Jar-400ml-Caramel-6-scaled-1200x1200.jpg 1200w, https:\/\/najnaj.eu\/wp-content\/uploads\/2023\/12\/Large-Thermal-Food-Jar-400ml-Caramel-6-300x300.jpg 300w, https:\/\/najnaj.eu\/wp-content\/uploads\/2023\/12\/Large-Thermal-Food-Jar-400ml-Caramel-6-150x150.jpg 150w, https:\/\/najnaj.eu\/wp-content\/uploads\/2023\/12\/Large-Thermal-Food-Jar-400ml-Caramel-6-768x768.jpg 768w, https:\/\/najnaj.eu\/wp-content\/uploads\/2023\/12\/Large-Thermal-Food-Jar-400ml-Caramel-6-1536x1536.jpg 1536w, https:\/\/najnaj.eu\/wp-content\/uploads\/2023\/12\/Large-Thermal-Food-Jar-400ml-Caramel-6-2048x2048.jpg 2048w, https:\/\/najnaj.eu\/wp-content\/uploads\/2023\/12\/Large-Thermal-Food-Jar-400ml-Caramel-6-1440x1440.jpg 1440w, https:\/\/najnaj.eu\/wp-content\/uploads\/2023\/12\/Large-Thermal-Food-Jar-400ml-Caramel-6-420x420.jpg 420w, https:\/\/najnaj.eu\/wp-content\/uploads\/2023\/12\/Large-Thermal-Food-Jar-400ml-Caramel-6-50x50.jpg 50w\" sizes=\"auto, (max-width: 980px) 100vw, 980px\" \/><\/p>\n","protected":false},"excerpt":{"rendered":"<p>Z inovativno tehnologijo vakuumske izolacije in ekstra \u0161irokim odpiranjem je na\u0161a 400 ml posoda za hrano pravi zmagovalec, ko gre za prehranjevanje na poti, zahvaljujo\u010d ekstra \u0161irokemu odpiranju in prakti\u010dnemu razdelilniku za uravnote\u017eenje razli\u010dnih okusov. Z vakuumsko izolacijo posoda za hrano ohranja hrano na \u017eeleni temperaturi brez potrebe po segrevanju in hlajenju. Prav tako je neprepustna in ima pokrov, ki se odpira navpi\u010dno za la\u017eji dostop.  <\/p>\n","protected":false},"featured_media":247465,"comment_status":"open","ping_status":"closed","template":"","meta":{"_acf_changed":false,"footnotes":""},"product_brand":[],"product_cat":[1275,2270],"product_tag":[2282],"class_list":{"0":"post-193885","1":"product","2":"type-product","3":"status-publish","4":"has-post-thumbnail","6":"product_cat-posoda","7":"product_cat-termo-posode","8":"product_tag-zima-sl","9":"pa_boja-crna-sl","10":"pa_brand-citron-sl","11":"pa_vrsta-posuda-skatle-za-kosilo","13":"first","14":"outofstock","15":"shipping-taxable","16":"purchasable","17":"product-type-simple"},"bundled_by":[],"bundle_stock_status":"outofstock","bundle_stock_quantity":0,"bundle_virtual":false,"bundle_layout":"","bundle_add_to_cart_form_location":"","bundle_editable_in_cart":false,"bundle_sold_individually_context":"","bundle_item_grouping":"","bundle_min_size":"","bundle_max_size":"","bundle_price":[],"bundled_items":[],"bundle_sell_ids":[],"acf":[],"yoast_head":"<!-- This site is optimized with the Yoast SEO Premium plugin v21.5 (Yoast SEO v27.4) - https:\/\/yoast.com\/product\/yoast-seo-premium-wordpress\/ -->\n<title>Citron Thermo posoda za \u017eivila velika 400ml \u010crna - NajNaj.eu<\/title>\n<meta name=\"robots\" content=\"index, follow, max-snippet:-1, max-image-preview:large, max-video-preview:-1\" \/>\n<link rel=\"canonical\" href=\"https:\/\/najnaj.eu\/sl\/izdelek\/citron-thermo-posoda-za-zivila-velika-400ml-crna\/\" \/>\n<meta property=\"og:locale\" content=\"sl_SI\" \/>\n<meta property=\"og:type\" content=\"article\" \/>\n<meta property=\"og:title\" content=\"Citron Thermo posoda za \u017eivila velika 400ml \u010crna\" \/>\n<meta property=\"og:description\" content=\"Z inovativno tehnologijo vakuumske izolacije in ekstra \u0161irokim odpiranjem je na\u0161a 400 ml posoda za hrano pravi zmagovalec, ko gre za prehranjevanje na poti, zahvaljujo\u010d ekstra \u0161irokemu odpiranju in prakti\u010dnemu razdelilniku za uravnote\u017eenje razli\u010dnih okusov. Z vakuumsko izolacijo posoda za hrano ohranja hrano na \u017eeleni temperaturi brez potrebe po segrevanju in hlajenju. Prav tako je neprepustna in ima pokrov, ki se odpira navpi\u010dno za la\u017eji dostop.\" \/>\n<meta property=\"og:url\" content=\"https:\/\/najnaj.eu\/sl\/izdelek\/citron-thermo-posoda-za-zivila-velika-400ml-crna\/\" \/>\n<meta property=\"og:site_name\" content=\"NajNaj.eu\" \/>\n<meta property=\"article:publisher\" content=\"https:\/\/web.facebook.com\/najnaj.eu\/\" \/>\n<meta property=\"article:modified_time\" content=\"2025-10-01T08:01:37+00:00\" \/>\n<meta property=\"og:image\" content=\"https:\/\/najnaj.eu\/wp-content\/uploads\/2023\/12\/2022_FJ_400_Black.jpg\" \/>\n\t<meta property=\"og:image:width\" content=\"2000\" \/>\n\t<meta property=\"og:image:height\" content=\"2000\" \/>\n\t<meta property=\"og:image:type\" content=\"image\/jpeg\" \/>\n<meta name=\"twitter:card\" content=\"summary_large_image\" \/>\n<meta name=\"twitter:label1\" content=\"Price\" \/>\n\t<meta name=\"twitter:data1\" content=\"45,99&nbsp;&euro;\" \/>\n\t<meta name=\"twitter:label2\" content=\"Availability\" \/>\n\t<meta name=\"twitter:data2\" content=\"Out of stock\" \/>\n<script type=\"application\/ld+json\" class=\"yoast-schema-graph\">{\"@context\":\"https:\\\/\\\/schema.org\",\"@graph\":[{\"@type\":\"WebPage\",\"@id\":\"https:\\\/\\\/najnaj.eu\\\/sl\\\/izdelek\\\/citron-thermo-posoda-za-zivila-velika-400ml-crna\\\/\",\"url\":\"https:\\\/\\\/najnaj.eu\\\/sl\\\/izdelek\\\/citron-thermo-posoda-za-zivila-velika-400ml-crna\\\/\",\"name\":\"Citron Thermo posoda za \u017eivila velika 400ml \u010crna - NajNaj.eu\",\"isPartOf\":{\"@id\":\"https:\\\/\\\/najnaj.eu\\\/sl\\\/#website\"},\"primaryImageOfPage\":{\"@id\":\"https:\\\/\\\/najnaj.eu\\\/sl\\\/izdelek\\\/citron-thermo-posoda-za-zivila-velika-400ml-crna\\\/#primaryimage\"},\"image\":{\"@id\":\"https:\\\/\\\/najnaj.eu\\\/sl\\\/izdelek\\\/citron-thermo-posoda-za-zivila-velika-400ml-crna\\\/#primaryimage\"},\"thumbnailUrl\":\"https:\\\/\\\/najnaj.eu\\\/wp-content\\\/uploads\\\/2023\\\/12\\\/2022_FJ_400_Black.jpg\",\"datePublished\":\"2023-12-21T12:07:45+00:00\",\"dateModified\":\"2025-10-01T08:01:37+00:00\",\"breadcrumb\":{\"@id\":\"https:\\\/\\\/najnaj.eu\\\/sl\\\/izdelek\\\/citron-thermo-posoda-za-zivila-velika-400ml-crna\\\/#breadcrumb\"},\"inLanguage\":\"sl-SI\",\"potentialAction\":[{\"@type\":\"ReadAction\",\"target\":[\"https:\\\/\\\/najnaj.eu\\\/sl\\\/izdelek\\\/citron-thermo-posoda-za-zivila-velika-400ml-crna\\\/\"]}]},{\"@type\":\"ImageObject\",\"inLanguage\":\"sl-SI\",\"@id\":\"https:\\\/\\\/najnaj.eu\\\/sl\\\/izdelek\\\/citron-thermo-posoda-za-zivila-velika-400ml-crna\\\/#primaryimage\",\"url\":\"https:\\\/\\\/najnaj.eu\\\/wp-content\\\/uploads\\\/2023\\\/12\\\/2022_FJ_400_Black.jpg\",\"contentUrl\":\"https:\\\/\\\/najnaj.eu\\\/wp-content\\\/uploads\\\/2023\\\/12\\\/2022_FJ_400_Black.jpg\",\"width\":2000,\"height\":2000},{\"@type\":\"BreadcrumbList\",\"@id\":\"https:\\\/\\\/najnaj.eu\\\/sl\\\/izdelek\\\/citron-thermo-posoda-za-zivila-velika-400ml-crna\\\/#breadcrumb\",\"itemListElement\":[{\"@type\":\"ListItem\",\"position\":1,\"name\":\"Po\u010detna stranica\",\"item\":\"https:\\\/\\\/najnaj.eu\\\/sl\\\/prednja-stran\\\/\"},{\"@type\":\"ListItem\",\"position\":2,\"name\":\"Shop\",\"item\":\"https:\\\/\\\/najnaj.eu\\\/sl\\\/shop\\\/\"},{\"@type\":\"ListItem\",\"position\":3,\"name\":\"Citron Thermo posoda za \u017eivila velika 400ml \u010crna\"}]},{\"@type\":\"WebSite\",\"@id\":\"https:\\\/\\\/najnaj.eu\\\/sl\\\/#website\",\"url\":\"https:\\\/\\\/najnaj.eu\\\/sl\\\/\",\"name\":\"NajNaj.eu\",\"description\":\"Za najva\u017enije!\",\"publisher\":{\"@id\":\"https:\\\/\\\/najnaj.eu\\\/sl\\\/#organization\"},\"potentialAction\":[{\"@type\":\"SearchAction\",\"target\":{\"@type\":\"EntryPoint\",\"urlTemplate\":\"https:\\\/\\\/najnaj.eu\\\/sl\\\/?s={search_term_string}\"},\"query-input\":{\"@type\":\"PropertyValueSpecification\",\"valueRequired\":true,\"valueName\":\"search_term_string\"}}],\"inLanguage\":\"sl-SI\"},{\"@type\":\"Organization\",\"@id\":\"https:\\\/\\\/najnaj.eu\\\/sl\\\/#organization\",\"name\":\"NajNaj.eu\",\"url\":\"https:\\\/\\\/najnaj.eu\\\/sl\\\/\",\"logo\":{\"@type\":\"ImageObject\",\"inLanguage\":\"sl-SI\",\"@id\":\"https:\\\/\\\/najnaj.eu\\\/sl\\\/#\\\/schema\\\/logo\\\/image\\\/\",\"url\":\"https:\\\/\\\/najnaj.eu\\\/wp-content\\\/uploads\\\/2023\\\/09\\\/logo_Najnaj_2023.svg\",\"contentUrl\":\"https:\\\/\\\/najnaj.eu\\\/wp-content\\\/uploads\\\/2023\\\/09\\\/logo_Najnaj_2023.svg\",\"width\":501,\"height\":278,\"caption\":\"NajNaj.eu\"},\"image\":{\"@id\":\"https:\\\/\\\/najnaj.eu\\\/sl\\\/#\\\/schema\\\/logo\\\/image\\\/\"},\"sameAs\":[\"https:\\\/\\\/web.facebook.com\\\/najnaj.eu\\\/\",\"https:\\\/\\\/www.instagram.com\\\/najnaj.eu\\\/\",\"https:\\\/\\\/www.tiktok.com\\\/@najnaj.eu\"]}]}<\/script>\n<meta property=\"product:brand\" content=\"Citron\" \/>\n<meta property=\"product:price:amount\" content=\"45.99\" \/>\n<meta property=\"product:price:currency\" content=\"EUR\" \/>\n<meta property=\"og:availability\" content=\"out of stock\" \/>\n<meta property=\"product:availability\" content=\"out of stock\" \/>\n<meta property=\"product:retailer_item_id\" content=\"2022_FJ_400_Black\" \/>\n<meta property=\"product:condition\" content=\"new\" \/>\n<!-- \/ Yoast SEO Premium plugin. -->","yoast_head_json":{"title":"Citron Thermo posoda za \u017eivila velika 400ml \u010crna - NajNaj.eu","robots":{"index":"index","follow":"follow","max-snippet":"max-snippet:-1","max-image-preview":"max-image-preview:large","max-video-preview":"max-video-preview:-1"},"canonical":"https:\/\/najnaj.eu\/sl\/izdelek\/citron-thermo-posoda-za-zivila-velika-400ml-crna\/","og_locale":"sl_SI","og_type":"article","og_title":"Citron Thermo posoda za \u017eivila velika 400ml \u010crna","og_description":"Z inovativno tehnologijo vakuumske izolacije in ekstra \u0161irokim odpiranjem je na\u0161a 400 ml posoda za hrano pravi zmagovalec, ko gre za prehranjevanje na poti, zahvaljujo\u010d ekstra \u0161irokemu odpiranju in prakti\u010dnemu razdelilniku za uravnote\u017eenje razli\u010dnih okusov. Z vakuumsko izolacijo posoda za hrano ohranja hrano na \u017eeleni temperaturi brez potrebe po segrevanju in hlajenju. Prav tako je neprepustna in ima pokrov, ki se odpira navpi\u010dno za la\u017eji dostop.","og_url":"https:\/\/najnaj.eu\/sl\/izdelek\/citron-thermo-posoda-za-zivila-velika-400ml-crna\/","og_site_name":"NajNaj.eu","article_publisher":"https:\/\/web.facebook.com\/najnaj.eu\/","article_modified_time":"2025-10-01T08:01:37+00:00","og_image":[{"width":2000,"height":2000,"url":"https:\/\/najnaj.eu\/wp-content\/uploads\/2023\/12\/2022_FJ_400_Black.jpg","type":"image\/jpeg"}],"twitter_card":"summary_large_image","twitter_misc":{"Price":"45,99&nbsp;&euro;","Availability":"Out of stock"},"schema":{"@context":"https:\/\/schema.org","@graph":[{"@type":"WebPage","@id":"https:\/\/najnaj.eu\/sl\/izdelek\/citron-thermo-posoda-za-zivila-velika-400ml-crna\/","url":"https:\/\/najnaj.eu\/sl\/izdelek\/citron-thermo-posoda-za-zivila-velika-400ml-crna\/","name":"Citron Thermo posoda za \u017eivila velika 400ml \u010crna - NajNaj.eu","isPartOf":{"@id":"https:\/\/najnaj.eu\/sl\/#website"},"primaryImageOfPage":{"@id":"https:\/\/najnaj.eu\/sl\/izdelek\/citron-thermo-posoda-za-zivila-velika-400ml-crna\/#primaryimage"},"image":{"@id":"https:\/\/najnaj.eu\/sl\/izdelek\/citron-thermo-posoda-za-zivila-velika-400ml-crna\/#primaryimage"},"thumbnailUrl":"https:\/\/najnaj.eu\/wp-content\/uploads\/2023\/12\/2022_FJ_400_Black.jpg","datePublished":"2023-12-21T12:07:45+00:00","dateModified":"2025-10-01T08:01:37+00:00","breadcrumb":{"@id":"https:\/\/najnaj.eu\/sl\/izdelek\/citron-thermo-posoda-za-zivila-velika-400ml-crna\/#breadcrumb"},"inLanguage":"sl-SI","potentialAction":[{"@type":"ReadAction","target":["https:\/\/najnaj.eu\/sl\/izdelek\/citron-thermo-posoda-za-zivila-velika-400ml-crna\/"]}]},{"@type":"ImageObject","inLanguage":"sl-SI","@id":"https:\/\/najnaj.eu\/sl\/izdelek\/citron-thermo-posoda-za-zivila-velika-400ml-crna\/#primaryimage","url":"https:\/\/najnaj.eu\/wp-content\/uploads\/2023\/12\/2022_FJ_400_Black.jpg","contentUrl":"https:\/\/najnaj.eu\/wp-content\/uploads\/2023\/12\/2022_FJ_400_Black.jpg","width":2000,"height":2000},{"@type":"BreadcrumbList","@id":"https:\/\/najnaj.eu\/sl\/izdelek\/citron-thermo-posoda-za-zivila-velika-400ml-crna\/#breadcrumb","itemListElement":[{"@type":"ListItem","position":1,"name":"Po\u010detna stranica","item":"https:\/\/najnaj.eu\/sl\/prednja-stran\/"},{"@type":"ListItem","position":2,"name":"Shop","item":"https:\/\/najnaj.eu\/sl\/shop\/"},{"@type":"ListItem","position":3,"name":"Citron Thermo posoda za \u017eivila velika 400ml \u010crna"}]},{"@type":"WebSite","@id":"https:\/\/najnaj.eu\/sl\/#website","url":"https:\/\/najnaj.eu\/sl\/","name":"NajNaj.eu","description":"Za najva\u017enije!","publisher":{"@id":"https:\/\/najnaj.eu\/sl\/#organization"},"potentialAction":[{"@type":"SearchAction","target":{"@type":"EntryPoint","urlTemplate":"https:\/\/najnaj.eu\/sl\/?s={search_term_string}"},"query-input":{"@type":"PropertyValueSpecification","valueRequired":true,"valueName":"search_term_string"}}],"inLanguage":"sl-SI"},{"@type":"Organization","@id":"https:\/\/najnaj.eu\/sl\/#organization","name":"NajNaj.eu","url":"https:\/\/najnaj.eu\/sl\/","logo":{"@type":"ImageObject","inLanguage":"sl-SI","@id":"https:\/\/najnaj.eu\/sl\/#\/schema\/logo\/image\/","url":"https:\/\/najnaj.eu\/wp-content\/uploads\/2023\/09\/logo_Najnaj_2023.svg","contentUrl":"https:\/\/najnaj.eu\/wp-content\/uploads\/2023\/09\/logo_Najnaj_2023.svg","width":501,"height":278,"caption":"NajNaj.eu"},"image":{"@id":"https:\/\/najnaj.eu\/sl\/#\/schema\/logo\/image\/"},"sameAs":["https:\/\/web.facebook.com\/najnaj.eu\/","https:\/\/www.instagram.com\/najnaj.eu\/","https:\/\/www.tiktok.com\/@najnaj.eu"]}]},"product_brand":"Citron","product_price_amount":"45.99","product_price_currency":"EUR","og_availability":"out of stock","product_availability":"out of stock","product_retailer_item_id":"2022_FJ_400_Black","product_condition":"new"},"_links":{"self":[{"href":"https:\/\/najnaj.eu\/sl\/wp-json\/wp\/v2\/product\/193885","targetHints":{"allow":["GET"]}}],"collection":[{"href":"https:\/\/najnaj.eu\/sl\/wp-json\/wp\/v2\/product"}],"about":[{"href":"https:\/\/najnaj.eu\/sl\/wp-json\/wp\/v2\/types\/product"}],"replies":[{"embeddable":true,"href":"https:\/\/najnaj.eu\/sl\/wp-json\/wp\/v2\/comments?post=193885"}],"version-history":[{"count":0,"href":"https:\/\/najnaj.eu\/sl\/wp-json\/wp\/v2\/product\/193885\/revisions"}],"wp:featuredmedia":[{"embeddable":true,"href":"https:\/\/najnaj.eu\/sl\/wp-json\/wp\/v2\/media\/247465"}],"wp:attachment":[{"href":"https:\/\/najnaj.eu\/sl\/wp-json\/wp\/v2\/media?parent=193885"}],"wp:term":[{"taxonomy":"product_brand","embeddable":true,"href":"https:\/\/najnaj.eu\/sl\/wp-json\/wp\/v2\/product_brand?post=193885"},{"taxonomy":"product_cat","embeddable":true,"href":"https:\/\/najnaj.eu\/sl\/wp-json\/wp\/v2\/product_cat?post=193885"},{"taxonomy":"product_tag","embeddable":true,"href":"https:\/\/najnaj.eu\/sl\/wp-json\/wp\/v2\/product_tag?post=193885"}],"curies":[{"name":"wp","href":"https:\/\/api.w.org\/{rel}","templated":true}]}}