{"id":193881,"date":"2023-12-21T14:00:01","date_gmt":"2023-12-21T13:00:01","guid":{"rendered":"https:\/\/najnaj.eu\/proizvod\/citron-termo-roll-up-cesnja\/"},"modified":"2025-06-23T14:49:02","modified_gmt":"2025-06-23T12:49:02","slug":"citron-termo-roll-up-cesnja","status":"publish","type":"product","link":"https:\/\/najnaj.eu\/sl\/izdelek\/citron-termo-roll-up-cesnja\/","title":{"rendered":"Citron Termo Roll Up \u010de\u0161nja"},"content":{"rendered":"<p>+ Izolirano za ohranjanje temperature hrane<br \/>\n + Oblo\u017eeno z nestrupenim termi\u010dnim materialom<br \/>\n + V notranjosti je nalepka z imenom<br \/>\n + Opremljen z dvema stranskima \u017eepoma za 2 steklenici do 500 ml<br \/>\n + Vklju\u010duje snemljiv naramni trak za no\u0161enje \u010dez telo<br \/>\n + Prilo\u017eeni naramni trakovi za no\u0161enje kot nahrbtnik<br \/>\n + Primerno za otroke, starej\u0161e od 18 mesecev<\/p>\n<p><img loading=\"lazy\" decoding=\"async\" class=\"alignnone wp-image-211404 size-large\" src=\"https:\/\/najnaj.eu\/wp-content\/uploads\/2024\/01\/Thermal-Roll-Up-Lunch-Bag-Flowers-9-HR-1024x1024.jpg\" alt=\"\" width=\"980\" height=\"980\" srcset=\"https:\/\/najnaj.eu\/wp-content\/uploads\/2024\/01\/Thermal-Roll-Up-Lunch-Bag-Flowers-9-HR-1024x1024.jpg 1024w, https:\/\/najnaj.eu\/wp-content\/uploads\/2024\/01\/Thermal-Roll-Up-Lunch-Bag-Flowers-9-HR-324x324.jpg 324w, https:\/\/najnaj.eu\/wp-content\/uploads\/2024\/01\/Thermal-Roll-Up-Lunch-Bag-Flowers-9-HR-100x100.jpg 100w, https:\/\/najnaj.eu\/wp-content\/uploads\/2024\/01\/Thermal-Roll-Up-Lunch-Bag-Flowers-9-HR-1200x1200.jpg 1200w, https:\/\/najnaj.eu\/wp-content\/uploads\/2024\/01\/Thermal-Roll-Up-Lunch-Bag-Flowers-9-HR-300x300.jpg 300w, https:\/\/najnaj.eu\/wp-content\/uploads\/2024\/01\/Thermal-Roll-Up-Lunch-Bag-Flowers-9-HR-150x150.jpg 150w, https:\/\/najnaj.eu\/wp-content\/uploads\/2024\/01\/Thermal-Roll-Up-Lunch-Bag-Flowers-9-HR-768x768.jpg 768w, https:\/\/najnaj.eu\/wp-content\/uploads\/2024\/01\/Thermal-Roll-Up-Lunch-Bag-Flowers-9-HR-1536x1536.jpg 1536w, https:\/\/najnaj.eu\/wp-content\/uploads\/2024\/01\/Thermal-Roll-Up-Lunch-Bag-Flowers-9-HR-1440x1440.jpg 1440w, https:\/\/najnaj.eu\/wp-content\/uploads\/2024\/01\/Thermal-Roll-Up-Lunch-Bag-Flowers-9-HR-420x420.jpg 420w, https:\/\/najnaj.eu\/wp-content\/uploads\/2024\/01\/Thermal-Roll-Up-Lunch-Bag-Flowers-9-HR-50x50.jpg 50w, https:\/\/najnaj.eu\/wp-content\/uploads\/2024\/01\/Thermal-Roll-Up-Lunch-Bag-Flowers-9-HR.jpg 2048w\" sizes=\"auto, (max-width: 980px) 100vw, 980px\" \/><\/p>\n","protected":false},"excerpt":{"rendered":"<p>Na\u0161a izolirana vre\u010dka za kosilo Roll Up je narejena iz recikliranih plastenk za vodo, zato ni dobra le za planet, ampak je zasnovana tudi tako, da dlje \u010dasa ohranja hrano na \u017eeleni temperaturi, ne glede na to, ali je vro\u010da ali hladna. Prav tako je prostoren, omogo\u010da zlaganje predmetov, ki jih je mogo\u010de zlo\u017eiti, in ga lahko nosite na tri razli\u010dne na\u010dine za dodatno udobje in priro\u010dnost. <\/p>\n","protected":false},"featured_media":193273,"comment_status":"open","ping_status":"closed","template":"","meta":{"_acf_changed":false,"footnotes":""},"product_brand":[],"product_cat":[1398,1385],"product_tag":[],"class_list":{"0":"post-193881","1":"product","2":"type-product","3":"status-publish","4":"has-post-thumbnail","6":"product_cat-otroski-nahrbtniki","7":"product_cat-stvari-za-otroke","8":"pa_boja-bijela-sl","9":"pa_boja-roza-sl","10":"pa_brand-citron-sl","11":"pa_omiljeno-najljubsa-dekleta","13":"first","14":"outofstock","15":"sale","16":"shipping-taxable","17":"purchasable","18":"product-type-simple"},"bundled_by":[],"bundle_stock_status":"outofstock","bundle_stock_quantity":0,"bundle_virtual":false,"bundle_layout":"","bundle_add_to_cart_form_location":"","bundle_editable_in_cart":false,"bundle_sold_individually_context":"","bundle_item_grouping":"","bundle_min_size":"","bundle_max_size":"","bundle_price":[],"bundled_items":[],"bundle_sell_ids":[],"acf":[],"yoast_head":"<!-- This site is optimized with the Yoast SEO Premium plugin v21.5 (Yoast SEO v27.3) - https:\/\/yoast.com\/product\/yoast-seo-premium-wordpress\/ -->\n<title>Citron Termo Roll Up \u010de\u0161nja - NajNaj.eu<\/title>\n<meta name=\"robots\" content=\"index, follow, max-snippet:-1, max-image-preview:large, max-video-preview:-1\" \/>\n<link rel=\"canonical\" href=\"https:\/\/najnaj.eu\/sl\/izdelek\/citron-termo-roll-up-cesnja\/\" \/>\n<meta property=\"og:locale\" content=\"sl_SI\" \/>\n<meta property=\"og:type\" content=\"article\" \/>\n<meta property=\"og:title\" content=\"Citron Termo Roll Up \u010de\u0161nja\" \/>\n<meta property=\"og:description\" content=\"Na\u0161a izolirana vre\u010dka za kosilo Roll Up je narejena iz recikliranih plastenk za vodo, zato ni dobra le za planet, ampak je zasnovana tudi tako, da dlje \u010dasa ohranja hrano na \u017eeleni temperaturi, ne glede na to, ali je vro\u010da ali hladna. Prav tako je prostoren, omogo\u010da zlaganje predmetov, ki jih je mogo\u010de zlo\u017eiti, in ga lahko nosite na tri razli\u010dne na\u010dine za dodatno udobje in priro\u010dnost.\" \/>\n<meta property=\"og:url\" content=\"https:\/\/najnaj.eu\/sl\/izdelek\/citron-termo-roll-up-cesnja\/\" \/>\n<meta property=\"og:site_name\" content=\"NajNaj.eu\" \/>\n<meta property=\"article:publisher\" content=\"https:\/\/web.facebook.com\/najnaj.eu\/\" \/>\n<meta property=\"article:modified_time\" content=\"2025-06-23T12:49:02+00:00\" \/>\n<meta property=\"og:image\" content=\"https:\/\/najnaj.eu\/wp-content\/uploads\/2023\/12\/Z1018-Cherry-Extra-1.jpg\" \/>\n\t<meta property=\"og:image:width\" content=\"1739\" \/>\n\t<meta property=\"og:image:height\" content=\"2400\" \/>\n\t<meta property=\"og:image:type\" content=\"image\/jpeg\" \/>\n<meta name=\"twitter:card\" content=\"summary_large_image\" \/>\n<meta name=\"twitter:label1\" content=\"Price\" \/>\n\t<meta name=\"twitter:data1\" content=\"44,99&nbsp;&euro;\" \/>\n\t<meta name=\"twitter:label2\" content=\"Availability\" \/>\n\t<meta name=\"twitter:data2\" content=\"Out of stock\" \/>\n<script type=\"application\/ld+json\" class=\"yoast-schema-graph\">{\"@context\":\"https:\\\/\\\/schema.org\",\"@graph\":[{\"@type\":\"WebPage\",\"@id\":\"https:\\\/\\\/najnaj.eu\\\/sl\\\/izdelek\\\/citron-termo-roll-up-cesnja\\\/\",\"url\":\"https:\\\/\\\/najnaj.eu\\\/sl\\\/izdelek\\\/citron-termo-roll-up-cesnja\\\/\",\"name\":\"Citron Termo Roll Up \u010de\u0161nja - NajNaj.eu\",\"isPartOf\":{\"@id\":\"https:\\\/\\\/najnaj.eu\\\/sl\\\/#website\"},\"primaryImageOfPage\":{\"@id\":\"https:\\\/\\\/najnaj.eu\\\/sl\\\/izdelek\\\/citron-termo-roll-up-cesnja\\\/#primaryimage\"},\"image\":{\"@id\":\"https:\\\/\\\/najnaj.eu\\\/sl\\\/izdelek\\\/citron-termo-roll-up-cesnja\\\/#primaryimage\"},\"thumbnailUrl\":\"https:\\\/\\\/najnaj.eu\\\/wp-content\\\/uploads\\\/2023\\\/12\\\/Z1018-Cherry-Extra-1.jpg\",\"datePublished\":\"2023-12-21T13:00:01+00:00\",\"dateModified\":\"2025-06-23T12:49:02+00:00\",\"breadcrumb\":{\"@id\":\"https:\\\/\\\/najnaj.eu\\\/sl\\\/izdelek\\\/citron-termo-roll-up-cesnja\\\/#breadcrumb\"},\"inLanguage\":\"sl-SI\",\"potentialAction\":[{\"@type\":\"ReadAction\",\"target\":[\"https:\\\/\\\/najnaj.eu\\\/sl\\\/izdelek\\\/citron-termo-roll-up-cesnja\\\/\"]}]},{\"@type\":\"ImageObject\",\"inLanguage\":\"sl-SI\",\"@id\":\"https:\\\/\\\/najnaj.eu\\\/sl\\\/izdelek\\\/citron-termo-roll-up-cesnja\\\/#primaryimage\",\"url\":\"https:\\\/\\\/najnaj.eu\\\/wp-content\\\/uploads\\\/2023\\\/12\\\/Z1018-Cherry-Extra-1.jpg\",\"contentUrl\":\"https:\\\/\\\/najnaj.eu\\\/wp-content\\\/uploads\\\/2023\\\/12\\\/Z1018-Cherry-Extra-1.jpg\",\"width\":1739,\"height\":2400},{\"@type\":\"BreadcrumbList\",\"@id\":\"https:\\\/\\\/najnaj.eu\\\/sl\\\/izdelek\\\/citron-termo-roll-up-cesnja\\\/#breadcrumb\",\"itemListElement\":[{\"@type\":\"ListItem\",\"position\":1,\"name\":\"Po\u010detna stranica\",\"item\":\"https:\\\/\\\/najnaj.eu\\\/sl\\\/prednja-stran\\\/\"},{\"@type\":\"ListItem\",\"position\":2,\"name\":\"Shop\",\"item\":\"https:\\\/\\\/najnaj.eu\\\/sl\\\/shop\\\/\"},{\"@type\":\"ListItem\",\"position\":3,\"name\":\"Citron Termo Roll Up \u010de\u0161nja\"}]},{\"@type\":\"WebSite\",\"@id\":\"https:\\\/\\\/najnaj.eu\\\/sl\\\/#website\",\"url\":\"https:\\\/\\\/najnaj.eu\\\/sl\\\/\",\"name\":\"NajNaj.eu\",\"description\":\"Za najva\u017enije!\",\"publisher\":{\"@id\":\"https:\\\/\\\/najnaj.eu\\\/sl\\\/#organization\"},\"potentialAction\":[{\"@type\":\"SearchAction\",\"target\":{\"@type\":\"EntryPoint\",\"urlTemplate\":\"https:\\\/\\\/najnaj.eu\\\/sl\\\/?s={search_term_string}\"},\"query-input\":{\"@type\":\"PropertyValueSpecification\",\"valueRequired\":true,\"valueName\":\"search_term_string\"}}],\"inLanguage\":\"sl-SI\"},{\"@type\":\"Organization\",\"@id\":\"https:\\\/\\\/najnaj.eu\\\/sl\\\/#organization\",\"name\":\"NajNaj.eu\",\"url\":\"https:\\\/\\\/najnaj.eu\\\/sl\\\/\",\"logo\":{\"@type\":\"ImageObject\",\"inLanguage\":\"sl-SI\",\"@id\":\"https:\\\/\\\/najnaj.eu\\\/sl\\\/#\\\/schema\\\/logo\\\/image\\\/\",\"url\":\"https:\\\/\\\/najnaj.eu\\\/wp-content\\\/uploads\\\/2023\\\/09\\\/logo_Najnaj_2023.svg\",\"contentUrl\":\"https:\\\/\\\/najnaj.eu\\\/wp-content\\\/uploads\\\/2023\\\/09\\\/logo_Najnaj_2023.svg\",\"width\":501,\"height\":278,\"caption\":\"NajNaj.eu\"},\"image\":{\"@id\":\"https:\\\/\\\/najnaj.eu\\\/sl\\\/#\\\/schema\\\/logo\\\/image\\\/\"},\"sameAs\":[\"https:\\\/\\\/web.facebook.com\\\/najnaj.eu\\\/\",\"https:\\\/\\\/www.instagram.com\\\/najnaj.eu\\\/\",\"https:\\\/\\\/www.tiktok.com\\\/@najnaj.eu\"]}]}<\/script>\n<meta property=\"product:brand\" content=\"Citron\" \/>\n<meta property=\"product:price:amount\" content=\"44.99\" \/>\n<meta property=\"product:price:currency\" content=\"EUR\" \/>\n<meta property=\"og:availability\" content=\"out of stock\" \/>\n<meta property=\"product:availability\" content=\"out of stock\" \/>\n<meta property=\"product:retailer_item_id\" content=\"roll_lunchbag_cherry\" \/>\n<meta property=\"product:condition\" content=\"new\" \/>\n<!-- \/ Yoast SEO Premium plugin. -->","yoast_head_json":{"title":"Citron Termo Roll Up \u010de\u0161nja - NajNaj.eu","robots":{"index":"index","follow":"follow","max-snippet":"max-snippet:-1","max-image-preview":"max-image-preview:large","max-video-preview":"max-video-preview:-1"},"canonical":"https:\/\/najnaj.eu\/sl\/izdelek\/citron-termo-roll-up-cesnja\/","og_locale":"sl_SI","og_type":"article","og_title":"Citron Termo Roll Up \u010de\u0161nja","og_description":"Na\u0161a izolirana vre\u010dka za kosilo Roll Up je narejena iz recikliranih plastenk za vodo, zato ni dobra le za planet, ampak je zasnovana tudi tako, da dlje \u010dasa ohranja hrano na \u017eeleni temperaturi, ne glede na to, ali je vro\u010da ali hladna. Prav tako je prostoren, omogo\u010da zlaganje predmetov, ki jih je mogo\u010de zlo\u017eiti, in ga lahko nosite na tri razli\u010dne na\u010dine za dodatno udobje in priro\u010dnost.","og_url":"https:\/\/najnaj.eu\/sl\/izdelek\/citron-termo-roll-up-cesnja\/","og_site_name":"NajNaj.eu","article_publisher":"https:\/\/web.facebook.com\/najnaj.eu\/","article_modified_time":"2025-06-23T12:49:02+00:00","og_image":[{"width":1739,"height":2400,"url":"https:\/\/najnaj.eu\/wp-content\/uploads\/2023\/12\/Z1018-Cherry-Extra-1.jpg","type":"image\/jpeg"}],"twitter_card":"summary_large_image","twitter_misc":{"Price":"44,99&nbsp;&euro;","Availability":"Out of stock"},"schema":{"@context":"https:\/\/schema.org","@graph":[{"@type":"WebPage","@id":"https:\/\/najnaj.eu\/sl\/izdelek\/citron-termo-roll-up-cesnja\/","url":"https:\/\/najnaj.eu\/sl\/izdelek\/citron-termo-roll-up-cesnja\/","name":"Citron Termo Roll Up \u010de\u0161nja - NajNaj.eu","isPartOf":{"@id":"https:\/\/najnaj.eu\/sl\/#website"},"primaryImageOfPage":{"@id":"https:\/\/najnaj.eu\/sl\/izdelek\/citron-termo-roll-up-cesnja\/#primaryimage"},"image":{"@id":"https:\/\/najnaj.eu\/sl\/izdelek\/citron-termo-roll-up-cesnja\/#primaryimage"},"thumbnailUrl":"https:\/\/najnaj.eu\/wp-content\/uploads\/2023\/12\/Z1018-Cherry-Extra-1.jpg","datePublished":"2023-12-21T13:00:01+00:00","dateModified":"2025-06-23T12:49:02+00:00","breadcrumb":{"@id":"https:\/\/najnaj.eu\/sl\/izdelek\/citron-termo-roll-up-cesnja\/#breadcrumb"},"inLanguage":"sl-SI","potentialAction":[{"@type":"ReadAction","target":["https:\/\/najnaj.eu\/sl\/izdelek\/citron-termo-roll-up-cesnja\/"]}]},{"@type":"ImageObject","inLanguage":"sl-SI","@id":"https:\/\/najnaj.eu\/sl\/izdelek\/citron-termo-roll-up-cesnja\/#primaryimage","url":"https:\/\/najnaj.eu\/wp-content\/uploads\/2023\/12\/Z1018-Cherry-Extra-1.jpg","contentUrl":"https:\/\/najnaj.eu\/wp-content\/uploads\/2023\/12\/Z1018-Cherry-Extra-1.jpg","width":1739,"height":2400},{"@type":"BreadcrumbList","@id":"https:\/\/najnaj.eu\/sl\/izdelek\/citron-termo-roll-up-cesnja\/#breadcrumb","itemListElement":[{"@type":"ListItem","position":1,"name":"Po\u010detna stranica","item":"https:\/\/najnaj.eu\/sl\/prednja-stran\/"},{"@type":"ListItem","position":2,"name":"Shop","item":"https:\/\/najnaj.eu\/sl\/shop\/"},{"@type":"ListItem","position":3,"name":"Citron Termo Roll Up \u010de\u0161nja"}]},{"@type":"WebSite","@id":"https:\/\/najnaj.eu\/sl\/#website","url":"https:\/\/najnaj.eu\/sl\/","name":"NajNaj.eu","description":"Za najva\u017enije!","publisher":{"@id":"https:\/\/najnaj.eu\/sl\/#organization"},"potentialAction":[{"@type":"SearchAction","target":{"@type":"EntryPoint","urlTemplate":"https:\/\/najnaj.eu\/sl\/?s={search_term_string}"},"query-input":{"@type":"PropertyValueSpecification","valueRequired":true,"valueName":"search_term_string"}}],"inLanguage":"sl-SI"},{"@type":"Organization","@id":"https:\/\/najnaj.eu\/sl\/#organization","name":"NajNaj.eu","url":"https:\/\/najnaj.eu\/sl\/","logo":{"@type":"ImageObject","inLanguage":"sl-SI","@id":"https:\/\/najnaj.eu\/sl\/#\/schema\/logo\/image\/","url":"https:\/\/najnaj.eu\/wp-content\/uploads\/2023\/09\/logo_Najnaj_2023.svg","contentUrl":"https:\/\/najnaj.eu\/wp-content\/uploads\/2023\/09\/logo_Najnaj_2023.svg","width":501,"height":278,"caption":"NajNaj.eu"},"image":{"@id":"https:\/\/najnaj.eu\/sl\/#\/schema\/logo\/image\/"},"sameAs":["https:\/\/web.facebook.com\/najnaj.eu\/","https:\/\/www.instagram.com\/najnaj.eu\/","https:\/\/www.tiktok.com\/@najnaj.eu"]}]},"product_brand":"Citron","product_price_amount":"44.99","product_price_currency":"EUR","og_availability":"out of stock","product_availability":"out of stock","product_retailer_item_id":"roll_lunchbag_cherry","product_condition":"new"},"_links":{"self":[{"href":"https:\/\/najnaj.eu\/sl\/wp-json\/wp\/v2\/product\/193881","targetHints":{"allow":["GET"]}}],"collection":[{"href":"https:\/\/najnaj.eu\/sl\/wp-json\/wp\/v2\/product"}],"about":[{"href":"https:\/\/najnaj.eu\/sl\/wp-json\/wp\/v2\/types\/product"}],"replies":[{"embeddable":true,"href":"https:\/\/najnaj.eu\/sl\/wp-json\/wp\/v2\/comments?post=193881"}],"version-history":[{"count":0,"href":"https:\/\/najnaj.eu\/sl\/wp-json\/wp\/v2\/product\/193881\/revisions"}],"wp:featuredmedia":[{"embeddable":true,"href":"https:\/\/najnaj.eu\/sl\/wp-json\/wp\/v2\/media\/193273"}],"wp:attachment":[{"href":"https:\/\/najnaj.eu\/sl\/wp-json\/wp\/v2\/media?parent=193881"}],"wp:term":[{"taxonomy":"product_brand","embeddable":true,"href":"https:\/\/najnaj.eu\/sl\/wp-json\/wp\/v2\/product_brand?post=193881"},{"taxonomy":"product_cat","embeddable":true,"href":"https:\/\/najnaj.eu\/sl\/wp-json\/wp\/v2\/product_cat?post=193881"},{"taxonomy":"product_tag","embeddable":true,"href":"https:\/\/najnaj.eu\/sl\/wp-json\/wp\/v2\/product_tag?post=193881"}],"curies":[{"name":"wp","href":"https:\/\/api.w.org\/{rel}","templated":true}]}}