{"id":192865,"date":"2023-12-01T13:15:11","date_gmt":"2023-12-01T12:15:11","guid":{"rendered":"https:\/\/najnaj.eu\/proizvod\/trajno-nizka-cena-icandy-apple-2-pear-duo-pod-chilli-luksuzna-torba-za-noge\/"},"modified":"2025-02-06T11:01:56","modified_gmt":"2025-02-06T10:01:56","slug":"trajno-nizka-cena-icandy-apple-2-pear-duo-pod-chilli-luksuzna-torba-za-noge","status":"publish","type":"product","link":"https:\/\/najnaj.eu\/sl\/izdelek\/trajno-nizka-cena-icandy-apple-2-pear-duo-pod-chilli-luksuzna-torba-za-noge\/","title":{"rendered":"TRAJNO NIZKA CENA! iCandy Apple 2 Pear Duo Pod, Chilli, luksuzna torba za noge"},"content":{"rendered":"<p>Ta prakti\u010den komplet je vse, kar potrebujete, da va\u0161 otrok ob\u010duti vse razko\u0161je, ki ga ponuja vozi\u010dek iCandy. Komplet je sestavljen iz zimske vre\u010de, ki s svojo razko\u0161no prevleko greje va\u0161a obla\u010dila v mrzlih zimskih dneh. z nastopom lepega vremena preprosto odstranite zgornjo prevleko, obrnite prevleko in \u017ee imate dodatno podlogo za \u0161e ve\u010dje udobje va\u0161ega otroka.<\/p>\n","protected":false},"excerpt":{"rendered":"<p>Ta prakti\u010den komplet je vse, kar potrebujete, da va\u0161 otrok ob\u010duti vse razko\u0161je, ki ga ponuja vozi\u010dek iCandy. Komplet je sestavljen iz zimske vre\u010de, ki s svojo razko\u0161no prevleko greje [&hellip;]<\/p>\n","protected":false},"featured_media":192452,"comment_status":"open","ping_status":"closed","template":"","meta":{"_acf_changed":false,"footnotes":""},"product_brand":[],"product_cat":[1280],"product_tag":[],"class_list":{"0":"post-192865","1":"product","2":"type-product","3":"status-publish","4":"has-post-thumbnail","6":"product_cat-odlicna-priloznost","8":"first","9":"instock","10":"sale","11":"shipping-taxable","12":"purchasable","13":"product-type-simple"},"bundled_by":[],"bundle_stock_status":"instock","bundle_stock_quantity":1,"bundle_virtual":false,"bundle_layout":"","bundle_add_to_cart_form_location":"","bundle_editable_in_cart":false,"bundle_sold_individually_context":"","bundle_item_grouping":"","bundle_min_size":"","bundle_max_size":"","bundle_price":[],"bundled_items":[],"bundle_sell_ids":[],"acf":[],"yoast_head":"<!-- This site is optimized with the Yoast SEO Premium plugin v21.5 (Yoast SEO v27.3) - https:\/\/yoast.com\/product\/yoast-seo-premium-wordpress\/ -->\n<title>TRAJNO NIZKA CENA! iCandy Apple 2 Pear Duo Pod, Chilli, luksuzna torba za noge - NajNaj.eu<\/title>\n<meta name=\"robots\" content=\"index, follow, max-snippet:-1, max-image-preview:large, max-video-preview:-1\" \/>\n<link rel=\"canonical\" href=\"https:\/\/najnaj.eu\/sl\/izdelek\/trajno-nizka-cena-icandy-apple-2-pear-duo-pod-chilli-luksuzna-torba-za-noge\/\" \/>\n<meta property=\"og:locale\" content=\"sl_SI\" \/>\n<meta property=\"og:type\" content=\"article\" \/>\n<meta property=\"og:title\" content=\"TRAJNO NIZKA CENA! iCandy Apple 2 Pear Duo Pod, Chilli, luksuzna torba za noge\" \/>\n<meta property=\"og:description\" content=\"Ta prakti\u010den komplet je vse, kar potrebujete, da va\u0161 otrok ob\u010duti vse razko\u0161je, ki ga ponuja vozi\u010dek iCandy. Komplet je sestavljen iz zimske vre\u010de, ki s svojo razko\u0161no prevleko greje [&hellip;]\" \/>\n<meta property=\"og:url\" content=\"https:\/\/najnaj.eu\/sl\/izdelek\/trajno-nizka-cena-icandy-apple-2-pear-duo-pod-chilli-luksuzna-torba-za-noge\/\" \/>\n<meta property=\"og:site_name\" content=\"NajNaj.eu\" \/>\n<meta property=\"article:publisher\" content=\"https:\/\/web.facebook.com\/najnaj.eu\/\" \/>\n<meta property=\"article:modified_time\" content=\"2025-02-06T10:01:56+00:00\" \/>\n<meta property=\"og:image\" content=\"https:\/\/najnaj.eu\/wp-content\/uploads\/2023\/12\/apple-2-pear-chilli-crvena.webp\" \/>\n\t<meta property=\"og:image:width\" content=\"394\" \/>\n\t<meta property=\"og:image:height\" content=\"394\" \/>\n\t<meta property=\"og:image:type\" content=\"image\/webp\" \/>\n<meta name=\"twitter:card\" content=\"summary_large_image\" \/>\n<meta name=\"twitter:label1\" content=\"Price\" \/>\n\t<meta name=\"twitter:data1\" content=\"30,00&nbsp;&euro;\" \/>\n\t<meta name=\"twitter:label2\" content=\"Availability\" \/>\n\t<meta name=\"twitter:data2\" content=\"In stock\" \/>\n<script type=\"application\/ld+json\" class=\"yoast-schema-graph\">{\"@context\":\"https:\\\/\\\/schema.org\",\"@graph\":[{\"@type\":\"WebPage\",\"@id\":\"https:\\\/\\\/najnaj.eu\\\/sl\\\/izdelek\\\/trajno-nizka-cena-icandy-apple-2-pear-duo-pod-chilli-luksuzna-torba-za-noge\\\/\",\"url\":\"https:\\\/\\\/najnaj.eu\\\/sl\\\/izdelek\\\/trajno-nizka-cena-icandy-apple-2-pear-duo-pod-chilli-luksuzna-torba-za-noge\\\/\",\"name\":\"TRAJNO NIZKA CENA! iCandy Apple 2 Pear Duo Pod, Chilli, luksuzna torba za noge - NajNaj.eu\",\"isPartOf\":{\"@id\":\"https:\\\/\\\/najnaj.eu\\\/sl\\\/#website\"},\"primaryImageOfPage\":{\"@id\":\"https:\\\/\\\/najnaj.eu\\\/sl\\\/izdelek\\\/trajno-nizka-cena-icandy-apple-2-pear-duo-pod-chilli-luksuzna-torba-za-noge\\\/#primaryimage\"},\"image\":{\"@id\":\"https:\\\/\\\/najnaj.eu\\\/sl\\\/izdelek\\\/trajno-nizka-cena-icandy-apple-2-pear-duo-pod-chilli-luksuzna-torba-za-noge\\\/#primaryimage\"},\"thumbnailUrl\":\"https:\\\/\\\/najnaj.eu\\\/wp-content\\\/uploads\\\/2023\\\/12\\\/apple-2-pear-chilli-crvena.webp\",\"datePublished\":\"2023-12-01T12:15:11+00:00\",\"dateModified\":\"2025-02-06T10:01:56+00:00\",\"breadcrumb\":{\"@id\":\"https:\\\/\\\/najnaj.eu\\\/sl\\\/izdelek\\\/trajno-nizka-cena-icandy-apple-2-pear-duo-pod-chilli-luksuzna-torba-za-noge\\\/#breadcrumb\"},\"inLanguage\":\"sl-SI\",\"potentialAction\":[{\"@type\":\"ReadAction\",\"target\":[\"https:\\\/\\\/najnaj.eu\\\/sl\\\/izdelek\\\/trajno-nizka-cena-icandy-apple-2-pear-duo-pod-chilli-luksuzna-torba-za-noge\\\/\"]}]},{\"@type\":\"ImageObject\",\"inLanguage\":\"sl-SI\",\"@id\":\"https:\\\/\\\/najnaj.eu\\\/sl\\\/izdelek\\\/trajno-nizka-cena-icandy-apple-2-pear-duo-pod-chilli-luksuzna-torba-za-noge\\\/#primaryimage\",\"url\":\"https:\\\/\\\/najnaj.eu\\\/wp-content\\\/uploads\\\/2023\\\/12\\\/apple-2-pear-chilli-crvena.webp\",\"contentUrl\":\"https:\\\/\\\/najnaj.eu\\\/wp-content\\\/uploads\\\/2023\\\/12\\\/apple-2-pear-chilli-crvena.webp\",\"width\":394,\"height\":394},{\"@type\":\"BreadcrumbList\",\"@id\":\"https:\\\/\\\/najnaj.eu\\\/sl\\\/izdelek\\\/trajno-nizka-cena-icandy-apple-2-pear-duo-pod-chilli-luksuzna-torba-za-noge\\\/#breadcrumb\",\"itemListElement\":[{\"@type\":\"ListItem\",\"position\":1,\"name\":\"Po\u010detna stranica\",\"item\":\"https:\\\/\\\/najnaj.eu\\\/sl\\\/prednja-stran\\\/\"},{\"@type\":\"ListItem\",\"position\":2,\"name\":\"Shop\",\"item\":\"https:\\\/\\\/najnaj.eu\\\/sl\\\/shop\\\/\"},{\"@type\":\"ListItem\",\"position\":3,\"name\":\"TRAJNO NIZKA CENA! iCandy Apple 2 Pear Duo Pod, Chilli, luksuzna torba za noge\"}]},{\"@type\":\"WebSite\",\"@id\":\"https:\\\/\\\/najnaj.eu\\\/sl\\\/#website\",\"url\":\"https:\\\/\\\/najnaj.eu\\\/sl\\\/\",\"name\":\"NajNaj.eu\",\"description\":\"Za najva\u017enije!\",\"publisher\":{\"@id\":\"https:\\\/\\\/najnaj.eu\\\/sl\\\/#organization\"},\"potentialAction\":[{\"@type\":\"SearchAction\",\"target\":{\"@type\":\"EntryPoint\",\"urlTemplate\":\"https:\\\/\\\/najnaj.eu\\\/sl\\\/?s={search_term_string}\"},\"query-input\":{\"@type\":\"PropertyValueSpecification\",\"valueRequired\":true,\"valueName\":\"search_term_string\"}}],\"inLanguage\":\"sl-SI\"},{\"@type\":\"Organization\",\"@id\":\"https:\\\/\\\/najnaj.eu\\\/sl\\\/#organization\",\"name\":\"NajNaj.eu\",\"url\":\"https:\\\/\\\/najnaj.eu\\\/sl\\\/\",\"logo\":{\"@type\":\"ImageObject\",\"inLanguage\":\"sl-SI\",\"@id\":\"https:\\\/\\\/najnaj.eu\\\/sl\\\/#\\\/schema\\\/logo\\\/image\\\/\",\"url\":\"https:\\\/\\\/najnaj.eu\\\/wp-content\\\/uploads\\\/2023\\\/09\\\/logo_Najnaj_2023.svg\",\"contentUrl\":\"https:\\\/\\\/najnaj.eu\\\/wp-content\\\/uploads\\\/2023\\\/09\\\/logo_Najnaj_2023.svg\",\"width\":501,\"height\":278,\"caption\":\"NajNaj.eu\"},\"image\":{\"@id\":\"https:\\\/\\\/najnaj.eu\\\/sl\\\/#\\\/schema\\\/logo\\\/image\\\/\"},\"sameAs\":[\"https:\\\/\\\/web.facebook.com\\\/najnaj.eu\\\/\",\"https:\\\/\\\/www.instagram.com\\\/najnaj.eu\\\/\",\"https:\\\/\\\/www.tiktok.com\\\/@najnaj.eu\"]}]}<\/script>\n<meta property=\"product:price:amount\" content=\"30.00\" \/>\n<meta property=\"product:price:currency\" content=\"EUR\" \/>\n<meta property=\"og:availability\" content=\"instock\" \/>\n<meta property=\"product:availability\" content=\"instock\" \/>\n<meta property=\"product:retailer_item_id\" content=\"IC850-IP\" \/>\n<meta property=\"product:condition\" content=\"new\" \/>\n<!-- \/ Yoast SEO Premium plugin. -->","yoast_head_json":{"title":"TRAJNO NIZKA CENA! iCandy Apple 2 Pear Duo Pod, Chilli, luksuzna torba za noge - NajNaj.eu","robots":{"index":"index","follow":"follow","max-snippet":"max-snippet:-1","max-image-preview":"max-image-preview:large","max-video-preview":"max-video-preview:-1"},"canonical":"https:\/\/najnaj.eu\/sl\/izdelek\/trajno-nizka-cena-icandy-apple-2-pear-duo-pod-chilli-luksuzna-torba-za-noge\/","og_locale":"sl_SI","og_type":"article","og_title":"TRAJNO NIZKA CENA! iCandy Apple 2 Pear Duo Pod, Chilli, luksuzna torba za noge","og_description":"Ta prakti\u010den komplet je vse, kar potrebujete, da va\u0161 otrok ob\u010duti vse razko\u0161je, ki ga ponuja vozi\u010dek iCandy. Komplet je sestavljen iz zimske vre\u010de, ki s svojo razko\u0161no prevleko greje [&hellip;]","og_url":"https:\/\/najnaj.eu\/sl\/izdelek\/trajno-nizka-cena-icandy-apple-2-pear-duo-pod-chilli-luksuzna-torba-za-noge\/","og_site_name":"NajNaj.eu","article_publisher":"https:\/\/web.facebook.com\/najnaj.eu\/","article_modified_time":"2025-02-06T10:01:56+00:00","og_image":[{"width":394,"height":394,"url":"https:\/\/najnaj.eu\/wp-content\/uploads\/2023\/12\/apple-2-pear-chilli-crvena.webp","type":"image\/webp"}],"twitter_card":"summary_large_image","twitter_misc":{"Price":"30,00&nbsp;&euro;","Availability":"In stock"},"schema":{"@context":"https:\/\/schema.org","@graph":[{"@type":"WebPage","@id":"https:\/\/najnaj.eu\/sl\/izdelek\/trajno-nizka-cena-icandy-apple-2-pear-duo-pod-chilli-luksuzna-torba-za-noge\/","url":"https:\/\/najnaj.eu\/sl\/izdelek\/trajno-nizka-cena-icandy-apple-2-pear-duo-pod-chilli-luksuzna-torba-za-noge\/","name":"TRAJNO NIZKA CENA! iCandy Apple 2 Pear Duo Pod, Chilli, luksuzna torba za noge - NajNaj.eu","isPartOf":{"@id":"https:\/\/najnaj.eu\/sl\/#website"},"primaryImageOfPage":{"@id":"https:\/\/najnaj.eu\/sl\/izdelek\/trajno-nizka-cena-icandy-apple-2-pear-duo-pod-chilli-luksuzna-torba-za-noge\/#primaryimage"},"image":{"@id":"https:\/\/najnaj.eu\/sl\/izdelek\/trajno-nizka-cena-icandy-apple-2-pear-duo-pod-chilli-luksuzna-torba-za-noge\/#primaryimage"},"thumbnailUrl":"https:\/\/najnaj.eu\/wp-content\/uploads\/2023\/12\/apple-2-pear-chilli-crvena.webp","datePublished":"2023-12-01T12:15:11+00:00","dateModified":"2025-02-06T10:01:56+00:00","breadcrumb":{"@id":"https:\/\/najnaj.eu\/sl\/izdelek\/trajno-nizka-cena-icandy-apple-2-pear-duo-pod-chilli-luksuzna-torba-za-noge\/#breadcrumb"},"inLanguage":"sl-SI","potentialAction":[{"@type":"ReadAction","target":["https:\/\/najnaj.eu\/sl\/izdelek\/trajno-nizka-cena-icandy-apple-2-pear-duo-pod-chilli-luksuzna-torba-za-noge\/"]}]},{"@type":"ImageObject","inLanguage":"sl-SI","@id":"https:\/\/najnaj.eu\/sl\/izdelek\/trajno-nizka-cena-icandy-apple-2-pear-duo-pod-chilli-luksuzna-torba-za-noge\/#primaryimage","url":"https:\/\/najnaj.eu\/wp-content\/uploads\/2023\/12\/apple-2-pear-chilli-crvena.webp","contentUrl":"https:\/\/najnaj.eu\/wp-content\/uploads\/2023\/12\/apple-2-pear-chilli-crvena.webp","width":394,"height":394},{"@type":"BreadcrumbList","@id":"https:\/\/najnaj.eu\/sl\/izdelek\/trajno-nizka-cena-icandy-apple-2-pear-duo-pod-chilli-luksuzna-torba-za-noge\/#breadcrumb","itemListElement":[{"@type":"ListItem","position":1,"name":"Po\u010detna stranica","item":"https:\/\/najnaj.eu\/sl\/prednja-stran\/"},{"@type":"ListItem","position":2,"name":"Shop","item":"https:\/\/najnaj.eu\/sl\/shop\/"},{"@type":"ListItem","position":3,"name":"TRAJNO NIZKA CENA! iCandy Apple 2 Pear Duo Pod, Chilli, luksuzna torba za noge"}]},{"@type":"WebSite","@id":"https:\/\/najnaj.eu\/sl\/#website","url":"https:\/\/najnaj.eu\/sl\/","name":"NajNaj.eu","description":"Za najva\u017enije!","publisher":{"@id":"https:\/\/najnaj.eu\/sl\/#organization"},"potentialAction":[{"@type":"SearchAction","target":{"@type":"EntryPoint","urlTemplate":"https:\/\/najnaj.eu\/sl\/?s={search_term_string}"},"query-input":{"@type":"PropertyValueSpecification","valueRequired":true,"valueName":"search_term_string"}}],"inLanguage":"sl-SI"},{"@type":"Organization","@id":"https:\/\/najnaj.eu\/sl\/#organization","name":"NajNaj.eu","url":"https:\/\/najnaj.eu\/sl\/","logo":{"@type":"ImageObject","inLanguage":"sl-SI","@id":"https:\/\/najnaj.eu\/sl\/#\/schema\/logo\/image\/","url":"https:\/\/najnaj.eu\/wp-content\/uploads\/2023\/09\/logo_Najnaj_2023.svg","contentUrl":"https:\/\/najnaj.eu\/wp-content\/uploads\/2023\/09\/logo_Najnaj_2023.svg","width":501,"height":278,"caption":"NajNaj.eu"},"image":{"@id":"https:\/\/najnaj.eu\/sl\/#\/schema\/logo\/image\/"},"sameAs":["https:\/\/web.facebook.com\/najnaj.eu\/","https:\/\/www.instagram.com\/najnaj.eu\/","https:\/\/www.tiktok.com\/@najnaj.eu"]}]},"product_price_amount":"30.00","product_price_currency":"EUR","og_availability":"instock","product_availability":"instock","product_retailer_item_id":"IC850-IP","product_condition":"new"},"_links":{"self":[{"href":"https:\/\/najnaj.eu\/sl\/wp-json\/wp\/v2\/product\/192865","targetHints":{"allow":["GET"]}}],"collection":[{"href":"https:\/\/najnaj.eu\/sl\/wp-json\/wp\/v2\/product"}],"about":[{"href":"https:\/\/najnaj.eu\/sl\/wp-json\/wp\/v2\/types\/product"}],"replies":[{"embeddable":true,"href":"https:\/\/najnaj.eu\/sl\/wp-json\/wp\/v2\/comments?post=192865"}],"version-history":[{"count":0,"href":"https:\/\/najnaj.eu\/sl\/wp-json\/wp\/v2\/product\/192865\/revisions"}],"wp:featuredmedia":[{"embeddable":true,"href":"https:\/\/najnaj.eu\/sl\/wp-json\/wp\/v2\/media\/192452"}],"wp:attachment":[{"href":"https:\/\/najnaj.eu\/sl\/wp-json\/wp\/v2\/media?parent=192865"}],"wp:term":[{"taxonomy":"product_brand","embeddable":true,"href":"https:\/\/najnaj.eu\/sl\/wp-json\/wp\/v2\/product_brand?post=192865"},{"taxonomy":"product_cat","embeddable":true,"href":"https:\/\/najnaj.eu\/sl\/wp-json\/wp\/v2\/product_cat?post=192865"},{"taxonomy":"product_tag","embeddable":true,"href":"https:\/\/najnaj.eu\/sl\/wp-json\/wp\/v2\/product_tag?post=192865"}],"curies":[{"name":"wp","href":"https:\/\/api.w.org\/{rel}","templated":true}]}}