{"id":192864,"date":"2023-05-27T14:04:42","date_gmt":"2023-05-27T12:04:42","guid":{"rendered":"https:\/\/najnaj.eu\/proizvod\/voksi-zimska-vreca-adventure-modra\/"},"modified":"2025-02-06T11:57:14","modified_gmt":"2025-02-06T10:57:14","slug":"voksi-zimska-vreca-adventure-modra","status":"publish","type":"product","link":"https:\/\/najnaj.eu\/sl\/izdelek\/voksi-zimska-vreca-adventure-modra\/","title":{"rendered":"Voksi zimska vre\u010da, Adventure, modra"},"content":{"rendered":"<p><span data-sheets-value=\"{\"1\":2,\"2\":\"Voksi\u00ae Adventure je iznimno lagana zimska vre\u0107a otporna na vjetar koja je namijenjena za hladne jeseni i zime.nnMo\u017ee se koristiti od ro\u0111enja do 3 godine i odgovara obiteljima koje vole putovati i zajedno provoditi vrijeme u prirodi.nnMaterijal zimske vre\u0107e mo\u017ee se usporediti s laganom zimskom jaknicom koja se lako mo\u017ee omotati oko djetetovog tijela. Punjenje je izra\u0111eno od visokokvalitetnog paperja 90\/10, a jedinstven dizajn sprje\u010dava ulazak hladno\u0107e u vre\u0107u. Zrak izme\u0111u vlakana paperja pru\u017ea maksimalnu izolaciju, stoga zimsku vre\u0107u treba protresti prije upotrebe i pohraniti je na prozra\u010dnom mjestu bez kompresije. Dolazi s kompresijskom vre\u0107om tako da se mo\u017ee smanjiti, \u0161to je idealno za putovanja. Vanjska tkanina otporna je na vjetar, ima vodeni stupac od minimalno 3000 i presvu\u010dena je BIONIC-FINISH\u00aeECO \u0161to zna\u010di da je vodoodbojna. Kada pada jaka ki\u0161a, preporu\u010dujemo kori\u0161tenje ki\u0161nih pokriva\u010da s vanjske strane. Svi materijali u Voksi Adventureu imaju certifikat OEKO-TEX\u00aestandard 100, klasa 1, \u0161to je oznaka kvalitete koja pokazuje da niti jedan materijal u proizvodu ne sadr\u017ei \u0161tetne kemikalije. nnVoksi Adventure dizajnirana je s inovativnim otvorima za ruke koji se mogu otvarati i zatvarati patentnim zatvara\u010dem, \u0161to omogu\u0107uje djetetu da aktivno sudjeluje u onome \u0161to se doga\u0111a oko njega, a da pritom ostane toplo unutar zimske vre\u0107e. Jedinstveni dizajn stra\u017enjeg otvora zna\u010di da Adventure odgovara razli\u010ditim sigurnosnim pojasevima stoga je savr\u0161en za dje\u010dja kolica i zimske aktivnosti. Kada je dijete malo i ne popuni vre\u0107u za kolica po du\u017eini, mo\u017eete zategnuti trakicu na dnu tako da se paperje pribli\u017ei stopalima. Kad dijete poraste, trakica se ponovno otvori i tako zimska vre\u0107a prati rast djeteta. Navlaka za noge ima dvosmjerni patentni zatvara\u010d, tako da mo\u017eete jednostavno provjeriti jesu li djetetove noge tople ili osigurati prozra\u010divanje. Trakica oko glave mo\u017ee se prilagoditi razli\u010ditim vremenskim uvjetima i djetetovim \u017eeljama. Ne zaboravite na dovoljan dotok zraka oko djetetove glave i neka djeca uvijek spavaju pod nadzorom.n\"}\" data-sheets-userformat=\"{\"2\":769,\"3\":{\"1\":0},\"11\":4,\"12\":0}\" data-sheets-textstyleruns=\"{\"1\":0}\uee10{\"1\":763,\"2\":{\"2\":{\"1\":2,\"2\":16711680},\"5\":1}}\uee10{\"1\":764}\">Material zimske vre\u010de lahko primerjamo z lahko zimsko jakno, ki jo zlahka ovijemo okoli otrokovega telesa. Polnilo je izdelano iz kvalitetnega puha 90\/10, unikaten dizajn pa prepre\u010duje vdor mraza v torbo. Zrak med vlakni puha zagotavlja najve\u010djo izolacijo, zato je treba zimsko vre\u010do pred uporabo pretresti in brez stiskanja shraniti na zra\u010dnem mestu. Prilo\u017eena je kompresijska vre\u010da, tako da se lahko skr\u010di, kar je idealno za potovanja. Zunanja tkanina je odporna na veter, ima vodni stolpec vsaj 3000 in je prevle\u010dena z BIONIC-FINISH\u00aeECO, kar pomeni, da je vodoodbojna. Ob mo\u010dnej\u0161em de\u017eju priporo\u010damo uporabo zunanjih de\u017enih prevlek. Vsi materiali v Voksi Adventure imajo certifikat OEKO-TEX\u00ae standard 100, razred 1, ki je znak kakovosti, ki dokazuje, da noben material v izdelku ne vsebuje \u0161kodljivih kemikalij.<\/span><\/p>\n<p>Voksi Adventure je zasnovan z inovativnimi odprtinami za roke, ki se odpirajo in zapirajo z zadrgo, kar otroku omogo\u010da aktivno sodelovanje v dogajanju okoli njega, hkrati pa mu je znotraj zimske vre\u010de toplo. Edinstven dizajn zadnje lopute pomeni, da je Adventure primeren za razli\u010dne varnostne pasove, tako da je popoln za otro\u0161ke vozi\u010dke in zimske aktivnosti. Ko je otrok majhen in ne napolni vre\u010de za vozi\u010dek po dol\u017eini, lahko na dnu zategnete trak, da se puh pribli\u017ea stopalom. Ko otrok zraste, se trak ponovno odpre in tako zimska vre\u010da sledi rasti otroka. Prevleka za noge ima dvosmerno zadrgo, tako da lahko enostavno preverite, ali so otrokove noge tople, ali zagotovite zra\u010denje. Naglavni trak se lahko prilagaja razli\u010dnim vremenskim razmeram in \u017eeljam otroka. Ne pozabite na zadosten pretok zraka okoli otrokove glave in naj otroci vedno spijo pod nadzorom.<\/p>\n<p><span data-sheets-value=\"{\"1\":2,\"2\":\"BIONIC-FINISH\u00aeECOnnOsim \u0161to opona\u0161a prirodne vodoodbojne strukture, BIONIC-FINISH\u00aeECO tako\u0111er omogu\u0107uje vodoodbojnost bez sadr\u017eavanja fluorougljika \u2013 ba\u0161 kao \u0161to to priroda \u010dini. Ovo ekolo\u0161ki prihvatljivo rje\u0161enje ne ispu\u0161ta fluor-organske spojeve u atmosferu i time tako\u0111er omogu\u0107uje bolju budu\u0107nost za na\u0161u djecu.\"}\" data-sheets-userformat=\"{\"2\":769,\"3\":{\"1\":0},\"11\":4,\"12\":0}\"><strong>BIONIC-FINISH\u00aeECO<\/strong><br \/>\nPoleg tega, da posnema naravne vodoodbojne strukture, BIONIC-FINISH\u00aeECO zagotavlja tudi vodoodbojnost brez vsebnosti fluoroogljika \u2013 tako kot to po\u010dne narava. Ta okolju prijazna re\u0161itev ne spro\u0161\u010da fluoroorganskih spojin v ozra\u010dje in tako omogo\u010da tudi bolj\u0161o prihodnost na\u0161ih otrok.<\/span><\/p>\n<p><span data-sheets-value=\"{\"1\":2,\"2\":\"RDS, Responsible Down StandardnSva punjenja od paperja i perja koja se koriste u ovom proizvodu imaju certifikat Responsible Down Standard. Ova potvrda osigurava humano postupanje sa \u017eivotinjama kroz cijeli opskrbni lanac i stoga se ne doga\u0111a \u010dupanje na \u017eivo.\"}\" data-sheets-userformat=\"{\"2\":769,\"3\":{\"1\":0},\"11\":4,\"12\":0}\"><strong>RDS, odgovorni standard<\/strong><br \/>\nVsa polnila iz puha in perja, uporabljena v tem izdelku, so certificirana v skladu s standardom Responsible Down. Ta certifikat zagotavlja humano ravnanje z \u017eivalmi v celotni dobavni verigi in zato ne pride do puljenja v \u017eivo.<\/span><\/p>\n<p><span data-sheets-value=\"{\"1\":2,\"2\":\"RWS, Responsible Wool StandardnSva vuna u ovom proizvodu certificirana je prema Responsible Wool Standard kako bi se osigurala dobrobit ovaca i odgovorna obrada zemlje na kojoj se pasu. Tako\u0111er osigurava da je sva vuna bez mulanja.\"}\" data-sheets-userformat=\"{\"2\":769,\"3\":{\"1\":0},\"11\":4,\"12\":0}\"><strong>RWS, Standard za odgovorno volno<\/strong><br \/>\nVsa volna v tem izdelku je certificirana po standardu za odgovorno volno, da se zagotovi dobro po\u010dutje ovac in odgovorna obdelava zemlje, na kateri se pasejo. Zagotavlja tudi, da vsa volna ne pu\u0161\u010da vlaken.<\/span><\/p>\n<p><span data-sheets-value=\"{\"1\":2,\"2\":\"Standard 100 prema Oeko-Tex\u00ae klasi 1nUz standard 100 prema Oeko-Tex\u00ae klasa 1, mo\u017eete biti sigurni da je svaka komponenta proizvoda sljediva i sigurna. Svaki konac, gumb i tkanina testirani su na \u0161tetne tvari, stoga je proizvod ne\u0161kodljiv za ljudsko zdravlje.\"}\" data-sheets-userformat=\"{\"2\":769,\"3\":{\"1\":0},\"11\":4,\"12\":0}\"><strong>Standard 100 po Oeko-Tex\u00ae razredu 1<\/strong><br \/>\nS standardom 100 po Oeko-Tex\u00ae razredu 1 ste lahko prepri\u010dani, da je vsaka komponenta izdelka sledljiva in varna. Vsaka nit, gumb in tkanina je testirana na \u0161kodljive snovi, zato je izdelek ne\u0161kodljiv za zdravje ljudi.<\/span><\/p>\n","protected":false},"excerpt":{"rendered":"<p><span data-sheets-value=\"{\"1\":2,\"2\":\"Voksi\u00ae Adventure je iznimno lagana zimska vre\u0107a otporna na vjetar koja je namijenjena za hladne jeseni i zime.nnMo\u017ee se koristiti od ro\u0111enja do 3 godine i odgovara obiteljima koje vole putovati i zajedno provoditi vrijeme u prirodi.nnMaterijal zimske vre\u0107e mo\u017ee se usporediti s laganom zimskom jaknicom koja se lako mo\u017ee omotati oko djetetovog tijela. Punjenje je izra\u0111eno od visokokvalitetnog paperja 90\/10, a jedinstven dizajn sprje\u010dava ulazak hladno\u0107e u vre\u0107u. Zrak izme\u0111u vlakana paperja pru\u017ea maksimalnu izolaciju, stoga zimsku vre\u0107u treba protresti prije upotrebe i pohraniti je na prozra\u010dnom mjestu bez kompresije. Dolazi s kompresijskom vre\u0107om tako da se mo\u017ee smanjiti, \u0161to je idealno za putovanja. Vanjska tkanina otporna je na vjetar, ima vodeni stupac od minimalno 3000 i presvu\u010dena je BIONIC-FINISH\u00aeECO \u0161to zna\u010di da je vodoodbojna. Kada pada jaka ki\u0161a, preporu\u010dujemo kori\u0161tenje ki\u0161nih pokriva\u010da s vanjske strane. Svi materijali u Voksi Adventureu imaju certifikat OEKO-TEX\u00aestandard 100, klasa 1, \u0161to je oznaka kvalitete koja pokazuje da niti jedan materijal u proizvodu ne sadr\u017ei \u0161tetne kemikalije. nnVoksi Adventure dizajnirana je s inovativnim otvorima za ruke koji se mogu otvarati i zatvarati patentnim zatvara\u010dem, \u0161to omogu\u0107uje djetetu da aktivno sudjeluje u onome \u0161to se doga\u0111a oko njega, a da pritom ostane toplo unutar zimske vre\u0107e. Jedinstveni dizajn stra\u017enjeg otvora zna\u010di da Adventure odgovara razli\u010ditim sigurnosnim pojasevima stoga je savr\u0161en za dje\u010dja kolica i zimske aktivnosti. Kada je dijete malo i ne popuni vre\u0107u za kolica po du\u017eini, mo\u017eete zategnuti trakicu na dnu tako da se paperje pribli\u017ei stopalima. Kad dijete poraste, trakica se ponovno otvori i tako zimska vre\u0107a prati rast djeteta. Navlaka za noge ima dvosmjerni patentni zatvara\u010d, tako da mo\u017eete jednostavno provjeriti jesu li djetetove noge tople ili osigurati prozra\u010divanje. Trakica oko glave mo\u017ee se prilagoditi razli\u010ditim vremenskim uvjetima i djetetovim \u017eeljama. Ne zaboravite na dovoljan dotok zraka oko djetetove glave i neka djeca uvijek spavaju pod nadzorom.n\"}\" data-sheets-userformat=\"{\"2\":769,\"3\":{\"1\":0},\"11\":4,\"12\":0}\" data-sheets-textstyleruns=\"{\"1\":0}\uee10{\"1\":763,\"2\":{\"2\":{\"1\":2,\"2\":16711680},\"5\":1}}\uee10{\"1\":764}\">Voksi\u00ae Adventure je izredno lahka, na veter odporna zimska vre\u010da, namenjena hladnim jesenem in zimam.<\/span><\/p>\n<p>Uporablja se lahko od rojstva do 3 let in je primeren za dru\u017eine, ki rade potujejo in pre\u017eivljajo skupni \u010das v naravi.<\/p>\n","protected":false},"featured_media":192686,"comment_status":"open","ping_status":"closed","template":"","meta":{"_acf_changed":false,"footnotes":""},"product_brand":[],"product_cat":[1152,1294,1293],"product_tag":[2282],"class_list":{"0":"post-192864","1":"product","2":"type-product","3":"status-publish","4":"has-post-thumbnail","6":"product_cat-dodaci-za-kolica-sl","7":"product_cat-zimske-vrece-sl","8":"product_cat-zimske-vrece-za-vozicke","9":"product_tag-zima-sl","10":"pa_boja-plava-sl","11":"pa_brand-voksi-sl","13":"first","14":"outofstock","15":"shipping-taxable","16":"purchasable","17":"product-type-simple"},"bundled_by":[],"bundle_stock_status":"outofstock","bundle_stock_quantity":0,"bundle_virtual":false,"bundle_layout":"","bundle_add_to_cart_form_location":"","bundle_editable_in_cart":false,"bundle_sold_individually_context":"","bundle_item_grouping":"","bundle_min_size":"","bundle_max_size":"","bundle_price":[],"bundled_items":[],"bundle_sell_ids":[],"acf":[],"yoast_head":"<!-- This site is optimized with the Yoast SEO Premium plugin v21.5 (Yoast SEO v27.3) - https:\/\/yoast.com\/product\/yoast-seo-premium-wordpress\/ -->\n<title>Voksi zimska vre\u010da, Adventure, modra - NajNaj.eu<\/title>\n<meta name=\"robots\" content=\"index, follow, max-snippet:-1, max-image-preview:large, max-video-preview:-1\" \/>\n<link rel=\"canonical\" href=\"https:\/\/najnaj.eu\/sl\/izdelek\/voksi-zimska-vreca-adventure-modra\/\" \/>\n<meta property=\"og:locale\" content=\"sl_SI\" \/>\n<meta property=\"og:type\" content=\"article\" \/>\n<meta property=\"og:title\" content=\"Voksi zimska vre\u010da, Adventure, modra\" \/>\n<meta property=\"og:description\" content=\"Voksi\u00ae Adventure je izredno lahka, na veter odporna zimska vre\u010da, namenjena hladnim jesenem in zimam. Uporablja se lahko od rojstva do 3 let in je primeren za dru\u017eine, ki rade potujejo in pre\u017eivljajo skupni \u010das v naravi.\" \/>\n<meta property=\"og:url\" content=\"https:\/\/najnaj.eu\/sl\/izdelek\/voksi-zimska-vreca-adventure-modra\/\" \/>\n<meta property=\"og:site_name\" content=\"NajNaj.eu\" \/>\n<meta property=\"article:publisher\" content=\"https:\/\/web.facebook.com\/najnaj.eu\/\" \/>\n<meta property=\"article:modified_time\" content=\"2025-02-06T10:57:14+00:00\" \/>\n<meta property=\"og:image\" content=\"https:\/\/najnaj.eu\/wp-content\/uploads\/2023\/12\/11028937_Adventure_PoppyBlue_Seashell-Sand_Front.jpg\" \/>\n\t<meta property=\"og:image:width\" content=\"1080\" \/>\n\t<meta property=\"og:image:height\" content=\"1080\" \/>\n\t<meta property=\"og:image:type\" content=\"image\/jpeg\" \/>\n<meta name=\"twitter:card\" content=\"summary_large_image\" \/>\n<meta name=\"twitter:label1\" content=\"Price\" \/>\n\t<meta name=\"twitter:data1\" content=\"199,90&nbsp;&euro;\" \/>\n\t<meta name=\"twitter:label2\" content=\"Availability\" \/>\n\t<meta name=\"twitter:data2\" content=\"Out of stock\" \/>\n<script type=\"application\/ld+json\" class=\"yoast-schema-graph\">{\"@context\":\"https:\\\/\\\/schema.org\",\"@graph\":[{\"@type\":\"WebPage\",\"@id\":\"https:\\\/\\\/najnaj.eu\\\/sl\\\/izdelek\\\/voksi-zimska-vreca-adventure-modra\\\/\",\"url\":\"https:\\\/\\\/najnaj.eu\\\/sl\\\/izdelek\\\/voksi-zimska-vreca-adventure-modra\\\/\",\"name\":\"Voksi zimska vre\u010da, Adventure, modra - NajNaj.eu\",\"isPartOf\":{\"@id\":\"https:\\\/\\\/najnaj.eu\\\/sl\\\/#website\"},\"primaryImageOfPage\":{\"@id\":\"https:\\\/\\\/najnaj.eu\\\/sl\\\/izdelek\\\/voksi-zimska-vreca-adventure-modra\\\/#primaryimage\"},\"image\":{\"@id\":\"https:\\\/\\\/najnaj.eu\\\/sl\\\/izdelek\\\/voksi-zimska-vreca-adventure-modra\\\/#primaryimage\"},\"thumbnailUrl\":\"https:\\\/\\\/najnaj.eu\\\/wp-content\\\/uploads\\\/2023\\\/12\\\/11028937_Adventure_PoppyBlue_Seashell-Sand_Front.jpg\",\"datePublished\":\"2023-05-27T12:04:42+00:00\",\"dateModified\":\"2025-02-06T10:57:14+00:00\",\"breadcrumb\":{\"@id\":\"https:\\\/\\\/najnaj.eu\\\/sl\\\/izdelek\\\/voksi-zimska-vreca-adventure-modra\\\/#breadcrumb\"},\"inLanguage\":\"sl-SI\",\"potentialAction\":[{\"@type\":\"ReadAction\",\"target\":[\"https:\\\/\\\/najnaj.eu\\\/sl\\\/izdelek\\\/voksi-zimska-vreca-adventure-modra\\\/\"]}]},{\"@type\":\"ImageObject\",\"inLanguage\":\"sl-SI\",\"@id\":\"https:\\\/\\\/najnaj.eu\\\/sl\\\/izdelek\\\/voksi-zimska-vreca-adventure-modra\\\/#primaryimage\",\"url\":\"https:\\\/\\\/najnaj.eu\\\/wp-content\\\/uploads\\\/2023\\\/12\\\/11028937_Adventure_PoppyBlue_Seashell-Sand_Front.jpg\",\"contentUrl\":\"https:\\\/\\\/najnaj.eu\\\/wp-content\\\/uploads\\\/2023\\\/12\\\/11028937_Adventure_PoppyBlue_Seashell-Sand_Front.jpg\",\"width\":1080,\"height\":1080},{\"@type\":\"BreadcrumbList\",\"@id\":\"https:\\\/\\\/najnaj.eu\\\/sl\\\/izdelek\\\/voksi-zimska-vreca-adventure-modra\\\/#breadcrumb\",\"itemListElement\":[{\"@type\":\"ListItem\",\"position\":1,\"name\":\"Po\u010detna stranica\",\"item\":\"https:\\\/\\\/najnaj.eu\\\/sl\\\/prednja-stran\\\/\"},{\"@type\":\"ListItem\",\"position\":2,\"name\":\"Shop\",\"item\":\"https:\\\/\\\/najnaj.eu\\\/sl\\\/shop\\\/\"},{\"@type\":\"ListItem\",\"position\":3,\"name\":\"Voksi zimska vre\u010da, Adventure, modra\"}]},{\"@type\":\"WebSite\",\"@id\":\"https:\\\/\\\/najnaj.eu\\\/sl\\\/#website\",\"url\":\"https:\\\/\\\/najnaj.eu\\\/sl\\\/\",\"name\":\"NajNaj.eu\",\"description\":\"Za najva\u017enije!\",\"publisher\":{\"@id\":\"https:\\\/\\\/najnaj.eu\\\/sl\\\/#organization\"},\"potentialAction\":[{\"@type\":\"SearchAction\",\"target\":{\"@type\":\"EntryPoint\",\"urlTemplate\":\"https:\\\/\\\/najnaj.eu\\\/sl\\\/?s={search_term_string}\"},\"query-input\":{\"@type\":\"PropertyValueSpecification\",\"valueRequired\":true,\"valueName\":\"search_term_string\"}}],\"inLanguage\":\"sl-SI\"},{\"@type\":\"Organization\",\"@id\":\"https:\\\/\\\/najnaj.eu\\\/sl\\\/#organization\",\"name\":\"NajNaj.eu\",\"url\":\"https:\\\/\\\/najnaj.eu\\\/sl\\\/\",\"logo\":{\"@type\":\"ImageObject\",\"inLanguage\":\"sl-SI\",\"@id\":\"https:\\\/\\\/najnaj.eu\\\/sl\\\/#\\\/schema\\\/logo\\\/image\\\/\",\"url\":\"https:\\\/\\\/najnaj.eu\\\/wp-content\\\/uploads\\\/2023\\\/09\\\/logo_Najnaj_2023.svg\",\"contentUrl\":\"https:\\\/\\\/najnaj.eu\\\/wp-content\\\/uploads\\\/2023\\\/09\\\/logo_Najnaj_2023.svg\",\"width\":501,\"height\":278,\"caption\":\"NajNaj.eu\"},\"image\":{\"@id\":\"https:\\\/\\\/najnaj.eu\\\/sl\\\/#\\\/schema\\\/logo\\\/image\\\/\"},\"sameAs\":[\"https:\\\/\\\/web.facebook.com\\\/najnaj.eu\\\/\",\"https:\\\/\\\/www.instagram.com\\\/najnaj.eu\\\/\",\"https:\\\/\\\/www.tiktok.com\\\/@najnaj.eu\"]}]}<\/script>\n<meta property=\"product:brand\" content=\"Voksi\" \/>\n<meta property=\"product:price:amount\" content=\"199.90\" \/>\n<meta property=\"product:price:currency\" content=\"EUR\" \/>\n<meta property=\"og:availability\" content=\"out of stock\" \/>\n<meta property=\"product:availability\" content=\"out of stock\" \/>\n<meta property=\"product:retailer_item_id\" content=\"11028937-PoppyBlue-SeashellSa\" \/>\n<meta property=\"product:condition\" content=\"new\" \/>\n<!-- \/ Yoast SEO Premium plugin. -->","yoast_head_json":{"title":"Voksi zimska vre\u010da, Adventure, modra - NajNaj.eu","robots":{"index":"index","follow":"follow","max-snippet":"max-snippet:-1","max-image-preview":"max-image-preview:large","max-video-preview":"max-video-preview:-1"},"canonical":"https:\/\/najnaj.eu\/sl\/izdelek\/voksi-zimska-vreca-adventure-modra\/","og_locale":"sl_SI","og_type":"article","og_title":"Voksi zimska vre\u010da, Adventure, modra","og_description":"Voksi\u00ae Adventure je izredno lahka, na veter odporna zimska vre\u010da, namenjena hladnim jesenem in zimam. Uporablja se lahko od rojstva do 3 let in je primeren za dru\u017eine, ki rade potujejo in pre\u017eivljajo skupni \u010das v naravi.","og_url":"https:\/\/najnaj.eu\/sl\/izdelek\/voksi-zimska-vreca-adventure-modra\/","og_site_name":"NajNaj.eu","article_publisher":"https:\/\/web.facebook.com\/najnaj.eu\/","article_modified_time":"2025-02-06T10:57:14+00:00","og_image":[{"width":1080,"height":1080,"url":"https:\/\/najnaj.eu\/wp-content\/uploads\/2023\/12\/11028937_Adventure_PoppyBlue_Seashell-Sand_Front.jpg","type":"image\/jpeg"}],"twitter_card":"summary_large_image","twitter_misc":{"Price":"199,90&nbsp;&euro;","Availability":"Out of stock"},"schema":{"@context":"https:\/\/schema.org","@graph":[{"@type":"WebPage","@id":"https:\/\/najnaj.eu\/sl\/izdelek\/voksi-zimska-vreca-adventure-modra\/","url":"https:\/\/najnaj.eu\/sl\/izdelek\/voksi-zimska-vreca-adventure-modra\/","name":"Voksi zimska vre\u010da, Adventure, modra - NajNaj.eu","isPartOf":{"@id":"https:\/\/najnaj.eu\/sl\/#website"},"primaryImageOfPage":{"@id":"https:\/\/najnaj.eu\/sl\/izdelek\/voksi-zimska-vreca-adventure-modra\/#primaryimage"},"image":{"@id":"https:\/\/najnaj.eu\/sl\/izdelek\/voksi-zimska-vreca-adventure-modra\/#primaryimage"},"thumbnailUrl":"https:\/\/najnaj.eu\/wp-content\/uploads\/2023\/12\/11028937_Adventure_PoppyBlue_Seashell-Sand_Front.jpg","datePublished":"2023-05-27T12:04:42+00:00","dateModified":"2025-02-06T10:57:14+00:00","breadcrumb":{"@id":"https:\/\/najnaj.eu\/sl\/izdelek\/voksi-zimska-vreca-adventure-modra\/#breadcrumb"},"inLanguage":"sl-SI","potentialAction":[{"@type":"ReadAction","target":["https:\/\/najnaj.eu\/sl\/izdelek\/voksi-zimska-vreca-adventure-modra\/"]}]},{"@type":"ImageObject","inLanguage":"sl-SI","@id":"https:\/\/najnaj.eu\/sl\/izdelek\/voksi-zimska-vreca-adventure-modra\/#primaryimage","url":"https:\/\/najnaj.eu\/wp-content\/uploads\/2023\/12\/11028937_Adventure_PoppyBlue_Seashell-Sand_Front.jpg","contentUrl":"https:\/\/najnaj.eu\/wp-content\/uploads\/2023\/12\/11028937_Adventure_PoppyBlue_Seashell-Sand_Front.jpg","width":1080,"height":1080},{"@type":"BreadcrumbList","@id":"https:\/\/najnaj.eu\/sl\/izdelek\/voksi-zimska-vreca-adventure-modra\/#breadcrumb","itemListElement":[{"@type":"ListItem","position":1,"name":"Po\u010detna stranica","item":"https:\/\/najnaj.eu\/sl\/prednja-stran\/"},{"@type":"ListItem","position":2,"name":"Shop","item":"https:\/\/najnaj.eu\/sl\/shop\/"},{"@type":"ListItem","position":3,"name":"Voksi zimska vre\u010da, Adventure, modra"}]},{"@type":"WebSite","@id":"https:\/\/najnaj.eu\/sl\/#website","url":"https:\/\/najnaj.eu\/sl\/","name":"NajNaj.eu","description":"Za najva\u017enije!","publisher":{"@id":"https:\/\/najnaj.eu\/sl\/#organization"},"potentialAction":[{"@type":"SearchAction","target":{"@type":"EntryPoint","urlTemplate":"https:\/\/najnaj.eu\/sl\/?s={search_term_string}"},"query-input":{"@type":"PropertyValueSpecification","valueRequired":true,"valueName":"search_term_string"}}],"inLanguage":"sl-SI"},{"@type":"Organization","@id":"https:\/\/najnaj.eu\/sl\/#organization","name":"NajNaj.eu","url":"https:\/\/najnaj.eu\/sl\/","logo":{"@type":"ImageObject","inLanguage":"sl-SI","@id":"https:\/\/najnaj.eu\/sl\/#\/schema\/logo\/image\/","url":"https:\/\/najnaj.eu\/wp-content\/uploads\/2023\/09\/logo_Najnaj_2023.svg","contentUrl":"https:\/\/najnaj.eu\/wp-content\/uploads\/2023\/09\/logo_Najnaj_2023.svg","width":501,"height":278,"caption":"NajNaj.eu"},"image":{"@id":"https:\/\/najnaj.eu\/sl\/#\/schema\/logo\/image\/"},"sameAs":["https:\/\/web.facebook.com\/najnaj.eu\/","https:\/\/www.instagram.com\/najnaj.eu\/","https:\/\/www.tiktok.com\/@najnaj.eu"]}]},"product_brand":"Voksi","product_price_amount":"199.90","product_price_currency":"EUR","og_availability":"out of stock","product_availability":"out of stock","product_retailer_item_id":"11028937-PoppyBlue-SeashellSa","product_condition":"new"},"_links":{"self":[{"href":"https:\/\/najnaj.eu\/sl\/wp-json\/wp\/v2\/product\/192864","targetHints":{"allow":["GET"]}}],"collection":[{"href":"https:\/\/najnaj.eu\/sl\/wp-json\/wp\/v2\/product"}],"about":[{"href":"https:\/\/najnaj.eu\/sl\/wp-json\/wp\/v2\/types\/product"}],"replies":[{"embeddable":true,"href":"https:\/\/najnaj.eu\/sl\/wp-json\/wp\/v2\/comments?post=192864"}],"version-history":[{"count":0,"href":"https:\/\/najnaj.eu\/sl\/wp-json\/wp\/v2\/product\/192864\/revisions"}],"wp:featuredmedia":[{"embeddable":true,"href":"https:\/\/najnaj.eu\/sl\/wp-json\/wp\/v2\/media\/192686"}],"wp:attachment":[{"href":"https:\/\/najnaj.eu\/sl\/wp-json\/wp\/v2\/media?parent=192864"}],"wp:term":[{"taxonomy":"product_brand","embeddable":true,"href":"https:\/\/najnaj.eu\/sl\/wp-json\/wp\/v2\/product_brand?post=192864"},{"taxonomy":"product_cat","embeddable":true,"href":"https:\/\/najnaj.eu\/sl\/wp-json\/wp\/v2\/product_cat?post=192864"},{"taxonomy":"product_tag","embeddable":true,"href":"https:\/\/najnaj.eu\/sl\/wp-json\/wp\/v2\/product_tag?post=192864"}],"curies":[{"name":"wp","href":"https:\/\/api.w.org\/{rel}","templated":true}]}}