{"id":191976,"date":"2017-05-13T22:00:00","date_gmt":"2017-05-13T20:00:00","guid":{"rendered":"https:\/\/najnaj.eu\/proizvod\/ergobaby-udobni-umetak-za-novorodencad-sivi\/"},"modified":"2026-03-24T11:09:16","modified_gmt":"2026-03-24T10:09:16","slug":"ergobaby-udobni-umetak-za-novorodencad-sivi","status":"publish","type":"product","link":"https:\/\/najnaj.eu\/sl\/izdelek\/ergobaby-udobni-umetak-za-novorodencad-sivi\/","title":{"rendered":"Ergobaby udobni vlo\u017eek za novorojen\u010dke siv"},"content":{"rendered":"<h1 class=\"alt-font\">Enostaven in udoben prehod iz maternice v svet.<\/h1>\n<p><strong>Zna\u010dilnosti vlo\u017eka za novorojen\u010dke Ergobaby:<\/strong><\/p>\n<ul>\n<li>Omogo\u010da vam uporabo nosilk Ergobaby 360 in Original \u017ee od prvega dne, tako da je va\u0161 otrok lahko blizu in varen, hkrati pa je mobilen in ima proste roke.<\/li>\n<li>Zagotavlja, da je otrok v nosilki od rojstva name\u0161\u010den v naravnem \u201eM-polo\u017eaju\u201c nog, z raz\u0161irjenimi koleni, zadnjico v vi\u0161ini kolen ali pod njo in hrbtenico pravilno ukrivljeno v obliki \u010drke C.<\/li>\n<li>Vlo\u017eek je zasnovan tako, da se prilagodi rasti otroka.<\/li>\n<li>Vlo\u017eek je obvezen za uporabo (z nosilkama Original in 360) za otroke do 5,5 kg, torej dokler otrok ne zna samostojno dr\u017eati vratu in glave ter se ne po\u010duti udobno z razprtimi nogami v nosilki. Razvoj in rast otrok sta individualna, prehod z vlo\u017eka neposredno na nosilko pa obi\u010dajno poteka med 4. in 6. mesecem starosti. Vsakega otroka je treba individualno opazovati in prilagoditi njegovim specifi\u010dnim potrebam.    <\/li>\n<li>Enostavno name\u0161\u010danje in odstranjevanje otroka iz nosilke z vlo\u017ekom.<\/li>\n<li>Puhasta bomba\u017ena podloga in pahlja\u010dasta oblika omogo\u010data ve\u010djo zra\u010dnost otroka v vlo\u017eku.<\/li>\n<li>Dodatna blazinica na dnu vlo\u017eka slu\u017ei za dvig dojen\u010dkovega polo\u017eaja in zagotavlja pravilno poravnavo nog v nosilki. Po potrebi jo je mogo\u010de odstraniti. <\/li>\n<li>Mednarodni in\u0161titut za displazijo kolkov ga priznava kot \u201eizdelek za zdravje kolkov\u201c.<\/li>\n<li>Vlo\u017eek se popolnoma prilega nosilki Ergobaby Original s 3 polo\u017eaji in nosilki Ergobaby 360 s 4 polo\u017eaji. Vlo\u017eek je preprost za uporabo in se enostavno pripne na nosilko. <\/li>\n<li>Vse vlo\u017eke za novorojen\u010dke Ergobaby se lahko uporabljajo z vsemi nosilkami Ergobaby \u2013 razen z nosilkama Ergobaby Adapt in Omni 360, za katera vlo\u017eek ni potreben.<\/li>\n<li>100 % visokokakovosten bomba\u017e.<\/li>\n<li>Lahko se pere v pralnem stroju.<\/li>\n<\/ul>\n","protected":false},"excerpt":{"rendered":"<p><strong>Ergobaby vlo\u017eek za udobje za novorojen\u010dke<\/strong><\/p>\n<ul>\n<li>zagotavlja pravilen in udoben polo\u017eaj novorojen\u010dka v nosilki;<\/li>\n<li>omogo\u010da ergonomsko no\u0161enje otroka v nosilki Ergobaby \u017ee od prvega dne;<\/li>\n<li>Je enostaven za uporabo in zdru\u017eljiv z vsemi nosilkami Ergobaby, razen z nosilkama Ergobaby Adapt in Omni 360, ki ne potrebujeta vlo\u017eka.<\/li>\n<\/ul>\n","protected":false},"featured_media":153590,"comment_status":"open","ping_status":"closed","template":"","meta":{"_acf_changed":false,"footnotes":""},"product_brand":[],"product_cat":[1156,882,1227],"product_tag":[],"class_list":{"0":"post-191976","1":"product","2":"type-product","3":"status-publish","4":"has-post-thumbnail","6":"product_cat-dodaci-za-nosiljke-sl","7":"product_cat-nosilke","8":"product_cat-umetak-za-novorodence-sl","9":"pa_boja-siva-sl","10":"pa_brand-ergobaby-sl","12":"first","13":"instock","14":"purchasable","15":"product-type-simple"},"bundled_by":[],"bundle_stock_status":"instock","bundle_stock_quantity":15,"bundle_virtual":false,"bundle_layout":"","bundle_add_to_cart_form_location":"","bundle_editable_in_cart":false,"bundle_sold_individually_context":"","bundle_item_grouping":"","bundle_min_size":"","bundle_max_size":"","bundle_price":[],"bundled_items":[],"bundle_sell_ids":[],"acf":[],"yoast_head":"<!-- This site is optimized with the Yoast SEO Premium plugin v21.5 (Yoast SEO v27.4) - https:\/\/yoast.com\/product\/yoast-seo-premium-wordpress\/ -->\n<title>Ergobaby udobni vlo\u017eek za novorojen\u010dke siv - NajNaj.eu<\/title>\n<meta name=\"robots\" content=\"index, follow, max-snippet:-1, max-image-preview:large, max-video-preview:-1\" \/>\n<link rel=\"canonical\" href=\"https:\/\/najnaj.eu\/sl\/izdelek\/ergobaby-udobni-umetak-za-novorodencad-sivi\/\" \/>\n<meta property=\"og:locale\" content=\"sl_SI\" \/>\n<meta property=\"og:type\" content=\"article\" \/>\n<meta property=\"og:title\" content=\"Ergobaby udobni vlo\u017eek za novorojen\u010dke siv\" \/>\n<meta property=\"og:description\" content=\"Ergobaby vlo\u017eek za udobje za novorojen\u010dke  zagotavlja pravilen in udoben polo\u017eaj novorojen\u010dka v nosilki;  omogo\u010da ergonomsko no\u0161enje otroka v nosilki Ergobaby \u017ee od prvega dne;  Je enostaven za uporabo in zdru\u017eljiv z vsemi nosilkami Ergobaby, razen z nosilkama Ergobaby Adapt in Omni 360, ki ne potrebujeta vlo\u017eka.\" \/>\n<meta property=\"og:url\" content=\"https:\/\/najnaj.eu\/sl\/izdelek\/ergobaby-udobni-umetak-za-novorodencad-sivi\/\" \/>\n<meta property=\"og:site_name\" content=\"NajNaj.eu\" \/>\n<meta property=\"article:publisher\" content=\"https:\/\/web.facebook.com\/najnaj.eu\/\" \/>\n<meta property=\"article:modified_time\" content=\"2026-03-24T10:09:16+00:00\" \/>\n<meta property=\"og:image\" content=\"https:\/\/najnaj.eu\/wp-content\/uploads\/2023\/05\/original_grey.jpg\" \/>\n\t<meta property=\"og:image:width\" content=\"700\" \/>\n\t<meta property=\"og:image:height\" content=\"700\" \/>\n\t<meta property=\"og:image:type\" content=\"image\/jpeg\" \/>\n<meta name=\"twitter:card\" content=\"summary_large_image\" \/>\n<meta name=\"twitter:label1\" content=\"Price\" \/>\n\t<meta name=\"twitter:data1\" content=\"24,90&nbsp;&euro;\" \/>\n\t<meta name=\"twitter:label2\" content=\"Availability\" \/>\n\t<meta name=\"twitter:data2\" content=\"In stock\" \/>\n<script type=\"application\/ld+json\" class=\"yoast-schema-graph\">{\"@context\":\"https:\\\/\\\/schema.org\",\"@graph\":[{\"@type\":\"WebPage\",\"@id\":\"https:\\\/\\\/najnaj.eu\\\/sl\\\/izdelek\\\/ergobaby-udobni-umetak-za-novorodencad-sivi\\\/\",\"url\":\"https:\\\/\\\/najnaj.eu\\\/sl\\\/izdelek\\\/ergobaby-udobni-umetak-za-novorodencad-sivi\\\/\",\"name\":\"Ergobaby udobni vlo\u017eek za novorojen\u010dke siv - NajNaj.eu\",\"isPartOf\":{\"@id\":\"https:\\\/\\\/najnaj.eu\\\/sl\\\/#website\"},\"primaryImageOfPage\":{\"@id\":\"https:\\\/\\\/najnaj.eu\\\/sl\\\/izdelek\\\/ergobaby-udobni-umetak-za-novorodencad-sivi\\\/#primaryimage\"},\"image\":{\"@id\":\"https:\\\/\\\/najnaj.eu\\\/sl\\\/izdelek\\\/ergobaby-udobni-umetak-za-novorodencad-sivi\\\/#primaryimage\"},\"thumbnailUrl\":\"https:\\\/\\\/najnaj.eu\\\/wp-content\\\/uploads\\\/2023\\\/05\\\/original_grey.jpg\",\"datePublished\":\"2017-05-13T20:00:00+00:00\",\"dateModified\":\"2026-03-24T10:09:16+00:00\",\"breadcrumb\":{\"@id\":\"https:\\\/\\\/najnaj.eu\\\/sl\\\/izdelek\\\/ergobaby-udobni-umetak-za-novorodencad-sivi\\\/#breadcrumb\"},\"inLanguage\":\"sl-SI\",\"potentialAction\":[{\"@type\":\"ReadAction\",\"target\":[\"https:\\\/\\\/najnaj.eu\\\/sl\\\/izdelek\\\/ergobaby-udobni-umetak-za-novorodencad-sivi\\\/\"]}]},{\"@type\":\"ImageObject\",\"inLanguage\":\"sl-SI\",\"@id\":\"https:\\\/\\\/najnaj.eu\\\/sl\\\/izdelek\\\/ergobaby-udobni-umetak-za-novorodencad-sivi\\\/#primaryimage\",\"url\":\"https:\\\/\\\/najnaj.eu\\\/wp-content\\\/uploads\\\/2023\\\/05\\\/original_grey.jpg\",\"contentUrl\":\"https:\\\/\\\/najnaj.eu\\\/wp-content\\\/uploads\\\/2023\\\/05\\\/original_grey.jpg\",\"width\":700,\"height\":700},{\"@type\":\"BreadcrumbList\",\"@id\":\"https:\\\/\\\/najnaj.eu\\\/sl\\\/izdelek\\\/ergobaby-udobni-umetak-za-novorodencad-sivi\\\/#breadcrumb\",\"itemListElement\":[{\"@type\":\"ListItem\",\"position\":1,\"name\":\"Po\u010detna stranica\",\"item\":\"https:\\\/\\\/najnaj.eu\\\/sl\\\/prednja-stran\\\/\"},{\"@type\":\"ListItem\",\"position\":2,\"name\":\"Shop\",\"item\":\"https:\\\/\\\/najnaj.eu\\\/sl\\\/shop\\\/\"},{\"@type\":\"ListItem\",\"position\":3,\"name\":\"Ergobaby udobni vlo\u017eek za novorojen\u010dke siv\"}]},{\"@type\":\"WebSite\",\"@id\":\"https:\\\/\\\/najnaj.eu\\\/sl\\\/#website\",\"url\":\"https:\\\/\\\/najnaj.eu\\\/sl\\\/\",\"name\":\"NajNaj.eu\",\"description\":\"Za najva\u017enije!\",\"publisher\":{\"@id\":\"https:\\\/\\\/najnaj.eu\\\/sl\\\/#organization\"},\"potentialAction\":[{\"@type\":\"SearchAction\",\"target\":{\"@type\":\"EntryPoint\",\"urlTemplate\":\"https:\\\/\\\/najnaj.eu\\\/sl\\\/?s={search_term_string}\"},\"query-input\":{\"@type\":\"PropertyValueSpecification\",\"valueRequired\":true,\"valueName\":\"search_term_string\"}}],\"inLanguage\":\"sl-SI\"},{\"@type\":\"Organization\",\"@id\":\"https:\\\/\\\/najnaj.eu\\\/sl\\\/#organization\",\"name\":\"NajNaj.eu\",\"url\":\"https:\\\/\\\/najnaj.eu\\\/sl\\\/\",\"logo\":{\"@type\":\"ImageObject\",\"inLanguage\":\"sl-SI\",\"@id\":\"https:\\\/\\\/najnaj.eu\\\/sl\\\/#\\\/schema\\\/logo\\\/image\\\/\",\"url\":\"https:\\\/\\\/najnaj.eu\\\/wp-content\\\/uploads\\\/2023\\\/09\\\/logo_Najnaj_2023.svg\",\"contentUrl\":\"https:\\\/\\\/najnaj.eu\\\/wp-content\\\/uploads\\\/2023\\\/09\\\/logo_Najnaj_2023.svg\",\"width\":501,\"height\":278,\"caption\":\"NajNaj.eu\"},\"image\":{\"@id\":\"https:\\\/\\\/najnaj.eu\\\/sl\\\/#\\\/schema\\\/logo\\\/image\\\/\"},\"sameAs\":[\"https:\\\/\\\/web.facebook.com\\\/najnaj.eu\\\/\",\"https:\\\/\\\/www.instagram.com\\\/najnaj.eu\\\/\",\"https:\\\/\\\/www.tiktok.com\\\/@najnaj.eu\"]}]}<\/script>\n<meta property=\"product:brand\" content=\"Ergobaby\" \/>\n<meta property=\"product:price:amount\" content=\"24.90\" \/>\n<meta property=\"product:price:currency\" content=\"EUR\" \/>\n<meta property=\"og:availability\" content=\"instock\" \/>\n<meta property=\"product:availability\" content=\"instock\" \/>\n<meta property=\"product:retailer_item_id\" content=\"IIAGRYV3\" \/>\n<meta property=\"product:condition\" content=\"new\" \/>\n<!-- \/ Yoast SEO Premium plugin. -->","yoast_head_json":{"title":"Ergobaby udobni vlo\u017eek za novorojen\u010dke siv - NajNaj.eu","robots":{"index":"index","follow":"follow","max-snippet":"max-snippet:-1","max-image-preview":"max-image-preview:large","max-video-preview":"max-video-preview:-1"},"canonical":"https:\/\/najnaj.eu\/sl\/izdelek\/ergobaby-udobni-umetak-za-novorodencad-sivi\/","og_locale":"sl_SI","og_type":"article","og_title":"Ergobaby udobni vlo\u017eek za novorojen\u010dke siv","og_description":"Ergobaby vlo\u017eek za udobje za novorojen\u010dke  zagotavlja pravilen in udoben polo\u017eaj novorojen\u010dka v nosilki;  omogo\u010da ergonomsko no\u0161enje otroka v nosilki Ergobaby \u017ee od prvega dne;  Je enostaven za uporabo in zdru\u017eljiv z vsemi nosilkami Ergobaby, razen z nosilkama Ergobaby Adapt in Omni 360, ki ne potrebujeta vlo\u017eka.","og_url":"https:\/\/najnaj.eu\/sl\/izdelek\/ergobaby-udobni-umetak-za-novorodencad-sivi\/","og_site_name":"NajNaj.eu","article_publisher":"https:\/\/web.facebook.com\/najnaj.eu\/","article_modified_time":"2026-03-24T10:09:16+00:00","og_image":[{"width":700,"height":700,"url":"https:\/\/najnaj.eu\/wp-content\/uploads\/2023\/05\/original_grey.jpg","type":"image\/jpeg"}],"twitter_card":"summary_large_image","twitter_misc":{"Price":"24,90&nbsp;&euro;","Availability":"In stock"},"schema":{"@context":"https:\/\/schema.org","@graph":[{"@type":"WebPage","@id":"https:\/\/najnaj.eu\/sl\/izdelek\/ergobaby-udobni-umetak-za-novorodencad-sivi\/","url":"https:\/\/najnaj.eu\/sl\/izdelek\/ergobaby-udobni-umetak-za-novorodencad-sivi\/","name":"Ergobaby udobni vlo\u017eek za novorojen\u010dke siv - NajNaj.eu","isPartOf":{"@id":"https:\/\/najnaj.eu\/sl\/#website"},"primaryImageOfPage":{"@id":"https:\/\/najnaj.eu\/sl\/izdelek\/ergobaby-udobni-umetak-za-novorodencad-sivi\/#primaryimage"},"image":{"@id":"https:\/\/najnaj.eu\/sl\/izdelek\/ergobaby-udobni-umetak-za-novorodencad-sivi\/#primaryimage"},"thumbnailUrl":"https:\/\/najnaj.eu\/wp-content\/uploads\/2023\/05\/original_grey.jpg","datePublished":"2017-05-13T20:00:00+00:00","dateModified":"2026-03-24T10:09:16+00:00","breadcrumb":{"@id":"https:\/\/najnaj.eu\/sl\/izdelek\/ergobaby-udobni-umetak-za-novorodencad-sivi\/#breadcrumb"},"inLanguage":"sl-SI","potentialAction":[{"@type":"ReadAction","target":["https:\/\/najnaj.eu\/sl\/izdelek\/ergobaby-udobni-umetak-za-novorodencad-sivi\/"]}]},{"@type":"ImageObject","inLanguage":"sl-SI","@id":"https:\/\/najnaj.eu\/sl\/izdelek\/ergobaby-udobni-umetak-za-novorodencad-sivi\/#primaryimage","url":"https:\/\/najnaj.eu\/wp-content\/uploads\/2023\/05\/original_grey.jpg","contentUrl":"https:\/\/najnaj.eu\/wp-content\/uploads\/2023\/05\/original_grey.jpg","width":700,"height":700},{"@type":"BreadcrumbList","@id":"https:\/\/najnaj.eu\/sl\/izdelek\/ergobaby-udobni-umetak-za-novorodencad-sivi\/#breadcrumb","itemListElement":[{"@type":"ListItem","position":1,"name":"Po\u010detna stranica","item":"https:\/\/najnaj.eu\/sl\/prednja-stran\/"},{"@type":"ListItem","position":2,"name":"Shop","item":"https:\/\/najnaj.eu\/sl\/shop\/"},{"@type":"ListItem","position":3,"name":"Ergobaby udobni vlo\u017eek za novorojen\u010dke siv"}]},{"@type":"WebSite","@id":"https:\/\/najnaj.eu\/sl\/#website","url":"https:\/\/najnaj.eu\/sl\/","name":"NajNaj.eu","description":"Za najva\u017enije!","publisher":{"@id":"https:\/\/najnaj.eu\/sl\/#organization"},"potentialAction":[{"@type":"SearchAction","target":{"@type":"EntryPoint","urlTemplate":"https:\/\/najnaj.eu\/sl\/?s={search_term_string}"},"query-input":{"@type":"PropertyValueSpecification","valueRequired":true,"valueName":"search_term_string"}}],"inLanguage":"sl-SI"},{"@type":"Organization","@id":"https:\/\/najnaj.eu\/sl\/#organization","name":"NajNaj.eu","url":"https:\/\/najnaj.eu\/sl\/","logo":{"@type":"ImageObject","inLanguage":"sl-SI","@id":"https:\/\/najnaj.eu\/sl\/#\/schema\/logo\/image\/","url":"https:\/\/najnaj.eu\/wp-content\/uploads\/2023\/09\/logo_Najnaj_2023.svg","contentUrl":"https:\/\/najnaj.eu\/wp-content\/uploads\/2023\/09\/logo_Najnaj_2023.svg","width":501,"height":278,"caption":"NajNaj.eu"},"image":{"@id":"https:\/\/najnaj.eu\/sl\/#\/schema\/logo\/image\/"},"sameAs":["https:\/\/web.facebook.com\/najnaj.eu\/","https:\/\/www.instagram.com\/najnaj.eu\/","https:\/\/www.tiktok.com\/@najnaj.eu"]}]},"product_brand":"Ergobaby","product_price_amount":"24.90","product_price_currency":"EUR","og_availability":"instock","product_availability":"instock","product_retailer_item_id":"IIAGRYV3","product_condition":"new"},"_links":{"self":[{"href":"https:\/\/najnaj.eu\/sl\/wp-json\/wp\/v2\/product\/191976","targetHints":{"allow":["GET"]}}],"collection":[{"href":"https:\/\/najnaj.eu\/sl\/wp-json\/wp\/v2\/product"}],"about":[{"href":"https:\/\/najnaj.eu\/sl\/wp-json\/wp\/v2\/types\/product"}],"replies":[{"embeddable":true,"href":"https:\/\/najnaj.eu\/sl\/wp-json\/wp\/v2\/comments?post=191976"}],"version-history":[{"count":0,"href":"https:\/\/najnaj.eu\/sl\/wp-json\/wp\/v2\/product\/191976\/revisions"}],"wp:featuredmedia":[{"embeddable":true,"href":"https:\/\/najnaj.eu\/sl\/wp-json\/wp\/v2\/media\/153590"}],"wp:attachment":[{"href":"https:\/\/najnaj.eu\/sl\/wp-json\/wp\/v2\/media?parent=191976"}],"wp:term":[{"taxonomy":"product_brand","embeddable":true,"href":"https:\/\/najnaj.eu\/sl\/wp-json\/wp\/v2\/product_brand?post=191976"},{"taxonomy":"product_cat","embeddable":true,"href":"https:\/\/najnaj.eu\/sl\/wp-json\/wp\/v2\/product_cat?post=191976"},{"taxonomy":"product_tag","embeddable":true,"href":"https:\/\/najnaj.eu\/sl\/wp-json\/wp\/v2\/product_tag?post=191976"}],"curies":[{"name":"wp","href":"https:\/\/api.w.org\/{rel}","templated":true}]}}