{"id":191886,"date":"2025-11-02T10:04:36","date_gmt":"2025-11-02T09:04:36","guid":{"rendered":"https:\/\/najnaj.eu\/proizvod\/ergobaby-cool-air-omni-360-nosiljka-onyx-crna\/"},"modified":"2026-03-24T10:43:30","modified_gmt":"2026-03-24T09:43:30","slug":"ergobaby-cool-air-omni-360-nosiljka-onyx-crna","status":"publish","type":"product","link":"https:\/\/najnaj.eu\/sl\/izdelek\/ergobaby-cool-air-omni-360-nosiljka-onyx-crna\/","title":{"rendered":"Ergobaby Omni Classic mre\u017easta nosilka, \u010drna oniks"},"content":{"rendered":"<h2 class=\"alt-font\"><span style=\"color: #f99b1c;\">Vsestranska nosilka Ergobaby s prakti\u010dno in udobno zasnovo.<\/span><\/h2>\n<p><strong>Ergobaby Omni Classic mre\u017easta nosilka za vse dojen\u010dke od rojstva do vrt\u010devske starosti.<\/strong><br \/>\n Ponuja vse polo\u017eaje no\u0161enja in omogo\u010da hitro spreminjanje polo\u017eaja otroka iz obrnjenega nazaj v obrnjen naprej, kar je mogo\u010de storiti na poti.<br \/>\nNosilka, ki se lahko uporablja od rojstva brez vlo\u017eka in vedno zagotavlja, da je otrok v nosilki name\u0161\u010den v naravnem \u201eM-polo\u017eaju\u201c nog, z raz\u0161irjenimi koleni, z zadetkom v vi\u0161ini kolen ali pod njimi in hrbtenico pravilno ukrivljeno v obliki \u010drke C. Nosilka podpira otroka od stegna do stegna, raste z otrokom in se prilagaja glede na otrokovo velikost in polo\u017eaj no\u0161enja.<br \/>\nDodatno oblazinjeni, prekri\u017eani naramni trakovi in \u200b\u200bnastavljiv pas z ledveno oporo star\u0161em zagotavljajo novo raven udobja. Varnostne zaponke na naramnih trakovih pove\u010dajo varnost in zmanj\u0161ajo mo\u017enost zlorabe. <\/p>\n","protected":false},"excerpt":{"rendered":"<h3>Ergobaby Omni Classic mre\u017easti vzglavnik<\/h3>\n<ul>\n<li>vsi polo\u017eaji no\u0161enja: na trebuhu obrnjen nazaj, na boku, na hrbtu in na trebuhu obrnjen naprej<\/li>\n<li>za vse dojen\u010dke od rojstva do vrt\u010devske starosti (3,2 \u2013 20 kg) brez vlo\u017eka<\/li>\n<li>zra\u010dna in lahka mre\u017easta nosilka<\/li>\n<li>Ledvena opora in prekri\u017eani naramni trakovi za dolgotrajno udobje no\u0161enja<\/li>\n<li>hitra in enostavna sprememba polo\u017eaja otroka med hojo iz obrnjenega nazaj v obrnjen naprej<\/li>\n<li>udoben in ergonomski polo\u017eaj za otroka v vseh polo\u017eajih no\u0161enja<\/li>\n<li>Oblazinjena in nastavljiva opora za otrokovo glavo in vrat<\/li>\n<li>prilo\u017eena snemljiva torba v barvi nosilke<\/li>\n<li>kapuca za za\u0161\u010dito pred soncem (UPF 50+) in zasebnost<\/li>\n<li>100 % poliester<\/li>\n<\/ul>\n","protected":false},"featured_media":276918,"comment_status":"open","ping_status":"closed","template":"","meta":{"_acf_changed":false,"footnotes":""},"product_brand":[],"product_cat":[735,544,738],"product_tag":[],"class_list":{"0":"post-191886","1":"product","2":"type-product","3":"status-publish","4":"has-post-thumbnail","6":"product_cat-4-polozaja-nosenja","7":"product_cat-nosiljke","8":"product_cat-od-rodenja-do-3-godine","9":"pa_boja-crna","10":"pa_brand-ergobaby","12":"first","13":"outofstock","14":"purchasable","15":"product-type-simple"},"bundled_by":[],"bundle_stock_status":"outofstock","bundle_stock_quantity":0,"bundle_virtual":false,"bundle_layout":"","bundle_add_to_cart_form_location":"","bundle_editable_in_cart":false,"bundle_sold_individually_context":"","bundle_item_grouping":"","bundle_min_size":"","bundle_max_size":"","bundle_price":[],"bundled_items":[],"bundle_sell_ids":[],"acf":[],"yoast_head":"<!-- This site is optimized with the Yoast SEO Premium plugin v21.5 (Yoast SEO v27.3) - https:\/\/yoast.com\/product\/yoast-seo-premium-wordpress\/ -->\n<title>Ergobaby Omni Classic mre\u017easta nosilka, \u010drna oniks - NajNaj.eu<\/title>\n<meta name=\"robots\" content=\"index, follow, max-snippet:-1, max-image-preview:large, max-video-preview:-1\" \/>\n<link rel=\"canonical\" href=\"https:\/\/najnaj.eu\/sl\/izdelek\/ergobaby-cool-air-omni-360-nosiljka-onyx-crna\/\" \/>\n<meta property=\"og:locale\" content=\"sl_SI\" \/>\n<meta property=\"og:type\" content=\"article\" \/>\n<meta property=\"og:title\" content=\"Ergobaby Omni Classic mre\u017easta nosilka, \u010drna oniks\" \/>\n<meta property=\"og:description\" content=\"Ergobaby Omni Classic mre\u017easti vzglavnik  vsi polo\u017eaji no\u0161enja: na trebuhu obrnjen nazaj, na boku, na hrbtu in na trebuhu obrnjen naprej  za vse dojen\u010dke od rojstva do vrt\u010devske starosti (3,2 \u2013 20 kg) brez vlo\u017eka  zra\u010dna in lahka mre\u017easta nosilka  Ledvena opora in prekri\u017eani naramni trakovi za dolgotrajno udobje no\u0161enja  hitra in enostavna sprememba polo\u017eaja otroka med hojo iz obrnjenega nazaj v obrnjen naprej  udoben in ergonomski polo\u017eaj za otroka v vseh polo\u017eajih no\u0161enja  Oblazinjena in nastavljiva opora za otrokovo glavo in vrat  prilo\u017eena snemljiva torba v barvi nosilke  kapuca za za\u0161\u010dito pred soncem (UPF 50+) in zasebnost  100 % poliester\" \/>\n<meta property=\"og:url\" content=\"https:\/\/najnaj.eu\/sl\/izdelek\/ergobaby-cool-air-omni-360-nosiljka-onyx-crna\/\" \/>\n<meta property=\"og:site_name\" content=\"NajNaj.eu\" \/>\n<meta property=\"article:publisher\" content=\"https:\/\/web.facebook.com\/najnaj.eu\/\" \/>\n<meta property=\"article:modified_time\" content=\"2026-03-24T09:43:30+00:00\" \/>\n<meta property=\"og:image\" content=\"https:\/\/najnaj.eu\/wp-content\/uploads\/2021\/04\/ergobaby-carrier-omni-classic-mesh-onyx-black-combo.jpg\" \/>\n\t<meta property=\"og:image:width\" content=\"1500\" \/>\n\t<meta property=\"og:image:height\" content=\"1494\" \/>\n\t<meta property=\"og:image:type\" content=\"image\/jpeg\" \/>\n<meta name=\"twitter:card\" content=\"summary_large_image\" \/>\n<meta name=\"twitter:label1\" content=\"Price\" \/>\n\t<meta name=\"twitter:data1\" content=\"179,90&nbsp;&euro;\" \/>\n\t<meta name=\"twitter:label2\" content=\"Availability\" \/>\n\t<meta name=\"twitter:data2\" content=\"Out of stock\" \/>\n<script type=\"application\/ld+json\" class=\"yoast-schema-graph\">{\"@context\":\"https:\\\/\\\/schema.org\",\"@graph\":[{\"@type\":\"WebPage\",\"@id\":\"https:\\\/\\\/najnaj.eu\\\/sl\\\/izdelek\\\/ergobaby-cool-air-omni-360-nosiljka-onyx-crna\\\/\",\"url\":\"https:\\\/\\\/najnaj.eu\\\/sl\\\/izdelek\\\/ergobaby-cool-air-omni-360-nosiljka-onyx-crna\\\/\",\"name\":\"Ergobaby Omni Classic mre\u017easta nosilka, \u010drna oniks - NajNaj.eu\",\"isPartOf\":{\"@id\":\"https:\\\/\\\/najnaj.eu\\\/sl\\\/#website\"},\"primaryImageOfPage\":{\"@id\":\"https:\\\/\\\/najnaj.eu\\\/sl\\\/izdelek\\\/ergobaby-cool-air-omni-360-nosiljka-onyx-crna\\\/#primaryimage\"},\"image\":{\"@id\":\"https:\\\/\\\/najnaj.eu\\\/sl\\\/izdelek\\\/ergobaby-cool-air-omni-360-nosiljka-onyx-crna\\\/#primaryimage\"},\"thumbnailUrl\":\"https:\\\/\\\/najnaj.eu\\\/wp-content\\\/uploads\\\/2021\\\/04\\\/ergobaby-carrier-omni-classic-mesh-onyx-black-combo.jpg\",\"datePublished\":\"2025-11-02T09:04:36+00:00\",\"dateModified\":\"2026-03-24T09:43:30+00:00\",\"breadcrumb\":{\"@id\":\"https:\\\/\\\/najnaj.eu\\\/sl\\\/izdelek\\\/ergobaby-cool-air-omni-360-nosiljka-onyx-crna\\\/#breadcrumb\"},\"inLanguage\":\"sl-SI\",\"potentialAction\":[{\"@type\":\"ReadAction\",\"target\":[\"https:\\\/\\\/najnaj.eu\\\/sl\\\/izdelek\\\/ergobaby-cool-air-omni-360-nosiljka-onyx-crna\\\/\"]}]},{\"@type\":\"ImageObject\",\"inLanguage\":\"sl-SI\",\"@id\":\"https:\\\/\\\/najnaj.eu\\\/sl\\\/izdelek\\\/ergobaby-cool-air-omni-360-nosiljka-onyx-crna\\\/#primaryimage\",\"url\":\"https:\\\/\\\/najnaj.eu\\\/wp-content\\\/uploads\\\/2021\\\/04\\\/ergobaby-carrier-omni-classic-mesh-onyx-black-combo.jpg\",\"contentUrl\":\"https:\\\/\\\/najnaj.eu\\\/wp-content\\\/uploads\\\/2021\\\/04\\\/ergobaby-carrier-omni-classic-mesh-onyx-black-combo.jpg\",\"width\":1500,\"height\":1494},{\"@type\":\"BreadcrumbList\",\"@id\":\"https:\\\/\\\/najnaj.eu\\\/sl\\\/izdelek\\\/ergobaby-cool-air-omni-360-nosiljka-onyx-crna\\\/#breadcrumb\",\"itemListElement\":[{\"@type\":\"ListItem\",\"position\":1,\"name\":\"Po\u010detna stranica\",\"item\":\"https:\\\/\\\/najnaj.eu\\\/sl\\\/prednja-stran\\\/\"},{\"@type\":\"ListItem\",\"position\":2,\"name\":\"Shop\",\"item\":\"https:\\\/\\\/najnaj.eu\\\/sl\\\/shop\\\/\"},{\"@type\":\"ListItem\",\"position\":3,\"name\":\"Ergobaby Omni Classic mre\u017easta nosilka, \u010drna oniks\"}]},{\"@type\":\"WebSite\",\"@id\":\"https:\\\/\\\/najnaj.eu\\\/sl\\\/#website\",\"url\":\"https:\\\/\\\/najnaj.eu\\\/sl\\\/\",\"name\":\"NajNaj.eu\",\"description\":\"Za najva\u017enije!\",\"publisher\":{\"@id\":\"https:\\\/\\\/najnaj.eu\\\/sl\\\/#organization\"},\"potentialAction\":[{\"@type\":\"SearchAction\",\"target\":{\"@type\":\"EntryPoint\",\"urlTemplate\":\"https:\\\/\\\/najnaj.eu\\\/sl\\\/?s={search_term_string}\"},\"query-input\":{\"@type\":\"PropertyValueSpecification\",\"valueRequired\":true,\"valueName\":\"search_term_string\"}}],\"inLanguage\":\"sl-SI\"},{\"@type\":\"Organization\",\"@id\":\"https:\\\/\\\/najnaj.eu\\\/sl\\\/#organization\",\"name\":\"NajNaj.eu\",\"url\":\"https:\\\/\\\/najnaj.eu\\\/sl\\\/\",\"logo\":{\"@type\":\"ImageObject\",\"inLanguage\":\"sl-SI\",\"@id\":\"https:\\\/\\\/najnaj.eu\\\/sl\\\/#\\\/schema\\\/logo\\\/image\\\/\",\"url\":\"https:\\\/\\\/najnaj.eu\\\/wp-content\\\/uploads\\\/2023\\\/09\\\/logo_Najnaj_2023.svg\",\"contentUrl\":\"https:\\\/\\\/najnaj.eu\\\/wp-content\\\/uploads\\\/2023\\\/09\\\/logo_Najnaj_2023.svg\",\"width\":501,\"height\":278,\"caption\":\"NajNaj.eu\"},\"image\":{\"@id\":\"https:\\\/\\\/najnaj.eu\\\/sl\\\/#\\\/schema\\\/logo\\\/image\\\/\"},\"sameAs\":[\"https:\\\/\\\/web.facebook.com\\\/najnaj.eu\\\/\",\"https:\\\/\\\/www.instagram.com\\\/najnaj.eu\\\/\",\"https:\\\/\\\/www.tiktok.com\\\/@najnaj.eu\"]}]}<\/script>\n<meta property=\"product:brand\" content=\"Ergobaby\" \/>\n<meta property=\"product:price:amount\" content=\"179.90\" \/>\n<meta property=\"product:price:currency\" content=\"EUR\" \/>\n<meta property=\"og:availability\" content=\"out of stock\" \/>\n<meta property=\"product:availability\" content=\"out of stock\" \/>\n<meta property=\"product:retailer_item_id\" content=\"BCS360PONYX\" \/>\n<meta property=\"product:condition\" content=\"new\" \/>\n<!-- \/ Yoast SEO Premium plugin. -->","yoast_head_json":{"title":"Ergobaby Omni Classic mre\u017easta nosilka, \u010drna oniks - NajNaj.eu","robots":{"index":"index","follow":"follow","max-snippet":"max-snippet:-1","max-image-preview":"max-image-preview:large","max-video-preview":"max-video-preview:-1"},"canonical":"https:\/\/najnaj.eu\/sl\/izdelek\/ergobaby-cool-air-omni-360-nosiljka-onyx-crna\/","og_locale":"sl_SI","og_type":"article","og_title":"Ergobaby Omni Classic mre\u017easta nosilka, \u010drna oniks","og_description":"Ergobaby Omni Classic mre\u017easti vzglavnik  vsi polo\u017eaji no\u0161enja: na trebuhu obrnjen nazaj, na boku, na hrbtu in na trebuhu obrnjen naprej  za vse dojen\u010dke od rojstva do vrt\u010devske starosti (3,2 \u2013 20 kg) brez vlo\u017eka  zra\u010dna in lahka mre\u017easta nosilka  Ledvena opora in prekri\u017eani naramni trakovi za dolgotrajno udobje no\u0161enja  hitra in enostavna sprememba polo\u017eaja otroka med hojo iz obrnjenega nazaj v obrnjen naprej  udoben in ergonomski polo\u017eaj za otroka v vseh polo\u017eajih no\u0161enja  Oblazinjena in nastavljiva opora za otrokovo glavo in vrat  prilo\u017eena snemljiva torba v barvi nosilke  kapuca za za\u0161\u010dito pred soncem (UPF 50+) in zasebnost  100 % poliester","og_url":"https:\/\/najnaj.eu\/sl\/izdelek\/ergobaby-cool-air-omni-360-nosiljka-onyx-crna\/","og_site_name":"NajNaj.eu","article_publisher":"https:\/\/web.facebook.com\/najnaj.eu\/","article_modified_time":"2026-03-24T09:43:30+00:00","og_image":[{"width":1500,"height":1494,"url":"https:\/\/najnaj.eu\/wp-content\/uploads\/2021\/04\/ergobaby-carrier-omni-classic-mesh-onyx-black-combo.jpg","type":"image\/jpeg"}],"twitter_card":"summary_large_image","twitter_misc":{"Price":"179,90&nbsp;&euro;","Availability":"Out of stock"},"schema":{"@context":"https:\/\/schema.org","@graph":[{"@type":"WebPage","@id":"https:\/\/najnaj.eu\/sl\/izdelek\/ergobaby-cool-air-omni-360-nosiljka-onyx-crna\/","url":"https:\/\/najnaj.eu\/sl\/izdelek\/ergobaby-cool-air-omni-360-nosiljka-onyx-crna\/","name":"Ergobaby Omni Classic mre\u017easta nosilka, \u010drna oniks - NajNaj.eu","isPartOf":{"@id":"https:\/\/najnaj.eu\/sl\/#website"},"primaryImageOfPage":{"@id":"https:\/\/najnaj.eu\/sl\/izdelek\/ergobaby-cool-air-omni-360-nosiljka-onyx-crna\/#primaryimage"},"image":{"@id":"https:\/\/najnaj.eu\/sl\/izdelek\/ergobaby-cool-air-omni-360-nosiljka-onyx-crna\/#primaryimage"},"thumbnailUrl":"https:\/\/najnaj.eu\/wp-content\/uploads\/2021\/04\/ergobaby-carrier-omni-classic-mesh-onyx-black-combo.jpg","datePublished":"2025-11-02T09:04:36+00:00","dateModified":"2026-03-24T09:43:30+00:00","breadcrumb":{"@id":"https:\/\/najnaj.eu\/sl\/izdelek\/ergobaby-cool-air-omni-360-nosiljka-onyx-crna\/#breadcrumb"},"inLanguage":"sl-SI","potentialAction":[{"@type":"ReadAction","target":["https:\/\/najnaj.eu\/sl\/izdelek\/ergobaby-cool-air-omni-360-nosiljka-onyx-crna\/"]}]},{"@type":"ImageObject","inLanguage":"sl-SI","@id":"https:\/\/najnaj.eu\/sl\/izdelek\/ergobaby-cool-air-omni-360-nosiljka-onyx-crna\/#primaryimage","url":"https:\/\/najnaj.eu\/wp-content\/uploads\/2021\/04\/ergobaby-carrier-omni-classic-mesh-onyx-black-combo.jpg","contentUrl":"https:\/\/najnaj.eu\/wp-content\/uploads\/2021\/04\/ergobaby-carrier-omni-classic-mesh-onyx-black-combo.jpg","width":1500,"height":1494},{"@type":"BreadcrumbList","@id":"https:\/\/najnaj.eu\/sl\/izdelek\/ergobaby-cool-air-omni-360-nosiljka-onyx-crna\/#breadcrumb","itemListElement":[{"@type":"ListItem","position":1,"name":"Po\u010detna stranica","item":"https:\/\/najnaj.eu\/sl\/prednja-stran\/"},{"@type":"ListItem","position":2,"name":"Shop","item":"https:\/\/najnaj.eu\/sl\/shop\/"},{"@type":"ListItem","position":3,"name":"Ergobaby Omni Classic mre\u017easta nosilka, \u010drna oniks"}]},{"@type":"WebSite","@id":"https:\/\/najnaj.eu\/sl\/#website","url":"https:\/\/najnaj.eu\/sl\/","name":"NajNaj.eu","description":"Za najva\u017enije!","publisher":{"@id":"https:\/\/najnaj.eu\/sl\/#organization"},"potentialAction":[{"@type":"SearchAction","target":{"@type":"EntryPoint","urlTemplate":"https:\/\/najnaj.eu\/sl\/?s={search_term_string}"},"query-input":{"@type":"PropertyValueSpecification","valueRequired":true,"valueName":"search_term_string"}}],"inLanguage":"sl-SI"},{"@type":"Organization","@id":"https:\/\/najnaj.eu\/sl\/#organization","name":"NajNaj.eu","url":"https:\/\/najnaj.eu\/sl\/","logo":{"@type":"ImageObject","inLanguage":"sl-SI","@id":"https:\/\/najnaj.eu\/sl\/#\/schema\/logo\/image\/","url":"https:\/\/najnaj.eu\/wp-content\/uploads\/2023\/09\/logo_Najnaj_2023.svg","contentUrl":"https:\/\/najnaj.eu\/wp-content\/uploads\/2023\/09\/logo_Najnaj_2023.svg","width":501,"height":278,"caption":"NajNaj.eu"},"image":{"@id":"https:\/\/najnaj.eu\/sl\/#\/schema\/logo\/image\/"},"sameAs":["https:\/\/web.facebook.com\/najnaj.eu\/","https:\/\/www.instagram.com\/najnaj.eu\/","https:\/\/www.tiktok.com\/@najnaj.eu"]}]},"product_brand":"Ergobaby","product_price_amount":"179.90","product_price_currency":"EUR","og_availability":"out of stock","product_availability":"out of stock","product_retailer_item_id":"BCS360PONYX","product_condition":"new"},"_links":{"self":[{"href":"https:\/\/najnaj.eu\/sl\/wp-json\/wp\/v2\/product\/191886","targetHints":{"allow":["GET"]}}],"collection":[{"href":"https:\/\/najnaj.eu\/sl\/wp-json\/wp\/v2\/product"}],"about":[{"href":"https:\/\/najnaj.eu\/sl\/wp-json\/wp\/v2\/types\/product"}],"replies":[{"embeddable":true,"href":"https:\/\/najnaj.eu\/sl\/wp-json\/wp\/v2\/comments?post=191886"}],"version-history":[{"count":0,"href":"https:\/\/najnaj.eu\/sl\/wp-json\/wp\/v2\/product\/191886\/revisions"}],"wp:featuredmedia":[{"embeddable":true,"href":"https:\/\/najnaj.eu\/sl\/wp-json\/wp\/v2\/media\/276918"}],"wp:attachment":[{"href":"https:\/\/najnaj.eu\/sl\/wp-json\/wp\/v2\/media?parent=191886"}],"wp:term":[{"taxonomy":"product_brand","embeddable":true,"href":"https:\/\/najnaj.eu\/sl\/wp-json\/wp\/v2\/product_brand?post=191886"},{"taxonomy":"product_cat","embeddable":true,"href":"https:\/\/najnaj.eu\/sl\/wp-json\/wp\/v2\/product_cat?post=191886"},{"taxonomy":"product_tag","embeddable":true,"href":"https:\/\/najnaj.eu\/sl\/wp-json\/wp\/v2\/product_tag?post=191886"}],"curies":[{"name":"wp","href":"https:\/\/api.w.org\/{rel}","templated":true}]}}